{"id":2,"date":"2016-02-02T13:02:41","date_gmt":"2016-02-02T12:02:41","guid":{"rendered":"http:\/\/www.neotec.cz\/zundnew\/?page_id=2"},"modified":"2025-01-07T09:26:09","modified_gmt":"2025-01-07T08:26:09","slug":"zkusebni-stranka-2","status":"publish","type":"page","link":"https:\/\/www.neotec.cz\/schmetz\/","title":{"rendered":"\u00davod"},"content":{"rendered":"<div id=\"pl-2\"  class=\"panel-layout\" ><div id=\"pg-2-0\"  class=\"panel-grid panel-no-style\" ><div id=\"pgc-2-0-0\"  class=\"panel-grid-cell\" ><div id=\"panel-2-0-0-0\" class=\"so-panel widget widget_sow-editor panel-first-child panel-last-child\" data-index=\"0\" ><div\n\t\t\t\n\t\t\tclass=\"so-widget-sow-editor so-widget-sow-editor-base\"\n\t\t\t\n\t\t>\n<div class=\"siteorigin-widget-tinymce textwidget\">\n\t<p>N\u011bmeck\u00e9 jehly Schmetz jsou pova\u017eov\u00e1ny za nejkvalitn\u011bj\u0161\u00ed jehly pro pr\u016fmyslov\u00e9 a dom\u00e1c\u00ed \u0161ic\u00ed stroje. \u0160irok\u00e1 nab\u00eddka zahrnuje sortiment pro ka\u017ed\u00e9 odv\u011btv\u00ed \u0161ic\u00edho a textiln\u00edho pr\u016fmyslu a pro hobby sektor.<\/p>\n<\/div>\n<\/div><\/div><\/div><\/div><div id=\"pg-2-1\"  class=\"panel-grid panel-no-style\" ><div id=\"pgc-2-1-0\"  class=\"panel-grid-cell\" ><div id=\"panel-2-1-0-0\" class=\"so-panel widget widget_sow-editor panel-first-child panel-last-child\" data-index=\"1\" ><div\n\t\t\t\n\t\t\tclass=\"so-widget-sow-editor so-widget-sow-editor-base\"\n\t\t\t\n\t\t>\n<div class=\"siteorigin-widget-tinymce textwidget\">\n\t<h4 style=\"text-align: center;\"><a href=\"https:\/\/www.neotec.cz\/schmetz\/jehly-prumyslove\/\"><img loading=\"lazy\" decoding=\"async\" class=\"alignnone wp-image-2817 size-full aligncenter\" src=\"https:\/\/www.neotec.cz\/schmetz\/wp-content\/uploads\/2025\/01\/ic-prumysl-stroje.jpg\" alt=\"\" width=\"600\" height=\"393\" srcset=\"https:\/\/www.neotec.cz\/schmetz\/wp-content\/uploads\/2025\/01\/ic-prumysl-stroje.jpg 600w, https:\/\/www.neotec.cz\/schmetz\/wp-content\/uploads\/2025\/01\/ic-prumysl-stroje-300x197.jpg 300w\" sizes=\"auto, (max-width: 600px) 100vw, 600px\" \/><\/a><a href=\"https:\/\/www.neotec.cz\/schmetz\/jehly-prumyslove\/\">Jehly pro pr\u016fmyslov\u00e9 \u0161ic\u00ed stroje<\/a><\/h4>\n<\/div>\n<\/div><\/div><\/div><div id=\"pgc-2-1-1\"  class=\"panel-grid-cell\" ><div id=\"panel-2-1-1-0\" class=\"so-panel widget widget_sow-editor panel-first-child panel-last-child\" data-index=\"2\" ><div\n\t\t\t\n\t\t\tclass=\"so-widget-sow-editor so-widget-sow-editor-base\"\n\t\t\t\n\t\t>\n<div class=\"siteorigin-widget-tinymce textwidget\">\n\t<h4 style=\"text-align: center;\"><img loading=\"lazy\" decoding=\"async\" class=\"wp-image-2816 size-full aligncenter\" src=\"https:\/\/www.neotec.cz\/schmetz\/wp-content\/uploads\/2025\/01\/ic-doma-stroje.jpg\" alt=\"\" width=\"600\" height=\"393\" srcset=\"https:\/\/www.neotec.cz\/schmetz\/wp-content\/uploads\/2025\/01\/ic-doma-stroje.jpg 600w, https:\/\/www.neotec.cz\/schmetz\/wp-content\/uploads\/2025\/01\/ic-doma-stroje-300x197.jpg 300w\" sizes=\"auto, (max-width: 600px) 100vw, 600px\" \/>Jehly pro dom\u00e1c\u00ed \u0161ic\u00ed stroje<\/h4>\n<\/div>\n<\/div><\/div><\/div><\/div><div id=\"pg-2-2\"  class=\"panel-grid panel-no-style\" ><div id=\"pgc-2-2-0\"  class=\"panel-grid-cell\" ><div id=\"panel-2-2-0-0\" class=\"so-panel widget widget_sow-editor panel-first-child panel-last-child\" data-index=\"3\" ><div\n\t\t\t\n\t\t\tclass=\"so-widget-sow-editor so-widget-sow-editor-base\"\n\t\t\t\n\t\t>\n<div class=\"siteorigin-widget-tinymce textwidget\">\n\t<hr \/>\n<p>Omlouv\u00e1me se, str\u00e1nky se p\u0159ipravuj\u00ed, prozat\u00edm m\u016f\u017eete nav\u0161t\u00edvit <a href=\"https:\/\/www.schmetz.com\/\" target=\"_blank\" rel=\"noopener noreferrer\">web v\u00fdrobce<\/a> nebo n\u00e1s nev\u00e1hejte <a href=\"http:\/\/www.neotec.cz\/schmetz\/kontakty\/\">kontaktovat<\/a>.<\/p>\n<h6><\/h6>\n<\/div>\n<\/div><\/div><\/div><\/div><\/div>","protected":false},"excerpt":{"rendered":"<p>N\u011bmeck\u00e9 jehly Schmetz jsou pova\u017eov\u00e1ny za nejkvalitn\u011bj\u0161\u00ed jehly pro pr\u016fmyslov\u00e9 a dom\u00e1c\u00ed \u0161ic\u00ed stroje. \u0160irok\u00e1 nab\u00eddka zahrnuje sortiment pro ka\u017ed\u00e9 odv\u011btv\u00ed \u0161ic\u00edho a textiln\u00edho pr\u016fmyslu a pro hobby sektor. Jehly pro pr\u016fmyslov\u00e9 \u0161ic\u00ed stroje Jehly pro dom\u00e1c\u00ed \u0161ic\u00ed stroje<\/p>\n","protected":false},"author":1,"featured_media":0,"parent":0,"menu_order":0,"comment_status":"closed","ping_status":"closed","template":"templates\/template-full-notitle.php","meta":{"footnotes":""},"class_list":["post-2","page","type-page","status-publish","hentry","post"],"yoast_head":"<!-- This site is optimized with the Yoast SEO plugin v24.4 - https:\/\/yoast.com\/wordpress\/plugins\/seo\/ -->\n<title>\u00davod - NEOTEC, spol. s r.o. - jehly firmy Schmetz<\/title>\n<meta name=\"description\" content=\"NEOTEC - jehly pro \u0161ic\u00ed stroje Schmetz\" \/>\n<meta name=\"robots\" content=\"index, follow, max-snippet:-1, max-image-preview:large, max-video-preview:-1\" \/>\n<link rel=\"canonical\" href=\"https:\/\/www.neotec.cz\/schmetz\/\" \/>\n<meta property=\"og:locale\" content=\"cs_CZ\" \/>\n<meta property=\"og:type\" content=\"article\" \/>\n<meta property=\"og:title\" content=\"\u00davod - NEOTEC, spol. s r.o. - jehly firmy Schmetz\" \/>\n<meta property=\"og:description\" content=\"NEOTEC - jehly pro \u0161ic\u00ed stroje Schmetz\" \/>\n<meta property=\"og:url\" content=\"https:\/\/www.neotec.cz\/schmetz\/\" \/>\n<meta property=\"og:site_name\" content=\"NEOTEC, spol. s r.o. - jehly firmy Schmetz\" \/>\n<meta property=\"article:modified_time\" content=\"2025-01-07T08:26:09+00:00\" \/>\n<meta property=\"og:image\" content=\"https:\/\/www.neotec.cz\/schmetz\/wp-content\/uploads\/2025\/01\/ic-prumysl-stroje.jpg\" \/>\n<meta name=\"twitter:card\" content=\"summary_large_image\" \/>\n<meta name=\"twitter:label1\" content=\"Odhadovan\u00e1 doba \u010dten\u00ed\" \/>\n\t<meta name=\"twitter:data1\" content=\"1 minuta\" \/>\n<script type=\"application\/ld+json\" class=\"yoast-schema-graph\">{\"@context\":\"https:\/\/schema.org\",\"@graph\":[{\"@type\":\"WebPage\",\"@id\":\"https:\/\/www.neotec.cz\/schmetz\/\",\"url\":\"https:\/\/www.neotec.cz\/schmetz\/\",\"name\":\"\u00davod - NEOTEC, spol. s r.o. - jehly firmy Schmetz\",\"isPartOf\":{\"@id\":\"https:\/\/www.neotec.cz\/schmetz\/#website\"},\"primaryImageOfPage\":{\"@id\":\"https:\/\/www.neotec.cz\/schmetz\/#primaryimage\"},\"image\":{\"@id\":\"https:\/\/www.neotec.cz\/schmetz\/#primaryimage\"},\"thumbnailUrl\":\"https:\/\/www.neotec.cz\/schmetz\/wp-content\/uploads\/2025\/01\/ic-prumysl-stroje.jpg\",\"datePublished\":\"2016-02-02T12:02:41+00:00\",\"dateModified\":\"2025-01-07T08:26:09+00:00\",\"description\":\"NEOTEC - jehly pro \u0161ic\u00ed stroje Schmetz\",\"breadcrumb\":{\"@id\":\"https:\/\/www.neotec.cz\/schmetz\/#breadcrumb\"},\"inLanguage\":\"cs\",\"potentialAction\":[{\"@type\":\"ReadAction\",\"target\":[\"https:\/\/www.neotec.cz\/schmetz\/\"]}]},{\"@type\":\"ImageObject\",\"inLanguage\":\"cs\",\"@id\":\"https:\/\/www.neotec.cz\/schmetz\/#primaryimage\",\"url\":\"https:\/\/www.neotec.cz\/schmetz\/wp-content\/uploads\/2025\/01\/ic-prumysl-stroje.jpg\",\"contentUrl\":\"https:\/\/www.neotec.cz\/schmetz\/wp-content\/uploads\/2025\/01\/ic-prumysl-stroje.jpg\",\"width\":600,\"height\":393},{\"@type\":\"BreadcrumbList\",\"@id\":\"https:\/\/www.neotec.cz\/schmetz\/#breadcrumb\",\"itemListElement\":[{\"@type\":\"ListItem\",\"position\":1,\"name\":\"Dom\u016f\",\"item\":\"https:\/\/www.neotec.cz\/schmetz\/\"},{\"@type\":\"ListItem\",\"position\":2,\"name\":\"\u00davod\"}]},{\"@type\":\"WebSite\",\"@id\":\"https:\/\/www.neotec.cz\/schmetz\/#website\",\"url\":\"https:\/\/www.neotec.cz\/schmetz\/\",\"name\":\"NEOTEC, spol. s r.o. - jehly firmy Schmetz\",\"description\":\"NEOTEC - jehly firmy Schmetz\",\"potentialAction\":[{\"@type\":\"SearchAction\",\"target\":{\"@type\":\"EntryPoint\",\"urlTemplate\":\"https:\/\/www.neotec.cz\/schmetz\/?s={search_term_string}\"},\"query-input\":{\"@type\":\"PropertyValueSpecification\",\"valueRequired\":true,\"valueName\":\"search_term_string\"}}],\"inLanguage\":\"cs\"}]}<\/script>\n<!-- \/ Yoast SEO plugin. -->","yoast_head_json":{"title":"\u00davod - NEOTEC, spol. s r.o. - jehly firmy Schmetz","description":"NEOTEC - jehly pro \u0161ic\u00ed stroje Schmetz","robots":{"index":"index","follow":"follow","max-snippet":"max-snippet:-1","max-image-preview":"max-image-preview:large","max-video-preview":"max-video-preview:-1"},"canonical":"https:\/\/www.neotec.cz\/schmetz\/","og_locale":"cs_CZ","og_type":"article","og_title":"\u00davod - NEOTEC, spol. s r.o. - jehly firmy Schmetz","og_description":"NEOTEC - jehly pro \u0161ic\u00ed stroje Schmetz","og_url":"https:\/\/www.neotec.cz\/schmetz\/","og_site_name":"NEOTEC, spol. s r.o. - jehly firmy Schmetz","article_modified_time":"2025-01-07T08:26:09+00:00","og_image":[{"url":"https:\/\/www.neotec.cz\/schmetz\/wp-content\/uploads\/2025\/01\/ic-prumysl-stroje.jpg","type":"","width":"","height":""}],"twitter_card":"summary_large_image","twitter_misc":{"Odhadovan\u00e1 doba \u010dten\u00ed":"1 minuta"},"schema":{"@context":"https:\/\/schema.org","@graph":[{"@type":"WebPage","@id":"https:\/\/www.neotec.cz\/schmetz\/","url":"https:\/\/www.neotec.cz\/schmetz\/","name":"\u00davod - NEOTEC, spol. s r.o. - jehly firmy Schmetz","isPartOf":{"@id":"https:\/\/www.neotec.cz\/schmetz\/#website"},"primaryImageOfPage":{"@id":"https:\/\/www.neotec.cz\/schmetz\/#primaryimage"},"image":{"@id":"https:\/\/www.neotec.cz\/schmetz\/#primaryimage"},"thumbnailUrl":"https:\/\/www.neotec.cz\/schmetz\/wp-content\/uploads\/2025\/01\/ic-prumysl-stroje.jpg","datePublished":"2016-02-02T12:02:41+00:00","dateModified":"2025-01-07T08:26:09+00:00","description":"NEOTEC - jehly pro \u0161ic\u00ed stroje Schmetz","breadcrumb":{"@id":"https:\/\/www.neotec.cz\/schmetz\/#breadcrumb"},"inLanguage":"cs","potentialAction":[{"@type":"ReadAction","target":["https:\/\/www.neotec.cz\/schmetz\/"]}]},{"@type":"ImageObject","inLanguage":"cs","@id":"https:\/\/www.neotec.cz\/schmetz\/#primaryimage","url":"https:\/\/www.neotec.cz\/schmetz\/wp-content\/uploads\/2025\/01\/ic-prumysl-stroje.jpg","contentUrl":"https:\/\/www.neotec.cz\/schmetz\/wp-content\/uploads\/2025\/01\/ic-prumysl-stroje.jpg","width":600,"height":393},{"@type":"BreadcrumbList","@id":"https:\/\/www.neotec.cz\/schmetz\/#breadcrumb","itemListElement":[{"@type":"ListItem","position":1,"name":"Dom\u016f","item":"https:\/\/www.neotec.cz\/schmetz\/"},{"@type":"ListItem","position":2,"name":"\u00davod"}]},{"@type":"WebSite","@id":"https:\/\/www.neotec.cz\/schmetz\/#website","url":"https:\/\/www.neotec.cz\/schmetz\/","name":"NEOTEC, spol. s r.o. - jehly firmy Schmetz","description":"NEOTEC - jehly firmy Schmetz","potentialAction":[{"@type":"SearchAction","target":{"@type":"EntryPoint","urlTemplate":"https:\/\/www.neotec.cz\/schmetz\/?s={search_term_string}"},"query-input":{"@type":"PropertyValueSpecification","valueRequired":true,"valueName":"search_term_string"}}],"inLanguage":"cs"}]}},"_links":{"self":[{"href":"https:\/\/www.neotec.cz\/schmetz\/wp-json\/wp\/v2\/pages\/2","targetHints":{"allow":["GET"]}}],"collection":[{"href":"https:\/\/www.neotec.cz\/schmetz\/wp-json\/wp\/v2\/pages"}],"about":[{"href":"https:\/\/www.neotec.cz\/schmetz\/wp-json\/wp\/v2\/types\/page"}],"author":[{"embeddable":true,"href":"https:\/\/www.neotec.cz\/schmetz\/wp-json\/wp\/v2\/users\/1"}],"replies":[{"embeddable":true,"href":"https:\/\/www.neotec.cz\/schmetz\/wp-json\/wp\/v2\/comments?post=2"}],"version-history":[{"count":178,"href":"https:\/\/www.neotec.cz\/schmetz\/wp-json\/wp\/v2\/pages\/2\/revisions"}],"predecessor-version":[{"id":2900,"href":"https:\/\/www.neotec.cz\/schmetz\/wp-json\/wp\/v2\/pages\/2\/revisions\/2900"}],"wp:attachment":[{"href":"https:\/\/www.neotec.cz\/schmetz\/wp-json\/wp\/v2\/media?parent=2"}],"curies":[{"name":"wp","href":"https:\/\/api.w.org\/{rel}","templated":true}]}}