{"id":2769,"date":"2024-08-22T10:21:08","date_gmt":"2024-08-22T09:21:08","guid":{"rendered":"https:\/\/www.neotec.cz\/gutermann\/?page_id=2769"},"modified":"2025-01-06T11:00:18","modified_gmt":"2025-01-06T10:00:18","slug":"spice-r","status":"publish","type":"page","link":"https:\/\/www.neotec.cz\/schmetz\/spice-r\/","title":{"rendered":"\u0160PICE R"},"content":{"rendered":"<div id=\"pl-2769\"  class=\"panel-layout\" ><div id=\"pg-2769-0\"  class=\"panel-grid panel-no-style\" ><div id=\"pgc-2769-0-0\"  class=\"panel-grid-cell\" ><div id=\"panel-2769-0-0-0\" class=\"so-panel widget widget_sow-image panel-first-child panel-last-child\" data-index=\"0\" ><div\n\t\t\t\n\t\t\tclass=\"so-widget-sow-image so-widget-sow-image-default-3a2476c0e107-2769\"\n\t\t\t\n\t\t>\n<div class=\"sow-image-container\">\n\t\t<img loading=\"lazy\" decoding=\"async\" src=\"https:\/\/www.neotec.cz\/schmetz\/wp-content\/uploads\/2025\/01\/spiceR.jpg\" width=\"1200\" height=\"1200\" srcset=\"https:\/\/www.neotec.cz\/schmetz\/wp-content\/uploads\/2025\/01\/spiceR.jpg 1200w, https:\/\/www.neotec.cz\/schmetz\/wp-content\/uploads\/2025\/01\/spiceR-300x300.jpg 300w, https:\/\/www.neotec.cz\/schmetz\/wp-content\/uploads\/2025\/01\/spiceR-1024x1024.jpg 1024w, https:\/\/www.neotec.cz\/schmetz\/wp-content\/uploads\/2025\/01\/spiceR-150x150.jpg 150w\" sizes=\"auto, (max-width: 1200px) 100vw, 1200px\" alt=\"\" \t\tclass=\"so-widget-image\"\/>\n\t<\/div>\n\n<\/div><\/div><\/div><div id=\"pgc-2769-0-1\"  class=\"panel-grid-cell\" ><div id=\"panel-2769-0-1-0\" class=\"so-panel widget widget_sow-editor panel-first-child panel-last-child\" data-index=\"1\" ><div\n\t\t\t\n\t\t\tclass=\"so-widget-sow-editor so-widget-sow-editor-base\"\n\t\t\t\n\t\t><h3 class=\"widget-title\">\u0160pice R<\/h3>\n<div class=\"siteorigin-widget-tinymce textwidget\">\n\t<p>\u2013 standartn\u011b zaoblen\u00fd tvar \u0161pice<\/p>\n<ul>\n<li>b\u011b\u017en\u00e9 tkaniny \u2013 od\u011bvn\u00ed pr\u016fmysl<\/li>\n<li>jemn\u011b tkan\u00fd materi\u00e1l<\/li>\n<li>tenk\u00e9 potahov\u00e9 materi\u00e1ly<\/li>\n<li>kombinace textil\/k\u016f\u017ee, tenk\u00fd plast, lepenka<\/li>\n<\/ul>\n<\/div>\n<\/div><\/div><\/div><div id=\"pgc-2769-0-2\"  class=\"panel-grid-cell\" ><div id=\"panel-2769-0-2-0\" class=\"so-panel widget widget_sow-image panel-first-child panel-last-child\" data-index=\"2\" ><div\n\t\t\t\n\t\t\tclass=\"so-widget-sow-image so-widget-sow-image-default-3a2476c0e107-2769\"\n\t\t\t\n\t\t>\n<div class=\"sow-image-container\">\n\t\t<img loading=\"lazy\" decoding=\"async\" src=\"https:\/\/www.neotec.cz\/schmetz\/wp-content\/uploads\/2025\/01\/spiceR-A.jpg\" width=\"1200\" height=\"1200\" srcset=\"https:\/\/www.neotec.cz\/schmetz\/wp-content\/uploads\/2025\/01\/spiceR-A.jpg 1200w, https:\/\/www.neotec.cz\/schmetz\/wp-content\/uploads\/2025\/01\/spiceR-A-300x300.jpg 300w, https:\/\/www.neotec.cz\/schmetz\/wp-content\/uploads\/2025\/01\/spiceR-A-1024x1024.jpg 1024w, https:\/\/www.neotec.cz\/schmetz\/wp-content\/uploads\/2025\/01\/spiceR-A-150x150.jpg 150w\" sizes=\"auto, (max-width: 1200px) 100vw, 1200px\" alt=\"\" \t\tclass=\"so-widget-image\"\/>\n\t<\/div>\n\n<\/div><\/div><\/div><\/div><div id=\"pg-2769-1\"  class=\"panel-grid panel-no-style\" ><div id=\"pgc-2769-1-0\"  class=\"panel-grid-cell\" ><div id=\"panel-2769-1-0-0\" class=\"so-panel widget widget_sow-editor panel-first-child panel-last-child\" data-index=\"3\" ><div\n\t\t\t\n\t\t\tclass=\"so-widget-sow-editor so-widget-sow-editor-base\"\n\t\t\t\n\t\t>\n<div class=\"siteorigin-widget-tinymce textwidget\">\n\t<p>Nab\u00edz\u00edme mnoho jeheln\u00edch syst\u00e9m\u016f. Pro konkr\u00e9tn\u00ed nab\u00eddku \u010di v\u00edce informac\u00ed n\u00e1s nev\u00e1hejte <a href=\"https:\/\/www.neotec.cz\/schmetz\/kontakty\/\">kontaktovat<\/a>.<\/p>\n<\/div>\n<\/div><\/div><\/div><\/div><\/div>","protected":false},"excerpt":{"rendered":"<p>\u2013 standartn\u011b zaoblen\u00fd tvar \u0161pice b\u011b\u017en\u00e9 tkaniny \u2013 od\u011bvn\u00ed pr\u016fmysl jemn\u011b tkan\u00fd materi\u00e1l tenk\u00e9 potahov\u00e9 materi\u00e1ly kombinace textil\/k\u016f\u017ee, tenk\u00fd plast, lepenka Nab\u00edz\u00edme mnoho jeheln\u00edch syst\u00e9m\u016f. Pro konkr\u00e9tn\u00ed nab\u00eddku \u010di v\u00edce informac\u00ed n\u00e1s nev\u00e1hejte kontaktovat.<\/p>\n","protected":false},"author":1,"featured_media":0,"parent":0,"menu_order":0,"comment_status":"closed","ping_status":"closed","template":"templates\/template-full-notitle.php","meta":{"footnotes":""},"class_list":["post-2769","page","type-page","status-publish","hentry","post"],"yoast_head":"<!-- This site is optimized with the Yoast SEO plugin v24.4 - https:\/\/yoast.com\/wordpress\/plugins\/seo\/ -->\n<title>\u0160PICE R - NEOTEC, spol. s r.o. - jehly firmy Schmetz<\/title>\n<meta name=\"description\" content=\"NEOTEC - \u0161ic\u00ed jehly - Schmetz - \u0161pice R\" \/>\n<meta name=\"robots\" content=\"index, follow, max-snippet:-1, max-image-preview:large, max-video-preview:-1\" \/>\n<link rel=\"canonical\" href=\"https:\/\/www.neotec.cz\/schmetz\/spice-r\/\" \/>\n<meta property=\"og:locale\" content=\"cs_CZ\" \/>\n<meta property=\"og:type\" content=\"article\" \/>\n<meta property=\"og:title\" content=\"\u0160PICE R - NEOTEC, spol. s r.o. - jehly firmy Schmetz\" \/>\n<meta property=\"og:description\" content=\"NEOTEC - \u0161ic\u00ed jehly - Schmetz - \u0161pice R\" \/>\n<meta property=\"og:url\" content=\"https:\/\/www.neotec.cz\/schmetz\/spice-r\/\" \/>\n<meta property=\"og:site_name\" content=\"NEOTEC, spol. s r.o. - jehly firmy Schmetz\" \/>\n<meta property=\"article:modified_time\" content=\"2025-01-06T10:00:18+00:00\" \/>\n<meta name=\"twitter:card\" content=\"summary_large_image\" \/>\n<meta name=\"twitter:label1\" content=\"Odhadovan\u00e1 doba \u010dten\u00ed\" \/>\n\t<meta name=\"twitter:data1\" content=\"1 minuta\" \/>\n<script type=\"application\/ld+json\" class=\"yoast-schema-graph\">{\"@context\":\"https:\/\/schema.org\",\"@graph\":[{\"@type\":\"WebPage\",\"@id\":\"https:\/\/www.neotec.cz\/schmetz\/spice-r\/\",\"url\":\"https:\/\/www.neotec.cz\/schmetz\/spice-r\/\",\"name\":\"\u0160PICE R - NEOTEC, spol. s r.o. - jehly firmy Schmetz\",\"isPartOf\":{\"@id\":\"https:\/\/www.neotec.cz\/schmetz\/#website\"},\"datePublished\":\"2024-08-22T09:21:08+00:00\",\"dateModified\":\"2025-01-06T10:00:18+00:00\",\"description\":\"NEOTEC - \u0161ic\u00ed jehly - Schmetz - \u0161pice R\",\"breadcrumb\":{\"@id\":\"https:\/\/www.neotec.cz\/schmetz\/spice-r\/#breadcrumb\"},\"inLanguage\":\"cs\",\"potentialAction\":[{\"@type\":\"ReadAction\",\"target\":[\"https:\/\/www.neotec.cz\/schmetz\/spice-r\/\"]}]},{\"@type\":\"BreadcrumbList\",\"@id\":\"https:\/\/www.neotec.cz\/schmetz\/spice-r\/#breadcrumb\",\"itemListElement\":[{\"@type\":\"ListItem\",\"position\":1,\"name\":\"Dom\u016f\",\"item\":\"https:\/\/www.neotec.cz\/schmetz\/\"},{\"@type\":\"ListItem\",\"position\":2,\"name\":\"\u0160PICE R\"}]},{\"@type\":\"WebSite\",\"@id\":\"https:\/\/www.neotec.cz\/schmetz\/#website\",\"url\":\"https:\/\/www.neotec.cz\/schmetz\/\",\"name\":\"NEOTEC, spol. s r.o. - jehly firmy Schmetz\",\"description\":\"NEOTEC - jehly firmy Schmetz\",\"potentialAction\":[{\"@type\":\"SearchAction\",\"target\":{\"@type\":\"EntryPoint\",\"urlTemplate\":\"https:\/\/www.neotec.cz\/schmetz\/?s={search_term_string}\"},\"query-input\":{\"@type\":\"PropertyValueSpecification\",\"valueRequired\":true,\"valueName\":\"search_term_string\"}}],\"inLanguage\":\"cs\"}]}<\/script>\n<!-- \/ Yoast SEO plugin. -->","yoast_head_json":{"title":"\u0160PICE R - NEOTEC, spol. s r.o. - jehly firmy Schmetz","description":"NEOTEC - \u0161ic\u00ed jehly - Schmetz - \u0161pice R","robots":{"index":"index","follow":"follow","max-snippet":"max-snippet:-1","max-image-preview":"max-image-preview:large","max-video-preview":"max-video-preview:-1"},"canonical":"https:\/\/www.neotec.cz\/schmetz\/spice-r\/","og_locale":"cs_CZ","og_type":"article","og_title":"\u0160PICE R - NEOTEC, spol. s r.o. - jehly firmy Schmetz","og_description":"NEOTEC - \u0161ic\u00ed jehly - Schmetz - \u0161pice R","og_url":"https:\/\/www.neotec.cz\/schmetz\/spice-r\/","og_site_name":"NEOTEC, spol. s r.o. - jehly firmy Schmetz","article_modified_time":"2025-01-06T10:00:18+00:00","twitter_card":"summary_large_image","twitter_misc":{"Odhadovan\u00e1 doba \u010dten\u00ed":"1 minuta"},"schema":{"@context":"https:\/\/schema.org","@graph":[{"@type":"WebPage","@id":"https:\/\/www.neotec.cz\/schmetz\/spice-r\/","url":"https:\/\/www.neotec.cz\/schmetz\/spice-r\/","name":"\u0160PICE R - NEOTEC, spol. s r.o. - jehly firmy Schmetz","isPartOf":{"@id":"https:\/\/www.neotec.cz\/schmetz\/#website"},"datePublished":"2024-08-22T09:21:08+00:00","dateModified":"2025-01-06T10:00:18+00:00","description":"NEOTEC - \u0161ic\u00ed jehly - Schmetz - \u0161pice R","breadcrumb":{"@id":"https:\/\/www.neotec.cz\/schmetz\/spice-r\/#breadcrumb"},"inLanguage":"cs","potentialAction":[{"@type":"ReadAction","target":["https:\/\/www.neotec.cz\/schmetz\/spice-r\/"]}]},{"@type":"BreadcrumbList","@id":"https:\/\/www.neotec.cz\/schmetz\/spice-r\/#breadcrumb","itemListElement":[{"@type":"ListItem","position":1,"name":"Dom\u016f","item":"https:\/\/www.neotec.cz\/schmetz\/"},{"@type":"ListItem","position":2,"name":"\u0160PICE R"}]},{"@type":"WebSite","@id":"https:\/\/www.neotec.cz\/schmetz\/#website","url":"https:\/\/www.neotec.cz\/schmetz\/","name":"NEOTEC, spol. s r.o. - jehly firmy Schmetz","description":"NEOTEC - jehly firmy Schmetz","potentialAction":[{"@type":"SearchAction","target":{"@type":"EntryPoint","urlTemplate":"https:\/\/www.neotec.cz\/schmetz\/?s={search_term_string}"},"query-input":{"@type":"PropertyValueSpecification","valueRequired":true,"valueName":"search_term_string"}}],"inLanguage":"cs"}]}},"_links":{"self":[{"href":"https:\/\/www.neotec.cz\/schmetz\/wp-json\/wp\/v2\/pages\/2769","targetHints":{"allow":["GET"]}}],"collection":[{"href":"https:\/\/www.neotec.cz\/schmetz\/wp-json\/wp\/v2\/pages"}],"about":[{"href":"https:\/\/www.neotec.cz\/schmetz\/wp-json\/wp\/v2\/types\/page"}],"author":[{"embeddable":true,"href":"https:\/\/www.neotec.cz\/schmetz\/wp-json\/wp\/v2\/users\/1"}],"replies":[{"embeddable":true,"href":"https:\/\/www.neotec.cz\/schmetz\/wp-json\/wp\/v2\/comments?post=2769"}],"version-history":[{"count":5,"href":"https:\/\/www.neotec.cz\/schmetz\/wp-json\/wp\/v2\/pages\/2769\/revisions"}],"predecessor-version":[{"id":2845,"href":"https:\/\/www.neotec.cz\/schmetz\/wp-json\/wp\/v2\/pages\/2769\/revisions\/2845"}],"wp:attachment":[{"href":"https:\/\/www.neotec.cz\/schmetz\/wp-json\/wp\/v2\/media?parent=2769"}],"curies":[{"name":"wp","href":"https:\/\/api.w.org\/{rel}","templated":true}]}}