{"id":2784,"date":"2024-08-22T11:28:26","date_gmt":"2024-08-22T10:28:26","guid":{"rendered":"https:\/\/www.neotec.cz\/gutermann\/?page_id=2784"},"modified":"2025-01-06T11:44:12","modified_gmt":"2025-01-06T10:44:12","slug":"jehly-prumyslove","status":"publish","type":"page","link":"https:\/\/www.neotec.cz\/schmetz\/jehly-prumyslove\/","title":{"rendered":"Jehly pro pr\u016fmyslov\u00e9 \u0161ic\u00ed stroje"},"content":{"rendered":"<div id=\"pl-2784\"  class=\"panel-layout\" ><div id=\"pg-2784-0\"  class=\"panel-grid panel-no-style\" ><div id=\"pgc-2784-0-0\"  class=\"panel-grid-cell\" ><div id=\"panel-2784-0-0-0\" class=\"so-panel widget widget_sow-editor panel-first-child panel-last-child\" data-index=\"0\" ><div\n\t\t\t\n\t\t\tclass=\"so-widget-sow-editor so-widget-sow-editor-base\"\n\t\t\t\n\t\t><h3 class=\"widget-title\">\u0160PICE PRO TEXTILN\u00cd MATERI\u00c1LY<\/h3>\n<div class=\"siteorigin-widget-tinymce textwidget\">\n\t<h1><\/h1>\n<h6><\/h6>\n<\/div>\n<\/div><\/div><\/div><\/div><div id=\"pg-2784-1\"  class=\"panel-grid panel-no-style\" ><div id=\"pgc-2784-1-0\"  class=\"panel-grid-cell\" ><div id=\"panel-2784-1-0-0\" class=\"so-panel widget widget_circleicon-widget panel-first-child panel-last-child\" data-index=\"1\" >\t\t<div class=\"circle-icon-box circle-icon-position-top circle-icon-hide-box circle-icon-size-large \">\n\t\t\t\t\t\t\t<div class=\"circle-icon-wrapper\">\n\t\t\t\t\t\t\t\t\t\t<a href=\"https:\/\/www.neotec.cz\/schmetz\/spice-r\/\" class=\"link-icon\" >\t\t\t\t\t<div class=\"circle-icon icon-style-set\" style=\"background-image: url(https:\/\/www.neotec.cz\/schmetz\/wp-content\/uploads\/2025\/01\/spiceR.jpg);background-color: #ffffff\">\n\t\t\t\t\t\t\t\t\t\t\t<\/div>\n\t\t\t\t\t<\/a>\t\t\t\t<\/div>\n\t\t\t\n\t\t\t\t\t\t\t<a href=\"https:\/\/www.neotec.cz\/schmetz\/spice-r\/\" class=\"link-title\" >\n\t\t\t\t\t\t\t\t\t\t<h4 >\n\t\t\t\t\t\u0160PICE R\t\t\t\t<\/h4>\n\t\t\t\t\t\t\t\t\t\t<\/a>\n\t\t\t\n\t\t\t\t\t\t\t<p class=\"text\" >standartn\u011b zaoblen\u00fd tvar \u0161pice<\/p>\n\t\t\t\t\t\t\t\t\t\t<a\n\t\t\t\t\thref=\"https:\/\/www.neotec.cz\/schmetz\/spice-r\/\"\n\t\t\t\t\tclass=\"more-button\"\n\t\t\t\t\t\t\t\t\t\t\t\t\t\t>\n\t\t\t\t\tV\u00edce informac\u00ed <i><\/i>\n\t\t\t\t<\/a>\n\t\t\t\t\t<\/div>\n\t\t<\/div><\/div><div id=\"pgc-2784-1-1\"  class=\"panel-grid-cell\" ><div id=\"panel-2784-1-1-0\" class=\"so-panel widget widget_circleicon-widget panel-first-child panel-last-child\" data-index=\"2\" >\t\t<div class=\"circle-icon-box circle-icon-position-top circle-icon-hide-box circle-icon-size-large \">\n\t\t\t\t\t\t\t<div class=\"circle-icon-wrapper\">\n\t\t\t\t\t\t\t\t\t\t<a href=\"https:\/\/www.neotec.cz\/schmetz\/spice-spi\/\" class=\"link-icon\" >\t\t\t\t\t<div class=\"circle-icon icon-style-set\" style=\"background-image: url(https:\/\/www.neotec.cz\/schmetz\/wp-content\/uploads\/2025\/01\/spiceSPI.jpg);background-color: #FFFFFF\">\n\t\t\t\t\t\t\t\t\t\t\t<\/div>\n\t\t\t\t\t<\/a>\t\t\t\t<\/div>\n\t\t\t\n\t\t\t\t\t\t\t<a href=\"https:\/\/www.neotec.cz\/schmetz\/spice-spi\/\" class=\"link-title\" >\n\t\t\t\t\t\t\t\t\t\t<h4 >\n\t\t\t\t\t\u0160PICE SPI\t\t\t\t<\/h4>\n\t\t\t\t\t\t\t\t\t\t<\/a>\n\t\t\t\n\t\t\t\t\t\t\t<p class=\"text\" >velmi tenk\u00fd, ostr\u00fd tvar \u0161pice<\/p>\n\t\t\t\t\t\t\t\t\t\t<a\n\t\t\t\t\thref=\"https:\/\/www.neotec.cz\/schmetz\/spice-spi\/\"\n\t\t\t\t\tclass=\"more-button\"\n\t\t\t\t\t\t\t\t\t\t\t\t\t\t>\n\t\t\t\t\tV\u00edce informac\u00ed <i><\/i>\n\t\t\t\t<\/a>\n\t\t\t\t\t<\/div>\n\t\t<\/div><\/div><div id=\"pgc-2784-1-2\"  class=\"panel-grid-cell\" ><div id=\"panel-2784-1-2-0\" class=\"so-panel widget widget_circleicon-widget panel-first-child panel-last-child\" data-index=\"3\" >\t\t<div class=\"circle-icon-box circle-icon-position-top circle-icon-hide-box circle-icon-size-large \">\n\t\t\t\t\t\t\t<div class=\"circle-icon-wrapper\">\n\t\t\t\t\t\t\t\t\t\t<a href=\"https:\/\/www.neotec.cz\/schmetz\/spice-ses\/\" class=\"link-icon\" >\t\t\t\t\t<div class=\"circle-icon icon-style-set\" style=\"background-image: url(https:\/\/www.neotec.cz\/schmetz\/wp-content\/uploads\/2025\/01\/spiceSES.jpg);background-color: #FFFFFF\">\n\t\t\t\t\t\t\t\t\t\t\t<\/div>\n\t\t\t\t\t<\/a>\t\t\t\t<\/div>\n\t\t\t\n\t\t\t\t\t\t\t<a href=\"https:\/\/www.neotec.cz\/schmetz\/spice-ses\/\" class=\"link-title\" >\n\t\t\t\t\t\t\t\t\t\t<h4 >\n\t\t\t\t\t\u0160PICE SES\t\t\t\t<\/h4>\n\t\t\t\t\t\t\t\t\t\t<\/a>\n\t\t\t\n\t\t\t\t\t\t\t<p class=\"text\" >jemn\u011b zakulacen\u00e1 \u0161pice<\/p>\n\t\t\t\t\t\t\t\t\t\t<a\n\t\t\t\t\thref=\"https:\/\/www.neotec.cz\/schmetz\/spice-ses\/\"\n\t\t\t\t\tclass=\"more-button\"\n\t\t\t\t\t\t\t\t\t\t\t\t\t\t>\n\t\t\t\t\tV\u00edce informac\u00ed <i><\/i>\n\t\t\t\t<\/a>\n\t\t\t\t\t<\/div>\n\t\t<\/div><\/div><div id=\"pgc-2784-1-3\"  class=\"panel-grid-cell\" ><div id=\"panel-2784-1-3-0\" class=\"so-panel widget widget_circleicon-widget panel-first-child panel-last-child\" data-index=\"4\" >\t\t<div class=\"circle-icon-box circle-icon-position-top circle-icon-hide-box circle-icon-size-large \">\n\t\t\t\t\t\t\t<div class=\"circle-icon-wrapper\">\n\t\t\t\t\t\t\t\t\t\t<a href=\"https:\/\/www.neotec.cz\/schmetz\/spice-suk\/\" class=\"link-icon\" >\t\t\t\t\t<div class=\"circle-icon icon-style-set\" style=\"background-image: url(https:\/\/www.neotec.cz\/schmetz\/wp-content\/uploads\/2025\/01\/spiceSUK.jpg);background-color: #FFFFFF\">\n\t\t\t\t\t\t\t\t\t\t\t<\/div>\n\t\t\t\t\t<\/a>\t\t\t\t<\/div>\n\t\t\t\n\t\t\t\t\t\t\t<a href=\"https:\/\/www.neotec.cz\/schmetz\/spice-suk\/\" class=\"link-title\" >\n\t\t\t\t\t\t\t\t\t\t<h4 >\n\t\t\t\t\t\u0160PICE SUK\t\t\t\t<\/h4>\n\t\t\t\t\t\t\t\t\t\t<\/a>\n\t\t\t\n\t\t\t\t\t\t\t<p class=\"text\" >st\u0159edn\u011b zakulacen\u00e1 \u0161pice<\/p>\n\t\t\t\t\t\t\t\t\t\t<a\n\t\t\t\t\thref=\"https:\/\/www.neotec.cz\/schmetz\/spice-suk\/\"\n\t\t\t\t\tclass=\"more-button\"\n\t\t\t\t\t\t\t\t\t\t\t\t\t\t>\n\t\t\t\t\tV\u00edce informac\u00ed <i><\/i>\n\t\t\t\t<\/a>\n\t\t\t\t\t<\/div>\n\t\t<\/div><\/div><div id=\"pgc-2784-1-4\"  class=\"panel-grid-cell\" ><div id=\"panel-2784-1-4-0\" class=\"so-panel widget widget_circleicon-widget panel-first-child panel-last-child\" data-index=\"5\" >\t\t<div class=\"circle-icon-box circle-icon-position-top circle-icon-hide-box circle-icon-size-large \">\n\t\t\t\t\t\t\t<div class=\"circle-icon-wrapper\">\n\t\t\t\t\t\t\t\t\t\t<a href=\"https:\/\/www.neotec.cz\/schmetz\/spice-skl\/\" class=\"link-icon\" >\t\t\t\t\t<div class=\"circle-icon icon-style-set\" style=\"background-image: url(https:\/\/www.neotec.cz\/schmetz\/wp-content\/uploads\/2025\/01\/spiceSKL.jpg);background-color: #FFFFFF\">\n\t\t\t\t\t\t\t\t\t\t\t<\/div>\n\t\t\t\t\t<\/a>\t\t\t\t<\/div>\n\t\t\t\n\t\t\t\t\t\t\t<a href=\"https:\/\/www.neotec.cz\/schmetz\/spice-skl\/\" class=\"link-title\" >\n\t\t\t\t\t\t\t\t\t\t<h4 >\n\t\t\t\t\t\u0160PICE SKL\t\t\t\t<\/h4>\n\t\t\t\t\t\t\t\t\t\t<\/a>\n\t\t\t\n\t\t\t\t\t\t\t<p class=\"text\" >velmi \u0161irok\u00e1 zaoblen\u00e1 \u0161pice<\/p>\n\t\t\t\t\t\t\t\t\t\t<a\n\t\t\t\t\thref=\"https:\/\/www.neotec.cz\/schmetz\/spice-skl\/\"\n\t\t\t\t\tclass=\"more-button\"\n\t\t\t\t\t\t\t\t\t\t\t\t\t\t>\n\t\t\t\t\tV\u00edce informac\u00ed <i><\/i>\n\t\t\t\t<\/a>\n\t\t\t\t\t<\/div>\n\t\t<\/div><\/div><\/div><div id=\"pg-2784-2\"  class=\"panel-grid panel-no-style\" ><div id=\"pgc-2784-2-0\"  class=\"panel-grid-cell\" ><div id=\"panel-2784-2-0-0\" class=\"so-panel widget widget_sow-editor panel-first-child panel-last-child\" data-index=\"6\" ><div\n\t\t\t\n\t\t\tclass=\"so-widget-sow-editor so-widget-sow-editor-base\"\n\t\t\t\n\t\t><h3 class=\"widget-title\">\u0160PICE PRO KO\u017dEN\u00c9 MATERI\u00c1LY<\/h3>\n<div class=\"siteorigin-widget-tinymce textwidget\">\n\t<h1><\/h1>\n<h6><\/h6>\n<\/div>\n<\/div><\/div><\/div><\/div><div id=\"pg-2784-3\"  class=\"panel-grid panel-no-style\" ><div id=\"pgc-2784-3-0\"  class=\"panel-grid-cell\" ><div id=\"panel-2784-3-0-0\" class=\"so-panel widget widget_circleicon-widget panel-first-child panel-last-child\" data-index=\"7\" >\t\t<div class=\"circle-icon-box circle-icon-position-top circle-icon-hide-box circle-icon-size-large \">\n\t\t\t\t\t\t\t<div class=\"circle-icon-wrapper\">\n\t\t\t\t\t\t\t\t\t\t<a href=\"https:\/\/www.neotec.cz\/schmetz\/spice-lr\/\" class=\"link-icon\" >\t\t\t\t\t<div class=\"circle-icon icon-style-set\" style=\"background-image: url(https:\/\/www.neotec.cz\/schmetz\/wp-content\/uploads\/2025\/01\/spiceLR.jpg);background-color: #FFFFFF\">\n\t\t\t\t\t\t\t\t\t\t\t<\/div>\n\t\t\t\t\t<\/a>\t\t\t\t<\/div>\n\t\t\t\n\t\t\t\t\t\t\t<a href=\"https:\/\/www.neotec.cz\/schmetz\/spice-lr\/\" class=\"link-title\" >\n\t\t\t\t\t\t\t\t\t\t<h4 >\n\t\t\t\t\t\u0160PICE LR\t\t\t\t<\/h4>\n\t\t\t\t\t\t\t\t\t\t<\/a>\n\t\t\t\n\t\t\t\t\t\t\t<p class=\"text\" >\u0159ezac\u00ed \u0161pice, \u0161ev naklon\u011bn vpravo<\/p>\n\t\t\t\t\t\t\t\t\t\t<a\n\t\t\t\t\thref=\"https:\/\/www.neotec.cz\/schmetz\/spice-lr\/\"\n\t\t\t\t\tclass=\"more-button\"\n\t\t\t\t\t\t\t\t\t\t\t\t\t\t>\n\t\t\t\t\tV\u00edce informac\u00ed <i><\/i>\n\t\t\t\t<\/a>\n\t\t\t\t\t<\/div>\n\t\t<\/div><\/div><div id=\"pgc-2784-3-1\"  class=\"panel-grid-cell\" ><div id=\"panel-2784-3-1-0\" class=\"so-panel widget widget_circleicon-widget panel-first-child panel-last-child\" data-index=\"8\" >\t\t<div class=\"circle-icon-box circle-icon-position-top circle-icon-hide-box circle-icon-size-large \">\n\t\t\t\t\t\t\t<div class=\"circle-icon-wrapper\">\n\t\t\t\t\t\t\t\t\t\t<a href=\"https:\/\/www.neotec.cz\/schmetz\/spice-s\/\" class=\"link-icon\" >\t\t\t\t\t<div class=\"circle-icon icon-style-set\" style=\"background-image: url(https:\/\/www.neotec.cz\/schmetz\/wp-content\/uploads\/2025\/01\/spiceS.jpg);background-color: #FFFFFF\">\n\t\t\t\t\t\t\t\t\t\t\t<\/div>\n\t\t\t\t\t<\/a>\t\t\t\t<\/div>\n\t\t\t\n\t\t\t\t\t\t\t<a href=\"https:\/\/www.neotec.cz\/schmetz\/spice-s\/\" class=\"link-title\" >\n\t\t\t\t\t\t\t\t\t\t<h4 >\n\t\t\t\t\t\u0160PICE S\t\t\t\t<\/h4>\n\t\t\t\t\t\t\t\t\t\t<\/a>\n\t\t\t\n\t\t\t\t\t\t\t<p class=\"text\" >\u0159ezac\u00ed \u0161pice pro rovn\u00e9 \u0161it\u00ed<\/p>\n\t\t\t\t\t\t\t\t\t\t<a\n\t\t\t\t\thref=\"https:\/\/www.neotec.cz\/schmetz\/spice-s\/\"\n\t\t\t\t\tclass=\"more-button\"\n\t\t\t\t\t\t\t\t\t\t\t\t\t\t>\n\t\t\t\t\tV\u00edce informac\u00ed <i><\/i>\n\t\t\t\t<\/a>\n\t\t\t\t\t<\/div>\n\t\t<\/div><\/div><div id=\"pgc-2784-3-2\"  class=\"panel-grid-cell\" ><div id=\"panel-2784-3-2-0\" class=\"so-panel widget widget_circleicon-widget panel-first-child panel-last-child\" data-index=\"9\" >\t\t<div class=\"circle-icon-box circle-icon-position-top circle-icon-hide-box circle-icon-size-large \">\n\t\t\t\t\t\t\t<div class=\"circle-icon-wrapper\">\n\t\t\t\t\t\t\t\t\t\t<a href=\"https:\/\/www.neotec.cz\/schmetz\/spice-d\/\" class=\"link-icon\" >\t\t\t\t\t<div class=\"circle-icon icon-style-set\" style=\"background-image: url(https:\/\/www.neotec.cz\/schmetz\/wp-content\/uploads\/2025\/01\/spiceD.jpg);background-color: #FFFFFF\">\n\t\t\t\t\t\t\t\t\t\t\t<\/div>\n\t\t\t\t\t<\/a>\t\t\t\t<\/div>\n\t\t\t\n\t\t\t\t\t\t\t<a href=\"https:\/\/www.neotec.cz\/schmetz\/spice-d\/\" class=\"link-title\" >\n\t\t\t\t\t\t\t\t\t\t<h4 >\n\t\t\t\t\t\u0160PICE D\t\t\t\t<\/h4>\n\t\t\t\t\t\t\t\t\t\t<\/a>\n\t\t\t\n\t\t\t\t\t\t\t<p class=\"text\" >\u0159ezac\u00ed \u0161pice troj\u00faheln\u00edkov\u00e9ho tvaru<\/p>\n\t\t\t\t\t\t\t\t\t\t<a\n\t\t\t\t\thref=\"https:\/\/www.neotec.cz\/schmetz\/spice-d\/\"\n\t\t\t\t\tclass=\"more-button\"\n\t\t\t\t\t\t\t\t\t\t\t\t\t\t>\n\t\t\t\t\tV\u00edce informac\u00ed <i><\/i>\n\t\t\t\t<\/a>\n\t\t\t\t\t<\/div>\n\t\t<\/div><\/div><div id=\"pgc-2784-3-3\"  class=\"panel-grid-cell\" ><div id=\"panel-2784-3-3-0\" class=\"so-panel widget widget_circleicon-widget panel-first-child panel-last-child\" data-index=\"10\" >\t\t<div class=\"circle-icon-box circle-icon-position-top circle-icon-hide-box circle-icon-size-large \">\n\t\t\t\t\t\t\t<div class=\"circle-icon-wrapper\">\n\t\t\t\t\t\t\t\t\t\t<a href=\"https:\/\/www.neotec.cz\/schmetz\/spice-dh\/\" class=\"link-icon\" >\t\t\t\t\t<div class=\"circle-icon icon-style-set\" style=\"background-image: url(https:\/\/www.neotec.cz\/schmetz\/wp-content\/uploads\/2025\/01\/spiceDH.jpg);background-color: #FFFFFF\">\n\t\t\t\t\t\t\t\t\t\t\t<\/div>\n\t\t\t\t\t<\/a>\t\t\t\t<\/div>\n\t\t\t\n\t\t\t\t\t\t\t<a href=\"https:\/\/www.neotec.cz\/schmetz\/spice-dh\/\" class=\"link-title\" >\n\t\t\t\t\t\t\t\t\t\t<h4 >\n\t\t\t\t\t\u0160PICE DH\t\t\t\t<\/h4>\n\t\t\t\t\t\t\t\t\t\t<\/a>\n\t\t\t\n\t\t\t\t\t\t\t<p class=\"text\" >\u0159ezac\u00ed \u0161pice st\u0159edn\u011b troj\u00faheln\u00edkovit\u00e9ho tvaru<\/p>\n\t\t\t\t\t\t\t\t\t\t<a\n\t\t\t\t\thref=\"https:\/\/www.neotec.cz\/schmetz\/spice-dh\/\"\n\t\t\t\t\tclass=\"more-button\"\n\t\t\t\t\t\t\t\t\t\t\t\t\t\t>\n\t\t\t\t\tV\u00edce informac\u00ed <i><\/i>\n\t\t\t\t<\/a>\n\t\t\t\t\t<\/div>\n\t\t<\/div><\/div><div id=\"pgc-2784-3-4\"  class=\"panel-grid-cell\" ><div id=\"panel-2784-3-4-0\" class=\"so-panel widget widget_circleicon-widget panel-first-child panel-last-child\" data-index=\"11\" >\t\t<div class=\"circle-icon-box circle-icon-position-top circle-icon-hide-box circle-icon-size-large \">\n\t\t\t\t\t\t\t<div class=\"circle-icon-wrapper\">\n\t\t\t\t\t\t\t\t\t\t<a href=\"https:\/\/www.neotec.cz\/schmetz\/spice-ll\/\" class=\"link-icon\" >\t\t\t\t\t<div class=\"circle-icon icon-style-set\" style=\"background-image: url(https:\/\/www.neotec.cz\/schmetz\/wp-content\/uploads\/2025\/01\/spiceLL.jpg);background-color: #FFFFFF\">\n\t\t\t\t\t\t\t\t\t\t\t<\/div>\n\t\t\t\t\t<\/a>\t\t\t\t<\/div>\n\t\t\t\n\t\t\t\t\t\t\t<a href=\"https:\/\/www.neotec.cz\/schmetz\/spice-ll\/\" class=\"link-title\" >\n\t\t\t\t\t\t\t\t\t\t<h4 >\n\t\t\t\t\t\u0160PICE LL\t\t\t\t<\/h4>\n\t\t\t\t\t\t\t\t\t\t<\/a>\n\t\t\t\n\t\t\t\t\t\t\t<p class=\"text\" >\u0159ezac\u00ed \u0161pice, \u0161ev naklon\u011bn vlevo<\/p>\n\t\t\t\t\t\t\t\t\t\t<a\n\t\t\t\t\thref=\"https:\/\/www.neotec.cz\/schmetz\/spice-ll\/\"\n\t\t\t\t\tclass=\"more-button\"\n\t\t\t\t\t\t\t\t\t\t\t\t\t\t>\n\t\t\t\t\tV\u00edce informac\u00ed <i><\/i>\n\t\t\t\t<\/a>\n\t\t\t\t\t<\/div>\n\t\t<\/div><\/div><\/div><div id=\"pg-2784-4\"  class=\"panel-grid panel-no-style\" ><div id=\"pgc-2784-4-0\"  class=\"panel-grid-cell\" ><div id=\"panel-2784-4-0-0\" class=\"so-panel widget widget_circleicon-widget panel-first-child panel-last-child\" data-index=\"12\" >\t\t<div class=\"circle-icon-box circle-icon-position-top circle-icon-hide-box circle-icon-size-large \">\n\t\t\t\t\t\t\t<div class=\"circle-icon-wrapper\">\n\t\t\t\t\t\t\t\t\t\t<a href=\"https:\/\/www.neotec.cz\/schmetz\/spice-sd1\/\" class=\"link-icon\" >\t\t\t\t\t<div class=\"circle-icon icon-style-set\" style=\"background-image: url(https:\/\/www.neotec.cz\/schmetz\/wp-content\/uploads\/2025\/01\/spiceSD1.jpg);background-color: #FFFFFF\">\n\t\t\t\t\t\t\t\t\t\t\t<\/div>\n\t\t\t\t\t<\/a>\t\t\t\t<\/div>\n\t\t\t\n\t\t\t\t\t\t\t<a href=\"https:\/\/www.neotec.cz\/schmetz\/spice-sd1\/\" class=\"link-title\" >\n\t\t\t\t\t\t\t\t\t\t<h4 >\n\t\t\t\t\t\u0160PICE SD1\t\t\t\t<\/h4>\n\t\t\t\t\t\t\t\t\t\t<\/a>\n\t\t\t\n\t\t\t\t\t\t\t<p class=\"text\" >\u0159ezac\u00ed \u0161pice mal\u00e9ho troj\u00faheln\u00edkov\u00e9ho tvaru<\/p>\n\t\t\t\t\t\t\t\t\t\t<a\n\t\t\t\t\thref=\"https:\/\/www.neotec.cz\/schmetz\/spice-sd1\/\"\n\t\t\t\t\tclass=\"more-button\"\n\t\t\t\t\t\t\t\t\t\t\t\t\t\t>\n\t\t\t\t\tV\u00edce informac\u00ed <i><\/i>\n\t\t\t\t<\/a>\n\t\t\t\t\t<\/div>\n\t\t<\/div><\/div><div id=\"pgc-2784-4-1\"  class=\"panel-grid-cell panel-grid-cell-empty\" ><\/div><div id=\"pgc-2784-4-2\"  class=\"panel-grid-cell panel-grid-cell-empty\" ><\/div><div id=\"pgc-2784-4-3\"  class=\"panel-grid-cell panel-grid-cell-empty panel-grid-cell-mobile-last\" ><\/div><div id=\"pgc-2784-4-4\"  class=\"panel-grid-cell panel-grid-cell-empty\" ><\/div><\/div><div id=\"pg-2784-5\"  class=\"panel-grid panel-no-style\" ><div id=\"pgc-2784-5-0\"  class=\"panel-grid-cell\" ><div id=\"panel-2784-5-0-0\" class=\"so-panel widget widget_sow-editor panel-first-child panel-last-child\" data-index=\"13\" ><div\n\t\t\t\n\t\t\tclass=\"so-widget-sow-editor so-widget-sow-editor-base\"\n\t\t\t\n\t\t>\n<div class=\"siteorigin-widget-tinymce textwidget\">\n\t<hr \/>\n<p>Nab\u00edz\u00edme mnoho jeheln\u00edch syst\u00e9m\u016f. Pro konkr\u00e9tn\u00ed nab\u00eddku n\u00e1s nev\u00e1hejte <a href=\"http:\/\/www.neotec.cz\/schmetz\/kontakty\/\">kontaktovat<\/a>.<\/p>\n<h6><\/h6>\n<\/div>\n<\/div><\/div><\/div><\/div><\/div>","protected":false},"excerpt":{"rendered":"<p>\u0160PICE PRO TEXTILN\u00cd MATERI\u00c1LY \u0160PICE R standartn\u011b zaoblen\u00fd tvar \u0161pice V\u00edce informac\u00ed \u0160PICE SPI velmi tenk\u00fd, ostr\u00fd tvar \u0161pice V\u00edce informac\u00ed \u0160PICE SES jemn\u011b zakulacen\u00e1 \u0161pice V\u00edce informac\u00ed \u0160PICE SUK st\u0159edn\u011b zakulacen\u00e1 \u0161pice V\u00edce informac\u00ed \u0160PICE SKL velmi \u0161irok\u00e1 zaoblen\u00e1 \u0161pice V\u00edce informac\u00ed \u0160PICE PRO KO\u017dEN\u00c9 MATERI\u00c1LY \u0160PICE LR \u0159ezac\u00ed \u0161pice, \u0161ev naklon\u011bn vpravo V\u00edce [&hellip;]<\/p>\n","protected":false},"author":1,"featured_media":0,"parent":0,"menu_order":0,"comment_status":"closed","ping_status":"closed","template":"templates\/template-full-notitle.php","meta":{"footnotes":""},"class_list":["post-2784","page","type-page","status-publish","hentry","post"],"yoast_head":"<!-- This site is optimized with the Yoast SEO plugin v24.4 - https:\/\/yoast.com\/wordpress\/plugins\/seo\/ -->\n<title>Jehly pro pr\u016fmyslov\u00e9 \u0161ic\u00ed stroje - NEOTEC, spol. s r.o. - jehly firmy Schmetz<\/title>\n<meta name=\"description\" content=\"NEOTEC - \u0161ic\u00ed jehly Schmetz\" \/>\n<meta name=\"robots\" content=\"index, follow, max-snippet:-1, max-image-preview:large, max-video-preview:-1\" \/>\n<link rel=\"canonical\" href=\"https:\/\/www.neotec.cz\/schmetz\/jehly-prumyslove\/\" \/>\n<meta property=\"og:locale\" content=\"cs_CZ\" \/>\n<meta property=\"og:type\" content=\"article\" \/>\n<meta property=\"og:title\" content=\"Jehly pro pr\u016fmyslov\u00e9 \u0161ic\u00ed stroje - NEOTEC, spol. s r.o. - jehly firmy Schmetz\" \/>\n<meta property=\"og:description\" content=\"NEOTEC - \u0161ic\u00ed jehly Schmetz\" \/>\n<meta property=\"og:url\" content=\"https:\/\/www.neotec.cz\/schmetz\/jehly-prumyslove\/\" \/>\n<meta property=\"og:site_name\" content=\"NEOTEC, spol. s r.o. - jehly firmy Schmetz\" \/>\n<meta property=\"article:modified_time\" content=\"2025-01-06T10:44:12+00:00\" \/>\n<meta name=\"twitter:card\" content=\"summary_large_image\" \/>\n<meta name=\"twitter:label1\" content=\"Odhadovan\u00e1 doba \u010dten\u00ed\" \/>\n\t<meta name=\"twitter:data1\" content=\"1 minuta\" \/>\n<script type=\"application\/ld+json\" class=\"yoast-schema-graph\">{\"@context\":\"https:\/\/schema.org\",\"@graph\":[{\"@type\":\"WebPage\",\"@id\":\"https:\/\/www.neotec.cz\/schmetz\/jehly-prumyslove\/\",\"url\":\"https:\/\/www.neotec.cz\/schmetz\/jehly-prumyslove\/\",\"name\":\"Jehly pro pr\u016fmyslov\u00e9 \u0161ic\u00ed stroje - NEOTEC, spol. s r.o. - jehly firmy Schmetz\",\"isPartOf\":{\"@id\":\"https:\/\/www.neotec.cz\/schmetz\/#website\"},\"datePublished\":\"2024-08-22T10:28:26+00:00\",\"dateModified\":\"2025-01-06T10:44:12+00:00\",\"description\":\"NEOTEC - \u0161ic\u00ed jehly Schmetz\",\"breadcrumb\":{\"@id\":\"https:\/\/www.neotec.cz\/schmetz\/jehly-prumyslove\/#breadcrumb\"},\"inLanguage\":\"cs\",\"potentialAction\":[{\"@type\":\"ReadAction\",\"target\":[\"https:\/\/www.neotec.cz\/schmetz\/jehly-prumyslove\/\"]}]},{\"@type\":\"BreadcrumbList\",\"@id\":\"https:\/\/www.neotec.cz\/schmetz\/jehly-prumyslove\/#breadcrumb\",\"itemListElement\":[{\"@type\":\"ListItem\",\"position\":1,\"name\":\"Dom\u016f\",\"item\":\"https:\/\/www.neotec.cz\/schmetz\/\"},{\"@type\":\"ListItem\",\"position\":2,\"name\":\"Jehly pro pr\u016fmyslov\u00e9 \u0161ic\u00ed stroje\"}]},{\"@type\":\"WebSite\",\"@id\":\"https:\/\/www.neotec.cz\/schmetz\/#website\",\"url\":\"https:\/\/www.neotec.cz\/schmetz\/\",\"name\":\"NEOTEC, spol. s r.o. - jehly firmy Schmetz\",\"description\":\"NEOTEC - jehly firmy Schmetz\",\"potentialAction\":[{\"@type\":\"SearchAction\",\"target\":{\"@type\":\"EntryPoint\",\"urlTemplate\":\"https:\/\/www.neotec.cz\/schmetz\/?s={search_term_string}\"},\"query-input\":{\"@type\":\"PropertyValueSpecification\",\"valueRequired\":true,\"valueName\":\"search_term_string\"}}],\"inLanguage\":\"cs\"}]}<\/script>\n<!-- \/ Yoast SEO plugin. -->","yoast_head_json":{"title":"Jehly pro pr\u016fmyslov\u00e9 \u0161ic\u00ed stroje - NEOTEC, spol. s r.o. - jehly firmy Schmetz","description":"NEOTEC - \u0161ic\u00ed jehly Schmetz","robots":{"index":"index","follow":"follow","max-snippet":"max-snippet:-1","max-image-preview":"max-image-preview:large","max-video-preview":"max-video-preview:-1"},"canonical":"https:\/\/www.neotec.cz\/schmetz\/jehly-prumyslove\/","og_locale":"cs_CZ","og_type":"article","og_title":"Jehly pro pr\u016fmyslov\u00e9 \u0161ic\u00ed stroje - NEOTEC, spol. s r.o. - jehly firmy Schmetz","og_description":"NEOTEC - \u0161ic\u00ed jehly Schmetz","og_url":"https:\/\/www.neotec.cz\/schmetz\/jehly-prumyslove\/","og_site_name":"NEOTEC, spol. s r.o. - jehly firmy Schmetz","article_modified_time":"2025-01-06T10:44:12+00:00","twitter_card":"summary_large_image","twitter_misc":{"Odhadovan\u00e1 doba \u010dten\u00ed":"1 minuta"},"schema":{"@context":"https:\/\/schema.org","@graph":[{"@type":"WebPage","@id":"https:\/\/www.neotec.cz\/schmetz\/jehly-prumyslove\/","url":"https:\/\/www.neotec.cz\/schmetz\/jehly-prumyslove\/","name":"Jehly pro pr\u016fmyslov\u00e9 \u0161ic\u00ed stroje - NEOTEC, spol. s r.o. - jehly firmy Schmetz","isPartOf":{"@id":"https:\/\/www.neotec.cz\/schmetz\/#website"},"datePublished":"2024-08-22T10:28:26+00:00","dateModified":"2025-01-06T10:44:12+00:00","description":"NEOTEC - \u0161ic\u00ed jehly Schmetz","breadcrumb":{"@id":"https:\/\/www.neotec.cz\/schmetz\/jehly-prumyslove\/#breadcrumb"},"inLanguage":"cs","potentialAction":[{"@type":"ReadAction","target":["https:\/\/www.neotec.cz\/schmetz\/jehly-prumyslove\/"]}]},{"@type":"BreadcrumbList","@id":"https:\/\/www.neotec.cz\/schmetz\/jehly-prumyslove\/#breadcrumb","itemListElement":[{"@type":"ListItem","position":1,"name":"Dom\u016f","item":"https:\/\/www.neotec.cz\/schmetz\/"},{"@type":"ListItem","position":2,"name":"Jehly pro pr\u016fmyslov\u00e9 \u0161ic\u00ed stroje"}]},{"@type":"WebSite","@id":"https:\/\/www.neotec.cz\/schmetz\/#website","url":"https:\/\/www.neotec.cz\/schmetz\/","name":"NEOTEC, spol. s r.o. - jehly firmy Schmetz","description":"NEOTEC - jehly firmy Schmetz","potentialAction":[{"@type":"SearchAction","target":{"@type":"EntryPoint","urlTemplate":"https:\/\/www.neotec.cz\/schmetz\/?s={search_term_string}"},"query-input":{"@type":"PropertyValueSpecification","valueRequired":true,"valueName":"search_term_string"}}],"inLanguage":"cs"}]}},"_links":{"self":[{"href":"https:\/\/www.neotec.cz\/schmetz\/wp-json\/wp\/v2\/pages\/2784","targetHints":{"allow":["GET"]}}],"collection":[{"href":"https:\/\/www.neotec.cz\/schmetz\/wp-json\/wp\/v2\/pages"}],"about":[{"href":"https:\/\/www.neotec.cz\/schmetz\/wp-json\/wp\/v2\/types\/page"}],"author":[{"embeddable":true,"href":"https:\/\/www.neotec.cz\/schmetz\/wp-json\/wp\/v2\/users\/1"}],"replies":[{"embeddable":true,"href":"https:\/\/www.neotec.cz\/schmetz\/wp-json\/wp\/v2\/comments?post=2784"}],"version-history":[{"count":10,"href":"https:\/\/www.neotec.cz\/schmetz\/wp-json\/wp\/v2\/pages\/2784\/revisions"}],"predecessor-version":[{"id":2887,"href":"https:\/\/www.neotec.cz\/schmetz\/wp-json\/wp\/v2\/pages\/2784\/revisions\/2887"}],"wp:attachment":[{"href":"https:\/\/www.neotec.cz\/schmetz\/wp-json\/wp\/v2\/media?parent=2784"}],"curies":[{"name":"wp","href":"https:\/\/api.w.org\/{rel}","templated":true}]}}