{"id":127,"date":"2024-04-30T10:40:39","date_gmt":"2024-04-30T08:40:39","guid":{"rendered":"https:\/\/www.neotec.cz\/swissors\/?page_id=127"},"modified":"2024-06-19T14:40:43","modified_gmt":"2024-06-19T12:40:43","slug":"o-produktu","status":"publish","type":"page","link":"https:\/\/www.neotec.cz\/swissors\/","title":{"rendered":"Krej\u010dovsk\u00e9 n\u016f\u017eky SWISSORS<sup>\u00ae<\/sup> Mark II"},"content":{"rendered":"<div id=\"pl-127\"  class=\"panel-layout\" ><div id=\"pg-127-0\"  class=\"panel-grid panel-no-style\" ><div id=\"pgc-127-0-0\"  class=\"panel-grid-cell\" ><div id=\"panel-127-0-0-0\" class=\"so-panel widget widget_sow-editor panel-first-child panel-last-child\" data-index=\"0\" ><div\n\t\t\t\n\t\t\tclass=\"so-widget-sow-editor so-widget-sow-editor-base\"\n\t\t\t\n\t\t>\n<div class=\"siteorigin-widget-tinymce textwidget\">\n\t<p><img loading=\"lazy\" decoding=\"async\" class=\"alignnone size-full wp-image-73\" src=\"https:\/\/www.neotec.cz\/swissors\/wp-content\/uploads\/2024\/04\/7CBCCEE4-BDC4-4055-9891-0276C69C4D3C.webp\" alt=\"\" width=\"600\" height=\"600\" srcset=\"https:\/\/www.neotec.cz\/swissors\/wp-content\/uploads\/2024\/04\/7CBCCEE4-BDC4-4055-9891-0276C69C4D3C.webp 600w, https:\/\/www.neotec.cz\/swissors\/wp-content\/uploads\/2024\/04\/7CBCCEE4-BDC4-4055-9891-0276C69C4D3C-300x300.webp 300w, https:\/\/www.neotec.cz\/swissors\/wp-content\/uploads\/2024\/04\/7CBCCEE4-BDC4-4055-9891-0276C69C4D3C-100x100.webp 100w, https:\/\/www.neotec.cz\/swissors\/wp-content\/uploads\/2024\/04\/7CBCCEE4-BDC4-4055-9891-0276C69C4D3C-150x150.webp 150w\" sizes=\"auto, (max-width: 600px) 100vw, 600px\" \/><\/p>\n<\/div>\n<\/div><\/div><\/div><div id=\"pgc-127-0-1\"  class=\"panel-grid-cell\" ><div id=\"panel-127-0-1-0\" class=\"so-panel widget widget_sow-editor panel-first-child panel-last-child\" data-index=\"1\" ><div\n\t\t\t\n\t\t\tclass=\"so-widget-sow-editor so-widget-sow-editor-base\"\n\t\t\t\n\t\t>\n<div class=\"siteorigin-widget-tinymce textwidget\">\n\t<p>Unik\u00e1tn\u00ed \u010dty\u0159\u010depov\u00fd design n\u016f\u017eek SWISSORS\u00ae Mark II byl navr\u017een tak, aby umo\u017e\u0148oval konstantn\u00ed s\u00edlu pod\u00e9l \u010depele. V\u00fdsledkem je revolu\u010dn\u00ed z\u00e1\u017eitek ze st\u0159ih\u00e1n\u00ed. N\u016f\u017eky SWISSORS\u00ae jsou navr\u017eeny a vyr\u00e1b\u011bny ve \u0160v\u00fdcarsku.<\/p>\n<p>U n\u00e1s m\u016f\u017eete zakoupit nejen samotn\u00e9 n\u016f\u017eky ve variant\u00e1ch:<\/p>\n<ul>\n<li>SWISSORS\u00ae Mark II se standardn\u00edmi rovn\u00fdmi b\u0159ity<\/li>\n<li>SWISSORS\u00ae Mark II s vroubkovan\u00fdmi b\u0159ity pro lehk\u00e9 a kluzk\u00e9 materi\u00e1ly<\/li>\n<\/ul>\n<p>ale tak\u00e9 origin\u00e1ln\u00ed n\u00e1hradn\u00ed b\u0159ity, kter\u00e9 jsou kompatibiln\u00ed i se star\u0161\u00edmi modely n\u016f\u017eek:<\/p>\n<ul>\n<li>standardn\u00ed rovn\u00e9 b\u0159ity<\/li>\n<li>vroubkovan\u00e9 b\u0159ity pro lehk\u00e9 a kluzk\u00e9 materi\u00e1ly<\/li>\n<\/ul>\n<p>V p\u0159\u00edpad\u011b z\u00e1jmu n\u00e1s nev\u00e1hejte <a href=\"mailto:swissors@neotec.cz?subject=N\u016f\u017eky SWISSORS - popt\u00e1vka\">kontaktovat<\/a>.<\/p>\n<\/div>\n<\/div><\/div><\/div><\/div><div id=\"pg-127-1\"  class=\"panel-grid panel-no-style\" ><div id=\"pgc-127-1-0\"  class=\"panel-grid-cell\" ><div id=\"panel-127-1-0-0\" class=\"so-panel widget widget_sow-editor panel-first-child panel-last-child\" data-index=\"2\" ><div\n\t\t\t\n\t\t\tclass=\"so-widget-sow-editor so-widget-sow-editor-base\"\n\t\t\t\n\t\t><h3 class=\"widget-title\">\u0160v\u00fdcarsk\u00e1 inovace<\/h3>\n<div class=\"siteorigin-widget-tinymce textwidget\">\n\t<p>Po z\u00edsk\u00e1n\u00ed ocen\u011bn\u00ed \u201eBest of the Best\u201c Red Dot 2023 m\u011bl design\u00e9rsk\u00fd t\u00fdm Cutting Edge Technologies tu \u010dest diskutovat o sv\u00e9m p\u0159\u00edstupu k designu s organiz\u00e1tory Red Dot, zejm\u00e9na pokud jde o SWISSORS\u00ae Mark II.<br \/>\nC\u00edlov\u00fdmi u\u017eivateli SWISSORS\u00ae jsou profesion\u00e1ln\u00ed krej\u010d\u00ed, nad\u0161enci do \u0161it\u00ed, m\u00f3dn\u00ed n\u00e1vrh\u00e1\u0159i, techni\u010dt\u00ed \u0159eza\u010di textilu, \u010daloun\u00edci a kdokoli jin\u00fd, kdo prost\u011b hled\u00e1 dobr\u00e9 n\u016f\u017eky, kter\u00e9 by m\u011bl m\u00edt po ruce.<\/p>\n<p style=\"text-align: center;\">\r\n        <div class='html5_video_players' style=\"width:100%;\" data-nonce=\"e68b3c056c\" data-attributes=\"{&quot;options&quot;:{&quot;controls&quot;:[],&quot;settings&quot;:[&quot;captions&quot;,&quot;quality&quot;,&quot;speed&quot;,&quot;loop&quot;],&quot;loadSprite&quot;:true,&quot;autoplay&quot;:true,&quot;seekTime&quot;:10,&quot;volume&quot;:1,&quot;muted&quot;:false,&quot;hideControls&quot;:true,&quot;resetOnEnd&quot;:false,&quot;tooltips&quot;:{&quot;controls&quot;:true,&quot;seek&quot;:true},&quot;captions&quot;:{&quot;active&quot;:false,&quot;language&quot;:&quot;auto&quot;,&quot;update&quot;:true},&quot;ratio&quot;:null,&quot;storage&quot;:{&quot;enabled&quot;:true,&quot;key&quot;:&quot;plyr&quot;},&quot;speed&quot;:{&quot;options&quot;:[&quot;1&quot;,&quot;2&quot;,&quot;3&quot;,&quot;0.5&quot;,&quot;0.75&quot;,&quot;1.25&quot;,&quot;1.5&quot;,&quot;1.75&quot;,&quot;2.5&quot;]},&quot;loop&quot;:{&quot;active&quot;:true},&quot;ads&quot;:{&quot;enabled&quot;:true},&quot;urls&quot;:{&quot;enabled&quot;:false},&quot;markers&quot;:{&quot;enabled&quot;:true,&quot;points&quot;:[]},&quot;preload&quot;:&quot;metadata&quot;,&quot;imported&quot;:true},&quot;additionalID&quot;:&quot;&quot;,&quot;features&quot;:{&quot;popup&quot;:{&quot;enabled&quot;:false,&quot;type&quot;:&quot;poster&quot;,&quot;btnText&quot;:&quot;Watch Video&quot;,&quot;align&quot;:&quot;center&quot;,&quot;btnStyle&quot;:{&quot;color&quot;:&quot;#fff&quot;,&quot;backgroundColor&quot;:&quot;#006BA1&quot;,&quot;fontSize&quot;:&quot;16px&quot;,&quot;padding&quot;:{&quot;top&quot;:&quot;10px&quot;,&quot;right&quot;:&quot;20px&quot;,&quot;bottom&quot;:&quot;10px&quot;,&quot;left&quot;:&quot;20px&quot;}}},&quot;overlay&quot;:{&quot;enabled&quot;:false,&quot;items&quot;:[{&quot;color&quot;:&quot;#ffffff&quot;,&quot;backgroundColor&quot;:&quot;#333&quot;,&quot;fontSize&quot;:{&quot;number&quot;:20,&quot;unit&quot;:&quot;px&quot;},&quot;position&quot;:&quot;top_right&quot;,&quot;type&quot;:&quot;logo&quot;,&quot;opacity&quot;:0.8}]},&quot;endScreen&quot;:{&quot;enabled&quot;:false,&quot;text&quot;:&quot;Endscreen text&quot;,&quot;btnText&quot;:&quot;Watch Again&quot;,&quot;btnLink&quot;:&quot;#&quot;,&quot;btnStyle&quot;:[]},&quot;thumbInPause&quot;:{&quot;enabled&quot;:false,&quot;type&quot;:&quot;default&quot;},&quot;watermark&quot;:{&quot;color&quot;:&quot;#f00&quot;},&quot;sticky&quot;:{&quot;enabled&quot;:false,&quot;position&quot;:&quot;top_right&quot;},&quot;playWhenVisible&quot;:false,&quot;disablePause&quot;:false,&quot;hideYoutubeUI&quot;:false,&quot;startTime&quot;:0,&quot;hideLoadingPlaceholder&quot;:false},&quot;data&quot;:[],&quot;propagans&quot;:false,&quot;customDownloadURL&quot;:false,&quot;captionEnabled&quot;:false,&quot;disableDownload&quot;:false,&quot;disablePause&quot;:false,&quot;startTime&quot;:0,&quot;thumbInPause&quot;:false,&quot;thumbStyle&quot;:&quot;default&quot;,&quot;autoplayWhenVisible&quot;:false,&quot;saveState&quot;:true,&quot;protected&quot;:false,&quot;captions&quot;:[{&quot;label&quot;:&quot;label&quot;,&quot;caption_file&quot;:&quot;&quot;}],&quot;qualities&quot;:[],&quot;source&quot;:&quot;https:\\\/\\\/www.neotec.cz\\\/swissors\\\/wp-content\\\/uploads\\\/2024\\\/06\\\/5d79a6c15df54d00931ec501c69fe7fd.HD-1080p-7.2Mbps-25586103.mp4&quot;,&quot;poster&quot;:false,&quot;hideYoutubeUI&quot;:false,&quot;branding&quot;:{&quot;enabled&quot;:false,&quot;color&quot;:&quot;#ffffff&quot;},&quot;imported&quot;:true,&quot;uniqueId&quot;:&quot;h5vp9e088c0c&quot;,&quot;styles&quot;:{&quot;plyr--video&quot;:{&quot;--plyr-color-main&quot;:&quot;#1ABAFF&quot;},&quot;plyr_wrapper&quot;:{&quot;width&quot;:&quot;100%&quot;},&quot;plyr&quot;:{&quot;borderRadius&quot;:&quot;0px&quot;}},&quot;width&quot;:{&quot;deprecated&quot;:true,&quot;number&quot;:100,&quot;unit&quot;:&quot;%&quot;,&quot;isDeprecated&quot;:true},&quot;provider&quot;:&quot;self-hosted&quot;,&quot;quality&quot;:[],&quot;subtitle&quot;:[{&quot;label&quot;:&quot;label&quot;,&quot;caption_file&quot;:&quot;&quot;}],&quot;CSS&quot;:&quot;&quot;,&quot;isCDURL&quot;:false,&quot;posterTime&quot;:20,&quot;chapters&quot;:[],&quot;controls&quot;:{&quot;play-large&quot;:true,&quot;restart&quot;:false,&quot;rewind&quot;:false,&quot;play&quot;:true,&quot;fast-forward&quot;:false,&quot;progress&quot;:true,&quot;current-time&quot;:true,&quot;duration&quot;:false,&quot;mute&quot;:true,&quot;volume&quot;:true,&quot;pip&quot;:false,&quot;airplay&quot;:false,&quot;settings&quot;:true,&quot;downlaod&quot;:false,&quot;fullscreen&quot;:true},&quot;brandColor&quot;:&quot;#00B3FF&quot;,&quot;radius&quot;:{&quot;number&quot;:0,&quot;unit&quot;:&quot;px&quot;},&quot;repeat&quot;:false,&quot;autoplay&quot;:false,&quot;muted&quot;:false,&quot;sticky&quot;:false,&quot;stickyPosition&quot;:&quot;top-right&quot;,&quot;popup&quot;:false,&quot;popupType&quot;:&quot;poster&quot;,&quot;playsinline&quot;:false,&quot;popupBtnStyle&quot;:{&quot;color&quot;:&quot;#fff&quot;,&quot;backgroundColor&quot;:&quot;#006BA1&quot;,&quot;fontSize&quot;:&quot;16px&quot;,&quot;padding&quot;:{&quot;top&quot;:&quot;10px&quot;,&quot;right&quot;:&quot;20px&quot;,&quot;bottom&quot;:&quot;10px&quot;,&quot;left&quot;:&quot;20px&quot;},&quot;align&quot;:&quot;center&quot;},&quot;popupBtnText&quot;:&quot;Watch Video&quot;,&quot;resetOnEnd&quot;:false,&quot;autoHideControl&quot;:true,&quot;protectedText&quot;:&quot;Please enter password to wath the video&quot;,&quot;seekTime&quot;:10,&quot;preload&quot;:&quot;metadata&quot;,&quot;overlay&quot;:false,&quot;overlayPosition&quot;:&quot;top_right&quot;,&quot;overlayBackground&quot;:&quot;#333&quot;,&quot;overlayOpacity&quot;:0.8,&quot;overlayTextColor&quot;:&quot;#ffffff&quot;,&quot;overlayFontSize&quot;:{&quot;number&quot;:20,&quot;unit&quot;:&quot;px&quot;},&quot;overlayTextHoverColor&quot;:&quot;#ffffff&quot;,&quot;endScreen&quot;:{&quot;enabled&quot;:false,&quot;text&quot;:&quot;Simple Text&quot;,&quot;btnText&quot;:&quot;Watch Again&quot;,&quot;btnLink&quot;:&quot;&quot;,&quot;btnStyle&quot;:[]},&quot;endscreen&quot;:false,&quot;endscreenText&quot;:&quot;Endscreen text&quot;,&quot;endscreenTextLink&quot;:&quot;#&quot;,&quot;streaming&quot;:false,&quot;streamingType&quot;:&quot;hls&quot;,&quot;speed&quot;:{&quot;1&quot;:true,&quot;2&quot;:true,&quot;3&quot;:true,&quot;0.5&quot;:true,&quot;0.75&quot;:true,&quot;1.25&quot;:true,&quot;1.5&quot;:true,&quot;1.75&quot;:true,&quot;2.5&quot;:true}}\">\r\n            <div class=\"preload_poster\" style=\"background: url();background-position: 50% 50%;overflow:hidden;aspect-ratio:\">\r\n                <svg width=\"36px\" height=\"36px\" viewBox=\"0 0 15 15\" fill=\"none\" xmlns=\"http:\/\/www.w3.org\/2000\/svg\">\r\n                    <path d=\"M4.79062 2.09314C4.63821 1.98427 4.43774 1.96972 4.27121 2.05542C4.10467 2.14112 4 2.31271 4 2.5V12.5C4 12.6873 4.10467 12.8589 4.27121 12.9446C4.43774 13.0303 4.63821 13.0157 4.79062 12.9069L11.7906 7.90687C11.922 7.81301 12 7.66148 12 7.5C12 7.33853 11.922 7.18699 11.7906 7.09314L4.79062 2.09314Z\" fill=\"#fff\"\/>\r\n                <\/svg>\r\n            <\/div>\r\n        <\/div>\r\n        <\/p>\n<p>Hlavn\u00edm c\u00edlem p\u0159i navrhov\u00e1n\u00ed SWISSORS\u00ae bylo eliminovat kompromis p\u0159ijat\u00fd p\u0159i pou\u017e\u00edv\u00e1n\u00ed konven\u010dn\u00edch krej\u010dovsk\u00fdch n\u016f\u017eek, kde jednotliv\u00e9 oto\u010dn\u00e9 \u010depele zvedaj\u00ed st\u0159\u00edhan\u00fd materi\u00e1l z \u0159ezn\u00e9 plochy, co\u017e zt\u011b\u017euje p\u0159esn\u00e9 st\u0159\u00edh\u00e1n\u00ed. Na\u0161e \u0159e\u0161en\u00ed se \u010dty\u0159mi \u010depy \u0159e\u0161ilo z\u00e1kladn\u00ed probl\u00e9m, ale \u2013 jak u\u017e to tak b\u00fdv\u00e1 \u2013 p\u0159ineslo i nov\u00e9 probl\u00e9my. Jedn\u00edm z nich bylo pou\u017eit\u00ed jehlov\u00fdch lo\u017eisek ve \u010dty\u0159ech \u010depech, kter\u00e9 br\u00e1nily rozebr\u00e1n\u00ed n\u016f\u017eek pro brou\u0161en\u00ed. Tedy vym\u011bniteln\u00e9 \u010depele SWISSORS\u00ae.<br \/>\nKonven\u010dn\u00ed p\u0159\u00edstup k ergonomii omezen\u00fd na tvarov\u00e1n\u00ed rukojet\u00ed n\u016f\u017eek ne\u0159e\u0161\u00ed z\u00e1kladn\u00ed probl\u00e9my typu n\u016f\u017eek s jedn\u00edm \u010depem. T\u011b\u017ei\u0161t\u011b cel\u00fdch n\u016f\u017eek se pohybuje nahoru a dol\u016f, co\u017e u klasick\u00fdch, t\u011b\u017ek\u00fdch lit\u00fdch kovov\u00fdch n\u016f\u017eek bol\u00ed a unavuje palec p\u0159i cest\u011b nahoru. Na cest\u011b dol\u016f je s\u00edla ruky pot\u0159ebn\u00e1 pro st\u0159\u00edh\u00e1n\u00ed \u0161pi\u010dkami n\u016f\u017eek mnohem v\u011bt\u0161\u00ed ne\u017e bl\u00ed\u017ee k \u010depu, p\u0159esto krej\u010d\u00ed maj\u00ed tendenci pou\u017e\u00edvat \u0161pi\u010dky, aby se vyhnuli zvednut\u00ed materi\u00e1lu ze stolu. Nejv\u011bt\u0161\u00ed sou\u010d\u00e1st SWISSORS\u00ae, kter\u00e1 podp\u00edr\u00e1 spodn\u00ed \u010depel, z\u016fst\u00e1v\u00e1 rovn\u00e1 na stole a \u010dty\u0159\u010depov\u00fd spoj byl navr\u017een tak, aby udr\u017eoval s\u00edlu ruky t\u00e9m\u011b\u0159 konstantn\u00ed po cel\u00e9 d\u00e9lce \u0159ezu.<\/p>\n<p><img loading=\"lazy\" decoding=\"async\" class=\"size-full wp-image-121 aligncenter\" src=\"https:\/\/www.neotec.cz\/swissors\/wp-content\/uploads\/2024\/04\/Swissors_Sketch_1024x1024.webp\" alt=\"\" width=\"1024\" height=\"588\" srcset=\"https:\/\/www.neotec.cz\/swissors\/wp-content\/uploads\/2024\/04\/Swissors_Sketch_1024x1024.webp 1024w, https:\/\/www.neotec.cz\/swissors\/wp-content\/uploads\/2024\/04\/Swissors_Sketch_1024x1024-300x172.webp 300w, https:\/\/www.neotec.cz\/swissors\/wp-content\/uploads\/2024\/04\/Swissors_Sketch_1024x1024-768x441.webp 768w, https:\/\/www.neotec.cz\/swissors\/wp-content\/uploads\/2024\/04\/Swissors_Sketch_1024x1024-600x345.webp 600w\" sizes=\"auto, (max-width: 1024px) 100vw, 1024px\" \/><\/p>\n<p>Rychl\u00fd v\u00fdvoj technick\u00fdch kompozit\u016f umo\u017enil jejich pou\u017eit\u00ed pro aplikace tradi\u010dn\u011b vyhrazen\u00e9 pro kovy. Vst\u0159ikov\u00e1n\u00ed hlavn\u00edch sou\u010d\u00e1st\u00ed SWISSORS\u00ae s nejkvalitn\u011bj\u0161\u00edm 40% uhl\u00edkem vyztu\u017een\u00fdm polyamidem poskytuje dostate\u010dnou tuhost pro podporu b\u0159itov\u00fdch desti\u010dek vyroben\u00fdch z tvrzen\u00e9 nerezov\u00e9 oceli s b\u0159ity pota\u017een\u00fdmi nitridem titanu. Povlak prodlu\u017euje \u017eivotnost \u010depel\u00ed nejm\u00e9n\u011b desetkr\u00e1t.<br \/>\nV Cutting Edge Technologies v\u017edy za\u010d\u00edn\u00e1me hled\u00e1n\u00edm technick\u00e9 odpov\u011bdi na ot\u00e1zku, kterou Clayton Christensen formuloval ve sv\u00fdch studi\u00edch a spisech o inovac\u00edch jako \u201eJob to do\u201c. M\u016f\u017ee to souviset se st\u00e1vaj\u00edc\u00edmi produkty, kter\u00e9 maj\u00ed v\u017edy nedostatky, nebo s n\u011b\u010d\u00edm, co je t\u0159eba vytvo\u0159it od za\u010d\u00e1tku.<br \/>\nNavrhov\u00e1n\u00ed s oce\u0148ov\u00e1n\u00edm kr\u00e1sy v lidsky vyroben\u00fdch p\u0159edm\u011btech, a\u0165 u\u017e jde o v\u00fdrobu, architekturu nebo dokonce um\u011bn\u00ed, zejm\u00e9na v socha\u0159stv\u00ed, by nikdy nem\u011blo br\u00e1nit in\u017een\u00fdrsk\u00e9mu \u00fakolu \u201evykonat pr\u00e1ci\u201c. SWISSORS\u00ae Mark II, doufejme, zt\u011bles\u0148uje tyto principy.<\/p>\n<\/div>\n<\/div><\/div><\/div><\/div><\/div>","protected":false},"excerpt":{"rendered":"<p>Unik\u00e1tn\u00ed \u010dty\u0159\u010depov\u00fd design n\u016f\u017eek SWISSORS\u00ae Mark II byl navr\u017een tak, aby umo\u017e\u0148oval konstantn\u00ed s\u00edlu pod\u00e9l \u010depele. V\u00fdsledkem je revolu\u010dn\u00ed z\u00e1\u017eitek ze st\u0159ih\u00e1n\u00ed. N\u016f\u017eky SWISSORS\u00ae jsou navr\u017eeny a vyr\u00e1b\u011bny ve \u0160v\u00fdcarsku. U n\u00e1s m\u016f\u017eete zakoupit nejen samotn\u00e9 n\u016f\u017eky ve variant\u00e1ch: SWISSORS\u00ae Mark II se standardn\u00edmi rovn\u00fdmi b\u0159ity SWISSORS\u00ae Mark II s vroubkovan\u00fdmi b\u0159ity pro lehk\u00e9 a [&hellip;]<\/p>\n","protected":false},"author":1,"featured_media":0,"parent":0,"menu_order":0,"comment_status":"closed","ping_status":"closed","template":"","meta":{"footnotes":""},"class_list":["post-127","page","type-page","status-publish","hentry","post"],"_links":{"self":[{"href":"https:\/\/www.neotec.cz\/swissors\/wp-json\/wp\/v2\/pages\/127","targetHints":{"allow":["GET"]}}],"collection":[{"href":"https:\/\/www.neotec.cz\/swissors\/wp-json\/wp\/v2\/pages"}],"about":[{"href":"https:\/\/www.neotec.cz\/swissors\/wp-json\/wp\/v2\/types\/page"}],"author":[{"embeddable":true,"href":"https:\/\/www.neotec.cz\/swissors\/wp-json\/wp\/v2\/users\/1"}],"replies":[{"embeddable":true,"href":"https:\/\/www.neotec.cz\/swissors\/wp-json\/wp\/v2\/comments?post=127"}],"version-history":[{"count":13,"href":"https:\/\/www.neotec.cz\/swissors\/wp-json\/wp\/v2\/pages\/127\/revisions"}],"predecessor-version":[{"id":250,"href":"https:\/\/www.neotec.cz\/swissors\/wp-json\/wp\/v2\/pages\/127\/revisions\/250"}],"wp:attachment":[{"href":"https:\/\/www.neotec.cz\/swissors\/wp-json\/wp\/v2\/media?parent=127"}],"curies":[{"name":"wp","href":"https:\/\/api.w.org\/{rel}","templated":true}]}}