{"id":260,"date":"2025-01-09T14:29:57","date_gmt":"2025-01-09T13:29:57","guid":{"rendered":"https:\/\/www.neotec.cz\/swissors\/?page_id=260"},"modified":"2025-10-06T15:22:05","modified_gmt":"2025-10-06T13:22:05","slug":"kontakty","status":"publish","type":"page","link":"https:\/\/www.neotec.cz\/swissors\/kontakty\/","title":{"rendered":"Kontakty"},"content":{"rendered":"<div id=\"pl-260\"  class=\"panel-layout\" ><div id=\"pg-260-0\"  class=\"panel-grid panel-no-style\" ><div id=\"pgc-260-0-0\"  class=\"panel-grid-cell\" ><div id=\"panel-260-0-0-0\" class=\"so-panel widget widget_sow-editor panel-first-child panel-last-child\" data-index=\"0\" ><div\n\t\t\t\n\t\t\tclass=\"so-widget-sow-editor so-widget-sow-editor-base\"\n\t\t\t\n\t\t><h3 class=\"widget-title\">Kontakty<\/h3>\n<div class=\"siteorigin-widget-tinymce textwidget\">\n\t<p><big><strong>NEOTEC, spol. s r.o.<\/strong><\/big><br \/>\nJinonick\u00e1 804\/80<br \/>\n158 00 Praha 5<br \/>\ntel. +420 <strong>257 289 511<\/strong><br \/>\nmobil: +420 <strong>737 282 828<\/strong><br \/>\ne-mail: <a href=\"mailto:info@neotec.cz\">info@neotec.cz<\/a><br \/>\n<a href=\"https:\/\/www.google.cz\/maps\/place\/NEOTEC,+spol.+s+r.o.\/@50.0608544,14.3708783,17z\/data=!3m1!4b1!4m2!3m1!1s0x470b95b0acc12f3d:0x537ae73ed4ecdf6b\" target=\"_blank\" rel=\"noopener\">Uk\u00e1zat na map\u011b &gt;&gt;<\/a><\/p>\n<p>I\u010c:<strong> 14893703<\/strong><br \/>\nDI\u010c: <strong>CZ14893703<\/strong><\/p>\n<\/div>\n<\/div><\/div><\/div><div id=\"pgc-260-0-1\"  class=\"panel-grid-cell\" ><div id=\"panel-260-0-1-0\" class=\"so-panel widget widget_sow-editor panel-first-child panel-last-child\" data-index=\"1\" ><div\n\t\t\t\n\t\t\tclass=\"so-widget-sow-editor so-widget-sow-editor-base\"\n\t\t\t\n\t\t>\n<div class=\"siteorigin-widget-tinymce textwidget\">\n\t<p><img loading=\"lazy\" decoding=\"async\" class=\"alignnone size-medium wp-image-261\" src=\"https:\/\/www.neotec.cz\/swissors\/wp-content\/uploads\/2025\/01\/QRNeotec-300x300.png\" alt=\"\" width=\"300\" height=\"300\" srcset=\"https:\/\/www.neotec.cz\/swissors\/wp-content\/uploads\/2025\/01\/QRNeotec-300x300.png 300w, https:\/\/www.neotec.cz\/swissors\/wp-content\/uploads\/2025\/01\/QRNeotec-1024x1024.png 1024w, https:\/\/www.neotec.cz\/swissors\/wp-content\/uploads\/2025\/01\/QRNeotec-150x150.png 150w, https:\/\/www.neotec.cz\/swissors\/wp-content\/uploads\/2025\/01\/QRNeotec-768x768.png 768w, https:\/\/www.neotec.cz\/swissors\/wp-content\/uploads\/2025\/01\/QRNeotec-1536x1536.png 1536w, https:\/\/www.neotec.cz\/swissors\/wp-content\/uploads\/2025\/01\/QRNeotec.png 2046w\" sizes=\"auto, (max-width: 300px) 100vw, 300px\" \/><\/p>\n<\/div>\n<\/div><\/div><\/div><\/div><div id=\"pg-260-1\"  class=\"panel-grid panel-no-style\" ><div id=\"pgc-260-1-0\"  class=\"panel-grid-cell\" ><div id=\"panel-260-1-0-0\" class=\"so-panel widget widget_sow-editor panel-first-child panel-last-child\" data-index=\"2\" ><div\n\t\t\t\n\t\t\tclass=\"so-widget-sow-editor so-widget-sow-editor-base\"\n\t\t\t\n\t\t>\n<div class=\"siteorigin-widget-tinymce textwidget\">\n\t<p>Firma zapsan\u00e1 v OR veden\u00e9m u MS Praha odd\u00edl C, vlo\u017eka 1062<\/p>\n<\/div>\n<\/div><\/div><\/div><\/div><\/div>","protected":false},"excerpt":{"rendered":"<p>NEOTEC, spol. s r.o. Jinonick\u00e1 804\/80 158 00 Praha 5 tel. +420 257 289 511 mobil: +420 737 282 828 e-mail: info@neotec.cz Uk\u00e1zat na map\u011b &gt;&gt; I\u010c: 14893703 DI\u010c: CZ14893703 Firma zapsan\u00e1 v OR veden\u00e9m u MS Praha odd\u00edl C, vlo\u017eka 1062<\/p>\n","protected":false},"author":1,"featured_media":0,"parent":0,"menu_order":0,"comment_status":"closed","ping_status":"closed","template":"","meta":{"footnotes":""},"class_list":["post-260","page","type-page","status-publish","hentry","post"],"_links":{"self":[{"href":"https:\/\/www.neotec.cz\/swissors\/wp-json\/wp\/v2\/pages\/260","targetHints":{"allow":["GET"]}}],"collection":[{"href":"https:\/\/www.neotec.cz\/swissors\/wp-json\/wp\/v2\/pages"}],"about":[{"href":"https:\/\/www.neotec.cz\/swissors\/wp-json\/wp\/v2\/types\/page"}],"author":[{"embeddable":true,"href":"https:\/\/www.neotec.cz\/swissors\/wp-json\/wp\/v2\/users\/1"}],"replies":[{"embeddable":true,"href":"https:\/\/www.neotec.cz\/swissors\/wp-json\/wp\/v2\/comments?post=260"}],"version-history":[{"count":3,"href":"https:\/\/www.neotec.cz\/swissors\/wp-json\/wp\/v2\/pages\/260\/revisions"}],"predecessor-version":[{"id":265,"href":"https:\/\/www.neotec.cz\/swissors\/wp-json\/wp\/v2\/pages\/260\/revisions\/265"}],"wp:attachment":[{"href":"https:\/\/www.neotec.cz\/swissors\/wp-json\/wp\/v2\/media?parent=260"}],"curies":[{"name":"wp","href":"https:\/\/api.w.org\/{rel}","templated":true}]}}