{"id":1006,"date":"2016-02-25T15:37:32","date_gmt":"2016-02-25T14:37:32","guid":{"rendered":"http:\/\/www.neotec.cz\/zundnew\/?page_id=1006"},"modified":"2016-02-26T10:33:51","modified_gmt":"2016-02-26T09:33:51","slug":"apptextilie","status":"publish","type":"page","link":"https:\/\/www.neotec.cz\/zund\/apptextilie\/","title":{"rendered":"AppTextilie"},"content":{"rendered":"<div id=\"pl-1006\"  class=\"panel-layout\" ><div id=\"pg-1006-0\"  class=\"panel-grid panel-no-style\" ><div id=\"pgc-1006-0-0\"  class=\"panel-grid-cell\" ><div id=\"panel-1006-0-0-0\" class=\"so-panel widget widget_sow-editor panel-first-child panel-last-child\" data-index=\"0\" ><div\n\t\t\t\n\t\t\tclass=\"so-widget-sow-editor so-widget-sow-editor-base\"\n\t\t\t\n\t\t>\n<div class=\"siteorigin-widget-tinymce textwidget\">\n\t<h1><strong>Aplikace dle materi\u00e1lu - Textilie<\/strong><\/h1>\n<\/div>\n<\/div><\/div><\/div><\/div><div id=\"pg-1006-1\"  class=\"panel-grid panel-no-style\" ><div id=\"pgc-1006-1-0\"  class=\"panel-grid-cell\" ><div id=\"panel-1006-1-0-0\" class=\"so-panel widget widget_sow-image panel-first-child panel-last-child\" data-index=\"1\" ><div\n\t\t\t\n\t\t\tclass=\"so-widget-sow-image so-widget-sow-image-default-8b5b6f678277-1006\"\n\t\t\t\n\t\t>\n\n<div class=\"sow-image-container\">\n\t\t<img loading=\"lazy\" decoding=\"async\" src=\"https:\/\/www.neotec.cz\/zund\/wp-content\/uploads\/2016\/02\/textil.png\" width=\"351\" height=\"351\" srcset=\"https:\/\/www.neotec.cz\/zund\/wp-content\/uploads\/2016\/02\/textil.png 351w, https:\/\/www.neotec.cz\/zund\/wp-content\/uploads\/2016\/02\/textil-150x150.png 150w, https:\/\/www.neotec.cz\/zund\/wp-content\/uploads\/2016\/02\/textil-300x300.png 300w\" sizes=\"auto, (max-width: 351px) 100vw, 351px\" alt=\"textilie\" \t\tclass=\"so-widget-image\"\/>\n\t<\/div>\n\n<\/div><\/div><\/div><div id=\"pgc-1006-1-1\"  class=\"panel-grid-cell\" ><div id=\"panel-1006-1-1-0\" class=\"so-panel widget widget_sow-editor panel-first-child panel-last-child\" data-index=\"2\" ><div\n\t\t\t\n\t\t\tclass=\"so-widget-sow-editor so-widget-sow-editor-base\"\n\t\t\t\n\t\t><h3 class=\"widget-title\">Materi\u00e1ly<\/h3>\n<div class=\"siteorigin-widget-tinymce textwidget\">\n\t<ul>\n<li id=\"tw-target-text\" dir=\"ltr\" data-placeholder=\"P\u0159eklad\"><span lang=\"cs\">bal\u00f3nov\u00e9 hedv\u00e1b\u00ed<\/span><\/li>\n<li dir=\"ltr\" data-placeholder=\"P\u0159eklad\"><span lang=\"cs\">funk\u010dn\u00ed textilie<\/span><\/li>\n<li dir=\"ltr\" data-placeholder=\"P\u0159eklad\"><span lang=\"cs\">povrstven\u00e9 materi\u00e1ly<\/span><\/li>\n<li dir=\"ltr\" data-placeholder=\"P\u0159eklad\"><span lang=\"cs\">textiln\u00ed banery<\/span><\/li>\n<li dir=\"ltr\" data-placeholder=\"P\u0159eklad\"><span lang=\"cs\">PVC materi\u00e1l <\/span><\/li>\n<li dir=\"ltr\" data-placeholder=\"P\u0159eklad\"><span lang=\"cs\">roho\u017e um\u011bl\u00e9 hmoty <\/span><\/li>\n<li dir=\"ltr\" data-placeholder=\"P\u0159eklad\"><span lang=\"cs\">pl\u00e1\u0161t\u011bnka textil <\/span><\/li>\n<li dir=\"ltr\" data-placeholder=\"P\u0159eklad\"><span lang=\"cs\">uhl\u00edkov\u00e1 vl\u00e1kna<\/span><\/li>\n<li dir=\"ltr\" data-placeholder=\"P\u0159eklad\"><span lang=\"cs\">sklen\u011bn\u00e9 vl\u00e1kno <\/span><\/li>\n<li dir=\"ltr\" data-placeholder=\"P\u0159eklad\"><span lang=\"cs\">aramidov\u00e1 vl\u00e1kna <\/span><\/li>\n<li dir=\"ltr\" data-placeholder=\"P\u0159eklad\"><span lang=\"cs\">prepre<\/span><span lang=\"cs\">g<\/span><\/li>\n<li dir=\"ltr\" data-placeholder=\"P\u0159eklad\">kevlar<\/li>\n<\/ul>\n<\/div>\n<\/div><\/div><\/div><div id=\"pgc-1006-1-2\"  class=\"panel-grid-cell\" ><div id=\"panel-1006-1-2-0\" class=\"so-panel widget widget_sow-editor panel-first-child panel-last-child\" data-index=\"3\" ><div\n\t\t\t\n\t\t\tclass=\"so-widget-sow-editor so-widget-sow-editor-base\"\n\t\t\t\n\t\t><h3 class=\"widget-title\">N\u00e1strojov\u00e9 moduly<\/h3>\n<div class=\"siteorigin-widget-tinymce textwidget\">\n\t<ul>\n<li>Univerz\u00e1ln\u00ed modul<br \/>(UM-ZS, UM-S)<\/li>\n<\/ul>\n<\/div>\n<\/div><\/div><\/div><div id=\"pgc-1006-1-3\"  class=\"panel-grid-cell\" ><div id=\"panel-1006-1-3-0\" class=\"so-panel widget widget_sow-editor panel-first-child panel-last-child\" data-index=\"4\" ><div\n\t\t\t\n\t\t\tclass=\"so-widget-sow-editor so-widget-sow-editor-base\"\n\t\t\t\n\t\t><h3 class=\"widget-title\">N\u00e1stroje pro UM<\/h3>\n<div class=\"siteorigin-widget-tinymce textwidget\">\n\t<ul>\n<li>Elektrick\u00fd oscila\u010dn\u00ed n\u00e1stroj<br \/>(EOT)<\/li>\n<li>V\u00fdkonn\u00fd \u0159ezac\u00ed n\u00e1stroj s rotuj\u00edc\u00edm kole\u010dkem<br \/>(PRT)<\/li>\n<li>\u0158ezac\u00ed n\u00e1stroj s rotuj\u00edc\u00edm kole\u010dkem<br \/>(DRT)<\/li>\n<li>Ta\u017een\u00fd n\u00e1stroj s \u0159ezac\u00edm kole\u010dkem<br \/>(WKT)<\/li>\n<\/ul>\n<\/div>\n<\/div><\/div><\/div><\/div><div id=\"pg-1006-2\"  class=\"panel-grid panel-no-style\" ><div id=\"pgc-1006-2-0\"  class=\"panel-grid-cell\" ><div id=\"panel-1006-2-0-0\" class=\"so-panel widget widget_sow-editor panel-first-child panel-last-child\" data-index=\"5\" ><div\n\t\t\t\n\t\t\tclass=\"so-widget-sow-editor so-widget-sow-editor-base\"\n\t\t\t\n\t\t><h3 class=\"widget-title\">Aplikace<\/h3>\n<div class=\"siteorigin-widget-tinymce textwidget\">\n\t\n\t\t<style type=\"text\/css\">\n\t\t\t#gallery-1 {\n\t\t\t\tmargin: auto;\n\t\t\t}\n\t\t\t#gallery-1 .gallery-item {\n\t\t\t\tfloat: left;\n\t\t\t\tmargin-top: 10px;\n\t\t\t\ttext-align: center;\n\t\t\t\twidth: 25%;\n\t\t\t}\n\t\t\t#gallery-1 img {\n\t\t\t\tborder: 2px solid #cfcfcf;\n\t\t\t}\n\t\t\t#gallery-1 .gallery-caption {\n\t\t\t\tmargin-left: 0;\n\t\t\t}\n\t\t\t\/* see gallery_shortcode() in wp-includes\/media.php *\/\n\t\t<\/style>\n\t\t<div id='gallery-1' class='gallery galleryid-1006 gallery-columns-4 gallery-size-thumbnail'><dl class='gallery-item'>\n\t\t\t<dt class='gallery-icon landscape'>\n\t\t\t\t<img loading=\"lazy\" decoding=\"async\" width=\"150\" height=\"150\" src=\"https:\/\/www.neotec.cz\/zund\/wp-content\/uploads\/2016\/02\/text1-150x150.png\" class=\"attachment-thumbnail size-thumbnail\" alt=\"\" aria-describedby=\"gallery-1-1042\" srcset=\"https:\/\/www.neotec.cz\/zund\/wp-content\/uploads\/2016\/02\/text1-150x150.png 150w, https:\/\/www.neotec.cz\/zund\/wp-content\/uploads\/2016\/02\/text1.png 192w\" sizes=\"auto, (max-width: 150px) 100vw, 150px\" \/>\n\t\t\t<\/dt>\n\t\t\t\t<dd class='wp-caption-text gallery-caption' id='gallery-1-1042'>\n\t\t\t\tAutoplachty\n\t\t\t\t<\/dd><\/dl><dl class='gallery-item'>\n\t\t\t<dt class='gallery-icon landscape'>\n\t\t\t\t<img loading=\"lazy\" decoding=\"async\" width=\"150\" height=\"150\" src=\"https:\/\/www.neotec.cz\/zund\/wp-content\/uploads\/2016\/02\/text2-150x150.png\" class=\"attachment-thumbnail size-thumbnail\" alt=\"\" aria-describedby=\"gallery-1-1043\" srcset=\"https:\/\/www.neotec.cz\/zund\/wp-content\/uploads\/2016\/02\/text2-150x150.png 150w, https:\/\/www.neotec.cz\/zund\/wp-content\/uploads\/2016\/02\/text2.png 192w\" sizes=\"auto, (max-width: 150px) 100vw, 150px\" \/>\n\t\t\t<\/dt>\n\t\t\t\t<dd class='wp-caption-text gallery-caption' id='gallery-1-1043'>\n\t\t\t\tKoberce\n\t\t\t\t<\/dd><\/dl><dl class='gallery-item'>\n\t\t\t<dt class='gallery-icon landscape'>\n\t\t\t\t<img loading=\"lazy\" decoding=\"async\" width=\"150\" height=\"150\" src=\"https:\/\/www.neotec.cz\/zund\/wp-content\/uploads\/2016\/02\/text3-150x150.png\" class=\"attachment-thumbnail size-thumbnail\" alt=\"\" aria-describedby=\"gallery-1-1044\" srcset=\"https:\/\/www.neotec.cz\/zund\/wp-content\/uploads\/2016\/02\/text3-150x150.png 150w, https:\/\/www.neotec.cz\/zund\/wp-content\/uploads\/2016\/02\/text3.png 192w\" sizes=\"auto, (max-width: 150px) 100vw, 150px\" \/>\n\t\t\t<\/dt>\n\t\t\t\t<dd class='wp-caption-text gallery-caption' id='gallery-1-1044'>\n\t\t\t\tRolety a mark\u00fdzy\n\t\t\t\t<\/dd><\/dl><dl class='gallery-item'>\n\t\t\t<dt class='gallery-icon landscape'>\n\t\t\t\t<img loading=\"lazy\" decoding=\"async\" width=\"150\" height=\"150\" src=\"https:\/\/www.neotec.cz\/zund\/wp-content\/uploads\/2016\/02\/text4-150x150.png\" class=\"attachment-thumbnail size-thumbnail\" alt=\"\" aria-describedby=\"gallery-1-1045\" srcset=\"https:\/\/www.neotec.cz\/zund\/wp-content\/uploads\/2016\/02\/text4-150x150.png 150w, https:\/\/www.neotec.cz\/zund\/wp-content\/uploads\/2016\/02\/text4.png 192w\" sizes=\"auto, (max-width: 150px) 100vw, 150px\" \/>\n\t\t\t<\/dt>\n\t\t\t\t<dd class='wp-caption-text gallery-caption' id='gallery-1-1045'>\n\t\t\t\tBal\u00f3ny\n\t\t\t\t<\/dd><\/dl><br style=\"clear: both\" \/><dl class='gallery-item'>\n\t\t\t<dt class='gallery-icon landscape'>\n\t\t\t\t<img loading=\"lazy\" decoding=\"async\" width=\"150\" height=\"150\" src=\"https:\/\/www.neotec.cz\/zund\/wp-content\/uploads\/2016\/02\/text5-150x150.png\" class=\"attachment-thumbnail size-thumbnail\" alt=\"\" aria-describedby=\"gallery-1-1046\" srcset=\"https:\/\/www.neotec.cz\/zund\/wp-content\/uploads\/2016\/02\/text5-150x150.png 150w, https:\/\/www.neotec.cz\/zund\/wp-content\/uploads\/2016\/02\/text5.png 192w\" sizes=\"auto, (max-width: 150px) 100vw, 150px\" \/>\n\t\t\t<\/dt>\n\t\t\t\t<dd class='wp-caption-text gallery-caption' id='gallery-1-1046'>\n\t\t\t\tJachta\u0159sk\u00e9 plachty\n\t\t\t\t<\/dd><\/dl><dl class='gallery-item'>\n\t\t\t<dt class='gallery-icon landscape'>\n\t\t\t\t<img loading=\"lazy\" decoding=\"async\" width=\"150\" height=\"150\" src=\"https:\/\/www.neotec.cz\/zund\/wp-content\/uploads\/2016\/02\/text6-150x150.png\" class=\"attachment-thumbnail size-thumbnail\" alt=\"\" aria-describedby=\"gallery-1-1047\" srcset=\"https:\/\/www.neotec.cz\/zund\/wp-content\/uploads\/2016\/02\/text6-150x150.png 150w, https:\/\/www.neotec.cz\/zund\/wp-content\/uploads\/2016\/02\/text6.png 192w\" sizes=\"auto, (max-width: 150px) 100vw, 150px\" \/>\n\t\t\t<\/dt>\n\t\t\t\t<dd class='wp-caption-text gallery-caption' id='gallery-1-1047'>\n\t\t\t\tFunk\u010dn\u00ed materi\u00e1ly\n\t\t\t\t<\/dd><\/dl><dl class='gallery-item'>\n\t\t\t<dt class='gallery-icon landscape'>\n\t\t\t\t<img loading=\"lazy\" decoding=\"async\" width=\"150\" height=\"150\" src=\"https:\/\/www.neotec.cz\/zund\/wp-content\/uploads\/2016\/02\/text7-150x150.png\" class=\"attachment-thumbnail size-thumbnail\" alt=\"\" aria-describedby=\"gallery-1-1048\" srcset=\"https:\/\/www.neotec.cz\/zund\/wp-content\/uploads\/2016\/02\/text7-150x150.png 150w, https:\/\/www.neotec.cz\/zund\/wp-content\/uploads\/2016\/02\/text7.png 192w\" sizes=\"auto, (max-width: 150px) 100vw, 150px\" \/>\n\t\t\t<\/dt>\n\t\t\t\t<dd class='wp-caption-text gallery-caption' id='gallery-1-1048'>\n\t\t\t\tReklamn\u00ed banery\n\t\t\t\t<\/dd><\/dl>\n\t\t\t<br style='clear: both' \/>\n\t\t<\/div>\n\n<\/div>\n<\/div><\/div><\/div><\/div><\/div>","protected":false},"excerpt":{"rendered":"<p>Aplikace dle materi\u00e1lu &#8211; Textilie bal\u00f3nov\u00e9 hedv\u00e1b\u00edfunk\u010dn\u00ed textiliepovrstven\u00e9 materi\u00e1lytextiln\u00ed baneryPVC materi\u00e1l roho\u017e um\u011bl\u00e9 hmoty pl\u00e1\u0161t\u011bnka textil uhl\u00edkov\u00e1 vl\u00e1knasklen\u011bn\u00e9 vl\u00e1kno aramidov\u00e1 vl\u00e1kna prepregkevlar Univerz\u00e1ln\u00ed modul(UM-ZS, UM-S) Elektrick\u00fd oscila\u010dn\u00ed n\u00e1stroj(EOT) V\u00fdkonn\u00fd \u0159ezac\u00ed n\u00e1stroj s rotuj\u00edc\u00edm kole\u010dkem(PRT) \u0158ezac\u00ed n\u00e1stroj s rotuj\u00edc\u00edm kole\u010dkem(DRT) Ta\u017een\u00fd n\u00e1stroj s \u0159ezac\u00edm kole\u010dkem(WKT)<\/p>\n","protected":false},"author":2,"featured_media":0,"parent":0,"menu_order":0,"comment_status":"closed","ping_status":"closed","template":"templates\/template-full-notitle.php","meta":{"footnotes":""},"class_list":["post-1006","page","type-page","status-publish","hentry","post"],"_links":{"self":[{"href":"https:\/\/www.neotec.cz\/zund\/wp-json\/wp\/v2\/pages\/1006","targetHints":{"allow":["GET"]}}],"collection":[{"href":"https:\/\/www.neotec.cz\/zund\/wp-json\/wp\/v2\/pages"}],"about":[{"href":"https:\/\/www.neotec.cz\/zund\/wp-json\/wp\/v2\/types\/page"}],"author":[{"embeddable":true,"href":"https:\/\/www.neotec.cz\/zund\/wp-json\/wp\/v2\/users\/2"}],"replies":[{"embeddable":true,"href":"https:\/\/www.neotec.cz\/zund\/wp-json\/wp\/v2\/comments?post=1006"}],"version-history":[{"count":9,"href":"https:\/\/www.neotec.cz\/zund\/wp-json\/wp\/v2\/pages\/1006\/revisions"}],"predecessor-version":[{"id":1153,"href":"https:\/\/www.neotec.cz\/zund\/wp-json\/wp\/v2\/pages\/1006\/revisions\/1153"}],"wp:attachment":[{"href":"https:\/\/www.neotec.cz\/zund\/wp-json\/wp\/v2\/media?parent=1006"}],"curies":[{"name":"wp","href":"https:\/\/api.w.org\/{rel}","templated":true}]}}