{"id":1126,"date":"2016-02-26T09:38:42","date_gmt":"2016-02-26T08:38:42","guid":{"rendered":"http:\/\/www.neotec.cz\/zundnew\/?page_id=1126"},"modified":"2026-03-27T14:21:34","modified_gmt":"2026-03-27T13:21:34","slug":"podpexchangepnheads","status":"publish","type":"page","link":"https:\/\/www.neotec.cz\/zund\/podpexchangepnheads\/","title":{"rendered":"PodpExchangePNheads"},"content":{"rendered":"<div id=\"pl-1126\"  class=\"panel-layout\" ><div id=\"pg-1126-0\"  class=\"panel-grid panel-no-style\" ><div id=\"pgc-1126-0-0\"  class=\"panel-grid-cell\" ><div id=\"panel-1126-0-0-0\" class=\"so-panel widget widget_sow-editor panel-first-child\" data-index=\"0\" ><div\n\t\t\t\n\t\t\tclass=\"so-widget-sow-editor so-widget-sow-editor-base\"\n\t\t\t\n\t\t>\n<div class=\"siteorigin-widget-tinymce textwidget\">\n\t<h1><strong>P\u0159ehled n\u00e1stroj\u016f a n\u00e1strojov\u00fdch hlav pro \u0159adu PN<\/strong><\/h1>\n<\/div>\n<\/div><\/div><div id=\"panel-1126-0-0-1\" class=\"so-panel widget widget_sow-editor panel-last-child\" data-index=\"1\" ><div\n\t\t\t\n\t\t\tclass=\"so-widget-sow-editor so-widget-sow-editor-base\"\n\t\t\t\n\t\t>\n<div class=\"siteorigin-widget-tinymce textwidget\">\n\t<h2><a href=\"http:\/\/www.neotec.cz\/zund\/podpexchangepn\/\">Poh\u00e1n\u011bn\u00e9 n\u00e1stroje<\/a>\u00a0\/\u00a0<strong>N\u00e1strojov\u00e9 hlavy<\/strong><\/h2>\n<p>V t\u00e9to \u010d\u00e1sti naleznete pouze v\u00fdb\u011br nej\u010dast\u011bji pou\u017e\u00edvan\u00fdch n\u00e1strojov\u00fdch hlav na \u0159ad\u011b PN. Pokud jste zde n\u00e1strojovou hlavu Va\u0161eho plotru \u0159ady PN nenalezli nev\u00e1hejte n\u00e1s<a href=\"http:\/\/www.neotec.cz\/zund\/kontakty\/\"> kontaktovat<\/a>.<\/p>\n<ul>\n<li>N\u00e1strojov\u00e9 hlavy s modulem Tz \u00a0(tangenci\u00e1ln\u00ed nat\u00e1\u010den\u00ed a \u0159\u00edzen\u00e1 osa Z)<\/li>\n<\/ul>\n\n\t\t<style type=\"text\/css\">\n\t\t\t#gallery-1 {\n\t\t\t\tmargin: auto;\n\t\t\t}\n\t\t\t#gallery-1 .gallery-item {\n\t\t\t\tfloat: left;\n\t\t\t\tmargin-top: 10px;\n\t\t\t\ttext-align: center;\n\t\t\t\twidth: 33%;\n\t\t\t}\n\t\t\t#gallery-1 img {\n\t\t\t\tborder: 2px solid #cfcfcf;\n\t\t\t}\n\t\t\t#gallery-1 .gallery-caption {\n\t\t\t\tmargin-left: 0;\n\t\t\t}\n\t\t\t\/* see gallery_shortcode() in wp-includes\/media.php *\/\n\t\t<\/style>\n\t\t<div id='gallery-1' class='gallery galleryid-1126 gallery-columns-3 gallery-size-thumbnail'><dl class='gallery-item'>\n\t\t\t<dt class='gallery-icon portrait'>\n\t\t\t\t<img loading=\"lazy\" decoding=\"async\" width=\"150\" height=\"150\" src=\"https:\/\/www.neotec.cz\/zund\/wp-content\/uploads\/2016\/02\/Tz-P-150x150.jpg\" class=\"attachment-thumbnail size-thumbnail\" alt=\"\" aria-describedby=\"gallery-1-1136\" \/>\n\t\t\t<\/dt>\n\t\t\t\t<dd class='wp-caption-text gallery-caption' id='gallery-1-1136'>\n\t\t\t\t<b>Tz-P<\/b><br\/>1x tangenci\u00e1ln\u00ed modul Tz<br\/>1x elektrick\u00e9 pero\n\t\t\t\t<\/dd><\/dl><dl class='gallery-item'>\n\t\t\t<dt class='gallery-icon landscape'>\n\t\t\t\t<img loading=\"lazy\" decoding=\"async\" width=\"150\" height=\"150\" src=\"https:\/\/www.neotec.cz\/zund\/wp-content\/uploads\/2016\/02\/Tz-T-P-150x150.jpg\" class=\"attachment-thumbnail size-thumbnail\" alt=\"\" aria-describedby=\"gallery-1-1147\" \/>\n\t\t\t<\/dt>\n\t\t\t\t<dd class='wp-caption-text gallery-caption' id='gallery-1-1147'>\n\t\t\t\t<b>Tz-T-P<\/b><br\/>2x tangenci\u00e1ln\u00ed modul Tz<br\/>1x elektrick\u00e9 pero\n\t\t\t\t<\/dd><\/dl><dl class='gallery-item'>\n\t\t\t<dt class='gallery-icon portrait'>\n\t\t\t\t<img loading=\"lazy\" decoding=\"async\" width=\"150\" height=\"150\" src=\"https:\/\/www.neotec.cz\/zund\/wp-content\/uploads\/2016\/02\/Tz-P20-150x150.jpg\" class=\"attachment-thumbnail size-thumbnail\" alt=\"\" aria-describedby=\"gallery-1-1137\" \/>\n\t\t\t<\/dt>\n\t\t\t\t<dd class='wp-caption-text gallery-caption' id='gallery-1-1137'>\n\t\t\t\t<b>Tz-P20<\/b><br\/>1x tangenci\u00e1ln\u00ed modul Tz<br\/>1x  pneumatick\u00e9 pero\n\t\t\t\t<\/dd><\/dl><br style=\"clear: both\" \/><dl class='gallery-item'>\n\t\t\t<dt class='gallery-icon portrait'>\n\t\t\t\t<img loading=\"lazy\" decoding=\"async\" width=\"150\" height=\"150\" src=\"https:\/\/www.neotec.cz\/zund\/wp-content\/uploads\/2016\/02\/Tz-T-P20-150x150.jpg\" class=\"attachment-thumbnail size-thumbnail\" alt=\"\" aria-describedby=\"gallery-1-1148\" \/>\n\t\t\t<\/dt>\n\t\t\t\t<dd class='wp-caption-text gallery-caption' id='gallery-1-1148'>\n\t\t\t\t<b>Tz-T-P20<\/b><br\/>2x tangenci\u00e1ln\u00ed modul Tz<br\/>1x pneumatick\u00e9 pero\n\t\t\t\t<\/dd><\/dl><dl class='gallery-item'>\n\t\t\t<dt class='gallery-icon portrait'>\n\t\t\t\t<img loading=\"lazy\" decoding=\"async\" width=\"150\" height=\"150\" src=\"https:\/\/www.neotec.cz\/zund\/wp-content\/uploads\/2016\/02\/Tzs-P20-150x150.jpg\" class=\"attachment-thumbnail size-thumbnail\" alt=\"\" aria-describedby=\"gallery-1-1143\" srcset=\"https:\/\/www.neotec.cz\/zund\/wp-content\/uploads\/2016\/02\/Tzs-P20-150x150.jpg 150w, https:\/\/www.neotec.cz\/zund\/wp-content\/uploads\/2016\/02\/Tzs-P20-382x380.jpg 382w\" sizes=\"auto, (max-width: 150px) 100vw, 150px\" \/>\n\t\t\t<\/dt>\n\t\t\t\t<dd class='wp-caption-text gallery-caption' id='gallery-1-1143'>\n\t\t\t\t<b>Tzs-P20-T<\/b><br\/>1x tangenci\u00e1ln\u00ed modul Tzs<br\/>pro zv\u00fd\u0161enou sv\u011btlost mostu<br\/>1x pneumatick\u00e9 pero\n\t\t\t\t<\/dd><\/dl><dl class='gallery-item'>\n\t\t\t<dt class='gallery-icon portrait'>\n\t\t\t\t<img loading=\"lazy\" decoding=\"async\" width=\"150\" height=\"150\" src=\"https:\/\/www.neotec.cz\/zund\/wp-content\/uploads\/2016\/02\/Tzs-P20-T-150x150.jpg\" class=\"attachment-thumbnail size-thumbnail\" alt=\"\" aria-describedby=\"gallery-1-1144\" \/>\n\t\t\t<\/dt>\n\t\t\t\t<dd class='wp-caption-text gallery-caption' id='gallery-1-1144'>\n\t\t\t\t<b>Tzs-P20-T<\/b><br\/>2x tangenci\u00e1ln\u00ed modul Tzs<br\/>pro  zv\u00fd\u0161enou sv\u011btlost mostu<br\/>1x pneumatick\u00e1 pero\n\t\t\t\t<\/dd><\/dl><br style=\"clear: both\" \/><dl class='gallery-item'>\n\t\t\t<dt class='gallery-icon portrait'>\n\t\t\t\t<img loading=\"lazy\" decoding=\"async\" width=\"150\" height=\"150\" src=\"https:\/\/www.neotec.cz\/zund\/wp-content\/uploads\/2016\/02\/T75z-150x150.jpg\" class=\"attachment-thumbnail size-thumbnail\" alt=\"\" aria-describedby=\"gallery-1-1133\" \/>\n\t\t\t<\/dt>\n\t\t\t\t<dd class='wp-caption-text gallery-caption' id='gallery-1-1133'>\n\t\t\t\t<b>T75z<\/b><br\/>1x tangenci\u00e1ln\u00ed modul T75z pro V-cut\n\t\t\t\t<\/dd><\/dl><dl class='gallery-item'>\n\t\t\t<dt class='gallery-icon landscape'>\n\t\t\t\t<img loading=\"lazy\" decoding=\"async\" width=\"150\" height=\"150\" src=\"https:\/\/www.neotec.cz\/zund\/wp-content\/uploads\/2016\/02\/Tz-T75-P-150x150.jpg\" class=\"attachment-thumbnail size-thumbnail\" alt=\"\" aria-describedby=\"gallery-1-1146\" \/>\n\t\t\t<\/dt>\n\t\t\t\t<dd class='wp-caption-text gallery-caption' id='gallery-1-1146'>\n\t\t\t\t<b>Tz-T-P20<\/b><br\/>1x tangenci\u00e1ln\u00ed modul Tz<br\/>1x tangenci\u00e1ln\u00ed modul T75 pro V-cut<br\/>1x elektrick\u00e9 pero\n\t\t\t\t<\/dd><\/dl><dl class='gallery-item'>\n\t\t\t<dt class='gallery-icon portrait'>\n\t\t\t\t<img loading=\"lazy\" decoding=\"async\" width=\"150\" height=\"150\" src=\"https:\/\/www.neotec.cz\/zund\/wp-content\/uploads\/2016\/02\/Tz-P20-NO-150x150.jpg\" class=\"attachment-thumbnail size-thumbnail\" alt=\"\" aria-describedby=\"gallery-1-1138\" \/>\n\t\t\t<\/dt>\n\t\t\t\t<dd class='wp-caption-text gallery-caption' id='gallery-1-1138'>\n\t\t\t\t<b>Tz-P20-No<\/b><br\/>1x tangenci\u00e1ln\u00ed modul Tz<br\/>1x vysek\u00e1vac\u00ed modul No<br\/>1x pneumatick\u00e9 pero\n\t\t\t\t<\/dd><\/dl><br style=\"clear: both\" \/><dl class='gallery-item'>\n\t\t\t<dt class='gallery-icon portrait'>\n\t\t\t\t<img loading=\"lazy\" decoding=\"async\" width=\"150\" height=\"150\" src=\"https:\/\/www.neotec.cz\/zund\/wp-content\/uploads\/2016\/02\/Tz-P20-Pu-150x150.jpg\" class=\"attachment-thumbnail size-thumbnail\" alt=\"\" aria-describedby=\"gallery-1-1139\" \/>\n\t\t\t<\/dt>\n\t\t\t\t<dd class='wp-caption-text gallery-caption' id='gallery-1-1139'>\n\t\t\t\t<b>Tz-P20-Pu<\/b><br\/>1x tangenci\u00e1ln\u00ed modul Tz<br\/>1x vysek\u00e1vac\u00ed modul Pu<br\/>1x pneumatick\u00e9 pero\n\t\t\t\t<\/dd><\/dl><dl class='gallery-item'>\n\t\t\t<dt class='gallery-icon portrait'>\n\t\t\t\t<img loading=\"lazy\" decoding=\"async\" width=\"150\" height=\"150\" src=\"https:\/\/www.neotec.cz\/zund\/wp-content\/uploads\/2016\/02\/Tz-P20-Pu20-150x150.jpg\" class=\"attachment-thumbnail size-thumbnail\" alt=\"\" aria-describedby=\"gallery-1-1140\" \/>\n\t\t\t<\/dt>\n\t\t\t\t<dd class='wp-caption-text gallery-caption' id='gallery-1-1140'>\n\t\t\t\t<b>Tz-P20-Pu20<\/b><br\/>1x tangenci\u00e1ln\u00ed modul Tz<br\/>1x vysek\u00e1vac\u00ed modul Pu20<br\/>1x pneumatick\u00e9 pero\n\t\t\t\t<\/dd><\/dl><dl class='gallery-item'>\n\t\t\t<dt class='gallery-icon portrait'>\n\t\t\t\t<img loading=\"lazy\" decoding=\"async\" width=\"150\" height=\"150\" src=\"https:\/\/www.neotec.cz\/zund\/wp-content\/uploads\/2016\/02\/Tz-R45-P-150x150.jpg\" class=\"attachment-thumbnail size-thumbnail\" alt=\"\" aria-describedby=\"gallery-1-1141\" \/>\n\t\t\t<\/dt>\n\t\t\t\t<dd class='wp-caption-text gallery-caption' id='gallery-1-1141'>\n\t\t\t\t<b>Tz-R45-P<\/b><br\/>1x tangenci\u00e1ln\u00ed modul Tz<br\/>1x fr\u00e9zovac\u00ed modul R45<br\/>pro v\u0159etena 150 a 400W\n\t\t\t\t<\/dd><\/dl><br style=\"clear: both\" \/><dl class='gallery-item'>\n\t\t\t<dt class='gallery-icon portrait'>\n\t\t\t\t<img loading=\"lazy\" decoding=\"async\" width=\"150\" height=\"150\" src=\"https:\/\/www.neotec.cz\/zund\/wp-content\/uploads\/2016\/02\/Tz-R45s-150x150.jpg\" class=\"attachment-thumbnail size-thumbnail\" alt=\"\" aria-describedby=\"gallery-1-1142\" \/>\n\t\t\t<\/dt>\n\t\t\t\t<dd class='wp-caption-text gallery-caption' id='gallery-1-1142'>\n\t\t\t\t<b>Tz-R45s<\/b><br\/>1x tangenci\u00e1ln\u00ed modul Tz<br\/>1x fr\u00e9zovac\u00ed modul R45s<br\/>pro v\u0159eteno 1kW\n\t\t\t\t<\/dd><\/dl><dl class='gallery-item'>\n\t\t\t<dt class='gallery-icon portrait'>\n\t\t\t\t<img loading=\"lazy\" decoding=\"async\" width=\"150\" height=\"150\" src=\"https:\/\/www.neotec.cz\/zund\/wp-content\/uploads\/2016\/02\/Tzs-R45s-150x150.jpg\" class=\"attachment-thumbnail size-thumbnail\" alt=\"\" aria-describedby=\"gallery-1-1145\" \/>\n\t\t\t<\/dt>\n\t\t\t\t<dd class='wp-caption-text gallery-caption' id='gallery-1-1145'>\n\t\t\t\t<b>Tzs-R45s<\/b><br\/>1x tangenci\u00e1ln\u00ed modul Tzs<br\/>pro zv\u00fd\u0161enou sv\u011btlost mostu<br\/>1x fr\u00e9zovac\u00ed modul R45s<br\/>pro v\u0159eteno 1kW\n\t\t\t\t<\/dd><\/dl>\n\t\t\t<br style='clear: both' \/>\n\t\t<\/div>\n\n<p>\u00a0<\/p>\n<ul>\n<li>\u0158ezac\u00ed\/na\u0159ezavac\u00ed (kiss-cutov\u00e9) n\u00e1strojov\u00e9 hlavy s ta\u017een\u00fdm tangenci\u00e1ln\u011b nastaviteln\u00fdm no\u017eem a osou Z s jemn\u011b nastaviteln\u00fdm p\u0159\u00edtkakem no\u017ee do 1500 g. \u00a0Alternativn\u00ed pou\u017eit\u00ed no\u017ee nebo pera. Mimo jin\u00e9 jsou tyto hlavy vhodn\u00e9 hodn\u00e9 pro na\u0159ez\u00e1v\u00e1n\u00ed samolepek.<\/li>\n<\/ul>\n\n\t\t<style type=\"text\/css\">\n\t\t\t#gallery-2 {\n\t\t\t\tmargin: auto;\n\t\t\t}\n\t\t\t#gallery-2 .gallery-item {\n\t\t\t\tfloat: left;\n\t\t\t\tmargin-top: 10px;\n\t\t\t\ttext-align: center;\n\t\t\t\twidth: 33%;\n\t\t\t}\n\t\t\t#gallery-2 img {\n\t\t\t\tborder: 2px solid #cfcfcf;\n\t\t\t}\n\t\t\t#gallery-2 .gallery-caption {\n\t\t\t\tmargin-left: 0;\n\t\t\t}\n\t\t\t\/* see gallery_shortcode() in wp-includes\/media.php *\/\n\t\t<\/style>\n\t\t<div id='gallery-2' class='gallery galleryid-1126 gallery-columns-3 gallery-size-thumbnail'><dl class='gallery-item'>\n\t\t\t<dt class='gallery-icon portrait'>\n\t\t\t\t<img loading=\"lazy\" decoding=\"async\" width=\"150\" height=\"150\" src=\"https:\/\/www.neotec.cz\/zund\/wp-content\/uploads\/2016\/02\/C2-150x150.jpg\" class=\"attachment-thumbnail size-thumbnail\" alt=\"\" aria-describedby=\"gallery-2-1163\" \/>\n\t\t\t<\/dt>\n\t\t\t\t<dd class='wp-caption-text gallery-caption' id='gallery-2-1163'>\n\t\t\t\t<b>C2P<\/b><br\/>1x tangenci\u00e1ln\u00ed slot no\u017ee\n\t\t\t\t<\/dd><\/dl><dl class='gallery-item'>\n\t\t\t<dt class='gallery-icon portrait'>\n\t\t\t\t<img loading=\"lazy\" decoding=\"async\" width=\"150\" height=\"150\" src=\"https:\/\/www.neotec.cz\/zund\/wp-content\/uploads\/2016\/02\/C2P-150x150.jpg\" class=\"attachment-thumbnail size-thumbnail\" alt=\"\" aria-describedby=\"gallery-2-1164\" \/>\n\t\t\t<\/dt>\n\t\t\t\t<dd class='wp-caption-text gallery-caption' id='gallery-2-1164'>\n\t\t\t\t<b>C2P<\/b><br\/>1x tangenci\u00e1ln\u00ed slot no\u017ee<br\/>1x elektrick\u00e9 pero\n\t\t\t\t<\/dd><\/dl><dl class='gallery-item'>\n\t\t\t<dt class='gallery-icon landscape'>\n\t\t\t\t<img loading=\"lazy\" decoding=\"async\" width=\"150\" height=\"150\" src=\"https:\/\/www.neotec.cz\/zund\/wp-content\/uploads\/2016\/02\/CP-150x150.jpg\" class=\"attachment-thumbnail size-thumbnail\" alt=\"\" aria-describedby=\"gallery-2-1165\" \/>\n\t\t\t<\/dt>\n\t\t\t\t<dd class='wp-caption-text gallery-caption' id='gallery-2-1165'>\n\t\t\t\t<b>CP<\/b><br\/>1x tangenci\u00e1ln\u00ed slot no\u017ee<br\/>1x elektrick\u00e9 pero\n\t\t\t\t<\/dd><\/dl><br style=\"clear: both\" \/>\n\t\t<\/div>\n\n<p>\u00a0<\/p>\n<ul>\n<li>Samostatn\u00e9 fr\u00e9zovac\u00ed hlavy s modulem pera<\/li>\n<\/ul>\n\n\t\t<style type=\"text\/css\">\n\t\t\t#gallery-3 {\n\t\t\t\tmargin: auto;\n\t\t\t}\n\t\t\t#gallery-3 .gallery-item {\n\t\t\t\tfloat: left;\n\t\t\t\tmargin-top: 10px;\n\t\t\t\ttext-align: center;\n\t\t\t\twidth: 33%;\n\t\t\t}\n\t\t\t#gallery-3 img {\n\t\t\t\tborder: 2px solid #cfcfcf;\n\t\t\t}\n\t\t\t#gallery-3 .gallery-caption {\n\t\t\t\tmargin-left: 0;\n\t\t\t}\n\t\t\t\/* see gallery_shortcode() in wp-includes\/media.php *\/\n\t\t<\/style>\n\t\t<div id='gallery-3' class='gallery galleryid-1126 gallery-columns-3 gallery-size-thumbnail'><dl class='gallery-item'>\n\t\t\t<dt class='gallery-icon portrait'>\n\t\t\t\t<img loading=\"lazy\" decoding=\"async\" width=\"150\" height=\"150\" src=\"https:\/\/www.neotec.cz\/zund\/wp-content\/uploads\/2016\/02\/R45P-150x150.jpg\" class=\"attachment-thumbnail size-thumbnail\" alt=\"\" aria-describedby=\"gallery-3-1167\" \/>\n\t\t\t<\/dt>\n\t\t\t\t<dd class='wp-caption-text gallery-caption' id='gallery-3-1167'>\n\t\t\t\t<b>R45P<\/b><br\/>1x fr\u00e9zovac\u00ed modul R45<br\/>pro v\u0159etena 150 a 450 W<br\/>1x elektrick\u00e9 pero\n\t\t\t\t<\/dd><\/dl><dl class='gallery-item'>\n\t\t\t<dt class='gallery-icon landscape'>\n\t\t\t\t<img loading=\"lazy\" decoding=\"async\" width=\"150\" height=\"150\" src=\"https:\/\/www.neotec.cz\/zund\/wp-content\/uploads\/2016\/02\/Rz-P-150x150.jpg\" class=\"attachment-thumbnail size-thumbnail\" alt=\"\" aria-describedby=\"gallery-3-1169\" srcset=\"https:\/\/www.neotec.cz\/zund\/wp-content\/uploads\/2016\/02\/Rz-P-150x150.jpg 150w, https:\/\/www.neotec.cz\/zund\/wp-content\/uploads\/2016\/02\/Rz-P-300x300.jpg 300w, https:\/\/www.neotec.cz\/zund\/wp-content\/uploads\/2016\/02\/Rz-P.jpg 500w\" sizes=\"auto, (max-width: 150px) 100vw, 150px\" \/>\n\t\t\t<\/dt>\n\t\t\t\t<dd class='wp-caption-text gallery-caption' id='gallery-3-1169'>\n\t\t\t\t<b>Rz-P<\/b><br\/>1x fr\u00e9zovac\u00ed modul R45<br\/>pro v\u0159etena 450 W<br\/>1x elektrick\u00e9 pero\n\t\t\t\t<\/dd><\/dl><dl class='gallery-item'>\n\t\t\t<dt class='gallery-icon portrait'>\n\t\t\t\t<img loading=\"lazy\" decoding=\"async\" width=\"150\" height=\"150\" src=\"https:\/\/www.neotec.cz\/zund\/wp-content\/uploads\/2016\/02\/R45s-P20-150x150.png\" class=\"attachment-thumbnail size-thumbnail\" alt=\"\" aria-describedby=\"gallery-3-1168\" \/>\n\t\t\t<\/dt>\n\t\t\t\t<dd class='wp-caption-text gallery-caption' id='gallery-3-1168'>\n\t\t\t\t<b>R45s-P20<\/b><br\/>1x fr\u00e9zovac\u00ed modul R45s<br\/>pro v\u0159eteno 1kW<br\/>1x pneumatick\u00e9 pero\n\t\t\t\t<\/dd><\/dl><br style=\"clear: both\" \/>\n\t\t<\/div>\n\n<p>\u00a0<\/p>\n<ul>\n<li>Popisovac\u00ed hlavy<\/li>\n<\/ul>\n\n\t\t<style type=\"text\/css\">\n\t\t\t#gallery-4 {\n\t\t\t\tmargin: auto;\n\t\t\t}\n\t\t\t#gallery-4 .gallery-item {\n\t\t\t\tfloat: left;\n\t\t\t\tmargin-top: 10px;\n\t\t\t\ttext-align: center;\n\t\t\t\twidth: 33%;\n\t\t\t}\n\t\t\t#gallery-4 img {\n\t\t\t\tborder: 2px solid #cfcfcf;\n\t\t\t}\n\t\t\t#gallery-4 .gallery-caption {\n\t\t\t\tmargin-left: 0;\n\t\t\t}\n\t\t\t\/* see gallery_shortcode() in wp-includes\/media.php *\/\n\t\t<\/style>\n\t\t<div id='gallery-4' class='gallery galleryid-1126 gallery-columns-3 gallery-size-thumbnail'><dl class='gallery-item'>\n\t\t\t<dt class='gallery-icon landscape'>\n\t\t\t\t<img loading=\"lazy\" decoding=\"async\" width=\"150\" height=\"150\" src=\"https:\/\/www.neotec.cz\/zund\/wp-content\/uploads\/2016\/02\/PH-1-150x150.jpg\" class=\"attachment-thumbnail size-thumbnail\" alt=\"\" aria-describedby=\"gallery-4-1173\" \/>\n\t\t\t<\/dt>\n\t\t\t\t<dd class='wp-caption-text gallery-caption' id='gallery-4-1173'>\n\t\t\t\t<b>PH-1<\/b><br\/>1x elektrick\u00e9 pero\n\t\t\t\t<\/dd><\/dl><dl class='gallery-item'>\n\t\t\t<dt class='gallery-icon landscape'>\n\t\t\t\t<img loading=\"lazy\" decoding=\"async\" width=\"150\" height=\"150\" src=\"https:\/\/www.neotec.cz\/zund\/wp-content\/uploads\/2016\/02\/2Phead-150x150.jpg\" class=\"attachment-thumbnail size-thumbnail\" alt=\"\" aria-describedby=\"gallery-4-1172\" \/>\n\t\t\t<\/dt>\n\t\t\t\t<dd class='wp-caption-text gallery-caption' id='gallery-4-1172'>\n\t\t\t\t<b>2P<\/b><br\/>2x elektrick\u00e9 pero\n\t\t\t\t<\/dd><\/dl>\n\t\t\t<br style='clear: both' \/>\n\t\t<\/div>\n\n<p>\u00a0<\/p>\n<p>Poh\u00e1n\u011bn\u00e9 n\u00e1stroje\u00a0pro \u0159adu PN\u00a0naleznete <a href=\"http:\/\/www.neotec.cz\/zund\/podpexchangepn\/\">zde<\/a>.<\/p>\n<\/div>\n<\/div><\/div><\/div><\/div><\/div>","protected":false},"excerpt":{"rendered":"<p>P\u0159ehled n\u00e1stroj\u016f a n\u00e1strojov\u00fdch hlav pro \u0159adu PN Poh\u00e1n\u011bn\u00e9 n\u00e1stroje\u00a0\/\u00a0N\u00e1strojov\u00e9 hlavyV t\u00e9to \u010d\u00e1sti naleznete pouze v\u00fdb\u011br nej\u010dast\u011bji pou\u017e\u00edvan\u00fdch n\u00e1strojov\u00fdch hlav na \u0159ad\u011b PN. Pokud jste zde n\u00e1strojovou hlavu Va\u0161eho plotru \u0159ady PN nenalezli nev\u00e1hejte n\u00e1s kontaktovat.N\u00e1strojov\u00e9 hlavy s modulem Tz \u00a0(tangenci\u00e1ln\u00ed nat\u00e1\u010den\u00ed a \u0159\u00edzen\u00e1 osa Z)\u00a0\u0158ezac\u00ed\/na\u0159ezavac\u00ed (kiss-cutov\u00e9) n\u00e1strojov\u00e9 hlavy s ta\u017een\u00fdm tangenci\u00e1ln\u011b nastaviteln\u00fdm no\u017eem a [&hellip;]<\/p>\n","protected":false},"author":1,"featured_media":0,"parent":0,"menu_order":0,"comment_status":"closed","ping_status":"closed","template":"templates\/template-full-notitle.php","meta":{"footnotes":""},"class_list":["post-1126","page","type-page","status-publish","hentry","post"],"_links":{"self":[{"href":"https:\/\/www.neotec.cz\/zund\/wp-json\/wp\/v2\/pages\/1126","targetHints":{"allow":["GET"]}}],"collection":[{"href":"https:\/\/www.neotec.cz\/zund\/wp-json\/wp\/v2\/pages"}],"about":[{"href":"https:\/\/www.neotec.cz\/zund\/wp-json\/wp\/v2\/types\/page"}],"author":[{"embeddable":true,"href":"https:\/\/www.neotec.cz\/zund\/wp-json\/wp\/v2\/users\/1"}],"replies":[{"embeddable":true,"href":"https:\/\/www.neotec.cz\/zund\/wp-json\/wp\/v2\/comments?post=1126"}],"version-history":[{"count":25,"href":"https:\/\/www.neotec.cz\/zund\/wp-json\/wp\/v2\/pages\/1126\/revisions"}],"predecessor-version":[{"id":2871,"href":"https:\/\/www.neotec.cz\/zund\/wp-json\/wp\/v2\/pages\/1126\/revisions\/2871"}],"wp:attachment":[{"href":"https:\/\/www.neotec.cz\/zund\/wp-json\/wp\/v2\/media?parent=1126"}],"curies":[{"name":"wp","href":"https:\/\/api.w.org\/{rel}","templated":true}]}}