{"id":117,"date":"2016-02-07T12:15:02","date_gmt":"2016-02-07T11:15:02","guid":{"rendered":"http:\/\/www.neotec.cz\/zundnew\/?page_id=117"},"modified":"2026-03-27T15:07:53","modified_gmt":"2026-03-27T14:07:53","slug":"podpora","status":"publish","type":"page","link":"https:\/\/www.neotec.cz\/zund\/podpora\/","title":{"rendered":"Podpora"},"content":{"rendered":"<div id=\"pl-117\"  class=\"panel-layout\" ><div id=\"pg-117-0\"  class=\"panel-grid panel-no-style\" ><div id=\"pgc-117-0-0\"  class=\"panel-grid-cell\" ><div id=\"panel-117-0-0-0\" class=\"so-panel widget widget_sow-editor panel-first-child\" data-index=\"0\" ><div\n\t\t\t\n\t\t\tclass=\"so-widget-sow-editor so-widget-sow-editor-base\"\n\t\t\t\n\t\t>\n<div class=\"siteorigin-widget-tinymce textwidget\">\n\t<h1><strong>Podpora<\/strong><\/h1>\n<\/div>\n<\/div><\/div><div id=\"panel-117-0-0-1\" class=\"so-panel widget widget_sow-editor\" data-index=\"1\" ><div\n\t\t\t\n\t\t\tclass=\"so-widget-sow-editor so-widget-sow-editor-base\"\n\t\t\t\n\t\t><h3 class=\"widget-title\">\u0158ezac\u00ed plotry modelov\u00fdch \u0159ad G3, S3, L3 a D3<\/h3>\n<div class=\"siteorigin-widget-tinymce textwidget\">\n\t<p>Zaji\u0161\u0165ujeme plnou podporu, poradenstv\u00ed, servis, dod\u00e1vky n\u00e1hradn\u00edch d\u00edl\u016f a spot\u0159ebn\u00edho materi\u00e1lu pro uveden\u00e9\u00a0modelov\u00e9 \u0159ady \u0159ezac\u00edch plotr\u016f Z\u00fcnd. Pom\u016f\u017eeme V\u00e1m samoz\u0159ejm\u011b nejen s vlastn\u00edm \u0159ezac\u00edm plotrem, ale tak\u00e9 s ovl\u00e1dac\u00edm softwarem ZCC, apod..<\/p>\n<p>Zaj\u00edmavou mo\u017enost\u00ed, jak s minim\u00e1ln\u00edmi n\u00e1klady udr\u017eovat V\u00e1\u0161 \u0159ezac\u00ed plotr Z\u00fcnd st\u00e1le v dobr\u00e9 kondici, je v\u00fdm\u011bnn\u00fd syst\u00e9m pro n\u00e1strojov\u00e9 moduly, hlavy a poh\u00e1n\u011bn\u00e9 n\u00e1stroje. \u00a0Pokud se projev\u00ed probl\u00e9m na n\u011bkter\u00e9 z uveden\u00fdch \u010d\u00e1st\u00ed, a\u0165 u\u017e formou zhor\u0161en\u00e9 kvality \u0159ezu \u010di \u00faplnou nefunk\u010dnost\u00ed, dod\u00e1me V\u00e1m za velmi v\u00fdhodn\u00fdch finan\u010dn\u00edch podm\u00ednek firmou Z\u00fcnd repasovan\u00fd n\u00e1stroj, n\u00e1strojov\u00fd modul \u010di hlavu a vy n\u00e1m V\u00e1\u0161 nefunk\u010dn\u00ed po\u0161lete zp\u011bt. Na takto dodan\u00fd d\u00edl je samoz\u0159ejm\u011b poskytov\u00e1na i 6 m\u011bs\u00ed\u010dn\u00ed z\u00e1ru\u010dn\u00ed doba p\u0159i jednosm\u011bnn\u00e9m provozu. Na n\u00e1sleduj\u00edc\u00edch odkazech najdete p\u0159ehled, na kter\u00e9 n\u00e1stroje, n\u00e1strojov\u00e9 moduly a hlavy lze tento v\u00fdm\u011bnn\u00fd zp\u016fsob uplatnit :<\/p>\n<ul>\n<li style=\"list-style-type: none;\">\n<ul>\n<li><a href=\"http:\/\/www.neotec.cz\/zund\/podpexchangegen3\/\">modelov\u00e9 \u0159ady G3, S3, L3 a D3 - sou\u010dasn\u00e1 generace \u0159ezac\u00edch plotr\u016f Z\u00fcnd<\/a><\/li>\n<\/ul>\n<\/li>\n<\/ul>\n<p>&nbsp;<\/p>\n\n\t\t<style type=\"text\/css\">\n\t\t\t#gallery-1 {\n\t\t\t\tmargin: auto;\n\t\t\t}\n\t\t\t#gallery-1 .gallery-item {\n\t\t\t\tfloat: left;\n\t\t\t\tmargin-top: 10px;\n\t\t\t\ttext-align: center;\n\t\t\t\twidth: 25%;\n\t\t\t}\n\t\t\t#gallery-1 img {\n\t\t\t\tborder: 2px solid #cfcfcf;\n\t\t\t}\n\t\t\t#gallery-1 .gallery-caption {\n\t\t\t\tmargin-left: 0;\n\t\t\t}\n\t\t\t\/* see gallery_shortcode() in wp-includes\/media.php *\/\n\t\t<\/style>\n\t\t<div id='gallery-1' class='gallery galleryid-117 gallery-columns-4 gallery-size-thumbnail'><dl class='gallery-item'>\n\t\t\t<dt class='gallery-icon landscape'>\n\t\t\t\t<img loading=\"lazy\" decoding=\"async\" width=\"150\" height=\"150\" src=\"https:\/\/www.neotec.cz\/zund\/wp-content\/uploads\/2016\/02\/miniG3-150x150.png\" class=\"attachment-thumbnail size-thumbnail\" alt=\"\" aria-describedby=\"gallery-1-1081\" srcset=\"https:\/\/www.neotec.cz\/zund\/wp-content\/uploads\/2016\/02\/miniG3-150x150.png 150w, https:\/\/www.neotec.cz\/zund\/wp-content\/uploads\/2016\/02\/miniG3-300x300.png 300w, https:\/\/www.neotec.cz\/zund\/wp-content\/uploads\/2016\/02\/miniG3.png 400w\" sizes=\"auto, (max-width: 150px) 100vw, 150px\" \/>\n\t\t\t<\/dt>\n\t\t\t\t<dd class='wp-caption-text gallery-caption' id='gallery-1-1081'>\n\t\t\t\t\u0158ada G3\n\t\t\t\t<\/dd><\/dl><dl class='gallery-item'>\n\t\t\t<dt class='gallery-icon landscape'>\n\t\t\t\t<img loading=\"lazy\" decoding=\"async\" width=\"150\" height=\"150\" src=\"https:\/\/www.neotec.cz\/zund\/wp-content\/uploads\/2016\/02\/miniS3-150x150.png\" class=\"attachment-thumbnail size-thumbnail\" alt=\"\" aria-describedby=\"gallery-1-1083\" srcset=\"https:\/\/www.neotec.cz\/zund\/wp-content\/uploads\/2016\/02\/miniS3-150x150.png 150w, https:\/\/www.neotec.cz\/zund\/wp-content\/uploads\/2016\/02\/miniS3-300x300.png 300w, https:\/\/www.neotec.cz\/zund\/wp-content\/uploads\/2016\/02\/miniS3.png 400w\" sizes=\"auto, (max-width: 150px) 100vw, 150px\" \/>\n\t\t\t<\/dt>\n\t\t\t\t<dd class='wp-caption-text gallery-caption' id='gallery-1-1083'>\n\t\t\t\t\u0158ada S3\n\t\t\t\t<\/dd><\/dl><dl class='gallery-item'>\n\t\t\t<dt class='gallery-icon landscape'>\n\t\t\t\t<img loading=\"lazy\" decoding=\"async\" width=\"150\" height=\"150\" src=\"https:\/\/www.neotec.cz\/zund\/wp-content\/uploads\/2016\/02\/miniL3-150x150.png\" class=\"attachment-thumbnail size-thumbnail\" alt=\"\" aria-describedby=\"gallery-1-1082\" srcset=\"https:\/\/www.neotec.cz\/zund\/wp-content\/uploads\/2016\/02\/miniL3-150x150.png 150w, https:\/\/www.neotec.cz\/zund\/wp-content\/uploads\/2016\/02\/miniL3-300x300.png 300w, https:\/\/www.neotec.cz\/zund\/wp-content\/uploads\/2016\/02\/miniL3.png 400w\" sizes=\"auto, (max-width: 150px) 100vw, 150px\" \/>\n\t\t\t<\/dt>\n\t\t\t\t<dd class='wp-caption-text gallery-caption' id='gallery-1-1082'>\n\t\t\t\t\u0158ada L3\n\t\t\t\t<\/dd><\/dl><dl class='gallery-item'>\n\t\t\t<dt class='gallery-icon landscape'>\n\t\t\t\t<img loading=\"lazy\" decoding=\"async\" width=\"150\" height=\"150\" src=\"https:\/\/www.neotec.cz\/zund\/wp-content\/uploads\/2016\/02\/miniD3-150x150.png\" class=\"attachment-thumbnail size-thumbnail\" alt=\"\" aria-describedby=\"gallery-1-1080\" srcset=\"https:\/\/www.neotec.cz\/zund\/wp-content\/uploads\/2016\/02\/miniD3-150x150.png 150w, https:\/\/www.neotec.cz\/zund\/wp-content\/uploads\/2016\/02\/miniD3-300x300.png 300w, https:\/\/www.neotec.cz\/zund\/wp-content\/uploads\/2016\/02\/miniD3.png 400w\" sizes=\"auto, (max-width: 150px) 100vw, 150px\" \/>\n\t\t\t<\/dt>\n\t\t\t\t<dd class='wp-caption-text gallery-caption' id='gallery-1-1080'>\n\t\t\t\t\u0158ada D3\n\t\t\t\t<\/dd><\/dl><br style=\"clear: both\" \/>\n\t\t<\/div>\n\n<\/div>\n<\/div><\/div><div id=\"panel-117-0-0-2\" class=\"so-panel widget widget_sow-editor\" data-index=\"2\" ><div\n\t\t\t\n\t\t\tclass=\"so-widget-sow-editor so-widget-sow-editor-base\"\n\t\t\t\n\t\t><h3 class=\"widget-title\">Star\u0161\u00ed plotry \u0159ady PN, P a star\u0161\u00ed modely Wild-Leica v\u010detn\u011b odvozen\u00fdch typ\u016f<\/h3>\n<div class=\"siteorigin-widget-tinymce textwidget\">\n\t<p>Sna\u017e\u00edme se na\u0161im z\u00e1kazn\u00edk\u016fm poskytovat podporu a servis i pro tyto, \u00a0v\u00fdrobcem ji\u017e nepodporovan\u00e9 typy. \u0158ada n\u00e1hradn\u00edch d\u00edl\u016f v\u0161ak ji\u017e nen\u00ed dostupn\u00e1. Pro uveden\u00e9 modely takt\u00e9\u017e dod\u00e1v\u00e1me spot\u0159ebn\u00ed materi\u00e1l p\u0159edev\u0161\u00edm \u0159ezac\u00ed podlo\u017eky a no\u017ee.<\/p>\n<div style=\"background-color: yellow;\"><big><strong>! Upozorn\u011bn\u00ed :\u00a0<\/strong> Pro \u0159adu PN nen\u00ed od srpna 2021 garantov\u00e1na dostupnost n\u00e1hradn\u00edch d\u00edl\u016f a na konci roku 2022 byla i zcela zastavena technick\u00e1 podpora ze strany v\u00fdrobce. Prodej n\u00e1hradn\u00edch d\u00edl\u016f pro \u0159adu PN byl v\u00fdrobcem definitivn\u011b zastaven k 30.lednu 2026. Sou\u010dasn\u011b byl pro tuto modelovou \u0159adu ukon\u010den i syst\u00e9m oprav v\u00fdm\u011bnn\u00fdm zp\u016fsobem.\u00a0 Pro v\u00edce informac\u00ed klikn\u011bte <strong><a href=\"https:\/\/www.neotec.cz\/zund\/podporapnfinish\/\">zde<\/a><\/strong> nebo n\u00e1s nev\u00e1hejte <a href=\"mailto:zund@neotec.cz\"><strong>kontaktovat<\/strong><\/a>.\u00a0 !<br \/>\n&nbsp;<br \/>\n<strong>Ve\u0161ker\u00fd spot\u0159ebn\u00ed materi\u00e1l (konveyorov\u00e9 p\u00e1sy, no\u017ee, ...) pro \u0159adu PN je i nad\u00e1le dostupn\u00fd.<\/strong><br \/>\n&nbsp;<br \/>\n<strong>N\u00e1stroje shodn\u00e9 s \u0159adou G3\/S3 (UCT, KCT, WKT, CTT2, EOT3, POT40va, DRT) lze nad\u00e1le zakoupit i opravovat v\u00fdm\u011bnn\u00fdm zp\u016fsobem.<\/strong><\/p>\n<ul>\n<li><a href=\"http:\/\/www.neotec.cz\/zund\/podpexchangepn\/\">P\u0159ehled n\u00e1strojov\u00fdch hlav a n\u00e1stroj\u016f modelov\u00e9 \u0159ady PN<\/a><\/li>\n<\/ul>\n<p>&nbsp;<br \/>\n<\/big><\/div>\n<p>&nbsp;<\/p>\n\n\t\t<style type=\"text\/css\">\n\t\t\t#gallery-2 {\n\t\t\t\tmargin: auto;\n\t\t\t}\n\t\t\t#gallery-2 .gallery-item {\n\t\t\t\tfloat: left;\n\t\t\t\tmargin-top: 10px;\n\t\t\t\ttext-align: center;\n\t\t\t\twidth: 33%;\n\t\t\t}\n\t\t\t#gallery-2 img {\n\t\t\t\tborder: 2px solid #cfcfcf;\n\t\t\t}\n\t\t\t#gallery-2 .gallery-caption {\n\t\t\t\tmargin-left: 0;\n\t\t\t}\n\t\t\t\/* see gallery_shortcode() in wp-includes\/media.php *\/\n\t\t<\/style>\n\t\t<div id='gallery-2' class='gallery galleryid-117 gallery-columns-3 gallery-size-thumbnail'><dl class='gallery-item'>\n\t\t\t<dt class='gallery-icon landscape'>\n\t\t\t\t<img loading=\"lazy\" decoding=\"async\" width=\"150\" height=\"150\" src=\"https:\/\/www.neotec.cz\/zund\/wp-content\/uploads\/2016\/02\/PNside-150x150.png\" class=\"attachment-thumbnail size-thumbnail\" alt=\"\" aria-describedby=\"gallery-2-1085\" srcset=\"https:\/\/www.neotec.cz\/zund\/wp-content\/uploads\/2016\/02\/PNside-150x150.png 150w, https:\/\/www.neotec.cz\/zund\/wp-content\/uploads\/2016\/02\/PNside-300x300.png 300w, https:\/\/www.neotec.cz\/zund\/wp-content\/uploads\/2016\/02\/PNside.png 400w\" sizes=\"auto, (max-width: 150px) 100vw, 150px\" \/>\n\t\t\t<\/dt>\n\t\t\t\t<dd class='wp-caption-text gallery-caption' id='gallery-2-1085'>\n\t\t\t\t\u0158ada PN &#8211; sidesupport verze\n\t\t\t\t<\/dd><\/dl><dl class='gallery-item'>\n\t\t\t<dt class='gallery-icon landscape'>\n\t\t\t\t<img loading=\"lazy\" decoding=\"async\" width=\"150\" height=\"150\" src=\"https:\/\/www.neotec.cz\/zund\/wp-content\/uploads\/2016\/02\/PNframe-1-150x150.png\" class=\"attachment-thumbnail size-thumbnail\" alt=\"\" aria-describedby=\"gallery-2-1086\" srcset=\"https:\/\/www.neotec.cz\/zund\/wp-content\/uploads\/2016\/02\/PNframe-1-150x150.png 150w, https:\/\/www.neotec.cz\/zund\/wp-content\/uploads\/2016\/02\/PNframe-1-300x300.png 300w, https:\/\/www.neotec.cz\/zund\/wp-content\/uploads\/2016\/02\/PNframe-1.png 400w\" sizes=\"auto, (max-width: 150px) 100vw, 150px\" \/>\n\t\t\t<\/dt>\n\t\t\t\t<dd class='wp-caption-text gallery-caption' id='gallery-2-1086'>\n\t\t\t\t\u0158ada PN &#8211; frame verze\n\t\t\t\t<\/dd><\/dl><dl class='gallery-item'>\n\t\t\t<dt class='gallery-icon landscape'>\n\t\t\t\t<img loading=\"lazy\" decoding=\"async\" width=\"150\" height=\"150\" src=\"https:\/\/www.neotec.cz\/zund\/wp-content\/uploads\/2016\/02\/miniP-150x150.png\" class=\"attachment-thumbnail size-thumbnail\" alt=\"\" aria-describedby=\"gallery-2-1092\" srcset=\"https:\/\/www.neotec.cz\/zund\/wp-content\/uploads\/2016\/02\/miniP-150x150.png 150w, https:\/\/www.neotec.cz\/zund\/wp-content\/uploads\/2016\/02\/miniP-300x300.png 300w, https:\/\/www.neotec.cz\/zund\/wp-content\/uploads\/2016\/02\/miniP.png 400w\" sizes=\"auto, (max-width: 150px) 100vw, 150px\" \/>\n\t\t\t<\/dt>\n\t\t\t\t<dd class='wp-caption-text gallery-caption' id='gallery-2-1092'>\n\t\t\t\t\u0158ada P\n\t\t\t\t<\/dd><\/dl><br style=\"clear: both\" \/>\n\t\t<\/div>\n\n<\/div>\n<\/div><\/div><div id=\"panel-117-0-0-3\" class=\"so-panel widget widget_sow-editor panel-last-child\" data-index=\"3\" ><div\n\t\t\t\n\t\t\tclass=\"so-widget-sow-editor so-widget-sow-editor-base\"\n\t\t\t\n\t\t><h3 class=\"widget-title\">Ke sta\u017een\u00ed<\/h3>\n<div class=\"siteorigin-widget-tinymce textwidget\">\n\t<p><a href=\"https:\/\/www.neotec.cz\/zund\/wp-content\/uploads\/2024\/08\/Produktkatalog_06_2024_en_en_ONLINE.pdf\" target=\"_blank\" rel=\"noopener\">P\u0159\u00ed\u0161lu\u0161enstv\u00ed a spot\u0159ebn\u00ed materi\u00e1l - G3,S3,L3, D3, PN, P, Wild (EN)<\/a><a href=\"https:\/\/www.neotec.cz\/zund\/wp-content\/uploads\/2024\/08\/Produktkatalog_06_2024_en_en_ONLINE.pdf\" target=\"_blank\" rel=\"noopener\"><img loading=\"lazy\" decoding=\"async\" class=\"alignleft wp-image-1108 size-full\" src=\"http:\/\/www.neotec.cz\/zund\/wp-content\/uploads\/2016\/02\/picPDF.png\" alt=\"picPDF\" width=\"32\" height=\"32\" \/><\/a><\/p>\n<\/div>\n<\/div><\/div><\/div><\/div><\/div>","protected":false},"excerpt":{"rendered":"<p>Podpora Zaji\u0161\u0165ujeme plnou podporu, poradenstv\u00ed, servis, dod\u00e1vky n\u00e1hradn\u00edch d\u00edl\u016f a spot\u0159ebn\u00edho materi\u00e1lu pro uveden\u00e9\u00a0modelov\u00e9 \u0159ady \u0159ezac\u00edch plotr\u016f Z\u00fcnd. Pom\u016f\u017eeme V\u00e1m samoz\u0159ejm\u011b nejen s vlastn\u00edm \u0159ezac\u00edm plotrem, ale tak\u00e9 s ovl\u00e1dac\u00edm softwarem ZCC, apod.. Zaj\u00edmavou mo\u017enost\u00ed, jak s minim\u00e1ln\u00edmi n\u00e1klady udr\u017eovat V\u00e1\u0161 \u0159ezac\u00ed plotr Z\u00fcnd st\u00e1le v dobr\u00e9 kondici, je v\u00fdm\u011bnn\u00fd syst\u00e9m pro n\u00e1strojov\u00e9 moduly, hlavy [&hellip;]<\/p>\n","protected":false},"author":1,"featured_media":0,"parent":0,"menu_order":0,"comment_status":"closed","ping_status":"closed","template":"templates\/template-full-notitle.php","meta":{"footnotes":""},"class_list":["post-117","page","type-page","status-publish","hentry","post"],"_links":{"self":[{"href":"https:\/\/www.neotec.cz\/zund\/wp-json\/wp\/v2\/pages\/117","targetHints":{"allow":["GET"]}}],"collection":[{"href":"https:\/\/www.neotec.cz\/zund\/wp-json\/wp\/v2\/pages"}],"about":[{"href":"https:\/\/www.neotec.cz\/zund\/wp-json\/wp\/v2\/types\/page"}],"author":[{"embeddable":true,"href":"https:\/\/www.neotec.cz\/zund\/wp-json\/wp\/v2\/users\/1"}],"replies":[{"embeddable":true,"href":"https:\/\/www.neotec.cz\/zund\/wp-json\/wp\/v2\/comments?post=117"}],"version-history":[{"count":61,"href":"https:\/\/www.neotec.cz\/zund\/wp-json\/wp\/v2\/pages\/117\/revisions"}],"predecessor-version":[{"id":2884,"href":"https:\/\/www.neotec.cz\/zund\/wp-json\/wp\/v2\/pages\/117\/revisions\/2884"}],"wp:attachment":[{"href":"https:\/\/www.neotec.cz\/zund\/wp-json\/wp\/v2\/media?parent=117"}],"curies":[{"name":"wp","href":"https:\/\/api.w.org\/{rel}","templated":true}]}}