{"id":1176,"date":"2016-02-26T15:31:44","date_gmt":"2016-02-26T14:31:44","guid":{"rendered":"http:\/\/www.neotec.cz\/zundnew\/?page_id=1176"},"modified":"2017-06-13T22:14:33","modified_gmt":"2017-06-13T21:14:33","slug":"podpexchangegen3","status":"publish","type":"page","link":"https:\/\/www.neotec.cz\/zund\/podpexchangegen3\/","title":{"rendered":"PodpExchangeGen3"},"content":{"rendered":"<div id=\"pl-1176\"  class=\"panel-layout\" ><div id=\"pg-1176-0\"  class=\"panel-grid panel-no-style\" ><div id=\"pgc-1176-0-0\"  class=\"panel-grid-cell\" ><div id=\"panel-1176-0-0-0\" class=\"so-panel widget widget_sow-editor panel-first-child\" data-index=\"0\" ><div\n\t\t\t\n\t\t\tclass=\"so-widget-sow-editor so-widget-sow-editor-base\"\n\t\t\t\n\t\t>\n<div class=\"siteorigin-widget-tinymce textwidget\">\n\t<h1><strong>V\u00fdm\u011bnn\u00fd syst\u00e9m pro \u0159ady G3, S3, L3 a D3<\/strong><\/h1>\n<\/div>\n<\/div><\/div><div id=\"panel-1176-0-0-1\" class=\"so-panel widget widget_sow-editor panel-last-child\" data-index=\"1\" ><div\n\t\t\t\n\t\t\tclass=\"so-widget-sow-editor so-widget-sow-editor-base\"\n\t\t\t\n\t\t>\n<div class=\"siteorigin-widget-tinymce textwidget\">\n\t<h2><strong>Poh\u00e1n\u011bn\u00e9 n\u00e1stroje<\/strong>\u00a0\/ <a href=\"http:\/\/www.neotec.cz\/zund\/podpexchangegen3modul\/\">N\u00e1strojov\u00e9\u00a0moduly<\/a><\/h2>\n<ul>\n<li>Elektrick\u00e9 oscila\u010dn\u00ed n\u00e1stroje (EOT-3, EOT-250)<\/li>\n<\/ul>\n\n\t\t<style type=\"text\/css\">\n\t\t\t#gallery-1 {\n\t\t\t\tmargin: auto;\n\t\t\t}\n\t\t\t#gallery-1 .gallery-item {\n\t\t\t\tfloat: left;\n\t\t\t\tmargin-top: 10px;\n\t\t\t\ttext-align: center;\n\t\t\t\twidth: 33%;\n\t\t\t}\n\t\t\t#gallery-1 img {\n\t\t\t\tborder: 2px solid #cfcfcf;\n\t\t\t}\n\t\t\t#gallery-1 .gallery-caption {\n\t\t\t\tmargin-left: 0;\n\t\t\t}\n\t\t\t\/* see gallery_shortcode() in wp-includes\/media.php *\/\n\t\t<\/style>\n\t\t<div id='gallery-1' class='gallery galleryid-1176 gallery-columns-3 gallery-size-thumbnail'><dl class='gallery-item'>\n\t\t\t<dt class='gallery-icon portrait'>\n\t\t\t\t<img loading=\"lazy\" decoding=\"async\" width=\"150\" height=\"150\" src=\"https:\/\/www.neotec.cz\/zund\/wp-content\/uploads\/2016\/02\/eot-150x150.png\" class=\"attachment-thumbnail size-thumbnail\" alt=\"EOT-3\" aria-describedby=\"gallery-1-319\" \/>\n\t\t\t<\/dt>\n\t\t\t\t<dd class='wp-caption-text gallery-caption' id='gallery-1-319'>\n\t\t\t\t<b>EOT-3<\/b>\n\t\t\t\t<\/dd><\/dl><dl class='gallery-item'>\n\t\t\t<dt class='gallery-icon portrait'>\n\t\t\t\t<img loading=\"lazy\" decoding=\"async\" width=\"150\" height=\"150\" src=\"https:\/\/www.neotec.cz\/zund\/wp-content\/uploads\/2016\/02\/eot-250-1-150x150.png\" class=\"attachment-thumbnail size-thumbnail\" alt=\"EOT-250\" aria-describedby=\"gallery-1-320\" \/>\n\t\t\t<\/dt>\n\t\t\t\t<dd class='wp-caption-text gallery-caption' id='gallery-1-320'>\n\t\t\t\t<b>EOT-250<\/b>\n\t\t\t\t<\/dd><\/dl>\n\t\t\t<br style='clear: both' \/>\n\t\t<\/div>\n\n<p>\u00a0<\/p>\n<ul>\n<li>Pneumatick\u00e9 oscila\u010dn\u00ed n\u00e1stroje (POT)<\/li>\n<\/ul>\n\n\t\t<style type=\"text\/css\">\n\t\t\t#gallery-2 {\n\t\t\t\tmargin: auto;\n\t\t\t}\n\t\t\t#gallery-2 .gallery-item {\n\t\t\t\tfloat: left;\n\t\t\t\tmargin-top: 10px;\n\t\t\t\ttext-align: center;\n\t\t\t\twidth: 33%;\n\t\t\t}\n\t\t\t#gallery-2 img {\n\t\t\t\tborder: 2px solid #cfcfcf;\n\t\t\t}\n\t\t\t#gallery-2 .gallery-caption {\n\t\t\t\tmargin-left: 0;\n\t\t\t}\n\t\t\t\/* see gallery_shortcode() in wp-includes\/media.php *\/\n\t\t<\/style>\n\t\t<div id='gallery-2' class='gallery galleryid-1176 gallery-columns-3 gallery-size-thumbnail'><dl class='gallery-item'>\n\t\t\t<dt class='gallery-icon portrait'>\n\t\t\t\t<img loading=\"lazy\" decoding=\"async\" width=\"150\" height=\"150\" src=\"https:\/\/www.neotec.cz\/zund\/wp-content\/uploads\/2016\/02\/pot-150x150.png\" class=\"attachment-thumbnail size-thumbnail\" alt=\"POT40va\" aria-describedby=\"gallery-2-322\" \/>\n\t\t\t<\/dt>\n\t\t\t\t<dd class='wp-caption-text gallery-caption' id='gallery-2-322'>\n\t\t\t\t<b>POT-40va<\/b>\n\t\t\t\t<\/dd><\/dl>\n\t\t\t<br style='clear: both' \/>\n\t\t<\/div>\n\n<p>\u00a0<\/p>\n<ul>\n<li>N\u00e1stroje s poh\u00e1n\u011bn\u00fdm \u0159ezn\u00fdm kole\u010dkem (DRT, PRT)<\/li>\n<\/ul>\n\n\t\t<style type=\"text\/css\">\n\t\t\t#gallery-3 {\n\t\t\t\tmargin: auto;\n\t\t\t}\n\t\t\t#gallery-3 .gallery-item {\n\t\t\t\tfloat: left;\n\t\t\t\tmargin-top: 10px;\n\t\t\t\ttext-align: center;\n\t\t\t\twidth: 33%;\n\t\t\t}\n\t\t\t#gallery-3 img {\n\t\t\t\tborder: 2px solid #cfcfcf;\n\t\t\t}\n\t\t\t#gallery-3 .gallery-caption {\n\t\t\t\tmargin-left: 0;\n\t\t\t}\n\t\t\t\/* see gallery_shortcode() in wp-includes\/media.php *\/\n\t\t<\/style>\n\t\t<div id='gallery-3' class='gallery galleryid-1176 gallery-columns-3 gallery-size-thumbnail'><dl class='gallery-item'>\n\t\t\t<dt class='gallery-icon portrait'>\n\t\t\t\t<img loading=\"lazy\" decoding=\"async\" width=\"150\" height=\"150\" src=\"https:\/\/www.neotec.cz\/zund\/wp-content\/uploads\/2016\/02\/drt-150x150.png\" class=\"attachment-thumbnail size-thumbnail\" alt=\"DRT\" aria-describedby=\"gallery-3-318\" \/>\n\t\t\t<\/dt>\n\t\t\t\t<dd class='wp-caption-text gallery-caption' id='gallery-3-318'>\n\t\t\t\t<b>DRT<\/b>\n\t\t\t\t<\/dd><\/dl><dl class='gallery-item'>\n\t\t\t<dt class='gallery-icon portrait'>\n\t\t\t\t<img loading=\"lazy\" decoding=\"async\" width=\"150\" height=\"150\" src=\"https:\/\/www.neotec.cz\/zund\/wp-content\/uploads\/2016\/02\/prt-150x150.png\" class=\"attachment-thumbnail size-thumbnail\" alt=\"PRT\" aria-describedby=\"gallery-3-324\" \/>\n\t\t\t<\/dt>\n\t\t\t\t<dd class='wp-caption-text gallery-caption' id='gallery-3-324'>\n\t\t\t\t<b>PRT<\/b>\n\t\t\t\t<\/dd><\/dl>\n\t\t\t<br style='clear: both' \/>\n\t\t<\/div>\n\n<p>\u00a0<\/p>\n<ul>\n<li>P\u0159ep\u00ednateln\u00fd \u0159ezac\u00ed\/na\u0159ez\u00e1vac\u00ed n\u00e1stroj (SCT) a passpartovac\u00ed n\u00e1stroj (PPT)<\/li>\n<\/ul>\n\n\t\t<style type=\"text\/css\">\n\t\t\t#gallery-4 {\n\t\t\t\tmargin: auto;\n\t\t\t}\n\t\t\t#gallery-4 .gallery-item {\n\t\t\t\tfloat: left;\n\t\t\t\tmargin-top: 10px;\n\t\t\t\ttext-align: center;\n\t\t\t\twidth: 33%;\n\t\t\t}\n\t\t\t#gallery-4 img {\n\t\t\t\tborder: 2px solid #cfcfcf;\n\t\t\t}\n\t\t\t#gallery-4 .gallery-caption {\n\t\t\t\tmargin-left: 0;\n\t\t\t}\n\t\t\t\/* see gallery_shortcode() in wp-includes\/media.php *\/\n\t\t<\/style>\n\t\t<div id='gallery-4' class='gallery galleryid-1176 gallery-columns-3 gallery-size-thumbnail'><dl class='gallery-item'>\n\t\t\t<dt class='gallery-icon portrait'>\n\t\t\t\t<img loading=\"lazy\" decoding=\"async\" width=\"150\" height=\"150\" src=\"https:\/\/www.neotec.cz\/zund\/wp-content\/uploads\/2016\/02\/sct-150x150.png\" class=\"attachment-thumbnail size-thumbnail\" alt=\"SCT\" aria-describedby=\"gallery-4-326\" \/>\n\t\t\t<\/dt>\n\t\t\t\t<dd class='wp-caption-text gallery-caption' id='gallery-4-326'>\n\t\t\t\t<b>SCT<\/b>\n\t\t\t\t<\/dd><\/dl><dl class='gallery-item'>\n\t\t\t<dt class='gallery-icon portrait'>\n\t\t\t\t<img loading=\"lazy\" decoding=\"async\" width=\"150\" height=\"150\" src=\"https:\/\/www.neotec.cz\/zund\/wp-content\/uploads\/2016\/02\/ppt-150x150.png\" class=\"attachment-thumbnail size-thumbnail\" alt=\"PPT\" aria-describedby=\"gallery-4-323\" \/>\n\t\t\t<\/dt>\n\t\t\t\t<dd class='wp-caption-text gallery-caption' id='gallery-4-323'>\n\t\t\t\t<b>PPT<\/b>\n\t\t\t\t<\/dd><\/dl>\n\t\t\t<br style='clear: both' \/>\n\t\t<\/div>\n\n<p>\u00a0<\/p>\n<ul>\n<li>Fr\u00e9zovac\u00ed n\u00e1stroje a v\u0159etena pro fr\u00e9zovac\u00ed modul<\/li>\n<\/ul>\n\n\t\t<style type=\"text\/css\">\n\t\t\t#gallery-5 {\n\t\t\t\tmargin: auto;\n\t\t\t}\n\t\t\t#gallery-5 .gallery-item {\n\t\t\t\tfloat: left;\n\t\t\t\tmargin-top: 10px;\n\t\t\t\ttext-align: center;\n\t\t\t\twidth: 33%;\n\t\t\t}\n\t\t\t#gallery-5 img {\n\t\t\t\tborder: 2px solid #cfcfcf;\n\t\t\t}\n\t\t\t#gallery-5 .gallery-caption {\n\t\t\t\tmargin-left: 0;\n\t\t\t}\n\t\t\t\/* see gallery_shortcode() in wp-includes\/media.php *\/\n\t\t<\/style>\n\t\t<div id='gallery-5' class='gallery galleryid-1176 gallery-columns-3 gallery-size-thumbnail'><dl class='gallery-item'>\n\t\t\t<dt class='gallery-icon portrait'>\n\t\t\t\t<img loading=\"lazy\" decoding=\"async\" width=\"150\" height=\"150\" src=\"https:\/\/www.neotec.cz\/zund\/wp-content\/uploads\/2016\/02\/urt-150x150.png\" class=\"attachment-thumbnail size-thumbnail\" alt=\"URT\" aria-describedby=\"gallery-5-329\" \/>\n\t\t\t<\/dt>\n\t\t\t\t<dd class='wp-caption-text gallery-caption' id='gallery-5-329'>\n\t\t\t\t<b>URT<\/b>\n\t\t\t\t<\/dd><\/dl><dl class='gallery-item'>\n\t\t\t<dt class='gallery-icon portrait'>\n\t\t\t\t<img loading=\"lazy\" decoding=\"async\" width=\"150\" height=\"150\" src=\"https:\/\/www.neotec.cz\/zund\/wp-content\/uploads\/2016\/02\/RT-150x150.jpg\" class=\"attachment-thumbnail size-thumbnail\" alt=\"\" aria-describedby=\"gallery-5-1187\" \/>\n\t\t\t<\/dt>\n\t\t\t\t<dd class='wp-caption-text gallery-caption' id='gallery-5-1187'>\n\t\t\t\t<b>RT &#8211; 1kW<\/b>\n\t\t\t\t<\/dd><\/dl>\n\t\t\t<br style='clear: both' \/>\n\t\t<\/div>\n\n<p>\u00a0<\/p>\n<p>N\u00e1strojov\u00e9 moduly pro \u0159ady G3, S3, L3 a D3 naleznete <a href=\"http:\/\/www.neotec.cz\/zund\/podpexchangegen3modul\/\">zde<\/a>.<\/p>\n<\/div>\n<\/div><\/div><\/div><\/div><\/div>","protected":false},"excerpt":{"rendered":"<p>V\u00fdm\u011bnn\u00fd syst\u00e9m pro \u0159ady G3, S3, L3 a D3 Poh\u00e1n\u011bn\u00e9 n\u00e1stroje\u00a0\/ N\u00e1strojov\u00e9\u00a0modulyElektrick\u00e9 oscila\u010dn\u00ed n\u00e1stroje (EOT-3, EOT-250)\u00a0Pneumatick\u00e9 oscila\u010dn\u00ed n\u00e1stroje (POT)\u00a0N\u00e1stroje s poh\u00e1n\u011bn\u00fdm \u0159ezn\u00fdm kole\u010dkem (DRT, PRT)\u00a0P\u0159ep\u00ednateln\u00fd \u0159ezac\u00ed\/na\u0159ez\u00e1vac\u00ed n\u00e1stroj (SCT) a passpartovac\u00ed n\u00e1stroj (PPT)\u00a0Fr\u00e9zovac\u00ed n\u00e1stroje a v\u0159etena pro fr\u00e9zovac\u00ed modul\u00a0N\u00e1strojov\u00e9 moduly pro \u0159ady G3, S3, L3 a D3 naleznete zde.<\/p>\n","protected":false},"author":1,"featured_media":0,"parent":0,"menu_order":0,"comment_status":"closed","ping_status":"closed","template":"templates\/template-full-notitle.php","meta":{"footnotes":""},"class_list":["post-1176","page","type-page","status-publish","hentry","post"],"_links":{"self":[{"href":"https:\/\/www.neotec.cz\/zund\/wp-json\/wp\/v2\/pages\/1176","targetHints":{"allow":["GET"]}}],"collection":[{"href":"https:\/\/www.neotec.cz\/zund\/wp-json\/wp\/v2\/pages"}],"about":[{"href":"https:\/\/www.neotec.cz\/zund\/wp-json\/wp\/v2\/types\/page"}],"author":[{"embeddable":true,"href":"https:\/\/www.neotec.cz\/zund\/wp-json\/wp\/v2\/users\/1"}],"replies":[{"embeddable":true,"href":"https:\/\/www.neotec.cz\/zund\/wp-json\/wp\/v2\/comments?post=1176"}],"version-history":[{"count":10,"href":"https:\/\/www.neotec.cz\/zund\/wp-json\/wp\/v2\/pages\/1176\/revisions"}],"predecessor-version":[{"id":1475,"href":"https:\/\/www.neotec.cz\/zund\/wp-json\/wp\/v2\/pages\/1176\/revisions\/1475"}],"wp:attachment":[{"href":"https:\/\/www.neotec.cz\/zund\/wp-json\/wp\/v2\/media?parent=1176"}],"curies":[{"name":"wp","href":"https:\/\/api.w.org\/{rel}","templated":true}]}}