{"id":1180,"date":"2016-02-26T15:34:05","date_gmt":"2016-02-26T14:34:05","guid":{"rendered":"http:\/\/www.neotec.cz\/zundnew\/?page_id=1180"},"modified":"2016-02-27T19:32:46","modified_gmt":"2016-02-27T18:32:46","slug":"podpexchangegen3modul","status":"publish","type":"page","link":"https:\/\/www.neotec.cz\/zund\/podpexchangegen3modul\/","title":{"rendered":"PodpExchangeGen3Modul"},"content":{"rendered":"<div id=\"pl-1180\"  class=\"panel-layout\" ><div id=\"pg-1180-0\"  class=\"panel-grid panel-no-style\" ><div id=\"pgc-1180-0-0\"  class=\"panel-grid-cell\" ><div id=\"panel-1180-0-0-0\" class=\"so-panel widget widget_sow-editor panel-first-child\" data-index=\"0\" ><div\n\t\t\t\n\t\t\tclass=\"so-widget-sow-editor so-widget-sow-editor-base\"\n\t\t\t\n\t\t>\n<div class=\"siteorigin-widget-tinymce textwidget\">\n\t<h1><strong>V\u00fdm\u011bnn\u00fd syst\u00e9m pro \u0159ady G3, S3, L3 a D3<\/strong><\/h1>\n<\/div>\n<\/div><\/div><div id=\"panel-1180-0-0-1\" class=\"so-panel widget widget_sow-editor panel-last-child\" data-index=\"1\" ><div\n\t\t\t\n\t\t\tclass=\"so-widget-sow-editor so-widget-sow-editor-base\"\n\t\t\t\n\t\t>\n<div class=\"siteorigin-widget-tinymce textwidget\">\n\t<h2><a href=\"http:\/\/www.neotec.cz\/zund\/podpexchangegen3\/\">Poh\u00e1n\u011bn\u00e9 n\u00e1stroje<\/a>\u00a0\/\u00a0<strong>N\u00e1strojov\u00e9\u00a0moduly<\/strong><\/h2>\n<p>V t\u00e9to \u010d\u00e1sti naleznete pouze v\u00fdb\u011br nej\u010dast\u011bji pou\u017e\u00edvan\u00fdch n\u00e1strojov\u00fdch modul\u016f pro \u0159ady G3, S3, L3 a D3. Pokud jste zde n\u00e1strojov\u00fd modul pro V\u00e1\u0161 plotr nenalezli nev\u00e1hejte n\u00e1s<a href=\"http:\/\/www.neotec.cz\/zund\/kontakty\/\"> kontaktovat<\/a>.<\/p>\n<ul>\n<li>Univerz\u00e1ln\u00ed moduly ( \u0159\u00edzen\u00e9 tangenci\u00e1ln\u00ed nat\u00e1\u010den\u00ed a \u0159\u00edzen\u00e1 osa Z)<\/li>\n<\/ul>\n<p><img loading=\"lazy\" decoding=\"async\" class=\" wp-image-304 alignleft\" src=\"http:\/\/www.neotec.cz\/zund\/wp-content\/uploads\/2016\/02\/um.png\" alt=\"UM - Univerz\u00e1ln\u00ed modul\" width=\"179\" height=\"236\" srcset=\"https:\/\/www.neotec.cz\/zund\/wp-content\/uploads\/2016\/02\/um.png 351w, https:\/\/www.neotec.cz\/zund\/wp-content\/uploads\/2016\/02\/um-228x300.png 228w\" sizes=\"auto, (max-width: 179px) 100vw, 179px\" \/><\/p>\n<ul>\n<li>UM-ZS (standardn\u00ed pro \u0159ady G3, D3)<\/li>\n<li>UM-ZP (se zv\u00fd\u0161en\u00fdm tlakem v ose Z pro G3, D3)<\/li>\n<li>UM-60L (pro inkjetov\u00fd popis pro \u0159adu G3)<\/li>\n<li>UM-S (standardn\u00ed pro \u0159ady S3, L3)<\/li>\n<\/ul>\n<p>\u00a0<\/p>\n<p>\u00a0<\/p>\n<p>\u00a0<\/p>\n<p>\u00a0<\/p>\n<p>\u00a0<\/p>\n<ul>\n<li>Na\u0159ez\u00e1vac\u00ed (kiss-cutov\u00fd) modul (tangenci\u00e1ln\u00ed nat\u00e1\u010den\u00ed no\u017ee a osa Z s p\u0159esn\u011b nastaviteln\u00fdm tlakem na n\u016f\u017e)<\/li>\n<\/ul>\n<p><img loading=\"lazy\" decoding=\"async\" class=\"wp-image-479 alignleft\" src=\"http:\/\/www.neotec.cz\/zund\/wp-content\/uploads\/2016\/02\/kcm-s.png\" alt=\"KCM-S\" width=\"185\" height=\"243\" srcset=\"https:\/\/www.neotec.cz\/zund\/wp-content\/uploads\/2016\/02\/kcm-s.png 351w, https:\/\/www.neotec.cz\/zund\/wp-content\/uploads\/2016\/02\/kcm-s-228x300.png 228w\" sizes=\"auto, (max-width: 185px) 100vw, 185px\" \/><\/p>\n<ul>\n<li>KCM-S \u00a0 (pro \u0159adu S3)<\/li>\n<\/ul>\n<p>\u00a0<\/p>\n<p>\u00a0<\/p>\n<p>\u00a0<\/p>\n<p>\u00a0<\/p>\n<p>\u00a0<\/p>\n<p>\u00a0<\/p>\n<p>\u00a0<\/p>\n<ul>\n<li>Vysek\u00e1vac\u00ed moduly (pro v\u00fdsek otvor\u016f a\u017e do pr\u016fm\u011bru 5,5mm)<\/li>\n<\/ul>\n<p><img loading=\"lazy\" decoding=\"async\" class=\" wp-image-373 alignleft\" src=\"http:\/\/www.neotec.cz\/zund\/wp-content\/uploads\/2016\/02\/pum.png\" alt=\"PUM\" width=\"180\" height=\"237\" srcset=\"https:\/\/www.neotec.cz\/zund\/wp-content\/uploads\/2016\/02\/pum.png 351w, https:\/\/www.neotec.cz\/zund\/wp-content\/uploads\/2016\/02\/pum-228x300.png 228w\" sizes=\"auto, (max-width: 180px) 100vw, 180px\" \/><\/p>\n<ul>\n<li>PUM (pro \u0159ady G3, D3)<\/li>\n<li>PMM-S, PPM-S \u00a0(pro \u0159ady S3, L3)<\/li>\n<\/ul>\n<p>\u00a0<\/p>\n<p>\u00a0<\/p>\n<p>\u00a0<\/p>\n<p>\u00a0<\/p>\n<p>\u00a0<\/p>\n<p>\u00a0<\/p>\n<ul>\n<li>Fr\u00e9zovac\u00ed moduly<\/li>\n<\/ul>\n<p><img loading=\"lazy\" decoding=\"async\" class=\"wp-image-370 alignleft\" src=\"http:\/\/www.neotec.cz\/zund\/wp-content\/uploads\/2016\/02\/rm-a.png\" alt=\"RM-A\" width=\"173\" height=\"228\" srcset=\"https:\/\/www.neotec.cz\/zund\/wp-content\/uploads\/2016\/02\/rm-a.png 351w, https:\/\/www.neotec.cz\/zund\/wp-content\/uploads\/2016\/02\/rm-a-228x300.png 228w\" sizes=\"auto, (max-width: 173px) 100vw, 173px\" \/><\/p>\n<p>\u00a0<\/p>\n<ul>\n<li>RM-A \u00a0(pro \u0159adu G3)<\/li>\n<li>RM-S (pro \u0159adu S3)<\/li>\n<\/ul>\n<p>\u00a0<\/p>\n<p>\u00a0<\/p>\n<p>\u00a0<\/p>\n<p>\u00a0<\/p>\n<ul>\n<li>Vykreslovac\u00ed moduly \u00a0(v\u00fdm\u011bnn\u00fd syst\u00e9m \u0159e\u0161\u00ed pouze vlastn\u00ed jednotku pera)<\/li>\n<\/ul>\n<p><img loading=\"lazy\" decoding=\"async\" class=\"wp-image-1190 alignleft\" src=\"http:\/\/www.neotec.cz\/zund\/wp-content\/uploads\/2016\/02\/MAM.jpg\" alt=\"MAM\" width=\"173\" height=\"226\" srcset=\"https:\/\/www.neotec.cz\/zund\/wp-content\/uploads\/2016\/02\/MAM.jpg 500w, https:\/\/www.neotec.cz\/zund\/wp-content\/uploads\/2016\/02\/MAM-230x300.jpg 230w\" sizes=\"auto, (max-width: 173px) 100vw, 173px\" \/><\/p>\n<p>\u00a0<\/p>\n<p>\u00a0<\/p>\n<p>\u00a0<\/p>\n<p>\u00a0<\/p>\n<p>\u00a0<\/p>\n<p>\u00a0<\/p>\n<p>\u00a0<\/p>\n<p>\u00a0<\/p>\n<p>Poh\u00e1n\u011bn\u00e9 n\u00e1stroje\u00a0pro \u0159ady G3, S3, L3 a D3 naleznete <a href=\"http:\/\/www.neotec.cz\/zund\/podpexchangegen3\/\">zde<\/a>.<\/p>\n<\/div>\n<\/div><\/div><\/div><\/div><\/div>","protected":false},"excerpt":{"rendered":"<p>V\u00fdm\u011bnn\u00fd syst\u00e9m pro \u0159ady G3, S3, L3 a D3 Poh\u00e1n\u011bn\u00e9 n\u00e1stroje\u00a0\/\u00a0N\u00e1strojov\u00e9\u00a0modulyV t\u00e9to \u010d\u00e1sti naleznete pouze v\u00fdb\u011br nej\u010dast\u011bji pou\u017e\u00edvan\u00fdch n\u00e1strojov\u00fdch modul\u016f pro \u0159ady G3, S3, L3 a D3. Pokud jste zde n\u00e1strojov\u00fd modul pro V\u00e1\u0161 plotr nenalezli nev\u00e1hejte n\u00e1s kontaktovat.Univerz\u00e1ln\u00ed moduly ( \u0159\u00edzen\u00e9 tangenci\u00e1ln\u00ed nat\u00e1\u010den\u00ed a \u0159\u00edzen\u00e1 osa Z)UM-ZS (standardn\u00ed pro \u0159ady G3, D3)UM-ZP (se zv\u00fd\u0161en\u00fdm [&hellip;]<\/p>\n","protected":false},"author":1,"featured_media":0,"parent":0,"menu_order":0,"comment_status":"closed","ping_status":"closed","template":"templates\/template-full-notitle.php","meta":{"footnotes":""},"class_list":["post-1180","page","type-page","status-publish","hentry","post"],"_links":{"self":[{"href":"https:\/\/www.neotec.cz\/zund\/wp-json\/wp\/v2\/pages\/1180","targetHints":{"allow":["GET"]}}],"collection":[{"href":"https:\/\/www.neotec.cz\/zund\/wp-json\/wp\/v2\/pages"}],"about":[{"href":"https:\/\/www.neotec.cz\/zund\/wp-json\/wp\/v2\/types\/page"}],"author":[{"embeddable":true,"href":"https:\/\/www.neotec.cz\/zund\/wp-json\/wp\/v2\/users\/1"}],"replies":[{"embeddable":true,"href":"https:\/\/www.neotec.cz\/zund\/wp-json\/wp\/v2\/comments?post=1180"}],"version-history":[{"count":5,"href":"https:\/\/www.neotec.cz\/zund\/wp-json\/wp\/v2\/pages\/1180\/revisions"}],"predecessor-version":[{"id":1197,"href":"https:\/\/www.neotec.cz\/zund\/wp-json\/wp\/v2\/pages\/1180\/revisions\/1197"}],"wp:attachment":[{"href":"https:\/\/www.neotec.cz\/zund\/wp-json\/wp\/v2\/media?parent=1180"}],"curies":[{"name":"wp","href":"https:\/\/api.w.org\/{rel}","templated":true}]}}