{"id":13,"date":"2016-02-02T19:56:36","date_gmt":"2016-02-02T18:56:36","guid":{"rendered":"http:\/\/www.neotec.cz\/zundnew\/?page_id=13"},"modified":"2025-10-06T14:08:11","modified_gmt":"2025-10-06T13:08:11","slug":"kontakty","status":"publish","type":"page","link":"https:\/\/www.neotec.cz\/zund\/kontakty\/","title":{"rendered":"Kontakty"},"content":{"rendered":"<div id=\"pl-13\"  class=\"panel-layout\" ><div id=\"pg-13-0\"  class=\"panel-grid panel-no-style\" ><div id=\"pgc-13-0-0\"  class=\"panel-grid-cell\" ><div id=\"panel-13-0-0-0\" class=\"so-panel widget widget_sow-editor panel-first-child panel-last-child\" data-index=\"0\" ><div\n\t\t\t\n\t\t\tclass=\"so-widget-sow-editor so-widget-sow-editor-base\"\n\t\t\t\n\t\t><h3 class=\"widget-title\">Kontakty<\/h3>\n<div class=\"siteorigin-widget-tinymce textwidget\">\n\t<p><big><strong>NEOTEC, spol. s r.o.<\/strong><\/big><br \/>\nautorizovan\u00fd prodejce a servis firmy Z\u00fcnd Systemtechnik AG<\/p>\n<p>Jinonick\u00e1 804\/80<br \/>\n158 00 Praha 5<br \/>\ntel. +420 <strong>257 289 511<\/strong><br \/>\nmobil: +420 <strong>737 282 828<\/strong><br \/>\ne-mail: <a href=\"mailto:\/\/info@neotec.cz\">info@neotec.cz<\/a><br \/>\n<a href=\"https:\/\/www.google.cz\/maps\/place\/NEOTEC,+spol.+s+r.o.\/@50.0608544,14.3708783,17z\/data=!3m1!4b1!4m2!3m1!1s0x470b95b0acc12f3d:0x537ae73ed4ecdf6b\" target=\"_blank\" rel=\"noopener\">Uk\u00e1zat na map\u011b &gt;&gt;<\/a><\/p>\n<p>I\u010c:<strong> 14893703<\/strong><br \/>\nDI\u010c: <strong>CZ14893703<\/strong><\/p>\n<\/div>\n<\/div><\/div><\/div><div id=\"pgc-13-0-1\"  class=\"panel-grid-cell\" ><div id=\"panel-13-0-1-0\" class=\"so-panel widget widget_sow-editor panel-first-child panel-last-child\" data-index=\"1\" ><div\n\t\t\t\n\t\t\tclass=\"so-widget-sow-editor so-widget-sow-editor-base\"\n\t\t\t\n\t\t>\n<div class=\"siteorigin-widget-tinymce textwidget\">\n\t<p><a href=\"https:\/\/www.neotec.cz\/zund\/wp-content\/uploads\/2025\/01\/QRNeotec.png\"><img loading=\"lazy\" decoding=\"async\" src=\"https:\/\/www.neotec.cz\/zund\/wp-content\/uploads\/2025\/01\/QRNeotec-300x300.png\" alt=\"\" width=\"300\" height=\"300\" class=\"alignnone size-medium wp-image-2821\" srcset=\"https:\/\/www.neotec.cz\/zund\/wp-content\/uploads\/2025\/01\/QRNeotec-300x300.png 300w, https:\/\/www.neotec.cz\/zund\/wp-content\/uploads\/2025\/01\/QRNeotec-1024x1024.png 1024w, https:\/\/www.neotec.cz\/zund\/wp-content\/uploads\/2025\/01\/QRNeotec-150x150.png 150w, https:\/\/www.neotec.cz\/zund\/wp-content\/uploads\/2025\/01\/QRNeotec-768x768.png 768w, https:\/\/www.neotec.cz\/zund\/wp-content\/uploads\/2025\/01\/QRNeotec-1536x1536.png 1536w, https:\/\/www.neotec.cz\/zund\/wp-content\/uploads\/2025\/01\/QRNeotec.png 2046w\" sizes=\"auto, (max-width: 300px) 100vw, 300px\" \/><\/a><\/p>\n<\/div>\n<\/div><\/div><\/div><\/div><div id=\"pg-13-1\"  class=\"panel-grid panel-no-style\" ><div id=\"pgc-13-1-0\"  class=\"panel-grid-cell\" ><div id=\"panel-13-1-0-0\" class=\"so-panel widget widget_sow-editor panel-first-child panel-last-child\" data-index=\"2\" ><div\n\t\t\t\n\t\t\tclass=\"so-widget-sow-editor so-widget-sow-editor-base\"\n\t\t\t\n\t\t>\n<div class=\"siteorigin-widget-tinymce textwidget\">\n\t<table>\n<tbody>\n<tr>\n<td align=\"left\">\n<div style=\"float: none;\">\n<div style=\"float: left; width: 220px;\"><b>Ing. Petr Kopeck\u00fd<\/b><\/div>\n<div style=\"float: left; width: 200px;\"><a href=\"mailto:kopecky@neotec.cz\">kopecky@neotec.cz<\/a><\/div>\n<div style=\"float: left; width: 200px;\">+420 603 210 456<\/div>\n<div style=\"float: left; width: 380px;padding-bottom:10px;\"><i>- Z\u00fcnd - prodej, p\u00e9\u010de o z\u00e1kazn\u00edky<\/i><\/div>\n<\/div>\n<\/td>\n<\/tr>\n<tr>\n<td align=\"left\">\n<div style=\"float: none;\">\n<div style=\"float: left; width: 220px;\"><b>David Bene\u0161<\/b><\/div>\n<div style=\"float: left; width: 200px;\"><a href=\"mailto:d.benes@neotec.cz\">d.benes@neotec.cz<\/a><\/div>\n<div style=\"float: left; width: 200px;\">+420 731 392 169<\/div>\n<div style=\"float: left; width: 380px;padding-bottom:10px;\"><i>- Z\u00fcnd - prodej, p\u00e9\u010de o z\u00e1kazn\u00edky<\/i><\/div>\n<\/div>\n<\/td>\n<\/tr>\n<tr>\n<td align=\"left\">\n<div style=\"float: none;\">\n<div style=\"float: left; width: 220px;\"><b>Bc. Martin Z\u00edma<\/b><\/div>\n<div style=\"float: left; width: 200px;\"><a href=\"mailto:m.zima@neotec.cz\">m.zima@neotec.cz<\/a><\/div>\n<div style=\"float: left; width: 200px;\">+420 605 060 502<\/div>\n<div style=\"float: left; width: 380px;padding-bottom:10px;\"><i>- Z\u00fcnd - n\u00e1hradn\u00ed d\u00edly, servis, p\u00e9\u010de o z\u00e1kazn\u00edky<\/i><\/div>\n<\/div>\n<\/td>\n<\/tr>\n<\/tbody>\n<\/table>\n<\/div>\n<\/div><\/div><\/div><\/div><div id=\"pg-13-2\"  class=\"panel-grid panel-no-style\" ><div id=\"pgc-13-2-0\"  class=\"panel-grid-cell\" ><div id=\"panel-13-2-0-0\" class=\"so-panel widget widget_sow-editor panel-first-child panel-last-child\" data-index=\"3\" ><div\n\t\t\t\n\t\t\tclass=\"so-widget-sow-editor so-widget-sow-editor-base\"\n\t\t\t\n\t\t>\n<div class=\"siteorigin-widget-tinymce textwidget\">\n\t<p>Firma zapsan\u00e1 v OR veden\u00e9m u MS Praha odd\u00edl C, vlo\u017eka 1062<\/p>\n<\/div>\n<\/div><\/div><\/div><\/div><\/div>","protected":false},"excerpt":{"rendered":"<p>NEOTEC, spol. s r.o. autorizovan\u00fd prodejce a servis firmy Z\u00fcnd Systemtechnik AG Jinonick\u00e1 804\/80 158 00 Praha 5 tel. +420 257 289 511 mobil: +420 737 282 828 e-mail: info@neotec.cz Uk\u00e1zat na map\u011b &gt;&gt; I\u010c: 14893703 DI\u010c: CZ14893703 Ing. Petr Kopeck\u00fd kopecky@neotec.cz +420 603 210 456 &#8211; Z\u00fcnd &#8211; prodej, p\u00e9\u010de o z\u00e1kazn\u00edky David Bene\u0161 [&hellip;]<\/p>\n","protected":false},"author":1,"featured_media":0,"parent":0,"menu_order":0,"comment_status":"closed","ping_status":"closed","template":"templates\/template-full-notitle.php","meta":{"footnotes":""},"class_list":["post-13","page","type-page","status-publish","hentry","post"],"_links":{"self":[{"href":"https:\/\/www.neotec.cz\/zund\/wp-json\/wp\/v2\/pages\/13","targetHints":{"allow":["GET"]}}],"collection":[{"href":"https:\/\/www.neotec.cz\/zund\/wp-json\/wp\/v2\/pages"}],"about":[{"href":"https:\/\/www.neotec.cz\/zund\/wp-json\/wp\/v2\/types\/page"}],"author":[{"embeddable":true,"href":"https:\/\/www.neotec.cz\/zund\/wp-json\/wp\/v2\/users\/1"}],"replies":[{"embeddable":true,"href":"https:\/\/www.neotec.cz\/zund\/wp-json\/wp\/v2\/comments?post=13"}],"version-history":[{"count":55,"href":"https:\/\/www.neotec.cz\/zund\/wp-json\/wp\/v2\/pages\/13\/revisions"}],"predecessor-version":[{"id":2855,"href":"https:\/\/www.neotec.cz\/zund\/wp-json\/wp\/v2\/pages\/13\/revisions\/2855"}],"wp:attachment":[{"href":"https:\/\/www.neotec.cz\/zund\/wp-json\/wp\/v2\/media?parent=13"}],"curies":[{"name":"wp","href":"https:\/\/api.w.org\/{rel}","templated":true}]}}