{"id":1415,"date":"2017-01-23T15:03:58","date_gmt":"2017-01-23T14:03:58","guid":{"rendered":"http:\/\/www.neotec.cz\/zund\/?page_id=1415"},"modified":"2021-06-02T07:41:46","modified_gmt":"2021-06-02T06:41:46","slug":"d3-rm","status":"publish","type":"page","link":"https:\/\/www.neotec.cz\/zund\/d3-rm\/","title":{"rendered":"D3 &#8211; Fr\u00e9zovac\u00ed moduly RM"},"content":{"rendered":"<div id=\"pl-1415\"  class=\"panel-layout\" ><div id=\"pg-1415-0\"  class=\"panel-grid panel-no-style\" ><div id=\"pgc-1415-0-0\"  class=\"panel-grid-cell\" ><div id=\"panel-1415-0-0-0\" class=\"so-panel widget widget_sow-editor panel-first-child panel-last-child\" data-index=\"0\" ><div\n\t\t\t\n\t\t\tclass=\"so-widget-sow-editor so-widget-sow-editor-base\"\n\t\t\t\n\t\t>\n<div class=\"siteorigin-widget-tinymce textwidget\">\n\t<h1><strong>\u0158ezac\u00ed plotr D3 -\u00a0moduly a n\u00e1stroje<\/strong><\/h1>\n<\/div>\n<\/div><\/div><\/div><\/div><div id=\"pg-1415-1\"  class=\"panel-grid panel-no-style\" ><div id=\"pgc-1415-1-0\"  class=\"panel-grid-cell\" ><div id=\"panel-1415-1-0-0\" class=\"so-panel widget widget_circleicon-widget panel-first-child panel-last-child\" data-index=\"1\" ><div class=\"panel-widget-style panel-widget-style-for-1415-1-0-0\" >\t\t<div class=\"circle-icon-box circle-icon-position-top circle-icon-hide-box circle-icon-size-large \">\n\t\t\t\t\t\t\t<div class=\"circle-icon-wrapper\">\n\t\t\t\t\t\t\t\t\t\t<a href=\"http:\/\/www.neotec.cz\/zund\/d3seznam\/\" class=\"link-icon\" >\t\t\t\t\t<div class=\"circle-icon icon-style-set\" style=\"background-image: url(http:\/\/www.neotec.cz\/zund\/wp-content\/uploads\/2016\/02\/ic-d3.png);background-color: #eeeeee\">\n\t\t\t\t\t\t\t\t\t\t\t<\/div>\n\t\t\t\t\t<\/a>\t\t\t\t<\/div>\n\t\t\t\n\t\t\t\t\t\t\t<a href=\"http:\/\/www.neotec.cz\/zund\/d3seznam\/\" class=\"link-title\" >\n\t\t\t\t\t\t\t\t\t\t\t\t\t<\/a>\n\t\t\t\n\t\t\t\t\t\t\t\t\t\t<a\n\t\t\t\t\thref=\"http:\/\/www.neotec.cz\/zund\/d3seznam\/\"\n\t\t\t\t\tclass=\"more-button\"\n\t\t\t\t\t\t\t\t\t\t\t\t\t\t>\n\t\t\t\t\tD3 sezn\u00e1men\u00ed <i><\/i>\n\t\t\t\t<\/a>\n\t\t\t\t\t<\/div>\n\t\t<\/div><\/div><\/div><div id=\"pgc-1415-1-1\"  class=\"panel-grid-cell\" ><div id=\"panel-1415-1-1-0\" class=\"so-panel widget widget_circleicon-widget panel-first-child panel-last-child\" data-index=\"2\" >\t\t<div class=\"circle-icon-box circle-icon-position-top circle-icon-hide-box circle-icon-size-large \">\n\t\t\t\t\t\t\t<div class=\"circle-icon-wrapper\">\n\t\t\t\t\t\t\t\t\t\t<a href=\"http:\/\/www.neotec.cz\/zund\/d3det\/\" class=\"link-icon\" >\t\t\t\t\t<div class=\"circle-icon icon-style-set\" style=\"background-image: url(http:\/\/www.neotec.cz\/zund\/wp-content\/uploads\/2016\/02\/ic-d3det.png);background-color: #eeeeee\">\n\t\t\t\t\t\t\t\t\t\t\t<\/div>\n\t\t\t\t\t<\/a>\t\t\t\t<\/div>\n\t\t\t\n\t\t\t\t\t\t\t<a href=\"http:\/\/www.neotec.cz\/zund\/d3det\/\" class=\"link-title\" >\n\t\t\t\t\t\t\t\t\t\t\t\t\t<\/a>\n\t\t\t\n\t\t\t\t\t\t\t\t\t\t<a\n\t\t\t\t\thref=\"http:\/\/www.neotec.cz\/zund\/d3det\/\"\n\t\t\t\t\tclass=\"more-button\"\n\t\t\t\t\t\t\t\t\t\t\t\t\t\t>\n\t\t\t\t\tD3 detailn\u011b <i><\/i>\n\t\t\t\t<\/a>\n\t\t\t\t\t<\/div>\n\t\t<\/div><\/div><div id=\"pgc-1415-1-2\"  class=\"panel-grid-cell\" ><div id=\"panel-1415-1-2-0\" class=\"so-panel widget widget_circleicon-widget panel-first-child panel-last-child\" data-index=\"3\" >\t\t<div class=\"circle-icon-box circle-icon-position-top circle-icon-hide-box circle-icon-size-large \">\n\t\t\t\t\t\t\t<div class=\"circle-icon-wrapper\">\n\t\t\t\t\t\t\t\t\t\t<div class=\"circle-icon icon-style-set\" style=\"background-image: url(http:\/\/www.neotec.cz\/zund\/wp-content\/uploads\/2016\/02\/ic-modtool.png);background-color: #888888\">\n\t\t\t\t\t\t\t\t\t\t\t<\/div>\n\t\t\t\t\t\t\t\t\t<\/div>\n\t\t\t\n\t\t\t\t\t\t\t\t\t\n\t\t\t\t\t\t\t\t\t\t<a\n\t\t\t\t\thref=\"http:\/\/www.neotec.cz\/zund\/d3mod\/\"\n\t\t\t\t\tclass=\"more-button\"\n\t\t\t\t\t\t\t\t\t\t\t\t\t\t>\n\t\t\t\t\tD3 moduly a n\u00e1stroje <i><\/i>\n\t\t\t\t<\/a>\n\t\t\t\t\t<\/div>\n\t\t<\/div><\/div><div id=\"pgc-1415-1-3\"  class=\"panel-grid-cell\" ><div id=\"panel-1415-1-3-0\" class=\"so-panel widget widget_circleicon-widget panel-first-child panel-last-child\" data-index=\"4\" >\t\t<div class=\"circle-icon-box circle-icon-position-top circle-icon-hide-box circle-icon-size-large \">\n\t\t\t\t\t\t\t<div class=\"circle-icon-wrapper\">\n\t\t\t\t\t\t\t\t\t\t<a href=\"http:\/\/www.neotec.cz\/zund\/d3velikostistolu\/\" class=\"link-icon\" >\t\t\t\t\t<div class=\"circle-icon icon-style-set\" style=\"background-image: url(http:\/\/www.neotec.cz\/zund\/wp-content\/uploads\/2016\/02\/ic-G3size.png);background-color: #eeeeee\">\n\t\t\t\t\t\t\t\t\t\t\t<\/div>\n\t\t\t\t\t<\/a>\t\t\t\t<\/div>\n\t\t\t\n\t\t\t\t\t\t\t<a href=\"http:\/\/www.neotec.cz\/zund\/d3velikostistolu\/\" class=\"link-title\" >\n\t\t\t\t\t\t\t\t\t\t\t\t\t<\/a>\n\t\t\t\n\t\t\t\t\t\t\t\t\t\t<a\n\t\t\t\t\thref=\"http:\/\/www.neotec.cz\/zund\/d3velikostistolu\/\"\n\t\t\t\t\tclass=\"more-button\"\n\t\t\t\t\t\t\t\t\t\t\t\t\t\t>\n\t\t\t\t\tD3 velikosti stol\u016f <i><\/i>\n\t\t\t\t<\/a>\n\t\t\t\t\t<\/div>\n\t\t<\/div><\/div><div id=\"pgc-1415-1-4\"  class=\"panel-grid-cell\" ><div id=\"panel-1415-1-4-0\" class=\"so-panel widget widget_circleicon-widget panel-first-child panel-last-child\" data-index=\"5\" >\t\t<div class=\"circle-icon-box circle-icon-position-top circle-icon-hide-box circle-icon-size-large \">\n\t\t\t\t\t\t\t<div class=\"circle-icon-wrapper\">\n\t\t\t\t\t\t\t\t\t\t<a href=\"http:\/\/www.neotec.cz\/zund\/d3-videa\/\" class=\"link-icon\" >\t\t\t\t\t<div class=\"circle-icon icon-style-set\" style=\"background-image: url(http:\/\/www.neotec.cz\/zund\/wp-content\/uploads\/2016\/02\/ic_d3video.png);background-color: #eeeeee\">\n\t\t\t\t\t\t\t\t\t\t\t<\/div>\n\t\t\t\t\t<\/a>\t\t\t\t<\/div>\n\t\t\t\n\t\t\t\t\t\t\t<a href=\"http:\/\/www.neotec.cz\/zund\/d3-videa\/\" class=\"link-title\" >\n\t\t\t\t\t\t\t\t\t\t\t\t\t<\/a>\n\t\t\t\n\t\t\t\t\t\t\t\t\t\t<a\n\t\t\t\t\thref=\"http:\/\/www.neotec.cz\/zund\/d3-videa\/\"\n\t\t\t\t\tclass=\"more-button\"\n\t\t\t\t\t\t\t\t\t\t\t\t\t\t>\n\t\t\t\t\tD3 videa <i><\/i>\n\t\t\t\t<\/a>\n\t\t\t\t\t<\/div>\n\t\t<\/div><\/div><div id=\"pgc-1415-1-5\"  class=\"panel-grid-cell\" ><div id=\"panel-1415-1-5-0\" class=\"so-panel widget widget_circleicon-widget panel-first-child panel-last-child\" data-index=\"6\" >\t\t<div class=\"circle-icon-box circle-icon-position-top circle-icon-hide-box circle-icon-size-large \">\n\t\t\t\t\t\t\t<div class=\"circle-icon-wrapper\">\n\t\t\t\t\t\t\t\t\t\t<a href=\"http:\/\/www.neotec.cz\/zund\/g3msm\/\" class=\"link-icon\" >\t\t\t\t\t<div class=\"circle-icon icon-style-set\" style=\"background-image: url(http:\/\/www.neotec.cz\/zund\/wp-content\/uploads\/2018\/04\/ic-g3msm.png);background-color: #eeeeee\">\n\t\t\t\t\t\t\t\t\t\t\t<\/div>\n\t\t\t\t\t<\/a>\t\t\t\t<\/div>\n\t\t\t\n\t\t\t\t\t\t\t<a href=\"http:\/\/www.neotec.cz\/zund\/g3msm\/\" class=\"link-title\" >\n\t\t\t\t\t\t\t\t\t\t\t\t\t<\/a>\n\t\t\t\n\t\t\t\t\t\t\t\t\t\t<a\n\t\t\t\t\thref=\"http:\/\/www.neotec.cz\/zund\/g3msm\/\"\n\t\t\t\t\tclass=\"more-button\"\n\t\t\t\t\t\t\t\t\t\t\t\t\t\t>\n\t\t\t\t\tManipulace <i><\/i>\n\t\t\t\t<\/a>\n\t\t\t\t\t<\/div>\n\t\t<\/div><\/div><\/div><div id=\"pg-1415-2\"  class=\"panel-grid panel-no-style\" ><div id=\"pgc-1415-2-0\"  class=\"panel-grid-cell\" ><div id=\"panel-1415-2-0-0\" class=\"so-panel widget widget_sow-editor panel-first-child panel-last-child\" data-index=\"7\" ><div\n\t\t\t\n\t\t\tclass=\"so-widget-sow-editor so-widget-sow-editor-base\"\n\t\t\t\n\t\t><h3 class=\"widget-title\">RM-A  \/ RM-L  - fr\u00e9zovac\u00ed moduly<\/h3>\n<div class=\"siteorigin-widget-tinymce textwidget\">\n\t<\/div>\n<\/div><\/div><\/div><\/div><div id=\"pg-1415-3\"  class=\"panel-grid panel-no-style\" ><div id=\"pgc-1415-3-0\"  class=\"panel-grid-cell\" ><div id=\"panel-1415-3-0-0\" class=\"so-panel widget widget_sow-image panel-first-child panel-last-child\" data-index=\"8\" ><div\n\t\t\t\n\t\t\tclass=\"so-widget-sow-image so-widget-sow-image-default-8b5b6f678277-1415\"\n\t\t\t\n\t\t>\n\n<div class=\"sow-image-container\">\n\t\t<img loading=\"lazy\" decoding=\"async\" src=\"https:\/\/www.neotec.cz\/zund\/wp-content\/uploads\/2017\/01\/rml_mit_3_6_kw_spindel-1-209x300.png\" width=\"209\" height=\"300\" srcset=\"https:\/\/www.neotec.cz\/zund\/wp-content\/uploads\/2017\/01\/rml_mit_3_6_kw_spindel-1-209x300.png 209w, https:\/\/www.neotec.cz\/zund\/wp-content\/uploads\/2017\/01\/rml_mit_3_6_kw_spindel-1.png 588w\" sizes=\"auto, (max-width: 209px) 100vw, 209px\" title=\"RM-L Fr\u00e9zovac\u00ed modul\" alt=\"Fr\u00e9zovac\u00ed modul\" \t\tclass=\"so-widget-image\"\/>\n\t<\/div>\n\n<\/div><\/div><\/div><div id=\"pgc-1415-3-1\"  class=\"panel-grid-cell\" ><div id=\"panel-1415-3-1-0\" class=\"so-panel widget widget_sow-editor panel-first-child panel-last-child\" data-index=\"9\" ><div\n\t\t\t\n\t\t\tclass=\"so-widget-sow-editor so-widget-sow-editor-base\"\n\t\t\t\n\t\t>\n<div class=\"siteorigin-widget-tinymce textwidget\">\n\t<div class=\"item-title\">\n<p>Z\u00e1kladn\u00edm d\u00edlem v\u0161ech fr\u00e9zovac\u00edch modul\u016f firmy Z\u00fcnd je\u00a0v\u00fdkonn\u00e9 a vysokoot\u00e1\u010dkov\u00e9 v\u0159eteno. V z\u00e1vislosti na po\u017eadavc\u00edch z\u00e1kazn\u00edka a p\u0159edpokl\u00e1dan\u00e9 aplikaci jsou dostupn\u00e9 v\u00fdkony od 1 do 3,6 kW.<\/p>\n<ul>\n<li>fr\u00e9zov\u00e1n\u00ed, grav\u00edrov\u00e1n\u00ed a dokon\u010dov\u00e1n\u00ed s jedn\u00edm a t\u00edm sam\u00fdm modulem<\/li>\n<li>mo\u017enost zpracov\u00e1n\u00ed \u0161irok\u00e9ho spektra materi\u00e1l\u016f<\/li>\n<li>aktivn\u00ed chlazen\u00ed pro odvod tepla<\/li>\n<li>\u00fa\u010dinn\u00e9 ods\u00e1v\u00e1n\u00ed prachu pro \u010dist\u00e9 pracovn\u00ed prost\u0159ed\u00ed<\/li>\n<li>navr\u017eeno pro nep\u0159etr\u017eit\u00fd provoz\u00a0 27 hodin 7 dn\u00ed v t\u00fddnu<\/li>\n<li>\u0161irok\u00e1 nab\u00eddka fr\u00e9zovac\u00edch bit\u016f Z\u00fcnd<\/li>\n<\/ul>\n<\/div>\n<div class=\"clearfix item-content-textblocks\">\u00a0<\/div>\n<\/div>\n<\/div><\/div><\/div><\/div><div id=\"pg-1415-4\"  class=\"panel-grid panel-no-style\" ><div id=\"pgc-1415-4-0\"  class=\"panel-grid-cell\" ><div id=\"panel-1415-4-0-0\" class=\"so-panel widget widget_sow-editor panel-first-child panel-last-child\" data-index=\"10\" ><div\n\t\t\t\n\t\t\tclass=\"so-widget-sow-editor so-widget-sow-editor-base\"\n\t\t\t\n\t\t>\n<div class=\"siteorigin-widget-tinymce textwidget\">\n\t<div class=\"item-title\">\n<p><strong>Fr\u00e9zovac\u00ed modul RM-L<\/strong><\/p>\n<ul>\n<li>3,6 kW v\u0159eteno s pneumatick\u00fdm up\u00ednac\u00edm syst\u00e9mem<\/li>\n<li>hloubka fr\u00e9zov\u00e1n\u00ed a\u017e 50 mm<\/li>\n<li>dr\u017e\u00e1k kle\u0161tiny HSK-E25 pro bity\u00a0s pr\u016fm\u011brem\u00a0 stopky a\u017e 10mm<\/li>\n<li>integrovan\u00fd syst\u00e9m p\u0159im\u00e1z\u00e1v\u00e1n\u00ed minim\u00e1ln\u00edm mno\u017estv\u00edm maziva (MQL)\u00a0pro hlin\u00edkov\u00e9 a ACM materi\u00e1ly<\/li>\n<li>kompenzace rovinnosti plochy materi\u00e1lu\u00a0pro p\u0159esn\u00e9 fr\u00e9zov\u00e1n\u00ed<\/li>\n<li>kompatibiln\u00ed s automatick\u00fdm m\u011bni\u010dem fr\u00e9zovac\u00edch bit\u016f ARC HSK<\/li>\n<li>kompatibiln\u00ed s \u0159adou G3, D3<\/li>\n<\/ul>\n<\/div>\n<div class=\"clearfix item-content-textblocks\">\u00a0<\/div>\n<\/div>\n<\/div><\/div><\/div><div id=\"pgc-1415-4-1\"  class=\"panel-grid-cell\" ><div id=\"panel-1415-4-1-0\" class=\"so-panel widget widget_sow-editor panel-first-child panel-last-child\" data-index=\"11\" ><div\n\t\t\t\n\t\t\tclass=\"so-widget-sow-editor so-widget-sow-editor-base\"\n\t\t\t\n\t\t>\n<div class=\"siteorigin-widget-tinymce textwidget\">\n\t<div class=\"item-title\">\n<p><strong>Fr\u00e9zovac\u00ed modul RM-A \/ RM-A QC<\/strong><\/p>\n<ul>\n<li>1kW v\u0159eteno voliteln\u011b s pneumatick\u00fdm up\u00ednac\u00edm syst\u00e9mem<\/li>\n<li>hloubka fr\u00e9zov\u00e1n\u00ed a\u017e 50 mm<\/li>\n<li>voliteln\u00fd\u00a0syst\u00e9m p\u0159im\u00e1z\u00e1v\u00e1n\u00ed minim\u00e1ln\u00edm mno\u017estv\u00edm maziva (MQL)\u00a0pro hlin\u00edkov\u00e9 a ACM materi\u00e1ly<\/li>\n<li>kompenzace rovinnosti plochy materi\u00e1lu\u00a0pro p\u0159esn\u00e9 fr\u00e9zov\u00e1n\u00ed<\/li>\n<li>pro bity s pr\u016fm\u011brem stopky 6 mm (RM-A) nebo 6 mm s dorazem (RM-A QC)<\/li>\n<li>s pneumatickou ovl\u00e1danou kle\u0161tinou kompatibiln\u00ed\u00a0s automatick\u00fdm m\u011bni\u010dem fr\u00e9zovac\u00edch bit\u016f ARC (RM-A QC)<\/li>\n<li>kompatibiln\u00ed s \u0159adou G3, D3<\/li>\n<\/ul>\n<\/div>\n<div class=\"clearfix item-content-textblocks\">\u00a0<\/div>\n<\/div>\n<\/div><\/div><\/div><\/div><div id=\"pg-1415-5\"  class=\"panel-grid panel-no-style\" ><div id=\"pgc-1415-5-0\"  class=\"panel-grid-cell\" ><div id=\"panel-1415-5-0-0\" class=\"so-panel widget widget_sow-image panel-first-child panel-last-child\" data-index=\"12\" ><div\n\t\t\t\n\t\t\tclass=\"so-widget-sow-image so-widget-sow-image-default-8b5b6f678277-1415\"\n\t\t\t\n\t\t>\n\n<div class=\"sow-image-container\">\n\t\t<img loading=\"lazy\" decoding=\"async\" src=\"https:\/\/www.neotec.cz\/zund\/wp-content\/uploads\/2017\/01\/rml_mit_3_6_kw_spindel-1-209x300.png\" width=\"209\" height=\"300\" srcset=\"https:\/\/www.neotec.cz\/zund\/wp-content\/uploads\/2017\/01\/rml_mit_3_6_kw_spindel-1-209x300.png 209w, https:\/\/www.neotec.cz\/zund\/wp-content\/uploads\/2017\/01\/rml_mit_3_6_kw_spindel-1.png 588w\" sizes=\"auto, (max-width: 209px) 100vw, 209px\" title=\"RM-L Fr\u00e9zovac\u00ed modul\" alt=\"Fr\u00e9zovac\u00ed modul\" \t\tclass=\"so-widget-image\"\/>\n\t<\/div>\n\n<\/div><\/div><\/div><div id=\"pgc-1415-5-1\"  class=\"panel-grid-cell\" ><div id=\"panel-1415-5-1-0\" class=\"so-panel widget widget_sow-image panel-first-child panel-last-child\" data-index=\"13\" ><div\n\t\t\t\n\t\t\tclass=\"so-widget-sow-image so-widget-sow-image-default-8b5b6f678277-1415\"\n\t\t\t\n\t\t>\n\n<div class=\"sow-image-container\">\n\t\t<img loading=\"lazy\" decoding=\"async\" src=\"https:\/\/www.neotec.cz\/zund\/wp-content\/uploads\/2017\/01\/rma_mit_1kw_qc-228x300.png\" width=\"228\" height=\"300\" srcset=\"https:\/\/www.neotec.cz\/zund\/wp-content\/uploads\/2017\/01\/rma_mit_1kw_qc-228x300.png 228w, https:\/\/www.neotec.cz\/zund\/wp-content\/uploads\/2017\/01\/rma_mit_1kw_qc.png 588w\" sizes=\"auto, (max-width: 228px) 100vw, 228px\" title=\"RM-A Fr\u00e9zovac\u00ed modul\" alt=\"Fr\u00e9zovac\u00ed modul\" \t\tclass=\"so-widget-image\"\/>\n\t<\/div>\n\n<\/div><\/div><\/div><\/div><div id=\"pg-1415-6\"  class=\"panel-grid panel-no-style\" ><div id=\"pgc-1415-6-0\"  class=\"panel-grid-cell\" ><div id=\"panel-1415-6-0-0\" class=\"so-panel widget widget_sow-editor panel-first-child panel-last-child\" data-index=\"14\" ><div\n\t\t\t\n\t\t\tclass=\"so-widget-sow-editor so-widget-sow-editor-base\"\n\t\t\t\n\t\t><h3 class=\"widget-title\">Ke sta\u017een\u00ed<\/h3>\n<div class=\"siteorigin-widget-tinymce textwidget\">\n\t<p><a href=\"http:\/\/www.neotec.cz\/zund\/wp-content\/uploads\/2016\/02\/Modules_Tools_CZ.pdf\" target=\"_blank\" rel=\"noopener\">Moduly, n\u00e1stroje a jejich pou\u017eit\u00ed (CZ)<\/a><a href=\"http:\/\/www.neotec.cz\/zund\/wp-content\/uploads\/2016\/02\/Modules_Tools_CZ.pdf\" target=\"_blank\" rel=\"noopener\"><img loading=\"lazy\" decoding=\"async\" class=\"alignleft wp-image-1108 size-full\" src=\"http:\/\/www.neotec.cz\/zund\/wp-content\/uploads\/2016\/02\/picPDF.png\" alt=\"picPDF\" width=\"32\" height=\"32\" \/><\/a><br \/>\n&nbsp;<\/p>\n<p><a href=\"http:\/\/www.neotec.cz\/zund\/wp-content\/uploads\/2017\/01\/RM-L-36kW_overview_CZ_lock.pdf\" target=\"_blank\" rel=\"noopener\">Fr\u00e9zovac\u00ed modul RM-L s 3,6 kW v\u0159etenem (CZ)<\/a><a href=\"http:\/\/www.neotec.cz\/zund\/wp-content\/uploads\/2017\/01\/RM-L-36kW_overview_CZ_lock.pdf\" target=\"_blank\" rel=\"noopener\"><img loading=\"lazy\" decoding=\"async\" class=\"alignleft wp-image-1108 size-full\" src=\"http:\/\/www.neotec.cz\/zund\/wp-content\/uploads\/2016\/02\/picPDF.png\" alt=\"picPDF\" width=\"32\" height=\"32\" \/><\/a><br \/>\n&nbsp;<\/p>\n<p><a href=\"https:\/\/www.neotec.cz\/zund\/wp-content\/uploads\/2021\/06\/Routing_module_RM-A_CZ.pdf\" target=\"_blank\" rel=\"noopener\">Fr\u00e9zovac\u00ed modul RM-A s 1 kW v\u0159etenem (CZ)<\/a><a href=\"https:\/\/www.neotec.cz\/zund\/wp-content\/uploads\/2021\/06\/Routing_module_RM-A_CZ.pdf\" target=\"_blank\" rel=\"noopener\"><img loading=\"lazy\" decoding=\"async\" class=\"alignleft wp-image-1108 size-full\" src=\"http:\/\/www.neotec.cz\/zund\/wp-content\/uploads\/2016\/02\/picPDF.png\" alt=\"picPDF\" width=\"32\" height=\"32\" \/><\/a><\/p>\n<\/div>\n<\/div><\/div><\/div><\/div><\/div>","protected":false},"excerpt":{"rendered":"<p>\u0158ezac\u00ed plotr D3 &#8211;\u00a0moduly a n\u00e1stroje<\/p>\n","protected":false},"author":1,"featured_media":0,"parent":0,"menu_order":0,"comment_status":"closed","ping_status":"closed","template":"templates\/template-full-notitle.php","meta":{"footnotes":""},"class_list":["post-1415","page","type-page","status-publish","hentry","post"],"_links":{"self":[{"href":"https:\/\/www.neotec.cz\/zund\/wp-json\/wp\/v2\/pages\/1415","targetHints":{"allow":["GET"]}}],"collection":[{"href":"https:\/\/www.neotec.cz\/zund\/wp-json\/wp\/v2\/pages"}],"about":[{"href":"https:\/\/www.neotec.cz\/zund\/wp-json\/wp\/v2\/types\/page"}],"author":[{"embeddable":true,"href":"https:\/\/www.neotec.cz\/zund\/wp-json\/wp\/v2\/users\/1"}],"replies":[{"embeddable":true,"href":"https:\/\/www.neotec.cz\/zund\/wp-json\/wp\/v2\/comments?post=1415"}],"version-history":[{"count":17,"href":"https:\/\/www.neotec.cz\/zund\/wp-json\/wp\/v2\/pages\/1415\/revisions"}],"predecessor-version":[{"id":1782,"href":"https:\/\/www.neotec.cz\/zund\/wp-json\/wp\/v2\/pages\/1415\/revisions\/1782"}],"wp:attachment":[{"href":"https:\/\/www.neotec.cz\/zund\/wp-json\/wp\/v2\/media?parent=1415"}],"curies":[{"name":"wp","href":"https:\/\/api.w.org\/{rel}","templated":true}]}}