{"id":1509,"date":"2018-04-10T13:28:30","date_gmt":"2018-04-10T12:28:30","guid":{"rendered":"http:\/\/www.neotec.cz\/zund\/?page_id=1509"},"modified":"2018-06-01T13:56:32","modified_gmt":"2018-06-01T12:56:32","slug":"g3ct","status":"publish","type":"page","link":"https:\/\/www.neotec.cz\/zund\/g3ct\/","title":{"rendered":"Manipulace &#8211; sb\u011brn\u00fd ko\u0161"},"content":{"rendered":"<div id=\"pl-1509\"  class=\"panel-layout\" ><div id=\"pg-1509-0\"  class=\"panel-grid panel-no-style\" ><div id=\"pgc-1509-0-0\"  class=\"panel-grid-cell\" ><div id=\"panel-1509-0-0-0\" class=\"so-panel widget widget_sow-editor panel-first-child panel-last-child\" data-index=\"0\" ><div\n\t\t\t\n\t\t\tclass=\"so-widget-sow-editor so-widget-sow-editor-base\"\n\t\t\t\n\t\t>\n<div class=\"siteorigin-widget-tinymce textwidget\">\n\t<h1><strong>Manipulace s materi\u00e1lem<\/strong><\/h1>\n<\/div>\n<\/div><\/div><\/div><\/div><div id=\"pg-1509-1\"  class=\"panel-grid panel-no-style\" ><div id=\"pgc-1509-1-0\"  class=\"panel-grid-cell\" ><div id=\"panel-1509-1-0-0\" class=\"so-panel widget widget_sow-editor panel-first-child\" data-index=\"1\" ><div\n\t\t\t\n\t\t\tclass=\"so-widget-sow-editor so-widget-sow-editor-base\"\n\t\t\t\n\t\t><h3 class=\"widget-title\">Sb\u011brn\u00fd ko\u0161<\/h3>\n<div class=\"siteorigin-widget-tinymce textwidget\">\n\t<p><img loading=\"lazy\" decoding=\"async\" class=\"size-medium wp-image-1512 alignleft\" src=\"http:\/\/www.neotec.cz\/zund\/wp-content\/uploads\/2018\/04\/colectiontray-300x200.png\" alt=\"\" width=\"300\" height=\"200\" srcset=\"https:\/\/www.neotec.cz\/zund\/wp-content\/uploads\/2018\/04\/colectiontray-300x200.png 300w, https:\/\/www.neotec.cz\/zund\/wp-content\/uploads\/2018\/04\/colectiontray-272x182.png 272w, https:\/\/www.neotec.cz\/zund\/wp-content\/uploads\/2018\/04\/colectiontray.png 700w\" sizes=\"auto, (max-width: 300px) 100vw, 300px\" \/><span id=\"result_box\" lang=\"cs\">Sb\u011brn\u00fd ko\u0161 je praktick\u00fd odn\u00edmateln\u00fd vak pro zachycen\u00ed vy\u0159ezan\u00fdch d\u00edl\u016f i odpadu b\u011bhem posunu konveyorov\u00e9ho p\u00e1su. Pom\u00e1h\u00e1 chr\u00e1nit vy\u0159ezan\u00e9 d\u00edly a udr\u017euje pracovi\u0161t\u011b \u010dist\u00e9. Pro vypr\u00e1zdn\u011bn\u00ed m\u016f\u017ee b\u00fdt vak snadno sejmut ze stroje bez p\u0159eru\u0161en\u00ed v\u00fdroby.<\/span><\/p>\n<p>Dostupn\u00fd pro modelov\u00e9 \u0159ady plotr\u016f Z\u00fcnd G3, D3 a S3.<\/p>\n<\/div>\n<\/div><\/div><div id=\"panel-1509-1-0-1\" class=\"so-panel widget widget_sow-editor panel-last-child\" data-index=\"2\" ><div\n\t\t\t\n\t\t\tclass=\"so-widget-sow-editor so-widget-sow-editor-base\"\n\t\t\t\n\t\t><h3 class=\"widget-title\">Ke sta\u017een\u00ed<\/h3>\n<div class=\"siteorigin-widget-tinymce textwidget\">\n\t<p><a href=\"http:\/\/www.neotec.cz\/zund\/wp-content\/uploads\/2018\/06\/CollectionTray-CZ.pdf\" target=\"_blank\" rel=\"noopener\">Sb\u011brn\u00fd ko\u0161 - produktov\u00fd list (CZ)<\/a><a href=\"http:\/\/www.neotec.cz\/zund\/wp-content\/uploads\/2018\/06\/CollectionTray-CZ.pdf\" target=\"_blank\" rel=\"noopener\"><img loading=\"lazy\" decoding=\"async\" class=\"alignleft wp-image-1108 size-full\" src=\"http:\/\/www.neotec.cz\/zund\/wp-content\/uploads\/2016\/02\/picPDF.png\" alt=\"picPDF\" width=\"32\" height=\"32\" \/><\/a><\/p>\n<\/div>\n<\/div><\/div><\/div><\/div><\/div>","protected":false},"excerpt":{"rendered":"<p>Manipulace s materi\u00e1lem Sb\u011brn\u00fd ko\u0161 je praktick\u00fd odn\u00edmateln\u00fd vak pro zachycen\u00ed vy\u0159ezan\u00fdch d\u00edl\u016f i odpadu b\u011bhem posunu konveyorov\u00e9ho p\u00e1su. Pom\u00e1h\u00e1 chr\u00e1nit vy\u0159ezan\u00e9 d\u00edly a udr\u017euje pracovi\u0161t\u011b \u010dist\u00e9. Pro vypr\u00e1zdn\u011bn\u00ed m\u016f\u017ee b\u00fdt vak snadno sejmut ze stroje bez p\u0159eru\u0161en\u00ed v\u00fdroby. Dostupn\u00fd pro modelov\u00e9 \u0159ady plotr\u016f Z\u00fcnd G3, D3 a S3. Sb\u011brn\u00fd ko\u0161 &#8211; produktov\u00fd list (CZ)<\/p>\n","protected":false},"author":1,"featured_media":0,"parent":0,"menu_order":0,"comment_status":"closed","ping_status":"closed","template":"templates\/template-full-notitle.php","meta":{"footnotes":""},"class_list":["post-1509","page","type-page","status-publish","hentry","post"],"_links":{"self":[{"href":"https:\/\/www.neotec.cz\/zund\/wp-json\/wp\/v2\/pages\/1509","targetHints":{"allow":["GET"]}}],"collection":[{"href":"https:\/\/www.neotec.cz\/zund\/wp-json\/wp\/v2\/pages"}],"about":[{"href":"https:\/\/www.neotec.cz\/zund\/wp-json\/wp\/v2\/types\/page"}],"author":[{"embeddable":true,"href":"https:\/\/www.neotec.cz\/zund\/wp-json\/wp\/v2\/users\/1"}],"replies":[{"embeddable":true,"href":"https:\/\/www.neotec.cz\/zund\/wp-json\/wp\/v2\/comments?post=1509"}],"version-history":[{"count":12,"href":"https:\/\/www.neotec.cz\/zund\/wp-json\/wp\/v2\/pages\/1509\/revisions"}],"predecessor-version":[{"id":1843,"href":"https:\/\/www.neotec.cz\/zund\/wp-json\/wp\/v2\/pages\/1509\/revisions\/1843"}],"wp:attachment":[{"href":"https:\/\/www.neotec.cz\/zund\/wp-json\/wp\/v2\/media?parent=1509"}],"curies":[{"name":"wp","href":"https:\/\/api.w.org\/{rel}","templated":true}]}}