{"id":1520,"date":"2018-04-10T14:01:44","date_gmt":"2018-04-10T13:01:44","guid":{"rendered":"http:\/\/www.neotec.cz\/zund\/?page_id=1520"},"modified":"2018-04-27T12:36:01","modified_gmt":"2018-04-27T11:36:01","slug":"g3kp","status":"publish","type":"page","link":"https:\/\/www.neotec.cz\/zund\/g3kp\/","title":{"rendered":"Manipulace &#8211; konveyorov\u00fd p\u00e1s"},"content":{"rendered":"<div id=\"pl-1520\"  class=\"panel-layout\" ><div id=\"pg-1520-0\"  class=\"panel-grid panel-no-style\" ><div id=\"pgc-1520-0-0\"  class=\"panel-grid-cell\" ><div id=\"panel-1520-0-0-0\" class=\"so-panel widget widget_sow-editor panel-first-child panel-last-child\" data-index=\"0\" ><div\n\t\t\t\n\t\t\tclass=\"so-widget-sow-editor so-widget-sow-editor-base\"\n\t\t\t\n\t\t>\n<div class=\"siteorigin-widget-tinymce textwidget\">\n\t<h1>M<strong>anipulace s materi\u00e1lem<\/strong><\/h1>\n<\/div>\n<\/div><\/div><\/div><\/div><div id=\"pg-1520-1\"  class=\"panel-grid panel-no-style\" ><div id=\"pgc-1520-1-0\"  class=\"panel-grid-cell\" ><div id=\"panel-1520-1-0-0\" class=\"so-panel widget widget_sow-editor panel-first-child panel-last-child\" data-index=\"1\" ><div\n\t\t\t\n\t\t\tclass=\"so-widget-sow-editor so-widget-sow-editor-base\"\n\t\t\t\n\t\t><h3 class=\"widget-title\">Konveyorov\u00fd p\u00e1s<\/h3>\n<div class=\"siteorigin-widget-tinymce textwidget\">\n\t<p><img loading=\"lazy\" decoding=\"async\" class=\"alignleft wp-image-1521 size-medium\" src=\"http:\/\/www.neotec.cz\/zund\/wp-content\/uploads\/2018\/04\/materialtransport-300x200.png\" alt=\"\" width=\"300\" height=\"200\" srcset=\"https:\/\/www.neotec.cz\/zund\/wp-content\/uploads\/2018\/04\/materialtransport-300x200.png 300w, https:\/\/www.neotec.cz\/zund\/wp-content\/uploads\/2018\/04\/materialtransport-272x182.png 272w, https:\/\/www.neotec.cz\/zund\/wp-content\/uploads\/2018\/04\/materialtransport.png 700w\" sizes=\"auto, (max-width: 300px) 100vw, 300px\" \/><span id=\"result_box\" lang=\"cs\">P\u0159eprava materi\u00e1lu prob\u00edh\u00e1 pomoc\u00ed konveyorov\u00e9ho p\u00e1su, kter\u00fd sou\u010dasn\u011b slou\u017e\u00ed jako \u0159ezac\u00ed podlo\u017eka. Ovl\u00e1dac\u00ed syst\u00e9m ur\u010duje p\u0159esn\u011b okam\u017eik, po\u010d\u00e1tek a d\u00e9lku ka\u017ed\u00e9ho posuvu p\u00e1su. To v\u0161e maximalizuje v\u00fdkon p\u0159edev\u0161\u00edm p\u0159i zpracov\u00e1n\u00ed \u00faloh del\u0161\u00edch ne\u017e je velikost \u0159ezac\u00edho okna. P\u0159i jednotliv\u00fdch posuvech p\u0159idr\u017euj\u00ed materi\u00e1l nastaviteln\u00e9 fixa\u010dn\u00ed prvky nebo li\u0161ta (voliteln\u011b).\u00a0<\/span><\/p>\n<p>Dostupn\u00e9 pro modelov\u00e9 \u0159ady stroj\u016f Z\u00fcnd G3, D3 a S3.<\/p>\n<\/div>\n<\/div><\/div><\/div><\/div><\/div>","protected":false},"excerpt":{"rendered":"<p>Manipulace s materi\u00e1lem P\u0159eprava materi\u00e1lu prob\u00edh\u00e1 pomoc\u00ed konveyorov\u00e9ho p\u00e1su, kter\u00fd sou\u010dasn\u011b slou\u017e\u00ed jako \u0159ezac\u00ed podlo\u017eka. Ovl\u00e1dac\u00ed syst\u00e9m ur\u010duje p\u0159esn\u011b okam\u017eik, po\u010d\u00e1tek a d\u00e9lku ka\u017ed\u00e9ho posuvu p\u00e1su. To v\u0161e maximalizuje v\u00fdkon p\u0159edev\u0161\u00edm p\u0159i zpracov\u00e1n\u00ed \u00faloh del\u0161\u00edch ne\u017e je velikost \u0159ezac\u00edho okna. P\u0159i jednotliv\u00fdch posuvech p\u0159idr\u017euj\u00ed materi\u00e1l nastaviteln\u00e9 fixa\u010dn\u00ed prvky nebo li\u0161ta (voliteln\u011b).\u00a0 Dostupn\u00e9 pro modelov\u00e9 \u0159ady [&hellip;]<\/p>\n","protected":false},"author":1,"featured_media":0,"parent":0,"menu_order":0,"comment_status":"closed","ping_status":"closed","template":"templates\/template-full-notitle.php","meta":{"footnotes":""},"class_list":["post-1520","page","type-page","status-publish","hentry","post"],"_links":{"self":[{"href":"https:\/\/www.neotec.cz\/zund\/wp-json\/wp\/v2\/pages\/1520","targetHints":{"allow":["GET"]}}],"collection":[{"href":"https:\/\/www.neotec.cz\/zund\/wp-json\/wp\/v2\/pages"}],"about":[{"href":"https:\/\/www.neotec.cz\/zund\/wp-json\/wp\/v2\/types\/page"}],"author":[{"embeddable":true,"href":"https:\/\/www.neotec.cz\/zund\/wp-json\/wp\/v2\/users\/1"}],"replies":[{"embeddable":true,"href":"https:\/\/www.neotec.cz\/zund\/wp-json\/wp\/v2\/comments?post=1520"}],"version-history":[{"count":18,"href":"https:\/\/www.neotec.cz\/zund\/wp-json\/wp\/v2\/pages\/1520\/revisions"}],"predecessor-version":[{"id":1621,"href":"https:\/\/www.neotec.cz\/zund\/wp-json\/wp\/v2\/pages\/1520\/revisions\/1621"}],"wp:attachment":[{"href":"https:\/\/www.neotec.cz\/zund\/wp-json\/wp\/v2\/media?parent=1520"}],"curies":[{"name":"wp","href":"https:\/\/api.w.org\/{rel}","templated":true}]}}