{"id":1526,"date":"2018-04-10T14:11:48","date_gmt":"2018-04-10T13:11:48","guid":{"rendered":"http:\/\/www.neotec.cz\/zund\/?page_id=1526"},"modified":"2018-04-27T12:30:13","modified_gmt":"2018-04-27T11:30:13","slug":"g3ps","status":"publish","type":"page","link":"https:\/\/www.neotec.cz\/zund\/g3ps\/","title":{"rendered":"Manipulace &#8211; prodlou\u017een\u00ed stolu"},"content":{"rendered":"<div id=\"pl-1526\"  class=\"panel-layout\" ><div id=\"pg-1526-0\"  class=\"panel-grid panel-no-style\" ><div id=\"pgc-1526-0-0\"  class=\"panel-grid-cell\" ><div id=\"panel-1526-0-0-0\" class=\"so-panel widget widget_sow-editor panel-first-child panel-last-child\" data-index=\"0\" ><div\n\t\t\t\n\t\t\tclass=\"so-widget-sow-editor so-widget-sow-editor-base\"\n\t\t\t\n\t\t>\n<div class=\"siteorigin-widget-tinymce textwidget\">\n\t<h1><strong>Manipulace s materi\u00e1lem<\/strong><\/h1>\n<\/div>\n<\/div><\/div><\/div><\/div><div id=\"pg-1526-1\"  class=\"panel-grid panel-no-style\" ><div id=\"pgc-1526-1-0\"  class=\"panel-grid-cell\" ><div id=\"panel-1526-1-0-0\" class=\"so-panel widget widget_sow-editor panel-first-child panel-last-child\" data-index=\"1\" ><div\n\t\t\t\n\t\t\tclass=\"so-widget-sow-editor so-widget-sow-editor-base\"\n\t\t\t\n\t\t><h3 class=\"widget-title\">Prodlou\u017een\u00ed stolu<\/h3>\n<div class=\"siteorigin-widget-tinymce textwidget\">\n\t<p><span id=\"result_box\" lang=\"cs\">Prodlou\u017een\u00ed plochy stolu o vstupn\u00ed z\u00f3na pro nalo\u017een\u00ed materi\u00e1lu a v\u00fdstupn\u00ed z\u00f3nu pro odb\u011br vy\u0159ezan\u00fdch d\u00edl\u016f. Tyto prodlou\u017een\u00ed a \u0159ezac\u00ed plocha stroje jsou pro spole\u010dn\u00fdm konveyorov\u00fdm p\u00e1sem, kter\u00fd zaji\u0161\u0165uje transport materi\u00e1lu.<\/span><\/p>\n<p>Pro \u0159ady G3, D3 jsou mo\u017en\u00e9 prodlou\u017een\u00ed v pln\u00e9 (L) nebo polovi\u010dn\u00ed (L\/2) d\u00e9lce \u0159ezac\u00edho okna.<\/p>\n<p><img loading=\"lazy\" decoding=\"async\" class=\"alignnone wp-image-1527 size-large\" src=\"http:\/\/www.neotec.cz\/zund\/wp-content\/uploads\/2018\/04\/g3_cve-1024x512.png\" alt=\"\" width=\"720\" height=\"360\" srcset=\"https:\/\/www.neotec.cz\/zund\/wp-content\/uploads\/2018\/04\/g3_cve-1024x512.png 1024w, https:\/\/www.neotec.cz\/zund\/wp-content\/uploads\/2018\/04\/g3_cve-300x150.png 300w, https:\/\/www.neotec.cz\/zund\/wp-content\/uploads\/2018\/04\/g3_cve-768x384.png 768w, https:\/\/www.neotec.cz\/zund\/wp-content\/uploads\/2018\/04\/g3_cve-960x480.png 960w, https:\/\/www.neotec.cz\/zund\/wp-content\/uploads\/2018\/04\/g3_cve.png 1140w\" sizes=\"auto, (max-width: 720px) 100vw, 720px\" \/><\/p>\n<p>&nbsp;<\/p>\n<p><span style=\"display: inline !important; float: none; background-color: transparent; color: #333333; cursor: text; font-family: Georgia,'Times New Roman','Bitstream Charter',Times,serif; font-size: 16px; font-style: normal; font-variant: normal; font-weight: 400; letter-spacing: normal; orphans: 2; text-align: left; text-decoration: none; text-indent: 0px; text-transform: none; -webkit-text-stroke-width: 0px; white-space: normal; word-spacing: 0px;\">Pro \u0159adu S3 jsou mo\u017en\u00e9 prodlou\u017een\u00ed pouze v pln\u00e9 (L) d\u00e9lce \u0159ezac\u00edho okna.<\/span><\/p>\n<p><img loading=\"lazy\" decoding=\"async\" class=\"alignnone wp-image-1607 \" src=\"http:\/\/www.neotec.cz\/zund\/wp-content\/uploads\/2018\/04\/s3_cve.png\" alt=\"\" width=\"716\" height=\"358\" srcset=\"https:\/\/www.neotec.cz\/zund\/wp-content\/uploads\/2018\/04\/s3_cve.png 588w, https:\/\/www.neotec.cz\/zund\/wp-content\/uploads\/2018\/04\/s3_cve-300x150.png 300w\" sizes=\"auto, (max-width: 716px) 100vw, 716px\" \/><\/p>\n<p>&nbsp;<\/p>\n<\/div>\n<\/div><\/div><\/div><\/div><\/div>","protected":false},"excerpt":{"rendered":"<p>Manipulace s materi\u00e1lem Prodlou\u017een\u00ed plochy stolu o vstupn\u00ed z\u00f3na pro nalo\u017een\u00ed materi\u00e1lu a v\u00fdstupn\u00ed z\u00f3nu pro odb\u011br vy\u0159ezan\u00fdch d\u00edl\u016f. Tyto prodlou\u017een\u00ed a \u0159ezac\u00ed plocha stroje jsou pro spole\u010dn\u00fdm konveyorov\u00fdm p\u00e1sem, kter\u00fd zaji\u0161\u0165uje transport materi\u00e1lu. Pro \u0159ady G3, D3 jsou mo\u017en\u00e9 prodlou\u017een\u00ed v pln\u00e9 (L) nebo polovi\u010dn\u00ed (L\/2) d\u00e9lce \u0159ezac\u00edho okna. &nbsp; Pro \u0159adu S3 jsou [&hellip;]<\/p>\n","protected":false},"author":1,"featured_media":0,"parent":0,"menu_order":0,"comment_status":"closed","ping_status":"closed","template":"templates\/template-full-notitle.php","meta":{"footnotes":""},"class_list":["post-1526","page","type-page","status-publish","hentry","post"],"_links":{"self":[{"href":"https:\/\/www.neotec.cz\/zund\/wp-json\/wp\/v2\/pages\/1526","targetHints":{"allow":["GET"]}}],"collection":[{"href":"https:\/\/www.neotec.cz\/zund\/wp-json\/wp\/v2\/pages"}],"about":[{"href":"https:\/\/www.neotec.cz\/zund\/wp-json\/wp\/v2\/types\/page"}],"author":[{"embeddable":true,"href":"https:\/\/www.neotec.cz\/zund\/wp-json\/wp\/v2\/users\/1"}],"replies":[{"embeddable":true,"href":"https:\/\/www.neotec.cz\/zund\/wp-json\/wp\/v2\/comments?post=1526"}],"version-history":[{"count":12,"href":"https:\/\/www.neotec.cz\/zund\/wp-json\/wp\/v2\/pages\/1526\/revisions"}],"predecessor-version":[{"id":1615,"href":"https:\/\/www.neotec.cz\/zund\/wp-json\/wp\/v2\/pages\/1526\/revisions\/1615"}],"wp:attachment":[{"href":"https:\/\/www.neotec.cz\/zund\/wp-json\/wp\/v2\/media?parent=1526"}],"curies":[{"name":"wp","href":"https:\/\/api.w.org\/{rel}","templated":true}]}}