{"id":1557,"date":"2018-04-27T09:02:50","date_gmt":"2018-04-27T08:02:50","guid":{"rendered":"http:\/\/www.neotec.cz\/zund\/?page_id=1557"},"modified":"2018-06-01T10:01:46","modified_gmt":"2018-06-01T09:01:46","slug":"g3zakladanirole","status":"publish","type":"page","link":"https:\/\/www.neotec.cz\/zund\/g3zakladanirole\/","title":{"rendered":"Manipulace &#8211; rolov\u00e9 materi\u00e1ly"},"content":{"rendered":"<div id=\"pl-1557\"  class=\"panel-layout\" ><div id=\"pg-1557-0\"  class=\"panel-grid panel-no-style\" ><div id=\"pgc-1557-0-0\"  class=\"panel-grid-cell\" ><div id=\"panel-1557-0-0-0\" class=\"so-panel widget widget_sow-editor panel-first-child panel-last-child\" data-index=\"0\" ><div\n\t\t\t\n\t\t\tclass=\"so-widget-sow-editor so-widget-sow-editor-base\"\n\t\t\t\n\t\t>\n<div class=\"siteorigin-widget-tinymce textwidget\">\n\t<h1><strong>Manipulace s materi\u00e1lem<\/strong><\/h1>\n<\/div>\n<\/div><\/div><\/div><\/div><div id=\"pg-1557-1\"  class=\"panel-grid panel-no-style\" ><div id=\"pgc-1557-1-0\"  class=\"panel-grid-cell\" ><div id=\"panel-1557-1-0-0\" class=\"so-panel widget widget_sow-editor panel-first-child panel-last-child\" data-index=\"1\" ><div\n\t\t\t\n\t\t\tclass=\"so-widget-sow-editor so-widget-sow-editor-base\"\n\t\t\t\n\t\t><h3 class=\"widget-title\">Rolov\u00e9 materi\u00e1ly<\/h3>\n<div class=\"siteorigin-widget-tinymce textwidget\">\n\t<\/div>\n<\/div><\/div><\/div><\/div><div id=\"pg-1557-2\"  class=\"panel-grid panel-no-style\" ><div id=\"pgc-1557-2-0\"  class=\"panel-grid-cell\" ><div id=\"panel-1557-2-0-0\" class=\"so-panel widget widget_media_image panel-first-child panel-last-child\" data-index=\"2\" ><img loading=\"lazy\" decoding=\"async\" width=\"300\" height=\"200\" src=\"https:\/\/www.neotec.cz\/zund\/wp-content\/uploads\/2018\/04\/uniunwind-300x200.png\" class=\"image wp-image-1565  attachment-medium size-medium\" alt=\"\" style=\"max-width: 100%; height: auto;\" srcset=\"https:\/\/www.neotec.cz\/zund\/wp-content\/uploads\/2018\/04\/uniunwind-300x200.png 300w, https:\/\/www.neotec.cz\/zund\/wp-content\/uploads\/2018\/04\/uniunwind-272x182.png 272w, https:\/\/www.neotec.cz\/zund\/wp-content\/uploads\/2018\/04\/uniunwind.png 700w\" sizes=\"auto, (max-width: 300px) 100vw, 300px\" \/><\/div><\/div><div id=\"pgc-1557-2-1\"  class=\"panel-grid-cell\" ><div id=\"panel-1557-2-1-0\" class=\"so-panel widget widget_sow-editor panel-first-child panel-last-child\" data-index=\"3\" ><div\n\t\t\t\n\t\t\tclass=\"so-widget-sow-editor so-widget-sow-editor-base\"\n\t\t\t\n\t\t><h3 class=\"widget-title\">Univerz\u00e1ln\u00ed odv\u00edjec\u00ed jednotka<\/h3>\n<div class=\"siteorigin-widget-tinymce textwidget\">\n\t<ul>\n<li>rychl\u00e1 a snadn\u00e1 v\u00fdm\u011bna rol\u00ed<\/li>\n<li>ide\u00e1ln\u00ed pro lehk\u00e9 materi\u00e1ly do hmotnosti role 70 kg<\/li>\n<li>perfektn\u00ed pro\u00a0 pap\u00edr nebo vinylov\u00e9 f\u00f3lie<\/li>\n<li>mo\u017enost vnit\u0159n\u00edho i vn\u011bj\u0161\u00edho n\u00e1vinu role do pr\u016fm\u011br 350 mm<\/li>\n<li>voliteln\u00e1 nav\u00e1d\u011bc\u00ed rolna pro minimalizaci vln\u011bn\u00ed materi\u00e1lu<\/li>\n<li>dostupn\u00e9 pro \u0159ezac\u00ed plotry Z\u00fcnd v\u0161ech \u0159ad a velikost\u00ed<\/li>\n<\/ul>\n<p>&nbsp;<\/p>\n<\/div>\n<\/div><\/div><\/div><\/div><div id=\"pg-1557-3\"  class=\"panel-grid panel-no-style\" ><div id=\"pgc-1557-3-0\"  class=\"panel-grid-cell\" ><div id=\"panel-1557-3-0-0\" class=\"so-panel widget widget_media_image panel-first-child panel-last-child\" data-index=\"4\" ><img loading=\"lazy\" decoding=\"async\" width=\"300\" height=\"200\" src=\"https:\/\/www.neotec.cz\/zund\/wp-content\/uploads\/2018\/04\/shaftunwind-300x200.png\" class=\"image wp-image-1563  attachment-medium size-medium\" alt=\"\" style=\"max-width: 100%; height: auto;\" srcset=\"https:\/\/www.neotec.cz\/zund\/wp-content\/uploads\/2018\/04\/shaftunwind-300x200.png 300w, https:\/\/www.neotec.cz\/zund\/wp-content\/uploads\/2018\/04\/shaftunwind-272x182.png 272w, https:\/\/www.neotec.cz\/zund\/wp-content\/uploads\/2018\/04\/shaftunwind.png 700w\" sizes=\"auto, (max-width: 300px) 100vw, 300px\" \/><\/div><\/div><div id=\"pgc-1557-3-1\"  class=\"panel-grid-cell\" ><div id=\"panel-1557-3-1-0\" class=\"so-panel widget widget_sow-editor panel-first-child panel-last-child\" data-index=\"5\" ><div\n\t\t\t\n\t\t\tclass=\"so-widget-sow-editor so-widget-sow-editor-base\"\n\t\t\t\n\t\t><h3 class=\"widget-title\">Odv\u00edjec\u00ed h\u0159\u00eddel<\/h3>\n<div class=\"siteorigin-widget-tinymce textwidget\">\n\t<ul>\n<li>ide\u00e1ln\u00ed pro textiln\u00ed materi\u00e1ly do hmotnosti role 70 kg<\/li>\n<li>vnit\u0159n\u00ed i vn\u011bj\u0161\u00ed n\u00e1vin role a\u017e do pr\u016fm\u011bru 350 mm<\/li>\n<li>vnit\u0159n\u00ed pr\u016fm\u011br dutinky role 3\" (76mm)<\/li>\n<li>voliteln\u00e1 nav\u00e1d\u011bc\u00ed rolna pro minimalizaci vln\u011bn\u00ed materi\u00e1lu<\/li>\n<li>dostupn\u00e9 pro \u0159ezac\u00ed plotry Z\u00fcnd v\u0161ech \u0159ad a velikost\u00ed<\/li>\n<\/ul>\n<\/div>\n<\/div><\/div><\/div><\/div><div id=\"pg-1557-4\"  class=\"panel-grid panel-no-style\" ><div id=\"pgc-1557-4-0\"  class=\"panel-grid-cell\" ><div id=\"panel-1557-4-0-0\" class=\"so-panel widget widget_media_image panel-first-child panel-last-child\" data-index=\"6\" ><img loading=\"lazy\" decoding=\"async\" width=\"300\" height=\"200\" src=\"https:\/\/www.neotec.cz\/zund\/wp-content\/uploads\/2018\/04\/activeshaftunwind-300x200.png\" class=\"image wp-image-1558  attachment-medium size-medium\" alt=\"\" style=\"max-width: 100%; height: auto;\" srcset=\"https:\/\/www.neotec.cz\/zund\/wp-content\/uploads\/2018\/04\/activeshaftunwind-300x200.png 300w, https:\/\/www.neotec.cz\/zund\/wp-content\/uploads\/2018\/04\/activeshaftunwind-272x182.png 272w, https:\/\/www.neotec.cz\/zund\/wp-content\/uploads\/2018\/04\/activeshaftunwind.png 700w\" sizes=\"auto, (max-width: 300px) 100vw, 300px\" \/><\/div><\/div><div id=\"pgc-1557-4-1\"  class=\"panel-grid-cell\" ><div id=\"panel-1557-4-1-0\" class=\"so-panel widget widget_sow-editor panel-first-child panel-last-child\" data-index=\"7\" ><div\n\t\t\t\n\t\t\tclass=\"so-widget-sow-editor so-widget-sow-editor-base\"\n\t\t\t\n\t\t><h3 class=\"widget-title\">Aktivn\u00ed odv\u00edjec\u00ed h\u0159\u00eddel<\/h3>\n<div class=\"siteorigin-widget-tinymce textwidget\">\n\t<ul>\n<li>motorem kontrolovan\u00e9 napnut\u00ed odv\u00edjen\u00e9ho materi\u00e1lu<\/li>\n<li>ide\u00e1ln\u00ed pro textiln\u00ed materi\u00e1ly do hmotnosti role 70 kg<\/li>\n<li>vnit\u0159n\u00ed i vn\u011bj\u0161\u00ed n\u00e1vin role a\u017e do pr\u016fm\u011bru 350 mm<\/li>\n<li>vnit\u0159n\u00ed pr\u016fm\u011br dutinky role 3\" (76mm)<\/li>\n<li>mo\u017enost zp\u011btn\u00e9ho navinut\u00ed materi\u00e1lu po konci zpracov\u00e1n\u00ed<\/li>\n<li>voliteln\u00e1 nav\u00e1d\u011bc\u00ed rolna pro minimalizaci vln\u011bn\u00ed materi\u00e1lu<\/li>\n<li>dostupn\u00e9 pro \u0159ezac\u00ed plotry Z\u00fcnd v\u0161ech \u0159ad a velikost\u00ed<\/li>\n<\/ul>\n<\/div>\n<\/div><\/div><\/div><\/div><div id=\"pg-1557-5\"  class=\"panel-grid panel-no-style\" ><div id=\"pgc-1557-5-0\"  class=\"panel-grid-cell\" ><div id=\"panel-1557-5-0-0\" class=\"so-panel widget widget_media_image panel-first-child panel-last-child\" data-index=\"8\" ><img loading=\"lazy\" decoding=\"async\" width=\"300\" height=\"199\" src=\"https:\/\/www.neotec.cz\/zund\/wp-content\/uploads\/2018\/04\/cradle-feeder-300x199.png\" class=\"image wp-image-1560  attachment-medium size-medium\" alt=\"\" style=\"max-width: 100%; height: auto;\" srcset=\"https:\/\/www.neotec.cz\/zund\/wp-content\/uploads\/2018\/04\/cradle-feeder-300x199.png 300w, https:\/\/www.neotec.cz\/zund\/wp-content\/uploads\/2018\/04\/cradle-feeder.png 700w\" sizes=\"auto, (max-width: 300px) 100vw, 300px\" \/><\/div><\/div><div id=\"pgc-1557-5-1\"  class=\"panel-grid-cell\" ><div id=\"panel-1557-5-1-0\" class=\"so-panel widget widget_sow-editor panel-first-child panel-last-child\" data-index=\"9\" ><div\n\t\t\t\n\t\t\tclass=\"so-widget-sow-editor so-widget-sow-editor-base\"\n\t\t\t\n\t\t><h3 class=\"widget-title\">Odv\u00edjec\u00ed kol\u00e9bka<\/h3>\n<div class=\"siteorigin-widget-tinymce textwidget\">\n\t<ul>\n<li>vhodn\u00e1 pro flexibiln\u00ed a pru\u017en\u00e9 textiln\u00ed materi\u00e1ly<\/li>\n<li>automatick\u00e9 kontrola hl\u00edd\u00e1n\u00ed hrany materi\u00e1lu pro p\u0159esn\u00e9 pokl\u00e1d\u00e1n\u00ed<\/li>\n<li>rychl\u00e1 a snadn\u00e1 v\u00fdm\u011bna rol\u00ed do hmotnosti role 100 kg<\/li>\n<li>vnit\u0159n\u00ed i vn\u011bj\u0161\u00ed n\u00e1vin role a\u017e do pr\u016fm\u011bru 400 mm<\/li>\n<li>rychl\u00e9 zp\u011btn\u00e9 nav\u00edjen\u00ed zbyl\u00e9ho materi\u00e1lu po ukon\u010den\u00ed zpracov\u00e1n\u00ed<\/li>\n<li>voliteln\u00e1 nav\u00e1d\u011bc\u00ed rolna pro minimalizaci vln\u011bn\u00ed materi\u00e1lu<\/li>\n<li>dostupn\u00e9 pro \u0159ezac\u00ed plotry Z\u00fcnd G3, S3, D3\u00a0 ve velikostech L, XL, 3XL<\/li>\n<\/ul>\n<\/div>\n<\/div><\/div><\/div><\/div><div id=\"pg-1557-6\"  class=\"panel-grid panel-no-style\" ><div id=\"pgc-1557-6-0\"  class=\"panel-grid-cell\" ><div id=\"panel-1557-6-0-0\" class=\"so-panel widget widget_media_image panel-first-child panel-last-child\" data-index=\"10\" ><img loading=\"lazy\" decoding=\"async\" width=\"300\" height=\"200\" src=\"https:\/\/www.neotec.cz\/zund\/wp-content\/uploads\/2018\/04\/materialguideroll-300x200.png\" class=\"image wp-image-1561  attachment-medium size-medium\" alt=\"\" style=\"max-width: 100%; height: auto;\" srcset=\"https:\/\/www.neotec.cz\/zund\/wp-content\/uploads\/2018\/04\/materialguideroll-300x200.png 300w, https:\/\/www.neotec.cz\/zund\/wp-content\/uploads\/2018\/04\/materialguideroll-272x182.png 272w, https:\/\/www.neotec.cz\/zund\/wp-content\/uploads\/2018\/04\/materialguideroll.png 700w\" sizes=\"auto, (max-width: 300px) 100vw, 300px\" \/><\/div><\/div><div id=\"pgc-1557-6-1\"  class=\"panel-grid-cell\" ><div id=\"panel-1557-6-1-0\" class=\"so-panel widget widget_sow-editor panel-first-child panel-last-child\" data-index=\"11\" ><div\n\t\t\t\n\t\t\tclass=\"so-widget-sow-editor so-widget-sow-editor-base\"\n\t\t\t\n\t\t><h3 class=\"widget-title\">Nav\u00e1d\u011bc\u00ed rolna<\/h3>\n<div class=\"siteorigin-widget-tinymce textwidget\">\n\t<ul>\n<li>minimalizuje zvln\u011bn\u00ed (zvr\u00e1sn\u011bn\u00ed) materi\u00e1lu t\u00edm, \u017ee zaji\u0161\u0165uje hlad\u0161\u00ed posuv s minim\u00e1ln\u00edm t\u0159en\u00edm<\/li>\n<li>ide\u00e1ln\u00ed pro pru\u017en\u00e9 a p\u0159il\u00e9hav\u00e9 textiln\u00ed materi\u00e1ly<\/li>\n<li>dostupn\u00e9 pro \u0159ezac\u00ed plotry Z\u00fcnd G3, S3, D3\u00a0 ve v\u0161ech velikostech<\/li>\n<\/ul>\n<\/div>\n<\/div><\/div><\/div><\/div><div id=\"pg-1557-7\"  class=\"panel-grid panel-no-style\" ><div id=\"pgc-1557-7-0\"  class=\"panel-grid-cell\" ><div id=\"panel-1557-7-0-0\" class=\"so-panel widget widget_media_image panel-first-child panel-last-child\" data-index=\"12\" ><img loading=\"lazy\" decoding=\"async\" width=\"300\" height=\"200\" src=\"https:\/\/www.neotec.cz\/zund\/wp-content\/uploads\/2018\/04\/centerwinder-300x200.png\" class=\"image wp-image-1559  attachment-medium size-medium\" alt=\"\" style=\"max-width: 100%; height: auto;\" srcset=\"https:\/\/www.neotec.cz\/zund\/wp-content\/uploads\/2018\/04\/centerwinder-300x200.png 300w, https:\/\/www.neotec.cz\/zund\/wp-content\/uploads\/2018\/04\/centerwinder-272x182.png 272w, https:\/\/www.neotec.cz\/zund\/wp-content\/uploads\/2018\/04\/centerwinder.png 700w\" sizes=\"auto, (max-width: 300px) 100vw, 300px\" \/><\/div><\/div><div id=\"pgc-1557-7-1\"  class=\"panel-grid-cell\" ><div id=\"panel-1557-7-1-0\" class=\"so-panel widget widget_sow-editor panel-first-child panel-last-child\" data-index=\"13\" ><div\n\t\t\t\n\t\t\tclass=\"so-widget-sow-editor so-widget-sow-editor-base\"\n\t\t\t\n\t\t><h3 class=\"widget-title\">Motorizovan\u00fd odv\u00edje\u010d \"Center Winder\"<\/h3>\n<div class=\"siteorigin-widget-tinymce textwidget\">\n\t<ul>\n<li>motorem kontrolovan\u00e9 odv\u00edjen\u00ed a nav\u00edjen\u00ed bez zvln\u011bn\u00ed\/zvr\u00e1sn\u011bn\u00ed materi\u00e1lu<\/li>\n<li>vhodn\u00e9 pro t\u011b\u017ek\u00e9 role do hmotnosti role 100 kg<\/li>\n<li>vnit\u0159n\u00ed i vn\u011bj\u0161\u00ed n\u00e1vin role a\u017e do pr\u016fm\u011bru 350 mm<\/li>\n<li>vnit\u0159n\u00ed pr\u016fm\u011br dutinky role 3\" (76mm)<\/li>\n<li>dostupn\u00e9 pro \u0159ezac\u00ed plotry Z\u00fcnd G3, D3\u00a0 ve velikostech L, XL, 2XL, 3XL<\/li>\n<\/ul>\n<\/div>\n<\/div><\/div><\/div><\/div><div id=\"pg-1557-8\"  class=\"panel-grid panel-no-style\" ><div id=\"pgc-1557-8-0\"  class=\"panel-grid-cell\" ><div id=\"panel-1557-8-0-0\" class=\"so-panel widget widget_media_image panel-first-child panel-last-child\" data-index=\"14\" ><img loading=\"lazy\" decoding=\"async\" width=\"300\" height=\"200\" src=\"https:\/\/www.neotec.cz\/zund\/wp-content\/uploads\/2018\/04\/shaftrollup-300x200.png\" class=\"image wp-image-1562  attachment-medium size-medium\" alt=\"\" style=\"max-width: 100%; height: auto;\" srcset=\"https:\/\/www.neotec.cz\/zund\/wp-content\/uploads\/2018\/04\/shaftrollup-300x200.png 300w, https:\/\/www.neotec.cz\/zund\/wp-content\/uploads\/2018\/04\/shaftrollup-272x182.png 272w, https:\/\/www.neotec.cz\/zund\/wp-content\/uploads\/2018\/04\/shaftrollup.png 700w\" sizes=\"auto, (max-width: 300px) 100vw, 300px\" \/><\/div><\/div><div id=\"pgc-1557-8-1\"  class=\"panel-grid-cell\" ><div id=\"panel-1557-8-1-0\" class=\"so-panel widget widget_sow-editor panel-first-child panel-last-child\" data-index=\"15\" ><div\n\t\t\t\n\t\t\tclass=\"so-widget-sow-editor so-widget-sow-editor-base\"\n\t\t\t\n\t\t><h3 class=\"widget-title\">Aktivn\u00ed nav\u00edjec\u00ed h\u0159\u00eddel<\/h3>\n<div class=\"siteorigin-widget-tinymce textwidget\">\n\t<ul>\n<li>motorem kontrolovan\u00e9 nav\u00edjen\u00ed zpracov\u00e1van\u00e9ho materi\u00e1lu<\/li>\n<li>ide\u00e1ln\u00ed pro \u00falohy zpracov\u00e1van\u00e9 na\u0159ez\u00e1vac\u00edm n\u00e1strojem (samolepky, ...)<\/li>\n<li>vhodn\u00e9 pro role do hmotnosti role 70 kg<\/li>\n<li>vnit\u0159n\u00ed pr\u016fm\u011br dutinky role 3\" (76mm)<\/li>\n<li>dostupn\u00e9 pro \u0159ezac\u00ed plotry Z\u00fcnd S3\u00a0 ve velikostech M, L, XL<\/li>\n<\/ul>\n<\/div>\n<\/div><\/div><\/div><\/div><div id=\"pg-1557-9\"  class=\"panel-grid panel-no-style\" ><div id=\"pgc-1557-9-0\"  class=\"panel-grid-cell\" ><div id=\"panel-1557-9-0-0\" class=\"so-panel widget widget_media_image panel-first-child panel-last-child\" data-index=\"16\" ><img loading=\"lazy\" decoding=\"async\" width=\"300\" height=\"200\" src=\"https:\/\/www.neotec.cz\/zund\/wp-content\/uploads\/2018\/04\/trayrollupactive-300x200.png\" class=\"image wp-image-1564  attachment-medium size-medium\" alt=\"\" style=\"max-width: 100%; height: auto;\" srcset=\"https:\/\/www.neotec.cz\/zund\/wp-content\/uploads\/2018\/04\/trayrollupactive-300x200.png 300w, https:\/\/www.neotec.cz\/zund\/wp-content\/uploads\/2018\/04\/trayrollupactive-272x182.png 272w, https:\/\/www.neotec.cz\/zund\/wp-content\/uploads\/2018\/04\/trayrollupactive.png 700w\" sizes=\"auto, (max-width: 300px) 100vw, 300px\" \/><\/div><\/div><div id=\"pgc-1557-9-1\"  class=\"panel-grid-cell\" ><div id=\"panel-1557-9-1-0\" class=\"so-panel widget widget_sow-editor panel-first-child panel-last-child\" data-index=\"17\" ><div\n\t\t\t\n\t\t\tclass=\"so-widget-sow-editor so-widget-sow-editor-base\"\n\t\t\t\n\t\t><h3 class=\"widget-title\">Aktivn\u00ed nav\u00edjec\u00ed \u017elab<\/h3>\n<div class=\"siteorigin-widget-tinymce textwidget\">\n\t<ul>\n<li>motorem kontrolovan\u00e9 nav\u00edjen\u00ed zpracov\u00e1van\u00e9ho materi\u00e1lu<\/li>\n<li>ide\u00e1ln\u00ed pro \u00falohy zpracov\u00e1van\u00e9 na\u0159ez\u00e1vac\u00edm n\u00e1strojem (samolepky, ...)<\/li>\n<li>a\u017e do d\u00e9lky nav\u00edjen\u00e9ho materi\u00e1lu 20 m s hmotnost\u00ed do 10 kg<\/li>\n<li>dostupn\u00e9 pro \u0159ezac\u00ed plotry Z\u00fcnd G3, S3\u00a0 ve velikostech M, L, XL<\/li>\n<\/ul>\n<\/div>\n<\/div><\/div><\/div><\/div><div id=\"pg-1557-10\"  class=\"panel-grid panel-no-style\" ><div id=\"pgc-1557-10-0\"  class=\"panel-grid-cell\" ><div id=\"panel-1557-10-0-0\" class=\"so-panel widget widget_sow-editor panel-first-child panel-last-child\" data-index=\"18\" ><div\n\t\t\t\n\t\t\tclass=\"so-widget-sow-editor so-widget-sow-editor-base\"\n\t\t\t\n\t\t><h3 class=\"widget-title\">Ke sta\u017een\u00ed<\/h3>\n<div class=\"siteorigin-widget-tinymce textwidget\">\n\t<p><a href=\"http:\/\/www.neotec.cz\/zund\/wp-content\/uploads\/2018\/06\/Overviewroll-offroll-upunits-CZ.pdf\" target=\"_blank\" rel=\"noopener\">P\u0159ehled odv\u00edjec\u00edch a nav\u00edjec\u00edch jednotek (CZ)<\/a><a href=\"http:\/\/www.neotec.cz\/zund\/wp-content\/uploads\/2018\/06\/Overviewroll-offroll-upunits-CZ.pdf\" target=\"_blank\" rel=\"noopener\"><img loading=\"lazy\" decoding=\"async\" class=\"alignleft wp-image-1108 size-full\" src=\"http:\/\/www.neotec.cz\/zund\/wp-content\/uploads\/2016\/02\/picPDF.png\" alt=\"picPDF\" width=\"32\" height=\"32\" \/><\/a><\/p>\n<\/div>\n<\/div><\/div><\/div><\/div><\/div>","protected":false},"excerpt":{"rendered":"<p>Manipulace s materi\u00e1lem<\/p>\n","protected":false},"author":1,"featured_media":0,"parent":0,"menu_order":0,"comment_status":"closed","ping_status":"closed","template":"templates\/template-full-notitle.php","meta":{"footnotes":""},"class_list":["post-1557","page","type-page","status-publish","hentry","post"],"_links":{"self":[{"href":"https:\/\/www.neotec.cz\/zund\/wp-json\/wp\/v2\/pages\/1557","targetHints":{"allow":["GET"]}}],"collection":[{"href":"https:\/\/www.neotec.cz\/zund\/wp-json\/wp\/v2\/pages"}],"about":[{"href":"https:\/\/www.neotec.cz\/zund\/wp-json\/wp\/v2\/types\/page"}],"author":[{"embeddable":true,"href":"https:\/\/www.neotec.cz\/zund\/wp-json\/wp\/v2\/users\/1"}],"replies":[{"embeddable":true,"href":"https:\/\/www.neotec.cz\/zund\/wp-json\/wp\/v2\/comments?post=1557"}],"version-history":[{"count":23,"href":"https:\/\/www.neotec.cz\/zund\/wp-json\/wp\/v2\/pages\/1557\/revisions"}],"predecessor-version":[{"id":1834,"href":"https:\/\/www.neotec.cz\/zund\/wp-json\/wp\/v2\/pages\/1557\/revisions\/1834"}],"wp:attachment":[{"href":"https:\/\/www.neotec.cz\/zund\/wp-json\/wp\/v2\/media?parent=1557"}],"curies":[{"name":"wp","href":"https:\/\/api.w.org\/{rel}","templated":true}]}}