{"id":17,"date":"2016-02-02T20:46:16","date_gmt":"2016-02-02T19:46:16","guid":{"rendered":"http:\/\/www.neotec.cz\/zundnew\/?page_id=17"},"modified":"2021-05-12T08:53:34","modified_gmt":"2021-05-12T07:53:34","slug":"g3seznam","status":"publish","type":"page","link":"https:\/\/www.neotec.cz\/zund\/g3seznam\/","title":{"rendered":"G3"},"content":{"rendered":"<div id=\"pl-17\"  class=\"panel-layout\" ><div id=\"pg-17-0\"  class=\"panel-grid panel-no-style\" ><div id=\"pgc-17-0-0\"  class=\"panel-grid-cell\" ><div id=\"panel-17-0-0-0\" class=\"so-panel widget widget_sow-editor panel-first-child panel-last-child\" data-index=\"0\" ><div\n\t\t\t\n\t\t\tclass=\"so-widget-sow-editor so-widget-sow-editor-base\"\n\t\t\t\n\t\t>\n<div class=\"siteorigin-widget-tinymce textwidget\">\n\t<h1><strong>\u0158ezac\u00ed plotr G3 - v\u00fdkon a p\u0159esnost bez kompromis\u016f<\/strong><\/h1>\n<\/div>\n<\/div><\/div><\/div><\/div><div id=\"pg-17-1\"  class=\"panel-grid panel-no-style\" ><div id=\"pgc-17-1-0\"  class=\"panel-grid-cell\" ><div id=\"panel-17-1-0-0\" class=\"so-panel widget widget_circleicon-widget panel-first-child panel-last-child\" data-index=\"1\" ><div class=\"panel-widget-style panel-widget-style-for-17-1-0-0\" >\t\t<div class=\"circle-icon-box circle-icon-position-top circle-icon-hide-box circle-icon-size-large \">\n\t\t\t\t\t\t\t<div class=\"circle-icon-wrapper\">\n\t\t\t\t\t\t\t\t\t\t<div class=\"circle-icon icon-style-set\" style=\"background-image: url(http:\/\/www.neotec.cz\/zund\/wp-content\/uploads\/2016\/02\/ic-g3.png);background-color: #888888\">\n\t\t\t\t\t\t\t\t\t\t\t<\/div>\n\t\t\t\t\t\t\t\t\t<\/div>\n\t\t\t\n\t\t\t\t\t\t\t\t\t\n\t\t\t\t\t\t\t\t\t\t<a\n\t\t\t\t\thref=\"http:\/\/www.neotec.cz\/zund\/g3seznam\/\"\n\t\t\t\t\tclass=\"more-button\"\n\t\t\t\t\t\t\t\t\t\t\t\t\t\t>\n\t\t\t\t\tG3 sezn\u00e1men\u00ed <i><\/i>\n\t\t\t\t<\/a>\n\t\t\t\t\t<\/div>\n\t\t<\/div><\/div><\/div><div id=\"pgc-17-1-1\"  class=\"panel-grid-cell\" ><div id=\"panel-17-1-1-0\" class=\"so-panel widget widget_circleicon-widget panel-first-child panel-last-child\" data-index=\"2\" >\t\t<div class=\"circle-icon-box circle-icon-position-top circle-icon-hide-box circle-icon-size-large \">\n\t\t\t\t\t\t\t<div class=\"circle-icon-wrapper\">\n\t\t\t\t\t\t\t\t\t\t<a href=\"http:\/\/www.neotec.cz\/zund\/g3det\/\" class=\"link-icon\" >\t\t\t\t\t<div class=\"circle-icon icon-style-set\" style=\"background-image: url(http:\/\/www.neotec.cz\/zund\/wp-content\/uploads\/2016\/02\/ic-g3det.png);background-color: #eeeeee\">\n\t\t\t\t\t\t\t\t\t\t\t<\/div>\n\t\t\t\t\t<\/a>\t\t\t\t<\/div>\n\t\t\t\n\t\t\t\t\t\t\t<a href=\"http:\/\/www.neotec.cz\/zund\/g3det\/\" class=\"link-title\" >\n\t\t\t\t\t\t\t\t\t\t\t\t\t<\/a>\n\t\t\t\n\t\t\t\t\t\t\t\t\t\t<a\n\t\t\t\t\thref=\"http:\/\/www.neotec.cz\/zund\/g3det\/\"\n\t\t\t\t\tclass=\"more-button\"\n\t\t\t\t\t\t\t\t\t\t\t\t\t\t>\n\t\t\t\t\tG3 detailn\u011b <i><\/i>\n\t\t\t\t<\/a>\n\t\t\t\t\t<\/div>\n\t\t<\/div><\/div><div id=\"pgc-17-1-2\"  class=\"panel-grid-cell\" ><div id=\"panel-17-1-2-0\" class=\"so-panel widget widget_circleicon-widget panel-first-child panel-last-child\" data-index=\"3\" >\t\t<div class=\"circle-icon-box circle-icon-position-top circle-icon-hide-box circle-icon-size-large \">\n\t\t\t\t\t\t\t<div class=\"circle-icon-wrapper\">\n\t\t\t\t\t\t\t\t\t\t<a href=\"http:\/\/www.neotec.cz\/zund\/g3mod\/\" class=\"link-icon\" >\t\t\t\t\t<div class=\"circle-icon icon-style-set\" style=\"background-image: url(http:\/\/www.neotec.cz\/zund\/wp-content\/uploads\/2016\/02\/ic-modtool.png);background-color: #eeeeee\">\n\t\t\t\t\t\t\t\t\t\t\t<\/div>\n\t\t\t\t\t<\/a>\t\t\t\t<\/div>\n\t\t\t\n\t\t\t\t\t\t\t<a href=\"http:\/\/www.neotec.cz\/zund\/g3mod\/\" class=\"link-title\" >\n\t\t\t\t\t\t\t\t\t\t\t\t\t<\/a>\n\t\t\t\n\t\t\t\t\t\t\t\t\t\t<a\n\t\t\t\t\thref=\"http:\/\/www.neotec.cz\/zund\/g3mod\/\"\n\t\t\t\t\tclass=\"more-button\"\n\t\t\t\t\t\t\t\t\t\t\t\t\t\t>\n\t\t\t\t\tG3 moduly a n\u00e1stroje <i><\/i>\n\t\t\t\t<\/a>\n\t\t\t\t\t<\/div>\n\t\t<\/div><\/div><div id=\"pgc-17-1-3\"  class=\"panel-grid-cell\" ><div id=\"panel-17-1-3-0\" class=\"so-panel widget widget_circleicon-widget panel-first-child panel-last-child\" data-index=\"4\" >\t\t<div class=\"circle-icon-box circle-icon-position-top circle-icon-hide-box circle-icon-size-large \">\n\t\t\t\t\t\t\t<div class=\"circle-icon-wrapper\">\n\t\t\t\t\t\t\t\t\t\t<a href=\"http:\/\/www.neotec.cz\/zund\/g3velikostistolu\/\" class=\"link-icon\" >\t\t\t\t\t<div class=\"circle-icon icon-style-set\" style=\"background-image: url(http:\/\/www.neotec.cz\/zund\/wp-content\/uploads\/2016\/02\/ic-G3size.png);background-color: #eeeeee\">\n\t\t\t\t\t\t\t\t\t\t\t<\/div>\n\t\t\t\t\t<\/a>\t\t\t\t<\/div>\n\t\t\t\n\t\t\t\t\t\t\t<a href=\"http:\/\/www.neotec.cz\/zund\/g3velikostistolu\/\" class=\"link-title\" >\n\t\t\t\t\t\t\t\t\t\t\t\t\t<\/a>\n\t\t\t\n\t\t\t\t\t\t\t\t\t\t<a\n\t\t\t\t\thref=\"http:\/\/www.neotec.cz\/zund\/g3velikostistolu\/\"\n\t\t\t\t\tclass=\"more-button\"\n\t\t\t\t\t\t\t\t\t\t\t\t\t\t>\n\t\t\t\t\tG3 velikosti stol\u016f <i><\/i>\n\t\t\t\t<\/a>\n\t\t\t\t\t<\/div>\n\t\t<\/div><\/div><div id=\"pgc-17-1-4\"  class=\"panel-grid-cell\" ><div id=\"panel-17-1-4-0\" class=\"so-panel widget widget_circleicon-widget panel-first-child panel-last-child\" data-index=\"5\" >\t\t<div class=\"circle-icon-box circle-icon-position-top circle-icon-hide-box circle-icon-size-large \">\n\t\t\t\t\t\t\t<div class=\"circle-icon-wrapper\">\n\t\t\t\t\t\t\t\t\t\t<a href=\"http:\/\/www.neotec.cz\/zund\/g3-videa\/\" class=\"link-icon\" >\t\t\t\t\t<div class=\"circle-icon icon-style-set\" style=\"background-image: url(http:\/\/www.neotec.cz\/zund\/wp-content\/uploads\/2016\/02\/ic_g3video.png);background-color: #eeeeee\">\n\t\t\t\t\t\t\t\t\t\t\t<\/div>\n\t\t\t\t\t<\/a>\t\t\t\t<\/div>\n\t\t\t\n\t\t\t\t\t\t\t<a href=\"http:\/\/www.neotec.cz\/zund\/g3-videa\/\" class=\"link-title\" >\n\t\t\t\t\t\t\t\t\t\t\t\t\t<\/a>\n\t\t\t\n\t\t\t\t\t\t\t\t\t\t<a\n\t\t\t\t\thref=\"http:\/\/www.neotec.cz\/zund\/g3-videa\/\"\n\t\t\t\t\tclass=\"more-button\"\n\t\t\t\t\t\t\t\t\t\t\t\t\t\t>\n\t\t\t\t\tG3 videa <i><\/i>\n\t\t\t\t<\/a>\n\t\t\t\t\t<\/div>\n\t\t<\/div><\/div><div id=\"pgc-17-1-5\"  class=\"panel-grid-cell\" ><div id=\"panel-17-1-5-0\" class=\"so-panel widget widget_circleicon-widget panel-first-child panel-last-child\" data-index=\"6\" >\t\t<div class=\"circle-icon-box circle-icon-position-top circle-icon-hide-box circle-icon-size-large \">\n\t\t\t\t\t\t\t<div class=\"circle-icon-wrapper\">\n\t\t\t\t\t\t\t\t\t\t<a href=\"http:\/\/www.neotec.cz\/zund\/g3msm\/\" class=\"link-icon\" >\t\t\t\t\t<div class=\"circle-icon icon-style-set\" style=\"background-image: url(http:\/\/www.neotec.cz\/zund\/wp-content\/uploads\/2018\/04\/ic-g3msm.png);background-color: #eeeeee\">\n\t\t\t\t\t\t\t\t\t\t\t<\/div>\n\t\t\t\t\t<\/a>\t\t\t\t<\/div>\n\t\t\t\n\t\t\t\t\t\t\t<a href=\"http:\/\/www.neotec.cz\/zund\/g3msm\/\" class=\"link-title\" >\n\t\t\t\t\t\t\t\t\t\t\t\t\t<\/a>\n\t\t\t\n\t\t\t\t\t\t\t\t\t\t<a\n\t\t\t\t\thref=\"http:\/\/www.neotec.cz\/zund\/g3msm\/\"\n\t\t\t\t\tclass=\"more-button\"\n\t\t\t\t\t\t\t\t\t\t\t\t\t\t>\n\t\t\t\t\tManipulace <i><\/i>\n\t\t\t\t<\/a>\n\t\t\t\t\t<\/div>\n\t\t<\/div><\/div><\/div><div id=\"pg-17-2\"  class=\"panel-grid panel-no-style\" ><div id=\"pgc-17-2-0\"  class=\"panel-grid-cell\" ><div id=\"panel-17-2-0-0\" class=\"so-panel widget widget_sow-editor panel-first-child panel-last-child\" data-index=\"7\" ><div\n\t\t\t\n\t\t\tclass=\"so-widget-sow-editor so-widget-sow-editor-base\"\n\t\t\t\n\t\t><h3 class=\"widget-title\">Sezn\u00e1men\u00ed s \u0159adou G3<\/h3>\n<div class=\"siteorigin-widget-tinymce textwidget\">\n\t<\/div>\n<\/div><\/div><\/div><\/div><div id=\"pg-17-3\"  class=\"panel-grid panel-no-style\" ><div id=\"pgc-17-3-0\"  class=\"panel-grid-cell\" ><div id=\"panel-17-3-0-0\" class=\"so-panel widget widget_sow-editor panel-first-child panel-last-child\" data-index=\"8\" ><div\n\t\t\t\n\t\t\tclass=\"so-widget-sow-editor so-widget-sow-editor-base\"\n\t\t\t\n\t\t><h3 class=\"widget-title\">Modul\u00e1rnost<\/h3>\n<div class=\"siteorigin-widget-tinymce textwidget\">\n\t<p>Modularita n\u00e1stroj\u016f a syst\u00e9mu manipulace s materi\u00e1lem u \u0159ezac\u00edch plotr\u016f Z\u00fcnd velmi zjednodu\u0161uje sestavit \u0159ezac\u00ed plotr G3 p\u0159esn\u011b podle va\u0161ich p\u0159edstav. Na z\u00e1klad\u011b definice va\u0161ich v\u00fdrobn\u00edch po\u017eadavk\u016f vybereme pot\u0159ebn\u00e9 modul\u00e1rn\u00ed \u010d\u00e1sti plotru \u00a0a z\u00edsk\u00e1me tak ide\u00e1ln\u00ed konfiguraci p\u0159esn\u011b pro V\u00e1s. St\u00e1le v\u0161ak z\u016fst\u00e1v\u00e1 mo\u017enost plotr kdykoliv roz\u0161\u00ed\u0159it \u010di upravit podle m\u011bn\u00edc\u00edch se v\u00fdrobn\u00edch po\u017eadavk\u016f.<\/p>\n<\/div>\n<\/div><\/div><\/div><div id=\"pgc-17-3-1\"  class=\"panel-grid-cell\" ><div id=\"panel-17-3-1-0\" class=\"so-panel widget widget_sow-editor panel-first-child panel-last-child\" data-index=\"9\" ><div\n\t\t\t\n\t\t\tclass=\"so-widget-sow-editor so-widget-sow-editor-base\"\n\t\t\t\n\t\t><h3 class=\"widget-title\">N\u00e1vratnost investic<\/h3>\n<div class=\"siteorigin-widget-tinymce textwidget\">\n\t<p class=\"item-title\">Inovativn\u00ed technologie a vysok\u00e1 kvalita v\u00fdroby garantuj\u00ed n\u00edzk\u00e9 provozn\u00ed n\u00e1klady, vysokou spolehlivost a minim\u00e1ln\u00ed n\u00e1roky na \u00fadr\u017ebu. D\u00edky velk\u00e9 modularit\u011b konstrukce \u0159ezac\u00edho plotru G3, nen\u00ed probl\u00e9m syst\u00e9m pr\u016fb\u011b\u017en\u011b p\u0159izp\u016fsobovat m\u011bn\u00edc\u00edm se pot\u0159eb\u00e1m v\u00fdroby p\u0159i zachov\u00e1n\u00ed v\u0161ech vynikaj\u00edc\u00edch vlastnost\u00ed.<\/p>\n<\/div>\n<\/div><\/div><\/div><\/div><div id=\"pg-17-4\"  class=\"panel-grid panel-no-style\" ><div id=\"pgc-17-4-0\"  class=\"panel-grid-cell\" ><div id=\"panel-17-4-0-0\" class=\"so-panel widget widget_sow-editor panel-first-child panel-last-child\" data-index=\"10\" ><div\n\t\t\t\n\t\t\tclass=\"so-widget-sow-editor so-widget-sow-editor-base\"\n\t\t\t\n\t\t>\n<div class=\"siteorigin-widget-tinymce textwidget\">\n\t<p>&nbsp;<\/p>\n<p><img loading=\"lazy\" decoding=\"async\" class=\"aligncenter wp-image-146\" src=\"http:\/\/www.neotec.cz\/zund\/wp-content\/uploads\/2016\/02\/zuendG3-300x202.png\" alt=\"zundG3\" width=\"847\" height=\"570\" srcset=\"https:\/\/www.neotec.cz\/zund\/wp-content\/uploads\/2016\/02\/zuendG3-300x202.png 300w, https:\/\/www.neotec.cz\/zund\/wp-content\/uploads\/2016\/02\/zuendG3-768x518.png 768w, https:\/\/www.neotec.cz\/zund\/wp-content\/uploads\/2016\/02\/zuendG3-272x182.png 272w, https:\/\/www.neotec.cz\/zund\/wp-content\/uploads\/2016\/02\/zuendG3.png 1140w\" sizes=\"auto, (max-width: 847px) 100vw, 847px\" \/><\/p>\n<\/div>\n<\/div><\/div><\/div><\/div><div id=\"pg-17-5\"  class=\"panel-grid panel-no-style\" ><div id=\"pgc-17-5-0\"  class=\"panel-grid-cell\" ><div id=\"panel-17-5-0-0\" class=\"so-panel widget widget_sow-editor panel-first-child panel-last-child\" data-index=\"11\" ><div\n\t\t\t\n\t\t\tclass=\"so-widget-sow-editor so-widget-sow-editor-base\"\n\t\t\t\n\t\t><h3 class=\"widget-title\">Kvalita a p\u0159esnost zpracov\u00e1n\u00ed<\/h3>\n<div class=\"siteorigin-widget-tinymce textwidget\">\n\t<p class=\"item-title\">\u0158ezac\u00ed syst\u00e9m Z\u00fcnd G3 vynik\u00e1 vysokou produktivitou p\u0159i zachov\u00e1n\u00ed nep\u0159ekonateln\u00e9 kvality \u0159ezu. Ta je v\u00fdsledkem dokonal\u00e9ho souladu jemn\u00e9 mechaniky a \u0159\u00edd\u00edc\u00ed elektroniky.<\/p>\n<\/div>\n<\/div><\/div><\/div><div id=\"pgc-17-5-1\"  class=\"panel-grid-cell\" ><div id=\"panel-17-5-1-0\" class=\"so-panel widget widget_sow-editor panel-first-child panel-last-child\" data-index=\"12\" ><div\n\t\t\t\n\t\t\tclass=\"so-widget-sow-editor so-widget-sow-editor-base\"\n\t\t\t\n\t\t><h3 class=\"widget-title\">Spolehlivost - pr\u016fmyslov\u00e9 nasazen\u00ed<\/h3>\n<div class=\"siteorigin-widget-tinymce textwidget\">\n\t<p class=\"item-title\">D\u00edky jedine\u010dn\u00e9 konstrukci a pou\u017eit\u00fdm technologi\u00edm v\u00fdroby jsou \u0159ezac\u00ed plotry G3 ur\u010deny pro nep\u0159etr\u017eitou v\u00fdrobu 24\/7. Celosv\u011btov\u00e1 servisn\u00ed s\u00ed\u0165 zaji\u0161\u0165uje dostupnost n\u00e1hradn\u00edch d\u00edl\u016f kdykoliv a kdekoliv.<\/p>\n<\/div>\n<\/div><\/div><\/div><\/div><div id=\"pg-17-6\"  class=\"panel-grid panel-no-style\" ><div id=\"pgc-17-6-0\"  class=\"panel-grid-cell\" ><div id=\"panel-17-6-0-0\" class=\"so-panel widget widget_sow-editor panel-first-child panel-last-child\" data-index=\"13\" ><div\n\t\t\t\n\t\t\tclass=\"so-widget-sow-editor so-widget-sow-editor-base\"\n\t\t\t\n\t\t><h3 class=\"widget-title\">Efektivn\u00ed fixace materi\u00e1lu<\/h3>\n<div class=\"siteorigin-widget-tinymce textwidget\">\n\t<p class=\"item-title\">Energeticky \u00fasporn\u00e9 vakuov\u00e9 gener\u00e1tory poskytuj\u00ed optim\u00e1ln\u00ed fixaci materi\u00e1lu na pracovn\u00ed desce plotru. U\u017e se nemus\u00edte starat o materi\u00e1ly, kter\u00e9 jsou v pohybu. \u00daspora elektrick\u00e9 energie a perfektn\u00ed kvalita \u0159ezu jsou vlastnosti \u0159ezac\u00edch syst\u00e9m\u016f Z\u00fcnd.<\/p>\n<\/div>\n<\/div><\/div><\/div><div id=\"pgc-17-6-1\"  class=\"panel-grid-cell\" ><div id=\"panel-17-6-1-0\" class=\"so-panel widget widget_sow-editor panel-first-child panel-last-child\" data-index=\"14\" ><div\n\t\t\t\n\t\t\tclass=\"so-widget-sow-editor so-widget-sow-editor-base\"\n\t\t\t\n\t\t><h3 class=\"widget-title\">Produktivita<\/h3>\n<div class=\"siteorigin-widget-tinymce textwidget\">\n\t<p class=\"item-title\">Vysok\u00e1 produktivita \u0159ezac\u00edch plotr\u016f G3 vych\u00e1z\u00ed z pou\u017eit\u00ed inteligentn\u00edch \u0159\u00edd\u00edc\u00edch mechanism\u016f, kvalitn\u00edch a robusn\u00edch syst\u00e9mov\u00fdch komponent\u016f. Dokonal\u00e1 koordinace cel\u00e9ho syst\u00e9mu m\u00e1 za n\u00e1sledek optimalizaci v\u00fdroby a skv\u011bl\u00fd v\u00fdsledek zpracovan\u00e9ho materi\u00e1lu.<\/p>\n<\/div>\n<\/div><\/div><\/div><\/div><div id=\"pg-17-7\"  class=\"panel-grid panel-no-style\" ><div id=\"pgc-17-7-0\"  class=\"panel-grid-cell\" ><div id=\"panel-17-7-0-0\" class=\"so-panel widget widget_sow-editor panel-first-child panel-last-child\" data-index=\"15\" ><div\n\t\t\t\n\t\t\tclass=\"so-widget-sow-editor so-widget-sow-editor-base\"\n\t\t\t\n\t\t><h3 class=\"widget-title\">Ke sta\u017een\u00ed<\/h3>\n<div class=\"siteorigin-widget-tinymce textwidget\">\n\t<p><a href=\"http:\/\/www.neotec.cz\/zund\/wp-content\/uploads\/2016\/02\/G3TechnicalOverview_CZ.pdf\" target=\"_blank\" rel=\"\">G3 Sezn\u00e1men\u00ed (CZ)<\/a><a href=\"http:\/\/www.neotec.cz\/zund\/wp-content\/uploads\/2016\/02\/G3TechnicalOverview_CZ.pdf\" target=\"_blank\"><img loading=\"lazy\" decoding=\"async\" class=\"alignleft wp-image-1108 size-full\" src=\"http:\/\/www.neotec.cz\/zund\/wp-content\/uploads\/2016\/02\/picPDF.png\" alt=\"picPDF\" width=\"32\" height=\"32\" \/><\/a><\/p>\n<\/div>\n<\/div><\/div><\/div><\/div><\/div>","protected":false},"excerpt":{"rendered":"<p>\u0158ezac\u00ed plotr G3 &#8211; v\u00fdkon a p\u0159esnost bez kompromis\u016f<\/p>\n","protected":false},"author":1,"featured_media":0,"parent":0,"menu_order":0,"comment_status":"closed","ping_status":"closed","template":"templates\/template-full-notitle.php","meta":{"footnotes":""},"class_list":["post-17","page","type-page","status-publish","hentry","post"],"_links":{"self":[{"href":"https:\/\/www.neotec.cz\/zund\/wp-json\/wp\/v2\/pages\/17","targetHints":{"allow":["GET"]}}],"collection":[{"href":"https:\/\/www.neotec.cz\/zund\/wp-json\/wp\/v2\/pages"}],"about":[{"href":"https:\/\/www.neotec.cz\/zund\/wp-json\/wp\/v2\/types\/page"}],"author":[{"embeddable":true,"href":"https:\/\/www.neotec.cz\/zund\/wp-json\/wp\/v2\/users\/1"}],"replies":[{"embeddable":true,"href":"https:\/\/www.neotec.cz\/zund\/wp-json\/wp\/v2\/comments?post=17"}],"version-history":[{"count":78,"href":"https:\/\/www.neotec.cz\/zund\/wp-json\/wp\/v2\/pages\/17\/revisions"}],"predecessor-version":[{"id":2092,"href":"https:\/\/www.neotec.cz\/zund\/wp-json\/wp\/v2\/pages\/17\/revisions\/2092"}],"wp:attachment":[{"href":"https:\/\/www.neotec.cz\/zund\/wp-json\/wp\/v2\/media?parent=17"}],"curies":[{"name":"wp","href":"https:\/\/api.w.org\/{rel}","templated":true}]}}