{"id":187,"date":"2016-02-08T16:28:56","date_gmt":"2016-02-08T15:28:56","guid":{"rendered":"http:\/\/www.neotec.cz\/zundnew\/?page_id=187"},"modified":"2021-05-12T12:29:11","modified_gmt":"2021-05-12T11:29:11","slug":"g3velikostistolu","status":"publish","type":"page","link":"https:\/\/www.neotec.cz\/zund\/g3velikostistolu\/","title":{"rendered":"G3 &#8211; velikosti stol\u016f"},"content":{"rendered":"<div id=\"pl-187\"  class=\"panel-layout\" ><div id=\"pg-187-0\"  class=\"panel-grid panel-no-style\" ><div id=\"pgc-187-0-0\"  class=\"panel-grid-cell\" ><div id=\"panel-187-0-0-0\" class=\"so-panel widget widget_sow-editor panel-first-child panel-last-child\" data-index=\"0\" ><div\n\t\t\t\n\t\t\tclass=\"so-widget-sow-editor so-widget-sow-editor-base\"\n\t\t\t\n\t\t>\n<div class=\"siteorigin-widget-tinymce textwidget\">\n\t<h1><strong>\u0158ezac\u00ed plotr G3 -\u00a0velikosti stol\u016f<\/strong><\/h1>\n<\/div>\n<\/div><\/div><\/div><\/div><div id=\"pg-187-1\"  class=\"panel-grid panel-no-style\" ><div id=\"pgc-187-1-0\"  class=\"panel-grid-cell\" ><div id=\"panel-187-1-0-0\" class=\"so-panel widget widget_circleicon-widget panel-first-child panel-last-child\" data-index=\"1\" ><div class=\"panel-widget-style panel-widget-style-for-187-1-0-0\" >\t\t<div class=\"circle-icon-box circle-icon-position-top circle-icon-hide-box circle-icon-size-large \">\n\t\t\t\t\t\t\t<div class=\"circle-icon-wrapper\">\n\t\t\t\t\t\t\t\t\t\t<a href=\"http:\/\/www.neotec.cz\/zund\/g3seznam\/\" class=\"link-icon\" >\t\t\t\t\t<div class=\"circle-icon icon-style-set\" style=\"background-image: url(http:\/\/www.neotec.cz\/zund\/wp-content\/uploads\/2016\/02\/ic-g3.png);background-color: #eeeeee\">\n\t\t\t\t\t\t\t\t\t\t\t<\/div>\n\t\t\t\t\t<\/a>\t\t\t\t<\/div>\n\t\t\t\n\t\t\t\t\t\t\t<a href=\"http:\/\/www.neotec.cz\/zund\/g3seznam\/\" class=\"link-title\" >\n\t\t\t\t\t\t\t\t\t\t\t\t\t<\/a>\n\t\t\t\n\t\t\t\t\t\t\t\t\t\t<a\n\t\t\t\t\thref=\"http:\/\/www.neotec.cz\/zund\/g3seznam\/\"\n\t\t\t\t\tclass=\"more-button\"\n\t\t\t\t\t\t\t\t\t\t\t\t\t\t>\n\t\t\t\t\tG3 sezn\u00e1men\u00ed <i><\/i>\n\t\t\t\t<\/a>\n\t\t\t\t\t<\/div>\n\t\t<\/div><\/div><\/div><div id=\"pgc-187-1-1\"  class=\"panel-grid-cell\" ><div id=\"panel-187-1-1-0\" class=\"so-panel widget widget_circleicon-widget panel-first-child panel-last-child\" data-index=\"2\" >\t\t<div class=\"circle-icon-box circle-icon-position-top circle-icon-hide-box circle-icon-size-large \">\n\t\t\t\t\t\t\t<div class=\"circle-icon-wrapper\">\n\t\t\t\t\t\t\t\t\t\t<a href=\"http:\/\/www.neotec.cz\/zund\/g3det\/\" class=\"link-icon\" >\t\t\t\t\t<div class=\"circle-icon icon-style-set\" style=\"background-image: url(http:\/\/www.neotec.cz\/zund\/wp-content\/uploads\/2016\/02\/ic-g3det.png);background-color: #eeeeee\">\n\t\t\t\t\t\t\t\t\t\t\t<\/div>\n\t\t\t\t\t<\/a>\t\t\t\t<\/div>\n\t\t\t\n\t\t\t\t\t\t\t<a href=\"http:\/\/www.neotec.cz\/zund\/g3det\/\" class=\"link-title\" >\n\t\t\t\t\t\t\t\t\t\t\t\t\t<\/a>\n\t\t\t\n\t\t\t\t\t\t\t\t\t\t<a\n\t\t\t\t\thref=\"http:\/\/www.neotec.cz\/zund\/g3det\/\"\n\t\t\t\t\tclass=\"more-button\"\n\t\t\t\t\t\t\t\t\t\t\t\t\t\t>\n\t\t\t\t\tG3 detailn\u011b <i><\/i>\n\t\t\t\t<\/a>\n\t\t\t\t\t<\/div>\n\t\t<\/div><\/div><div id=\"pgc-187-1-2\"  class=\"panel-grid-cell\" ><div id=\"panel-187-1-2-0\" class=\"so-panel widget widget_circleicon-widget panel-first-child panel-last-child\" data-index=\"3\" >\t\t<div class=\"circle-icon-box circle-icon-position-top circle-icon-hide-box circle-icon-size-large \">\n\t\t\t\t\t\t\t<div class=\"circle-icon-wrapper\">\n\t\t\t\t\t\t\t\t\t\t<a href=\"http:\/\/www.neotec.cz\/zund\/g3mod\/\" class=\"link-icon\" >\t\t\t\t\t<div class=\"circle-icon icon-style-set\" style=\"background-image: url(http:\/\/www.neotec.cz\/zund\/wp-content\/uploads\/2016\/02\/ic-modtool.png);background-color: #eeeeee\">\n\t\t\t\t\t\t\t\t\t\t\t<\/div>\n\t\t\t\t\t<\/a>\t\t\t\t<\/div>\n\t\t\t\n\t\t\t\t\t\t\t<a href=\"http:\/\/www.neotec.cz\/zund\/g3mod\/\" class=\"link-title\" >\n\t\t\t\t\t\t\t\t\t\t\t\t\t<\/a>\n\t\t\t\n\t\t\t\t\t\t\t\t\t\t<a\n\t\t\t\t\thref=\"http:\/\/www.neotec.cz\/zund\/g3mod\/\"\n\t\t\t\t\tclass=\"more-button\"\n\t\t\t\t\t\t\t\t\t\t\t\t\t\t>\n\t\t\t\t\tG3 moduly a n\u00e1stroje <i><\/i>\n\t\t\t\t<\/a>\n\t\t\t\t\t<\/div>\n\t\t<\/div><\/div><div id=\"pgc-187-1-3\"  class=\"panel-grid-cell\" ><div id=\"panel-187-1-3-0\" class=\"so-panel widget widget_circleicon-widget panel-first-child panel-last-child\" data-index=\"4\" >\t\t<div class=\"circle-icon-box circle-icon-position-top circle-icon-hide-box circle-icon-size-large \">\n\t\t\t\t\t\t\t<div class=\"circle-icon-wrapper\">\n\t\t\t\t\t\t\t\t\t\t<div class=\"circle-icon icon-style-set\" style=\"background-image: url(http:\/\/www.neotec.cz\/zund\/wp-content\/uploads\/2016\/02\/ic-G3size.png);background-color: #888888\">\n\t\t\t\t\t\t\t\t\t\t\t<\/div>\n\t\t\t\t\t\t\t\t\t<\/div>\n\t\t\t\n\t\t\t\t\t\t\t\t\t\n\t\t\t\t\t\t\t\t\t\t<a\n\t\t\t\t\thref=\"http:\/\/www.neotec.cz\/zund\/g3velikostistolu\/\"\n\t\t\t\t\tclass=\"more-button\"\n\t\t\t\t\t\t\t\t\t\t\t\t\t\t>\n\t\t\t\t\tG3 velikosti stol\u016f <i><\/i>\n\t\t\t\t<\/a>\n\t\t\t\t\t<\/div>\n\t\t<\/div><\/div><div id=\"pgc-187-1-4\"  class=\"panel-grid-cell\" ><div id=\"panel-187-1-4-0\" class=\"so-panel widget widget_circleicon-widget panel-first-child panel-last-child\" data-index=\"5\" >\t\t<div class=\"circle-icon-box circle-icon-position-top circle-icon-hide-box circle-icon-size-large \">\n\t\t\t\t\t\t\t<div class=\"circle-icon-wrapper\">\n\t\t\t\t\t\t\t\t\t\t<a href=\"http:\/\/www.neotec.cz\/zund\/g3-videa\/\" class=\"link-icon\" >\t\t\t\t\t<div class=\"circle-icon icon-style-set\" style=\"background-image: url(http:\/\/www.neotec.cz\/zund\/wp-content\/uploads\/2016\/02\/ic_g3video.png);background-color: #eeeeee\">\n\t\t\t\t\t\t\t\t\t\t\t<\/div>\n\t\t\t\t\t<\/a>\t\t\t\t<\/div>\n\t\t\t\n\t\t\t\t\t\t\t<a href=\"http:\/\/www.neotec.cz\/zund\/g3-videa\/\" class=\"link-title\" >\n\t\t\t\t\t\t\t\t\t\t\t\t\t<\/a>\n\t\t\t\n\t\t\t\t\t\t\t\t\t\t<a\n\t\t\t\t\thref=\"http:\/\/www.neotec.cz\/zund\/g3-videa\/\"\n\t\t\t\t\tclass=\"more-button\"\n\t\t\t\t\t\t\t\t\t\t\t\t\t\t>\n\t\t\t\t\tG3 videa <i><\/i>\n\t\t\t\t<\/a>\n\t\t\t\t\t<\/div>\n\t\t<\/div><\/div><div id=\"pgc-187-1-5\"  class=\"panel-grid-cell\" ><div id=\"panel-187-1-5-0\" class=\"so-panel widget widget_circleicon-widget panel-first-child panel-last-child\" data-index=\"6\" >\t\t<div class=\"circle-icon-box circle-icon-position-top circle-icon-hide-box circle-icon-size-large \">\n\t\t\t\t\t\t\t<div class=\"circle-icon-wrapper\">\n\t\t\t\t\t\t\t\t\t\t<a href=\"http:\/\/www.neotec.cz\/zund\/g3msm\/\" class=\"link-icon\" >\t\t\t\t\t<div class=\"circle-icon icon-style-set\" style=\"background-image: url(http:\/\/www.neotec.cz\/zund\/wp-content\/uploads\/2018\/04\/ic-g3msm.png);background-color: #eeeeee\">\n\t\t\t\t\t\t\t\t\t\t\t<\/div>\n\t\t\t\t\t<\/a>\t\t\t\t<\/div>\n\t\t\t\n\t\t\t\t\t\t\t<a href=\"http:\/\/www.neotec.cz\/zund\/g3msm\/\" class=\"link-title\" >\n\t\t\t\t\t\t\t\t\t\t\t\t\t<\/a>\n\t\t\t\n\t\t\t\t\t\t\t\t\t\t<a\n\t\t\t\t\thref=\"http:\/\/www.neotec.cz\/zund\/g3msm\/\"\n\t\t\t\t\tclass=\"more-button\"\n\t\t\t\t\t\t\t\t\t\t\t\t\t\t>\n\t\t\t\t\tManipulace <i><\/i>\n\t\t\t\t<\/a>\n\t\t\t\t\t<\/div>\n\t\t<\/div><\/div><\/div><div id=\"pg-187-2\"  class=\"panel-grid panel-no-style\" ><div id=\"pgc-187-2-0\"  class=\"panel-grid-cell\" ><div id=\"panel-187-2-0-0\" class=\"so-panel widget widget_sow-editor panel-first-child panel-last-child\" data-index=\"7\" ><div\n\t\t\t\n\t\t\tclass=\"so-widget-sow-editor so-widget-sow-editor-base\"\n\t\t\t\n\t\t>\n<div class=\"siteorigin-widget-tinymce textwidget\">\n\t<p><img loading=\"lazy\" decoding=\"async\" class=\"aligncenter wp-image-197 size-full\" src=\"http:\/\/www.neotec.cz\/zund\/wp-content\/uploads\/2016\/02\/ic-G3sizes.png\" alt=\"ic-G3sizes\" width=\"900\" height=\"650\" srcset=\"https:\/\/www.neotec.cz\/zund\/wp-content\/uploads\/2016\/02\/ic-G3sizes.png 900w, https:\/\/www.neotec.cz\/zund\/wp-content\/uploads\/2016\/02\/ic-G3sizes-300x217.png 300w, https:\/\/www.neotec.cz\/zund\/wp-content\/uploads\/2016\/02\/ic-G3sizes-768x555.png 768w\" sizes=\"auto, (max-width: 900px) 100vw, 900px\" \/><\/p>\n<\/div>\n<\/div><\/div><\/div><\/div><div id=\"pg-187-3\"  class=\"panel-grid panel-no-style\" ><div id=\"pgc-187-3-0\"  class=\"panel-grid-cell\" ><div id=\"panel-187-3-0-0\" class=\"so-panel widget widget_sow-editor panel-first-child panel-last-child\" data-index=\"8\" ><div\n\t\t\t\n\t\t\tclass=\"so-widget-sow-editor so-widget-sow-editor-base\"\n\t\t\t\n\t\t><h3 class=\"widget-title\">Voliteln\u00e9 prodlou\u017een\u00ed stolu<\/h3>\n<div class=\"siteorigin-widget-tinymce textwidget\">\n\t<p><img loading=\"lazy\" decoding=\"async\" class=\"alignnone size-full wp-image-451\" src=\"http:\/\/www.neotec.cz\/zund\/wp-content\/uploads\/2016\/02\/g3_cve.png\" alt=\"G3 prodlou\u017een\u00ed stolu\" width=\"1140\" height=\"570\" srcset=\"https:\/\/www.neotec.cz\/zund\/wp-content\/uploads\/2016\/02\/g3_cve.png 1140w, https:\/\/www.neotec.cz\/zund\/wp-content\/uploads\/2016\/02\/g3_cve-300x150.png 300w, https:\/\/www.neotec.cz\/zund\/wp-content\/uploads\/2016\/02\/g3_cve-768x384.png 768w, https:\/\/www.neotec.cz\/zund\/wp-content\/uploads\/2016\/02\/g3_cve-1024x512.png 1024w, https:\/\/www.neotec.cz\/zund\/wp-content\/uploads\/2016\/02\/g3_cve-960x480.png 960w\" sizes=\"auto, (max-width: 1140px) 100vw, 1140px\" \/><\/p>\n<p>Pokud bude stroj vybaven automatick\u00fdm posuvem materi\u00e1lu je mo\u017en\u00e9 st\u016fl prodlou\u017eit o \u00a0z\u00f3ny pro zalo\u017een\u00ed\/odb\u011br materi\u00e1lu. \u00a0Tyto prodlou\u017een\u00ed jsou u modelu G3 dod\u00e1v\u00e1ny v\u017edy v d\u00e9lce pln\u00e9 nebo polovi\u010dn\u00ed oproti d\u00e9lce vlastn\u00ed pracovn\u00ed plochy.<\/p>\n<\/div>\n<\/div><\/div><\/div><\/div><div id=\"pg-187-4\"  class=\"panel-grid panel-no-style\" ><div id=\"pgc-187-4-0\"  class=\"panel-grid-cell\" ><div id=\"panel-187-4-0-0\" class=\"so-panel widget widget_sow-editor panel-first-child panel-last-child\" data-index=\"9\" ><div\n\t\t\t\n\t\t\tclass=\"so-widget-sow-editor so-widget-sow-editor-base\"\n\t\t\t\n\t\t><h3 class=\"widget-title\">Ke sta\u017een\u00ed<\/h3>\n<div class=\"siteorigin-widget-tinymce textwidget\">\n\t<p><a href=\"http:\/\/www.neotec.cz\/zund\/wp-content\/uploads\/2016\/02\/G3Cuttersizes_CZ.pdf\" target=\"_blank\" rel=\"\">G3 Velikosti stol\u016f (CZ)<\/a><a href=\"http:\/\/www.neotec.cz\/zund\/wp-content\/uploads\/2016\/02\/G3Cuttersizes_CZ.pdf\" target=\"_blank\"><img loading=\"lazy\" decoding=\"async\" class=\"alignleft wp-image-1108 size-full\" src=\"http:\/\/www.neotec.cz\/zund\/wp-content\/uploads\/2016\/02\/picPDF.png\" alt=\"picPDF\" width=\"32\" height=\"32\" \/><\/a><\/p>\n<\/div>\n<\/div><\/div><\/div><\/div><\/div>","protected":false},"excerpt":{"rendered":"<p>\u0158ezac\u00ed plotr G3 &#8211;\u00a0velikosti stol\u016f<\/p>\n","protected":false},"author":1,"featured_media":0,"parent":0,"menu_order":0,"comment_status":"closed","ping_status":"closed","template":"templates\/template-full-notitle.php","meta":{"footnotes":""},"class_list":["post-187","page","type-page","status-publish","hentry","post"],"_links":{"self":[{"href":"https:\/\/www.neotec.cz\/zund\/wp-json\/wp\/v2\/pages\/187","targetHints":{"allow":["GET"]}}],"collection":[{"href":"https:\/\/www.neotec.cz\/zund\/wp-json\/wp\/v2\/pages"}],"about":[{"href":"https:\/\/www.neotec.cz\/zund\/wp-json\/wp\/v2\/types\/page"}],"author":[{"embeddable":true,"href":"https:\/\/www.neotec.cz\/zund\/wp-json\/wp\/v2\/users\/1"}],"replies":[{"embeddable":true,"href":"https:\/\/www.neotec.cz\/zund\/wp-json\/wp\/v2\/comments?post=187"}],"version-history":[{"count":24,"href":"https:\/\/www.neotec.cz\/zund\/wp-json\/wp\/v2\/pages\/187\/revisions"}],"predecessor-version":[{"id":2135,"href":"https:\/\/www.neotec.cz\/zund\/wp-json\/wp\/v2\/pages\/187\/revisions\/2135"}],"wp:attachment":[{"href":"https:\/\/www.neotec.cz\/zund\/wp-json\/wp\/v2\/media?parent=187"}],"curies":[{"name":"wp","href":"https:\/\/api.w.org\/{rel}","templated":true}]}}