{"id":2194,"date":"2022-03-04T10:25:52","date_gmt":"2022-03-04T09:25:52","guid":{"rendered":"https:\/\/www.neotec.cz\/zund\/?page_id=2194"},"modified":"2024-02-26T14:36:34","modified_gmt":"2024-02-26T13:36:34","slug":"zcczc","status":"publish","type":"page","link":"https:\/\/www.neotec.cz\/zund\/zcczc\/","title":{"rendered":"Z\u00fcnd Connect"},"content":{"rendered":"<div id=\"pl-2194\"  class=\"panel-layout\" ><div id=\"pg-2194-0\"  class=\"panel-grid panel-no-style\" ><div id=\"pgc-2194-0-0\"  class=\"panel-grid-cell\" ><div id=\"panel-2194-0-0-0\" class=\"so-panel widget widget_sow-editor panel-first-child panel-last-child\" data-index=\"0\" ><div\n\t\t\t\n\t\t\tclass=\"so-widget-sow-editor so-widget-sow-editor-base\"\n\t\t\t\n\t\t>\n<div class=\"siteorigin-widget-tinymce textwidget\">\n\t<h2><strong>Z\u00fcnd Connect<\/strong><\/h2>\n<\/div>\n<\/div><\/div><\/div><\/div><div id=\"pg-2194-1\"  class=\"panel-grid panel-no-style\" ><div id=\"pgc-2194-1-0\"  class=\"panel-grid-cell\" ><div id=\"panel-2194-1-0-0\" class=\"so-panel widget widget_circleicon-widget panel-first-child panel-last-child\" data-index=\"1\" >\t\t<div class=\"circle-icon-box circle-icon-position-top circle-icon-hide-box circle-icon-size-large \">\n\t\t\t\t\t\t\t<div class=\"circle-icon-wrapper\">\n\t\t\t\t\t\t\t\t\t\t<a href=\"http:\/\/www.neotec.cz\/zund\/software\/\" class=\"link-icon\" >\t\t\t\t\t<div class=\"circle-icon icon-style-set\" style=\"background-image: url(http:\/\/www.neotec.cz\/zund\/wp-content\/uploads\/2016\/02\/ic-zcc.png);background-color: #eeeeee\">\n\t\t\t\t\t\t\t\t\t\t\t<\/div>\n\t\t\t\t\t<\/a>\t\t\t\t<\/div>\n\t\t\t\n\t\t\t\t\t\t\t<a href=\"http:\/\/www.neotec.cz\/zund\/software\/\" class=\"link-title\" >\n\t\t\t\t\t\t\t\t\t\t\t\t\t<\/a>\n\t\t\t\n\t\t\t\t\t\t\t\t\t\t<a\n\t\t\t\t\thref=\"http:\/\/www.neotec.cz\/zund\/software\/\"\n\t\t\t\t\tclass=\"more-button\"\n\t\t\t\t\t\t\t\t\t\t\t\t\t\t>\n\t\t\t\t\tZCC Sezn\u00e1men\u00ed <i><\/i>\n\t\t\t\t<\/a>\n\t\t\t\t\t<\/div>\n\t\t<\/div><\/div><div id=\"pgc-2194-1-1\"  class=\"panel-grid-cell\" ><div id=\"panel-2194-1-1-0\" class=\"so-panel widget widget_circleicon-widget panel-first-child panel-last-child\" data-index=\"2\" >\t\t<div class=\"circle-icon-box circle-icon-position-top circle-icon-hide-box circle-icon-size-large \">\n\t\t\t\t\t\t\t<div class=\"circle-icon-wrapper\">\n\t\t\t\t\t\t\t\t\t\t<a href=\"http:\/\/www.neotec.cz\/zund\/zccdet\/\" class=\"link-icon\" >\t\t\t\t\t<div class=\"circle-icon icon-style-set\" style=\"background-image: url(http:\/\/www.neotec.cz\/zund\/wp-content\/uploads\/2016\/02\/ic-zccdet.png);background-color: #eeeeee\">\n\t\t\t\t\t\t\t\t\t\t\t<\/div>\n\t\t\t\t\t<\/a>\t\t\t\t<\/div>\n\t\t\t\n\t\t\t\t\t\t\t<a href=\"http:\/\/www.neotec.cz\/zund\/zccdet\/\" class=\"link-title\" >\n\t\t\t\t\t\t\t\t\t\t\t\t\t<\/a>\n\t\t\t\n\t\t\t\t\t\t\t\t\t\t<a\n\t\t\t\t\thref=\"http:\/\/www.neotec.cz\/zund\/zccdet\/\"\n\t\t\t\t\tclass=\"more-button\"\n\t\t\t\t\t\t\t\t\t\t\t\t\t\t>\n\t\t\t\t\tZCC Edice <i><\/i>\n\t\t\t\t<\/a>\n\t\t\t\t\t<\/div>\n\t\t<\/div><\/div><div id=\"pgc-2194-1-2\"  class=\"panel-grid-cell\" ><div id=\"panel-2194-1-2-0\" class=\"so-panel widget widget_circleicon-widget panel-first-child panel-last-child\" data-index=\"3\" >\t\t<div class=\"circle-icon-box circle-icon-position-top circle-icon-hide-box circle-icon-size-large \">\n\t\t\t\t\t\t\t<div class=\"circle-icon-wrapper\">\n\t\t\t\t\t\t\t\t\t\t<a href=\"http:\/\/www.neotec.cz\/zund\/zccvidea\" class=\"link-icon\" >\t\t\t\t\t<div class=\"circle-icon icon-style-set\" style=\"background-image: url(http:\/\/www.neotec.cz\/zund\/wp-content\/uploads\/2016\/02\/ic_zccvideo.png);background-color: #eeeeee\">\n\t\t\t\t\t\t\t\t\t\t\t<\/div>\n\t\t\t\t\t<\/a>\t\t\t\t<\/div>\n\t\t\t\n\t\t\t\t\t\t\t<a href=\"http:\/\/www.neotec.cz\/zund\/zccvidea\" class=\"link-title\" >\n\t\t\t\t\t\t\t\t\t\t\t\t\t<\/a>\n\t\t\t\n\t\t\t\t\t\t\t\t\t\t<a\n\t\t\t\t\thref=\"http:\/\/www.neotec.cz\/zund\/zccvidea\"\n\t\t\t\t\tclass=\"more-button\"\n\t\t\t\t\t\t\t\t\t\t\t\t\t\t>\n\t\t\t\t\tZCC Videa <i><\/i>\n\t\t\t\t<\/a>\n\t\t\t\t\t<\/div>\n\t\t<\/div><\/div><div id=\"pgc-2194-1-3\"  class=\"panel-grid-cell\" ><div id=\"panel-2194-1-3-0\" class=\"so-panel widget widget_circleicon-widget panel-first-child panel-last-child\" data-index=\"4\" >\t\t<div class=\"circle-icon-box circle-icon-position-top circle-icon-hide-box circle-icon-size-large \">\n\t\t\t\t\t\t\t<div class=\"circle-icon-wrapper\">\n\t\t\t\t\t\t\t\t\t\t<div class=\"circle-icon icon-style-set\" style=\"background-image: url(https:\/\/www.neotec.cz\/zund\/wp-content\/uploads\/2022\/03\/ic-zccZC.png);background-color: #888888\">\n\t\t\t\t\t\t\t\t\t\t\t<\/div>\n\t\t\t\t\t\t\t\t\t<\/div>\n\t\t\t\n\t\t\t\t\t\t\t\t\t\n\t\t\t\t\t\t\t\t\t\t<a\n\t\t\t\t\thref=\"http:\/\/www.neotec.cz\/zund\/zcczc\"\n\t\t\t\t\tclass=\"more-button\"\n\t\t\t\t\t\t\t\t\t\t\t\t\t\t>\n\t\t\t\t\tZ\u00fcnd Connect <i><\/i>\n\t\t\t\t<\/a>\n\t\t\t\t\t<\/div>\n\t\t<\/div><\/div><div id=\"pgc-2194-1-4\"  class=\"panel-grid-cell\" ><div id=\"panel-2194-1-4-0\" class=\"so-panel widget widget_circleicon-widget panel-first-child panel-last-child\" data-index=\"5\" >\t\t<div class=\"circle-icon-box circle-icon-position-top circle-icon-hide-box circle-icon-size-large \">\n\t\t\t\t\t\t\t<div class=\"circle-icon-wrapper\">\n\t\t\t\t\t\t\t\t\t\t<a href=\"http:\/\/www.neotec.cz\/zund\/zpc\" class=\"link-icon\" >\t\t\t\t\t<div class=\"circle-icon icon-style-set\" style=\"background-image: url(https:\/\/www.neotec.cz\/zund\/wp-content\/uploads\/2022\/03\/zpc-1.png);background-color: #eeeeee\">\n\t\t\t\t\t\t\t\t\t\t\t<\/div>\n\t\t\t\t\t<\/a>\t\t\t\t<\/div>\n\t\t\t\n\t\t\t\t\t\t\t<a href=\"http:\/\/www.neotec.cz\/zund\/zpc\" class=\"link-title\" >\n\t\t\t\t\t\t\t\t\t\t\t\t\t<\/a>\n\t\t\t\n\t\t\t\t\t\t\t\t\t\t<a\n\t\t\t\t\thref=\"http:\/\/www.neotec.cz\/zund\/zpc\"\n\t\t\t\t\tclass=\"more-button\"\n\t\t\t\t\t\t\t\t\t\t\t\t\t\t>\n\t\t\t\t\tZPC <i><\/i>\n\t\t\t\t<\/a>\n\t\t\t\t\t<\/div>\n\t\t<\/div><\/div><div id=\"pgc-2194-1-5\"  class=\"panel-grid-cell\" ><div id=\"panel-2194-1-5-0\" class=\"so-panel widget widget_circleicon-widget panel-first-child panel-last-child\" data-index=\"6\" >\t\t<div class=\"circle-icon-box circle-icon-position-top circle-icon-hide-box circle-icon-size-large \">\n\t\t\t\t\t\t\t<div class=\"circle-icon-wrapper\">\n\t\t\t\t\t\t\t\t\t\t<a href=\"http:\/\/www.neotec.cz\/zund\/altsw\" class=\"link-icon\" >\t\t\t\t\t<div class=\"circle-icon icon-style-set\" style=\"background-image: url(http:\/\/www.neotec.cz\/zund\/wp-content\/uploads\/2016\/02\/ic-altsw-1.png);background-color: #eeeeee\">\n\t\t\t\t\t\t\t\t\t\t\t<\/div>\n\t\t\t\t\t<\/a>\t\t\t\t<\/div>\n\t\t\t\n\t\t\t\t\t\t\t<a href=\"http:\/\/www.neotec.cz\/zund\/altsw\" class=\"link-title\" >\n\t\t\t\t\t\t\t\t\t\t\t\t\t<\/a>\n\t\t\t\n\t\t\t\t\t\t\t\t\t\t<a\n\t\t\t\t\thref=\"http:\/\/www.neotec.cz\/zund\/altsw\"\n\t\t\t\t\tclass=\"more-button\"\n\t\t\t\t\t\t\t\t\t\t\t\t\t\t>\n\t\t\t\t\tDal\u0161\u00ed software <i><\/i>\n\t\t\t\t<\/a>\n\t\t\t\t\t<\/div>\n\t\t<\/div><\/div><\/div><div id=\"pg-2194-2\"  class=\"panel-grid panel-no-style\" ><div id=\"pgc-2194-2-0\"  class=\"panel-grid-cell\" ><div id=\"panel-2194-2-0-0\" class=\"so-panel widget widget_sow-image panel-first-child panel-last-child\" data-index=\"7\" ><div\n\t\t\t\n\t\t\tclass=\"so-widget-sow-image so-widget-sow-image-default-c67d20f9f743-2194\"\n\t\t\t\n\t\t>\n\n<div class=\"sow-image-container\">\n\t\t<img loading=\"lazy\" decoding=\"async\" src=\"https:\/\/www.neotec.cz\/zund\/wp-content\/uploads\/2022\/03\/ZC-produktivita.png\" width=\"250\" height=\"410\" srcset=\"https:\/\/www.neotec.cz\/zund\/wp-content\/uploads\/2022\/03\/ZC-produktivita.png 375w, https:\/\/www.neotec.cz\/zund\/wp-content\/uploads\/2022\/03\/ZC-produktivita-212x300.png 212w\" sizes=\"auto, (max-width: 250px) 100vw, 250px\" alt=\"\" \t\tclass=\"so-widget-image\"\/>\n\t<\/div>\n\n<\/div><\/div><\/div><div id=\"pgc-2194-2-1\"  class=\"panel-grid-cell\" ><div id=\"panel-2194-2-1-0\" class=\"so-panel widget widget_sow-editor panel-first-child\" data-index=\"8\" ><div\n\t\t\t\n\t\t\tclass=\"so-widget-sow-editor so-widget-sow-editor-base\"\n\t\t\t\n\t\t><h3 class=\"widget-title\">Z\u00fcnd Connect<\/h3>\n<div class=\"siteorigin-widget-tinymce textwidget\">\n\t<p>Monitorovac\u00ed n\u00e1stroj Z\u00fcnd Connect pom\u00e1h\u00e1 u\u017eivatel\u016fm rozpoznat potenci\u00e1ln\u00ed oblasti pro optimalizaci procesu digit\u00e1ln\u00edho \u0159ez\u00e1n\u00ed. Z\u00fcnd Connect shroma\u017e\u010fuje v\u00fdrobn\u00ed data z integrovan\u00fdch \u0159ezac\u00edch syst\u00e9m\u016f do smyslupln\u00fdch kl\u00ed\u010dov\u00fdch ukazatel\u016f v\u00fdkonu, jako jsou kapacita stroje, dostupnost a celkov\u00e1 efektivita za\u0159\u00edzen\u00ed.<\/p>\n<\/div>\n<\/div><\/div><div id=\"panel-2194-2-1-1\" class=\"so-panel widget widget_sow-editor panel-last-child\" data-index=\"9\" ><div\n\t\t\t\n\t\t\tclass=\"so-widget-sow-editor so-widget-sow-editor-base\"\n\t\t\t\n\t\t><h3 class=\"widget-title\">Zv\u00fd\u0161en\u00ed produktivity<\/h3>\n<div class=\"siteorigin-widget-tinymce textwidget\">\n\t<p>Vysok\u00e1 vyt\u00ed\u017eenost stroje a produktivita jsou z\u00e1sadn\u00ed pro ziskov\u00e9 digit\u00e1ln\u00ed \u0159ez\u00e1n\u00ed. Zde p\u0159ich\u00e1z\u00ed na \u0159adu Z\u00fcnd Connect. Webov\u00fd monitorovac\u00ed n\u00e1stroj poskytuje \u00fadaje o vyt\u00ed\u017een\u00ed \u0159ezac\u00edho katru na prvn\u00ed pohled a za v\u0161ech okolnost\u00ed. S Z\u00fcnd Connect m\u00e1te p\u0159\u00edstup ke spolehliv\u00fdm kl\u00ed\u010dov\u00fdm ukazatel\u016fm v\u00fdt\u00ed\u017eenosti, kter\u00e9 m\u016f\u017eete pou\u017e\u00edt k lep\u0161\u00ed optimalizaci v\u00fdrobn\u00edch postup\u016f a ke zv\u00fd\u0161en\u00ed produktivity.<\/p>\n<\/div>\n<\/div><\/div><\/div><\/div><div id=\"pg-2194-3\"  class=\"panel-grid panel-no-style\" ><div id=\"pgc-2194-3-0\"  class=\"panel-grid-cell\" ><div id=\"panel-2194-3-0-0\" class=\"so-panel widget widget_sow-editor panel-first-child\" data-index=\"10\" ><div\n\t\t\t\n\t\t\tclass=\"so-widget-sow-editor so-widget-sow-editor-base\"\n\t\t\t\n\t\t><h3 class=\"widget-title\">\u00davodem<\/h3>\n<div class=\"siteorigin-widget-tinymce textwidget\">\n\t<p>Webov\u00e9 rozhran\u00ed zobrazuje zpracovan\u00e1 v\u00fdrobn\u00ed data, nap\u0159. dny se n\u00edzk\u00fdm vyu\u017eit\u00edm stroje. U\u017eivatel si m\u016f\u017ee vybrat r\u016fzn\u00e1 zobrazen\u00ed a p\u0159ep\u00ednat mezi nimi, aby porovn\u00e1val indexy celkov\u00e9 efektivity za\u0159\u00edzen\u00ed (OEE), dostupnosti a kapacity. Data lze filtrovat pro jednotliv\u00e9 sm\u011bny, aby bylo mo\u017en\u00e9 porovnat jejich produktivitu s v\u00fdkonem jin\u00fdch sm\u011bn a identifikovat mo\u017enou pot\u0159ebu \u0161kolen\u00ed.<\/p>\n<\/div>\n<\/div><\/div><div id=\"panel-2194-3-0-1\" class=\"so-panel widget widget_sow-image\" data-index=\"11\" ><div\n\t\t\t\n\t\t\tclass=\"so-widget-sow-image so-widget-sow-image-default-c67d20f9f743-2194\"\n\t\t\t\n\t\t>\n\n<div class=\"sow-image-container\">\n\t\t<img loading=\"lazy\" decoding=\"async\" src=\"https:\/\/www.neotec.cz\/zund\/wp-content\/uploads\/2022\/03\/ZC-overview.png\" width=\"700\" height=\"400\" srcset=\"https:\/\/www.neotec.cz\/zund\/wp-content\/uploads\/2022\/03\/ZC-overview.png 700w, https:\/\/www.neotec.cz\/zund\/wp-content\/uploads\/2022\/03\/ZC-overview-300x171.png 300w\" sizes=\"auto, (max-width: 700px) 100vw, 700px\" alt=\"\" \t\tclass=\"so-widget-image\"\/>\n\t<\/div>\n\n<\/div><\/div><div id=\"panel-2194-3-0-2\" class=\"so-panel widget widget_sow-editor\" data-index=\"12\" ><div\n\t\t\t\n\t\t\tclass=\"so-widget-sow-editor so-widget-sow-editor-base\"\n\t\t\t\n\t\t><h3 class=\"widget-title\">Seznam \u00faloh<\/h3>\n<div class=\"siteorigin-widget-tinymce textwidget\">\n\t<p>Seznam \u00faloh obsahuje seznam zpracovan\u00fdch \u00faloh, jejich obsah, pot\u0159ebn\u00fd \u010das k jejich zpracov\u00e1n\u00ed a u\u0159ezanou vzd\u00e1lenost v ka\u017ed\u00e9 \u00faloze. Diagramy ukazuj\u00ed doby zpracov\u00e1n\u00ed pro jednotliv\u00e9 materi\u00e1ly, n\u00e1stroje, metody a samotn\u00e9 no\u017ee. Sloupcov\u00e9 grafy pro r\u016fzn\u00e9 materi\u00e1ly, nap\u0159\u00edklad zn\u00e1zor\u0148uj\u00ed \u010das str\u00e1ven\u00fd zpracov\u00e1n\u00edm ka\u017ed\u00e9ho z nich b\u011bhem zadan\u00e9ho \u010dasu.<\/p>\n<\/div>\n<\/div><\/div><div id=\"panel-2194-3-0-3\" class=\"so-panel widget widget_sow-image\" data-index=\"13\" ><div\n\t\t\t\n\t\t\tclass=\"so-widget-sow-image so-widget-sow-image-default-c67d20f9f743-2194\"\n\t\t\t\n\t\t>\n\n<div class=\"sow-image-container\">\n\t\t<img loading=\"lazy\" decoding=\"async\" src=\"https:\/\/www.neotec.cz\/zund\/wp-content\/uploads\/2022\/03\/ZC-joblist.png\" width=\"700\" height=\"400\" srcset=\"https:\/\/www.neotec.cz\/zund\/wp-content\/uploads\/2022\/03\/ZC-joblist.png 700w, https:\/\/www.neotec.cz\/zund\/wp-content\/uploads\/2022\/03\/ZC-joblist-300x171.png 300w\" sizes=\"auto, (max-width: 700px) 100vw, 700px\" alt=\"\" \t\tclass=\"so-widget-image\"\/>\n\t<\/div>\n\n<\/div><\/div><div id=\"panel-2194-3-0-4\" class=\"so-panel widget widget_sow-editor\" data-index=\"14\" ><div\n\t\t\t\n\t\t\tclass=\"so-widget-sow-editor so-widget-sow-editor-base\"\n\t\t\t\n\t\t><h3 class=\"widget-title\">Detekce ztr\u00e1t<\/h3>\n<div class=\"siteorigin-widget-tinymce textwidget\">\n\t<p>Tento diagram zobrazuje \u010dasov\u00e9 ztr\u00e1ty. Ukazuje nap\u0159\u00edklad, kdy\u00a0 do\u0161lo ke ztr\u00e1t\u011b v d\u016fsleku p\u0159eru\u0161en\u00ed v\u00fdroby. Tyto ztr\u00e1ty p\u0159edstavuj\u00ed bubliny. V\u011bt\u0161\u00ed bublina znamen\u00e1 v\u011bt\u0161\u00ed ztr\u00e1tu. Ztr\u00e1ty z hlediska dostupnosti a kapacity jsou uvedeny samostatn\u011b. To umo\u017e\u0148uje ur\u010dit a bl\u00ed\u017ee prozkoumat \u00falohy, u kter\u00fdch jsou \u010dasov\u00e9 ztr\u00e1ty nejvy\u0161\u0161\u00ed. Detekce ztr\u00e1t umo\u017e\u0148uje u\u017eivateli zkoumat konkr\u00e9tn\u00ed \u010dasov\u00e9 \u00faseky, materi\u00e1ly a n\u00e1stroje, kter\u00e9 mohou b\u00fdt spojeny s p\u0159eru\u0161en\u00edm \u010dinnosti stroje.<\/p>\n<\/div>\n<\/div><\/div><div id=\"panel-2194-3-0-5\" class=\"so-panel widget widget_sow-image\" data-index=\"15\" ><div\n\t\t\t\n\t\t\tclass=\"so-widget-sow-image so-widget-sow-image-default-c67d20f9f743-2194\"\n\t\t\t\n\t\t>\n\n<div class=\"sow-image-container\">\n\t\t<img loading=\"lazy\" decoding=\"async\" src=\"https:\/\/www.neotec.cz\/zund\/wp-content\/uploads\/2022\/03\/zc-lossdetection.png\" width=\"700\" height=\"400\" srcset=\"https:\/\/www.neotec.cz\/zund\/wp-content\/uploads\/2022\/03\/zc-lossdetection.png 700w, https:\/\/www.neotec.cz\/zund\/wp-content\/uploads\/2022\/03\/zc-lossdetection-300x171.png 300w\" sizes=\"auto, (max-width: 700px) 100vw, 700px\" alt=\"\" \t\tclass=\"so-widget-image\"\/>\n\t<\/div>\n\n<\/div><\/div><div id=\"panel-2194-3-0-6\" class=\"so-panel widget widget_sow-editor\" data-index=\"16\" ><div\n\t\t\t\n\t\t\tclass=\"so-widget-sow-editor so-widget-sow-editor-base\"\n\t\t\t\n\t\t><h3 class=\"widget-title\">Statistika p\u0159eru\u0161en\u00ed <\/h3>\n<div class=\"siteorigin-widget-tinymce textwidget\">\n\t<p><span class=\"VIiyi\" lang=\"cs\"><span class=\"JLqJ4b ChMk0b\" data-language-for-alternatives=\"cs\" data-language-to-translate-into=\"en\" data-phrase-index=\"2\" data-number-of-phrases=\"5\">Statistika p\u0159eru\u0161en\u00ed zobrazuje p\u0159\u00ed\u010diny p\u0159eru\u0161en\u00ed.<\/span> <span class=\"JLqJ4b ChMk0b\" data-language-for-alternatives=\"cs\" data-language-to-translate-into=\"en\" data-phrase-index=\"3\" data-number-of-phrases=\"5\">U\u017eivatel m\u016f\u017ee filtrovat podle denn\u00ed doby, materi\u00e1lu, metody nebo n\u00e1stroje.<\/span> <span class=\"JLqJ4b ChMk0b\" data-language-for-alternatives=\"cs\" data-language-to-translate-into=\"en\" data-phrase-index=\"4\" data-number-of-phrases=\"5\">Tento statistick\u00fd pohled ukazuje, kolik hodin b\u011bhem zadan\u00e9ho obdob\u00ed \u0159ezac\u00ed syst\u00e9my neprodukovaly z d\u016fvodu p\u0159eru\u0161en\u00ed \u010dinnosti stroje.<\/span><\/span><\/p>\n<\/div>\n<\/div><\/div><div id=\"panel-2194-3-0-7\" class=\"so-panel widget widget_sow-image\" data-index=\"17\" ><div\n\t\t\t\n\t\t\tclass=\"so-widget-sow-image so-widget-sow-image-default-c67d20f9f743-2194\"\n\t\t\t\n\t\t>\n\n<div class=\"sow-image-container\">\n\t\t<img loading=\"lazy\" decoding=\"async\" src=\"https:\/\/www.neotec.cz\/zund\/wp-content\/uploads\/2022\/03\/ZC-interuption.png\" width=\"700\" height=\"400\" srcset=\"https:\/\/www.neotec.cz\/zund\/wp-content\/uploads\/2022\/03\/ZC-interuption.png 700w, https:\/\/www.neotec.cz\/zund\/wp-content\/uploads\/2022\/03\/ZC-interuption-300x171.png 300w\" sizes=\"auto, (max-width: 700px) 100vw, 700px\" alt=\"\" \t\tclass=\"so-widget-image\"\/>\n\t<\/div>\n\n<\/div><\/div><div id=\"panel-2194-3-0-8\" class=\"so-panel widget widget_sow-editor\" data-index=\"18\" ><div\n\t\t\t\n\t\t\tclass=\"so-widget-sow-editor so-widget-sow-editor-base\"\n\t\t\t\n\t\t><h3 class=\"widget-title\">REST-API<\/h3>\n<div class=\"siteorigin-widget-tinymce textwidget\">\n\t<p><span class=\"VIiyi\" lang=\"cs\"><span class=\"JLqJ4b ChMk0b\" data-language-for-alternatives=\"cs\" data-language-to-translate-into=\"en\" data-phrase-index=\"2\" data-number-of-phrases=\"4\">REST-API (Representational State Transfer - Application Programming Interface) lze pou\u017e\u00edt k z\u00edsk\u00e1v\u00e1n\u00ed produk\u010dn\u00edch dat shrom\u00e1\u017ed\u011bn\u00fdch funkc\u00ed Z\u00fcnd Connect pro jejich integraci do podnikov\u00fdch informa\u010dn\u00edch syst\u00e9m\u016f (nap\u0159\u00edklad : MIS nebo ERP).<\/span> <span class=\"JLqJ4b ChMk0b\" data-language-for-alternatives=\"cs\" data-language-to-translate-into=\"en\" data-phrase-index=\"3\" data-number-of-phrases=\"4\">Krom\u011b toho lze rozhran\u00ed pou\u017e\u00edt i pro dotazov\u00e1n\u00ed na v\u00fdrobn\u00ed data z jin\u00e9 aplikace, nap\u0159. MS Excel, a jejich hlub\u0161\u00ed vyhodnocen\u00ed.<\/span><\/span><\/p>\n<\/div>\n<\/div><\/div><div id=\"panel-2194-3-0-9\" class=\"so-panel widget widget_sow-editor panel-last-child\" data-index=\"19\" ><div\n\t\t\t\n\t\t\tclass=\"so-widget-sow-editor so-widget-sow-editor-base\"\n\t\t\t\n\t\t><h3 class=\"widget-title\">Pro\u010d vyu\u017e\u00edvat Z\u00fcnd Connect?<\/h3>\n<div class=\"siteorigin-widget-tinymce textwidget\">\n\t<ul>\n<li>Pom\u00e1h\u00e1 ur\u010dit oblasti ve v\u00fdrobn\u00edm pracovn\u00edm postupu, kter\u00e9 vykazuj\u00ed potenci\u00e1l pro zlep\u0161en\u00ed.<\/li>\n<li>Poskytuje vizu\u00e1ln\u00ed zn\u00e1zorn\u011bn\u00ed toho, jak \u010dasto byly pou\u017e\u00edv\u00e1ny r\u016fzn\u00e9 materi\u00e1ly, n\u00e1stroje, metody nebo no\u017ee, a identifikuje mo\u017en\u00e9 zdroje chyb.<\/li>\n<li>Nab\u00edz\u00ed odpov\u011bdi na ot\u00e1zky jako \u201eKdy nej\u010dast\u011bji doch\u00e1z\u00ed k p\u0159eru\u0161en\u00edm?\u201c, \u201eKdy jsou obdob\u00ed nevyu\u017eit\u00e9 kapacity stroje?\u201c a \u201eKolik \u010dasu str\u00e1v\u00edte nastavov\u00e1n\u00edm a p\u0159ep\u00edn\u00e1n\u00edm?\u201c<\/li>\n<li>Pom\u00e1h\u00e1 identifikovat sm\u011bny, kter\u00e9 by mohly m\u00edt prosp\u011bch z dal\u0161\u00edho pro\u0161kolen\u00ed.<\/li>\n<li>Pom\u00e1h\u00e1 rozpoznat p\u0159\u00ed\u010diny v \u010dasto se vyskytuj\u00edc\u00edch p\u0159eru\u0161en\u00edch.<\/li>\n<li>Identifikuje potenci\u00e1ln\u00ed pot\u0159ebu dal\u0161\u00edho person\u00e1lu nebo p\u0159id\u00e1n\u00ed dal\u0161\u00edch automatiza\u010dn\u00edch funkc\u00ed ke st\u00e1vaj\u00edc\u00edmu \u0159ezac\u00edmu za\u0159\u00edzen\u00ed.<\/li>\n<\/ul>\n<p>Z\u00fcnd Connect je k dispozici ve verzi \u201eMonitor\u201c a \u201eAnalyzer\u201c. Jak n\u00e1zev napov\u00edd\u00e1, verze \u201eMonitor\u201c se skl\u00e1d\u00e1 z grafick\u00e9ho zobrazen\u00ed celkov\u00e9 \u00fa\u010dinnosti za\u0159\u00edzen\u00ed a je k dispozici zdarma pro v\u0161echny u\u017eivatele ZCC.<\/p>\n<p>\"Analyzer\" poskytuje u\u017eivateli n\u00e1stroje pro anal\u00fdzu v\u00fdrobn\u00edch dat a identifikaci zdroje ztr\u00e1t. \"Analyzer\" umo\u017e\u0148uje analyzovat pracovn\u00ed tok \u0159ez\u00e1n\u00ed a vytv\u00e1\u0159et doporu\u010den\u00ed pro zlep\u0161en\u00ed.<\/p>\n<\/div>\n<\/div><\/div><\/div><\/div><\/div>","protected":false},"excerpt":{"rendered":"<p>Z\u00fcnd Connect<\/p>\n","protected":false},"author":1,"featured_media":0,"parent":0,"menu_order":0,"comment_status":"closed","ping_status":"closed","template":"templates\/template-full-notitle.php","meta":{"footnotes":""},"class_list":["post-2194","page","type-page","status-publish","hentry","post"],"_links":{"self":[{"href":"https:\/\/www.neotec.cz\/zund\/wp-json\/wp\/v2\/pages\/2194","targetHints":{"allow":["GET"]}}],"collection":[{"href":"https:\/\/www.neotec.cz\/zund\/wp-json\/wp\/v2\/pages"}],"about":[{"href":"https:\/\/www.neotec.cz\/zund\/wp-json\/wp\/v2\/types\/page"}],"author":[{"embeddable":true,"href":"https:\/\/www.neotec.cz\/zund\/wp-json\/wp\/v2\/users\/1"}],"replies":[{"embeddable":true,"href":"https:\/\/www.neotec.cz\/zund\/wp-json\/wp\/v2\/comments?post=2194"}],"version-history":[{"count":49,"href":"https:\/\/www.neotec.cz\/zund\/wp-json\/wp\/v2\/pages\/2194\/revisions"}],"predecessor-version":[{"id":2775,"href":"https:\/\/www.neotec.cz\/zund\/wp-json\/wp\/v2\/pages\/2194\/revisions\/2775"}],"wp:attachment":[{"href":"https:\/\/www.neotec.cz\/zund\/wp-json\/wp\/v2\/media?parent=2194"}],"curies":[{"name":"wp","href":"https:\/\/api.w.org\/{rel}","templated":true}]}}