{"id":2255,"date":"2022-03-08T10:58:41","date_gmt":"2022-03-08T09:58:41","guid":{"rendered":"https:\/\/www.neotec.cz\/zund\/?page_id=2255"},"modified":"2024-02-26T14:35:52","modified_gmt":"2024-02-26T13:35:52","slug":"zpc","status":"publish","type":"page","link":"https:\/\/www.neotec.cz\/zund\/zpc\/","title":{"rendered":"ZPC"},"content":{"rendered":"<div id=\"pl-2255\"  class=\"panel-layout\" ><div id=\"pg-2255-0\"  class=\"panel-grid panel-no-style\" ><div id=\"pgc-2255-0-0\"  class=\"panel-grid-cell\" ><div id=\"panel-2255-0-0-0\" class=\"so-panel widget widget_sow-editor panel-first-child panel-last-child\" data-index=\"0\" ><div\n\t\t\t\n\t\t\tclass=\"so-widget-sow-editor so-widget-sow-editor-base\"\n\t\t\t\n\t\t>\n<div class=\"siteorigin-widget-tinymce textwidget\">\n\t<h2><strong>ZPC - Z\u00fcnd PreCut Center<\/strong><\/h2>\n<\/div>\n<\/div><\/div><\/div><\/div><div id=\"pg-2255-1\"  class=\"panel-grid panel-no-style\" ><div id=\"pgc-2255-1-0\"  class=\"panel-grid-cell\" ><div id=\"panel-2255-1-0-0\" class=\"so-panel widget widget_circleicon-widget panel-first-child panel-last-child\" data-index=\"1\" >\t\t<div class=\"circle-icon-box circle-icon-position-top circle-icon-hide-box circle-icon-size-large \">\n\t\t\t\t\t\t\t<div class=\"circle-icon-wrapper\">\n\t\t\t\t\t\t\t\t\t\t<a href=\"http:\/\/www.neotec.cz\/zund\/software\/\" class=\"link-icon\" >\t\t\t\t\t<div class=\"circle-icon icon-style-set\" style=\"background-image: url(http:\/\/www.neotec.cz\/zund\/wp-content\/uploads\/2016\/02\/ic-zcc.png);background-color: #eeeeee\">\n\t\t\t\t\t\t\t\t\t\t\t<\/div>\n\t\t\t\t\t<\/a>\t\t\t\t<\/div>\n\t\t\t\n\t\t\t\t\t\t\t<a href=\"http:\/\/www.neotec.cz\/zund\/software\/\" class=\"link-title\" >\n\t\t\t\t\t\t\t\t\t\t\t\t\t<\/a>\n\t\t\t\n\t\t\t\t\t\t\t\t\t\t<a\n\t\t\t\t\thref=\"http:\/\/www.neotec.cz\/zund\/software\/\"\n\t\t\t\t\tclass=\"more-button\"\n\t\t\t\t\t\t\t\t\t\t\t\t\t\t>\n\t\t\t\t\tZCC Sezn\u00e1men\u00ed <i><\/i>\n\t\t\t\t<\/a>\n\t\t\t\t\t<\/div>\n\t\t<\/div><\/div><div id=\"pgc-2255-1-1\"  class=\"panel-grid-cell\" ><div id=\"panel-2255-1-1-0\" class=\"so-panel widget widget_circleicon-widget panel-first-child panel-last-child\" data-index=\"2\" >\t\t<div class=\"circle-icon-box circle-icon-position-top circle-icon-hide-box circle-icon-size-large \">\n\t\t\t\t\t\t\t<div class=\"circle-icon-wrapper\">\n\t\t\t\t\t\t\t\t\t\t<a href=\"http:\/\/www.neotec.cz\/zund\/zccdet\/\" class=\"link-icon\" >\t\t\t\t\t<div class=\"circle-icon icon-style-set\" style=\"background-image: url(http:\/\/www.neotec.cz\/zund\/wp-content\/uploads\/2016\/02\/ic-zccdet.png);background-color: #eeeeee\">\n\t\t\t\t\t\t\t\t\t\t\t<\/div>\n\t\t\t\t\t<\/a>\t\t\t\t<\/div>\n\t\t\t\n\t\t\t\t\t\t\t<a href=\"http:\/\/www.neotec.cz\/zund\/zccdet\/\" class=\"link-title\" >\n\t\t\t\t\t\t\t\t\t\t\t\t\t<\/a>\n\t\t\t\n\t\t\t\t\t\t\t\t\t\t<a\n\t\t\t\t\thref=\"http:\/\/www.neotec.cz\/zund\/zccdet\/\"\n\t\t\t\t\tclass=\"more-button\"\n\t\t\t\t\t\t\t\t\t\t\t\t\t\t>\n\t\t\t\t\tZCC Edice <i><\/i>\n\t\t\t\t<\/a>\n\t\t\t\t\t<\/div>\n\t\t<\/div><\/div><div id=\"pgc-2255-1-2\"  class=\"panel-grid-cell\" ><div id=\"panel-2255-1-2-0\" class=\"so-panel widget widget_circleicon-widget panel-first-child panel-last-child\" data-index=\"3\" >\t\t<div class=\"circle-icon-box circle-icon-position-top circle-icon-hide-box circle-icon-size-large \">\n\t\t\t\t\t\t\t<div class=\"circle-icon-wrapper\">\n\t\t\t\t\t\t\t\t\t\t<a href=\"http:\/\/www.neotec.cz\/zund\/zccvidea\" class=\"link-icon\" >\t\t\t\t\t<div class=\"circle-icon icon-style-set\" style=\"background-image: url(http:\/\/www.neotec.cz\/zund\/wp-content\/uploads\/2016\/02\/ic_zccvideo.png);background-color: #eeeeee\">\n\t\t\t\t\t\t\t\t\t\t\t<\/div>\n\t\t\t\t\t<\/a>\t\t\t\t<\/div>\n\t\t\t\n\t\t\t\t\t\t\t<a href=\"http:\/\/www.neotec.cz\/zund\/zccvidea\" class=\"link-title\" >\n\t\t\t\t\t\t\t\t\t\t\t\t\t<\/a>\n\t\t\t\n\t\t\t\t\t\t\t\t\t\t<a\n\t\t\t\t\thref=\"http:\/\/www.neotec.cz\/zund\/zccvidea\"\n\t\t\t\t\tclass=\"more-button\"\n\t\t\t\t\t\t\t\t\t\t\t\t\t\t>\n\t\t\t\t\tZCC Videa <i><\/i>\n\t\t\t\t<\/a>\n\t\t\t\t\t<\/div>\n\t\t<\/div><\/div><div id=\"pgc-2255-1-3\"  class=\"panel-grid-cell\" ><div id=\"panel-2255-1-3-0\" class=\"so-panel widget widget_circleicon-widget panel-first-child panel-last-child\" data-index=\"4\" >\t\t<div class=\"circle-icon-box circle-icon-position-top circle-icon-hide-box circle-icon-size-large \">\n\t\t\t\t\t\t\t<div class=\"circle-icon-wrapper\">\n\t\t\t\t\t\t\t\t\t\t<a href=\"http:\/\/www.neotec.cz\/zund\/zcczc\" class=\"link-icon\" >\t\t\t\t\t<div class=\"circle-icon icon-style-set\" style=\"background-image: url(https:\/\/www.neotec.cz\/zund\/wp-content\/uploads\/2022\/03\/ic-zccZC.png);background-color: #eeeeee\">\n\t\t\t\t\t\t\t\t\t\t\t<\/div>\n\t\t\t\t\t<\/a>\t\t\t\t<\/div>\n\t\t\t\n\t\t\t\t\t\t\t<a href=\"http:\/\/www.neotec.cz\/zund\/zcczc\" class=\"link-title\" >\n\t\t\t\t\t\t\t\t\t\t\t\t\t<\/a>\n\t\t\t\n\t\t\t\t\t\t\t\t\t\t<a\n\t\t\t\t\thref=\"http:\/\/www.neotec.cz\/zund\/zcczc\"\n\t\t\t\t\tclass=\"more-button\"\n\t\t\t\t\t\t\t\t\t\t\t\t\t\t>\n\t\t\t\t\tZ\u00fcnd Connect <i><\/i>\n\t\t\t\t<\/a>\n\t\t\t\t\t<\/div>\n\t\t<\/div><\/div><div id=\"pgc-2255-1-4\"  class=\"panel-grid-cell\" ><div id=\"panel-2255-1-4-0\" class=\"so-panel widget widget_circleicon-widget panel-first-child panel-last-child\" data-index=\"5\" >\t\t<div class=\"circle-icon-box circle-icon-position-top circle-icon-hide-box circle-icon-size-large \">\n\t\t\t\t\t\t\t<div class=\"circle-icon-wrapper\">\n\t\t\t\t\t\t\t\t\t\t<div class=\"circle-icon icon-style-set\" style=\"background-image: url(https:\/\/www.neotec.cz\/zund\/wp-content\/uploads\/2022\/03\/zpc-1.png);background-color: #888888\">\n\t\t\t\t\t\t\t\t\t\t\t<\/div>\n\t\t\t\t\t\t\t\t\t<\/div>\n\t\t\t\n\t\t\t\t\t\t\t\t\t\n\t\t\t\t\t\t\t\t\t\t<a\n\t\t\t\t\thref=\"http:\/\/www.neotec.cz\/zund\/zpc\"\n\t\t\t\t\tclass=\"more-button\"\n\t\t\t\t\t\t\t\t\t\t\t\t\t\t>\n\t\t\t\t\tZPC <i><\/i>\n\t\t\t\t<\/a>\n\t\t\t\t\t<\/div>\n\t\t<\/div><\/div><div id=\"pgc-2255-1-5\"  class=\"panel-grid-cell\" ><div id=\"panel-2255-1-5-0\" class=\"so-panel widget widget_circleicon-widget panel-first-child panel-last-child\" data-index=\"6\" >\t\t<div class=\"circle-icon-box circle-icon-position-top circle-icon-hide-box circle-icon-size-large \">\n\t\t\t\t\t\t\t<div class=\"circle-icon-wrapper\">\n\t\t\t\t\t\t\t\t\t\t<a href=\"http:\/\/www.neotec.cz\/zund\/altsw\" class=\"link-icon\" >\t\t\t\t\t<div class=\"circle-icon icon-style-set\" style=\"background-image: url(http:\/\/www.neotec.cz\/zund\/wp-content\/uploads\/2016\/02\/ic-altsw-1.png);background-color: #eeeeee\">\n\t\t\t\t\t\t\t\t\t\t\t<\/div>\n\t\t\t\t\t<\/a>\t\t\t\t<\/div>\n\t\t\t\n\t\t\t\t\t\t\t<a href=\"http:\/\/www.neotec.cz\/zund\/altsw\" class=\"link-title\" >\n\t\t\t\t\t\t\t\t\t\t\t\t\t<\/a>\n\t\t\t\n\t\t\t\t\t\t\t\t\t\t<a\n\t\t\t\t\thref=\"http:\/\/www.neotec.cz\/zund\/altsw\"\n\t\t\t\t\tclass=\"more-button\"\n\t\t\t\t\t\t\t\t\t\t\t\t\t\t>\n\t\t\t\t\tDal\u0161\u00ed software <i><\/i>\n\t\t\t\t<\/a>\n\t\t\t\t\t<\/div>\n\t\t<\/div><\/div><\/div><div id=\"pg-2255-2\"  class=\"panel-grid panel-no-style\" ><div id=\"pgc-2255-2-0\"  class=\"panel-grid-cell\" ><div id=\"panel-2255-2-0-0\" class=\"so-panel widget widget_sow-editor panel-first-child panel-last-child\" data-index=\"7\" ><div\n\t\t\t\n\t\t\tclass=\"so-widget-sow-editor so-widget-sow-editor-base\"\n\t\t\t\n\t\t><h3 class=\"widget-title\">PreCut Center \u2013 ZPC jednoduch\u00e1 a efektivn\u00ed tvorba automaticky polohovan\u00fdch \u00faloh<\/h3>\n<div class=\"siteorigin-widget-tinymce textwidget\">\n\t<p>PreCut Center usnad\u0148uje p\u0159\u00edpravu a v\u00fdstup dat. V n\u011bkolika kroc\u00edch mohou u\u017eivatel\u00e9 vytv\u00e1\u0159et pln\u011b automaticky polohovan\u00e9 soubory \u00faloh a automatizovat tak datov\u00fd tok podle sv\u00fdch individu\u00e1ln\u00edch po\u017eadavk\u016f.<\/p>\n<\/div>\n<\/div><\/div><\/div><\/div><div id=\"pg-2255-3\"  class=\"panel-grid panel-no-style\" ><div id=\"pgc-2255-3-0\"  class=\"panel-grid-cell\" ><div id=\"panel-2255-3-0-0\" class=\"so-panel widget widget_sow-image panel-first-child\" data-index=\"8\" ><div\n\t\t\t\n\t\t\tclass=\"so-widget-sow-image so-widget-sow-image-default-c67d20f9f743-2255\"\n\t\t\t\n\t\t>\n\n<div class=\"sow-image-container\">\n\t\t<img loading=\"lazy\" decoding=\"async\" src=\"https:\/\/www.neotec.cz\/zund\/wp-content\/uploads\/2022\/03\/ZPC2.png\" width=\"700\" height=\"400\" srcset=\"https:\/\/www.neotec.cz\/zund\/wp-content\/uploads\/2022\/03\/ZPC2.png 700w, https:\/\/www.neotec.cz\/zund\/wp-content\/uploads\/2022\/03\/ZPC2-300x171.png 300w\" sizes=\"auto, (max-width: 700px) 100vw, 700px\" alt=\"ZPC-screenshot\" \t\tclass=\"so-widget-image\"\/>\n\t<\/div>\n\n<\/div><\/div><div id=\"panel-2255-3-0-1\" class=\"so-panel widget widget_sow-editor\" data-index=\"9\" ><div\n\t\t\t\n\t\t\tclass=\"so-widget-sow-editor so-widget-sow-editor-base\"\n\t\t\t\n\t\t><h3 class=\"widget-title\">P\u0159\u00ednosy<\/h3>\n<div class=\"siteorigin-widget-tinymce textwidget\">\n\t<p><strong>\u0160et\u0159\u00ed \u010das<\/strong><\/p>\n<p>PreCut Center kombinuje v\u0161echny kroky pot\u0159ebn\u00e9 pro p\u0159\u00edpravu dat v jednom softwaru. Soubory \u00faloh se p\u0159ipravuj\u00ed automaticky. Pou\u017eit\u00ed receptur zaji\u0161\u0165uje jednoduch\u00fd, opakovateln\u00fd pracovn\u00ed postup a minimalizuje mo\u017enost chyb.<\/p>\n<p>&nbsp;<\/p>\n<p><strong>Maximalizuje vyu\u017eit\u00ed materi\u00e1lu<\/strong><\/p>\n<p>Automatick\u00e9 polohov\u00e1n\u00ed\u00a0 \u0159ezan\u00fdch d\u00edl\u016f optim\u00e1ln\u011b vyu\u017e\u00edv\u00e1 v\u00e1\u0161 materi\u00e1l a minimalizuje odpad. Vyu\u017e\u00edv\u00e1 inteligentn\u00ed polohovac\u00ed algoritmy.<\/p>\n<p>&nbsp;<\/p>\n<p><strong>Minimalizuje manu\u00e1ln\u00ed obsluhu<\/strong><\/p>\n<p>D\u00edky recept\u016fm je proces generov\u00e1n\u00ed \u00fapln\u00fdch soubor\u016f \u00faloh jednoduch\u00fd a opakovateln\u00fd. To sni\u017euje ru\u010dn\u00ed z\u00e1sahy na naprost\u00e9 minimum.<\/p>\n<p>&nbsp;<\/p>\n<p><strong>Zaji\u0161\u0165uje maxim\u00e1ln\u00ed kompatibilitu<\/strong><\/p>\n<p>PreCut Center se hladce integruje do st\u00e1vaj\u00edc\u00edch pracovn\u00edch postup\u016f. Standardizovan\u00e1 a otev\u0159en\u00e1 rozhran\u00ed, stejn\u011b jako mo\u017enost pr\u00e1ce s rychl\u00fdmi slo\u017ekami, poskytuj\u00ed maxim\u00e1ln\u00ed kompatibilitu. PreCut Center na\u010d\u00edt\u00e1 standardn\u00ed form\u00e1ty soubor\u016f, jako je .dxf nebo .csv.<\/p>\n<p>&nbsp;<\/p>\n<p><strong>Odstra\u0148uje zdroje chyb<\/strong><\/p>\n<p>Recepty, kter\u00e9 jsou v podstat\u011b \u201en\u00e1vody na sestaven\u00ed\u201c pro vytv\u00e1\u0159en\u00ed \u0159ezan\u00fdch obr\u00e1zk\u016f, zaji\u0161\u0165uj\u00ed opakovatelnost procesu za v\u0161ech okolnost\u00ed, a t\u00edm spolehliv\u011b minimalizuj\u00ed mo\u017enost chyby. Receptury obsahuj\u00ed v\u0161echny relevantn\u00ed parametry zak\u00e1zky, jako je definice materi\u00e1lu, parametry importu\/exportu, konfigurace polohov\u00e1n\u00ed atd.<\/p>\n<p>&nbsp;<\/p>\n<\/div>\n<\/div><\/div><div id=\"panel-2255-3-0-2\" class=\"so-panel widget widget_sow-image\" data-index=\"10\" ><div\n\t\t\t\n\t\t\tclass=\"so-widget-sow-image so-widget-sow-image-default-c67d20f9f743-2255\"\n\t\t\t\n\t\t>\n\n<div class=\"sow-image-container\">\n\t\t<img loading=\"lazy\" decoding=\"async\" src=\"https:\/\/www.neotec.cz\/zund\/wp-content\/uploads\/2022\/03\/ZPC3.png\" width=\"894\" height=\"447\" srcset=\"https:\/\/www.neotec.cz\/zund\/wp-content\/uploads\/2022\/03\/ZPC3.png 894w, https:\/\/www.neotec.cz\/zund\/wp-content\/uploads\/2022\/03\/ZPC3-300x150.png 300w, https:\/\/www.neotec.cz\/zund\/wp-content\/uploads\/2022\/03\/ZPC3-768x384.png 768w\" sizes=\"auto, (max-width: 894px) 100vw, 894px\" alt=\"ZPC - schema\" \t\tclass=\"so-widget-image\"\/>\n\t<\/div>\n\n<\/div><\/div><div id=\"panel-2255-3-0-3\" class=\"so-panel widget widget_sow-editor\" data-index=\"11\" ><div\n\t\t\t\n\t\t\tclass=\"so-widget-sow-editor so-widget-sow-editor-base\"\n\t\t\t\n\t\t><h3 class=\"widget-title\">Kl\u00ed\u010dov\u00e9 funkce<\/h3>\n<div class=\"siteorigin-widget-tinymce textwidget\">\n\t<p><strong>Import dat<\/strong><\/p>\n<p>\u0158ezan\u00e9 kontury a strukturovan\u00e1 data zak\u00e1zek se importuj\u00ed po stisknut\u00ed tla\u010d\u00edtka nebo zcela automaticky. To zrychl\u00ed va\u0161e procesy a minimalizuje po\u010det manu\u00e1ln\u00edch krok\u016f p\u0159i p\u0159\u00edprav\u011b produk\u010dn\u00edch dat.<\/p>\n<p>&nbsp;<\/p>\n<p><strong>Definice vlastn\u00edch importn\u00edch filtr\u016f<\/strong><\/p>\n<p>Z\u00fcnd PreCut Center se p\u0159izp\u016fsob\u00ed va\u0161\u00ed datov\u00e9 struktu\u0159e. Software je otev\u0159en\u00fd a p\u0159izp\u016fsobiteln\u00fd datov\u00fdm struktur\u00e1m ka\u017ed\u00e9ho z\u00e1kazn\u00edka. Importn\u00ed filtry lze flexibiln\u011b konfigurovat a umo\u017e\u0148uj\u00ed bezprobl\u00e9movou integraci generov\u00e1n\u00ed \u0159ezac\u00edch \u00faloh do va\u0161eho pracovn\u00edho postupu.<\/p>\n<p>&nbsp;<\/p>\n<p><strong>Recepty<\/strong><\/p>\n<p>Recepty jsou v podstat\u011b \"pokyny k sestaven\u00ed\", kter\u00e9 ur\u010duj\u00ed, jak se p\u0159ipravuj\u00ed soubory \u00faloh. Zahrnuj\u00ed informace o materi\u00e1lu, parametrech importu a exportu, konfiguraci polohov\u00e1n\u00ed, v\u00fdstupn\u00ed parametry atd. Pou\u017eit\u00ed t\u011bchto receptur umo\u017e\u0148uje snadno opakovat proces vytv\u00e1\u0159en\u00ed dat zak\u00e1zky a pom\u00e1h\u00e1 p\u0159edch\u00e1zet chyb\u00e1m p\u0159i p\u0159\u00edprav\u011b dat.<\/p>\n<p>&nbsp;<\/p>\n<p><strong>Meta data<\/strong><\/p>\n<p>Z\u00fcnd PreCut Center nab\u00edz\u00ed mo\u017enost integrace vybran\u00fdch metadat do v\u00fdstupn\u00edho souboru. Tyto dodate\u010dn\u00e9 informace jsou p\u0159i\u0159azeny k jednotliv\u00fdm \u0159ezan\u00fdm obrys\u016fm a mohou zahrnovat datum expirace materi\u00e1lu, sekvenci \u0159ez\u016f, identifikaci d\u00edlu nebo p\u0159i\u0159azen\u00ed \u0159ezan\u00e9ho d\u00edlu k objedn\u00e1vce.<\/p>\n<p>&nbsp;<\/p>\n<p><strong>Export dat<\/strong><\/p>\n<p>Z\u00fcnd PreCut Center v\u00e1m umo\u017e\u0148uje exportovat soubor \u00falohy ve form\u00e1tu .dxf nebo .zcc. V z\u00e1vislosti na individu\u00e1ln\u00edm toku dat lze soubor zak\u00e1zky tak\u00e9 exportovat p\u0159\u00edmo do fronty \u00faloh (Cut Queue - modul pro pl\u00e1nov\u00e1n\u00ed v\u00fdroby, kter\u00fd je sou\u010d\u00e1st\u00ed procesn\u00edho softwaru\u00a0 Z\u00fcnd Cut Center \u2013 ZCC).<\/p>\n<\/div>\n<\/div><\/div><div id=\"panel-2255-3-0-4\" class=\"so-panel widget widget_sow-editor panel-last-child\" data-index=\"12\" ><div\n\t\t\t\n\t\t\tclass=\"so-widget-sow-editor so-widget-sow-editor-base\"\n\t\t\t\n\t\t><h3 class=\"widget-title\">Verze programu ZPC<\/h3>\n<div class=\"siteorigin-widget-tinymce textwidget\">\n\t\n<table id=\"tablepress-1\" class=\"tablepress tablepress-id-1\">\n<thead>\n<tr class=\"row-1\">\n\t<th class=\"column-1\">Mo\u017enost<\/th><th class=\"column-2\"> ZPC Basic<\/th><th class=\"column-3\">ZPC Pro<\/th>\n<\/tr>\n<\/thead>\n<tbody class=\"row-striping row-hover\">\n<tr class=\"row-2\">\n\t<td class=\"column-1\">Manu\u00e1ln\u00ed import \u0159ezan\u00fdch tvar\u016f (DXF, ZCC, atd.)<\/td><td class=\"column-2\">\u2714<\/td><td class=\"column-3\">\u2714<\/td>\n<\/tr>\n<tr class=\"row-3\">\n\t<td class=\"column-1\">Vytv\u00e1\u0159en\u00ed vlastn\u00edch recept\u016f<\/td><td class=\"column-2\">\u2714<\/td><td class=\"column-3\">\u2714<\/td>\n<\/tr>\n<tr class=\"row-4\">\n\t<td class=\"column-1\">Automatick\u00e9 polohov\u00e1n\u00ed<\/td><td class=\"column-2\">\u2714<\/td><td class=\"column-3\">\u2714<\/td>\n<\/tr>\n<tr class=\"row-5\">\n\t<td class=\"column-1\">Definice metadat (datum, po\u0159ad\u00ed, materi\u00e1l, atd.)<\/td><td class=\"column-2\">\u2714<\/td><td class=\"column-3\">\u2714<\/td>\n<\/tr>\n<tr class=\"row-6\">\n\t<td class=\"column-1\">Export \u00faloh p\u0159\u00edmo do ZCC CutQueue nebo do form\u00e1t\u016f DXF\/ZCC<\/td><td class=\"column-2\">\u2714<\/td><td class=\"column-3\">\u2714<\/td>\n<\/tr>\n<tr class=\"row-7\">\n\t<td class=\"column-1\">Automatick\u00fd import \u0159ezan\u00fdch tvar\u016f ze slo\u017eek<\/td><td class=\"column-2\"><\/td><td class=\"column-3\">\u2714<\/td>\n<\/tr>\n<tr class=\"row-8\">\n\t<td class=\"column-1\">Automatick\u00fd import dat strukturovan\u00fdch objedn\u00e1vek<\/td><td class=\"column-2\"><\/td><td class=\"column-3\">\u2714<\/td>\n<\/tr>\n<tr class=\"row-9\">\n\t<td class=\"column-1\">Definice vlastn\u00edch importn\u00edch filtr\u016f<\/td><td class=\"column-2\"><\/td><td class=\"column-3\">\u2714<\/td>\n<\/tr>\n<tr class=\"row-10\">\n\t<td class=\"column-1\">Automatick\u00e9 generov\u00e1n\u00ed \u0159ezan\u00fdch \u00faloh<\/td><td class=\"column-2\"><\/td><td class=\"column-3\">\u2714<\/td>\n<\/tr>\n<tr class=\"row-11\">\n\t<td class=\"column-1\">Po\u010det sou\u010dasn\u011b pracuj\u00edc\u00edch u\u017eivatel\u016f<\/td><td class=\"column-2\">1<\/td><td class=\"column-3\">1<\/td>\n<\/tr>\n<\/tbody>\n<\/table>\n<!-- #tablepress-1 from cache -->\n<\/div>\n<\/div><\/div><\/div><\/div><\/div>","protected":false},"excerpt":{"rendered":"<p>ZPC &#8211; Z\u00fcnd PreCut Center<\/p>\n","protected":false},"author":1,"featured_media":0,"parent":0,"menu_order":0,"comment_status":"closed","ping_status":"closed","template":"templates\/template-full-notitle.php","meta":{"footnotes":""},"class_list":["post-2255","page","type-page","status-publish","hentry","post"],"_links":{"self":[{"href":"https:\/\/www.neotec.cz\/zund\/wp-json\/wp\/v2\/pages\/2255","targetHints":{"allow":["GET"]}}],"collection":[{"href":"https:\/\/www.neotec.cz\/zund\/wp-json\/wp\/v2\/pages"}],"about":[{"href":"https:\/\/www.neotec.cz\/zund\/wp-json\/wp\/v2\/types\/page"}],"author":[{"embeddable":true,"href":"https:\/\/www.neotec.cz\/zund\/wp-json\/wp\/v2\/users\/1"}],"replies":[{"embeddable":true,"href":"https:\/\/www.neotec.cz\/zund\/wp-json\/wp\/v2\/comments?post=2255"}],"version-history":[{"count":41,"href":"https:\/\/www.neotec.cz\/zund\/wp-json\/wp\/v2\/pages\/2255\/revisions"}],"predecessor-version":[{"id":2773,"href":"https:\/\/www.neotec.cz\/zund\/wp-json\/wp\/v2\/pages\/2255\/revisions\/2773"}],"wp:attachment":[{"href":"https:\/\/www.neotec.cz\/zund\/wp-json\/wp\/v2\/media?parent=2255"}],"curies":[{"name":"wp","href":"https:\/\/api.w.org\/{rel}","templated":true}]}}