{"id":2367,"date":"2023-05-04T09:28:37","date_gmt":"2023-05-04T08:28:37","guid":{"rendered":"https:\/\/www.neotec.cz\/zund\/?page_id=2367"},"modified":"2026-03-27T14:33:57","modified_gmt":"2026-03-27T13:33:57","slug":"zkusebni-stranka-2","status":"publish","type":"page","link":"https:\/\/www.neotec.cz\/zund\/","title":{"rendered":"\u00davod"},"content":{"rendered":"<div id=\"pl-2367\"  class=\"panel-layout\" ><div id=\"pg-2367-0\"  class=\"panel-grid panel-no-style\" ><div id=\"pgc-2367-0-0\"  class=\"panel-grid-cell\" ><div id=\"panel-2367-0-0-0\" class=\"so-panel widget widget_sow-editor panel-first-child panel-last-child\" data-index=\"0\" ><div\n\t\t\t\n\t\t\tclass=\"so-widget-sow-editor so-widget-sow-editor-base\"\n\t\t\t\n\t\t>\n<div class=\"siteorigin-widget-tinymce textwidget\">\n\t<h1>Firma Z\u00fcnd vyr\u00e1b\u00ed sv\u00e9 \u0159ezac\u00ed plotry v t\u011bchto modelov\u00fdch \u0159ad\u00e1ch:<\/h1>\n<h2><\/h2>\n<h3><\/h3>\n<\/div>\n<\/div><\/div><\/div><\/div><div id=\"pg-2367-1\"  class=\"panel-grid panel-no-style\" ><div id=\"pgc-2367-1-0\"  class=\"panel-grid-cell\" ><div id=\"panel-2367-1-0-0\" class=\"so-panel widget widget_circleicon-widget panel-first-child panel-last-child\" data-index=\"1\" >\t\t<div class=\"circle-icon-box circle-icon-position-top circle-icon-hide-box circle-icon-size-large \">\n\t\t\t\t\t\t\t<div class=\"circle-icon-wrapper\">\n\t\t\t\t\t\t\t\t\t\t<a href=\"http:\/\/www.neotec.cz\/zund\/g3seznam\/\" class=\"link-icon\" >\t\t\t\t\t<div class=\"circle-icon icon-style-set\" style=\"background-image: url(http:\/\/www.neotec.cz\/zund\/wp-content\/uploads\/2016\/02\/ic-g3.png);background-color: #dddddd\">\n\t\t\t\t\t\t\t\t\t\t\t<\/div>\n\t\t\t\t\t<\/a>\t\t\t\t<\/div>\n\t\t\t\n\t\t\t\t\t\t\t<a href=\"http:\/\/www.neotec.cz\/zund\/g3seznam\/\" class=\"link-title\" >\n\t\t\t\t\t\t\t\t\t\t<h4 >\n\t\t\t\t\t\u0158ezac\u00ed plotry G3\t\t\t\t<\/h4>\n\t\t\t\t\t\t\t\t\t\t<\/a>\n\t\t\t\n\t\t\t\t\t\t\t<p class=\"text\" >Rychlost, p\u0159esnost, perfektn\u00ed kvalita \u0159ezu, modularita a snadn\u00e1 roz\u0161i\u0159itelnost, vysok\u00e1 spolehlivost, mo\u017enost zpracov\u00e1vat \u0161irok\u00e9 spektrum materi\u00e1l\u016f o tlou\u0161\u0165ce a\u017e 110 mm v z\u00e1vislosti na konfiguraci \u0159ezac\u00edho plotru, minim\u00e1ln\u00ed n\u00e1klady na \u00fadr\u017ebu - to v\u0161e, a nejen to, d\u011bl\u00e1 z tohoto za\u0159\u00edzen\u00ed ide\u00e1ln\u00ed v\u00fdrobn\u00ed n\u00e1stroj pro pr\u016fmyslov\u00e9 nasazen\u00ed 24\/7.<\/p>\n\t\t\t\t\t\t\t\t\t\t<a\n\t\t\t\t\thref=\"http:\/\/www.neotec.cz\/zund\/g3seznam\/\"\n\t\t\t\t\tclass=\"more-button\"\n\t\t\t\t\t\t\t\t\t\t\t\t\t\t>\n\t\t\t\t\tZjist\u011bte v\u00edce... <i><\/i>\n\t\t\t\t<\/a>\n\t\t\t\t\t<\/div>\n\t\t<\/div><\/div><div id=\"pgc-2367-1-1\"  class=\"panel-grid-cell\" ><div id=\"panel-2367-1-1-0\" class=\"so-panel widget widget_circleicon-widget panel-first-child panel-last-child\" data-index=\"2\" >\t\t<div class=\"circle-icon-box circle-icon-position-top circle-icon-hide-box circle-icon-size-large \">\n\t\t\t\t\t\t\t<div class=\"circle-icon-wrapper\">\n\t\t\t\t\t\t\t\t\t\t<a href=\"http:\/\/www.neotec.cz\/zund\/S3seznam\/\" class=\"link-icon\" >\t\t\t\t\t<div class=\"circle-icon icon-style-set\" style=\"background-image: url(http:\/\/www.neotec.cz\/zund\/wp-content\/uploads\/2016\/02\/ic-s3.png);background-color: #dddddd\">\n\t\t\t\t\t\t\t\t\t\t\t<\/div>\n\t\t\t\t\t<\/a>\t\t\t\t<\/div>\n\t\t\t\n\t\t\t\t\t\t\t<a href=\"http:\/\/www.neotec.cz\/zund\/S3seznam\/\" class=\"link-title\" >\n\t\t\t\t\t\t\t\t\t\t<h4 >\n\t\t\t\t\t\u0158ezac\u00ed plotry S3\t\t\t\t<\/h4>\n\t\t\t\t\t\t\t\t\t\t<\/a>\n\t\t\t\n\t\t\t\t\t\t\t<p class=\"text\" >Super rychl\u00e9, p\u0159itom p\u0159esn\u00e9 a kompaktn\u00ed \u0159ezac\u00ed plotry \u0159ady S3  - konfiguraci plotru lze kdykoli m\u011bnit, roz\u0161i\u0159ovat a upgradovat. Modul\u00e1rn\u00ed syst\u00e9m n\u00e1stroj\u016f umo\u017e\u0148uje zpracov\u00e1n\u00ed \u0161irok\u00e9 \u0161k\u00e1ly materi\u00e1l\u016f a\u017e do maxim\u00e1ln\u00ed tlou\u0161\u0165ky 25 mm. R\u016fzn\u00e9 mo\u017enosti automatizovan\u00e9 manipulace s materi\u00e1lem d\u011blaj\u00ed z typu S3  dokonal\u00fd v\u0161estrann\u00fd v\u00fdrobn\u00ed syst\u00e9m.<\/p>\n\t\t\t\t\t\t\t\t\t\t<a\n\t\t\t\t\thref=\"http:\/\/www.neotec.cz\/zund\/S3seznam\/\"\n\t\t\t\t\tclass=\"more-button\"\n\t\t\t\t\t\t\t\t\t\t\t\t\t\t>\n\t\t\t\t\tZjist\u011bte v\u00edce... <i><\/i>\n\t\t\t\t<\/a>\n\t\t\t\t\t<\/div>\n\t\t<\/div><\/div><div id=\"pgc-2367-1-2\"  class=\"panel-grid-cell\" ><div id=\"panel-2367-1-2-0\" class=\"so-panel widget widget_circleicon-widget panel-first-child panel-last-child\" data-index=\"3\" >\t\t<div class=\"circle-icon-box circle-icon-position-top circle-icon-hide-box circle-icon-size-large \">\n\t\t\t\t\t\t\t<div class=\"circle-icon-wrapper\">\n\t\t\t\t\t\t\t\t\t\t<a href=\"http:\/\/www.neotec.cz\/zund\/d3seznam\/\" class=\"link-icon\" >\t\t\t\t\t<div class=\"circle-icon icon-style-set\" style=\"background-image: url(http:\/\/www.neotec.cz\/zund\/wp-content\/uploads\/2016\/02\/ic-d3.png);background-color: #dddddd\">\n\t\t\t\t\t\t\t\t\t\t\t<\/div>\n\t\t\t\t\t<\/a>\t\t\t\t<\/div>\n\t\t\t\n\t\t\t\t\t\t\t<a href=\"http:\/\/www.neotec.cz\/zund\/d3seznam\/\" class=\"link-title\" >\n\t\t\t\t\t\t\t\t\t\t<h4 >\n\t\t\t\t\t\u0158ezac\u00ed plotry D3\t\t\t\t<\/h4>\n\t\t\t\t\t\t\t\t\t\t<\/a>\n\t\t\t\n\t\t\t\t\t\t\t<p class=\"text\" >Plotry t\u00e9to v\u00fdvojov\u011b nejnov\u011bj\u0161\u00ed \u0159ady charakterizuj\u00ed stejn\u00e9 vlastnosti jako \u0159adu G3, ze kter\u00e9 ostatn\u011b i poch\u00e1zej\u00ed, jedn\u00e1 se vlastn\u011b o dva plotry G3 s jedn\u00edm stolem.  D\u00edky dv\u011bma most\u016fm a jejich efektivn\u00edmu \u0159\u00edzen\u00ed je\u0161t\u011b d\u00e1le zvy\u0161uj\u00ed rychlost zpracov\u00e1n\u00ed dan\u00e9 \u0159ezac\u00ed \u00falohy.<\/p>\n\t\t\t\t\t\t\t\t\t\t<a\n\t\t\t\t\thref=\"http:\/\/www.neotec.cz\/zund\/d3seznam\/\"\n\t\t\t\t\tclass=\"more-button\"\n\t\t\t\t\t\t\t\t\t\t\t\t\t\t>\n\t\t\t\t\tZjist\u011bte v\u00edce... <i><\/i>\n\t\t\t\t<\/a>\n\t\t\t\t\t<\/div>\n\t\t<\/div><\/div><\/div><div id=\"pg-2367-2\"  class=\"panel-grid panel-no-style\" ><div id=\"pgc-2367-2-0\"  class=\"panel-grid-cell panel-grid-cell-empty\" ><\/div><div id=\"pgc-2367-2-1\"  class=\"panel-grid-cell\" ><div id=\"panel-2367-2-1-0\" class=\"so-panel widget widget_circleicon-widget panel-first-child panel-last-child\" data-index=\"4\" >\t\t<div class=\"circle-icon-box circle-icon-position-top circle-icon-hide-box circle-icon-size-large \">\n\t\t\t\t\t\t\t<div class=\"circle-icon-wrapper\">\n\t\t\t\t\t\t\t\t\t\t<a href=\"https:\/\/www.neotec.cz\/zund\/qseznam\/\" class=\"link-icon\" >\t\t\t\t\t<div class=\"circle-icon icon-style-set\" style=\"background-image: url(https:\/\/www.neotec.cz\/zund\/wp-content\/uploads\/2023\/05\/ic-q1.png);background-color: #dddddd\">\n\t\t\t\t\t\t\t\t\t\t\t<\/div>\n\t\t\t\t\t<\/a>\t\t\t\t<\/div>\n\t\t\t\n\t\t\t\t\t\t\t<a href=\"https:\/\/www.neotec.cz\/zund\/qseznam\/\" class=\"link-title\" >\n\t\t\t\t\t\t\t\t\t\t<h4 style=\"color: #dd3333\">\n\t\t\t\t\t\u0158ezac\u00ed plotry Q-Line\t\t\t\t<\/h4>\n\t\t\t\t\t\t\t\t\t\t<\/a>\n\t\t\t\n\t\t\t\t\t\t\t<p class=\"text\" >Jsou speci\u00e1ln\u011b ur\u010deny pro po\u017eadavky vysoce automatizovan\u00e9ho pr\u016fmyslov\u00e9ho  zpracov\u00e1n\u00ed obalov\u00fdch deskov\u00fdch materi\u00e1l\u016f. Jednotliv\u00e9 komponenty - podava\u010d desek s UNDERCAM,  nov\u00e1 generace \u0159ezac\u00edho plotru Q-Line a vykl\u00e1dac\u00ed jednotka - jsou optim\u00e1ln\u011b slad\u011bny a poskytuj\u00ed d\u0159\u00edve  nedosa\u017eitelnou \u00farove\u0148 produktivity. <\/p>\n\t\t\t\t\t\t\t\t\t\t<a\n\t\t\t\t\thref=\"https:\/\/www.neotec.cz\/zund\/qseznam\/\"\n\t\t\t\t\tclass=\"more-button\"\n\t\t\t\t\t\t\t\t\t\t\t\t\t\t>\n\t\t\t\t\tZjist\u011bte v\u00edce... <i><\/i>\n\t\t\t\t<\/a>\n\t\t\t\t\t<\/div>\n\t\t<\/div><\/div><div id=\"pgc-2367-2-2\"  class=\"panel-grid-cell panel-grid-cell-mobile-last\" ><div id=\"panel-2367-2-2-0\" class=\"so-panel widget widget_circleicon-widget panel-first-child panel-last-child\" data-index=\"5\" >\t\t<div class=\"circle-icon-box circle-icon-position-top circle-icon-hide-box circle-icon-size-large \">\n\t\t\t\t\t\t\t<div class=\"circle-icon-wrapper\">\n\t\t\t\t\t\t\t\t\t\t<a href=\"http:\/\/www.neotec.cz\/zund\/l3seznam\/\" class=\"link-icon\" >\t\t\t\t\t<div class=\"circle-icon icon-style-set\" style=\"background-image: url(http:\/\/www.neotec.cz\/zund\/wp-content\/uploads\/2016\/02\/ic-l3.png);background-color: #dddddd\">\n\t\t\t\t\t\t\t\t\t\t\t<\/div>\n\t\t\t\t\t<\/a>\t\t\t\t<\/div>\n\t\t\t\n\t\t\t\t\t\t\t<a href=\"http:\/\/www.neotec.cz\/zund\/l3seznam\/\" class=\"link-title\" >\n\t\t\t\t\t\t\t\t\t\t<h4 >\n\t\t\t\t\t\u0158ezac\u00ed plotry L3\t\t\t\t<\/h4>\n\t\t\t\t\t\t\t\t\t\t<\/a>\n\t\t\t\n\t\t\t\t\t\t\t<p class=\"text\" >Plotry t\u00e9to \u0159ady jsou ur\u010deny pro efektivn\u00ed zpracov\u00e1n\u00ed k\u016f\u017ee, ov\u0161em p\u0159i zachov\u00e1n\u00ed flexibility a modularity umo\u017e\u0148uj\u00edc\u00ed zpracov\u00e1vat i dal\u0161\u00ed materi\u00e1ly (nap\u0159. \u0161ablonov\u00e9 materi\u00e1ly). Konfigurace m\u016f\u017ee b\u00fdt roz\u0161\u00ed\u0159ena i o jednotky pro zpracov\u00e1n\u00ed rolov\u00fdch materi\u00e1l\u016f.<\/p>\n\t\t\t\t\t\t\t\t\t\t<a\n\t\t\t\t\thref=\"http:\/\/www.neotec.cz\/zund\/l3seznam\/\"\n\t\t\t\t\tclass=\"more-button\"\n\t\t\t\t\t\t\t\t\t\t\t\t\t\t>\n\t\t\t\t\tZjist\u011bte v\u00edce... <i><\/i>\n\t\t\t\t<\/a>\n\t\t\t\t\t<\/div>\n\t\t<\/div><\/div><div id=\"pgc-2367-2-3\"  class=\"panel-grid-cell panel-grid-cell-empty\" ><\/div><\/div><div id=\"pg-2367-3\"  class=\"panel-grid panel-no-style\" ><div id=\"pgc-2367-3-0\"  class=\"panel-grid-cell\" ><div id=\"panel-2367-3-0-0\" class=\"so-panel widget widget_sow-editor panel-first-child panel-last-child\" data-index=\"6\" ><div\n\t\t\t\n\t\t\tclass=\"so-widget-sow-editor so-widget-sow-editor-base\"\n\t\t\t\n\t\t>\n<div class=\"siteorigin-widget-tinymce textwidget\">\n\t<hr \/>\n<h1><big><strong>Novinky<\/strong><\/big><\/h1>\n<h6><strong>Z\u00fcnd na veletrhu FESPA 2026: Spolehlivost. V\u0161estrannost. P\u0159ipravenost na v\u0161e.<\/strong><\/h6>\n<p>Na veletrhu FESPA Global Print Expo 2026 v Barcelon\u011b (19.\u201322. kv\u011btna) p\u0159edstav\u00ed spole\u010dnost Z\u00fcnd \u0159e\u0161en\u00ed pro digit\u00e1ln\u00ed \u0159ez\u00e1n\u00ed, kter\u00e1 vynikaj\u00ed mimo\u0159\u00e1dnou spolehlivost\u00ed, flexibilitou a v\u0161estrannost\u00ed v \u0161irok\u00e9 \u0161k\u00e1le aplikac\u00ed. <a href=\"https:\/\/www.neotec.cz\/zund\/fespa26\/\">V\u00edce informac\u00ed...<\/a><\/p>\n<p>&nbsp;<\/p>\n<h6><strong>Inteligentn\u00ed a efektivn\u00ed \u0159ez\u00e1n\u00ed textili\u00ed pro ka\u017ed\u00e9 pou\u017eit\u00ed \u2013 Z\u00fcnd na veletrhu Texprocess 2026<\/strong><\/h6>\n<p>Z\u00fcnd bude vystavovat 21. a\u017e 24.dubna na veletrhu Texprocess ve Frankfurtu nad Mohanem. Firma Z\u00fcnd prezentuje v hale 8, st\u00e1nek D78 efektivn\u00ed \u0159e\u0161en\u00ed z praxe pro automatizovan\u00e9 \u0159ez\u00e1n\u00ed \u2013 od optick\u00e9ho sn\u00edm\u00e1n\u00ed a digit\u00e1ln\u00edch workflow a\u017e po nov\u00e9 funkce pro specifick\u00e9 aplikace. <a href=\"https:\/\/www.neotec.cz\/zund\/texprocess26\/\">V\u00edce informac\u00ed...<\/a><\/p>\n<p>&nbsp;<\/p>\n<h6><strong>Ukon\u010den\u00ed prodeje n\u00e1hradn\u00edch d\u00edl\u016f pro \u0159ezac\u00ed plotry Z\u00fcnd \u0159ady PN<\/strong><\/h6>\n<p>Dovolujeme si V\u00e1s informovat o rozhodnut\u00ed v\u00fdrobce definitivn\u011b ukon\u010dit prodej n\u00e1hradn\u00edch d\u00edl\u016f pro \u0159ezac\u00ed plotry \u0159ady PN k 30.lednu 2026. <a href=\"https:\/\/www.neotec.cz\/zund\/podporapnfinish\/\">V\u00edce informac\u00ed...<\/a><\/p>\n<p>&nbsp;<\/p>\n<h6><strong>Automatizace a AI \u2013 Z\u00fcnd a jeho partne\u0159i m\u011bn\u00ed pravidla zpracov\u00e1n\u00ed k\u016f\u017ee<\/strong><\/h6>\n<p>Spole\u010dnost Z\u00fcnd Systemtechnik AG, p\u0159edn\u00ed poskytovatel digit\u00e1ln\u00edch \u0159ezac\u00edch \u0159e\u0161en\u00ed, nastavuje nov\u00e9 ve vysoce automatizovan\u00e9m a integrovan\u00e9m \u0159ez\u00e1n\u00ed k\u016f\u017ee. Na veletrhu Simac Tanning Tech 2025 p\u0159edstav\u00ed spolu se sv\u00fdmi partnery \u0159e\u0161en\u00ed Captura Workflow. <a href=\"https:\/\/www.neotec.cz\/zund\/capturaworkflow\/\">V\u00edce informac\u00ed...<\/a><\/p>\n<p>&nbsp;<\/p>\n<h6><strong>Z\u00fcnd na SAMAB 2025<\/strong><\/h6>\n<p>Spole\u010dnost Z\u00fcnd Systemtechnik AG, p\u0159edn\u00ed poskytovatel digit\u00e1ln\u00edch \u0159ezac\u00edch \u0159e\u0161en\u00ed, p\u0159edstav\u00ed sv\u00e9 inovativn\u00ed kompletn\u00ed syst\u00e9my pro \u0159ez\u00e1n\u00ed textilu na veletrhu SAMAB 2025 v Mil\u00e1n\u011b ve dnech 27.\u201329. kv\u011btna. \u0160v\u00fdcarsk\u00e1 spole\u010dnost zde uk\u00e1\u017ee \u0159e\u0161en\u00ed dokonale p\u0159izp\u016fsoben\u00e1 aktu\u00e1ln\u00edm v\u00fdzv\u00e1m m\u00f3dn\u00edho pr\u016fmyslu. <a href=\"https:\/\/www.neotec.cz\/zund\/samab25\/\">V\u00edce informac\u00ed...<\/a><\/p>\n<p>&nbsp;<\/p>\n<h6><strong>Z\u00fcnd na JEC World 2025<\/strong><\/h6>\n<p>Od 4. do 6. b\u0159ezna bude Z\u00fcnd prezentovat inovativn\u00ed \u0159e\u0161en\u00ed pro digit\u00e1ln\u00ed \u0159ez\u00e1n\u00ed na JEC World v Pa\u0159\u00ed\u017ei. Na st\u00e1nku S57 v hale 5 p\u0159edstav\u00ed kompletn\u00edch \u0159e\u0161en\u00ed pro automatizovan\u00e9 zpracov\u00e1n\u00ed kompozit\u016f, kter\u00e9 bezprobl\u00e9mov\u011b integruj\u00ed v\u00fdrobn\u00ed procesy, od p\u0159\u00edpravy soubor\u016f a\u017e po manipulaci s d\u00edly a logistiku. <a href=\"https:\/\/www.neotec.cz\/zund\/jecworld25\/\">V\u00edce informac\u00ed...<\/a><\/p>\n<p>&nbsp;<\/p>\n<h6><strong>Z\u00fcnd na Texprocess 2024<\/strong><\/h6>\n<p>Z\u00fcnd bude vystavovat 23. a\u017e 26.dubna na veletrhu Texprocess ve Frankfurtu nad Mohanem. Spole\u010dnost Z\u00fcnd vytvo\u0159ila pracovn\u00ed postup pro nejmodern\u011bj\u0161\u00ed digit\u00e1ln\u00ed \u0159ez\u00e1n\u00ed textilu, kter\u00fd za\u010d\u00edn\u00e1 dlouho p\u0159edt\u00edm, ne\u017e dojde k vlastn\u00edmu \u0159ez\u00e1n\u00ed, a neskon\u010d\u00ed, dokud nen\u00ed \u0159ez\u00e1n\u00ed dokon\u010deno. <a href=\"https:\/\/www.neotec.cz\/zund\/texprocess24\/\">V\u00edce informac\u00ed...<\/a><\/p>\n<p>&nbsp;<\/p>\n<h6><strong>Z\u00fcnd na Fespa Print Expo 2024<\/strong><\/h6>\n<p>Z\u00fcnd bude vystavovat 19. a\u017e 22. b\u0159ezna na veletrhu Fespa Global Print Expo v Amsterdamu. Na p\u0159edn\u00ed evropsk\u00e9 v\u00fdstav\u011b digit\u00e1ln\u00edho velkoform\u00e1tov\u00e9ho tisku budou m\u00edt n\u00e1v\u0161t\u011bvn\u00edci mo\u017enost zjistit, jak lze automatizovat digit\u00e1ln\u00ed \u0159ez\u00e1n\u00ed mnoha r\u016fzn\u00fdmi zp\u016fsoby.<a href=\"https:\/\/www.neotec.cz\/zund\/fespa\/\">V\u00edce informac\u00ed...<\/a><\/p>\n<p>&nbsp;<\/p>\n<h6><strong>ZCC Z\u00fcnd Cut Center zahajuje novou \u00e9ru automatizace digit\u00e1ln\u00edho \u0159ez\u00e1n\u00ed<\/strong><\/h6>\n<p>Z\u00fcnd od z\u00e1klad\u016f p\u0159epracoval software a u\u017eivatelsk\u00e9 rozhran\u00ed Z\u00fcnd Cut Center (d\u00e1le jen ZCC). Ve verzi 4 nab\u00edz\u00ed ZCC je\u0161t\u011b v\u00edce mo\u017enost\u00ed pro flexibiln\u00ed, automatizovanou p\u0159\u00edpravu soubor\u016f a efektivn\u00ed digit\u00e1ln\u00ed \u0159ez\u00e1n\u00ed. Ovl\u00e1d\u00e1n\u00ed katru pomoc\u00ed dotykov\u00e9 obrazovky umo\u017e\u0148uje extr\u00e9mn\u011b intuitivn\u00ed a jednoduch\u00e9 ovl\u00e1d\u00e1n\u00ed.<a href=\"https:\/\/www.neotec.cz\/zund\/wp-content\/uploads\/2023\/09\/ZCC-4_tiskova_zprava-CZ.pdf\">V\u00edce informac\u00ed...<\/a><\/p>\n<p>&nbsp;<\/p>\n<h6><strong>Nov\u00e1 \u0159ada \u0159ezac\u00edch plotr\u016f Q-line s BHS180<\/strong><\/h6>\n<p>Z\u00fcnd, p\u0159edn\u00ed v\u00fdrobce technologie pro digit\u00e1ln\u00ed \u0159ez\u00e1n\u00ed, roz\u0161i\u0159uje sv\u00e9 portfolio stroj\u016f o v\u00fdkonn\u00e9 syst\u00e9mov\u00e9 \u0159e\u0161en\u00ed. S novou \u0159adou Q-Line s BHS180 (Board Handling Syst\u00e9m) a syst\u00e9mem UNDERCAM, spole\u010dnost Z\u00fcnd zv\u00fd\u0161ila la\u0165ku pr\u016fmyslov\u00e9 v\u00fdroby \u201ez palety na paletu\u201c. D\u00edky inteligentn\u00ed technologii \u0159\u00edzen\u00ed stroj\u016f a vysok\u00e9 \u00farovni automatizace je Q-Line s BHS180 p\u0159edn\u00edm \u0159e\u0161en\u00edm digit\u00e1ln\u00edho \u0159ez\u00e1n\u00ed ve sv\u00e9 t\u0159\u00edd\u011b. <a href=\"https:\/\/www.neotec.cz\/zund\/wp-content\/uploads\/2023\/05\/Zund_Q-Line_BHS180_CZ.pdf\">V\u00edce informac\u00ed...<\/a><\/p>\n<p>&nbsp;<\/p>\n<h6><strong>N\u00e1stroj pro zpracov\u00e1n\u00ed vlnit\u00fdch lepenek PCT (Press Cutting Tool)<\/strong><\/h6>\n<p>Firma Z\u00fcnd uv\u00e1d\u00ed nov\u00fd n\u00e1stroj PCT navr\u017een\u00fd pro zpracov\u00e1n\u00ed vlnit\u00fdch lepenek s vysokou kvalitou \u0159ezu a zv\u00fd\u0161enou kapacitou.<a href=\"http:\/\/www.neotec.cz\/zund\/wp-content\/uploads\/2019\/09\/PressCuttingTool_PCT_CZ.pdf\">V\u00edce informac\u00ed...<\/a><\/p>\n<p>&nbsp;<\/p>\n<h6><strong>Pln\u011b automatizovan\u00fd syst\u00e9m zpracov\u00e1n\u00ed desek BHS150<\/strong><\/h6>\n<p>Firma Z\u00fcnd uv\u00e1d\u00ed syst\u00e9m pro z\u00e1kl\u00e1d\u00e1n\u00ed a odb\u011br deskov\u00fdch materi\u00e1l\u016f o tlou\u0161\u0165ce desky a\u017e 110 mm a hmotnosti a\u017e 25 kg. K dispozici je pro \u0159ady \u0159ezac\u00edch plotr\u016f G3 a D3. <a href=\"http:\/\/www.neotec.cz\/zund\/g3zakladanidesek\/\">V\u00edce informac\u00ed...<\/a><\/p>\n<p>&nbsp;<\/p>\n<h6><strong>Laserov\u00fd modul LM o v\u00fdkonu 100 W<\/strong><\/h6>\n<p>Firma Z\u00fcnd uv\u00e1d\u00ed nov\u00fd laserov\u00fd modul LM s v\u00fdkonem laseru 100 W. Modul je ur\u010den pro \u0159ez\u00e1n\u00ed polyesterov\u00fdch textili\u00ed s tlou\u0161\u0165kou do 2 mm. K dispozici je pro \u0159adu \u0159ezac\u00edch plotr\u016f G3. <a href=\"http:\/\/www.neotec.cz\/zund\/g3-lm\/\">V\u00edce informac\u00ed...<\/a><\/p>\n<p>&nbsp;<\/p>\n<h6><strong>Fr\u00e9zovac\u00ed modul RM-L s v\u0159etenem o v\u00fdkonu 3,6 kW<\/strong><\/h6>\n<p>Firma Z\u00fcnd uv\u00e1d\u00ed nov\u00fd vysoce v\u00fdkonn\u00fd fr\u00e9zovac\u00ed modul RM-L s v\u00fdkonem v\u0159etena 3,6 kW a vysok\u00fdm to\u010div\u00fdm momentem. Tento nov\u00fd modul je ur\u010den \u00a0pro \u0159ezac\u00ed plotry \u0159ady G3 a D3. <a href=\"http:\/\/www.neotec.cz\/zund\/wp-content\/uploads\/2017\/01\/RM-L-36kW_overview_CZ_lock.pdf\">V\u00edce informac\u00ed...<\/a><\/p>\n<p>&nbsp;<\/p>\n<h6><strong>Ocen\u011bn\u00ed EDP Award 2016 pro \u0159ezac\u00ed plotr Z\u00fcnd<\/strong><\/h6>\n<p>\u0158ezac\u00ed plotr Z\u00fcnd D3 z\u00edskal na veletrhu Drupa ocen\u011bn\u00ed EDP Award 2016 za nejvy\u0161\u0161\u00ed mo\u017enou produktivity. <a href=\"http:\/\/www.neotec.cz\/zund\/wp-content\/uploads\/2016\/06\/D3_Druppa.pdf\">V\u00edce informac\u00ed...<\/a><\/p>\n<p>&nbsp;<\/p>\n<h6><strong>Perfora\u010dn\u00ed n\u00e1stroj PTT1<\/strong><\/h6>\n<p>Spole\u010dnost Z\u00fcnd uv\u00e1d\u00ed na trh nov\u00fd perfora\u010dn\u00ed n\u00e1stroj PTT1. Tento n\u00e1stroj v\u00fdrazn\u011b urychluje zpracov\u00e1n\u00ed perfora\u010dn\u00edch \u010di kombi-perfora\u010dn\u00edch lini\u00ed. N\u00e1stroj se hod\u00ed pro materi\u00e1ly jako jsou vlnit\u00e9 a hladk\u00e9 lepenky, polypropylenov\u00e9 a vinylov\u00e9 materi\u00e1ly, atd. \u00a0<a href=\"http:\/\/www.neotec.cz\/zund\/wp-content\/uploads\/2016\/03\/PerforatingTool_PTT1_CZ.pdf\">V\u00edce informac\u00ed...<\/a><\/p>\n<\/div>\n<\/div><\/div><\/div><\/div><\/div>","protected":false},"excerpt":{"rendered":"<p>Firma Z\u00fcnd vyr\u00e1b\u00ed sv\u00e9 \u0159ezac\u00ed plotry v t\u011bchto modelov\u00fdch \u0159ad\u00e1ch:<\/p>\n","protected":false},"author":1,"featured_media":0,"parent":0,"menu_order":0,"comment_status":"closed","ping_status":"closed","template":"templates\/template-full-notitle.php","meta":{"footnotes":""},"class_list":["post-2367","page","type-page","status-publish","hentry","post"],"_links":{"self":[{"href":"https:\/\/www.neotec.cz\/zund\/wp-json\/wp\/v2\/pages\/2367","targetHints":{"allow":["GET"]}}],"collection":[{"href":"https:\/\/www.neotec.cz\/zund\/wp-json\/wp\/v2\/pages"}],"about":[{"href":"https:\/\/www.neotec.cz\/zund\/wp-json\/wp\/v2\/types\/page"}],"author":[{"embeddable":true,"href":"https:\/\/www.neotec.cz\/zund\/wp-json\/wp\/v2\/users\/1"}],"replies":[{"embeddable":true,"href":"https:\/\/www.neotec.cz\/zund\/wp-json\/wp\/v2\/comments?post=2367"}],"version-history":[{"count":48,"href":"https:\/\/www.neotec.cz\/zund\/wp-json\/wp\/v2\/pages\/2367\/revisions"}],"predecessor-version":[{"id":2872,"href":"https:\/\/www.neotec.cz\/zund\/wp-json\/wp\/v2\/pages\/2367\/revisions\/2872"}],"wp:attachment":[{"href":"https:\/\/www.neotec.cz\/zund\/wp-json\/wp\/v2\/media?parent=2367"}],"curies":[{"name":"wp","href":"https:\/\/api.w.org\/{rel}","templated":true}]}}