{"id":2450,"date":"2023-05-23T12:06:51","date_gmt":"2023-05-23T11:06:51","guid":{"rendered":"https:\/\/www.neotec.cz\/zund\/?page_id=2450"},"modified":"2023-05-31T14:42:29","modified_gmt":"2023-05-31T13:42:29","slug":"qdet","status":"publish","type":"page","link":"https:\/\/www.neotec.cz\/zund\/qdet\/","title":{"rendered":"Q &#8211; detaily"},"content":{"rendered":"<div id=\"pl-2450\"  class=\"panel-layout\" ><div id=\"pg-2450-0\"  class=\"panel-grid panel-no-style\" ><div id=\"pgc-2450-0-0\"  class=\"panel-grid-cell\" ><div id=\"panel-2450-0-0-0\" class=\"so-panel widget widget_sow-editor panel-first-child panel-last-child\" data-index=\"0\" ><div\n\t\t\t\n\t\t\tclass=\"so-widget-sow-editor so-widget-sow-editor-base\"\n\t\t\t\n\t\t>\n<div class=\"siteorigin-widget-tinymce textwidget\">\n\t<h1><strong>\u0158ezac\u00ed plotr Q-Line\u00a0 - vysok\u00fd stupe\u0148 automatizace<\/strong><\/h1>\n<\/div>\n<\/div><\/div><\/div><\/div><div id=\"pg-2450-1\"  class=\"panel-grid panel-no-style\" ><div id=\"pgc-2450-1-0\"  class=\"panel-grid-cell\" ><div id=\"panel-2450-1-0-0\" class=\"so-panel widget widget_circleicon-widget panel-first-child panel-last-child\" data-index=\"1\" ><div class=\"panel-widget-style panel-widget-style-for-2450-1-0-0\" >\t\t<div class=\"circle-icon-box circle-icon-position-top circle-icon-hide-box circle-icon-size-large \">\n\t\t\t\t\t\t\t<div class=\"circle-icon-wrapper\">\n\t\t\t\t\t\t\t\t\t\t<a href=\"http:\/\/www.neotec.cz\/zund\/qseznam\/\" class=\"link-icon\" >\t\t\t\t\t<div class=\"circle-icon icon-style-set\" style=\"background-image: url(http:\/\/www.neotec.cz\/zund\/wp-content\/uploads\/2023\/05\/ic-q.png);background-color: #eeeeee\">\n\t\t\t\t\t\t\t\t\t\t\t<\/div>\n\t\t\t\t\t<\/a>\t\t\t\t<\/div>\n\t\t\t\n\t\t\t\t\t\t\t<a href=\"http:\/\/www.neotec.cz\/zund\/qseznam\/\" class=\"link-title\" >\n\t\t\t\t\t\t\t\t\t\t\t\t\t<\/a>\n\t\t\t\n\t\t\t\t\t\t\t\t\t\t<a\n\t\t\t\t\thref=\"http:\/\/www.neotec.cz\/zund\/qseznam\/\"\n\t\t\t\t\tclass=\"more-button\"\n\t\t\t\t\t\t\t\t\t\t\t\t\t\t>\n\t\t\t\t\tQ sezn\u00e1men\u00ed <i><\/i>\n\t\t\t\t<\/a>\n\t\t\t\t\t<\/div>\n\t\t<\/div><\/div><\/div><div id=\"pgc-2450-1-1\"  class=\"panel-grid-cell\" ><div id=\"panel-2450-1-1-0\" class=\"so-panel widget widget_circleicon-widget panel-first-child panel-last-child\" data-index=\"2\" >\t\t<div class=\"circle-icon-box circle-icon-position-top circle-icon-hide-box circle-icon-size-large \">\n\t\t\t\t\t\t\t<div class=\"circle-icon-wrapper\">\n\t\t\t\t\t\t\t\t\t\t<div class=\"circle-icon icon-style-set\" style=\"background-image: url(https:\/\/www.neotec.cz\/zund\/wp-content\/uploads\/2023\/05\/ic-qdet.png);background-color: #888888\">\n\t\t\t\t\t\t\t\t\t\t\t<\/div>\n\t\t\t\t\t\t\t\t\t<\/div>\n\t\t\t\n\t\t\t\t\t\t\t\t\t\n\t\t\t\t\t\t\t\t\t\t<a\n\t\t\t\t\thref=\"http:\/\/www.neotec.cz\/zund\/qdet\/\"\n\t\t\t\t\tclass=\"more-button\"\n\t\t\t\t\t\t\t\t\t\t\t\t\t\t>\n\t\t\t\t\tQ detailn\u011b <i><\/i>\n\t\t\t\t<\/a>\n\t\t\t\t\t<\/div>\n\t\t<\/div><\/div><div id=\"pgc-2450-1-2\"  class=\"panel-grid-cell\" ><div id=\"panel-2450-1-2-0\" class=\"so-panel widget widget_circleicon-widget panel-first-child panel-last-child\" data-index=\"3\" >\t\t<div class=\"circle-icon-box circle-icon-position-top circle-icon-hide-box circle-icon-size-large \">\n\t\t\t\t\t\t\t<div class=\"circle-icon-wrapper\">\n\t\t\t\t\t\t\t\t\t\t<a href=\"http:\/\/www.neotec.cz\/zund\/qmod\/\" class=\"link-icon\" >\t\t\t\t\t<div class=\"circle-icon icon-style-set\" style=\"background-image: url(https:\/\/www.neotec.cz\/zund\/wp-content\/uploads\/2023\/05\/ic_qmodtol.png);background-color: #eeeeee\">\n\t\t\t\t\t\t\t\t\t\t\t<\/div>\n\t\t\t\t\t<\/a>\t\t\t\t<\/div>\n\t\t\t\n\t\t\t\t\t\t\t<a href=\"http:\/\/www.neotec.cz\/zund\/qmod\/\" class=\"link-title\" >\n\t\t\t\t\t\t\t\t\t\t\t\t\t<\/a>\n\t\t\t\n\t\t\t\t\t\t\t\t\t\t<a\n\t\t\t\t\thref=\"http:\/\/www.neotec.cz\/zund\/qmod\/\"\n\t\t\t\t\tclass=\"more-button\"\n\t\t\t\t\t\t\t\t\t\t\t\t\t\t>\n\t\t\t\t\tQ moduly a n\u00e1stroje <i><\/i>\n\t\t\t\t<\/a>\n\t\t\t\t\t<\/div>\n\t\t<\/div><\/div><div id=\"pgc-2450-1-3\"  class=\"panel-grid-cell\" ><div id=\"panel-2450-1-3-0\" class=\"so-panel widget widget_circleicon-widget panel-first-child panel-last-child\" data-index=\"4\" >\t\t<div class=\"circle-icon-box circle-icon-position-top circle-icon-hide-box circle-icon-size-large \">\n\t\t\t\t\t\t\t<div class=\"circle-icon-wrapper\">\n\t\t\t\t\t\t\t\t\t\t<a href=\"http:\/\/www.neotec.cz\/zund\/qvelikostistolu\/\" class=\"link-icon\" >\t\t\t\t\t<div class=\"circle-icon icon-style-set\" style=\"background-image: url(https:\/\/www.neotec.cz\/zund\/wp-content\/uploads\/2023\/05\/ic-Qsizes.png);background-color: #eeeeee\">\n\t\t\t\t\t\t\t\t\t\t\t<\/div>\n\t\t\t\t\t<\/a>\t\t\t\t<\/div>\n\t\t\t\n\t\t\t\t\t\t\t<a href=\"http:\/\/www.neotec.cz\/zund\/qvelikostistolu\/\" class=\"link-title\" >\n\t\t\t\t\t\t\t\t\t\t\t\t\t<\/a>\n\t\t\t\n\t\t\t\t\t\t\t\t\t\t<a\n\t\t\t\t\thref=\"http:\/\/www.neotec.cz\/zund\/qvelikostistolu\/\"\n\t\t\t\t\tclass=\"more-button\"\n\t\t\t\t\t\t\t\t\t\t\t\t\t\t>\n\t\t\t\t\tQ velikosti stol\u016f <i><\/i>\n\t\t\t\t<\/a>\n\t\t\t\t\t<\/div>\n\t\t<\/div><\/div><div id=\"pgc-2450-1-4\"  class=\"panel-grid-cell\" ><div id=\"panel-2450-1-4-0\" class=\"so-panel widget widget_circleicon-widget panel-first-child panel-last-child\" data-index=\"5\" >\t\t<div class=\"circle-icon-box circle-icon-position-top circle-icon-hide-box circle-icon-size-large \">\n\t\t\t\t\t\t\t<div class=\"circle-icon-wrapper\">\n\t\t\t\t\t\t\t\t\t\t<a href=\"http:\/\/www.neotec.cz\/zund\/q-videa\/\" class=\"link-icon\" >\t\t\t\t\t<div class=\"circle-icon icon-style-set\" style=\"background-image: url(https:\/\/www.neotec.cz\/zund\/wp-content\/uploads\/2023\/05\/ic_qvideo.png);background-color: #eeeeee\">\n\t\t\t\t\t\t\t\t\t\t\t<\/div>\n\t\t\t\t\t<\/a>\t\t\t\t<\/div>\n\t\t\t\n\t\t\t\t\t\t\t<a href=\"http:\/\/www.neotec.cz\/zund\/q-videa\/\" class=\"link-title\" >\n\t\t\t\t\t\t\t\t\t\t\t\t\t<\/a>\n\t\t\t\n\t\t\t\t\t\t\t\t\t\t<a\n\t\t\t\t\thref=\"http:\/\/www.neotec.cz\/zund\/q-videa\/\"\n\t\t\t\t\tclass=\"more-button\"\n\t\t\t\t\t\t\t\t\t\t\t\t\t\t>\n\t\t\t\t\tQ videa <i><\/i>\n\t\t\t\t<\/a>\n\t\t\t\t\t<\/div>\n\t\t<\/div><\/div><div id=\"pgc-2450-1-5\"  class=\"panel-grid-cell\" ><div id=\"panel-2450-1-5-0\" class=\"so-panel widget widget_circleicon-widget panel-first-child panel-last-child\" data-index=\"6\" >\t\t<div class=\"circle-icon-box circle-icon-position-top circle-icon-hide-box circle-icon-size-large \">\n\t\t\t\t\t\t\t<div class=\"circle-icon-wrapper\">\n\t\t\t\t\t\t\t\t\t\t<a href=\"http:\/\/www.neotec.cz\/zund\/qmsm\/\" class=\"link-icon\" >\t\t\t\t\t<div class=\"circle-icon icon-style-set\" style=\"background-image: url(https:\/\/www.neotec.cz\/zund\/wp-content\/uploads\/2023\/05\/ic_qmsm.png);background-color: #eeeeee\">\n\t\t\t\t\t\t\t\t\t\t\t<\/div>\n\t\t\t\t\t<\/a>\t\t\t\t<\/div>\n\t\t\t\n\t\t\t\t\t\t\t<a href=\"http:\/\/www.neotec.cz\/zund\/qmsm\/\" class=\"link-title\" >\n\t\t\t\t\t\t\t\t\t\t\t\t\t<\/a>\n\t\t\t\n\t\t\t\t\t\t\t\t\t\t<a\n\t\t\t\t\thref=\"http:\/\/www.neotec.cz\/zund\/qmsm\/\"\n\t\t\t\t\tclass=\"more-button\"\n\t\t\t\t\t\t\t\t\t\t\t\t\t\t>\n\t\t\t\t\tManipulace <i><\/i>\n\t\t\t\t<\/a>\n\t\t\t\t\t<\/div>\n\t\t<\/div><\/div><\/div><div id=\"pg-2450-2\"  class=\"panel-grid panel-no-style\" ><div id=\"pgc-2450-2-0\"  class=\"panel-grid-cell\" ><div id=\"panel-2450-2-0-0\" class=\"so-panel widget widget_sow-editor panel-first-child panel-last-child\" data-index=\"7\" ><div\n\t\t\t\n\t\t\tclass=\"so-widget-sow-editor so-widget-sow-editor-base\"\n\t\t\t\n\t\t><h3 class=\"widget-title\">Q-Line v detailech<\/h3>\n<div class=\"siteorigin-widget-tinymce textwidget\">\n\t<\/div>\n<\/div><\/div><\/div><\/div><div id=\"pg-2450-3\"  class=\"panel-grid panel-no-style\" ><div id=\"pgc-2450-3-0\"  class=\"panel-grid-cell\" ><div id=\"panel-2450-3-0-0\" class=\"so-panel widget widget_sow-editor panel-first-child panel-last-child\" data-index=\"8\" ><div\n\t\t\t\n\t\t\tclass=\"so-widget-sow-editor so-widget-sow-editor-base\"\n\t\t\t\n\t\t>\n<div class=\"siteorigin-widget-tinymce textwidget\">\n\t<p><img loading=\"lazy\" decoding=\"async\" class=\"alignnone size-full wp-image-2453\" src=\"https:\/\/www.neotec.cz\/zund\/wp-content\/uploads\/2023\/05\/2910-Unterbau.jpg\" alt=\"\" width=\"600\" height=\"280\" srcset=\"https:\/\/www.neotec.cz\/zund\/wp-content\/uploads\/2023\/05\/2910-Unterbau.jpg 600w, https:\/\/www.neotec.cz\/zund\/wp-content\/uploads\/2023\/05\/2910-Unterbau-300x140.jpg 300w\" sizes=\"auto, (max-width: 600px) 100vw, 600px\" \/><\/p>\n<\/div>\n<\/div><\/div><\/div><div id=\"pgc-2450-3-1\"  class=\"panel-grid-cell\" ><div id=\"panel-2450-3-1-0\" class=\"so-panel widget widget_sow-editor panel-first-child panel-last-child\" data-index=\"9\" ><div\n\t\t\t\n\t\t\tclass=\"so-widget-sow-editor so-widget-sow-editor-base\"\n\t\t\t\n\t\t><h3 class=\"widget-title\">Z\u00e1kladn\u00ed r\u00e1m<\/h3>\n<div class=\"siteorigin-widget-tinymce textwidget\">\n\t<p class=\"item-title\">Nov\u00e1 z\u00e1kladn\u00ed konstrukce Q-Line je vyrobena z extr\u00e9mn\u011b stabiln\u00edho betonu. Poskytuje velmi pevn\u00fd a stabiln\u00ed z\u00e1klad i p\u0159i extr\u00e9mn\u011b vysok\u00fdch rychlostech, a t\u00edm zaji\u0161\u0165uje v\u00fdjime\u010dn\u011b hladk\u00fd chod a maxim\u00e1ln\u00ed p\u0159esnost \u0159ez\u00e1n\u00ed.<\/p>\n<\/div>\n<\/div><\/div><\/div><\/div><div id=\"pg-2450-4\"  class=\"panel-grid panel-no-style\" ><div id=\"pgc-2450-4-0\"  class=\"panel-grid-cell\" ><div id=\"panel-2450-4-0-0\" class=\"so-panel widget widget_sow-editor panel-first-child panel-last-child\" data-index=\"10\" ><div\n\t\t\t\n\t\t\tclass=\"so-widget-sow-editor so-widget-sow-editor-base\"\n\t\t\t\n\t\t>\n<div class=\"siteorigin-widget-tinymce textwidget\">\n\t<p><img loading=\"lazy\" decoding=\"async\" class=\"alignnone size-full wp-image-2455\" src=\"https:\/\/www.neotec.cz\/zund\/wp-content\/uploads\/2023\/05\/Qline-2911-Modules.jpg\" alt=\"\" width=\"600\" height=\"280\" srcset=\"https:\/\/www.neotec.cz\/zund\/wp-content\/uploads\/2023\/05\/Qline-2911-Modules.jpg 600w, https:\/\/www.neotec.cz\/zund\/wp-content\/uploads\/2023\/05\/Qline-2911-Modules-300x140.jpg 300w\" sizes=\"auto, (max-width: 600px) 100vw, 600px\" \/><\/p>\n<\/div>\n<\/div><\/div><\/div><div id=\"pgc-2450-4-1\"  class=\"panel-grid-cell\" ><div id=\"panel-2450-4-1-0\" class=\"so-panel widget widget_sow-editor panel-first-child panel-last-child\" data-index=\"11\" ><div\n\t\t\t\n\t\t\tclass=\"so-widget-sow-editor so-widget-sow-editor-base\"\n\t\t\t\n\t\t><h3 class=\"widget-title\">Nov\u00e9 n\u00e1strojov\u00e9 moduly<\/h3>\n<div class=\"siteorigin-widget-tinymce textwidget\">\n\t<p class=\"item-title\">Nov\u00e9 moduly AUTOMO E a AUTOMO L jsou pln\u011b kompatibiln\u00ed s novou generac\u00ed n\u00e1stroj\u016f. AUTOMO E vynik\u00e1 p\u0159edev\u0161\u00edm rychlost\u00ed, kterou spou\u0161t\u00ed a zved\u00e1 pou\u017e\u00edvan\u00e9 n\u00e1stroje. AUTOMO L je o s\u00edle, kterou je schopen vyvinout rylovac\u00ed tlak a\u017e 50 kg.<\/p>\n<\/div>\n<\/div><\/div><\/div><\/div><div id=\"pg-2450-5\"  class=\"panel-grid panel-no-style\" ><div id=\"pgc-2450-5-0\"  class=\"panel-grid-cell\" ><div id=\"panel-2450-5-0-0\" class=\"so-panel widget widget_sow-editor panel-first-child panel-last-child\" data-index=\"12\" ><div\n\t\t\t\n\t\t\tclass=\"so-widget-sow-editor so-widget-sow-editor-base\"\n\t\t\t\n\t\t>\n<div class=\"siteorigin-widget-tinymce textwidget\">\n\t<p><img loading=\"lazy\" decoding=\"async\" class=\"alignnone size-full wp-image-2456\" src=\"https:\/\/www.neotec.cz\/zund\/wp-content\/uploads\/2023\/05\/Qline-2915-Moduls-frontal.jpg\" alt=\"\" width=\"600\" height=\"280\" srcset=\"https:\/\/www.neotec.cz\/zund\/wp-content\/uploads\/2023\/05\/Qline-2915-Moduls-frontal.jpg 600w, https:\/\/www.neotec.cz\/zund\/wp-content\/uploads\/2023\/05\/Qline-2915-Moduls-frontal-300x140.jpg 300w\" sizes=\"auto, (max-width: 600px) 100vw, 600px\" \/><\/p>\n<\/div>\n<\/div><\/div><\/div><div id=\"pgc-2450-5-1\"  class=\"panel-grid-cell\" ><div id=\"panel-2450-5-1-0\" class=\"so-panel widget widget_sow-editor panel-first-child panel-last-child\" data-index=\"13\" ><div\n\t\t\t\n\t\t\tclass=\"so-widget-sow-editor so-widget-sow-editor-base\"\n\t\t\t\n\t\t><h3 class=\"widget-title\">INCAM<\/h3>\n<div class=\"siteorigin-widget-tinymce textwidget\">\n\t<p class=\"item-title\">Prvn\u00ed modul na modulov\u00e9 z\u00e1kladn\u011b je INCAM. Tento senzorov\u00fd modul slou\u017e\u00ed k zachycen\u00ed registra\u010dn\u00edch zna\u010dek, QR k\u00f3d\u016f a k detekci hran materi\u00e1lu.<\/p>\n<\/div>\n<\/div><\/div><\/div><\/div><div id=\"pg-2450-6\"  class=\"panel-grid panel-no-style\" ><div id=\"pgc-2450-6-0\"  class=\"panel-grid-cell\" ><div id=\"panel-2450-6-0-0\" class=\"so-panel widget widget_sow-editor panel-first-child panel-last-child\" data-index=\"14\" ><div\n\t\t\t\n\t\t\tclass=\"so-widget-sow-editor so-widget-sow-editor-base\"\n\t\t\t\n\t\t>\n<div class=\"siteorigin-widget-tinymce textwidget\">\n\t<p><img loading=\"lazy\" decoding=\"async\" class=\"alignnone size-full wp-image-2457\" src=\"https:\/\/www.neotec.cz\/zund\/wp-content\/uploads\/2023\/05\/qline-2909-CFK.jpg\" alt=\"\" width=\"600\" height=\"280\" srcset=\"https:\/\/www.neotec.cz\/zund\/wp-content\/uploads\/2023\/05\/qline-2909-CFK.jpg 600w, https:\/\/www.neotec.cz\/zund\/wp-content\/uploads\/2023\/05\/qline-2909-CFK-300x140.jpg 300w\" sizes=\"auto, (max-width: 600px) 100vw, 600px\" \/><\/p>\n<\/div>\n<\/div><\/div><\/div><div id=\"pgc-2450-6-1\"  class=\"panel-grid-cell\" ><div id=\"panel-2450-6-1-0\" class=\"so-panel widget widget_sow-editor panel-first-child panel-last-child\" data-index=\"15\" ><div\n\t\t\t\n\t\t\tclass=\"so-widget-sow-editor so-widget-sow-editor-base\"\n\t\t\t\n\t\t><h3 class=\"widget-title\">Mosty z CFR plast\u016f<\/h3>\n<div class=\"siteorigin-widget-tinymce textwidget\">\n\t<p class=\"item-title\">Mosty jsou vyrobeny z plastu vyztu\u017een\u00e9ho uhl\u00edkov\u00fdmi vl\u00e1kny, d\u00edky \u010demu\u017e jsou velmi lehk\u00e9, ale mimo\u0159\u00e1dn\u011b pevn\u00e9. To znamen\u00e1, \u017ee i n\u00e1ro\u010dn\u00e9 materi\u00e1ly lze zpracov\u00e1vat nejvy\u0161\u0161\u00ed rychlost\u00ed a nejvy\u0161\u0161\u00ed \u00farovn\u00ed kvality.<\/p>\n<\/div>\n<\/div><\/div><\/div><\/div><div id=\"pg-2450-7\"  class=\"panel-grid panel-no-style\" ><div id=\"pgc-2450-7-0\"  class=\"panel-grid-cell\" ><div id=\"panel-2450-7-0-0\" class=\"so-panel widget widget_sow-editor panel-first-child panel-last-child\" data-index=\"16\" ><div\n\t\t\t\n\t\t\tclass=\"so-widget-sow-editor so-widget-sow-editor-base\"\n\t\t\t\n\t\t>\n<div class=\"siteorigin-widget-tinymce textwidget\">\n\t<p><img loading=\"lazy\" decoding=\"async\" class=\"alignnone size-full wp-image-2458\" src=\"https:\/\/www.neotec.cz\/zund\/wp-content\/uploads\/2023\/05\/qline-2933-Bedieneinheit-quer.jpg\" alt=\"\" width=\"600\" height=\"280\" srcset=\"https:\/\/www.neotec.cz\/zund\/wp-content\/uploads\/2023\/05\/qline-2933-Bedieneinheit-quer.jpg 600w, https:\/\/www.neotec.cz\/zund\/wp-content\/uploads\/2023\/05\/qline-2933-Bedieneinheit-quer-300x140.jpg 300w\" sizes=\"auto, (max-width: 600px) 100vw, 600px\" \/><\/p>\n<\/div>\n<\/div><\/div><\/div><div id=\"pgc-2450-7-1\"  class=\"panel-grid-cell\" ><div id=\"panel-2450-7-1-0\" class=\"so-panel widget widget_sow-editor panel-first-child panel-last-child\" data-index=\"17\" ><div\n\t\t\t\n\t\t\tclass=\"so-widget-sow-editor so-widget-sow-editor-base\"\n\t\t\t\n\t\t><h3 class=\"widget-title\">Ovl\u00e1d\u00e1n\u00ed<\/h3>\n<div class=\"siteorigin-widget-tinymce textwidget\">\n\t<p class=\"item-title\">Nov\u00e1 pracovn\u00ed stanice je dod\u00e1v\u00e1na s dotykovou obrazovkou pro je\u0161t\u011b intuitivn\u011bj\u0161\u00ed ovl\u00e1d\u00e1n\u00ed stroje. Nejnov\u011bj\u0161\u00ed verze softwaru ZCC 4.0, ru\u010dn\u00ed skener pro chytrou spr\u00e1vu n\u00e1stroj\u016f a joystick pro ru\u010dn\u00ed pohyb se strojem - to v\u0161e d\u011bl\u00e1 ovl\u00e1d\u00e1n\u00ed syst\u00e9mu co nejp\u0159\u00edjemn\u011bj\u0161\u00ed pro oper\u00e1tora.<\/p>\n<\/div>\n<\/div><\/div><\/div><\/div><div id=\"pg-2450-8\"  class=\"panel-grid panel-no-style\" ><div id=\"pgc-2450-8-0\"  class=\"panel-grid-cell\" ><div id=\"panel-2450-8-0-0\" class=\"so-panel widget widget_sow-editor panel-first-child panel-last-child\" data-index=\"18\" ><div\n\t\t\t\n\t\t\tclass=\"so-widget-sow-editor so-widget-sow-editor-base\"\n\t\t\t\n\t\t>\n<div class=\"siteorigin-widget-tinymce textwidget\">\n\t<p><img loading=\"lazy\" decoding=\"async\" class=\"alignnone size-full wp-image-2461\" src=\"https:\/\/www.neotec.cz\/zund\/wp-content\/uploads\/2023\/05\/qliine-2907-Safety.jpg\" alt=\"\" width=\"600\" height=\"280\" srcset=\"https:\/\/www.neotec.cz\/zund\/wp-content\/uploads\/2023\/05\/qliine-2907-Safety.jpg 600w, https:\/\/www.neotec.cz\/zund\/wp-content\/uploads\/2023\/05\/qliine-2907-Safety-300x140.jpg 300w\" sizes=\"auto, (max-width: 600px) 100vw, 600px\" \/><\/p>\n<\/div>\n<\/div><\/div><\/div><div id=\"pgc-2450-8-1\"  class=\"panel-grid-cell\" ><div id=\"panel-2450-8-1-0\" class=\"so-panel widget widget_sow-editor panel-first-child panel-last-child\" data-index=\"19\" ><div\n\t\t\t\n\t\t\tclass=\"so-widget-sow-editor so-widget-sow-editor-base\"\n\t\t\t\n\t\t><h3 class=\"widget-title\">Bezpe\u010dnostn\u00ed koncepce<\/h3>\n<div class=\"siteorigin-widget-tinymce textwidget\">\n\t<p class=\"item-title\"><span class=\"jCAhz ChMk0b\"><span class=\"ryNqvb\">\u0158ada Q-Line je nabit\u00e1 funkcemi, kter\u00e9 d\u00e1le zvy\u0161uj\u00ed bezpe\u010dnost u\u017eivatele.<\/span><\/span> Firma <span class=\"jCAhz ChMk0b\"><span class=\"ryNqvb\">Z\u00fcnd v\u011bnovala zaji\u0161t\u011bn\u00ed bezpe\u010dnosti velkou pozornost a vyvinula sofistikovan\u00fd bezpe\u010dnostn\u00ed koncept pro plotry Q-line.<\/span><\/span> <span class=\"jCAhz ChMk0b\"><span class=\"ryNqvb\">Ochrann\u00e9 z\u00e1st\u011bny, kter\u00e9 se automaticky spou\u0161t\u011bj\u00ed, zabra\u0148uj\u00ed p\u0159\u00edstupu b\u011bhem v\u00fdroby a z\u00e1rove\u0148 umo\u017e\u0148uj\u00ed voln\u00fd v\u00fdhled na pracovn\u00ed plochu.<\/span><\/span> <span class=\"jCAhz ChMk0b\"><span class=\"ryNqvb\">Sv\u011bteln\u00e1 clona vytv\u00e1\u0159\u00ed dal\u0161\u00ed virtu\u00e1ln\u00ed bari\u00e9ru.\u00a0 D\u00e1le mosty maj\u00ed na ka\u017ed\u00e9 stran\u011b tak\u00e9 sv\u011bteln\u00e9 z\u00e1vory, kter\u00e9 se aktivuj\u00ed b\u011bhem zpracov\u00e1n\u00ed pro v\u010dasnou detekci p\u0159\u00edpadn\u00fdch vy\u010dn\u00edvaj\u00edc\u00edch okraj\u016f materi\u00e1lu.<\/span><\/span><\/p>\n<\/div>\n<\/div><\/div><\/div><\/div><div id=\"pg-2450-9\"  class=\"panel-grid panel-no-style\" ><div id=\"pgc-2450-9-0\"  class=\"panel-grid-cell\" ><div id=\"panel-2450-9-0-0\" class=\"so-panel widget widget_sow-editor panel-first-child panel-last-child\" data-index=\"20\" ><div\n\t\t\t\n\t\t\tclass=\"so-widget-sow-editor so-widget-sow-editor-base\"\n\t\t\t\n\t\t>\n<div class=\"siteorigin-widget-tinymce textwidget\">\n\t<p><img loading=\"lazy\" decoding=\"async\" class=\"alignnone size-full wp-image-2462\" src=\"https:\/\/www.neotec.cz\/zund\/wp-content\/uploads\/2023\/05\/qline-2908-Toolchanger.jpg\" alt=\"\" width=\"600\" height=\"280\" srcset=\"https:\/\/www.neotec.cz\/zund\/wp-content\/uploads\/2023\/05\/qline-2908-Toolchanger.jpg 600w, https:\/\/www.neotec.cz\/zund\/wp-content\/uploads\/2023\/05\/qline-2908-Toolchanger-300x140.jpg 300w\" sizes=\"auto, (max-width: 600px) 100vw, 600px\" \/><\/p>\n<\/div>\n<\/div><\/div><\/div><div id=\"pgc-2450-9-1\"  class=\"panel-grid-cell\" ><div id=\"panel-2450-9-1-0\" class=\"so-panel widget widget_sow-editor panel-first-child panel-last-child\" data-index=\"21\" ><div\n\t\t\t\n\t\t\tclass=\"so-widget-sow-editor so-widget-sow-editor-base\"\n\t\t\t\n\t\t><h3 class=\"widget-title\">Automatick\u00e1 v\u00fdm\u011bna n\u00e1stroj\u016f<\/h3>\n<div class=\"siteorigin-widget-tinymce textwidget\">\n\t<p class=\"item-title\"><span class=\"jCAhz ChMk0b\"><span class=\"ryNqvb\">Nov\u00e9 z\u00e1sobn\u00edky n\u00e1stroj\u016f maj\u00ed celkem sedm slot\u016f.<\/span><\/span> <span class=\"jCAhz ChMk0b\"><span class=\"ryNqvb\">To umo\u017e\u0148uje osadit v\u0161echny pot\u0159ebn\u00e9 n\u00e1stroje p\u0159edem, aby bylo mo\u017en\u00e9 maximalizovat vyu\u017eit\u00ed stroje a v\u00fdrazn\u011b prodlou\u017eit dobu v\u00fdroby bez obsluhy.<\/span><\/span> <span class=\"jCAhz ChMk0b\"><span class=\"ryNqvb\">Ve\u0161ker\u00e9 ru\u010dn\u00ed z\u00e1sahy souvisej\u00edc\u00ed s v\u00fdm\u011bnou n\u00e1stroj\u016f jsou omezeny na minimum.<\/span><\/span> <span class=\"jCAhz ChMk0b\"><span class=\"ryNqvb\">Integrovan\u00fd skener DMC automaticky detekuje typ a um\u00edst\u011bn\u00ed n\u00e1stroj\u016f.<\/span><\/span> <span class=\"jCAhz ChMk0b\"><span class=\"ryNqvb\">V d\u016fsledku toho neexistuje \u017e\u00e1dn\u00e9 ru\u010dn\u00ed p\u0159i\u0159azov\u00e1n\u00ed n\u00e1stroj\u016f k dan\u00e9 pr\u00e1ci a nespr\u00e1vn\u00e9 p\u0159id\u011blov\u00e1n\u00ed n\u00e1stroj\u016f je minulost\u00ed.<\/span><\/span><\/p>\n<\/div>\n<\/div><\/div><\/div><\/div><div id=\"pg-2450-10\"  class=\"panel-grid panel-no-style\" ><div id=\"pgc-2450-10-0\"  class=\"panel-grid-cell\" ><div id=\"panel-2450-10-0-0\" class=\"so-panel widget widget_sow-editor panel-first-child panel-last-child\" data-index=\"22\" ><div\n\t\t\t\n\t\t\tclass=\"so-widget-sow-editor so-widget-sow-editor-base\"\n\t\t\t\n\t\t><h3 class=\"widget-title\">Ke sta\u017een\u00ed<\/h3>\n<div class=\"siteorigin-widget-tinymce textwidget\">\n\t<p><a href=\"https:\/\/www.neotec.cz\/zund\/wp-content\/uploads\/2023\/05\/Zund_Q-Line_BHS180_CZ.pdf\" target=\"_blank\" rel=\"noopener\">Nov\u00e1 \u0159ada \u0159ezac\u00edch plotr\u016f Q-Line s BHS180 (CZ)<\/a><a href=\"https:\/\/www.neotec.cz\/zund\/wp-content\/uploads\/2023\/05\/Zund_Q-Line_BHS180_CZ.pdf\" target=\"_blank\" rel=\"noopener\"><img loading=\"lazy\" decoding=\"async\" class=\"alignleft wp-image-1108 size-full\" src=\"http:\/\/www.neotec.cz\/zund\/wp-content\/uploads\/2016\/02\/picPDF.png\" alt=\"picPDF\" width=\"32\" height=\"32\" \/><\/a><br \/>\n<br \/>&nbsp;<br \/>\n<a href=\"https:\/\/www.neotec.cz\/zund\/wp-content\/uploads\/2023\/05\/Technical_data_Q-Line_BHS-180_Undercam_CZ.pdf\" target=\"_blank\" rel=\"noopener\">Q-Line s BHS180 Technick\u00fd list (CZ)<\/a><a href=\"https:\/\/www.neotec.cz\/zund\/wp-content\/uploads\/2023\/05\/Technical_data_Q-Line_BHS-180_Undercam_CZ.pdf\" target=\"_blank\" rel=\"noopener\"><img loading=\"lazy\" decoding=\"async\" class=\"alignleft wp-image-1108 size-full\" src=\"http:\/\/www.neotec.cz\/zund\/wp-content\/uploads\/2016\/02\/picPDF.png\" alt=\"picPDF\" width=\"32\" height=\"32\" \/><\/a><\/p>\n<\/div>\n<\/div><\/div><\/div><\/div><\/div>","protected":false},"excerpt":{"rendered":"<p>\u0158ezac\u00ed plotr Q-Line\u00a0 &#8211; vysok\u00fd stupe\u0148 automatizace<\/p>\n","protected":false},"author":1,"featured_media":0,"parent":0,"menu_order":0,"comment_status":"closed","ping_status":"closed","template":"templates\/template-full-notitle.php","meta":{"footnotes":""},"class_list":["post-2450","page","type-page","status-publish","hentry","post"],"_links":{"self":[{"href":"https:\/\/www.neotec.cz\/zund\/wp-json\/wp\/v2\/pages\/2450","targetHints":{"allow":["GET"]}}],"collection":[{"href":"https:\/\/www.neotec.cz\/zund\/wp-json\/wp\/v2\/pages"}],"about":[{"href":"https:\/\/www.neotec.cz\/zund\/wp-json\/wp\/v2\/types\/page"}],"author":[{"embeddable":true,"href":"https:\/\/www.neotec.cz\/zund\/wp-json\/wp\/v2\/users\/1"}],"replies":[{"embeddable":true,"href":"https:\/\/www.neotec.cz\/zund\/wp-json\/wp\/v2\/comments?post=2450"}],"version-history":[{"count":23,"href":"https:\/\/www.neotec.cz\/zund\/wp-json\/wp\/v2\/pages\/2450\/revisions"}],"predecessor-version":[{"id":2604,"href":"https:\/\/www.neotec.cz\/zund\/wp-json\/wp\/v2\/pages\/2450\/revisions\/2604"}],"wp:attachment":[{"href":"https:\/\/www.neotec.cz\/zund\/wp-json\/wp\/v2\/media?parent=2450"}],"curies":[{"name":"wp","href":"https:\/\/api.w.org\/{rel}","templated":true}]}}