{"id":2467,"date":"2023-05-23T14:07:31","date_gmt":"2023-05-23T13:07:31","guid":{"rendered":"https:\/\/www.neotec.cz\/zund\/?page_id=2467"},"modified":"2023-07-04T13:35:08","modified_gmt":"2023-07-04T12:35:08","slug":"qmod","status":"publish","type":"page","link":"https:\/\/www.neotec.cz\/zund\/qmod\/","title":{"rendered":"Q &#8211; moduly\/n\u00e1stroje"},"content":{"rendered":"<div id=\"pl-2467\"  class=\"panel-layout\" ><div id=\"pg-2467-0\"  class=\"panel-grid panel-no-style\" ><div id=\"pgc-2467-0-0\"  class=\"panel-grid-cell\" ><div id=\"panel-2467-0-0-0\" class=\"so-panel widget widget_sow-editor panel-first-child panel-last-child\" data-index=\"0\" ><div\n\t\t\t\n\t\t\tclass=\"so-widget-sow-editor so-widget-sow-editor-base\"\n\t\t\t\n\t\t>\n<div class=\"siteorigin-widget-tinymce textwidget\">\n\t<h1><strong>\u0158ezac\u00ed plotr Q-Line - moduly a n\u00e1stroje<\/strong><\/h1>\n<\/div>\n<\/div><\/div><\/div><\/div><div id=\"pg-2467-1\"  class=\"panel-grid panel-no-style\" ><div id=\"pgc-2467-1-0\"  class=\"panel-grid-cell\" ><div id=\"panel-2467-1-0-0\" class=\"so-panel widget widget_circleicon-widget panel-first-child panel-last-child\" data-index=\"1\" ><div class=\"panel-widget-style panel-widget-style-for-2467-1-0-0\" >\t\t<div class=\"circle-icon-box circle-icon-position-top circle-icon-hide-box circle-icon-size-large \">\n\t\t\t\t\t\t\t<div class=\"circle-icon-wrapper\">\n\t\t\t\t\t\t\t\t\t\t<a href=\"http:\/\/www.neotec.cz\/zund\/qseznam\/\" class=\"link-icon\" >\t\t\t\t\t<div class=\"circle-icon icon-style-set\" style=\"background-image: url(http:\/\/www.neotec.cz\/zund\/wp-content\/uploads\/2023\/05\/ic-q.png);background-color: #eeeeee\">\n\t\t\t\t\t\t\t\t\t\t\t<\/div>\n\t\t\t\t\t<\/a>\t\t\t\t<\/div>\n\t\t\t\n\t\t\t\t\t\t\t<a href=\"http:\/\/www.neotec.cz\/zund\/qseznam\/\" class=\"link-title\" >\n\t\t\t\t\t\t\t\t\t\t\t\t\t<\/a>\n\t\t\t\n\t\t\t\t\t\t\t\t\t\t<a\n\t\t\t\t\thref=\"http:\/\/www.neotec.cz\/zund\/qseznam\/\"\n\t\t\t\t\tclass=\"more-button\"\n\t\t\t\t\t\t\t\t\t\t\t\t\t\t>\n\t\t\t\t\tQ sezn\u00e1men\u00ed <i><\/i>\n\t\t\t\t<\/a>\n\t\t\t\t\t<\/div>\n\t\t<\/div><\/div><\/div><div id=\"pgc-2467-1-1\"  class=\"panel-grid-cell\" ><div id=\"panel-2467-1-1-0\" class=\"so-panel widget widget_circleicon-widget panel-first-child panel-last-child\" data-index=\"2\" >\t\t<div class=\"circle-icon-box circle-icon-position-top circle-icon-hide-box circle-icon-size-large \">\n\t\t\t\t\t\t\t<div class=\"circle-icon-wrapper\">\n\t\t\t\t\t\t\t\t\t\t<a href=\"http:\/\/www.neotec.cz\/zund\/qdet\/\" class=\"link-icon\" >\t\t\t\t\t<div class=\"circle-icon icon-style-set\" style=\"background-image: url(https:\/\/www.neotec.cz\/zund\/wp-content\/uploads\/2023\/05\/ic-qdet.png);background-color: #eeeeee\">\n\t\t\t\t\t\t\t\t\t\t\t<\/div>\n\t\t\t\t\t<\/a>\t\t\t\t<\/div>\n\t\t\t\n\t\t\t\t\t\t\t<a href=\"http:\/\/www.neotec.cz\/zund\/qdet\/\" class=\"link-title\" >\n\t\t\t\t\t\t\t\t\t\t\t\t\t<\/a>\n\t\t\t\n\t\t\t\t\t\t\t\t\t\t<a\n\t\t\t\t\thref=\"http:\/\/www.neotec.cz\/zund\/qdet\/\"\n\t\t\t\t\tclass=\"more-button\"\n\t\t\t\t\t\t\t\t\t\t\t\t\t\t>\n\t\t\t\t\tQ detailn\u011b <i><\/i>\n\t\t\t\t<\/a>\n\t\t\t\t\t<\/div>\n\t\t<\/div><\/div><div id=\"pgc-2467-1-2\"  class=\"panel-grid-cell\" ><div id=\"panel-2467-1-2-0\" class=\"so-panel widget widget_circleicon-widget panel-first-child panel-last-child\" data-index=\"3\" >\t\t<div class=\"circle-icon-box circle-icon-position-top circle-icon-hide-box circle-icon-size-large \">\n\t\t\t\t\t\t\t<div class=\"circle-icon-wrapper\">\n\t\t\t\t\t\t\t\t\t\t<div class=\"circle-icon icon-style-set\" style=\"background-image: url(https:\/\/www.neotec.cz\/zund\/wp-content\/uploads\/2023\/05\/ic_qmodtol.png);background-color: #888888\">\n\t\t\t\t\t\t\t\t\t\t\t<\/div>\n\t\t\t\t\t\t\t\t\t<\/div>\n\t\t\t\n\t\t\t\t\t\t\t\t\t\n\t\t\t\t\t\t\t\t\t\t<a\n\t\t\t\t\thref=\"http:\/\/www.neotec.cz\/zund\/qmod\/\"\n\t\t\t\t\tclass=\"more-button\"\n\t\t\t\t\t\t\t\t\t\t\t\t\t\t>\n\t\t\t\t\tQ moduly a n\u00e1stroje <i><\/i>\n\t\t\t\t<\/a>\n\t\t\t\t\t<\/div>\n\t\t<\/div><\/div><div id=\"pgc-2467-1-3\"  class=\"panel-grid-cell\" ><div id=\"panel-2467-1-3-0\" class=\"so-panel widget widget_circleicon-widget panel-first-child panel-last-child\" data-index=\"4\" >\t\t<div class=\"circle-icon-box circle-icon-position-top circle-icon-hide-box circle-icon-size-large \">\n\t\t\t\t\t\t\t<div class=\"circle-icon-wrapper\">\n\t\t\t\t\t\t\t\t\t\t<a href=\"http:\/\/www.neotec.cz\/zund\/qvelikostistolu\/\" class=\"link-icon\" >\t\t\t\t\t<div class=\"circle-icon icon-style-set\" style=\"background-image: url(https:\/\/www.neotec.cz\/zund\/wp-content\/uploads\/2023\/05\/ic-Qsizes.png);background-color: #eeeeee\">\n\t\t\t\t\t\t\t\t\t\t\t<\/div>\n\t\t\t\t\t<\/a>\t\t\t\t<\/div>\n\t\t\t\n\t\t\t\t\t\t\t<a href=\"http:\/\/www.neotec.cz\/zund\/qvelikostistolu\/\" class=\"link-title\" >\n\t\t\t\t\t\t\t\t\t\t\t\t\t<\/a>\n\t\t\t\n\t\t\t\t\t\t\t\t\t\t<a\n\t\t\t\t\thref=\"http:\/\/www.neotec.cz\/zund\/qvelikostistolu\/\"\n\t\t\t\t\tclass=\"more-button\"\n\t\t\t\t\t\t\t\t\t\t\t\t\t\t>\n\t\t\t\t\tQ velikosti stol\u016f <i><\/i>\n\t\t\t\t<\/a>\n\t\t\t\t\t<\/div>\n\t\t<\/div><\/div><div id=\"pgc-2467-1-4\"  class=\"panel-grid-cell\" ><div id=\"panel-2467-1-4-0\" class=\"so-panel widget widget_circleicon-widget panel-first-child panel-last-child\" data-index=\"5\" >\t\t<div class=\"circle-icon-box circle-icon-position-top circle-icon-hide-box circle-icon-size-large \">\n\t\t\t\t\t\t\t<div class=\"circle-icon-wrapper\">\n\t\t\t\t\t\t\t\t\t\t<a href=\"http:\/\/www.neotec.cz\/zund\/q-videa\/\" class=\"link-icon\" >\t\t\t\t\t<div class=\"circle-icon icon-style-set\" style=\"background-image: url(https:\/\/www.neotec.cz\/zund\/wp-content\/uploads\/2023\/05\/ic_qvideo.png);background-color: #eeeeee\">\n\t\t\t\t\t\t\t\t\t\t\t<\/div>\n\t\t\t\t\t<\/a>\t\t\t\t<\/div>\n\t\t\t\n\t\t\t\t\t\t\t<a href=\"http:\/\/www.neotec.cz\/zund\/q-videa\/\" class=\"link-title\" >\n\t\t\t\t\t\t\t\t\t\t\t\t\t<\/a>\n\t\t\t\n\t\t\t\t\t\t\t\t\t\t<a\n\t\t\t\t\thref=\"http:\/\/www.neotec.cz\/zund\/q-videa\/\"\n\t\t\t\t\tclass=\"more-button\"\n\t\t\t\t\t\t\t\t\t\t\t\t\t\t>\n\t\t\t\t\tQ videa <i><\/i>\n\t\t\t\t<\/a>\n\t\t\t\t\t<\/div>\n\t\t<\/div><\/div><div id=\"pgc-2467-1-5\"  class=\"panel-grid-cell\" ><div id=\"panel-2467-1-5-0\" class=\"so-panel widget widget_circleicon-widget panel-first-child panel-last-child\" data-index=\"6\" >\t\t<div class=\"circle-icon-box circle-icon-position-top circle-icon-hide-box circle-icon-size-large \">\n\t\t\t\t\t\t\t<div class=\"circle-icon-wrapper\">\n\t\t\t\t\t\t\t\t\t\t<a href=\"http:\/\/www.neotec.cz\/zund\/qmsm\/\" class=\"link-icon\" >\t\t\t\t\t<div class=\"circle-icon icon-style-set\" style=\"background-image: url(https:\/\/www.neotec.cz\/zund\/wp-content\/uploads\/2023\/05\/ic_qmsm.png);background-color: #eeeeee\">\n\t\t\t\t\t\t\t\t\t\t\t<\/div>\n\t\t\t\t\t<\/a>\t\t\t\t<\/div>\n\t\t\t\n\t\t\t\t\t\t\t<a href=\"http:\/\/www.neotec.cz\/zund\/qmsm\/\" class=\"link-title\" >\n\t\t\t\t\t\t\t\t\t\t\t\t\t<\/a>\n\t\t\t\n\t\t\t\t\t\t\t\t\t\t<a\n\t\t\t\t\thref=\"http:\/\/www.neotec.cz\/zund\/qmsm\/\"\n\t\t\t\t\tclass=\"more-button\"\n\t\t\t\t\t\t\t\t\t\t\t\t\t\t>\n\t\t\t\t\tManipulace <i><\/i>\n\t\t\t\t<\/a>\n\t\t\t\t\t<\/div>\n\t\t<\/div><\/div><\/div><div id=\"pg-2467-2\"  class=\"panel-grid panel-no-style\" ><div id=\"pgc-2467-2-0\"  class=\"panel-grid-cell\" ><div id=\"panel-2467-2-0-0\" class=\"so-panel widget widget_sow-editor panel-first-child panel-last-child\" data-index=\"7\" ><div\n\t\t\t\n\t\t\tclass=\"so-widget-sow-editor so-widget-sow-editor-base\"\n\t\t\t\n\t\t><h3 class=\"widget-title\">Pro \u0159adu Q-Line jsou dostupn\u00e9 n\u00e1sleduj\u00edc\u00ed n\u00e1strojov\u00e9 moduly:<\/h3>\n<div class=\"siteorigin-widget-tinymce textwidget\">\n\t<\/div>\n<\/div><\/div><\/div><\/div><div id=\"pg-2467-3\"  class=\"panel-grid panel-no-style\" ><div id=\"pgc-2467-3-0\"  class=\"panel-grid-cell panel-grid-cell-empty\" ><\/div><div id=\"pgc-2467-3-1\"  class=\"panel-grid-cell panel-grid-cell-empty\" ><\/div><div id=\"pgc-2467-3-2\"  class=\"panel-grid-cell\" ><div id=\"panel-2467-3-2-0\" class=\"so-panel widget widget_sow-editor panel-first-child panel-last-child\" data-index=\"8\" ><div\n\t\t\t\n\t\t\tclass=\"so-widget-sow-editor so-widget-sow-editor-base\"\n\t\t\t\n\t\t>\n<div class=\"siteorigin-widget-tinymce textwidget\">\n\t<h4 style=\"text-align: center;\">AUTOMO E\/L<\/h4>\n<p style=\"text-align: center;\"><a href=\"http:\/\/www.neotec.cz\/zund\/qautomo\/\" rel=\"attachment wp-att-304\"><img loading=\"lazy\" decoding=\"async\" class=\"alignnone wp-image-304 size-full\" src=\"https:\/\/www.neotec.cz\/zund\/wp-content\/uploads\/2023\/05\/qline-2865-AUTOMO-E.png\" alt=\"Modul Automo\" width=\"351\" height=\"462\" \/><\/a><\/p>\n<p class=\"text\" style=\"text-align: center;\">Moduly AUTOMO jsou ur\u010deny pro \u0161irok\u00e9 spektrum n\u00e1stroj\u016f.<\/p>\n<p style=\"text-align: center;\"><span style=\"color: #993366;\"><strong><a class=\"more-button\" style=\"color: #993366;\" href=\"http:\/\/www.neotec.cz\/zund\/qautomo\/\">Zjist\u011bte v\u00edce...<\/a><\/strong><\/span><\/p>\n<\/div>\n<\/div><\/div><\/div><div id=\"pgc-2467-3-3\"  class=\"panel-grid-cell panel-grid-cell-empty panel-grid-cell-mobile-last\" ><\/div><div id=\"pgc-2467-3-4\"  class=\"panel-grid-cell panel-grid-cell-empty\" ><\/div><\/div><div id=\"pg-2467-4\"  class=\"panel-grid panel-no-style\" ><div id=\"pgc-2467-4-0\"  class=\"panel-grid-cell\" ><div id=\"panel-2467-4-0-0\" class=\"so-panel widget widget_sow-editor panel-first-child panel-last-child\" data-index=\"9\" ><div\n\t\t\t\n\t\t\tclass=\"so-widget-sow-editor so-widget-sow-editor-base\"\n\t\t\t\n\t\t><h3 class=\"widget-title\">Ke sta\u017een\u00ed<\/h3>\n<div class=\"siteorigin-widget-tinymce textwidget\">\n\t<p><a href=\"https:\/\/www.neotec.cz\/zund\/wp-content\/uploads\/2023\/05\/Zund_Q-Line_BHS180_CZ.pdf\" target=\"_blank\" rel=\"noopener\">Nov\u00e1 \u0159ada \u0159ezac\u00edch plotr\u016f Q-line s BHS180 (CZ)<\/a><a href=\"https:\/\/www.neotec.cz\/zund\/wp-content\/uploads\/2023\/05\/Zund_Q-Line_BHS180_CZ.pdf\" target=\"_blank\" rel=\"noopener\"><img loading=\"lazy\" decoding=\"async\" class=\"alignleft wp-image-1108 size-full\" src=\"http:\/\/www.neotec.cz\/zund\/wp-content\/uploads\/2016\/02\/picPDF.png\" alt=\"picPDF\" width=\"32\" height=\"32\" \/><\/a><br \/>\n<br \/>&nbsp;<br \/>\n<a href=\"https:\/\/www.neotec.cz\/zund\/wp-content\/uploads\/2023\/07\/AUTOMO-E_L_CZ.pdf\" target=\"_blank\" rel=\"noopener\">Univerz\u00e1ln\u00ed moduly AUTOMO E\/L (CZ)<\/a><a href=\"https:\/\/www.neotec.cz\/zund\/wp-content\/uploads\/2023\/07\/AUTOMO-E_L_CZ.pdf\" target=\"_blank\" rel=\"noopener\"><img loading=\"lazy\" decoding=\"async\" class=\"alignleft wp-image-1108 size-full\" src=\"http:\/\/www.neotec.cz\/zund\/wp-content\/uploads\/2016\/02\/picPDF.png\" alt=\"picPDF\" width=\"32\" height=\"32\" \/><\/a><\/p>\n<\/div>\n<\/div><\/div><\/div><\/div><\/div>","protected":false},"excerpt":{"rendered":"<p>\u0158ezac\u00ed plotr Q-Line &#8211; moduly a n\u00e1stroje<\/p>\n","protected":false},"author":1,"featured_media":0,"parent":0,"menu_order":0,"comment_status":"closed","ping_status":"closed","template":"templates\/template-full-notitle.php","meta":{"footnotes":""},"class_list":["post-2467","page","type-page","status-publish","hentry","post"],"_links":{"self":[{"href":"https:\/\/www.neotec.cz\/zund\/wp-json\/wp\/v2\/pages\/2467","targetHints":{"allow":["GET"]}}],"collection":[{"href":"https:\/\/www.neotec.cz\/zund\/wp-json\/wp\/v2\/pages"}],"about":[{"href":"https:\/\/www.neotec.cz\/zund\/wp-json\/wp\/v2\/types\/page"}],"author":[{"embeddable":true,"href":"https:\/\/www.neotec.cz\/zund\/wp-json\/wp\/v2\/users\/1"}],"replies":[{"embeddable":true,"href":"https:\/\/www.neotec.cz\/zund\/wp-json\/wp\/v2\/comments?post=2467"}],"version-history":[{"count":23,"href":"https:\/\/www.neotec.cz\/zund\/wp-json\/wp\/v2\/pages\/2467\/revisions"}],"predecessor-version":[{"id":2617,"href":"https:\/\/www.neotec.cz\/zund\/wp-json\/wp\/v2\/pages\/2467\/revisions\/2617"}],"wp:attachment":[{"href":"https:\/\/www.neotec.cz\/zund\/wp-json\/wp\/v2\/media?parent=2467"}],"curies":[{"name":"wp","href":"https:\/\/api.w.org\/{rel}","templated":true}]}}