{"id":2542,"date":"2023-05-26T09:12:21","date_gmt":"2023-05-26T08:12:21","guid":{"rendered":"https:\/\/www.neotec.cz\/zund\/?page_id=2542"},"modified":"2023-05-31T14:47:59","modified_gmt":"2023-05-31T13:47:59","slug":"qmsm","status":"publish","type":"page","link":"https:\/\/www.neotec.cz\/zund\/qmsm\/","title":{"rendered":"Q &#8211; manipulace"},"content":{"rendered":"<div id=\"pl-2542\"  class=\"panel-layout\" ><div id=\"pg-2542-0\"  class=\"panel-grid panel-no-style\" ><div id=\"pgc-2542-0-0\"  class=\"panel-grid-cell\" ><div id=\"panel-2542-0-0-0\" class=\"so-panel widget widget_sow-editor panel-first-child panel-last-child\" data-index=\"0\" ><div\n\t\t\t\n\t\t\tclass=\"so-widget-sow-editor so-widget-sow-editor-base\"\n\t\t\t\n\t\t>\n<div class=\"siteorigin-widget-tinymce textwidget\">\n\t<h1><strong>\u0158ezac\u00ed plotr Q-Line\u00a0 - m<\/strong><strong>anipulace s materi\u00e1lem<\/strong><\/h1>\n<\/div>\n<\/div><\/div><\/div><\/div><div id=\"pg-2542-1\"  class=\"panel-grid panel-no-style\" ><div id=\"pgc-2542-1-0\"  class=\"panel-grid-cell\" ><div id=\"panel-2542-1-0-0\" class=\"so-panel widget widget_circleicon-widget panel-first-child panel-last-child\" data-index=\"1\" ><div class=\"panel-widget-style panel-widget-style-for-2542-1-0-0\" >\t\t<div class=\"circle-icon-box circle-icon-position-top circle-icon-hide-box circle-icon-size-large \">\n\t\t\t\t\t\t\t<div class=\"circle-icon-wrapper\">\n\t\t\t\t\t\t\t\t\t\t<a href=\"http:\/\/www.neotec.cz\/zund\/qseznam\/\" class=\"link-icon\" >\t\t\t\t\t<div class=\"circle-icon icon-style-set\" style=\"background-image: url(http:\/\/www.neotec.cz\/zund\/wp-content\/uploads\/2023\/05\/ic-q.png);background-color: #eeeeee\">\n\t\t\t\t\t\t\t\t\t\t\t<\/div>\n\t\t\t\t\t<\/a>\t\t\t\t<\/div>\n\t\t\t\n\t\t\t\t\t\t\t<a href=\"http:\/\/www.neotec.cz\/zund\/qseznam\/\" class=\"link-title\" >\n\t\t\t\t\t\t\t\t\t\t\t\t\t<\/a>\n\t\t\t\n\t\t\t\t\t\t\t\t\t\t<a\n\t\t\t\t\thref=\"http:\/\/www.neotec.cz\/zund\/qseznam\/\"\n\t\t\t\t\tclass=\"more-button\"\n\t\t\t\t\t\t\t\t\t\t\t\t\t\t>\n\t\t\t\t\tQ sezn\u00e1men\u00ed <i><\/i>\n\t\t\t\t<\/a>\n\t\t\t\t\t<\/div>\n\t\t<\/div><\/div><\/div><div id=\"pgc-2542-1-1\"  class=\"panel-grid-cell\" ><div id=\"panel-2542-1-1-0\" class=\"so-panel widget widget_circleicon-widget panel-first-child panel-last-child\" data-index=\"2\" >\t\t<div class=\"circle-icon-box circle-icon-position-top circle-icon-hide-box circle-icon-size-large \">\n\t\t\t\t\t\t\t<div class=\"circle-icon-wrapper\">\n\t\t\t\t\t\t\t\t\t\t<a href=\"http:\/\/www.neotec.cz\/zund\/qdet\/\" class=\"link-icon\" >\t\t\t\t\t<div class=\"circle-icon icon-style-set\" style=\"background-image: url(https:\/\/www.neotec.cz\/zund\/wp-content\/uploads\/2023\/05\/ic-qdet.png);background-color: #eeeeee\">\n\t\t\t\t\t\t\t\t\t\t\t<\/div>\n\t\t\t\t\t<\/a>\t\t\t\t<\/div>\n\t\t\t\n\t\t\t\t\t\t\t<a href=\"http:\/\/www.neotec.cz\/zund\/qdet\/\" class=\"link-title\" >\n\t\t\t\t\t\t\t\t\t\t\t\t\t<\/a>\n\t\t\t\n\t\t\t\t\t\t\t\t\t\t<a\n\t\t\t\t\thref=\"http:\/\/www.neotec.cz\/zund\/qdet\/\"\n\t\t\t\t\tclass=\"more-button\"\n\t\t\t\t\t\t\t\t\t\t\t\t\t\t>\n\t\t\t\t\tQ detailn\u011b <i><\/i>\n\t\t\t\t<\/a>\n\t\t\t\t\t<\/div>\n\t\t<\/div><\/div><div id=\"pgc-2542-1-2\"  class=\"panel-grid-cell\" ><div id=\"panel-2542-1-2-0\" class=\"so-panel widget widget_circleicon-widget panel-first-child panel-last-child\" data-index=\"3\" >\t\t<div class=\"circle-icon-box circle-icon-position-top circle-icon-hide-box circle-icon-size-large \">\n\t\t\t\t\t\t\t<div class=\"circle-icon-wrapper\">\n\t\t\t\t\t\t\t\t\t\t<a href=\"http:\/\/www.neotec.cz\/zund\/qmod\/\" class=\"link-icon\" >\t\t\t\t\t<div class=\"circle-icon icon-style-set\" style=\"background-image: url(https:\/\/www.neotec.cz\/zund\/wp-content\/uploads\/2023\/05\/ic_qmodtol.png);background-color: #eeeeee\">\n\t\t\t\t\t\t\t\t\t\t\t<\/div>\n\t\t\t\t\t<\/a>\t\t\t\t<\/div>\n\t\t\t\n\t\t\t\t\t\t\t<a href=\"http:\/\/www.neotec.cz\/zund\/qmod\/\" class=\"link-title\" >\n\t\t\t\t\t\t\t\t\t\t\t\t\t<\/a>\n\t\t\t\n\t\t\t\t\t\t\t\t\t\t<a\n\t\t\t\t\thref=\"http:\/\/www.neotec.cz\/zund\/qmod\/\"\n\t\t\t\t\tclass=\"more-button\"\n\t\t\t\t\t\t\t\t\t\t\t\t\t\t>\n\t\t\t\t\tQ moduly a n\u00e1stroje <i><\/i>\n\t\t\t\t<\/a>\n\t\t\t\t\t<\/div>\n\t\t<\/div><\/div><div id=\"pgc-2542-1-3\"  class=\"panel-grid-cell\" ><div id=\"panel-2542-1-3-0\" class=\"so-panel widget widget_circleicon-widget panel-first-child panel-last-child\" data-index=\"4\" >\t\t<div class=\"circle-icon-box circle-icon-position-top circle-icon-hide-box circle-icon-size-large \">\n\t\t\t\t\t\t\t<div class=\"circle-icon-wrapper\">\n\t\t\t\t\t\t\t\t\t\t<a href=\"http:\/\/www.neotec.cz\/zund\/qvelikostistolu\/\" class=\"link-icon\" >\t\t\t\t\t<div class=\"circle-icon icon-style-set\" style=\"background-image: url(https:\/\/www.neotec.cz\/zund\/wp-content\/uploads\/2023\/05\/ic-Qsizes.png);background-color: #eeeeee\">\n\t\t\t\t\t\t\t\t\t\t\t<\/div>\n\t\t\t\t\t<\/a>\t\t\t\t<\/div>\n\t\t\t\n\t\t\t\t\t\t\t<a href=\"http:\/\/www.neotec.cz\/zund\/qvelikostistolu\/\" class=\"link-title\" >\n\t\t\t\t\t\t\t\t\t\t\t\t\t<\/a>\n\t\t\t\n\t\t\t\t\t\t\t\t\t\t<a\n\t\t\t\t\thref=\"http:\/\/www.neotec.cz\/zund\/qvelikostistolu\/\"\n\t\t\t\t\tclass=\"more-button\"\n\t\t\t\t\t\t\t\t\t\t\t\t\t\t>\n\t\t\t\t\tQ velikosti stol\u016f <i><\/i>\n\t\t\t\t<\/a>\n\t\t\t\t\t<\/div>\n\t\t<\/div><\/div><div id=\"pgc-2542-1-4\"  class=\"panel-grid-cell\" ><div id=\"panel-2542-1-4-0\" class=\"so-panel widget widget_circleicon-widget panel-first-child panel-last-child\" data-index=\"5\" >\t\t<div class=\"circle-icon-box circle-icon-position-top circle-icon-hide-box circle-icon-size-large \">\n\t\t\t\t\t\t\t<div class=\"circle-icon-wrapper\">\n\t\t\t\t\t\t\t\t\t\t<a href=\"http:\/\/www.neotec.cz\/zund\/q-videa\/\" class=\"link-icon\" >\t\t\t\t\t<div class=\"circle-icon icon-style-set\" style=\"background-image: url(https:\/\/www.neotec.cz\/zund\/wp-content\/uploads\/2023\/05\/ic_qvideo.png);background-color: #eeeeee\">\n\t\t\t\t\t\t\t\t\t\t\t<\/div>\n\t\t\t\t\t<\/a>\t\t\t\t<\/div>\n\t\t\t\n\t\t\t\t\t\t\t<a href=\"http:\/\/www.neotec.cz\/zund\/q-videa\/\" class=\"link-title\" >\n\t\t\t\t\t\t\t\t\t\t\t\t\t<\/a>\n\t\t\t\n\t\t\t\t\t\t\t\t\t\t<a\n\t\t\t\t\thref=\"http:\/\/www.neotec.cz\/zund\/q-videa\/\"\n\t\t\t\t\tclass=\"more-button\"\n\t\t\t\t\t\t\t\t\t\t\t\t\t\t>\n\t\t\t\t\tQ videa <i><\/i>\n\t\t\t\t<\/a>\n\t\t\t\t\t<\/div>\n\t\t<\/div><\/div><div id=\"pgc-2542-1-5\"  class=\"panel-grid-cell\" ><div id=\"panel-2542-1-5-0\" class=\"so-panel widget widget_circleicon-widget panel-first-child panel-last-child\" data-index=\"6\" >\t\t<div class=\"circle-icon-box circle-icon-position-top circle-icon-hide-box circle-icon-size-large \">\n\t\t\t\t\t\t\t<div class=\"circle-icon-wrapper\">\n\t\t\t\t\t\t\t\t\t\t<div class=\"circle-icon icon-style-set\" style=\"background-image: url(https:\/\/www.neotec.cz\/zund\/wp-content\/uploads\/2023\/05\/ic_qmsm.png);background-color: #888888\">\n\t\t\t\t\t\t\t\t\t\t\t<\/div>\n\t\t\t\t\t\t\t\t\t<\/div>\n\t\t\t\n\t\t\t\t\t\t\t\t\t\n\t\t\t\t\t\t\t\t\t\t<a\n\t\t\t\t\thref=\"http:\/\/www.neotec.cz\/zund\/qmsm\/\"\n\t\t\t\t\tclass=\"more-button\"\n\t\t\t\t\t\t\t\t\t\t\t\t\t\t>\n\t\t\t\t\tManipulace <i><\/i>\n\t\t\t\t<\/a>\n\t\t\t\t\t<\/div>\n\t\t<\/div><\/div><\/div><div id=\"pg-2542-2\"  class=\"panel-grid panel-no-style\" ><div id=\"pgc-2542-2-0\"  class=\"panel-grid-cell\" ><div id=\"panel-2542-2-0-0\" class=\"so-panel widget widget_sow-editor panel-first-child panel-last-child\" data-index=\"7\" ><div\n\t\t\t\n\t\t\tclass=\"so-widget-sow-editor so-widget-sow-editor-base\"\n\t\t\t\n\t\t><h3 class=\"widget-title\">Q-Line s BHS180 - pln\u011b automatick\u00e9 zakl\u00e1d\u00e1n\u00ed a vykl\u00e1d\u00e1n\u00ed desek zaji\u0161\u0165uj\u00edc\u00ed vysok\u00fd objem v\u00fdroby<\/h3>\n<div class=\"siteorigin-widget-tinymce textwidget\">\n\t<\/div>\n<\/div><\/div><\/div><\/div><div id=\"pg-2542-3\"  class=\"panel-grid panel-no-style\" ><div id=\"pgc-2542-3-0\"  class=\"panel-grid-cell\" ><div id=\"panel-2542-3-0-0\" class=\"so-panel widget widget_sow-editor panel-first-child panel-last-child\" data-index=\"8\" ><div\n\t\t\t\n\t\t\tclass=\"so-widget-sow-editor so-widget-sow-editor-base\"\n\t\t\t\n\t\t>\n<div class=\"siteorigin-widget-tinymce textwidget\">\n\t<p><img loading=\"lazy\" decoding=\"async\" class=\"alignnone size-large wp-image-2416\" src=\"https:\/\/www.neotec.cz\/zund\/wp-content\/uploads\/2023\/05\/2905-Q-Line-BHS180-sideview-wo-cage-1024x653.jpg\" alt=\"\" width=\"720\" height=\"459\" srcset=\"https:\/\/www.neotec.cz\/zund\/wp-content\/uploads\/2023\/05\/2905-Q-Line-BHS180-sideview-wo-cage-1024x653.jpg 1024w, https:\/\/www.neotec.cz\/zund\/wp-content\/uploads\/2023\/05\/2905-Q-Line-BHS180-sideview-wo-cage-300x191.jpg 300w, https:\/\/www.neotec.cz\/zund\/wp-content\/uploads\/2023\/05\/2905-Q-Line-BHS180-sideview-wo-cage-768x490.jpg 768w, https:\/\/www.neotec.cz\/zund\/wp-content\/uploads\/2023\/05\/2905-Q-Line-BHS180-sideview-wo-cage.jpg 1380w\" sizes=\"auto, (max-width: 720px) 100vw, 720px\" \/><\/p>\n<\/div>\n<\/div><\/div><\/div><div id=\"pgc-2542-3-1\"  class=\"panel-grid-cell\" ><div id=\"panel-2542-3-1-0\" class=\"so-panel widget widget_sow-editor panel-first-child panel-last-child\" data-index=\"9\" ><div\n\t\t\t\n\t\t\tclass=\"so-widget-sow-editor so-widget-sow-editor-base\"\n\t\t\t\n\t\t>\n<div class=\"siteorigin-widget-tinymce textwidget\">\n\t<h3 class=\"widget-title\"><\/h3>\n<div class=\"siteorigin-widget-tinymce textwidget\">\n<ul>\n<li>pln\u011b automatick\u00e9 zakl\u00e1d\u00e1n\u00ed a odb\u011br desek zaji\u0161\u0165uj\u00edc\u00ed vysok\u00fd objem v\u00fdroby<\/li>\n<li>navr\u017eeno pro nep\u0159etr\u017eit\u00fd provoz v pr\u016fmyslu<\/li>\n<li>velikost desek a\u017e 3,2 x 3,2 m<\/li>\n<li>tlou\u0161\u0165ka desky a\u017e 65 mm<\/li>\n<li>max. hmotnost desky 25 kg<\/li>\n<li>\u0161tosovac\u00ed v\u00fd\u0161ka z\u00e1sobn\u00edku 1.800 mm<\/li>\n<li>dostupn\u00e9 pro stroje Z\u00fcnd Q-Line<\/li>\n<\/ul>\n<\/div>\n<\/div>\n<\/div><\/div><\/div><\/div><div id=\"pg-2542-4\"  class=\"panel-grid panel-no-style\" ><div id=\"pgc-2542-4-0\"  class=\"panel-grid-cell\" ><div id=\"panel-2542-4-0-0\" class=\"so-panel widget widget_sow-editor panel-first-child panel-last-child\" data-index=\"10\" ><div\n\t\t\t\n\t\t\tclass=\"so-widget-sow-editor so-widget-sow-editor-base\"\n\t\t\t\n\t\t>\n<div class=\"siteorigin-widget-tinymce textwidget\">\n\t<p><img loading=\"lazy\" decoding=\"async\" class=\"alignnone size-full wp-image-2552\" src=\"https:\/\/www.neotec.cz\/zund\/wp-content\/uploads\/2023\/05\/Q-line-Undercam.jpg\" alt=\"\" width=\"580\" height=\"330\" srcset=\"https:\/\/www.neotec.cz\/zund\/wp-content\/uploads\/2023\/05\/Q-line-Undercam.jpg 580w, https:\/\/www.neotec.cz\/zund\/wp-content\/uploads\/2023\/05\/Q-line-Undercam-300x171.jpg 300w\" sizes=\"auto, (max-width: 580px) 100vw, 580px\" \/><\/p>\n<\/div>\n<\/div><\/div><\/div><div id=\"pgc-2542-4-1\"  class=\"panel-grid-cell\" ><div id=\"panel-2542-4-1-0\" class=\"so-panel widget widget_sow-editor panel-first-child panel-last-child\" data-index=\"11\" ><div\n\t\t\t\n\t\t\tclass=\"so-widget-sow-editor so-widget-sow-editor-base\"\n\t\t\t\n\t\t>\n<div class=\"siteorigin-widget-tinymce textwidget\">\n\t<h3 class=\"widget-title\">UNDERCAM<\/h3>\n<div class=\"siteorigin-widget-tinymce textwidget\">\n<p>Syst\u00e9m UNDERCAM integrovan\u00fd v podava\u010di desek zaznamen\u00e1v\u00e1 p\u0159esn\u00e9 um\u00edst\u011bn\u00ed obrazu vyti\u0161t\u011bn\u00e9ho<br \/>\nna desce. Spolehliv\u011b identifikuje p\u0159\u00edpadn\u00e9 deformace tisku, vyrovn\u00e1 je a poka\u017ed\u00e9 dokonale p\u0159izp\u016fsob\u00ed<br \/>\n\u0159ez k tisku. P\u0159i ka\u017ed\u00e9m skenov\u00e1n\u00ed software p\u0159izp\u016fsobuje dr\u00e1hy \u0159ezu ti\u0161t\u011bn\u00e9mu obrazu, za b\u011bhu a v<br \/>\nre\u00e1ln\u00e9m \u010dase, \u010d\u00edm\u017e v\u00fdrazn\u011b zkracuje dobu cyklu pro ka\u017edou \u00falohu.<\/p>\n<\/div>\n<\/div>\n<\/div><\/div><\/div><\/div><div id=\"pg-2542-5\"  class=\"panel-grid panel-no-style\" ><div id=\"pgc-2542-5-0\"  class=\"panel-grid-cell\" ><div id=\"panel-2542-5-0-0\" class=\"so-panel widget widget_sow-editor panel-first-child panel-last-child\" data-index=\"12\" ><div\n\t\t\t\n\t\t\tclass=\"so-widget-sow-editor so-widget-sow-editor-base\"\n\t\t\t\n\t\t>\n<div class=\"siteorigin-widget-tinymce textwidget\">\n\t<p><img loading=\"lazy\" decoding=\"async\" class=\"alignnone size-full wp-image-2555\" src=\"https:\/\/www.neotec.cz\/zund\/wp-content\/uploads\/2023\/05\/BHS180-Bogen.jpg\" alt=\"\" width=\"580\" height=\"330\" srcset=\"https:\/\/www.neotec.cz\/zund\/wp-content\/uploads\/2023\/05\/BHS180-Bogen.jpg 580w, https:\/\/www.neotec.cz\/zund\/wp-content\/uploads\/2023\/05\/BHS180-Bogen-300x171.jpg 300w\" sizes=\"auto, (max-width: 580px) 100vw, 580px\" \/><\/p>\n<\/div>\n<\/div><\/div><\/div><div id=\"pgc-2542-5-1\"  class=\"panel-grid-cell\" ><div id=\"panel-2542-5-1-0\" class=\"so-panel widget widget_sow-editor panel-first-child panel-last-child\" data-index=\"13\" ><div\n\t\t\t\n\t\t\tclass=\"so-widget-sow-editor so-widget-sow-editor-base\"\n\t\t\t\n\t\t><h3 class=\"widget-title\">Identifikace pozice desek<\/h3>\n<div class=\"siteorigin-widget-tinymce textwidget\">\n\t<p class=\"widget-title\">B\u011bhem procesu pod\u00e1v\u00e1n\u00ed zachyt\u00ed senzory okraje materi\u00e1lu a deska je spr\u00e1vn\u011b vyrovn\u00e1na. Nen\u00ed-li deska v toleranci, podava\u010d desky desku je\u0161t\u011b jednou uchop\u00ed a p\u0159erovn\u00e1 tak, aby mohla b\u00fdt bez p\u0159eru\u0161en\u00ed pod\u00e1v\u00e1na na pracovn\u00ed plochu \u0159ezac\u00edho plotru. To umo\u017e\u0148uje zpracov\u00e1n\u00ed i nedokonale naskl\u00e1dan\u00fdch materi\u00e1l\u016f, co\u017e d\u00e1le zefektiv\u0148uje v\u00fdrobn\u00ed pracovn\u00ed postup. Aby bylo zaji\u0161t\u011bno spolehliv\u00e9 odd\u011blen\u00ed desek, lze p\u0159epracovan\u00e9 p\u0159\u00edsavky individu\u00e1ln\u011b upravit pro r\u016fzn\u00e9 materi\u00e1ly prost\u0159ednictv\u00edm Z\u00fcnd Cut Center (opera\u010dn\u00ed software ZCC).<\/p>\n<\/div>\n<\/div><\/div><\/div><\/div><div id=\"pg-2542-6\"  class=\"panel-grid panel-no-style\" ><div id=\"pgc-2542-6-0\"  class=\"panel-grid-cell\" ><div id=\"panel-2542-6-0-0\" class=\"so-panel widget widget_sow-editor panel-first-child panel-last-child\" data-index=\"14\" ><div\n\t\t\t\n\t\t\tclass=\"so-widget-sow-editor so-widget-sow-editor-base\"\n\t\t\t\n\t\t>\n<div class=\"siteorigin-widget-tinymce textwidget\">\n\t<p><img loading=\"lazy\" decoding=\"async\" class=\"alignnone size-full wp-image-2556\" src=\"https:\/\/www.neotec.cz\/zund\/wp-content\/uploads\/2023\/05\/BHS180-Stacker.jpg\" alt=\"\" width=\"580\" height=\"330\" srcset=\"https:\/\/www.neotec.cz\/zund\/wp-content\/uploads\/2023\/05\/BHS180-Stacker.jpg 580w, https:\/\/www.neotec.cz\/zund\/wp-content\/uploads\/2023\/05\/BHS180-Stacker-300x171.jpg 300w\" sizes=\"auto, (max-width: 580px) 100vw, 580px\" \/><\/p>\n<\/div>\n<\/div><\/div><\/div><div id=\"pgc-2542-6-1\"  class=\"panel-grid-cell\" ><div id=\"panel-2542-6-1-0\" class=\"so-panel widget widget_sow-editor panel-first-child panel-last-child\" data-index=\"15\" ><div\n\t\t\t\n\t\t\tclass=\"so-widget-sow-editor so-widget-sow-editor-base\"\n\t\t\t\n\t\t><h3 class=\"widget-title\">Perfektn\u00ed vykl\u00e1d\u00e1n\u00ed a stohov\u00e1n\u00ed<\/h3>\n<div class=\"siteorigin-widget-tinymce textwidget\">\n\t<p class=\"widget-title\">Inovativn\u00ed design v\u00fdstupn\u00ed jednotky umo\u017e\u0148uje snadn\u00e9 a \u010dist\u00e9 stohov\u00e1n\u00ed zpracovan\u00fdch karton\u016f i bez<br \/>\n\u0159ezan\u00fdch pomocn\u00fdch m\u016fstk\u016f. R\u016fzn\u00e9 \u00falohy jsou naskl\u00e1d\u00e1ny m\u00edrn\u011b p\u0159esazen\u011b, co\u017e umo\u017e\u0148uje snadn\u00e9<br \/>\nodeb\u00edr\u00e1n\u00ed dokon\u010den\u00fdch \u00faloh pro n\u00e1sledn\u00e9 zpracov\u00e1n\u00ed. I p\u0159\u00edpadn\u00e9 vadn\u00e9 desky jsou ulo\u017eeny s viditeln\u00fdm<br \/>\nposunem, lze je tak snadno detekovat a z palety odstranit<\/p>\n<\/div>\n<\/div><\/div><\/div><\/div><div id=\"pg-2542-7\"  class=\"panel-grid panel-no-style\" ><div id=\"pgc-2542-7-0\"  class=\"panel-grid-cell\" ><div id=\"panel-2542-7-0-0\" class=\"so-panel widget widget_sow-editor panel-first-child panel-last-child\" data-index=\"16\" ><div\n\t\t\t\n\t\t\tclass=\"so-widget-sow-editor so-widget-sow-editor-base\"\n\t\t\t\n\t\t><h3 class=\"widget-title\">Ke sta\u017een\u00ed<\/h3>\n<div class=\"siteorigin-widget-tinymce textwidget\">\n\t<p><a href=\"https:\/\/www.neotec.cz\/zund\/wp-content\/uploads\/2023\/05\/Zund_Q-Line_BHS180_CZ.pdf\" target=\"_blank\" rel=\"noopener\">Nov\u00e1 \u0159ada \u0159ezac\u00edch plotr\u016f Q-Line s BHS180 (CZ)<\/a><a href=\"https:\/\/www.neotec.cz\/zund\/wp-content\/uploads\/2023\/05\/Zund_Q-Line_BHS180_CZ.pdf\" target=\"_blank\" rel=\"noopener\"><img loading=\"lazy\" decoding=\"async\" class=\"alignleft wp-image-1108 size-full\" src=\"http:\/\/www.neotec.cz\/zund\/wp-content\/uploads\/2016\/02\/picPDF.png\" alt=\"picPDF\" width=\"32\" height=\"32\" \/><\/a><br \/>\n<br \/>&nbsp;<br \/>\n<a href=\"https:\/\/www.neotec.cz\/zund\/wp-content\/uploads\/2023\/05\/Technical_data_Q-Line_BHS-180_Undercam_CZ.pdf\" target=\"_blank\" rel=\"noopener\">Q-Line s BHS180 Technick\u00fd list (CZ)<\/a><a href=\"https:\/\/www.neotec.cz\/zund\/wp-content\/uploads\/2023\/05\/Technical_data_Q-Line_BHS-180_Undercam_CZ.pdf\" target=\"_blank\" rel=\"noopener\"><img loading=\"lazy\" decoding=\"async\" class=\"alignleft wp-image-1108 size-full\" src=\"http:\/\/www.neotec.cz\/zund\/wp-content\/uploads\/2016\/02\/picPDF.png\" alt=\"picPDF\" width=\"32\" height=\"32\" \/><\/a><\/p>\n<\/div>\n<\/div><\/div><\/div><\/div><\/div>","protected":false},"excerpt":{"rendered":"<p>\u0158ezac\u00ed plotr Q-Line\u00a0 &#8211; manipulace s materi\u00e1lem<\/p>\n","protected":false},"author":1,"featured_media":0,"parent":0,"menu_order":0,"comment_status":"closed","ping_status":"closed","template":"templates\/template-full-notitle.php","meta":{"footnotes":""},"class_list":["post-2542","page","type-page","status-publish","hentry","post"],"_links":{"self":[{"href":"https:\/\/www.neotec.cz\/zund\/wp-json\/wp\/v2\/pages\/2542","targetHints":{"allow":["GET"]}}],"collection":[{"href":"https:\/\/www.neotec.cz\/zund\/wp-json\/wp\/v2\/pages"}],"about":[{"href":"https:\/\/www.neotec.cz\/zund\/wp-json\/wp\/v2\/types\/page"}],"author":[{"embeddable":true,"href":"https:\/\/www.neotec.cz\/zund\/wp-json\/wp\/v2\/users\/1"}],"replies":[{"embeddable":true,"href":"https:\/\/www.neotec.cz\/zund\/wp-json\/wp\/v2\/comments?post=2542"}],"version-history":[{"count":21,"href":"https:\/\/www.neotec.cz\/zund\/wp-json\/wp\/v2\/pages\/2542\/revisions"}],"predecessor-version":[{"id":2608,"href":"https:\/\/www.neotec.cz\/zund\/wp-json\/wp\/v2\/pages\/2542\/revisions\/2608"}],"wp:attachment":[{"href":"https:\/\/www.neotec.cz\/zund\/wp-json\/wp\/v2\/media?parent=2542"}],"curies":[{"name":"wp","href":"https:\/\/api.w.org\/{rel}","templated":true}]}}