{"id":2634,"date":"2024-02-12T13:41:07","date_gmt":"2024-02-12T12:41:07","guid":{"rendered":"https:\/\/www.neotec.cz\/zund\/?page_id=2634"},"modified":"2024-03-14T11:31:14","modified_gmt":"2024-03-14T10:31:14","slug":"fespa","status":"publish","type":"page","link":"https:\/\/www.neotec.cz\/zund\/fespa\/","title":{"rendered":"Novinky-Fespa"},"content":{"rendered":"<div id=\"pl-2634\"  class=\"panel-layout\" ><div id=\"pg-2634-0\"  class=\"panel-grid panel-no-style\" ><div id=\"pgc-2634-0-0\"  class=\"panel-grid-cell\" ><div id=\"panel-2634-0-0-0\" class=\"so-panel widget widget_sow-editor panel-first-child panel-last-child\" data-index=\"0\" ><div\n\t\t\t\n\t\t\tclass=\"so-widget-sow-editor so-widget-sow-editor-base\"\n\t\t\t\n\t\t>\n<div class=\"siteorigin-widget-tinymce textwidget\">\n\t<h1>Z\u00fcnd na Fespa Print Expo 2024:<\/h1>\n<h1>\u0158ezat digit\u00e1ln\u011b se vyplat\u00ed<\/h1>\n<p><strong>Altst\u00e4tten, \u0160v\u00fdcarsko, 2. \u00fanora 2024 \u2013 Z\u00fcnd bude vystavovat 19. a\u017e 22. b\u0159ezna na veletrhu Fespa Global Print Expo v\u00a0Amsterdamu. Na p\u0159edn\u00ed evropsk\u00e9 v\u00fdstav\u011b digit\u00e1ln\u00edho velkoform\u00e1tov\u00e9ho tisku budou m\u00edt n\u00e1v\u0161t\u011bvn\u00edci mo\u017enost zjistit, jak lze automatizovat digit\u00e1ln\u00ed \u0159ez\u00e1n\u00ed mnoha r\u016fzn\u00fdmi zp\u016fsoby.<\/strong><\/p>\n<p>Na st\u00e1nku D40 v hale 1 spole\u010dnost Z\u00fcnd p\u0159edvede, jak v\u00fdkonn\u00e1 technologie digit\u00e1ln\u00edho \u0159ez\u00e1n\u00ed, v\u00a0kombinaci s inteligentn\u00edm softwarem a \u0159adou voliteln\u00fdch \u0159e\u0161en\u00ed pro automatizovanou manipulaci s\u00a0materi\u00e1lem, m\u016f\u017ee u\u010dinit digit\u00e1ln\u00ed \u0159ez\u00e1n\u00ed efektivn\u00edm a \u00fasporn\u00fdm. Pomoc\u00ed \u0159ezac\u00edch \u0159e\u0161en\u00ed Z\u00fcnd mohou poskytovatel\u00e9 tiskov\u00fdch slu\u017eeb v\u0161ech velikost\u00ed maximalizovat provozn\u00ed dobu a sou\u010dasn\u011b sn\u00ed\u017eit v\u00fdrobn\u00ed n\u00e1klady. To zase trvale zvy\u0161uje celkovou ziskovost jejich \u0159ezac\u00edch a dokon\u010dovac\u00edch operac\u00ed.<\/p>\n<p>Produktov\u00e1 \u0159ada Z\u00fcnd je vysoce modul\u00e1rn\u00ed, co\u017e umo\u017e\u0148uje rychle a snadno p\u0159id\u00e1vat dal\u0161\u00ed n\u00e1stroje a\u00a0mo\u017enosti manipulace s materi\u00e1lem podle rostouc\u00edch po\u017eadavk\u016f nebo zm\u011bn. Mo\u017enost konfigurovat katry Z\u00fcnd podle specifick\u00fdch po\u017eadavk\u016f z nich \u010din\u00ed bezpe\u010dnou a n\u00e1kladov\u011b efektivn\u00ed investici do\u00a0budoucnosti.<\/p>\n<p><strong>Poloautomatick\u00e9 pod\u00e1v\u00e1n\u00ed desek b\u011bhem prob\u00edhaj\u00edc\u00ed v\u00fdroby<\/strong><\/p>\n<p>Pokud jde o dal\u0161\u00ed zv\u00fd\u0161en\u00ed efektivity n\u00e1klad\u016f pomoc\u00ed inovativn\u00edch \u0159e\u0161en\u00ed, p\u0159\u00edkladem je nov\u00e9 roz\u0161\u00ed\u0159en\u00ed Z\u00fcnd pro nakl\u00e1d\u00e1n\u00ed desek s UNDERCAM. To umo\u017e\u0148uje poloautomatick\u00e9 pod\u00e1v\u00e1n\u00ed desek, identifikaci a\u00a0registraci \u00faloh, to v\u0161e b\u011bhem procesu v\u00fdroby. V\u00fdsledn\u00e1 efektivita a flexibilita provozu katru \u0161et\u0159\u00ed \u010das i\u00a0n\u00e1klady. Syst\u00e9m se skl\u00e1d\u00e1 z\u00a0prodlou\u017een\u00ed katru se sklen\u011bnou deskou a UNDERCAM pro evidenci zak\u00e1zek ze spodn\u00ed strany. To v\u00fdrazn\u011b zvy\u0161uje produktivitu i u aplikac\u00ed, kter\u00e9 zahrnuj\u00ed \u0159ez\u00e1n\u00ed a rylov\u00e1n\u00ed na horn\u00ed stran\u011b materi\u00e1lu.<\/p>\n<p><strong>Chytr\u00e9 \u0159ez\u00e1n\u00ed se softwarem od spole\u010dnosti Z\u00fcnd<\/strong><\/p>\n<p>V Amsterdamu bude Z\u00fcnd tak\u00e9 vystavovat \u0159e\u0161en\u00ed pro automatizaci pracovn\u00edch postup\u016f. PrimeCenter je jedn\u00edm z\u00a0p\u0159\u00edklad\u016f. Tento software umo\u017e\u0148uje jednoduchou a automatizovanou p\u0159\u00edpravu tiskov\u00fdch a\u00a0\u0159ezn\u00fdch soubor\u016f. Jako \u0159\u00eddic\u00ed centrum v p\u0159edtiskov\u00e9 p\u0159\u00edprav\u011b zaji\u0161\u0165uje vysoce produktivn\u00ed a efektivn\u00ed tok dat. Polohov\u00e1n\u00ed tisku a v\u00fd\u0159ezu, lze vytvo\u0159it pouh\u00fdmi n\u011bkolika kliknut\u00edmi.<\/p>\n<p>Z\u00fcnd Connect, jednoduch\u00e9 \u0159e\u0161en\u00ed pro monitorov\u00e1n\u00ed a anal\u00fdzu v\u00fdroby, hraje kl\u00ed\u010dovou roli p\u0159i identifikaci potenci\u00e1ln\u00edch oblast\u00ed pro optimalizaci v\u00fdrobn\u00edho procesu. V\u00fdpo\u010dtem celkov\u00e9 efektivity za\u0159\u00edzen\u00ed p\u0159ipojen\u00fdch katr\u016f Z\u00fcnd pom\u00e1h\u00e1 monitorovac\u00ed a analytick\u00fd software zlep\u0161it efektivitu v\u00fdroby a\u00a0poskytuje d\u016fle\u017eit\u00e9 ukazatele pro udr\u017eitelnou optimalizaci v\u00fdroby. To zase umo\u017e\u0148uje v\u00fdrazn\u011b lep\u0161\u00ed dostupnost a v\u00fdkon stroje.<\/p>\n<p><strong>Efektivita, od objedn\u00e1n\u00ed a\u017e po odesl\u00e1n\u00ed<\/strong><\/p>\n<p>Z\u00fcnd tak\u00e9 vystav\u00ed r\u016fzn\u00e1 \u0159e\u0161en\u00ed pro \u010d\u00e1ste\u010dnou a pln\u011b automatizovanou manipulaci s materi\u00e1lem. Tato \u0159e\u0161en\u00ed nab\u00edzej\u00ed velk\u00e9 potenci\u00e1ln\u00ed \u00faspory v\u00fdrobc\u016fm grafiky v\u0161ech velikost\u00ed. V\u0161echny maj\u00ed spole\u010dn\u00e9 to, \u017ee\u00a0mohou pracovat bez lidsk\u00e9ho z\u00e1sahu a zajistit konzistentn\u00ed, nep\u0159eru\u0161ovanou produkci. Takov\u00e9 produk\u010dn\u00ed bu\u0148ky jsou zvl\u00e1\u0161t\u011b \u00fa\u010dinn\u00e9 p\u0159i sni\u017eov\u00e1n\u00ed mzdov\u00fdch n\u00e1klad\u016f.<\/p>\n<p>N\u00e1v\u0161t\u011bvn\u00edci st\u00e1nku Z\u00fcnd budou m\u00edt p\u0159\u00edle\u017eitost vid\u011bt, jak mohou vyu\u017e\u00edvat kompletn\u011b p\u0159epracovan\u00e9 Z\u00fcnd Cut Center - ZCC tak\u00e9 k ovl\u00e1d\u00e1n\u00ed robot\u016f a automatick\u00e9mu odeb\u00edr\u00e1n\u00ed a t\u0159\u00edd\u011bn\u00ed hotov\u00fdch d\u00edl\u016f.<\/p>\n<p>Z\u00fcnd bude tento proces demonstrovat na syst\u00e9mu Robot PortaTable 130 od spole\u010dnosti Robotfactory, kter\u00e1 je partnerem Z\u00fcndu. Toto \u0159e\u0161en\u00ed se skl\u00e1d\u00e1 z mobiln\u00edho stolu vybaven\u00e9ho robotick\u00fdm ramenem, kter\u00e9 lze flexibiln\u011b nastavit a p\u0159em\u00edstit z jedn\u00e9 fr\u00e9zy Z\u00fcnd na druhou. Mo\u017enost vizualizace s optick\u00fdm zna\u010den\u00edm d\u00edl\u016f a pou\u017eit\u00edm ti\u0161t\u011bn\u00fdch QR k\u00f3d\u016f nab\u00edz\u00ed v\u00edce zp\u016fsob\u016f, jak usnadnit v\u00fdrobn\u00ed proces a\u00a0zefektivnit jej. Pou\u017eit\u00ed metadat umo\u017e\u0148uje \u00fapln\u00e9 sledov\u00e1n\u00ed \u00faloh a zaru\u010duje hladkou a efektivn\u00ed logistiku v cel\u00e9m rozsahu.<\/p>\n<p><a href=\"http:\/\/www.zund.com\"><strong>www.zund.com<\/strong><\/a><\/p>\n<p><strong>\u00a0<\/strong><\/p>\n<p><img loading=\"lazy\" decoding=\"async\" class=\"size-full wp-image-2637 aligncenter\" src=\"https:\/\/www.neotec.cz\/zund\/wp-content\/uploads\/2024\/02\/fespa.png\" alt=\"Fespa\" width=\"469\" height=\"279\" srcset=\"https:\/\/www.neotec.cz\/zund\/wp-content\/uploads\/2024\/02\/fespa.png 469w, https:\/\/www.neotec.cz\/zund\/wp-content\/uploads\/2024\/02\/fespa-300x178.png 300w\" sizes=\"auto, (max-width: 469px) 100vw, 469px\" \/><\/p>\n<p>&nbsp;<\/p>\n<p><strong>Z\u00fcnd \u2013 inovace a odborn\u00e9 znalosti v oblasti digit\u00e1ln\u00edho \u0159ez\u00e1n\u00ed. Ji\u017e 40 let.<\/strong><\/p>\n<p>Z\u00fcnd Systemtechnik AG je celosv\u011btov\u011b aktivn\u00ed, rodinn\u00fd \u0161v\u00fdcarsk\u00fd v\u00fdrobce vysoce pokro\u010dil\u00fdch digit\u00e1ln\u00edch \u0159ezac\u00edch syst\u00e9m\u016f. Jm\u00e9no Z\u00fcnd znamen\u00e1 \u0161v\u00fdcarskou kvalitu a ji\u017e 40 let je synonymem preciznosti, v\u00fdkonu a spolehlivosti. Z\u00fcnd navrhuje, vyr\u00e1b\u00ed a prod\u00e1v\u00e1 modul\u00e1rn\u00ed \u0159ezac\u00ed syst\u00e9my od roku 1984 a je jedn\u00edm z p\u0159edn\u00edch sv\u011btov\u00fdch v\u00fdrobc\u016f.<\/p>\n<p>Z\u00e1kaznick\u00e1 z\u00e1kladna Z\u00fcndu zahrnuje poskytovatele slu\u017eeb a v\u00fdrobce v grafick\u00e9m, obalov\u00e9m, od\u011bvn\u00edm a ko\u017eed\u011bln\u00e9m pr\u016fmyslu, stejn\u011b jako v textiln\u00edch a kompozitn\u00edch aplikac\u00edch. Glob\u00e1ln\u00ed centr\u00e1la spole\u010dnosti Z\u00fcnd ve \u0161v\u00fdcarsk\u00e9m Altst\u00e4ttenu je domovem odd\u011blen\u00ed v\u00fdzkumu a v\u00fdvoje, marketingu a\u00a0v\u00fdroby. Krom\u011b vlastn\u00edch mezin\u00e1rodn\u00edch prodejn\u00edch a servisn\u00edch organizac\u00ed se Z\u00fcnd Systemtechnik spol\u00e9h\u00e1 na celosv\u011btovou s\u00ed\u0165 dlouhodob\u00fdch nez\u00e1visl\u00fdch distribu\u010dn\u00edch partner\u016f.<\/p>\n<p>&nbsp;<\/p>\n<\/div>\n<\/div><\/div><\/div><\/div><\/div>","protected":false},"excerpt":{"rendered":"<p>Z\u00fcnd na Fespa Print Expo 2024: \u0158ezat digit\u00e1ln\u011b se vyplat\u00ed Altst\u00e4tten, \u0160v\u00fdcarsko, 2. \u00fanora 2024 \u2013 Z\u00fcnd bude vystavovat 19. a\u017e 22. b\u0159ezna na veletrhu Fespa Global Print Expo v\u00a0Amsterdamu. Na p\u0159edn\u00ed evropsk\u00e9 v\u00fdstav\u011b digit\u00e1ln\u00edho velkoform\u00e1tov\u00e9ho tisku budou m\u00edt n\u00e1v\u0161t\u011bvn\u00edci mo\u017enost zjistit, jak lze automatizovat digit\u00e1ln\u00ed \u0159ez\u00e1n\u00ed mnoha r\u016fzn\u00fdmi zp\u016fsoby. Na st\u00e1nku D40 v hale [&hellip;]<\/p>\n","protected":false},"author":1,"featured_media":0,"parent":0,"menu_order":0,"comment_status":"closed","ping_status":"closed","template":"templates\/template-full-notitle.php","meta":{"footnotes":""},"class_list":["post-2634","page","type-page","status-publish","hentry","post"],"_links":{"self":[{"href":"https:\/\/www.neotec.cz\/zund\/wp-json\/wp\/v2\/pages\/2634","targetHints":{"allow":["GET"]}}],"collection":[{"href":"https:\/\/www.neotec.cz\/zund\/wp-json\/wp\/v2\/pages"}],"about":[{"href":"https:\/\/www.neotec.cz\/zund\/wp-json\/wp\/v2\/types\/page"}],"author":[{"embeddable":true,"href":"https:\/\/www.neotec.cz\/zund\/wp-json\/wp\/v2\/users\/1"}],"replies":[{"embeddable":true,"href":"https:\/\/www.neotec.cz\/zund\/wp-json\/wp\/v2\/comments?post=2634"}],"version-history":[{"count":8,"href":"https:\/\/www.neotec.cz\/zund\/wp-json\/wp\/v2\/pages\/2634\/revisions"}],"predecessor-version":[{"id":2793,"href":"https:\/\/www.neotec.cz\/zund\/wp-json\/wp\/v2\/pages\/2634\/revisions\/2793"}],"wp:attachment":[{"href":"https:\/\/www.neotec.cz\/zund\/wp-json\/wp\/v2\/media?parent=2634"}],"curies":[{"name":"wp","href":"https:\/\/api.w.org\/{rel}","templated":true}]}}