{"id":2653,"date":"2024-02-21T16:19:58","date_gmt":"2024-02-21T15:19:58","guid":{"rendered":"https:\/\/www.neotec.cz\/zund\/?page_id=2653"},"modified":"2024-02-26T14:30:39","modified_gmt":"2024-02-26T13:30:39","slug":"zccdet","status":"publish","type":"page","link":"https:\/\/www.neotec.cz\/zund\/zccdet\/","title":{"rendered":"ZCC V4 Edice a mo\u017enosti"},"content":{"rendered":"<div id=\"pl-2653\"  class=\"panel-layout\" ><div id=\"pg-2653-0\"  class=\"panel-grid panel-no-style\" ><div id=\"pgc-2653-0-0\"  class=\"panel-grid-cell\" ><div id=\"panel-2653-0-0-0\" class=\"so-panel widget widget_sow-editor panel-first-child panel-last-child\" data-index=\"0\" ><div\n\t\t\t\n\t\t\tclass=\"so-widget-sow-editor so-widget-sow-editor-base\"\n\t\t\t\n\t\t>\n<div class=\"siteorigin-widget-tinymce textwidget\">\n\t<h2><strong>ZCC - Software pro digit\u00e1ln\u00ed \u0159ez\u00e1n\u00ed<\/strong><\/h2>\n<\/div>\n<\/div><\/div><\/div><\/div><div id=\"pg-2653-1\"  class=\"panel-grid panel-no-style\" ><div id=\"pgc-2653-1-0\"  class=\"panel-grid-cell\" ><div id=\"panel-2653-1-0-0\" class=\"so-panel widget widget_circleicon-widget panel-first-child panel-last-child\" data-index=\"1\" >\t\t<div class=\"circle-icon-box circle-icon-position-top circle-icon-hide-box circle-icon-size-large \">\n\t\t\t\t\t\t\t<div class=\"circle-icon-wrapper\">\n\t\t\t\t\t\t\t\t\t\t<a href=\"http:\/\/www.neotec.cz\/zund\/software\/\" class=\"link-icon\" >\t\t\t\t\t<div class=\"circle-icon icon-style-set\" style=\"background-image: url(http:\/\/www.neotec.cz\/zund\/wp-content\/uploads\/2016\/02\/ic-zcc.png);background-color: #eeeeee\">\n\t\t\t\t\t\t\t\t\t\t\t<\/div>\n\t\t\t\t\t<\/a>\t\t\t\t<\/div>\n\t\t\t\n\t\t\t\t\t\t\t<a href=\"http:\/\/www.neotec.cz\/zund\/software\/\" class=\"link-title\" >\n\t\t\t\t\t\t\t\t\t\t\t\t\t<\/a>\n\t\t\t\n\t\t\t\t\t\t\t\t\t\t<a\n\t\t\t\t\thref=\"http:\/\/www.neotec.cz\/zund\/software\/\"\n\t\t\t\t\tclass=\"more-button\"\n\t\t\t\t\t\t\t\t\t\t\t\t\t\t>\n\t\t\t\t\tZCC Sezn\u00e1men\u00ed <i><\/i>\n\t\t\t\t<\/a>\n\t\t\t\t\t<\/div>\n\t\t<\/div><\/div><div id=\"pgc-2653-1-1\"  class=\"panel-grid-cell\" ><div id=\"panel-2653-1-1-0\" class=\"so-panel widget widget_circleicon-widget panel-first-child panel-last-child\" data-index=\"2\" >\t\t<div class=\"circle-icon-box circle-icon-position-top circle-icon-hide-box circle-icon-size-large \">\n\t\t\t\t\t\t\t<div class=\"circle-icon-wrapper\">\n\t\t\t\t\t\t\t\t\t\t<div class=\"circle-icon icon-style-set\" style=\"background-image: url(http:\/\/www.neotec.cz\/zund\/wp-content\/uploads\/2016\/02\/ic-zccdet.png);background-color: #888888\">\n\t\t\t\t\t\t\t\t\t\t\t<\/div>\n\t\t\t\t\t\t\t\t\t<\/div>\n\t\t\t\n\t\t\t\t\t\t\t\t\t\n\t\t\t\t\t\t\t\t\t\t<a\n\t\t\t\t\thref=\"http:\/\/www.neotec.cz\/zund\/zccdet\/\"\n\t\t\t\t\tclass=\"more-button\"\n\t\t\t\t\t\t\t\t\t\t\t\t\t\t>\n\t\t\t\t\tZCC Edice <i><\/i>\n\t\t\t\t<\/a>\n\t\t\t\t\t<\/div>\n\t\t<\/div><\/div><div id=\"pgc-2653-1-2\"  class=\"panel-grid-cell\" ><div id=\"panel-2653-1-2-0\" class=\"so-panel widget widget_circleicon-widget panel-first-child panel-last-child\" data-index=\"3\" >\t\t<div class=\"circle-icon-box circle-icon-position-top circle-icon-hide-box circle-icon-size-large \">\n\t\t\t\t\t\t\t<div class=\"circle-icon-wrapper\">\n\t\t\t\t\t\t\t\t\t\t<a href=\"http:\/\/www.neotec.cz\/zund\/zccvidea\" class=\"link-icon\" >\t\t\t\t\t<div class=\"circle-icon icon-style-set\" style=\"background-image: url(http:\/\/www.neotec.cz\/zund\/wp-content\/uploads\/2016\/02\/ic_zccvideo.png);background-color: #eeeeee\">\n\t\t\t\t\t\t\t\t\t\t\t<\/div>\n\t\t\t\t\t<\/a>\t\t\t\t<\/div>\n\t\t\t\n\t\t\t\t\t\t\t<a href=\"http:\/\/www.neotec.cz\/zund\/zccvidea\" class=\"link-title\" >\n\t\t\t\t\t\t\t\t\t\t\t\t\t<\/a>\n\t\t\t\n\t\t\t\t\t\t\t\t\t\t<a\n\t\t\t\t\thref=\"http:\/\/www.neotec.cz\/zund\/zccvidea\"\n\t\t\t\t\tclass=\"more-button\"\n\t\t\t\t\t\t\t\t\t\t\t\t\t\t>\n\t\t\t\t\tZCC Videa <i><\/i>\n\t\t\t\t<\/a>\n\t\t\t\t\t<\/div>\n\t\t<\/div><\/div><div id=\"pgc-2653-1-3\"  class=\"panel-grid-cell\" ><div id=\"panel-2653-1-3-0\" class=\"so-panel widget widget_circleicon-widget panel-first-child panel-last-child\" data-index=\"4\" >\t\t<div class=\"circle-icon-box circle-icon-position-top circle-icon-hide-box circle-icon-size-large \">\n\t\t\t\t\t\t\t<div class=\"circle-icon-wrapper\">\n\t\t\t\t\t\t\t\t\t\t<a href=\"http:\/\/www.neotec.cz\/zund\/zcczc\" class=\"link-icon\" >\t\t\t\t\t<div class=\"circle-icon icon-style-set\" style=\"background-image: url(https:\/\/www.neotec.cz\/zund\/wp-content\/uploads\/2022\/03\/ic-zccZC.png);background-color: #eeeeee\">\n\t\t\t\t\t\t\t\t\t\t\t<\/div>\n\t\t\t\t\t<\/a>\t\t\t\t<\/div>\n\t\t\t\n\t\t\t\t\t\t\t<a href=\"http:\/\/www.neotec.cz\/zund\/zcczc\" class=\"link-title\" >\n\t\t\t\t\t\t\t\t\t\t\t\t\t<\/a>\n\t\t\t\n\t\t\t\t\t\t\t\t\t\t<a\n\t\t\t\t\thref=\"http:\/\/www.neotec.cz\/zund\/zcczc\"\n\t\t\t\t\tclass=\"more-button\"\n\t\t\t\t\t\t\t\t\t\t\t\t\t\t>\n\t\t\t\t\tZ\u00fcnd Connect <i><\/i>\n\t\t\t\t<\/a>\n\t\t\t\t\t<\/div>\n\t\t<\/div><\/div><div id=\"pgc-2653-1-4\"  class=\"panel-grid-cell\" ><div id=\"panel-2653-1-4-0\" class=\"so-panel widget widget_circleicon-widget panel-first-child panel-last-child\" data-index=\"5\" >\t\t<div class=\"circle-icon-box circle-icon-position-top circle-icon-hide-box circle-icon-size-large \">\n\t\t\t\t\t\t\t<div class=\"circle-icon-wrapper\">\n\t\t\t\t\t\t\t\t\t\t<a href=\"http:\/\/www.neotec.cz\/zund\/zpc\" class=\"link-icon\" >\t\t\t\t\t<div class=\"circle-icon icon-style-set\" style=\"background-image: url(https:\/\/www.neotec.cz\/zund\/wp-content\/uploads\/2022\/03\/zpc-1.png);background-color: #eeeeee\">\n\t\t\t\t\t\t\t\t\t\t\t<\/div>\n\t\t\t\t\t<\/a>\t\t\t\t<\/div>\n\t\t\t\n\t\t\t\t\t\t\t<a href=\"http:\/\/www.neotec.cz\/zund\/zpc\" class=\"link-title\" >\n\t\t\t\t\t\t\t\t\t\t\t\t\t<\/a>\n\t\t\t\n\t\t\t\t\t\t\t\t\t\t<a\n\t\t\t\t\thref=\"http:\/\/www.neotec.cz\/zund\/zpc\"\n\t\t\t\t\tclass=\"more-button\"\n\t\t\t\t\t\t\t\t\t\t\t\t\t\t>\n\t\t\t\t\tZPC <i><\/i>\n\t\t\t\t<\/a>\n\t\t\t\t\t<\/div>\n\t\t<\/div><\/div><div id=\"pgc-2653-1-5\"  class=\"panel-grid-cell\" ><div id=\"panel-2653-1-5-0\" class=\"so-panel widget widget_circleicon-widget panel-first-child panel-last-child\" data-index=\"6\" >\t\t<div class=\"circle-icon-box circle-icon-position-top circle-icon-hide-box circle-icon-size-large \">\n\t\t\t\t\t\t\t<div class=\"circle-icon-wrapper\">\n\t\t\t\t\t\t\t\t\t\t<a href=\"http:\/\/www.neotec.cz\/zund\/altsw\" class=\"link-icon\" >\t\t\t\t\t<div class=\"circle-icon icon-style-set\" style=\"background-image: url(http:\/\/www.neotec.cz\/zund\/wp-content\/uploads\/2016\/02\/ic-altsw-1.png);background-color: #eeeeee\">\n\t\t\t\t\t\t\t\t\t\t\t<\/div>\n\t\t\t\t\t<\/a>\t\t\t\t<\/div>\n\t\t\t\n\t\t\t\t\t\t\t<a href=\"http:\/\/www.neotec.cz\/zund\/altsw\" class=\"link-title\" >\n\t\t\t\t\t\t\t\t\t\t\t\t\t<\/a>\n\t\t\t\n\t\t\t\t\t\t\t\t\t\t<a\n\t\t\t\t\thref=\"http:\/\/www.neotec.cz\/zund\/altsw\"\n\t\t\t\t\tclass=\"more-button\"\n\t\t\t\t\t\t\t\t\t\t\t\t\t\t>\n\t\t\t\t\tDal\u0161\u00ed software <i><\/i>\n\t\t\t\t<\/a>\n\t\t\t\t\t<\/div>\n\t\t<\/div><\/div><\/div><div id=\"pg-2653-2\"  class=\"panel-grid panel-no-style\" ><div id=\"pgc-2653-2-0\"  class=\"panel-grid-cell\" ><div id=\"panel-2653-2-0-0\" class=\"so-panel widget widget_sow-editor panel-first-child panel-last-child\" data-index=\"7\" ><div\n\t\t\t\n\t\t\tclass=\"so-widget-sow-editor so-widget-sow-editor-base\"\n\t\t\t\n\t\t><h3 class=\"widget-title\">ZCC - Edice a mo\u017enosti<\/h3>\n<div class=\"siteorigin-widget-tinymce textwidget\">\n\t<p class=\"widget-title\">ZCC Z\u00fcnd Cut Center je \u0159\u00eddic\u00ed software pro digit\u00e1ln\u00ed \u0159ez\u00e1n\u00ed. Instaluje se na PC u \u0159ezac\u00edho plotru a je ovl\u00e1dac\u00edm centrem pro oper\u00e1tora.<\/p>\n<p><img loading=\"lazy\" decoding=\"async\" class=\"alignnone  wp-image-2740 aligncenter\" src=\"https:\/\/www.neotec.cz\/zund\/wp-content\/uploads\/2024\/02\/ZCCbox.png\" alt=\"\" width=\"309\" height=\"277\" srcset=\"https:\/\/www.neotec.cz\/zund\/wp-content\/uploads\/2024\/02\/ZCCbox.png 453w, https:\/\/www.neotec.cz\/zund\/wp-content\/uploads\/2024\/02\/ZCCbox-300x269.png 300w\" sizes=\"auto, (max-width: 309px) 100vw, 309px\" \/><\/p>\n\n<table id=\"tablepress-3\" class=\"tablepress tablepress-id-3 tbody-has-connected-cells\">\n<tbody class=\"row-striping\">\n<tr class=\"row-1\">\n\t<td class=\"column-1\"><\/td><td class=\"column-2\"><center><big><strong>ZCC Basic<\/strong><\/big><\/center><\/td><td class=\"column-3\"><center><big><strong>ZCC Advanced<\/strong><\/big><\/center><\/td>\n<\/tr>\n<tr class=\"row-2\">\n\t<td class=\"column-1\">Ovl\u00e1d\u00e1n\u00ed plotru<\/td><td class=\"column-2\"><center><img loading=\"lazy\" decoding=\"async\" src=\"https:\/\/www.neotec.cz\/zund\/wp-content\/uploads\/2024\/02\/checkbox.png\" alt=\"\" width=\"28\" height=\"30\" class=\"alignnone size-full wp-image-2658\" \/><\/center><\/td><td class=\"column-3\"><center><img loading=\"lazy\" decoding=\"async\" src=\"https:\/\/www.neotec.cz\/zund\/wp-content\/uploads\/2024\/02\/checkbox.png\" alt=\"\" width=\"28\" height=\"30\" class=\"alignnone size-full wp-image-2658\" \/><\/center><\/td>\n<\/tr>\n<tr class=\"row-3\">\n\t<td class=\"column-1\">Import vektorov\u00fdch dat<\/td><td class=\"column-2\"><center><img loading=\"lazy\" decoding=\"async\" src=\"https:\/\/www.neotec.cz\/zund\/wp-content\/uploads\/2024\/02\/checkbox.png\" alt=\"\" width=\"28\" height=\"30\" class=\"alignnone size-full wp-image-2658\" \/><\/center><\/td><td class=\"column-3\"><center><img loading=\"lazy\" decoding=\"async\" src=\"https:\/\/www.neotec.cz\/zund\/wp-content\/uploads\/2024\/02\/checkbox.png\" alt=\"\" width=\"28\" height=\"30\" class=\"alignnone size-full wp-image-2658\" \/><\/center><\/td>\n<\/tr>\n<tr class=\"row-4\">\n\t<td class=\"column-1\">Optimalizace importovan\u00fdch dat pro zpracov\u00e1n\u00ed<\/td><td class=\"column-2\"><center><img loading=\"lazy\" decoding=\"async\" src=\"https:\/\/www.neotec.cz\/zund\/wp-content\/uploads\/2024\/02\/checkbox.png\" alt=\"\" width=\"28\" height=\"30\" class=\"alignnone size-full wp-image-2658\" \/><\/center><\/td><td class=\"column-3\"><center><img loading=\"lazy\" decoding=\"async\" src=\"https:\/\/www.neotec.cz\/zund\/wp-content\/uploads\/2024\/02\/checkbox.png\" alt=\"\" width=\"28\" height=\"30\" class=\"alignnone size-full wp-image-2658\" \/><\/center><\/td>\n<\/tr>\n<tr class=\"row-5\">\n\t<td class=\"column-1\">P\u0159\u00edprava \u00faloh b\u011bhem prob\u00edhaj\u00edc\u00ed produkce<\/td><td class=\"column-2\"><center><img loading=\"lazy\" decoding=\"async\" src=\"https:\/\/www.neotec.cz\/zund\/wp-content\/uploads\/2024\/02\/checkbox.png\" alt=\"\" width=\"28\" height=\"30\" class=\"alignnone size-full wp-image-2658\" \/><\/center><\/td><td class=\"column-3\"><center><img loading=\"lazy\" decoding=\"async\" src=\"https:\/\/www.neotec.cz\/zund\/wp-content\/uploads\/2024\/02\/checkbox.png\" alt=\"\" width=\"28\" height=\"30\" class=\"alignnone size-full wp-image-2658\" \/><\/center><\/td>\n<\/tr>\n<tr class=\"row-6\">\n\t<td class=\"column-1\">Materi\u00e1lov\u011b z\u00e1visl\u00fd v\u00fdb\u011br n\u00e1stoj\u016f a procesn\u00edch podm\u00ednek<\/td><td class=\"column-2\"><center><img loading=\"lazy\" decoding=\"async\" src=\"https:\/\/www.neotec.cz\/zund\/wp-content\/uploads\/2024\/02\/checkbox.png\" alt=\"\" width=\"28\" height=\"30\" class=\"alignnone size-full wp-image-2658\" \/><\/center><\/td><td class=\"column-3\"><center><img loading=\"lazy\" decoding=\"async\" src=\"https:\/\/www.neotec.cz\/zund\/wp-content\/uploads\/2024\/02\/checkbox.png\" alt=\"\" width=\"28\" height=\"30\" class=\"alignnone size-full wp-image-2658\" \/><\/center><\/td>\n<\/tr>\n<tr class=\"row-7\">\n\t<td class=\"column-1\">D\u00e1vkov\u00e9 zpracov\u00e1n\u00ed<\/td><td class=\"column-2\"><\/td><td class=\"column-3\"><center><img loading=\"lazy\" decoding=\"async\" src=\"https:\/\/www.neotec.cz\/zund\/wp-content\/uploads\/2024\/02\/checkbox.png\" alt=\"\" width=\"28\" height=\"30\" class=\"alignnone size-full wp-image-2658\" \/><\/center><\/td>\n<\/tr>\n<tr class=\"row-8\">\n\t<td class=\"column-1\">Zpracov\u00e1n\u00ed dle \u010d\u00e1rov\u00e9ho k\u00f3du<\/td><td class=\"column-2\"><\/td><td class=\"column-3\"><center><img loading=\"lazy\" decoding=\"async\" src=\"https:\/\/www.neotec.cz\/zund\/wp-content\/uploads\/2024\/02\/checkbox.png\" alt=\"\" width=\"28\" height=\"30\" class=\"alignnone size-full wp-image-2658\" \/><\/center><\/td>\n<\/tr>\n<tr class=\"row-9\">\n\t<td class=\"column-1\">Fronta \u00faloh<\/td><td class=\"column-2\"><\/td><td class=\"column-3\"><center><img loading=\"lazy\" decoding=\"async\" src=\"https:\/\/www.neotec.cz\/zund\/wp-content\/uploads\/2024\/02\/checkbox.png\" alt=\"\" width=\"28\" height=\"30\" class=\"alignnone size-full wp-image-2658\" \/><\/center><\/td>\n<\/tr>\n<tr class=\"row-10\">\n\t<td class=\"column-1\">Odhad \u010dasu zpracov\u00e1n\u00ed<\/td><td class=\"column-2\"><\/td><td class=\"column-3\"><center><img loading=\"lazy\" decoding=\"async\" src=\"https:\/\/www.neotec.cz\/zund\/wp-content\/uploads\/2024\/02\/checkbox.png\" alt=\"\" width=\"28\" height=\"30\" class=\"alignnone size-full wp-image-2658\" \/><\/center><\/td>\n<\/tr>\n<tr class=\"row-11\">\n\t<td class=\"column-1\">Automatizovan\u00fd import dat p\u0159es rychl\u00e9 slo\u017eky<\/td><td class=\"column-2\"><\/td><td class=\"column-3\"><center><img loading=\"lazy\" decoding=\"async\" src=\"https:\/\/www.neotec.cz\/zund\/wp-content\/uploads\/2024\/02\/checkbox.png\" alt=\"\" width=\"28\" height=\"30\" class=\"alignnone size-full wp-image-2658\" \/><\/center><\/td>\n<\/tr>\n<tr class=\"row-12\">\n\t<td class=\"column-1\">V\u00fdm\u011bna dat, komunikace s extern\u00edmi syst\u00e9my<\/td><td class=\"column-2\"><\/td><td class=\"column-3\"><center><img loading=\"lazy\" decoding=\"async\" src=\"https:\/\/www.neotec.cz\/zund\/wp-content\/uploads\/2024\/02\/checkbox.png\" alt=\"\" width=\"28\" height=\"30\" class=\"alignnone size-full wp-image-2658\" \/><\/center><\/td>\n<\/tr>\n<tr class=\"row-13\">\n\t<td class=\"column-1\">Emailov\u00e9 notifikace<\/td><td class=\"column-2\"><\/td><td class=\"column-3\"><center><img loading=\"lazy\" decoding=\"async\" src=\"https:\/\/www.neotec.cz\/zund\/wp-content\/uploads\/2024\/02\/checkbox.png\" alt=\"\" width=\"28\" height=\"30\" class=\"alignnone size-full wp-image-2658\" \/><\/center><\/td>\n<\/tr>\n<tr class=\"row-14\">\n\t<td colspan=\"3\" class=\"column-1\"><b>Dal\u0161\u00ed sou\u010d\u00e1sti softwaru ZCC:<\/b><\/td>\n<\/tr>\n<tr class=\"row-15\">\n\t<td class=\"column-1\">Cut Editor (voliteln\u011b)<\/td><td class=\"column-2\"><center><img loading=\"lazy\" decoding=\"async\" src=\"https:\/\/www.neotec.cz\/zund\/wp-content\/uploads\/2024\/02\/checkbox.png\" alt=\"\" width=\"28\" height=\"30\" class=\"alignnone size-full wp-image-2658\" \/><\/center><\/td><td class=\"column-3\"><center><img loading=\"lazy\" decoding=\"async\" src=\"https:\/\/www.neotec.cz\/zund\/wp-content\/uploads\/2024\/02\/checkbox.png\" alt=\"\" width=\"28\" height=\"30\" class=\"alignnone size-full wp-image-2658\" \/><\/center><\/td>\n<\/tr>\n<tr class=\"row-16\">\n\t<td class=\"column-1\">Cut Server<\/td><td class=\"column-2\"><\/td><td class=\"column-3\"><center><img loading=\"lazy\" decoding=\"async\" src=\"https:\/\/www.neotec.cz\/zund\/wp-content\/uploads\/2024\/02\/checkbox.png\" alt=\"\" width=\"28\" height=\"30\" class=\"alignnone size-full wp-image-2658\" \/><\/center><\/td>\n<\/tr>\n<\/tbody>\n<\/table>\n<!-- #tablepress-3 from cache -->\n<p>&nbsp;<\/p>\n<\/div>\n<\/div><\/div><\/div><\/div><div id=\"pg-2653-3\"  class=\"panel-grid panel-no-style\" ><div id=\"pgc-2653-3-0\"  class=\"panel-grid-cell\" ><div id=\"panel-2653-3-0-0\" class=\"so-panel widget widget_sow-editor panel-first-child panel-last-child\" data-index=\"8\" ><div\n\t\t\t\n\t\t\tclass=\"so-widget-sow-editor so-widget-sow-editor-base\"\n\t\t\t\n\t\t><h3 class=\"widget-title\">Cut Editor<\/h3>\n<div class=\"siteorigin-widget-tinymce textwidget\">\n\t<p>Cut Editor slou\u017e\u00ed k importu zdrojov\u00fdch soubor\u016f a jejich p\u0159\u00edprav\u011b pro n\u00e1sledn\u00e9 zpracov\u00e1n\u00ed. Cut Editor m\u016f\u017ee b\u00fdt instalov\u00e1n p\u0159\u00edmo na ovl\u00e1dac\u00edm PC u stroje nebo i na samostatn\u00e9m PC nap\u0159\u00edklad v kancel\u00e1\u0159i. Volitelnou sou\u010d\u00e1st\u00ed Cut Editoru je automatick\u00e9 polohov\u00e1n\u00ed d\u00edl\u016f s d\u016frazem na optim\u00e1ln\u00ed vyu\u017eit\u00ed materi\u00e1lu. CutEditor m\u016f\u017ee b\u00fdt kombinov\u00e1n s ob\u011bma edicemi softwaru ZCC.<\/p>\n<\/div>\n<\/div><\/div><\/div><\/div><div id=\"pg-2653-4\"  class=\"panel-grid panel-no-style\" ><div id=\"pgc-2653-4-0\"  class=\"panel-grid-cell\" ><div id=\"panel-2653-4-0-0\" class=\"so-panel widget widget_sow-editor panel-first-child panel-last-child\" data-index=\"9\" ><div\n\t\t\t\n\t\t\tclass=\"so-widget-sow-editor so-widget-sow-editor-base\"\n\t\t\t\n\t\t><h3 class=\"widget-title\">Cut Server<\/h3>\n<div class=\"siteorigin-widget-tinymce textwidget\">\n\t<p>Cut Server je po\u017eadovan\u00e1 softwarov\u00e1 sou\u010d\u00e1st edice ZCC Advanced. Zaji\u0161\u0165uje automatizovan\u00fd import dat p\u0159es rychl\u00e9 slo\u017eky, v\u00fdm\u011bnu dat s jin\u00fdmi syst\u00e9my (ERP, RIP atd.), v\u00fdpo\u010det odhadovan\u00e9 doby zpracov\u00e1n\u00ed a komunikaci mezi moduly Cut Editor a Cut Center. Dal\u0161\u00ed syst\u00e9my lze napojit ke Cut Server pomoc\u00ed form\u00e1tu .zcc. Ten umo\u017e\u0148uje dotazovat se na informace, jako jsou materi\u00e1ly, metody nebo odhadovan\u00e9 doby zpracov\u00e1n\u00ed. T\u00edmto zp\u016fsobem lze tak\u00e9 p\u0159en\u00e1\u0161et \u00falohy ve form\u00e1tu .zcc. \u0158ada v\u00fdrobc\u016f softwaru ji\u017e nab\u00edz\u00ed standardn\u00ed integraci se ZCC.<\/p>\n<\/div>\n<\/div><\/div><\/div><\/div><\/div>","protected":false},"excerpt":{"rendered":"<p>ZCC &#8211; Software pro digit\u00e1ln\u00ed \u0159ez\u00e1n\u00ed<\/p>\n","protected":false},"author":1,"featured_media":0,"parent":0,"menu_order":0,"comment_status":"closed","ping_status":"closed","template":"templates\/template-full-notitle.php","meta":{"footnotes":""},"class_list":["post-2653","page","type-page","status-publish","hentry","post"],"_links":{"self":[{"href":"https:\/\/www.neotec.cz\/zund\/wp-json\/wp\/v2\/pages\/2653","targetHints":{"allow":["GET"]}}],"collection":[{"href":"https:\/\/www.neotec.cz\/zund\/wp-json\/wp\/v2\/pages"}],"about":[{"href":"https:\/\/www.neotec.cz\/zund\/wp-json\/wp\/v2\/types\/page"}],"author":[{"embeddable":true,"href":"https:\/\/www.neotec.cz\/zund\/wp-json\/wp\/v2\/users\/1"}],"replies":[{"embeddable":true,"href":"https:\/\/www.neotec.cz\/zund\/wp-json\/wp\/v2\/comments?post=2653"}],"version-history":[{"count":33,"href":"https:\/\/www.neotec.cz\/zund\/wp-json\/wp\/v2\/pages\/2653\/revisions"}],"predecessor-version":[{"id":2766,"href":"https:\/\/www.neotec.cz\/zund\/wp-json\/wp\/v2\/pages\/2653\/revisions\/2766"}],"wp:attachment":[{"href":"https:\/\/www.neotec.cz\/zund\/wp-json\/wp\/v2\/media?parent=2653"}],"curies":[{"name":"wp","href":"https:\/\/api.w.org\/{rel}","templated":true}]}}