{"id":2707,"date":"2024-02-21T16:04:39","date_gmt":"2024-02-21T15:04:39","guid":{"rendered":"https:\/\/www.neotec.cz\/zund\/?page_id=2707"},"modified":"2025-03-17T08:06:10","modified_gmt":"2025-03-17T07:06:10","slug":"software","status":"publish","type":"page","link":"https:\/\/www.neotec.cz\/zund\/software\/","title":{"rendered":"Software"},"content":{"rendered":"<div id=\"pl-2707\"  class=\"panel-layout\" ><div id=\"pg-2707-0\"  class=\"panel-grid panel-no-style\" ><div id=\"pgc-2707-0-0\"  class=\"panel-grid-cell\" ><div id=\"panel-2707-0-0-0\" class=\"so-panel widget widget_sow-editor panel-first-child panel-last-child\" data-index=\"0\" ><div\n\t\t\t\n\t\t\tclass=\"so-widget-sow-editor so-widget-sow-editor-base\"\n\t\t\t\n\t\t>\n<div class=\"siteorigin-widget-tinymce textwidget\">\n\t<h2><strong>ZCC - Software pro digit\u00e1ln\u00ed \u0159ez\u00e1n\u00ed<\/strong><\/h2>\n<\/div>\n<\/div><\/div><\/div><\/div><div id=\"pg-2707-1\"  class=\"panel-grid panel-no-style\" ><div id=\"pgc-2707-1-0\"  class=\"panel-grid-cell\" ><div id=\"panel-2707-1-0-0\" class=\"so-panel widget widget_circleicon-widget panel-first-child panel-last-child\" data-index=\"1\" >\t\t<div class=\"circle-icon-box circle-icon-position-top circle-icon-hide-box circle-icon-size-large \">\n\t\t\t\t\t\t\t<div class=\"circle-icon-wrapper\">\n\t\t\t\t\t\t\t\t\t\t<div class=\"circle-icon icon-style-set\" style=\"background-image: url(http:\/\/www.neotec.cz\/zund\/wp-content\/uploads\/2016\/02\/ic-zcc.png);background-color: #888888\">\n\t\t\t\t\t\t\t\t\t\t\t<\/div>\n\t\t\t\t\t\t\t\t\t<\/div>\n\t\t\t\n\t\t\t\t\t\t\t\t\t\n\t\t\t\t\t\t\t\t\t\t<a\n\t\t\t\t\thref=\"http:\/\/www.neotec.cz\/zund\/software\/\"\n\t\t\t\t\tclass=\"more-button\"\n\t\t\t\t\t\t\t\t\t\t\t\t\t\t>\n\t\t\t\t\tZCC Sezn\u00e1men\u00ed <i><\/i>\n\t\t\t\t<\/a>\n\t\t\t\t\t<\/div>\n\t\t<\/div><\/div><div id=\"pgc-2707-1-1\"  class=\"panel-grid-cell\" ><div id=\"panel-2707-1-1-0\" class=\"so-panel widget widget_circleicon-widget panel-first-child panel-last-child\" data-index=\"2\" >\t\t<div class=\"circle-icon-box circle-icon-position-top circle-icon-hide-box circle-icon-size-large \">\n\t\t\t\t\t\t\t<div class=\"circle-icon-wrapper\">\n\t\t\t\t\t\t\t\t\t\t<a href=\"http:\/\/www.neotec.cz\/zund\/zccdet\/\" class=\"link-icon\" >\t\t\t\t\t<div class=\"circle-icon icon-style-set\" style=\"background-image: url(http:\/\/www.neotec.cz\/zund\/wp-content\/uploads\/2016\/02\/ic-zccdet.png);background-color: #eeeeee\">\n\t\t\t\t\t\t\t\t\t\t\t<\/div>\n\t\t\t\t\t<\/a>\t\t\t\t<\/div>\n\t\t\t\n\t\t\t\t\t\t\t<a href=\"http:\/\/www.neotec.cz\/zund\/zccdet\/\" class=\"link-title\" >\n\t\t\t\t\t\t\t\t\t\t\t\t\t<\/a>\n\t\t\t\n\t\t\t\t\t\t\t\t\t\t<a\n\t\t\t\t\thref=\"http:\/\/www.neotec.cz\/zund\/zccdet\/\"\n\t\t\t\t\tclass=\"more-button\"\n\t\t\t\t\t\t\t\t\t\t\t\t\t\t>\n\t\t\t\t\tZCC Edice <i><\/i>\n\t\t\t\t<\/a>\n\t\t\t\t\t<\/div>\n\t\t<\/div><\/div><div id=\"pgc-2707-1-2\"  class=\"panel-grid-cell\" ><div id=\"panel-2707-1-2-0\" class=\"so-panel widget widget_circleicon-widget panel-first-child panel-last-child\" data-index=\"3\" >\t\t<div class=\"circle-icon-box circle-icon-position-top circle-icon-hide-box circle-icon-size-large \">\n\t\t\t\t\t\t\t<div class=\"circle-icon-wrapper\">\n\t\t\t\t\t\t\t\t\t\t<a href=\"http:\/\/www.neotec.cz\/zund\/zccvidea\" class=\"link-icon\" >\t\t\t\t\t<div class=\"circle-icon icon-style-set\" style=\"background-image: url(http:\/\/www.neotec.cz\/zund\/wp-content\/uploads\/2016\/02\/ic_zccvideo.png);background-color: #eeeeee\">\n\t\t\t\t\t\t\t\t\t\t\t<\/div>\n\t\t\t\t\t<\/a>\t\t\t\t<\/div>\n\t\t\t\n\t\t\t\t\t\t\t<a href=\"http:\/\/www.neotec.cz\/zund\/zccvidea\" class=\"link-title\" >\n\t\t\t\t\t\t\t\t\t\t\t\t\t<\/a>\n\t\t\t\n\t\t\t\t\t\t\t\t\t\t<a\n\t\t\t\t\thref=\"http:\/\/www.neotec.cz\/zund\/zccvidea\"\n\t\t\t\t\tclass=\"more-button\"\n\t\t\t\t\t\t\t\t\t\t\t\t\t\t>\n\t\t\t\t\tZCC Videa <i><\/i>\n\t\t\t\t<\/a>\n\t\t\t\t\t<\/div>\n\t\t<\/div><\/div><div id=\"pgc-2707-1-3\"  class=\"panel-grid-cell\" ><div id=\"panel-2707-1-3-0\" class=\"so-panel widget widget_circleicon-widget panel-first-child panel-last-child\" data-index=\"4\" >\t\t<div class=\"circle-icon-box circle-icon-position-top circle-icon-hide-box circle-icon-size-large \">\n\t\t\t\t\t\t\t<div class=\"circle-icon-wrapper\">\n\t\t\t\t\t\t\t\t\t\t<a href=\"http:\/\/www.neotec.cz\/zund\/zcczc\/\" class=\"link-icon\" >\t\t\t\t\t<div class=\"circle-icon icon-style-set\" style=\"background-image: url(https:\/\/www.neotec.cz\/zund\/wp-content\/uploads\/2022\/03\/ic-zccZC.png);background-color: #eeeeee\">\n\t\t\t\t\t\t\t\t\t\t\t<\/div>\n\t\t\t\t\t<\/a>\t\t\t\t<\/div>\n\t\t\t\n\t\t\t\t\t\t\t<a href=\"http:\/\/www.neotec.cz\/zund\/zcczc\/\" class=\"link-title\" >\n\t\t\t\t\t\t\t\t\t\t\t\t\t<\/a>\n\t\t\t\n\t\t\t\t\t\t\t\t\t\t<a\n\t\t\t\t\thref=\"http:\/\/www.neotec.cz\/zund\/zcczc\/\"\n\t\t\t\t\tclass=\"more-button\"\n\t\t\t\t\t\t\t\t\t\t\t\t\t\t>\n\t\t\t\t\tZ\u00fcnd Connect <i><\/i>\n\t\t\t\t<\/a>\n\t\t\t\t\t<\/div>\n\t\t<\/div><\/div><div id=\"pgc-2707-1-4\"  class=\"panel-grid-cell\" ><div id=\"panel-2707-1-4-0\" class=\"so-panel widget widget_circleicon-widget panel-first-child panel-last-child\" data-index=\"5\" >\t\t<div class=\"circle-icon-box circle-icon-position-top circle-icon-hide-box circle-icon-size-large \">\n\t\t\t\t\t\t\t<div class=\"circle-icon-wrapper\">\n\t\t\t\t\t\t\t\t\t\t<a href=\"http:\/\/www.neotec.cz\/zund\/zpc\/\" class=\"link-icon\" >\t\t\t\t\t<div class=\"circle-icon icon-style-set\" style=\"background-image: url(https:\/\/www.neotec.cz\/zund\/wp-content\/uploads\/2022\/03\/zpc-1.png);background-color: #eeeeee\">\n\t\t\t\t\t\t\t\t\t\t\t<\/div>\n\t\t\t\t\t<\/a>\t\t\t\t<\/div>\n\t\t\t\n\t\t\t\t\t\t\t<a href=\"http:\/\/www.neotec.cz\/zund\/zpc\/\" class=\"link-title\" >\n\t\t\t\t\t\t\t\t\t\t\t\t\t<\/a>\n\t\t\t\n\t\t\t\t\t\t\t\t\t\t<a\n\t\t\t\t\thref=\"http:\/\/www.neotec.cz\/zund\/zpc\/\"\n\t\t\t\t\tclass=\"more-button\"\n\t\t\t\t\t\t\t\t\t\t\t\t\t\t>\n\t\t\t\t\tZPC <i><\/i>\n\t\t\t\t<\/a>\n\t\t\t\t\t<\/div>\n\t\t<\/div><\/div><div id=\"pgc-2707-1-5\"  class=\"panel-grid-cell\" ><div id=\"panel-2707-1-5-0\" class=\"so-panel widget widget_circleicon-widget panel-first-child panel-last-child\" data-index=\"6\" >\t\t<div class=\"circle-icon-box circle-icon-position-top circle-icon-hide-box circle-icon-size-large \">\n\t\t\t\t\t\t\t<div class=\"circle-icon-wrapper\">\n\t\t\t\t\t\t\t\t\t\t<a href=\"http:\/\/www.neotec.cz\/zund\/altsw\" class=\"link-icon\" >\t\t\t\t\t<div class=\"circle-icon icon-style-set\" style=\"background-image: url(http:\/\/www.neotec.cz\/zund\/wp-content\/uploads\/2016\/02\/ic-altsw-1.png);background-color: #eeeeee\">\n\t\t\t\t\t\t\t\t\t\t\t<\/div>\n\t\t\t\t\t<\/a>\t\t\t\t<\/div>\n\t\t\t\n\t\t\t\t\t\t\t<a href=\"http:\/\/www.neotec.cz\/zund\/altsw\" class=\"link-title\" >\n\t\t\t\t\t\t\t\t\t\t\t\t\t<\/a>\n\t\t\t\n\t\t\t\t\t\t\t\t\t\t<a\n\t\t\t\t\thref=\"http:\/\/www.neotec.cz\/zund\/altsw\"\n\t\t\t\t\tclass=\"more-button\"\n\t\t\t\t\t\t\t\t\t\t\t\t\t\t>\n\t\t\t\t\tDal\u0161\u00ed software <i><\/i>\n\t\t\t\t<\/a>\n\t\t\t\t\t<\/div>\n\t\t<\/div><\/div><\/div><div id=\"pg-2707-2\"  class=\"panel-grid panel-no-style\" ><div id=\"pgc-2707-2-0\"  class=\"panel-grid-cell\" ><div id=\"panel-2707-2-0-0\" class=\"so-panel widget widget_sow-editor panel-first-child panel-last-child\" data-index=\"7\" ><div\n\t\t\t\n\t\t\tclass=\"so-widget-sow-editor so-widget-sow-editor-base\"\n\t\t\t\n\t\t><h3 class=\"widget-title\">Efektivn\u00ed zpracov\u00e1n\u00ed<\/h3>\n<div class=\"siteorigin-widget-tinymce textwidget\">\n\t<p>ZCC Z\u00fcnd Cut Center V4 je ovl\u00e1dac\u00ed a \u0159\u00edd\u00edc\u00ed software \u0159ezac\u00edch plotr\u016f Z\u00fcnd, mimo vlastn\u00edho plotru \u0159\u00edd\u00ed i p\u0159idru\u017een\u00e9 syst\u00e9my pro nakl\u00e1d\u00e1n\u00ed materi\u00e1lu a odb\u011br zpracovan\u00fdch produkt\u016f.\u00a0 Software automatizuje v\u00e1\u0161 v\u00fdrobn\u00ed proces, od importu dat, p\u0159es optimalizaci a\u017e po \u0159\u00edzen\u00ed plotru a monitorov\u00e1n\u00ed v\u00fdroby.<\/p>\n<p>Nov\u00e1 verze Z\u00fcnd Cut Center je vhodn\u00e1, nejen pro nov\u00e1\u010dky v digit\u00e1ln\u00edm \u0159ez\u00e1n\u00ed, ale pro ka\u017ed\u00e9ho, kdo chce b\u00fdt nebo ji\u017e je odborn\u00edkem.<\/p>\n<\/div>\n<\/div><\/div><\/div><div id=\"pgc-2707-2-1\"  class=\"panel-grid-cell\" ><div id=\"panel-2707-2-1-0\" class=\"so-panel widget widget_sow-editor panel-first-child panel-last-child\" data-index=\"8\" ><div\n\t\t\t\n\t\t\tclass=\"so-widget-sow-editor so-widget-sow-editor-base\"\n\t\t\t\n\t\t>\n<div class=\"siteorigin-widget-tinymce textwidget\">\n\t<p><img loading=\"lazy\" decoding=\"async\" class=\"alignnone  wp-image-2698\" src=\"https:\/\/www.neotec.cz\/zund\/wp-content\/uploads\/2024\/02\/3108-ZCC-4-0_Software-1_all-1024x538.png\" alt=\"\" width=\"448\" height=\"235\" srcset=\"https:\/\/www.neotec.cz\/zund\/wp-content\/uploads\/2024\/02\/3108-ZCC-4-0_Software-1_all-1024x538.png 1024w, https:\/\/www.neotec.cz\/zund\/wp-content\/uploads\/2024\/02\/3108-ZCC-4-0_Software-1_all-300x158.png 300w, https:\/\/www.neotec.cz\/zund\/wp-content\/uploads\/2024\/02\/3108-ZCC-4-0_Software-1_all-768x403.png 768w, https:\/\/www.neotec.cz\/zund\/wp-content\/uploads\/2024\/02\/3108-ZCC-4-0_Software-1_all-720x380.png 720w, https:\/\/www.neotec.cz\/zund\/wp-content\/uploads\/2024\/02\/3108-ZCC-4-0_Software-1_all.png 1200w\" sizes=\"auto, (max-width: 448px) 100vw, 448px\" \/><\/p>\n<\/div>\n<\/div><\/div><\/div><\/div><div id=\"pg-2707-3\"  class=\"panel-grid panel-no-style\" ><div id=\"pgc-2707-3-0\"  class=\"panel-grid-cell\" ><div id=\"panel-2707-3-0-0\" class=\"so-panel widget widget_sow-editor panel-first-child panel-last-child\" data-index=\"9\" ><div\n\t\t\t\n\t\t\tclass=\"so-widget-sow-editor so-widget-sow-editor-base\"\n\t\t\t\n\t\t>\n<div class=\"siteorigin-widget-tinymce textwidget\">\n\t<p><img loading=\"lazy\" decoding=\"async\" class=\"alignnone  wp-image-2714 aligncenter\" src=\"https:\/\/www.neotec.cz\/zund\/wp-content\/uploads\/2024\/02\/3115-zcc_43.jpg\" alt=\"\" width=\"527\" height=\"301\" srcset=\"https:\/\/www.neotec.cz\/zund\/wp-content\/uploads\/2024\/02\/3115-zcc_43.jpg 700w, https:\/\/www.neotec.cz\/zund\/wp-content\/uploads\/2024\/02\/3115-zcc_43-300x171.jpg 300w\" sizes=\"auto, (max-width: 527px) 100vw, 527px\" \/><\/p>\n<\/div>\n<\/div><\/div><\/div><div id=\"pgc-2707-3-1\"  class=\"panel-grid-cell\" ><div id=\"panel-2707-3-1-0\" class=\"so-panel widget widget_sow-editor panel-first-child panel-last-child\" data-index=\"10\" ><div\n\t\t\t\n\t\t\tclass=\"so-widget-sow-editor so-widget-sow-editor-base\"\n\t\t\t\n\t\t><h3 class=\"widget-title\">Jednodu\u0161e a intuitivn\u011b<\/h3>\n<div class=\"siteorigin-widget-tinymce textwidget\">\n\t<p>D\u00edky pou\u017eit\u00ed dotykov\u00e9 obrazovky je ovl\u00e1d\u00e1n\u00ed nov\u00e9ho ZCC velmi snadn\u00e9. Cel\u00e9 nastaven\u00ed je rozd\u011bleno do logicky navazuj\u00edc\u00edch krok\u016f.\u00a0 Z\u00e1lo\u017eky prov\u00e1d\u011bj\u00ed oper\u00e1tora krok za krokem p\u0159\u00edpravou v\u00fdroby a ovl\u00e1d\u00e1n\u00edm \u0159ezac\u00edho plotru. Snadn\u00e9 pou\u017eit\u00ed minimalizuje \u010das pot\u0159ebn\u00fd na p\u0159\u00edpravu \u00faloh a v\u00fdrazn\u011b zkracuje dobu \u0161kolen\u00ed nov\u00fdch oper\u00e1tor\u016f.<\/p>\n<\/div>\n<\/div><\/div><\/div><\/div><div id=\"pg-2707-4\"  class=\"panel-grid panel-no-style\" ><div id=\"pgc-2707-4-0\"  class=\"panel-grid-cell\" ><div id=\"panel-2707-4-0-0\" class=\"so-panel widget widget_sow-editor panel-first-child panel-last-child\" data-index=\"11\" ><div\n\t\t\t\n\t\t\tclass=\"so-widget-sow-editor so-widget-sow-editor-base\"\n\t\t\t\n\t\t><h3 class=\"widget-title\">Na m\u00edru Va\u0161im pot\u0159eb\u00e1m<\/h3>\n<div class=\"siteorigin-widget-tinymce textwidget\">\n\t<p>P\u0159epracovan\u00e9 ZCC je modul\u00e1rn\u011bj\u0161\u00ed ne\u017e kdy d\u0159\u00edve. Kupujete pouze softwarov\u00e9 komponenty, kter\u00e9 skute\u010dn\u011b pot\u0159ebujete pro V\u00e1\u0161 v\u00fdrobn\u00ed proces. Kdykoli m\u016f\u017eete p\u0159idat dal\u0161\u00ed mo\u017enosti nebo p\u0159ej\u00edt ze z\u00e1kladn\u00ed edice na pokro\u010dilou. ZCC roste spolu s Va\u0161imi pot\u0159ebami.<\/p>\n<p>Softwarov\u00e9 komponenty lze flexibiln\u011b distribuovat. V z\u00e1vislosti na preferovan\u00e9m pracovn\u00edm postupu mohou Cut Server a Cut Editor b\u011b\u017eet na jin\u00fdch po\u010d\u00edta\u010d\u00edch ne\u017e Cut Center. To umo\u017e\u0148uje odd\u011blit \u00fakoly p\u0159i p\u0159\u00edprav\u011b \u00falohy od \u00fakol\u016f ve v\u00fdrob\u011b. Cut Server tak z\u016fst\u00e1v\u00e1 v\u017edy k dispozici pro prov\u00e1d\u011bn\u00ed \u00fakol\u016f, nez\u00e1visle na po\u010d\u00edta\u010di, na kter\u00e9m je stroj spu\u0161t\u011bn.<\/p>\n<\/div>\n<\/div><\/div><\/div><div id=\"pgc-2707-4-1\"  class=\"panel-grid-cell\" ><div id=\"panel-2707-4-1-0\" class=\"so-panel widget widget_sow-editor panel-first-child panel-last-child\" data-index=\"12\" ><div\n\t\t\t\n\t\t\tclass=\"so-widget-sow-editor so-widget-sow-editor-base\"\n\t\t\t\n\t\t>\n<div class=\"siteorigin-widget-tinymce textwidget\">\n\t<p><img loading=\"lazy\" decoding=\"async\" class=\"alignnone  wp-image-2719 aligncenter\" src=\"https:\/\/www.neotec.cz\/zund\/wp-content\/uploads\/2024\/02\/3117-ZCC-4_bwa.jpg\" alt=\"\" width=\"599\" height=\"342\" srcset=\"https:\/\/www.neotec.cz\/zund\/wp-content\/uploads\/2024\/02\/3117-ZCC-4_bwa.jpg 700w, https:\/\/www.neotec.cz\/zund\/wp-content\/uploads\/2024\/02\/3117-ZCC-4_bwa-300x171.jpg 300w\" sizes=\"auto, (max-width: 599px) 100vw, 599px\" \/><\/p>\n<\/div>\n<\/div><\/div><\/div><\/div><div id=\"pg-2707-5\"  class=\"panel-grid panel-no-style\" ><div id=\"pgc-2707-5-0\"  class=\"panel-grid-cell\" ><div id=\"panel-2707-5-0-0\" class=\"so-panel widget widget_sow-editor panel-first-child panel-last-child\" data-index=\"13\" ><div\n\t\t\t\n\t\t\tclass=\"so-widget-sow-editor so-widget-sow-editor-base\"\n\t\t\t\n\t\t><h3 class=\"widget-title\">Standardizace zvy\u0161uje kvalitu<\/h3>\n<div class=\"siteorigin-widget-tinymce textwidget\">\n\t<p>Ulo\u017een\u00e9 parametry materi\u00e1lu a p\u0159eddefinovan\u00e1 nastaven\u00ed pro import vektorov\u00fdch dat zaji\u0161\u0165uj\u00ed vysok\u00fd stupe\u0148 standardizace v procesu \u0159ez\u00e1n\u00ed. Standardizovan\u00e9 v\u00fdrobn\u00ed procesy vedou k v\u00fdrazn\u011b vy\u0161\u0161\u00ed kvalit\u011b p\u0159i v\u00fdrob\u011b opakovan\u00fdch zak\u00e1zek. Rychl\u00e1 a snadn\u00e1 p\u0159\u00edprava \u0159ezn\u00fdch soubor\u016f z\u00e1rove\u0148 sni\u017euje ru\u010dn\u00ed pr\u00e1ci p\u0159i p\u0159edtiskov\u00e9 p\u0159\u00edprav\u011b na minimum. U\u017eivatel t\u011b\u017e\u00ed z \u00faspor z rozsahu, z hlediska n\u00e1klad\u016f a produktivity.<\/p>\n<\/div>\n<\/div><\/div><\/div><div id=\"pgc-2707-5-1\"  class=\"panel-grid-cell\" ><div id=\"panel-2707-5-1-0\" class=\"so-panel widget widget_sow-editor panel-first-child panel-last-child\" data-index=\"14\" ><div\n\t\t\t\n\t\t\tclass=\"so-widget-sow-editor so-widget-sow-editor-base\"\n\t\t\t\n\t\t><h3 class=\"widget-title\">Automatizovan\u00e9 \u0159ez\u00e1n\u00ed \u0161et\u0159\u00ed V\u00e1s \u010das a pen\u00edze<\/h3>\n<div class=\"siteorigin-widget-tinymce textwidget\">\n\t<div class=\"text-picture\">\n<div class=\"text-picture-inner\" data-anchor=\"\">\n<div class=\"text-editor\">\n<p>ZCC kouzl\u00ed v automatizaci. Autonomn\u011b a inteligentn\u011b t\u0159\u00edd\u00ed zak\u00e1zky podle krit\u00e9ri\u00ed, jako je materi\u00e1l, zp\u016fsob zpracov\u00e1n\u00ed a term\u00edn dod\u00e1n\u00ed. \u00dalohy s ti\u0161t\u011bn\u00fdmi materi\u00e1ly se automaticky na\u010d\u00edtaj\u00ed pomoc\u00ed p\u0159edti\u0161t\u011bn\u00fdch QR k\u00f3d\u016f. Pokud \u017e\u00e1dn\u00e9 nejsou, jako je tomu u nepoti\u0161t\u011bn\u00fdch materi\u00e1l\u016f, lze po\u0159ad\u00ed, ve kter\u00e9m maj\u00ed b\u00fdt \u00falohy zpracov\u00e1ny, snadno definovat pomoc\u00ed funkce d\u00e1vkov\u00e9ho zpracov\u00e1n\u00ed. Optimalizuje pr\u016fb\u011bh \u0159ezu, sni\u017euje dr\u00e1hu n\u00e1stroje a zkracuje dobu v\u00fdroby. Rychl\u00e9 slo\u017eky minimalizuj\u00ed ru\u010dn\u00ed zad\u00e1v\u00e1n\u00ed a urychluj\u00ed p\u0159\u00edpravu \u00faloh.<\/p>\n<\/div>\n<\/div>\n<\/div>\n<\/div>\n<\/div><\/div><\/div><\/div><div id=\"pg-2707-6\"  class=\"panel-grid panel-no-style\" ><div id=\"pgc-2707-6-0\"  class=\"panel-grid-cell\" ><div id=\"panel-2707-6-0-0\" class=\"so-panel widget widget_sow-editor panel-first-child panel-last-child\" data-index=\"15\" ><div\n\t\t\t\n\t\t\tclass=\"so-widget-sow-editor so-widget-sow-editor-base\"\n\t\t\t\n\t\t><h3 class=\"widget-title\">Zv\u00fd\u0161en\u00ed produktivity p\u0159i digit\u00e1ln\u00edm \u0159ez\u00e1n\u00ed<\/h3>\n<div class=\"siteorigin-widget-tinymce textwidget\">\n\t<p>Jeden \u0159ezac\u00ed plotr Z\u00fcnd nyn\u00ed dok\u00e1\u017ee \u0159ezat r\u016fzn\u00e9 \u00falohy sou\u010dasn\u011b \u2013 nov\u00e1 funkce, kter\u00e1 d\u00e1le zvy\u0161uje va\u0161i produktivitu.<\/p>\n<\/div>\n<\/div><\/div><\/div><div id=\"pgc-2707-6-1\"  class=\"panel-grid-cell\" ><div id=\"panel-2707-6-1-0\" class=\"so-panel widget widget_sow-editor panel-first-child panel-last-child\" data-index=\"16\" ><div\n\t\t\t\n\t\t\tclass=\"so-widget-sow-editor so-widget-sow-editor-base\"\n\t\t\t\n\t\t>\n<div class=\"siteorigin-widget-tinymce textwidget\">\n\t<p><img loading=\"lazy\" decoding=\"async\" class=\"alignnone  wp-image-2724 aligncenter\" src=\"https:\/\/www.neotec.cz\/zund\/wp-content\/uploads\/2024\/02\/3111-MMI_ZCC4.jpg\" alt=\"\" width=\"564\" height=\"322\" srcset=\"https:\/\/www.neotec.cz\/zund\/wp-content\/uploads\/2024\/02\/3111-MMI_ZCC4.jpg 700w, https:\/\/www.neotec.cz\/zund\/wp-content\/uploads\/2024\/02\/3111-MMI_ZCC4-300x171.jpg 300w\" sizes=\"auto, (max-width: 564px) 100vw, 564px\" \/><\/p>\n<\/div>\n<\/div><\/div><\/div><\/div><div id=\"pg-2707-7\"  class=\"panel-grid panel-no-style\" ><div id=\"pgc-2707-7-0\"  class=\"panel-grid-cell\" ><div id=\"panel-2707-7-0-0\" class=\"so-panel widget widget_sow-editor panel-first-child panel-last-child\" data-index=\"17\" ><div\n\t\t\t\n\t\t\tclass=\"so-widget-sow-editor so-widget-sow-editor-base\"\n\t\t\t\n\t\t>\n<div class=\"siteorigin-widget-tinymce textwidget\">\n\t<p><img loading=\"lazy\" decoding=\"async\" class=\"alignnone  wp-image-2727 aligncenter\" src=\"https:\/\/www.neotec.cz\/zund\/wp-content\/uploads\/2024\/02\/3118-ZCC4-0_Q-Line_aktiver_Schneidmodus.png\" alt=\"\" width=\"534\" height=\"305\" srcset=\"https:\/\/www.neotec.cz\/zund\/wp-content\/uploads\/2024\/02\/3118-ZCC4-0_Q-Line_aktiver_Schneidmodus.png 700w, https:\/\/www.neotec.cz\/zund\/wp-content\/uploads\/2024\/02\/3118-ZCC4-0_Q-Line_aktiver_Schneidmodus-300x171.png 300w\" sizes=\"auto, (max-width: 534px) 100vw, 534px\" \/><\/p>\n<\/div>\n<\/div><\/div><\/div><div id=\"pgc-2707-7-1\"  class=\"panel-grid-cell\" ><div id=\"panel-2707-7-1-0\" class=\"so-panel widget widget_sow-editor panel-first-child panel-last-child\" data-index=\"18\" ><div\n\t\t\t\n\t\t\tclass=\"so-widget-sow-editor so-widget-sow-editor-base\"\n\t\t\t\n\t\t><h3 class=\"widget-title\">Kompletn\u00ed bal\u00ed\u010dek p\u00e9\u010de ZCC<\/h3>\n<div class=\"siteorigin-widget-tinymce textwidget\">\n\t<div class=\"text-picture\">\n<div class=\"text-picture-inner\" data-anchor=\"\">\n<div class=\"text-editor\">\n<p>S \u00fadr\u017ebou softwaru je o v\u00e1s v\u017edy postar\u00e1no. \u00dadr\u017eba softwaru je standardn\u00ed sou\u010d\u00e1st\u00ed softwaru. M\u00e1te zaru\u010deno, \u017ee obdr\u017e\u00edte aktualizace softwaru s nejnov\u011bj\u0161\u00edmi funkcemi a upgrady, jakmile budou vyd\u00e1ny, co\u017e znamen\u00e1, \u017ee v\u017edy pou\u017e\u00edv\u00e1te nejnov\u011bj\u0161\u00ed a nejlep\u0161\u00ed verzi. Nemus\u00edte se b\u00e1t, kdy\u017e zm\u011bn\u00edte softwarov\u00e9 prost\u0159ed\u00ed ve va\u0161\u00ed firm\u011b. S \u00fadr\u017ebou softwaru je zaru\u010den bezprobl\u00e9mov\u00fd z\u00e1\u017eitek ze softwaru.<\/p>\n<\/div>\n<\/div>\n<\/div>\n<\/div>\n<\/div><\/div><\/div><\/div><div id=\"pg-2707-8\"  class=\"panel-grid panel-no-style\" ><div id=\"pgc-2707-8-0\"  class=\"panel-grid-cell\" ><div id=\"panel-2707-8-0-0\" class=\"so-panel widget widget_sow-editor panel-first-child panel-last-child\" data-index=\"19\" ><div\n\t\t\t\n\t\t\tclass=\"so-widget-sow-editor so-widget-sow-editor-base\"\n\t\t\t\n\t\t><h3 class=\"widget-title\">Importujte (t\u00e9m\u011b\u0159) jak\u00fdkoli form\u00e1t dat<\/h3>\n<div class=\"siteorigin-widget-tinymce textwidget\">\n\t<p>Nen\u00ed pochyb o tom, \u017ee ka\u017ed\u00fd den dost\u00e1v\u00e1te v\u00fdrobn\u00ed data v r\u016fzn\u00fdch form\u00e1tech soubor\u016f. Jejich optimalizace p\u0159i p\u0159\u00edprav\u011b je \u010dasto \u010dasov\u011b n\u00e1ro\u010dn\u00fd \u00fakol. Proto jsme vyvinuli ZCC, abychom byli schopni interpretovat t\u00e9m\u011b\u0159 jak\u00fdkoli vektorov\u00fd form\u00e1t souboru, a\u0165 u\u017e DXF, PDF, EDP, AI nebo cokoli jin\u00e9ho.<\/p>\n<\/div>\n<\/div><\/div><\/div><div id=\"pgc-2707-8-1\"  class=\"panel-grid-cell\" ><div id=\"panel-2707-8-1-0\" class=\"so-panel widget widget_sow-editor panel-first-child panel-last-child\" data-index=\"20\" ><div\n\t\t\t\n\t\t\tclass=\"so-widget-sow-editor so-widget-sow-editor-base\"\n\t\t\t\n\t\t>\n<div class=\"siteorigin-widget-tinymce textwidget\">\n\t<p><img loading=\"lazy\" decoding=\"async\" class=\"alignnone  wp-image-2728 aligncenter\" src=\"https:\/\/www.neotec.cz\/zund\/wp-content\/uploads\/2024\/02\/3123-ZCC4-0_Gen3_Vorbereitungsmodus_processing.jpg\" alt=\"\" width=\"550\" height=\"314\" srcset=\"https:\/\/www.neotec.cz\/zund\/wp-content\/uploads\/2024\/02\/3123-ZCC4-0_Gen3_Vorbereitungsmodus_processing.jpg 700w, https:\/\/www.neotec.cz\/zund\/wp-content\/uploads\/2024\/02\/3123-ZCC4-0_Gen3_Vorbereitungsmodus_processing-300x171.jpg 300w\" sizes=\"auto, (max-width: 550px) 100vw, 550px\" \/><\/p>\n<\/div>\n<\/div><\/div><\/div><\/div><div id=\"pg-2707-9\"  class=\"panel-grid panel-no-style\" ><div id=\"pgc-2707-9-0\"  class=\"panel-grid-cell\" ><div id=\"panel-2707-9-0-0\" class=\"so-panel widget widget_sow-editor panel-first-child panel-last-child\" data-index=\"21\" ><div\n\t\t\t\n\t\t\tclass=\"so-widget-sow-editor so-widget-sow-editor-base\"\n\t\t\t\n\t\t><h3 class=\"widget-title\">Ke sta\u017een\u00ed<\/h3>\n<div class=\"siteorigin-widget-tinymce textwidget\">\n\t<p><a href=\"http:\/\/www.neotec.cz\/zund\/wp-content\/uploads\/2018\/06\/ZCC-software_for_digital_cutting-CZ.pdf\" target=\"_blank\" rel=\"noopener\">ZCC Software pro digit\u00e1ln\u00ed \u0159ez\u00e1n\u00ed v.3.x (CZ)<\/a><a href=\"http:\/\/www.neotec.cz\/zund\/wp-content\/uploads\/2018\/06\/ZCC-software_for_digital_cutting-CZ.pdf\" target=\"_blank\" rel=\"noopener\"><img loading=\"lazy\" decoding=\"async\" class=\"alignleft wp-image-1108 size-full\" src=\"http:\/\/www.neotec.cz\/zund\/wp-content\/uploads\/2016\/02\/picPDF.png\" alt=\"picPDF\" width=\"32\" height=\"32\" \/><\/a><\/p>\n<p>&nbsp;<\/p>\n<p><a href=\"https:\/\/www.neotec.cz\/zund\/wp-content\/uploads\/2021\/07\/ZCC-Visualizing-Option_CZ.pdf\" target=\"_blank\" rel=\"noopener\">ZCC Modul vizualizace - odb\u011br vy\u0159ezan\u00fdch d\u00edl\u016f (CZ)<\/a><a href=\"https:\/\/www.neotec.cz\/zund\/wp-content\/uploads\/2021\/07\/ZCC-Visualizing-Option_CZ.pdf\" target=\"_blank\" rel=\"noopener\"><img loading=\"lazy\" decoding=\"async\" class=\"alignleft wp-image-1108 size-full\" src=\"http:\/\/www.neotec.cz\/zund\/wp-content\/uploads\/2016\/02\/picPDF.png\" alt=\"picPDF\" width=\"32\" height=\"32\" \/><\/a><\/p>\n<p>&nbsp;<\/p>\n<p><a href=\"https:\/\/www.neotec.cz\/zund\/wp-content\/uploads\/2025\/03\/Programove-licence-Zund.pdf\" target=\"_blank\" rel=\"noopener\">Programov\u00e9 licence Z\u00fcnd (CZ)<\/a><a href=\"https:\/\/www.neotec.cz\/zund\/wp-content\/uploads\/2025\/03\/Programove-licence-Zund.pdf\" target=\"_blank\" rel=\"noopener\"><img loading=\"lazy\" decoding=\"async\" class=\"alignleft wp-image-1108 size-full\" src=\"http:\/\/www.neotec.cz\/zund\/wp-content\/uploads\/2016\/02\/picPDF.png\" alt=\"picPDF\" width=\"32\" height=\"32\" \/><\/a><\/p>\n<\/div>\n<\/div><\/div><\/div><\/div><\/div>","protected":false},"excerpt":{"rendered":"<p>ZCC &#8211; Software pro digit\u00e1ln\u00ed \u0159ez\u00e1n\u00ed<\/p>\n","protected":false},"author":1,"featured_media":0,"parent":0,"menu_order":0,"comment_status":"closed","ping_status":"closed","template":"templates\/template-full-notitle.php","meta":{"footnotes":""},"class_list":["post-2707","page","type-page","status-publish","hentry","post"],"_links":{"self":[{"href":"https:\/\/www.neotec.cz\/zund\/wp-json\/wp\/v2\/pages\/2707","targetHints":{"allow":["GET"]}}],"collection":[{"href":"https:\/\/www.neotec.cz\/zund\/wp-json\/wp\/v2\/pages"}],"about":[{"href":"https:\/\/www.neotec.cz\/zund\/wp-json\/wp\/v2\/types\/page"}],"author":[{"embeddable":true,"href":"https:\/\/www.neotec.cz\/zund\/wp-json\/wp\/v2\/users\/1"}],"replies":[{"embeddable":true,"href":"https:\/\/www.neotec.cz\/zund\/wp-json\/wp\/v2\/comments?post=2707"}],"version-history":[{"count":44,"href":"https:\/\/www.neotec.cz\/zund\/wp-json\/wp\/v2\/pages\/2707\/revisions"}],"predecessor-version":[{"id":2834,"href":"https:\/\/www.neotec.cz\/zund\/wp-json\/wp\/v2\/pages\/2707\/revisions\/2834"}],"wp:attachment":[{"href":"https:\/\/www.neotec.cz\/zund\/wp-json\/wp\/v2\/media?parent=2707"}],"curies":[{"name":"wp","href":"https:\/\/api.w.org\/{rel}","templated":true}]}}