{"id":2787,"date":"2024-03-14T11:21:43","date_gmt":"2024-03-14T10:21:43","guid":{"rendered":"https:\/\/www.neotec.cz\/zund\/?page_id=2787"},"modified":"2024-03-14T11:29:23","modified_gmt":"2024-03-14T10:29:23","slug":"texprocess24","status":"publish","type":"page","link":"https:\/\/www.neotec.cz\/zund\/texprocess24\/","title":{"rendered":"Novinky-Texprocess 2024"},"content":{"rendered":"<div id=\"pl-2787\"  class=\"panel-layout\" ><div id=\"pg-2787-0\"  class=\"panel-grid panel-no-style\" ><div id=\"pgc-2787-0-0\"  class=\"panel-grid-cell\" ><div id=\"panel-2787-0-0-0\" class=\"so-panel widget widget_sow-editor panel-first-child panel-last-child\" data-index=\"0\" ><div\n\t\t\t\n\t\t\tclass=\"so-widget-sow-editor so-widget-sow-editor-base\"\n\t\t\t\n\t\t>\n<div class=\"siteorigin-widget-tinymce textwidget\">\n\t<h1>Z\u00fcnd na Texprocess 2024 \u2013 prvn\u00ed volba v digit\u00e1ln\u00edm \u0159ez\u00e1n\u00ed textilu:<\/h1>\n<p><em>Altst\u00e4tten, \u0160v\u00fdcarsko, 5. b\u0159ezna 2024 - ka\u017ed\u00e9ho, kdo nav\u0161t\u00edv\u00ed p\u0159edn\u00ed sv\u011btov\u00fd veletrh od\u011bvn\u00edho a\u00a0textiln\u00edho pr\u016fmyslu Texprocess 2024 ve Frankfurtu nad Mohanem (N\u011bmecko), \u010dek\u00e1 nespo\u010det inovac\u00ed a\u00a0p\u0159evratn\u00fdch trend\u016f. A Z\u00fcnd jako p\u0159edn\u00ed v\u00fdrobce digit\u00e1ln\u00edch \u0159ezac\u00edch \u0159e\u0161en\u00ed pro \u0159ez\u00e1n\u00ed textilu nez\u016fstane pozadu. L\u00eddr inovac\u00ed ze \u0160v\u00fdcarska p\u0159edstav\u00ed technologick\u00e9 novinky pro efektivn\u00ed a\u00a0automatizovan\u00fd p\u0159\u00edstup k integrovan\u00e9mu digit\u00e1ln\u00edmu \u0159ez\u00e1n\u00ed textilu a znovu demonstruje, pro\u010d je Z\u00fcnd jasnou volbou pro jakoukoli modern\u00ed, digitalizovanou st\u0159i\u017enu.<\/em><\/p>\n<p>Spole\u010dnost Z\u00fcnd vytvo\u0159ila pracovn\u00ed postup pro nejmodern\u011bj\u0161\u00ed digit\u00e1ln\u00ed \u0159ez\u00e1n\u00ed textilu, kter\u00fd za\u010d\u00edn\u00e1 dlouho p\u0159edt\u00edm, ne\u017e dojde k vlastn\u00edmu \u0159ez\u00e1n\u00ed, a neskon\u010d\u00ed, dokud nen\u00ed \u0159ez\u00e1n\u00ed dokon\u010deno. S ohledem na\u00a0to bude <strong>Z\u00fcnd na st\u00e1nku C57, hala 8<\/strong> prezentovat sv\u00e1 inovativn\u00ed \u0159e\u0161en\u00ed pro ka\u017edou f\u00e1zi procesu \u0159ez\u00e1n\u00ed textili\u00ed. Mezi prezentovan\u00e1 \u0159e\u0161en\u00ed bude pat\u0159it nejnov\u011bj\u0161\u00ed verze v\u00fdkonn\u00e9ho produk\u010dn\u00edho softwaru <strong>MindCUT Studio Production<\/strong>, kter\u00fd nyn\u00ed nab\u00edz\u00ed \u0159adu vzru\u0161uj\u00edc\u00edch nov\u00fdch vlastnosti. Dal\u0161\u00ed novinkou, kter\u00e1 m\u00e1 na veletrhu debut, je zcela nov\u00fd <strong>Roll Handling System<\/strong> \u2013 RHS pro autonomn\u00ed a nep\u0159eru\u0161ovan\u00e9 pod\u00e1v\u00e1n\u00ed a \u0159ez\u00e1n\u00ed rol\u00ed. A v neposledn\u00ed \u0159ad\u011b je tu digit\u00e1ln\u00ed \u0159ezac\u00ed plotr Z\u00fcnd G3, tepaj\u00edc\u00ed srdce pracovn\u00edho postupu digit\u00e1ln\u00edho \u0159ez\u00e1n\u00ed. V Frankfurtu bude stroj velikosti L-2500, schopn\u00fd zpracov\u00e1vat role l\u00e1tky a\u017e\u00a0do \u0161\u00ed\u0159ky 1,8 m.<\/p>\n<h2>\u00da\u017easn\u00e9 funkce v MindCUT Studio<\/h2>\n<p>Rozpozn\u00e1v\u00e1n\u00ed funkc\u00ed je jednou z funkc\u00ed MindCut, kterou Z\u00fcnd p\u0159edstav\u00ed \u00fa\u010dastn\u00edk\u016fm Texprocess. Tato nov\u00e1 funkce umo\u017e\u0148uje softwaru detekovat motivy a r\u016fzn\u00e9 \u010d\u00e1sti od\u011bvu <strong>pomoc\u00ed um\u011bl\u00e9 inteligence<\/strong>, aby je mohl um\u00edstit na l\u00e1tku pro n\u00e1sledn\u00e9 \u0159ez\u00e1n\u00ed s maxim\u00e1ln\u00ed p\u0159esnost\u00ed. B\u011bhem mrknut\u00ed oka je proces dokon\u010den v\u00fdb\u011brem modelu, zarovn\u00e1n\u00edm motivu a referen\u010dn\u00edch bod\u016f a p\u0159i\u0159azen\u00edm jednotliv\u00fdch \u0159ezan\u00fdch d\u00edl\u016f. Software rozpozn\u00e1v\u00e1 jejich polohy a opakuje je po cel\u00e9 d\u00e9lce l\u00e1tky. \u0158ez\u00e1n\u00ed pak m\u016f\u017ee za\u010d\u00edt okam\u017eit\u011b. Rozpozn\u00e1v\u00e1n\u00ed funkc\u00ed podporovan\u00e9 um\u011blou inteligenc\u00ed automatizuje to, co bylo a\u017e dosud v\u017edy \u010dasov\u011b n\u00e1ro\u010dn\u00fdm manu\u00e1ln\u00edm procesem. D\u00edky extr\u00e9mn\u011b p\u0159esn\u00e9 opakovatelnosti digit\u00e1ln\u00edho procesu hraje kl\u00ed\u010dovou roli p\u0159i pln\u011bn\u00ed p\u0159\u00edsn\u00fdch norem kvality, zejm\u00e9na t\u011bch, kter\u00e9 jsou spojeny se sektorem luxusn\u00ed m\u00f3dy.<\/p>\n<p>Krom\u011b funkce <strong>Feature Recognition<\/strong> nab\u00edz\u00ed MindCUT tak\u00e9 funkci <strong>Printed Cut<\/strong>, kter\u00e1 automaticky detekuje ti\u0161t\u011bn\u00e9 n\u00e1vrhy, a <strong>Pattern Matching<\/strong>, kter\u00e1 rozpozn\u00e1v\u00e1 opakuj\u00edc\u00ed se vzory, kompenzuje deformace materi\u00e1lu a automaticky p\u0159i\u0159azuje zna\u010dky ke vzoru.<\/p>\n<h2>Automatizovan\u00e1 spr\u00e1va manipulace s rolemi \u2013 RHS<\/h2>\n<p>Nov\u00fd <strong>Roll Handling System \u2013 RHS<\/strong> zcela m\u011bn\u00ed pravidla hry pro nep\u0159eru\u0161ovan\u00e9 \u0159ez\u00e1n\u00ed v pr\u016fmyslov\u00e9m m\u011b\u0159\u00edtku. Syst\u00e9m pojme a\u017e deset rol\u00ed l\u00e1tky, kter\u00e9 mohou b\u00fdt stejn\u00e9 nebo r\u016fzn\u00e9ho typu, v z\u00e1vislosti na\u00a0zak\u00e1zce. Velk\u00fd, pln\u011b automatizovan\u00fd RHS umo\u017e\u0148uje v\u00fdrazn\u011b del\u0161\u00ed, nep\u0159eru\u0161ovan\u00e9 \u0159ez\u00e1n\u00ed. Z\u00e1sobuje digit\u00e1ln\u00ed \u0159ezac\u00ed plotr Z\u00fcnd materi\u00e1lem zcela autonomn\u011b. To umo\u017e\u0148uje extr\u00e9mn\u011b dlouh\u00e9 v\u00fdrobn\u00ed s\u00e9rie, b\u011bhem kter\u00fdch ji\u017e nejsou nutn\u00e9 z\u00e1sahy oper\u00e1tora. Jedin\u00fdm zb\u00fdvaj\u00edc\u00edm manu\u00e1ln\u00edm \u00fakolem je vkl\u00e1d\u00e1n\u00ed rol\u00ed do RHS. V r\u00e1mci tohoto procesu obsluha nasn\u00edm\u00e1 \u010d\u00e1rov\u00e9 k\u00f3dy jednotliv\u00fdch rol\u00ed. P\u0159i\u0159azen\u00ed materi\u00e1lu v RHS je pak \u0159\u00edzeno p\u0159\u00edmo pomoc\u00ed softwaru MindCUT.<\/p>\n<p>Z\u00fcnd nab\u00edz\u00ed modul\u00e1rn\u00ed digit\u00e1ln\u00ed \u0159ezac\u00ed technologii s nejmodern\u011bj\u0161\u00edmi n\u00e1stroji, inteligentn\u00edmi optick\u00fdmi syst\u00e9my a vysoce \u00fa\u010dinn\u00fdm softwarem, p\u0159izp\u016fsoben\u00fdm k vytvo\u0159en\u00ed v\u00fdkonn\u00fdch kompletn\u00edch syst\u00e9m\u016f na\u00a0kl\u00ed\u010d.<\/p>\n<div id=\"attachment_2789\" style=\"width: 742px\" class=\"wp-caption aligncenter\"><img aria-describedby=\"caption-attachment-2789\" loading=\"lazy\" decoding=\"async\" class=\"wp-image-2789 size-full\" src=\"https:\/\/www.neotec.cz\/zund\/wp-content\/uploads\/2024\/03\/texprocess24.jpg\" alt=\"Texprocess 2024\" width=\"732\" height=\"499\" srcset=\"https:\/\/www.neotec.cz\/zund\/wp-content\/uploads\/2024\/03\/texprocess24.jpg 732w, https:\/\/www.neotec.cz\/zund\/wp-content\/uploads\/2024\/03\/texprocess24-300x205.jpg 300w\" sizes=\"auto, (max-width: 732px) 100vw, 732px\" \/><p id=\"caption-attachment-2789\" class=\"wp-caption-text\">Na veletrhu Texprocess 2024 ve Frankfurtu bude Z\u00fcnd prezentovat technologick\u00e9 novinky pro efektivn\u00ed a\u00a0automatizovan\u00fd p\u0159\u00edstup k integrovan\u00e9mu digit\u00e1ln\u00edmu \u0159ez\u00e1n\u00ed textilu.<\/p><\/div>\n<p>&nbsp;<\/p>\n<p><strong>Z\u00fcnd = inovace a odborn\u00e9 znalosti v oblasti digit\u00e1ln\u00edho \u0159ez\u00e1n\u00ed. Ji\u017e 40 let.<\/strong><\/p>\n<p>Z\u00fcnd Systemtechnik AG je celosv\u011btov\u011b aktivn\u00ed, rodinn\u00fd \u0161v\u00fdcarsk\u00fd v\u00fdrobce vysoce pokro\u010dil\u00fdch digit\u00e1ln\u00edch \u0159ezac\u00edch syst\u00e9m\u016f. Jm\u00e9no Z\u00fcnd znamen\u00e1 \u0161v\u00fdcarskou kvalitu a ji\u017e 40 let je synonymem preciznosti, v\u00fdkonu a spolehlivosti. Z\u00fcnd navrhuje, vyr\u00e1b\u00ed a prod\u00e1v\u00e1 modul\u00e1rn\u00ed \u0159ezac\u00ed syst\u00e9my od roku 1984 a je jedn\u00edm z p\u0159edn\u00edch sv\u011btov\u00fdch v\u00fdrobc\u016f.<\/p>\n<p>Z\u00e1kaznick\u00e1 z\u00e1kladna Z\u00fcndu zahrnuje poskytovatele slu\u017eeb a v\u00fdrobce v grafick\u00e9m, obalov\u00e9m, od\u011bvn\u00edm a ko\u017eed\u011bln\u00e9m pr\u016fmyslu, stejn\u011b jako v textiln\u00edch a kompozitn\u00edch aplikac\u00edch. Glob\u00e1ln\u00ed centr\u00e1la spole\u010dnosti Z\u00fcnd ve \u0161v\u00fdcarsk\u00e9m Altst\u00e4ttenu je domovem odd\u011blen\u00ed v\u00fdzkumu a v\u00fdvoje, marketingu a v\u00fdroby. Krom\u011b vlastn\u00edch mezin\u00e1rodn\u00edch prodejn\u00edch a servisn\u00edch organizac\u00ed se Z\u00fcnd Systemtechnik spol\u00e9h\u00e1 na celosv\u011btovou s\u00ed\u0165 dlouhodob\u00fdch nez\u00e1visl\u00fdch distribu\u010dn\u00edch partner\u016f.<\/p>\n<\/div>\n<\/div><\/div><\/div><\/div><\/div>","protected":false},"excerpt":{"rendered":"<p>Z\u00fcnd na Texprocess 2024 \u2013 prvn\u00ed volba v digit\u00e1ln\u00edm \u0159ez\u00e1n\u00ed textilu: Altst\u00e4tten, \u0160v\u00fdcarsko, 5. b\u0159ezna 2024 &#8211; ka\u017ed\u00e9ho, kdo nav\u0161t\u00edv\u00ed p\u0159edn\u00ed sv\u011btov\u00fd veletrh od\u011bvn\u00edho a\u00a0textiln\u00edho pr\u016fmyslu Texprocess 2024 ve Frankfurtu nad Mohanem (N\u011bmecko), \u010dek\u00e1 nespo\u010det inovac\u00ed a\u00a0p\u0159evratn\u00fdch trend\u016f. A Z\u00fcnd jako p\u0159edn\u00ed v\u00fdrobce digit\u00e1ln\u00edch \u0159ezac\u00edch \u0159e\u0161en\u00ed pro \u0159ez\u00e1n\u00ed textilu nez\u016fstane pozadu. L\u00eddr inovac\u00ed ze \u0160v\u00fdcarska [&hellip;]<\/p>\n","protected":false},"author":1,"featured_media":0,"parent":0,"menu_order":0,"comment_status":"closed","ping_status":"closed","template":"templates\/template-full-notitle.php","meta":{"footnotes":""},"class_list":["post-2787","page","type-page","status-publish","hentry","post"],"_links":{"self":[{"href":"https:\/\/www.neotec.cz\/zund\/wp-json\/wp\/v2\/pages\/2787","targetHints":{"allow":["GET"]}}],"collection":[{"href":"https:\/\/www.neotec.cz\/zund\/wp-json\/wp\/v2\/pages"}],"about":[{"href":"https:\/\/www.neotec.cz\/zund\/wp-json\/wp\/v2\/types\/page"}],"author":[{"embeddable":true,"href":"https:\/\/www.neotec.cz\/zund\/wp-json\/wp\/v2\/users\/1"}],"replies":[{"embeddable":true,"href":"https:\/\/www.neotec.cz\/zund\/wp-json\/wp\/v2\/comments?post=2787"}],"version-history":[{"count":3,"href":"https:\/\/www.neotec.cz\/zund\/wp-json\/wp\/v2\/pages\/2787\/revisions"}],"predecessor-version":[{"id":2791,"href":"https:\/\/www.neotec.cz\/zund\/wp-json\/wp\/v2\/pages\/2787\/revisions\/2791"}],"wp:attachment":[{"href":"https:\/\/www.neotec.cz\/zund\/wp-json\/wp\/v2\/media?parent=2787"}],"curies":[{"name":"wp","href":"https:\/\/api.w.org\/{rel}","templated":true}]}}