{"id":2835,"date":"2025-03-17T09:11:59","date_gmt":"2025-03-17T08:11:59","guid":{"rendered":"https:\/\/www.neotec.cz\/zund\/?page_id=2835"},"modified":"2025-03-17T09:13:11","modified_gmt":"2025-03-17T08:13:11","slug":"jecworld25","status":"publish","type":"page","link":"https:\/\/www.neotec.cz\/zund\/jecworld25\/","title":{"rendered":"Novinky &#8211; JEC World 2025"},"content":{"rendered":"<div id=\"pl-2835\"  class=\"panel-layout\" ><div id=\"pg-2835-0\"  class=\"panel-grid panel-no-style\" ><div id=\"pgc-2835-0-0\"  class=\"panel-grid-cell\" ><div id=\"panel-2835-0-0-0\" class=\"so-panel widget widget_sow-editor panel-first-child panel-last-child\" data-index=\"0\" ><div\n\t\t\t\n\t\t\tclass=\"so-widget-sow-editor so-widget-sow-editor-base\"\n\t\t\t\n\t\t>\n<div class=\"siteorigin-widget-tinymce textwidget\">\n\t<h1>Z\u00fcnd na JEC World 2025 \u2013 Efektivn\u00ed \u0159ez\u00e1n\u00ed a kompletov\u00e1n\u00ed<\/h1>\n<p><strong>Altst\u00e4tten, \u0160v\u00fdcarsko, 23. ledna 2025 \u2013 Na JEC World 2025 v Pa\u0159\u00ed\u017ei p\u0159edstav\u00ed Z\u00fcnd komplexn\u00ed soubor \u0159e\u0161en\u00ed a technologi\u00ed pro efektivn\u00ed, automatizovan\u00e9 \u0159ez\u00e1n\u00ed kompozitn\u00edch materi\u00e1l\u016f a technick\u00fdch textili\u00ed. Jako poskytovatel \u00fapln\u00e9 automatizace digit\u00e1ln\u00edho \u0159ez\u00e1n\u00ed se Z\u00fcnd zam\u011b\u0159uje na dob\u0159e navr\u017een\u00e9 v\u00fdrobn\u00ed procesy a pracovn\u00ed postupy. Obchodn\u00ed profesion\u00e1lov\u00e9 budou m\u00edt p\u0159\u00edle\u017eitost vid\u011bt z prvn\u00ed ruky, jak hladce spolupracuj\u00ed spr\u00e1va dat, \u0159ez\u00e1n\u00ed a sestavov\u00e1n\u00ed v digit\u00e1ln\u00edm pracovn\u00edm postupu.<\/strong><\/p>\n<p>Od 4. do 6. b\u0159ezna bude Z\u00fcnd prezentovat inovativn\u00ed \u0159e\u0161en\u00ed pro digit\u00e1ln\u00ed \u0159ez\u00e1n\u00ed na JEC World v Pa\u0159\u00ed\u017ei. Na st\u00e1nku S57 v hale 5 p\u0159edstav\u00ed kompletn\u00edch \u0159e\u0161en\u00ed pro automatizovan\u00e9 zpracov\u00e1n\u00ed kompozit\u016f, kter\u00e9 bezprobl\u00e9mov\u011b integruj\u00ed v\u00fdrobn\u00ed procesy, od p\u0159\u00edpravy soubor\u016f a\u017e po manipulaci s d\u00edly a logistiku. \u00da\u010dastn\u00edci show si na\u017eivo a na vlastn\u00ed k\u016f\u017ei vyzkou\u0161\u00ed, jak digit\u00e1ln\u00ed pracovn\u00ed postupy zjednodu\u0161uj\u00ed a urychluj\u00ed nejen proces \u0159ez\u00e1n\u00ed, ale tak\u00e9 vychyst\u00e1v\u00e1n\u00ed a t\u0159\u00edd\u011bn\u00ed.<\/p>\n<h2>Digit\u00e1ln\u00ed, automatizovan\u00e9, efektivn\u00ed<\/h2>\n<p>St\u0159edobodem expozice v Z\u00fcndu je pln\u011b integrovan\u00e1 v\u00fdrobn\u00ed bu\u0148ka, kter\u00e1 ukazuje, jak lze efektivn\u011b \u0159\u00eddit tok dat a materi\u00e1l\u016f. D\u016fraz je kladen na potenci\u00e1ln\u00ed \u00faspory prost\u0159ednictv\u00edm inteligentn\u00ed automatizace. D\u00edky optimalizovan\u00e9mu vyu\u017eit\u00ed materi\u00e1lu, flexibiln\u00edmu softwaru a ni\u017e\u0161\u00edm person\u00e1ln\u00edm n\u00e1klad\u016fm mohou spole\u010dnosti trvale zvy\u0161ovat svou konkurenceschopnost. V\u00fdrobn\u00ed bu\u0148ka se skl\u00e1d\u00e1 z\u00a0\u0159ezac\u00edho plotru Z\u00fcnd G3, syst\u00e9mem ProWinder Vision od partnera pro manipulaci s materi\u00e1lem CNM a softwarov\u00fdch \u0159e\u0161en\u00ed od Z\u00fcndu a Jetcam. Mimo jin\u00e9 ukazuje, jak minimalizovat odpad p\u0159i \u0159ez\u00e1n\u00ed kompozitn\u00edch materi\u00e1l\u016f.<\/p>\n<p>\u0158e\u0161en\u00ed stav\u00ed na komplexn\u00edm digit\u00e1ln\u00edm pracovn\u00edm postupu, ve kter\u00e9m hraje kl\u00ed\u010dovou roli Z\u00fcnd PreCut Center (ZPC). Krom\u011b automatick\u00e9ho polohov\u00e1n\u00ed d\u00edl\u016f (nesting), kter\u00e9 zohled\u0148uje i nepravideln\u00e9 tvary materi\u00e1l\u016f a jejich vady, umo\u017e\u0148uje ZPC integraci metadat do v\u00fdstupn\u00edho souboru. Tyto informace jsou na hotov\u00e9 d\u00edly p\u0159en\u00e1\u0161eny pomoc\u00ed inkoustov\u00e9 tisk\u00e1rny nebo tisk\u00e1rny \u0161t\u00edtk\u016f \u2013 perfektn\u00ed z\u00e1klad pro\u00a0kompletaci, sledovatelnost a celkov\u011b efektivn\u011bj\u0161\u00ed v\u00fdrobn\u00ed proces. Pro ru\u010dn\u00ed odeb\u00edr\u00e1n\u00ed d\u00edl\u016f vyu\u017e\u00edv\u00e1 intuitivn\u00ed syst\u00e9m zna\u010den\u00ed a prom\u00edt\u00e1n\u00ed, kter\u00fd vizu\u00e1ln\u011b pom\u00e1h\u00e1 u\u017eivateli p\u0159i odb\u011bru a t\u0159\u00edd\u011bn\u00ed \u0159ezan\u00fdch d\u00edl\u016f.<\/p>\n<p>Z\u00fcnd tak\u00e9 p\u0159edstav\u00ed nejnov\u011bj\u0161\u00ed verzi sv\u00e9ho opera\u010dn\u00edho softwaru Z\u00fcnd Cut Center - ZCC V.4, kter\u00fd nab\u00edz\u00ed dotykov\u00e9 ovl\u00e1d\u00e1n\u00ed a je\u0161t\u011b flexibiln\u011bj\u0161\u00ed mo\u017enosti automatizace pracovn\u00edch postup\u016f. D\u00edky \u0161irok\u00e9 \u0161k\u00e1le funkc\u00ed pro p\u0159\u00edpravu \u00faloh otev\u00edr\u00e1 ZCC 4 nov\u00e9 mo\u017enosti pro p\u0159izp\u016fsoben\u00ed digit\u00e1ln\u00edch \u0159ezac\u00edch proces\u016f po\u017eadavk\u016fm kompozitn\u00edho pr\u016fmyslu.<\/p>\n<h2>Spolupr\u00e1ce se spole\u010dnost\u00ed Loop Technology<\/h2>\n<p>Dal\u0161\u00edm zaj\u00edmav\u00fdm bodem je spolupr\u00e1ce se spole\u010dnost\u00ed Loop Technology, kter\u00e1 je rovn\u011b\u017e vystavovatelem na JEC World. Loop Technology p\u0159edstav\u00ed vysoce rychl\u00fd syst\u00e9m FibreLINE, kter\u00fd je revoluc\u00ed v produkci kompozitn\u00edch struktur pro letadla, v\u011btrn\u00e9 turb\u00edny, automobily a vlaky. FibreLINE ned\u00e1vno z\u00edskal jedno z\u00a0presti\u017en\u00edch ocen\u011bn\u00ed JEC Innovation Awards v kategorii \u201e<em>Aerospace Process<\/em>\u201c. \u0158ezac\u00ed technologie <strong>Z\u00fcnd<\/strong>, konkr\u00e9tn\u011b inovativn\u00ed <strong>Q-Line<\/strong>, hraje v tomto vysoce automatizovan\u00e9m v\u00fdrobn\u00edm \u0159e\u0161en\u00ed kl\u00ed\u010dovou roli. N\u00e1v\u0161t\u011bvn\u00edci veletrhu budou m\u00edt jedine\u010dnou p\u0159\u00edle\u017eitost konzultovat v\u00fdhody a mo\u017en\u00e9 aplikace tohoto inovativn\u00edho \u0159e\u0161en\u00ed jak se specialisty na st\u00e1nku Z\u00fcnd, tak p\u0159\u00edmo se z\u00e1stupci Loop Technology<\/p>\n<div id=\"attachment_2836\" style=\"width: 479px\" class=\"wp-caption aligncenter\"><a href=\"https:\/\/www.neotec.cz\/zund\/wp-content\/uploads\/2025\/03\/jec25.png\"><img aria-describedby=\"caption-attachment-2836\" loading=\"lazy\" decoding=\"async\" class=\"wp-image-2836 size-full\" src=\"https:\/\/www.neotec.cz\/zund\/wp-content\/uploads\/2025\/03\/jec25.png\" alt=\"\" width=\"469\" height=\"301\" srcset=\"https:\/\/www.neotec.cz\/zund\/wp-content\/uploads\/2025\/03\/jec25.png 469w, https:\/\/www.neotec.cz\/zund\/wp-content\/uploads\/2025\/03\/jec25-300x193.png 300w\" sizes=\"auto, (max-width: 469px) 100vw, 469px\" \/><\/a><p id=\"caption-attachment-2836\" class=\"wp-caption-text\">Se svou \u0161irokou nab\u00eddkou prezentovanou na veletrhu JEC World 2025 bude Z\u00fcnd zd\u016fraz\u0148ovat svou vedouc\u00ed pozici jako poskytovatel \u0161pi\u010dkov\u00fdch \u0159e\u0161en\u00ed v pr\u016fmyslu kompozit\u016f. N\u00e1v\u0161t\u011bvn\u00edci jsou zv\u00e1ni na st\u00e1nek S57 v hale 5, aby se sami p\u0159esv\u011bd\u010dili, jak m\u016f\u017ee nejmodern\u011bj\u0161\u00ed technologie u\u010dinit v\u00fdrobn\u00ed procesy je\u0161t\u011b efektivn\u011bj\u0161\u00edmi, ekonomi\u010dt\u011bj\u0161\u00edmi a flexibiln\u011bj\u0161\u00edmi ne\u017e kdy d\u0159\u00edve.<\/p><\/div>\n<p>&nbsp;<\/p>\n<p><strong>Z\u00fcnd \u2013 inovace a odbornost v digit\u00e1ln\u00edm \u0159ez\u00e1n\u00ed<\/strong><\/p>\n<p>Z\u00fcnd Systemtechnik AG je glob\u00e1ln\u011b aktivn\u00ed \u0161v\u00fdcarsk\u00fd rodinn\u00fd v\u00fdrobce vysoce pokro\u010dil\u00fdch digit\u00e1ln\u00edch \u0159ezac\u00edch syst\u00e9m\u016f. Jm\u00e9no Z\u00fcnd je synonymem pro \u0161v\u00fdcarskou kvalitu a znamen\u00e1 preciznost, v\u00fdkon a\u00a0spolehlivost. Z\u00fcnd navrhuje, vyr\u00e1b\u00ed a uv\u00e1d\u00ed na trh modul\u00e1rn\u00ed \u0159ezac\u00ed syst\u00e9my od roku 1984 a pat\u0159\u00ed mezi p\u0159edn\u00ed sv\u011btov\u00e9 v\u00fdrobce.<\/p>\n<p>Mezi z\u00e1kazn\u00edky pat\u0159\u00ed poskytovatel\u00e9 slu\u017eeb a v\u00fdrobci v reklamn\u00edm a obalov\u00e9m pr\u016fmyslu, n\u00e1bytk\u00e1\u0159sk\u00e9m, m\u00f3dn\u00edm a outdoorov\u00e9m sektoru, stejn\u011b jako v doprav\u011b. Glob\u00e1ln\u00ed centr\u00e1la spole\u010dnosti Z\u00fcnd se nach\u00e1z\u00ed v Altst\u00e4ttenu ve \u0160v\u00fdcarsku a zahrnuje odd\u011blen\u00ed v\u00fdzkumu a v\u00fdvoje, marketingu a\u00a0v\u00fdroby. Krom\u011b vlastn\u00ed mezin\u00e1rodn\u00ed prodejn\u00ed a servisn\u00ed s\u00edt\u011b se Z\u00fcnd Systemtechnik spol\u00e9h\u00e1 na\u00a0celosv\u011btovou s\u00ed\u0165 dlouhodob\u00fdch, nez\u00e1visl\u00fdch distribu\u010dn\u00edch partner\u016f.<\/p>\n<p>&nbsp;<\/p>\n<\/div>\n<\/div><\/div><\/div><\/div><\/div>","protected":false},"excerpt":{"rendered":"<p>Z\u00fcnd na JEC World 2025 \u2013 Efektivn\u00ed \u0159ez\u00e1n\u00ed a kompletov\u00e1n\u00ed Altst\u00e4tten, \u0160v\u00fdcarsko, 23. ledna 2025 \u2013 Na JEC World 2025 v Pa\u0159\u00ed\u017ei p\u0159edstav\u00ed Z\u00fcnd komplexn\u00ed soubor \u0159e\u0161en\u00ed a technologi\u00ed pro efektivn\u00ed, automatizovan\u00e9 \u0159ez\u00e1n\u00ed kompozitn\u00edch materi\u00e1l\u016f a technick\u00fdch textili\u00ed. Jako poskytovatel \u00fapln\u00e9 automatizace digit\u00e1ln\u00edho \u0159ez\u00e1n\u00ed se Z\u00fcnd zam\u011b\u0159uje na dob\u0159e navr\u017een\u00e9 v\u00fdrobn\u00ed procesy a pracovn\u00ed postupy. [&hellip;]<\/p>\n","protected":false},"author":1,"featured_media":0,"parent":0,"menu_order":0,"comment_status":"closed","ping_status":"closed","template":"templates\/template-full-notitle.php","meta":{"footnotes":""},"class_list":["post-2835","page","type-page","status-publish","hentry","post"],"_links":{"self":[{"href":"https:\/\/www.neotec.cz\/zund\/wp-json\/wp\/v2\/pages\/2835","targetHints":{"allow":["GET"]}}],"collection":[{"href":"https:\/\/www.neotec.cz\/zund\/wp-json\/wp\/v2\/pages"}],"about":[{"href":"https:\/\/www.neotec.cz\/zund\/wp-json\/wp\/v2\/types\/page"}],"author":[{"embeddable":true,"href":"https:\/\/www.neotec.cz\/zund\/wp-json\/wp\/v2\/users\/1"}],"replies":[{"embeddable":true,"href":"https:\/\/www.neotec.cz\/zund\/wp-json\/wp\/v2\/comments?post=2835"}],"version-history":[{"count":2,"href":"https:\/\/www.neotec.cz\/zund\/wp-json\/wp\/v2\/pages\/2835\/revisions"}],"predecessor-version":[{"id":2838,"href":"https:\/\/www.neotec.cz\/zund\/wp-json\/wp\/v2\/pages\/2835\/revisions\/2838"}],"wp:attachment":[{"href":"https:\/\/www.neotec.cz\/zund\/wp-json\/wp\/v2\/media?parent=2835"}],"curies":[{"name":"wp","href":"https:\/\/api.w.org\/{rel}","templated":true}]}}