{"id":2840,"date":"2025-03-17T10:01:34","date_gmt":"2025-03-17T09:01:34","guid":{"rendered":"https:\/\/www.neotec.cz\/zund\/?page_id=2840"},"modified":"2025-03-17T10:01:34","modified_gmt":"2025-03-17T09:01:34","slug":"samab25","status":"publish","type":"page","link":"https:\/\/www.neotec.cz\/zund\/samab25\/","title":{"rendered":"Novinky &#8211; SAMAB 2025"},"content":{"rendered":"<div id=\"pl-2840\"  class=\"panel-layout\" ><div id=\"pg-2840-0\"  class=\"panel-grid panel-no-style\" ><div id=\"pgc-2840-0-0\"  class=\"panel-grid-cell\" ><div id=\"panel-2840-0-0-0\" class=\"so-panel widget widget_sow-editor panel-first-child panel-last-child\" data-index=\"0\" ><div\n\t\t\t\n\t\t\tclass=\"so-widget-sow-editor so-widget-sow-editor-base\"\n\t\t\t\n\t\t>\n<div class=\"siteorigin-widget-tinymce textwidget\">\n\t<h1>M\u00f3da se setk\u00e1v\u00e1 s technologi\u00ed: Z\u00fcnd p\u0159edstavuje inovativn\u00ed \u0159e\u0161en\u00ed \u0159ez\u00e1n\u00ed na veletrhu SAMAB<\/h1>\n<p><strong>Altst\u00e4tten, \u0160v\u00fdcarsko, 12. b\u0159ezna 2025 \u2013 Spole\u010dnost Z\u00fcnd Systemtechnik AG, p\u0159edn\u00ed poskytovatel digit\u00e1ln\u00edch \u0159ezac\u00edch \u0159e\u0161en\u00ed, p\u0159edstav\u00ed sv\u00e9 inovativn\u00ed kompletn\u00ed syst\u00e9my pro \u0159ez\u00e1n\u00ed textilu na veletrhu SAMAB 2025 v Mil\u00e1n\u011b ve dnech 27.\u201329. kv\u011btna. \u0160v\u00fdcarsk\u00e1 spole\u010dnost zde uk\u00e1\u017ee \u0159e\u0161en\u00ed dokonale p\u0159izp\u016fsoben\u00e1 aktu\u00e1ln\u00edm v\u00fdzv\u00e1m m\u00f3dn\u00edho pr\u016fmyslu.<\/strong><\/p>\n<p>M\u00f3dn\u00ed a textiln\u00ed pr\u016fmysl proch\u00e1z\u00ed z\u00e1sadn\u00ed transformac\u00ed. Velikost zak\u00e1zek se neust\u00e1le zmen\u0161uje, v\u00fdrobn\u00ed cykly se zkracuj\u00ed a popt\u00e1vka po individualizaci st\u00e1le roste. Trendy jako v\u00fdroba na m\u00edru (batch size 1), rychl\u00e1 m\u00f3da (fast fashion) a hromadn\u00e1 personalizace (mass customization) vy\u017eaduj\u00ed flexibiln\u00ed a efektivn\u00ed v\u00fdrobn\u00ed procesy. Z\u00fcnd reaguje na tyto v\u00fdzvy v\u00fdkonn\u00fdmi digit\u00e1ln\u00edmi \u0159ezac\u00edmi syst\u00e9my, kter\u00e9 ve spojen\u00ed s modern\u00edm a intuitivn\u00edm softwarem umo\u017e\u0148uj\u00ed pln\u011b automatizovan\u00fd \u0159ezac\u00ed proces bez nutnosti manu\u00e1ln\u00edho z\u00e1sahu.<\/p>\n<p><strong>Inovativn\u00ed kompletn\u00ed \u0159e\u0161en\u00ed pro nejvy\u0161\u0161\u00ed standardy<\/strong><\/p>\n<p>Na veletrhu SAMAB 2025 p\u0159edstav\u00ed Z\u00fcnd komplexn\u00ed \u0159e\u0161en\u00ed pro \u0159ez\u00e1n\u00ed textilu ve spolupr\u00e1ci s\u00a0portugalsk\u00fdm softwarov\u00fdm partnerem Mind. Jedine\u010dn\u00e1 kombinace \u0161pi\u010dkov\u00e9ho hardwaru a\u00a0inteligentn\u00edho softwaru p\u0159in\u00e1\u0161\u00ed kl\u00ed\u010dov\u00e9 konkuren\u010dn\u00ed v\u00fdhody pro textiln\u00ed spole\u010dnosti orientovan\u00e9 na\u00a0budoucnost: umo\u017e\u0148uje p\u0159esn\u00e9 zarovn\u00e1n\u00ed vzorovan\u00fdch l\u00e1tek, optimalizuje vyu\u017eit\u00ed materi\u00e1lu a\u00a0v\u00fdrazn\u011b sni\u017euje chybovost ve v\u00fdrobn\u00edm procesu. D\u00edky inteligentn\u00edm funkc\u00edm, jako je slad\u011bn\u00ed vzor\u016f, rozpozn\u00e1v\u00e1n\u00ed prvk\u016f a automatizovan\u00e9 um\u00edst\u011bn\u00ed, se cel\u00fd \u0159ezac\u00ed proces st\u00e1v\u00e1 efektivn\u011bj\u0161\u00edm a\u00a0ekonomi\u010dt\u011bj\u0161\u00edm \u2013 a z\u00e1rove\u0148 zvy\u0161uje kvalitu fin\u00e1ln\u00edch produkt\u016f.<\/p>\n<p><strong>\u0158e\u0161en\u00ed \u0161it\u00e1 na m\u00edru v\u00fdzv\u00e1m odv\u011btv\u00ed<\/strong><\/p>\n<p>Odborn\u00edci ze spole\u010dnosti Z\u00fcnd p\u0159edstav\u00ed \u0159e\u0161en\u00ed speci\u00e1ln\u011b vyvinut\u00e1 pro n\u00e1ro\u010dn\u00e9 po\u017eadavky textiln\u00edho pr\u016fmyslu, kter\u00e1 reaguj\u00ed na nej\u010dast\u011bj\u0161\u00ed v\u00fdzvy \u2013 od spolehliv\u00e9 detekce vad materi\u00e1lu p\u0159es optim\u00e1ln\u00ed zpracov\u00e1n\u00ed CAD dat a\u017e po precizn\u00ed zarovn\u00e1n\u00ed vzorovan\u00fdch l\u00e1tek. \u201eNa\u0161e syst\u00e9my umo\u017e\u0148uj\u00ed m\u00f3dn\u00edm spole\u010dnostem rychle reagovat na tr\u017en\u00ed trendy a sou\u010dasn\u011b udr\u017eet nejvy\u0161\u0161\u00ed standardy kvality,\u201c vysv\u011btluje Katrin Dotzauer, glob\u00e1ln\u00ed mana\u017eerka trhu pro oblast m\u00f3dy ve spole\u010dnosti Z\u00fcnd. \u201eNa\u0161e \u0159e\u0161en\u00ed jsou odpov\u011bd\u00ed na kl\u00ed\u010dov\u00e9 trendy v odv\u011btv\u00ed, jako je personalizace, lok\u00e1ln\u00ed v\u00fdroba a bezprobl\u00e9mov\u00e1 integrace v\u00a0r\u00e1mci konceptu Pr\u016fmyslu 4.0, d\u00edky \u010demu\u017e se st\u00e1vaj\u00ed prvn\u00ed volbou pro m\u00f3dn\u00ed pr\u016fmysl.\u201c<\/p>\n<p>&nbsp;<\/p>\n<p><strong>Z\u00fcnd \u2013 inovace a odbornost v digit\u00e1ln\u00edm \u0159ez\u00e1n\u00ed<\/strong><\/p>\n<p>Z\u00fcnd Systemtechnik AG je glob\u00e1ln\u00ed rodinn\u00e1 \u0161v\u00fdcarsk\u00e1 spole\u010dnost specializuj\u00edc\u00ed se na digit\u00e1ln\u00ed \u0159ezac\u00ed syst\u00e9my. Jm\u00e9no Z\u00fcnd je synonymem pro \u0161v\u00fdcarskou kvalitu, p\u0159esnost, v\u00fdkon a spolehlivost. Od roku 1984 Z\u00fcnd vyv\u00edj\u00ed, vyr\u00e1b\u00ed a prod\u00e1v\u00e1 modul\u00e1rn\u00ed \u0159ezac\u00ed syst\u00e9my a pat\u0159\u00ed mezi p\u0159edn\u00ed sv\u011btov\u00e9 v\u00fdrobce v tomto oboru.<\/p>\n<p>Z\u00e1kaznick\u00e1 z\u00e1kladna Z\u00fcnd zahrnuje poskytovatele slu\u017eeb a v\u00fdrobce v grafick\u00e9m a obalov\u00e9m pr\u016fmyslu, stejn\u011b jako v n\u00e1bytk\u00e1\u0159sk\u00e9m, m\u00f3dn\u00edm a outdoorov\u00e9m sektoru a v dopravn\u00edm pr\u016fmyslu. Spole\u010dnost m\u00e1 s\u00eddlo v Altst\u00e4ttenu ve\u00a0\u0160v\u00fdcarsku, kde se nach\u00e1zej\u00ed jej\u00ed v\u00fdzkumn\u00e9, v\u00fdvojov\u00e9, marketingov\u00e9 a v\u00fdrobn\u00ed odd\u011blen\u00ed. Krom\u011b vlastn\u00edch mezin\u00e1rodn\u00edch prodejn\u00edch a servisn\u00edch organizac\u00ed se Z\u00fcnd spol\u00e9h\u00e1 na celosv\u011btovou s\u00ed\u0165 dlouholet\u00fdch nez\u00e1visl\u00fdch distributor\u016f a servisn\u00edch partner\u016f.<\/p>\n<\/div>\n<\/div><\/div><\/div><\/div><\/div>","protected":false},"excerpt":{"rendered":"<p>M\u00f3da se setk\u00e1v\u00e1 s technologi\u00ed: Z\u00fcnd p\u0159edstavuje inovativn\u00ed \u0159e\u0161en\u00ed \u0159ez\u00e1n\u00ed na veletrhu SAMAB Altst\u00e4tten, \u0160v\u00fdcarsko, 12. b\u0159ezna 2025 \u2013 Spole\u010dnost Z\u00fcnd Systemtechnik AG, p\u0159edn\u00ed poskytovatel digit\u00e1ln\u00edch \u0159ezac\u00edch \u0159e\u0161en\u00ed, p\u0159edstav\u00ed sv\u00e9 inovativn\u00ed kompletn\u00ed syst\u00e9my pro \u0159ez\u00e1n\u00ed textilu na veletrhu SAMAB 2025 v Mil\u00e1n\u011b ve dnech 27.\u201329. kv\u011btna. \u0160v\u00fdcarsk\u00e1 spole\u010dnost zde uk\u00e1\u017ee \u0159e\u0161en\u00ed dokonale p\u0159izp\u016fsoben\u00e1 aktu\u00e1ln\u00edm v\u00fdzv\u00e1m [&hellip;]<\/p>\n","protected":false},"author":1,"featured_media":0,"parent":0,"menu_order":0,"comment_status":"closed","ping_status":"closed","template":"templates\/template-full-notitle.php","meta":{"footnotes":""},"class_list":["post-2840","page","type-page","status-publish","hentry","post"],"_links":{"self":[{"href":"https:\/\/www.neotec.cz\/zund\/wp-json\/wp\/v2\/pages\/2840","targetHints":{"allow":["GET"]}}],"collection":[{"href":"https:\/\/www.neotec.cz\/zund\/wp-json\/wp\/v2\/pages"}],"about":[{"href":"https:\/\/www.neotec.cz\/zund\/wp-json\/wp\/v2\/types\/page"}],"author":[{"embeddable":true,"href":"https:\/\/www.neotec.cz\/zund\/wp-json\/wp\/v2\/users\/1"}],"replies":[{"embeddable":true,"href":"https:\/\/www.neotec.cz\/zund\/wp-json\/wp\/v2\/comments?post=2840"}],"version-history":[{"count":1,"href":"https:\/\/www.neotec.cz\/zund\/wp-json\/wp\/v2\/pages\/2840\/revisions"}],"predecessor-version":[{"id":2841,"href":"https:\/\/www.neotec.cz\/zund\/wp-json\/wp\/v2\/pages\/2840\/revisions\/2841"}],"wp:attachment":[{"href":"https:\/\/www.neotec.cz\/zund\/wp-json\/wp\/v2\/media?parent=2840"}],"curies":[{"name":"wp","href":"https:\/\/api.w.org\/{rel}","templated":true}]}}