{"id":2847,"date":"2025-08-12T10:09:59","date_gmt":"2025-08-12T09:09:59","guid":{"rendered":"https:\/\/www.neotec.cz\/zund\/?page_id=2847"},"modified":"2025-08-12T10:10:00","modified_gmt":"2025-08-12T09:10:00","slug":"capturaworkflow","status":"publish","type":"page","link":"https:\/\/www.neotec.cz\/zund\/capturaworkflow\/","title":{"rendered":"Novinky-Captura Workflow"},"content":{"rendered":"<div id=\"pl-2847\"  class=\"panel-layout\" ><div id=\"pg-2847-0\"  class=\"panel-grid panel-no-style\" ><div id=\"pgc-2847-0-0\"  class=\"panel-grid-cell\" ><div id=\"panel-2847-0-0-0\" class=\"so-panel widget widget_sow-editor panel-first-child panel-last-child\" data-index=\"0\" ><div\n\t\t\t\n\t\t\tclass=\"so-widget-sow-editor so-widget-sow-editor-base\"\n\t\t\t\n\t\t>\n<div class=\"siteorigin-widget-tinymce textwidget\">\n\t<h1>Automatizace a AI \u2013 Z\u00fcnd a jeho partne\u0159i m\u011bn\u00ed pravidla zpracov\u00e1n\u00ed k\u016f\u017ee<\/h1>\n<p class=\"LeadMMI\" style=\"margin-right: .05pt;\"><strong><em>Altst\u00e4tten, \u0160v\u00fdcarsko, 11. srpna 2025 \u2013 Spole\u010dnost Z\u00fcnd nastavuje spolu s\u00a0partnery Mind a Mindhive Global nov\u00e9 standardy ve vysoce automatizovan\u00e9m a\u00a0integrovan\u00e9m \u0159ez\u00e1n\u00ed k\u016f\u017ee. Na veletrhu Simac v Mil\u00e1n\u011b p\u0159edstav\u00ed t\u0159i technologi\u010dt\u00ed partne\u0159i \u0159e\u0161en\u00ed Captura Workflow. Odborn\u00edci z oboru zde na vlastn\u00ed o\u010di uvid\u00ed, jak um\u011bl\u00e1 inteligence, strojov\u00e9 vid\u011bn\u00ed a digit\u00e1ln\u00ed \u0159ezac\u00ed syst\u00e9my spolupracuj\u00ed tak dokonale, aby zachycen\u00ed, t\u0159\u00edd\u011bn\u00ed a \u0159ez\u00e1n\u00ed k\u016f\u017e\u00ed bylo je\u0161t\u011b p\u0159esn\u011bj\u0161\u00ed, spolehliv\u011bj\u0161\u00ed a rychlej\u0161\u00ed ne\u017e kdy d\u0159\u00edve \u2013 a to v\u0161e v pln\u011b propojen\u00e9m prost\u0159ed\u00ed.<\/em><\/strong><\/p>\n<p>A\u017e 23. z\u00e1\u0159\u00ed v Mil\u00e1n\u011b otev\u0159ou br\u00e1ny veletrhu Simac Tanning Tech, bude se na st\u00e1nku Z\u00fcnd (A48\/B47 v hale 10) v\u0161e to\u010dit kolem pln\u011b automatick\u00e9 detekce vad pro dosa\u017een\u00ed dokonal\u00fdch v\u00fdsledk\u016f \u0159ez\u00e1n\u00ed. Spole\u010dn\u011b s\u00a0technologick\u00fdmi partnery Mind a Mindhive Global p\u0159edstav\u00ed \u0161v\u00fdcarsk\u00fd specialista na digit\u00e1ln\u00ed \u0159ezac\u00ed syst\u00e9my \u0159e\u0161en\u00ed Captura Workflow \u2013 pln\u011b integrovan\u00fd syst\u00e9m pro p\u0159esn\u00e9 a efektivn\u00ed \u0159ez\u00e1n\u00ed k\u016f\u017ee.<\/p>\n<p>Tento v\u00fdrobn\u00ed a zpracovatelsk\u00fd postup zahrnuje Mindhive FinishSelect\u2122, kter\u00fd s podporou AI dok\u00e1\u017ee b\u011bhem n\u011bkolika sekund nasn\u00edmat, vyhodnotit a zm\u011b\u0159it k\u016f\u017ei. Software MindCUT od portugalsk\u00e9ho partnera Mind a digit\u00e1ln\u00ed \u0159ezac\u00ed technologii v\u00a0podob\u011b plotru Z\u00fcnd.<\/p>\n<p>Automatizace v st\u00e1le v\u00edce digitalizovan\u00e9m prost\u0159ed\u00ed \u0159ez\u00e1n\u00ed k\u016f\u017ee u\u017e nen\u00ed viz\u00ed vzd\u00e1len\u00e9 budoucnosti \u2013 je realitou dne\u0161ka. A z\u00e1sadn\u011b m\u011bn\u00ed zp\u016fsob, jak\u00fdm se k\u016f\u017ee sn\u00edmaj\u00ed, hodnot\u00ed, t\u0159\u00edd\u00ed a nakonec \u0159e\u017eou. V \u0159e\u0161en\u00ed Captura Workflow vstupuje do hry um\u011bl\u00e1 inteligence a posouv\u00e1 proces hodnocen\u00ed a t\u0159\u00edd\u011bn\u00ed k\u016f\u017e\u00ed na zcela novou \u00farove\u0148. Hodnocen\u00ed a t\u0159\u00edd\u011bn\u00ed k\u016f\u017ee byl d\u0159\u00edve proces zalo\u017een\u00fd na subjektivn\u00edm posouzen\u00ed, p\u0159ev\u00e1\u017en\u011b manu\u00e1ln\u00ed, chybov\u00fd a nekonzistentn\u00ed.<\/p>\n<p>S \u0159e\u0161en\u00edm Captura p\u0159edstavuj\u00ed inov\u00e1to\u0159i Z\u00fcnd, Mind a Mindhive Global technologick\u00fd pr\u016flom, kter\u00fd umo\u017e\u0148uje vysoce automatizovan\u00e9 a standardizovan\u00e9 \u0159ez\u00e1n\u00ed k\u016f\u017ee za pou\u017eit\u00ed AI, obrazov\u00e9 kontroly kvality, modern\u00edho software pro optimalizaci rozlo\u017een\u00ed st\u0159ih\u016f a v\u00fdkonn\u00e9ho digit\u00e1ln\u00edho \u0159ezac\u00edho syst\u00e9mu. Captura umo\u017e\u0148uje zpracovatel\u016fm k\u016f\u017ee p\u0159ej\u00edt na chytr\u00e9, datov\u011b \u0159\u00edzen\u00e9 procesy, kter\u00e9 zaji\u0161\u0165uj\u00ed opakovatelnou kvalitu a\u00a0digit\u00e1ln\u00ed propojen\u00ed.<\/p>\n<p><strong>Hlavn\u00ed komponenty:<\/strong><\/p>\n<ul>\n<li><strong>Mindhive FinishSelect\u2122<\/strong> \u2013 vytv\u00e1\u0159\u00ed vysoce detailn\u00ed sn\u00edmek k\u016f\u017ee a pomoc\u00ed strojov\u00e9ho vid\u011bn\u00ed a hlubok\u00e9ho u\u010den\u00ed detekuje b\u011bhem n\u011bkolika sekund v\u00edce ne\u017e deset typ\u016f vad s p\u0159esnost\u00ed a\u017e 0,17 mm a t\u0159\u00edd\u00ed k\u016f\u017ee podle u\u017eivatelem definovan\u00fdch krit\u00e9ri\u00ed. D\u00edky vysok\u00e9 p\u0159esnosti t\u0159\u00edd\u011bn\u00ed s podporou AI je a\u017e o\u00a090\u00a0% m\u00e9n\u011b d\u00edl\u016f vy\u0159azeno p\u0159i kontrole kvality p\u0159ed \u0161it\u00edm.<\/li>\n<li><strong>Dopravn\u00ed st\u016fl s etiketovac\u00edm za\u0159\u00edzen\u00edm<\/strong> od Z\u00fcnd.<\/li>\n<li><strong>Software MindCUT<\/strong> \u2013 \u0159\u00eddic\u00ed centrum st\u0159i\u017eny. Flexibiln\u00ed a adaptabiln\u00ed \u0159e\u0161en\u00ed zahrnuj\u00edc\u00ed v\u0161echny nezbytn\u00e9 komponenty pro digitalizaci, optimalizaci rozlo\u017een\u00ed st\u0159ih\u016f, \u0159ez\u00e1n\u00ed a odeb\u00edr\u00e1n\u00ed d\u00edl\u016f.<\/li>\n<li><strong>\u0158ezac\u00ed plotr Z\u00fcnd<\/strong> \u2013 ide\u00e1ln\u00ed pro efektivn\u00ed digit\u00e1ln\u00ed \u0159ez\u00e1n\u00ed k\u016f\u017e\u00ed r\u016fzn\u00fdch velikost\u00ed. Workflow Z\u00fcnd nab\u00edz\u00ed bezkonkuren\u010dn\u00ed flexibilitu a stanovuje nov\u00e9 standardy v rychlosti a efektivit\u011b.<\/li>\n<\/ul>\n<h2>Pracovn\u00ed postup<\/h2>\n<p>Cel\u00fd proces \u2013 od nasn\u00edm\u00e1n\u00ed k\u016f\u017ee a\u017e po \u0159ez\u00e1n\u00ed \u2013 je digit\u00e1ln\u00ed, efektivn\u00ed a vy\u017eaduje minimum ru\u010dn\u00ed pr\u00e1ce. Hodnocen\u00ed jedn\u00e9 k\u016f\u017ee nyn\u00ed trv\u00e1 jen 15 sekund, co\u017e firm\u00e1m \u0161et\u0159\u00ed a\u017e deset minut na kus, a sou\u010dasn\u011b poskytuje kompletn\u00ed digit\u00e1ln\u00ed dokumentaci pro ka\u017edou jednotlivou k\u016f\u017ei. Krom\u011b v\u00fdrazn\u00e9 \u00faspory \u010dasu p\u0159i hodnocen\u00ed maj\u00ed u\u017eivatel\u00e9 k\u00a0dispozici i \u00faplnou dokumentaci materi\u00e1lu pro \u00fa\u010dely dohledatelnosti, kontroly kvality a pl\u00e1nov\u00e1n\u00ed v\u00fdroby.<\/p>\n<p>.<\/p>\n<h2>Kompaktn\u00ed \u0159ezac\u00ed plotr G3<\/h2>\n<p>S kompaktn\u00edm \u0159ezac\u00edm plotrem G3 p\u0159edvede Z\u00fcnd dal\u0161\u00edho mistra efektivity v \u0159ez\u00e1n\u00ed k\u016f\u017ee. Tento syst\u00e9m s mal\u00fdm p\u016fdorysem spl\u0148uje technick\u00e9 po\u017eadavky ko\u017eed\u011bln\u00e9ho pr\u016fmyslu. S pracovn\u00edm prostorem 227 \u00d7 160 cm je ide\u00e1ln\u00ed pro zpracov\u00e1n\u00ed st\u0159edn\u011b velk\u00fdch k\u016f\u017e\u00ed a poskytuje dostatek prostoru pro optimalizaci st\u0159ih\u016f, \u0159ez\u00e1n\u00ed a odeb\u00edr\u00e1n\u00ed d\u00edl\u016f na jednom stroji. Pro maxim\u00e1ln\u00ed pohodl\u00ed u\u017eivatele se ovl\u00e1d\u00e1n\u00ed \u0159ezac\u00edho plotru, nakl\u00e1d\u00e1n\u00ed k\u016f\u017e\u00ed a rozlo\u017een\u00ed st\u0159ih\u016f prov\u00e1d\u00ed z p\u0159edn\u00ed strany. Pracovn\u00ed tok prob\u00edh\u00e1 zep\u0159edu dozadu a je rozd\u011blen do t\u0159\u00ed z\u00f3n: nakl\u00e1d\u00e1n\u00ed, \u0159ez\u00e1n\u00ed a odeb\u00edr\u00e1n\u00ed d\u00edl\u016f. To umo\u017e\u0148uje vkl\u00e1dat a sn\u00edmat novou k\u016f\u017ei nebo odeb\u00edrat hotov\u00e9 d\u00edly sou\u010dasn\u011b s prob\u00edhaj\u00edc\u00edm \u0159ez\u00e1n\u00edm. T\u00edm se eliminuj\u00ed prostoje a v\u00fdrazn\u011b zvy\u0161uje produktivita.<\/p>\n<div id=\"attachment_2848\" style=\"width: 730px\" class=\"wp-caption aligncenter\"><a href=\"https:\/\/www.neotec.cz\/zund\/wp-content\/uploads\/2025\/08\/ZundCaptura-Leather-Workflow.jpg\"><img aria-describedby=\"caption-attachment-2848\" loading=\"lazy\" decoding=\"async\" class=\"wp-image-2848 size-large\" src=\"https:\/\/www.neotec.cz\/zund\/wp-content\/uploads\/2025\/08\/ZundCaptura-Leather-Workflow-1024x585.jpg\" alt=\"\" width=\"720\" height=\"411\" srcset=\"https:\/\/www.neotec.cz\/zund\/wp-content\/uploads\/2025\/08\/ZundCaptura-Leather-Workflow-1024x585.jpg 1024w, https:\/\/www.neotec.cz\/zund\/wp-content\/uploads\/2025\/08\/ZundCaptura-Leather-Workflow-300x171.jpg 300w, https:\/\/www.neotec.cz\/zund\/wp-content\/uploads\/2025\/08\/ZundCaptura-Leather-Workflow-768x439.jpg 768w, https:\/\/www.neotec.cz\/zund\/wp-content\/uploads\/2025\/08\/ZundCaptura-Leather-Workflow.jpg 1400w\" sizes=\"auto, (max-width: 720px) 100vw, 720px\" \/><\/a><p id=\"caption-attachment-2848\" class=\"wp-caption-text\">Na veletrhu Simac Tanning Tech p\u0159edstav\u00ed spole\u010dnost Z\u00fcnd nov\u00fd Captura Workflow, kompletn\u00ed \u0159e\u0161en\u00ed pro automatizovan\u00e9 zpracov\u00e1n\u00ed k\u016f\u017ee s vyu\u017eit\u00edm um\u011bl\u00e9 inteligence a komplexn\u00edm digit\u00e1ln\u00edm pracovn\u00edm postupem, kter\u00fd je rychl\u00fd a p\u0159esn\u00fd.<\/p><\/div>\n<p>&nbsp;<\/p>\n<p>&nbsp;<\/p>\n<h3>Z\u00fcnd \u2013 inovace a odborn\u00e9 znalosti v digit\u00e1ln\u00edm \u0159ez\u00e1n\u00ed<\/h3>\n<p>Z\u00fcnd Systemtechnik AG je celosv\u011btov\u011b p\u016fsob\u00edc\u00ed, rodinn\u00fd \u0161v\u00fdcarsk\u00fd v\u00fdrobce vysoce pokro\u010dil\u00fdch digit\u00e1ln\u00edch \u0159ezac\u00edch syst\u00e9m\u016f. N\u00e1zev Z\u00fcnd je synonymem pro \u0161v\u00fdcarskou kvalitu a p\u0159esnost, v\u00fdkon a spolehlivost. Z\u00fcnd navrhuje, vyr\u00e1b\u00ed a prod\u00e1v\u00e1 modul\u00e1rn\u00ed \u0159ezac\u00ed syst\u00e9my od roku 1984 a je jedn\u00edm z p\u0159edn\u00edch sv\u011btov\u00fdch v\u00fdrobc\u016f.<\/p>\n<p>Mezi z\u00e1kazn\u00edky pat\u0159\u00ed poskytovatel\u00e9 komer\u010dn\u00edch slu\u017eeb a pr\u016fmyslov\u00e9 spole\u010dnosti z reklamn\u00edho a obalov\u00e9ho pr\u016fmyslu, n\u00e1bytk\u00e1\u0159sk\u00e9ho, m\u00f3dn\u00edho a outdoorov\u00e9ho sektoru, stejn\u011b jako z dopravy. Glob\u00e1ln\u00ed s\u00eddlo spole\u010dnosti Z\u00fcnd v Altst\u00e4ttenu ve \u0160v\u00fdcarsku je s\u00eddlem v\u00fdzkumn\u00e9ho a v\u00fdvojov\u00e9ho, marketingov\u00e9ho a\u00a0v\u00fdrobn\u00edho odd\u011blen\u00ed spole\u010dnosti. Krom\u011b vlastn\u00edch mezin\u00e1rodn\u00edch prodejn\u00edch a servisn\u00edch organizac\u00ed se\u00a0spole\u010dnost Z\u00fcnd Systemtechnik spol\u00e9h\u00e1 na celosv\u011btovou s\u00ed\u0165 dlouholet\u00fdch, nez\u00e1visl\u00fdch distribu\u010dn\u00edch partner\u016f.<\/p>\n<\/div>\n<\/div><\/div><\/div><\/div><\/div>","protected":false},"excerpt":{"rendered":"<p>Automatizace a AI \u2013 Z\u00fcnd a jeho partne\u0159i m\u011bn\u00ed pravidla zpracov\u00e1n\u00ed k\u016f\u017ee Altst\u00e4tten, \u0160v\u00fdcarsko, 11. srpna 2025 \u2013 Spole\u010dnost Z\u00fcnd nastavuje spolu s\u00a0partnery Mind a Mindhive Global nov\u00e9 standardy ve vysoce automatizovan\u00e9m a\u00a0integrovan\u00e9m \u0159ez\u00e1n\u00ed k\u016f\u017ee. Na veletrhu Simac v Mil\u00e1n\u011b p\u0159edstav\u00ed t\u0159i technologi\u010dt\u00ed partne\u0159i \u0159e\u0161en\u00ed Captura Workflow. Odborn\u00edci z oboru zde na vlastn\u00ed o\u010di uvid\u00ed, [&hellip;]<\/p>\n","protected":false},"author":1,"featured_media":0,"parent":0,"menu_order":0,"comment_status":"closed","ping_status":"closed","template":"templates\/template-full-notitle.php","meta":{"footnotes":""},"class_list":["post-2847","page","type-page","status-publish","hentry","post"],"_links":{"self":[{"href":"https:\/\/www.neotec.cz\/zund\/wp-json\/wp\/v2\/pages\/2847","targetHints":{"allow":["GET"]}}],"collection":[{"href":"https:\/\/www.neotec.cz\/zund\/wp-json\/wp\/v2\/pages"}],"about":[{"href":"https:\/\/www.neotec.cz\/zund\/wp-json\/wp\/v2\/types\/page"}],"author":[{"embeddable":true,"href":"https:\/\/www.neotec.cz\/zund\/wp-json\/wp\/v2\/users\/1"}],"replies":[{"embeddable":true,"href":"https:\/\/www.neotec.cz\/zund\/wp-json\/wp\/v2\/comments?post=2847"}],"version-history":[{"count":1,"href":"https:\/\/www.neotec.cz\/zund\/wp-json\/wp\/v2\/pages\/2847\/revisions"}],"predecessor-version":[{"id":2849,"href":"https:\/\/www.neotec.cz\/zund\/wp-json\/wp\/v2\/pages\/2847\/revisions\/2849"}],"wp:attachment":[{"href":"https:\/\/www.neotec.cz\/zund\/wp-json\/wp\/v2\/media?parent=2847"}],"curies":[{"name":"wp","href":"https:\/\/api.w.org\/{rel}","templated":true}]}}