{"id":2873,"date":"2026-03-27T14:37:22","date_gmt":"2026-03-27T13:37:22","guid":{"rendered":"https:\/\/www.neotec.cz\/zund\/?page_id=2873"},"modified":"2026-03-27T14:38:18","modified_gmt":"2026-03-27T13:38:18","slug":"fespa26","status":"publish","type":"page","link":"https:\/\/www.neotec.cz\/zund\/fespa26\/","title":{"rendered":"Novinky-Fespa-2026"},"content":{"rendered":"<div id=\"pl-2873\"  class=\"panel-layout\" ><div id=\"pg-2873-0\"  class=\"panel-grid panel-no-style\" ><div id=\"pgc-2873-0-0\"  class=\"panel-grid-cell\" ><div id=\"panel-2873-0-0-0\" class=\"so-panel widget widget_sow-editor panel-first-child panel-last-child\" data-index=\"0\" ><div\n\t\t\t\n\t\t\tclass=\"so-widget-sow-editor so-widget-sow-editor-base\"\n\t\t\t\n\t\t>\n<div class=\"siteorigin-widget-tinymce textwidget\">\n\t<h1>Z\u00fcnd na veletrhu FESPA 2026: Spolehlivost. V\u0161estrannost. P\u0159ipravenost na v\u0161e.<\/h1>\n<p><em>Na veletrhu FESPA Global Print Expo 2026 v Barcelon\u011b (19.\u201322. kv\u011btna) p\u0159edstav\u00ed spole\u010dnost Z\u00fcnd \u0159e\u0161en\u00ed pro digit\u00e1ln\u00ed \u0159ez\u00e1n\u00ed, kter\u00e1 vynikaj\u00ed mimo\u0159\u00e1dnou spolehlivost\u00ed, flexibilitou a v\u0161estrannost\u00ed v \u0161irok\u00e9 \u0161k\u00e1le aplikac\u00ed. Pod mottem \u201eReliable All-Rounders\u201c (Spolehliv\u00ed v\u0161eum\u011blov\u00e9) p\u0159edvede Z\u00fcnd (st\u00e1nek A129, hala 3), jak lze modul\u00e1rn\u00ed \u0159ezac\u00ed syst\u00e9my konfigurovat pro nejr\u016fzn\u011bj\u0161\u00ed v\u00fdrobn\u00ed po\u017eadavky \u2013 od z\u00e1kladn\u00edch syst\u00e9m\u016f a\u017e po vysoce automatizovan\u00e1 pr\u016fmyslov\u00e1 \u0159e\u0161en\u00ed. Hlavn\u00ed pozornost bude v\u011bnov\u00e1na nov\u00e9mu odv\u00edje\u010di RollMaster, mo\u017enostem fr\u00e9zov\u00e1n\u00ed z\u00e1vit\u016f a automatizovan\u00e9 manipulaci s materi\u00e1lem.<\/em><\/p>\n<h3>Novinka: RollMaster pro flexibiln\u00ed zpracov\u00e1n\u00ed rol\u00ed<\/h3>\n<p>Na \u0159ezac\u00edm stroji Z\u00fcnd G3 p\u0159edstav\u00ed spole\u010dnost nov\u011b vyvinut\u00fd <strong>RollMaster<\/strong> \u2013 flexibiln\u011b konfigurovatelnou odv\u00edjec\u00ed jednotku pro prakticky v\u0161echny druhy, velikosti a hmotnosti rolov\u00fdch materi\u00e1l\u016f. RollMaster umo\u017e\u0148uje rychl\u00e9 a snadn\u00e9 zakl\u00e1d\u00e1n\u00ed textili\u00ed a jin\u00fdch ohebn\u00fdch materi\u00e1l\u016f s dutinkou, stejn\u011b jako hutn\u011bj\u0161\u00edch materi\u00e1l\u016f, jako jsou plastov\u00e9 f\u00f3lie nebo pap\u00edr. V\u00fdm\u011bna rol\u00ed je bleskov\u00e1 a nevy\u017eaduje \u017e\u00e1dn\u00e9 dodate\u010dn\u00e9 nastavov\u00e1n\u00ed. D\u00edky modul\u00e1rn\u00ed konstrukci lze jednotku snadno dovybavit podle typu zpracov\u00e1van\u00e9ho materi\u00e1lu.<\/p>\n<h3>Integrovan\u00e9 fr\u00e9zov\u00e1n\u00ed z\u00e1vit\u016f a p\u0159esn\u00fd V-\u0159ez<\/h3>\n<p>S nov\u00fdm n\u00e1strojem pro <strong>fr\u00e9zov\u00e1n\u00ed z\u00e1vit\u016f<\/strong> roz\u0161i\u0159uje Z\u00fcnd funk\u010dnost sv\u00fdch \u0159ezac\u00edch stroj\u016f o integrovan\u00fd krok, kter\u00fd bylo d\u0159\u00edve nutn\u00e9 prov\u00e1d\u011bt odd\u011blen\u011b. Z\u00e1vity lze nyn\u00ed vytv\u00e1\u0159et p\u0159\u00edmo na stroji v r\u016fzn\u00fdch pevn\u00fdch materi\u00e1lech. V\u00fdrobc\u016fm reklamy, architektonick\u00e9ho p\u00edsma nebo displej\u016f to v\u00fdrazn\u011b usnad\u0148uje instalaci, proto\u017ee mont\u00e1\u017en\u00ed body lze p\u0159esn\u011b p\u0159ipravit ji\u017e v r\u00e1mci \u0159ezac\u00edho procesu. Z\u00fcnd bude tuto aplikaci p\u0159edv\u00e1d\u011bt <strong>na veletrhu FESPA \u017eiv\u011b<\/strong>.<\/p>\n<p>D\u00e1le Z\u00fcnd p\u0159edstavuje nov\u00fd dr\u017e\u00e1k \u010depel\u00ed, kter\u00fd umo\u017e\u0148uje p\u0159esn\u00fd V-\u0159ez u ostr\u00fdch kontur, co\u017e najde vyu\u017eit\u00ed nap\u0159\u00edklad u akustick\u00fdch panel\u016f.<\/p>\n<h3>Automatizovan\u00e1 manipulace s materi\u00e1lem Robot PortaBase<\/h3>\n<p>Kompaktn\u00ed \u0159ezac\u00ed stroj S3 bude k vid\u011bn\u00ed v kombinaci s jednotkou <strong>Robot PortaBase 175<\/strong> od partnera Robotfactory. Tato jednotka automatizuje manipulaci s materi\u00e1lem a ukazuje, jak lze digit\u00e1ln\u00ed \u0159ez\u00e1n\u00ed propojit s robotick\u00fdmi procesy pro zv\u00fd\u0161en\u00ed v\u00fdkonu, stability procesu a sn\u00ed\u017een\u00ed z\u00e1t\u011b\u017ee obsluhy. Novinkou v tomto kontextu je otev\u0159en\u00e9 rozhran\u00ed Loading &amp; Unloading, kter\u00e9 je nyn\u00ed k dispozici jako voliteln\u00e1 sou\u010d\u00e1st softwaru ZCC Z\u00fcnd Cut Center.<\/p>\n<h3>Modularita jako z\u00e1kladn\u00ed princip<\/h3>\n<p>V\u0161echna p\u0159edv\u00e1d\u011bn\u00e1 \u0159e\u0161en\u00ed stav\u00ed na modul\u00e1rn\u00edm p\u0159\u00edstupu spole\u010dnosti Z\u00fcnd. Konfigurace stroj\u016f lze flexibiln\u011b upravovat a roz\u0161i\u0159ovat podle pot\u0159eby \u2013 od nov\u00fdch n\u00e1stroj\u016f a softwarov\u00fdch dopl\u0148k\u016f a\u017e po \u0159e\u0161en\u00ed pro automatickou nakl\u00e1dku a odeb\u00edr\u00e1n\u00ed d\u00edl\u016f. Tento p\u0159\u00edstup pom\u00e1h\u00e1 firm\u00e1m adaptovat se na m\u011bn\u00edc\u00ed se trh a zaji\u0161\u0165uje dlouhodobou ochranu investic po celou dobu \u017eivotnosti syst\u00e9mu.<\/p>\n<p>V hale 3 nab\u00eddne Z\u00fcnd praktick\u00e9 uk\u00e1zky toho, jak digit\u00e1ln\u00ed \u0159ezac\u00ed syst\u00e9my p\u0159in\u00e1\u0161ej\u00ed efektivitu i vysokou p\u0159esnost. Prezentace se zam\u011b\u0159\u00ed na re\u00e1ln\u00e9 aplikace z oblasti grafiky, v\u00fdstavnictv\u00ed, obalov\u00e9ho pr\u016fmyslu a p\u0159\u00edbuzn\u00fdch obor\u016f. C\u00edlem je uk\u00e1zat profesion\u00e1l\u016fm, jak mohou modul\u00e1rn\u00ed syst\u00e9my zefektivnit jejich v\u00fdrobu a p\u0159ipravit ji na budoucnost.<\/p>\n<\/div>\n<\/div><\/div><\/div><\/div><\/div>","protected":false},"excerpt":{"rendered":"<p>Z\u00fcnd na veletrhu FESPA 2026: Spolehlivost. V\u0161estrannost. P\u0159ipravenost na v\u0161e. Na veletrhu FESPA Global Print Expo 2026 v Barcelon\u011b (19.\u201322. kv\u011btna) p\u0159edstav\u00ed spole\u010dnost Z\u00fcnd \u0159e\u0161en\u00ed pro digit\u00e1ln\u00ed \u0159ez\u00e1n\u00ed, kter\u00e1 vynikaj\u00ed mimo\u0159\u00e1dnou spolehlivost\u00ed, flexibilitou a v\u0161estrannost\u00ed v \u0161irok\u00e9 \u0161k\u00e1le aplikac\u00ed. Pod mottem \u201eReliable All-Rounders\u201c (Spolehliv\u00ed v\u0161eum\u011blov\u00e9) p\u0159edvede Z\u00fcnd (st\u00e1nek A129, hala 3), jak lze modul\u00e1rn\u00ed \u0159ezac\u00ed [&hellip;]<\/p>\n","protected":false},"author":1,"featured_media":0,"parent":0,"menu_order":0,"comment_status":"closed","ping_status":"closed","template":"templates\/template-full-notitle.php","meta":{"footnotes":""},"class_list":["post-2873","page","type-page","status-publish","hentry","post"],"_links":{"self":[{"href":"https:\/\/www.neotec.cz\/zund\/wp-json\/wp\/v2\/pages\/2873","targetHints":{"allow":["GET"]}}],"collection":[{"href":"https:\/\/www.neotec.cz\/zund\/wp-json\/wp\/v2\/pages"}],"about":[{"href":"https:\/\/www.neotec.cz\/zund\/wp-json\/wp\/v2\/types\/page"}],"author":[{"embeddable":true,"href":"https:\/\/www.neotec.cz\/zund\/wp-json\/wp\/v2\/users\/1"}],"replies":[{"embeddable":true,"href":"https:\/\/www.neotec.cz\/zund\/wp-json\/wp\/v2\/comments?post=2873"}],"version-history":[{"count":2,"href":"https:\/\/www.neotec.cz\/zund\/wp-json\/wp\/v2\/pages\/2873\/revisions"}],"predecessor-version":[{"id":2875,"href":"https:\/\/www.neotec.cz\/zund\/wp-json\/wp\/v2\/pages\/2873\/revisions\/2875"}],"wp:attachment":[{"href":"https:\/\/www.neotec.cz\/zund\/wp-json\/wp\/v2\/media?parent=2873"}],"curies":[{"name":"wp","href":"https:\/\/api.w.org\/{rel}","templated":true}]}}