{"id":415,"date":"2016-02-15T15:57:55","date_gmt":"2016-02-15T14:57:55","guid":{"rendered":"http:\/\/www.neotec.cz\/zundnew\/?page_id=415"},"modified":"2021-05-12T12:40:53","modified_gmt":"2021-05-12T11:40:53","slug":"s3seznam","status":"publish","type":"page","link":"https:\/\/www.neotec.cz\/zund\/s3seznam\/","title":{"rendered":"S3"},"content":{"rendered":"<div id=\"pl-415\"  class=\"panel-layout\" ><div id=\"pg-415-0\"  class=\"panel-grid panel-no-style\" ><div id=\"pgc-415-0-0\"  class=\"panel-grid-cell\" ><div id=\"panel-415-0-0-0\" class=\"so-panel widget widget_sow-editor panel-first-child panel-last-child\" data-index=\"0\" ><div\n\t\t\t\n\t\t\tclass=\"so-widget-sow-editor so-widget-sow-editor-base\"\n\t\t\t\n\t\t>\n<div class=\"siteorigin-widget-tinymce textwidget\">\n\t<h1><strong>\u0158ezac\u00ed plotr S3 - rychlost, flexibilnost a kompaktnost<\/strong><\/h1>\n<\/div>\n<\/div><\/div><\/div><\/div><div id=\"pg-415-1\"  class=\"panel-grid panel-no-style\" ><div id=\"pgc-415-1-0\"  class=\"panel-grid-cell\" ><div id=\"panel-415-1-0-0\" class=\"so-panel widget widget_circleicon-widget panel-first-child panel-last-child\" data-index=\"1\" ><div class=\"panel-widget-style panel-widget-style-for-415-1-0-0\" >\t\t<div class=\"circle-icon-box circle-icon-position-top circle-icon-hide-box circle-icon-size-large \">\n\t\t\t\t\t\t\t<div class=\"circle-icon-wrapper\">\n\t\t\t\t\t\t\t\t\t\t<div class=\"circle-icon icon-style-set\" style=\"background-image: url(http:\/\/www.neotec.cz\/zund\/wp-content\/uploads\/2016\/02\/ic-s3.png);background-color: #888888\">\n\t\t\t\t\t\t\t\t\t\t\t<\/div>\n\t\t\t\t\t\t\t\t\t<\/div>\n\t\t\t\n\t\t\t\t\t\t\t\t\t\n\t\t\t\t\t\t\t\t\t\t<a\n\t\t\t\t\thref=\"http:\/\/www.neotec.cz\/zund\/s3seznam\/\"\n\t\t\t\t\tclass=\"more-button\"\n\t\t\t\t\t\t\t\t\t\t\t\t\t\t>\n\t\t\t\t\tS3 sezn\u00e1men\u00ed <i><\/i>\n\t\t\t\t<\/a>\n\t\t\t\t\t<\/div>\n\t\t<\/div><\/div><\/div><div id=\"pgc-415-1-1\"  class=\"panel-grid-cell\" ><div id=\"panel-415-1-1-0\" class=\"so-panel widget widget_circleicon-widget panel-first-child panel-last-child\" data-index=\"2\" >\t\t<div class=\"circle-icon-box circle-icon-position-top circle-icon-hide-box circle-icon-size-large \">\n\t\t\t\t\t\t\t<div class=\"circle-icon-wrapper\">\n\t\t\t\t\t\t\t\t\t\t<a href=\"http:\/\/www.neotec.cz\/zund\/S3det\/\" class=\"link-icon\" >\t\t\t\t\t<div class=\"circle-icon icon-style-set\" style=\"background-image: url(http:\/\/www.neotec.cz\/zund\/wp-content\/uploads\/2016\/02\/ic-s3det.png);background-color: #eeeeee\">\n\t\t\t\t\t\t\t\t\t\t\t<\/div>\n\t\t\t\t\t<\/a>\t\t\t\t<\/div>\n\t\t\t\n\t\t\t\t\t\t\t<a href=\"http:\/\/www.neotec.cz\/zund\/S3det\/\" class=\"link-title\" >\n\t\t\t\t\t\t\t\t\t\t\t\t\t<\/a>\n\t\t\t\n\t\t\t\t\t\t\t\t\t\t<a\n\t\t\t\t\thref=\"http:\/\/www.neotec.cz\/zund\/S3det\/\"\n\t\t\t\t\tclass=\"more-button\"\n\t\t\t\t\t\t\t\t\t\t\t\t\t\t>\n\t\t\t\t\tS3 detailn\u011b <i><\/i>\n\t\t\t\t<\/a>\n\t\t\t\t\t<\/div>\n\t\t<\/div><\/div><div id=\"pgc-415-1-2\"  class=\"panel-grid-cell\" ><div id=\"panel-415-1-2-0\" class=\"so-panel widget widget_circleicon-widget panel-first-child panel-last-child\" data-index=\"3\" >\t\t<div class=\"circle-icon-box circle-icon-position-top circle-icon-hide-box circle-icon-size-large \">\n\t\t\t\t\t\t\t<div class=\"circle-icon-wrapper\">\n\t\t\t\t\t\t\t\t\t\t<a href=\"http:\/\/www.neotec.cz\/zund\/s3mod\/\" class=\"link-icon\" >\t\t\t\t\t<div class=\"circle-icon icon-style-set\" style=\"background-image: url(http:\/\/www.neotec.cz\/zund\/wp-content\/uploads\/2016\/02\/ic-modtool.png);background-color: #eeeeee\">\n\t\t\t\t\t\t\t\t\t\t\t<\/div>\n\t\t\t\t\t<\/a>\t\t\t\t<\/div>\n\t\t\t\n\t\t\t\t\t\t\t<a href=\"http:\/\/www.neotec.cz\/zund\/s3mod\/\" class=\"link-title\" >\n\t\t\t\t\t\t\t\t\t\t\t\t\t<\/a>\n\t\t\t\n\t\t\t\t\t\t\t\t\t\t<a\n\t\t\t\t\thref=\"http:\/\/www.neotec.cz\/zund\/s3mod\/\"\n\t\t\t\t\tclass=\"more-button\"\n\t\t\t\t\t\t\t\t\t\t\t\t\t\t>\n\t\t\t\t\tS3 moduly a n\u00e1stroje <i><\/i>\n\t\t\t\t<\/a>\n\t\t\t\t\t<\/div>\n\t\t<\/div><\/div><div id=\"pgc-415-1-3\"  class=\"panel-grid-cell\" ><div id=\"panel-415-1-3-0\" class=\"so-panel widget widget_circleicon-widget panel-first-child panel-last-child\" data-index=\"4\" >\t\t<div class=\"circle-icon-box circle-icon-position-top circle-icon-hide-box circle-icon-size-large \">\n\t\t\t\t\t\t\t<div class=\"circle-icon-wrapper\">\n\t\t\t\t\t\t\t\t\t\t<a href=\"http:\/\/www.neotec.cz\/zund\/s3velikostistolu\/\" class=\"link-icon\" >\t\t\t\t\t<div class=\"circle-icon icon-style-set\" style=\"background-image: url(http:\/\/www.neotec.cz\/zund\/wp-content\/uploads\/2016\/02\/ic-S3size-1.png);background-color: #eeeeee\">\n\t\t\t\t\t\t\t\t\t\t\t<\/div>\n\t\t\t\t\t<\/a>\t\t\t\t<\/div>\n\t\t\t\n\t\t\t\t\t\t\t<a href=\"http:\/\/www.neotec.cz\/zund\/s3velikostistolu\/\" class=\"link-title\" >\n\t\t\t\t\t\t\t\t\t\t\t\t\t<\/a>\n\t\t\t\n\t\t\t\t\t\t\t\t\t\t<a\n\t\t\t\t\thref=\"http:\/\/www.neotec.cz\/zund\/s3velikostistolu\/\"\n\t\t\t\t\tclass=\"more-button\"\n\t\t\t\t\t\t\t\t\t\t\t\t\t\t>\n\t\t\t\t\tS3 velikosti stol\u016f <i><\/i>\n\t\t\t\t<\/a>\n\t\t\t\t\t<\/div>\n\t\t<\/div><\/div><div id=\"pgc-415-1-4\"  class=\"panel-grid-cell\" ><div id=\"panel-415-1-4-0\" class=\"so-panel widget widget_circleicon-widget panel-first-child panel-last-child\" data-index=\"5\" >\t\t<div class=\"circle-icon-box circle-icon-position-top circle-icon-hide-box circle-icon-size-large \">\n\t\t\t\t\t\t\t<div class=\"circle-icon-wrapper\">\n\t\t\t\t\t\t\t\t\t\t<a href=\"http:\/\/www.neotec.cz\/zund\/s3-videa\/\" class=\"link-icon\" >\t\t\t\t\t<div class=\"circle-icon icon-style-set\" style=\"background-image: url(http:\/\/www.neotec.cz\/zund\/wp-content\/uploads\/2016\/02\/ic_s3video.png);background-color: #eeeeee\">\n\t\t\t\t\t\t\t\t\t\t\t<\/div>\n\t\t\t\t\t<\/a>\t\t\t\t<\/div>\n\t\t\t\n\t\t\t\t\t\t\t<a href=\"http:\/\/www.neotec.cz\/zund\/s3-videa\/\" class=\"link-title\" >\n\t\t\t\t\t\t\t\t\t\t\t\t\t<\/a>\n\t\t\t\n\t\t\t\t\t\t\t\t\t\t<a\n\t\t\t\t\thref=\"http:\/\/www.neotec.cz\/zund\/s3-videa\/\"\n\t\t\t\t\tclass=\"more-button\"\n\t\t\t\t\t\t\t\t\t\t\t\t\t\t>\n\t\t\t\t\tS3 videa <i><\/i>\n\t\t\t\t<\/a>\n\t\t\t\t\t<\/div>\n\t\t<\/div><\/div><div id=\"pgc-415-1-5\"  class=\"panel-grid-cell\" ><div id=\"panel-415-1-5-0\" class=\"so-panel widget widget_circleicon-widget panel-first-child panel-last-child\" data-index=\"6\" >\t\t<div class=\"circle-icon-box circle-icon-position-top circle-icon-hide-box circle-icon-size-large \">\n\t\t\t\t\t\t\t<div class=\"circle-icon-wrapper\">\n\t\t\t\t\t\t\t\t\t\t<a href=\"http:\/\/www.neotec.cz\/zund\/g3msm\/\" class=\"link-icon\" >\t\t\t\t\t<div class=\"circle-icon icon-style-set\" style=\"background-image: url(http:\/\/www.neotec.cz\/zund\/wp-content\/uploads\/2018\/04\/ic-s3msm.png);background-color: #eeeeee\">\n\t\t\t\t\t\t\t\t\t\t\t<\/div>\n\t\t\t\t\t<\/a>\t\t\t\t<\/div>\n\t\t\t\n\t\t\t\t\t\t\t<a href=\"http:\/\/www.neotec.cz\/zund\/g3msm\/\" class=\"link-title\" >\n\t\t\t\t\t\t\t\t\t\t\t\t\t<\/a>\n\t\t\t\n\t\t\t\t\t\t\t\t\t\t<a\n\t\t\t\t\thref=\"http:\/\/www.neotec.cz\/zund\/g3msm\/\"\n\t\t\t\t\tclass=\"more-button\"\n\t\t\t\t\t\t\t\t\t\t\t\t\t\t>\n\t\t\t\t\tManipulace <i><\/i>\n\t\t\t\t<\/a>\n\t\t\t\t\t<\/div>\n\t\t<\/div><\/div><\/div><div id=\"pg-415-2\"  class=\"panel-grid panel-no-style\" ><div id=\"pgc-415-2-0\"  class=\"panel-grid-cell\" ><div id=\"panel-415-2-0-0\" class=\"so-panel widget widget_sow-editor panel-first-child panel-last-child\" data-index=\"7\" ><div\n\t\t\t\n\t\t\tclass=\"so-widget-sow-editor so-widget-sow-editor-base\"\n\t\t\t\n\t\t><h3 class=\"widget-title\">Sezn\u00e1men\u00ed s \u0159adou S3<\/h3>\n<div class=\"siteorigin-widget-tinymce textwidget\">\n\t<\/div>\n<\/div><\/div><\/div><\/div><div id=\"pg-415-3\"  class=\"panel-grid panel-no-style\" ><div id=\"pgc-415-3-0\"  class=\"panel-grid-cell\" ><div id=\"panel-415-3-0-0\" class=\"so-panel widget widget_sow-editor panel-first-child panel-last-child\" data-index=\"8\" ><div\n\t\t\t\n\t\t\tclass=\"so-widget-sow-editor so-widget-sow-editor-base\"\n\t\t\t\n\t\t><h3 class=\"widget-title\">Modul\u00e1rn\u00ed konstrukce<\/h3>\n<div class=\"siteorigin-widget-tinymce textwidget\">\n\t<p>Modularita n\u00e1stroj\u016f a syst\u00e9mu manipulace s materi\u00e1lem u \u0159ezac\u00edch plotr\u016f Z\u00fcnd velmi zjednodu\u0161uje sestavit \u0159ezac\u00ed plotr S3 p\u0159esn\u011b podle va\u0161ich p\u0159edstav. Nadefinujte si konfiguraci va\u0161\u00ed S3 p\u0159esn\u011b podle V\u00e1s. Dopl\u0148ky a vylep\u0161en\u00ed je mo\u017en\u00e9 p\u0159idat kdykoliv.<\/p>\n<\/div>\n<\/div><\/div><\/div><div id=\"pgc-415-3-1\"  class=\"panel-grid-cell\" ><div id=\"panel-415-3-1-0\" class=\"so-panel widget widget_sow-editor panel-first-child panel-last-child\" data-index=\"9\" ><div\n\t\t\t\n\t\t\tclass=\"so-widget-sow-editor so-widget-sow-editor-base\"\n\t\t\t\n\t\t><h3 class=\"widget-title\">Navr\u017een pro rychlost<\/h3>\n<div class=\"siteorigin-widget-tinymce textwidget\">\n\t<p>\u0158ezac\u00ed katry S3 jsou v\u00fdjime\u010dn\u011b rychl\u00e9 ! Vysok\u00e1 rychlost zpracov\u00e1n\u00ed je v\u00fdsledkem inteligentn\u00ed \u0159\u00edd\u00edc\u00ed jednotky, pokro\u010dil\u00e9ho syst\u00e9mu pohon\u016f a sofistikovan\u00fdm syst\u00e9mem n\u00e1stroj\u016f. Optimalizovan\u00e9 \u0159ez\u00e1n\u00ed, fr\u00e9zov\u00e1n\u00ed, rylov\u00e1n\u00ed a kreslen\u00ed vytv\u00e1\u0159\u00ed skv\u011bl\u00fd syst\u00e9m na zpracov\u00e1n\u00ed jak\u00e9hokoliv materi\u00e1lu<span style=\"font-family: Arial, sans-serif;\">.<\/span><\/p>\n<\/div>\n<\/div><\/div><\/div><\/div><div id=\"pg-415-4\"  class=\"panel-grid panel-no-style\" ><div id=\"pgc-415-4-0\"  class=\"panel-grid-cell\" ><div id=\"panel-415-4-0-0\" class=\"so-panel widget widget_sow-editor panel-first-child panel-last-child\" data-index=\"10\" ><div\n\t\t\t\n\t\t\tclass=\"so-widget-sow-editor so-widget-sow-editor-base\"\n\t\t\t\n\t\t>\n<div class=\"siteorigin-widget-tinymce textwidget\">\n\t<p>&nbsp;<\/p>\n<p><img loading=\"lazy\" decoding=\"async\" class=\"alignnone size-full wp-image-421\" src=\"http:\/\/www.neotec.cz\/zund\/wp-content\/uploads\/2016\/02\/S3sez.png\" alt=\"S3overwiev\" width=\"1140\" height=\"760\" srcset=\"https:\/\/www.neotec.cz\/zund\/wp-content\/uploads\/2016\/02\/S3sez.png 1140w, https:\/\/www.neotec.cz\/zund\/wp-content\/uploads\/2016\/02\/S3sez-300x200.png 300w, https:\/\/www.neotec.cz\/zund\/wp-content\/uploads\/2016\/02\/S3sez-768x512.png 768w, https:\/\/www.neotec.cz\/zund\/wp-content\/uploads\/2016\/02\/S3sez-1024x683.png 1024w, https:\/\/www.neotec.cz\/zund\/wp-content\/uploads\/2016\/02\/S3sez-272x182.png 272w\" sizes=\"auto, (max-width: 1140px) 100vw, 1140px\" \/><\/p>\n<\/div>\n<\/div><\/div><\/div><\/div><div id=\"pg-415-5\"  class=\"panel-grid panel-no-style\" ><div id=\"pgc-415-5-0\"  class=\"panel-grid-cell\" ><div id=\"panel-415-5-0-0\" class=\"so-panel widget widget_sow-editor panel-first-child panel-last-child\" data-index=\"11\" ><div\n\t\t\t\n\t\t\tclass=\"so-widget-sow-editor so-widget-sow-editor-base\"\n\t\t\t\n\t\t><h3 class=\"widget-title\">P\u0159izp\u016fsobiteln\u00fd aktu\u00e1ln\u00edm v\u00fdrobn\u00edm proces\u016fm<\/h3>\n<div class=\"siteorigin-widget-tinymce textwidget\">\n\t<p>Konstrukce katru S3 se snadno p\u0159izp\u016fsob\u00ed va\u0161im aktu\u00e1ln\u00edm po\u017eadavk\u016fm na v\u00fdrobu. D\u00edky automatick\u00e9 manipulaci s materi\u00e1lem se mnohon\u00e1sobn\u011b zv\u00fd\u0161\u00ed v\u00fdrobn\u00ed kapacita. S vyu\u017eit\u00edm nep\u0159etr\u017eit\u00e9 tandemov\u00e9 v\u00fdroby se \u010das zpracov\u00e1n\u00ed sn\u00ed\u017e\u00ed na minimum.<\/p>\n<\/div>\n<\/div><\/div><\/div><div id=\"pgc-415-5-1\"  class=\"panel-grid-cell\" ><div id=\"panel-415-5-1-0\" class=\"so-panel widget widget_sow-editor panel-first-child panel-last-child\" data-index=\"12\" ><div\n\t\t\t\n\t\t\tclass=\"so-widget-sow-editor so-widget-sow-editor-base\"\n\t\t\t\n\t\t><h3 class=\"widget-title\">S nejlep\u0161\u00edm pom\u011brem cena - v\u00fdkon<\/h3>\n<div class=\"siteorigin-widget-tinymce textwidget\">\n\t<p>Katr S3 p\u0159ich\u00e1z\u00ed s nekompromisn\u00edm pom\u011brem \u00a0cena \/ v\u00fdkon. Pouze osv\u011bd\u010den\u00e9 technologie a vysoce kvalitn\u00ed komponenty jsou ned\u00edlnou sou\u010d\u00e1st\u00ed tohoto stroje. Flexibilita, spolehlivost a kvalita zpracov\u00e1n\u00ed jsou synonyma \u0159ezac\u00edho plotru S3.<\/p>\n<\/div>\n<\/div><\/div><\/div><\/div><div id=\"pg-415-6\"  class=\"panel-grid panel-no-style\" ><div id=\"pgc-415-6-0\"  class=\"panel-grid-cell\" ><div id=\"panel-415-6-0-0\" class=\"so-panel widget widget_sow-editor panel-first-child panel-last-child\" data-index=\"13\" ><div\n\t\t\t\n\t\t\tclass=\"so-widget-sow-editor so-widget-sow-editor-base\"\n\t\t\t\n\t\t><h3 class=\"widget-title\">Ke sta\u017een\u00ed<\/h3>\n<div class=\"siteorigin-widget-tinymce textwidget\">\n\t<p><a href=\"http:\/\/www.neotec.cz\/zund\/wp-content\/uploads\/2016\/02\/S3TechnicalOverview_CZ.pdf\" target=\"_blank\" rel=\"\">S3 Sezn\u00e1men\u00ed (CZ)<\/a><a href=\"http:\/\/www.neotec.cz\/zund\/wp-content\/uploads\/2016\/02\/S3TechnicalOverview_CZ.pdf\" target=\"_blank\"><img loading=\"lazy\" decoding=\"async\" class=\"alignleft wp-image-1108 size-full\" src=\"http:\/\/www.neotec.cz\/zund\/wp-content\/uploads\/2016\/02\/picPDF.png\" alt=\"picPDF\" width=\"32\" height=\"32\" \/><\/a><\/p>\n<\/div>\n<\/div><\/div><\/div><\/div><\/div>","protected":false},"excerpt":{"rendered":"<p>\u0158ezac\u00ed plotr S3 &#8211; rychlost, flexibilnost a kompaktnost<\/p>\n","protected":false},"author":1,"featured_media":0,"parent":0,"menu_order":0,"comment_status":"closed","ping_status":"closed","template":"templates\/template-full-notitle.php","meta":{"footnotes":""},"class_list":["post-415","page","type-page","status-publish","hentry","post"],"_links":{"self":[{"href":"https:\/\/www.neotec.cz\/zund\/wp-json\/wp\/v2\/pages\/415","targetHints":{"allow":["GET"]}}],"collection":[{"href":"https:\/\/www.neotec.cz\/zund\/wp-json\/wp\/v2\/pages"}],"about":[{"href":"https:\/\/www.neotec.cz\/zund\/wp-json\/wp\/v2\/types\/page"}],"author":[{"embeddable":true,"href":"https:\/\/www.neotec.cz\/zund\/wp-json\/wp\/v2\/users\/1"}],"replies":[{"embeddable":true,"href":"https:\/\/www.neotec.cz\/zund\/wp-json\/wp\/v2\/comments?post=415"}],"version-history":[{"count":30,"href":"https:\/\/www.neotec.cz\/zund\/wp-json\/wp\/v2\/pages\/415\/revisions"}],"predecessor-version":[{"id":2151,"href":"https:\/\/www.neotec.cz\/zund\/wp-json\/wp\/v2\/pages\/415\/revisions\/2151"}],"wp:attachment":[{"href":"https:\/\/www.neotec.cz\/zund\/wp-json\/wp\/v2\/media?parent=415"}],"curies":[{"name":"wp","href":"https:\/\/api.w.org\/{rel}","templated":true}]}}