{"id":454,"date":"2016-02-16T11:21:33","date_gmt":"2016-02-16T10:21:33","guid":{"rendered":"http:\/\/www.neotec.cz\/zundnew\/?page_id=454"},"modified":"2021-05-12T11:50:29","modified_gmt":"2021-05-12T10:50:29","slug":"s3det","status":"publish","type":"page","link":"https:\/\/www.neotec.cz\/zund\/s3det\/","title":{"rendered":"S3 &#8211; detaily"},"content":{"rendered":"<div id=\"pl-454\"  class=\"panel-layout\" ><div id=\"pg-454-0\"  class=\"panel-grid panel-no-style\" ><div id=\"pgc-454-0-0\"  class=\"panel-grid-cell\" ><div id=\"panel-454-0-0-0\" class=\"so-panel widget widget_sow-editor panel-first-child panel-last-child\" data-index=\"0\" ><div\n\t\t\t\n\t\t\tclass=\"so-widget-sow-editor so-widget-sow-editor-base\"\n\t\t\t\n\t\t>\n<div class=\"siteorigin-widget-tinymce textwidget\">\n\t<h1><strong>\u0158ezac\u00ed plotr S3 - chytr\u00e1, efektivn\u00ed a flexibiln\u00ed konstrukce<\/strong><\/h1>\n<\/div>\n<\/div><\/div><\/div><\/div><div id=\"pg-454-1\"  class=\"panel-grid panel-no-style\" ><div id=\"pgc-454-1-0\"  class=\"panel-grid-cell\" ><div id=\"panel-454-1-0-0\" class=\"so-panel widget widget_circleicon-widget panel-first-child panel-last-child\" data-index=\"1\" ><div class=\"panel-widget-style panel-widget-style-for-454-1-0-0\" >\t\t<div class=\"circle-icon-box circle-icon-position-top circle-icon-hide-box circle-icon-size-large \">\n\t\t\t\t\t\t\t<div class=\"circle-icon-wrapper\">\n\t\t\t\t\t\t\t\t\t\t<a href=\"http:\/\/www.neotec.cz\/zund\/s3seznam\/\" class=\"link-icon\" >\t\t\t\t\t<div class=\"circle-icon icon-style-set\" style=\"background-image: url(http:\/\/www.neotec.cz\/zund\/wp-content\/uploads\/2016\/02\/ic-s3.png);background-color: #eeeeee\">\n\t\t\t\t\t\t\t\t\t\t\t<\/div>\n\t\t\t\t\t<\/a>\t\t\t\t<\/div>\n\t\t\t\n\t\t\t\t\t\t\t<a href=\"http:\/\/www.neotec.cz\/zund\/s3seznam\/\" class=\"link-title\" >\n\t\t\t\t\t\t\t\t\t\t\t\t\t<\/a>\n\t\t\t\n\t\t\t\t\t\t\t\t\t\t<a\n\t\t\t\t\thref=\"http:\/\/www.neotec.cz\/zund\/s3seznam\/\"\n\t\t\t\t\tclass=\"more-button\"\n\t\t\t\t\t\t\t\t\t\t\t\t\t\t>\n\t\t\t\t\tS3 sezn\u00e1men\u00ed <i><\/i>\n\t\t\t\t<\/a>\n\t\t\t\t\t<\/div>\n\t\t<\/div><\/div><\/div><div id=\"pgc-454-1-1\"  class=\"panel-grid-cell\" ><div id=\"panel-454-1-1-0\" class=\"so-panel widget widget_circleicon-widget panel-first-child panel-last-child\" data-index=\"2\" >\t\t<div class=\"circle-icon-box circle-icon-position-top circle-icon-hide-box circle-icon-size-large \">\n\t\t\t\t\t\t\t<div class=\"circle-icon-wrapper\">\n\t\t\t\t\t\t\t\t\t\t<div class=\"circle-icon icon-style-set\" style=\"background-image: url(http:\/\/www.neotec.cz\/zund\/wp-content\/uploads\/2016\/02\/ic-s3det.png);background-color: #888888\">\n\t\t\t\t\t\t\t\t\t\t\t<\/div>\n\t\t\t\t\t\t\t\t\t<\/div>\n\t\t\t\n\t\t\t\t\t\t\t\t\t\n\t\t\t\t\t\t\t\t\t\t<a\n\t\t\t\t\thref=\"http:\/\/www.neotec.cz\/zund\/s3det\/\"\n\t\t\t\t\tclass=\"more-button\"\n\t\t\t\t\t\t\t\t\t\t\t\t\t\t>\n\t\t\t\t\tS3 detailn\u011b <i><\/i>\n\t\t\t\t<\/a>\n\t\t\t\t\t<\/div>\n\t\t<\/div><\/div><div id=\"pgc-454-1-2\"  class=\"panel-grid-cell\" ><div id=\"panel-454-1-2-0\" class=\"so-panel widget widget_circleicon-widget panel-first-child panel-last-child\" data-index=\"3\" >\t\t<div class=\"circle-icon-box circle-icon-position-top circle-icon-hide-box circle-icon-size-large \">\n\t\t\t\t\t\t\t<div class=\"circle-icon-wrapper\">\n\t\t\t\t\t\t\t\t\t\t<a href=\"http:\/\/www.neotec.cz\/zund\/s3mod\/\" class=\"link-icon\" >\t\t\t\t\t<div class=\"circle-icon icon-style-set\" style=\"background-image: url(http:\/\/www.neotec.cz\/zund\/wp-content\/uploads\/2016\/02\/ic-modtool.png);background-color: #eeeeee\">\n\t\t\t\t\t\t\t\t\t\t\t<\/div>\n\t\t\t\t\t<\/a>\t\t\t\t<\/div>\n\t\t\t\n\t\t\t\t\t\t\t<a href=\"http:\/\/www.neotec.cz\/zund\/s3mod\/\" class=\"link-title\" >\n\t\t\t\t\t\t\t\t\t\t\t\t\t<\/a>\n\t\t\t\n\t\t\t\t\t\t\t\t\t\t<a\n\t\t\t\t\thref=\"http:\/\/www.neotec.cz\/zund\/s3mod\/\"\n\t\t\t\t\tclass=\"more-button\"\n\t\t\t\t\t\t\t\t\t\t\t\t\t\t>\n\t\t\t\t\tS3 moduly a n\u00e1stroje <i><\/i>\n\t\t\t\t<\/a>\n\t\t\t\t\t<\/div>\n\t\t<\/div><\/div><div id=\"pgc-454-1-3\"  class=\"panel-grid-cell\" ><div id=\"panel-454-1-3-0\" class=\"so-panel widget widget_circleicon-widget panel-first-child panel-last-child\" data-index=\"4\" >\t\t<div class=\"circle-icon-box circle-icon-position-top circle-icon-hide-box circle-icon-size-large \">\n\t\t\t\t\t\t\t<div class=\"circle-icon-wrapper\">\n\t\t\t\t\t\t\t\t\t\t<a href=\"http:\/\/www.neotec.cz\/zund\/s3velikostistolu\/\" class=\"link-icon\" >\t\t\t\t\t<div class=\"circle-icon icon-style-set\" style=\"background-image: url(http:\/\/www.neotec.cz\/zund\/wp-content\/uploads\/2016\/02\/ic-S3size-1.png);background-color: #eeeeee\">\n\t\t\t\t\t\t\t\t\t\t\t<\/div>\n\t\t\t\t\t<\/a>\t\t\t\t<\/div>\n\t\t\t\n\t\t\t\t\t\t\t<a href=\"http:\/\/www.neotec.cz\/zund\/s3velikostistolu\/\" class=\"link-title\" >\n\t\t\t\t\t\t\t\t\t\t\t\t\t<\/a>\n\t\t\t\n\t\t\t\t\t\t\t\t\t\t<a\n\t\t\t\t\thref=\"http:\/\/www.neotec.cz\/zund\/s3velikostistolu\/\"\n\t\t\t\t\tclass=\"more-button\"\n\t\t\t\t\t\t\t\t\t\t\t\t\t\t>\n\t\t\t\t\tS3 velikosti stol\u016f <i><\/i>\n\t\t\t\t<\/a>\n\t\t\t\t\t<\/div>\n\t\t<\/div><\/div><div id=\"pgc-454-1-4\"  class=\"panel-grid-cell\" ><div id=\"panel-454-1-4-0\" class=\"so-panel widget widget_circleicon-widget panel-first-child panel-last-child\" data-index=\"5\" >\t\t<div class=\"circle-icon-box circle-icon-position-top circle-icon-hide-box circle-icon-size-large \">\n\t\t\t\t\t\t\t<div class=\"circle-icon-wrapper\">\n\t\t\t\t\t\t\t\t\t\t<a href=\"http:\/\/www.neotec.cz\/zund\/s3-videa\/\" class=\"link-icon\" >\t\t\t\t\t<div class=\"circle-icon icon-style-set\" style=\"background-image: url(http:\/\/www.neotec.cz\/zund\/wp-content\/uploads\/2016\/02\/ic_s3video.png);background-color: #eeeeee\">\n\t\t\t\t\t\t\t\t\t\t\t<\/div>\n\t\t\t\t\t<\/a>\t\t\t\t<\/div>\n\t\t\t\n\t\t\t\t\t\t\t<a href=\"http:\/\/www.neotec.cz\/zund\/s3-videa\/\" class=\"link-title\" >\n\t\t\t\t\t\t\t\t\t\t\t\t\t<\/a>\n\t\t\t\n\t\t\t\t\t\t\t\t\t\t<a\n\t\t\t\t\thref=\"http:\/\/www.neotec.cz\/zund\/s3-videa\/\"\n\t\t\t\t\tclass=\"more-button\"\n\t\t\t\t\t\t\t\t\t\t\t\t\t\t>\n\t\t\t\t\tS3 videa <i><\/i>\n\t\t\t\t<\/a>\n\t\t\t\t\t<\/div>\n\t\t<\/div><\/div><div id=\"pgc-454-1-5\"  class=\"panel-grid-cell\" ><div id=\"panel-454-1-5-0\" class=\"so-panel widget widget_circleicon-widget panel-first-child panel-last-child\" data-index=\"6\" >\t\t<div class=\"circle-icon-box circle-icon-position-top circle-icon-hide-box circle-icon-size-large \">\n\t\t\t\t\t\t\t<div class=\"circle-icon-wrapper\">\n\t\t\t\t\t\t\t\t\t\t<a href=\"http:\/\/www.neotec.cz\/zund\/g3msm\/\" class=\"link-icon\" >\t\t\t\t\t<div class=\"circle-icon icon-style-set\" style=\"background-image: url(http:\/\/www.neotec.cz\/zund\/wp-content\/uploads\/2018\/04\/ic-s3msm.png);background-color: #eeeeee\">\n\t\t\t\t\t\t\t\t\t\t\t<\/div>\n\t\t\t\t\t<\/a>\t\t\t\t<\/div>\n\t\t\t\n\t\t\t\t\t\t\t<a href=\"http:\/\/www.neotec.cz\/zund\/g3msm\/\" class=\"link-title\" >\n\t\t\t\t\t\t\t\t\t\t\t\t\t<\/a>\n\t\t\t\n\t\t\t\t\t\t\t\t\t\t<a\n\t\t\t\t\thref=\"http:\/\/www.neotec.cz\/zund\/g3msm\/\"\n\t\t\t\t\tclass=\"more-button\"\n\t\t\t\t\t\t\t\t\t\t\t\t\t\t>\n\t\t\t\t\tManipulace <i><\/i>\n\t\t\t\t<\/a>\n\t\t\t\t\t<\/div>\n\t\t<\/div><\/div><\/div><div id=\"pg-454-2\"  class=\"panel-grid panel-no-style\" ><div id=\"pgc-454-2-0\"  class=\"panel-grid-cell\" ><div id=\"panel-454-2-0-0\" class=\"so-panel widget widget_sow-editor panel-first-child panel-last-child\" data-index=\"7\" ><div\n\t\t\t\n\t\t\tclass=\"so-widget-sow-editor so-widget-sow-editor-base\"\n\t\t\t\n\t\t>\n<div class=\"siteorigin-widget-tinymce textwidget\">\n\t<\/div>\n<\/div><\/div><\/div><\/div><div id=\"pg-454-3\"  class=\"panel-grid panel-no-style\" ><div id=\"pgc-454-3-0\"  class=\"panel-grid-cell\" ><div id=\"panel-454-3-0-0\" class=\"so-panel widget widget_sow-image panel-first-child panel-last-child\" data-index=\"8\" ><div\n\t\t\t\n\t\t\tclass=\"so-widget-sow-image so-widget-sow-image-default-8b5b6f678277-454\"\n\t\t\t\n\t\t>\n\n<div class=\"sow-image-container\">\n\t\t<img loading=\"lazy\" decoding=\"async\" src=\"https:\/\/www.neotec.cz\/zund\/wp-content\/uploads\/2016\/02\/G3-det1.png\" width=\"588\" height=\"392\" srcset=\"https:\/\/www.neotec.cz\/zund\/wp-content\/uploads\/2016\/02\/G3-det1.png 588w, https:\/\/www.neotec.cz\/zund\/wp-content\/uploads\/2016\/02\/G3-det1-300x200.png 300w, https:\/\/www.neotec.cz\/zund\/wp-content\/uploads\/2016\/02\/G3-det1-272x182.png 272w\" sizes=\"auto, (max-width: 588px) 100vw, 588px\" alt=\"modularita n\u00e1stroj\u016f\" \t\tclass=\"so-widget-image\"\/>\n\t<\/div>\n\n<\/div><\/div><\/div><div id=\"pgc-454-3-1\"  class=\"panel-grid-cell\" ><div id=\"panel-454-3-1-0\" class=\"so-panel widget widget_sow-editor panel-first-child panel-last-child\" data-index=\"9\" ><div\n\t\t\t\n\t\t\tclass=\"so-widget-sow-editor so-widget-sow-editor-base\"\n\t\t\t\n\t\t><h3 class=\"widget-title\">Modul\u00e1rn\u00ed syst\u00e9m n\u00e1stroj\u016f<\/h3>\n<div class=\"siteorigin-widget-tinymce textwidget\">\n\t<p>Vyberte si z \u0159ady n\u00e1stroj\u016f Z\u00fcnd p\u0159esn\u011b to, co pot\u0159ebujete pro V\u00e1\u0161 v\u00fdrobn\u00ed proces.<\/p>\n<\/div>\n<\/div><\/div><\/div><\/div><div id=\"pg-454-4\"  class=\"panel-grid panel-no-style\" ><div id=\"pgc-454-4-0\"  class=\"panel-grid-cell\" ><div id=\"panel-454-4-0-0\" class=\"so-panel widget widget_sow-image panel-first-child panel-last-child\" data-index=\"10\" ><div\n\t\t\t\n\t\t\tclass=\"so-widget-sow-image so-widget-sow-image-default-8b5b6f678277-454\"\n\t\t\t\n\t\t>\n\n<div class=\"sow-image-container\">\n\t\t<img loading=\"lazy\" decoding=\"async\" src=\"https:\/\/www.neotec.cz\/zund\/wp-content\/uploads\/2016\/02\/s3-AKI.png\" width=\"588\" height=\"392\" srcset=\"https:\/\/www.neotec.cz\/zund\/wp-content\/uploads\/2016\/02\/s3-AKI.png 588w, https:\/\/www.neotec.cz\/zund\/wp-content\/uploads\/2016\/02\/s3-AKI-300x200.png 300w, https:\/\/www.neotec.cz\/zund\/wp-content\/uploads\/2016\/02\/s3-AKI-272x182.png 272w\" sizes=\"auto, (max-width: 588px) 100vw, 588px\" alt=\"S3 inicializace AKI\" \t\tclass=\"so-widget-image\"\/>\n\t<\/div>\n\n<\/div><\/div><\/div><div id=\"pgc-454-4-1\"  class=\"panel-grid-cell\" ><div id=\"panel-454-4-1-0\" class=\"so-panel widget widget_sow-editor panel-first-child panel-last-child\" data-index=\"11\" ><div\n\t\t\t\n\t\t\tclass=\"so-widget-sow-editor so-widget-sow-editor-base\"\n\t\t\t\n\t\t><h3 class=\"widget-title\">AKI - automatick\u00e1 inicializace n\u00e1stroje<\/h3>\n<div class=\"siteorigin-widget-tinymce textwidget\">\n\t<p>Automatick\u00fd proces inicializace se pou\u017e\u00edv\u00e1 pro nastaven\u00ed n\u00e1stroje. N\u016f\u017e n\u00e1stroje je se\u0159\u00edzen do spr\u00e1vn\u00e9 hloubky rychle, p\u0159esn\u011b a efektivn\u011b.<\/p>\n<p>.<\/p>\n<\/div>\n<\/div><\/div><\/div><\/div><div id=\"pg-454-5\"  class=\"panel-grid panel-no-style\" ><div id=\"pgc-454-5-0\"  class=\"panel-grid-cell\" ><div id=\"panel-454-5-0-0\" class=\"so-panel widget widget_sow-image panel-first-child panel-last-child\" data-index=\"12\" ><div\n\t\t\t\n\t\t\tclass=\"so-widget-sow-image so-widget-sow-image-default-8b5b6f678277-454\"\n\t\t\t\n\t\t>\n\n<div class=\"sow-image-container\">\n\t\t<img loading=\"lazy\" decoding=\"async\" src=\"https:\/\/www.neotec.cz\/zund\/wp-content\/uploads\/2016\/02\/s3-surface.png\" width=\"588\" height=\"392\" srcset=\"https:\/\/www.neotec.cz\/zund\/wp-content\/uploads\/2016\/02\/s3-surface.png 588w, https:\/\/www.neotec.cz\/zund\/wp-content\/uploads\/2016\/02\/s3-surface-300x200.png 300w, https:\/\/www.neotec.cz\/zund\/wp-content\/uploads\/2016\/02\/s3-surface-272x182.png 272w\" sizes=\"auto, (max-width: 588px) 100vw, 588px\" alt=\"S3 plocha a fixace\" \t\tclass=\"so-widget-image\"\/>\n\t<\/div>\n\n<\/div><\/div><\/div><div id=\"pgc-454-5-1\"  class=\"panel-grid-cell\" ><div id=\"panel-454-5-1-0\" class=\"so-panel widget widget_sow-editor panel-first-child panel-last-child\" data-index=\"13\" ><div\n\t\t\t\n\t\t\tclass=\"so-widget-sow-editor so-widget-sow-editor-base\"\n\t\t\t\n\t\t><h3 class=\"widget-title\">Pracovn\u00ed plocha a fixace materi\u00e1lu<\/h3>\n<div class=\"siteorigin-widget-tinymce textwidget\">\n\t<p>Katr S3 je vybavena vakuovou deskou. Vakuum fixuje b\u011bhem zpracov\u00e1n\u00ed materi\u00e1l na pracovn\u00ed plo\u0161e a lze ho nastavit podle \u0161\u00ed\u0159ky aktu\u00e1ln\u011b zpracov\u00e1van\u00e9ho materi\u00e1lu. Energeticky \u00fasporn\u00e9 vakuov\u00e9 gener\u00e1tory zaji\u0161\u0165uj\u00ed optim\u00e1ln\u00ed fixaci.<\/p>\n<\/div>\n<\/div><\/div><\/div><\/div><div id=\"pg-454-6\"  class=\"panel-grid panel-no-style\" ><div id=\"pgc-454-6-0\"  class=\"panel-grid-cell\" ><div id=\"panel-454-6-0-0\" class=\"so-panel widget widget_sow-image panel-first-child panel-last-child\" data-index=\"14\" ><div\n\t\t\t\n\t\t\tclass=\"so-widget-sow-image so-widget-sow-image-default-8b5b6f678277-454\"\n\t\t\t\n\t\t>\n\n<div class=\"sow-image-container\">\n\t\t<img loading=\"lazy\" decoding=\"async\" src=\"https:\/\/www.neotec.cz\/zund\/wp-content\/uploads\/2016\/02\/s3-ergonomie.png\" width=\"588\" height=\"392\" srcset=\"https:\/\/www.neotec.cz\/zund\/wp-content\/uploads\/2016\/02\/s3-ergonomie.png 588w, https:\/\/www.neotec.cz\/zund\/wp-content\/uploads\/2016\/02\/s3-ergonomie-300x200.png 300w, https:\/\/www.neotec.cz\/zund\/wp-content\/uploads\/2016\/02\/s3-ergonomie-272x182.png 272w\" sizes=\"auto, (max-width: 588px) 100vw, 588px\" alt=\"\" \t\tclass=\"so-widget-image\"\/>\n\t<\/div>\n\n<\/div><\/div><\/div><div id=\"pgc-454-6-1\"  class=\"panel-grid-cell\" ><div id=\"panel-454-6-1-0\" class=\"so-panel widget widget_sow-editor panel-first-child panel-last-child\" data-index=\"15\" ><div\n\t\t\t\n\t\t\tclass=\"so-widget-sow-editor so-widget-sow-editor-base\"\n\t\t\t\n\t\t><h3 class=\"widget-title\">Ergonomie a ovl\u00e1d\u00e1n\u00ed<\/h3>\n<div class=\"siteorigin-widget-tinymce textwidget\">\n\t<p>Konstrukce katru S3 je \u0161it\u00e1 na m\u00edru pot\u0159eb\u00e1m na\u0161ich z\u00e1kazn\u00edk\u016f. Jednoduchost, u\u017eivatelsk\u00e1 a ergonomick\u00e1 p\u0159\u00edv\u011btivost ovl\u00e1d\u00e1n\u00ed jsou na\u0161\u00edm d\u016fkazem.<\/p>\n<\/div>\n<\/div><\/div><\/div><\/div><div id=\"pg-454-7\"  class=\"panel-grid panel-no-style\" ><div id=\"pgc-454-7-0\"  class=\"panel-grid-cell\" ><div id=\"panel-454-7-0-0\" class=\"so-panel widget widget_sow-image panel-first-child panel-last-child\" data-index=\"16\" ><div\n\t\t\t\n\t\t\tclass=\"so-widget-sow-image so-widget-sow-image-default-8b5b6f678277-454\"\n\t\t\t\n\t\t>\n\n<div class=\"sow-image-container\">\n\t\t<img loading=\"lazy\" decoding=\"async\" src=\"https:\/\/www.neotec.cz\/zund\/wp-content\/uploads\/2016\/02\/S3-motor.png\" width=\"588\" height=\"440\" srcset=\"https:\/\/www.neotec.cz\/zund\/wp-content\/uploads\/2016\/02\/S3-motor.png 588w, https:\/\/www.neotec.cz\/zund\/wp-content\/uploads\/2016\/02\/S3-motor-300x224.png 300w\" sizes=\"auto, (max-width: 588px) 100vw, 588px\" title=\"D3-motor\" alt=\"D3 p\u0159\u00edm\u00fd motor\" \t\tclass=\"so-widget-image\"\/>\n\t<\/div>\n\n<\/div><\/div><\/div><div id=\"pgc-454-7-1\"  class=\"panel-grid-cell\" ><div id=\"panel-454-7-1-0\" class=\"so-panel widget widget_sow-editor panel-first-child panel-last-child\" data-index=\"17\" ><div\n\t\t\t\n\t\t\tclass=\"so-widget-sow-editor so-widget-sow-editor-base\"\n\t\t\t\n\t\t><h3 class=\"widget-title\">V\u00fdkon<\/h3>\n<div class=\"siteorigin-widget-tinymce textwidget\">\n\t<p>Vysok\u00e1 produktivita \u0159ezac\u00edch plotr\u016f S3 vych\u00e1z\u00ed z pou\u017eit\u00ed inteligentn\u00edch \u0159\u00edd\u00edc\u00edch mechanism\u016f, kvalitn\u00edch a robustn\u00edch syst\u00e9mov\u00fdch komponent\u016f. Dokonal\u00e1 koordinace cel\u00e9ho syst\u00e9mu m\u00e1 za n\u00e1sledek optimalizaci v\u00fdroby a skv\u011bl\u00fd v\u00fdsledek zpracovan\u00e9ho materi\u00e1lu.<\/p>\n<\/div>\n<\/div><\/div><\/div><\/div><div id=\"pg-454-8\"  class=\"panel-grid panel-no-style\" ><div id=\"pgc-454-8-0\"  class=\"panel-grid-cell\" ><div id=\"panel-454-8-0-0\" class=\"so-panel widget widget_sow-image panel-first-child panel-last-child\" data-index=\"18\" ><div\n\t\t\t\n\t\t\tclass=\"so-widget-sow-image so-widget-sow-image-default-8b5b6f678277-454\"\n\t\t\t\n\t\t>\n\n<div class=\"sow-image-container\">\n\t\t<img loading=\"lazy\" decoding=\"async\" src=\"https:\/\/www.neotec.cz\/zund\/wp-content\/uploads\/2016\/02\/S3urrobot.png\" width=\"588\" height=\"392\" srcset=\"https:\/\/www.neotec.cz\/zund\/wp-content\/uploads\/2016\/02\/S3urrobot.png 588w, https:\/\/www.neotec.cz\/zund\/wp-content\/uploads\/2016\/02\/S3urrobot-300x200.png 300w, https:\/\/www.neotec.cz\/zund\/wp-content\/uploads\/2016\/02\/S3urrobot-272x182.png 272w\" sizes=\"auto, (max-width: 588px) 100vw, 588px\" alt=\"S3 UR robot\" \t\tclass=\"so-widget-image\"\/>\n\t<\/div>\n\n<\/div><\/div><\/div><div id=\"pgc-454-8-1\"  class=\"panel-grid-cell\" ><div id=\"panel-454-8-1-0\" class=\"so-panel widget widget_sow-editor panel-first-child panel-last-child\" data-index=\"19\" ><div\n\t\t\t\n\t\t\tclass=\"so-widget-sow-editor so-widget-sow-editor-base\"\n\t\t\t\n\t\t><h3 class=\"widget-title\">UR robot - automatick\u00fd odb\u011br vy\u0159ezan\u00fdch produkt\u016f<\/h3>\n<div class=\"siteorigin-widget-tinymce textwidget\">\n\t<p>Robotick\u00e9 rameno odebere a rozt\u0159\u00edd\u00ed vy\u0159ezan\u00fd materi\u00e1l, to zv\u00fd\u0161\u00ed stupe\u0148 automatizace a produktivity katru. Robotick\u00e1 ramena z d\u00edlen Universal Robots jsou navr\u017eeny pro pr\u00e1ci a pomoc obslu\u017en\u00e9mu person\u00e1lu. Robot je vybaven \u0161esti klouby a tak m\u016f\u017ee napodobit pohyb lidsk\u00e9 ruky.<\/p>\n\t\t\t\t\t<a class=\"youtube\" href=\"https:\/\/www.youtube.com\/embed\/8Z3SrRZfRx8?rel=0&#038;autoplay=1&#038;muted=1&#038;wmode=transparent\">\n\t\t\t\t\t\t<img loading=\"lazy\" decoding=\"async\" src=\"https:\/\/img.youtube.com\/vi\/8Z3SrRZfRx8\/0.jpg\" width=\"135\" height=\"180\" \/>\n\t\t\t\t\t<\/a>\n\t\t\t\n<\/div>\n<\/div><\/div><\/div><\/div><div id=\"pg-454-9\"  class=\"panel-grid panel-no-style\" ><div id=\"pgc-454-9-0\"  class=\"panel-grid-cell\" ><div id=\"panel-454-9-0-0\" class=\"so-panel widget widget_sow-editor panel-first-child panel-last-child\" data-index=\"20\" ><div\n\t\t\t\n\t\t\tclass=\"so-widget-sow-editor so-widget-sow-editor-base\"\n\t\t\t\n\t\t><h3 class=\"widget-title\">Ke sta\u017een\u00ed<\/h3>\n<div class=\"siteorigin-widget-tinymce textwidget\">\n\t<p><a href=\"http:\/\/www.neotec.cz\/zund\/wp-content\/uploads\/2016\/02\/S3TechnicalOverview_CZ.pdf\" target=\"_blank\" rel=\"\">S3 Sezn\u00e1men\u00ed (CZ)<\/a><a href=\"http:\/\/www.neotec.cz\/zund\/wp-content\/uploads\/2016\/02\/S3TechnicalOverview_CZ.pdf\" target=\"_blank\"><img loading=\"lazy\" decoding=\"async\" class=\"alignleft wp-image-1108 size-full\" src=\"http:\/\/www.neotec.cz\/zund\/wp-content\/uploads\/2016\/02\/picPDF.png\" alt=\"picPDF\" width=\"32\" height=\"32\" \/><\/a><\/p>\n<p>\u00a0<\/p>\n<p><a href=\"http:\/\/www.neotec.cz\/zund\/wp-content\/uploads\/2016\/02\/S3TechnicalData_CZ.pdf\" target=\"_blank\" rel=\"\">S3 Technick\u00fd list (CZ)<\/a><a href=\"http:\/\/www.neotec.cz\/zund\/wp-content\/uploads\/2016\/02\/S3TechnicalData_CZ.pdf\" target=\"_blank\"><img loading=\"lazy\" decoding=\"async\" class=\"alignleft wp-image-1108 size-full\" src=\"http:\/\/www.neotec.cz\/zund\/wp-content\/uploads\/2016\/02\/picPDF.png\" alt=\"picPDF\" width=\"32\" height=\"32\" \/><\/a><\/p>\n<\/div>\n<\/div><\/div><\/div><\/div><\/div>","protected":false},"excerpt":{"rendered":"<p>\u0158ezac\u00ed plotr S3 &#8211; chytr\u00e1, efektivn\u00ed a flexibiln\u00ed konstrukce<\/p>\n","protected":false},"author":1,"featured_media":0,"parent":0,"menu_order":0,"comment_status":"closed","ping_status":"closed","template":"templates\/template-full-notitle.php","meta":{"footnotes":""},"class_list":["post-454","page","type-page","status-publish","hentry","post"],"_links":{"self":[{"href":"https:\/\/www.neotec.cz\/zund\/wp-json\/wp\/v2\/pages\/454","targetHints":{"allow":["GET"]}}],"collection":[{"href":"https:\/\/www.neotec.cz\/zund\/wp-json\/wp\/v2\/pages"}],"about":[{"href":"https:\/\/www.neotec.cz\/zund\/wp-json\/wp\/v2\/types\/page"}],"author":[{"embeddable":true,"href":"https:\/\/www.neotec.cz\/zund\/wp-json\/wp\/v2\/users\/1"}],"replies":[{"embeddable":true,"href":"https:\/\/www.neotec.cz\/zund\/wp-json\/wp\/v2\/comments?post=454"}],"version-history":[{"count":23,"href":"https:\/\/www.neotec.cz\/zund\/wp-json\/wp\/v2\/pages\/454\/revisions"}],"predecessor-version":[{"id":2100,"href":"https:\/\/www.neotec.cz\/zund\/wp-json\/wp\/v2\/pages\/454\/revisions\/2100"}],"wp:attachment":[{"href":"https:\/\/www.neotec.cz\/zund\/wp-json\/wp\/v2\/media?parent=454"}],"curies":[{"name":"wp","href":"https:\/\/api.w.org\/{rel}","templated":true}]}}