{"id":490,"date":"2016-02-16T14:18:43","date_gmt":"2016-02-16T13:18:43","guid":{"rendered":"http:\/\/www.neotec.cz\/zundnew\/?page_id=490"},"modified":"2021-05-12T12:41:54","modified_gmt":"2021-05-12T11:41:54","slug":"s3kcm","status":"publish","type":"page","link":"https:\/\/www.neotec.cz\/zund\/s3kcm\/","title":{"rendered":"S3 &#8211; KCM-S"},"content":{"rendered":"<div id=\"pl-490\"  class=\"panel-layout\" ><div id=\"pg-490-0\"  class=\"panel-grid panel-no-style\" ><div id=\"pgc-490-0-0\"  class=\"panel-grid-cell\" ><div id=\"panel-490-0-0-0\" class=\"so-panel widget widget_sow-editor panel-first-child panel-last-child\" data-index=\"0\" ><div\n\t\t\t\n\t\t\tclass=\"so-widget-sow-editor so-widget-sow-editor-base\"\n\t\t\t\n\t\t>\n<div class=\"siteorigin-widget-tinymce textwidget\">\n\t<h1><strong>\u0158ezac\u00ed plotr S3 -\u00a0moduly a n\u00e1stroje<\/strong><\/h1>\n<\/div>\n<\/div><\/div><\/div><\/div><div id=\"pg-490-1\"  class=\"panel-grid panel-no-style\" ><div id=\"pgc-490-1-0\"  class=\"panel-grid-cell\" ><div id=\"panel-490-1-0-0\" class=\"so-panel widget widget_circleicon-widget panel-first-child panel-last-child\" data-index=\"1\" ><div class=\"panel-widget-style panel-widget-style-for-490-1-0-0\" >\t\t<div class=\"circle-icon-box circle-icon-position-top circle-icon-hide-box circle-icon-size-large \">\n\t\t\t\t\t\t\t<div class=\"circle-icon-wrapper\">\n\t\t\t\t\t\t\t\t\t\t<a href=\"http:\/\/www.neotec.cz\/zund\/s3seznam\/\" class=\"link-icon\" >\t\t\t\t\t<div class=\"circle-icon icon-style-set\" style=\"background-image: url(http:\/\/www.neotec.cz\/zund\/wp-content\/uploads\/2016\/02\/ic-s3.png);background-color: #eeeeee\">\n\t\t\t\t\t\t\t\t\t\t\t<\/div>\n\t\t\t\t\t<\/a>\t\t\t\t<\/div>\n\t\t\t\n\t\t\t\t\t\t\t<a href=\"http:\/\/www.neotec.cz\/zund\/s3seznam\/\" class=\"link-title\" >\n\t\t\t\t\t\t\t\t\t\t\t\t\t<\/a>\n\t\t\t\n\t\t\t\t\t\t\t\t\t\t<a\n\t\t\t\t\thref=\"http:\/\/www.neotec.cz\/zund\/s3seznam\/\"\n\t\t\t\t\tclass=\"more-button\"\n\t\t\t\t\t\t\t\t\t\t\t\t\t\t>\n\t\t\t\t\tS3 sezn\u00e1men\u00ed <i><\/i>\n\t\t\t\t<\/a>\n\t\t\t\t\t<\/div>\n\t\t<\/div><\/div><\/div><div id=\"pgc-490-1-1\"  class=\"panel-grid-cell\" ><div id=\"panel-490-1-1-0\" class=\"so-panel widget widget_circleicon-widget panel-first-child panel-last-child\" data-index=\"2\" >\t\t<div class=\"circle-icon-box circle-icon-position-top circle-icon-hide-box circle-icon-size-large \">\n\t\t\t\t\t\t\t<div class=\"circle-icon-wrapper\">\n\t\t\t\t\t\t\t\t\t\t<a href=\"http:\/\/www.neotec.cz\/zund\/s3det\/\" class=\"link-icon\" >\t\t\t\t\t<div class=\"circle-icon icon-style-set\" style=\"background-image: url(http:\/\/www.neotec.cz\/zund\/wp-content\/uploads\/2016\/02\/ic-s3det.png);background-color: #eeeeee\">\n\t\t\t\t\t\t\t\t\t\t\t<\/div>\n\t\t\t\t\t<\/a>\t\t\t\t<\/div>\n\t\t\t\n\t\t\t\t\t\t\t<a href=\"http:\/\/www.neotec.cz\/zund\/s3det\/\" class=\"link-title\" >\n\t\t\t\t\t\t\t\t\t\t\t\t\t<\/a>\n\t\t\t\n\t\t\t\t\t\t\t\t\t\t<a\n\t\t\t\t\thref=\"http:\/\/www.neotec.cz\/zund\/s3det\/\"\n\t\t\t\t\tclass=\"more-button\"\n\t\t\t\t\t\t\t\t\t\t\t\t\t\t>\n\t\t\t\t\tS3 detailn\u011b <i><\/i>\n\t\t\t\t<\/a>\n\t\t\t\t\t<\/div>\n\t\t<\/div><\/div><div id=\"pgc-490-1-2\"  class=\"panel-grid-cell\" ><div id=\"panel-490-1-2-0\" class=\"so-panel widget widget_circleicon-widget panel-first-child panel-last-child\" data-index=\"3\" >\t\t<div class=\"circle-icon-box circle-icon-position-top circle-icon-hide-box circle-icon-size-large \">\n\t\t\t\t\t\t\t<div class=\"circle-icon-wrapper\">\n\t\t\t\t\t\t\t\t\t\t<div class=\"circle-icon icon-style-set\" style=\"background-image: url(http:\/\/www.neotec.cz\/zund\/wp-content\/uploads\/2016\/02\/ic-modtool.png);background-color: #888888\">\n\t\t\t\t\t\t\t\t\t\t\t<\/div>\n\t\t\t\t\t\t\t\t\t<\/div>\n\t\t\t\n\t\t\t\t\t\t\t\t\t\n\t\t\t\t\t\t\t\t\t\t<a\n\t\t\t\t\thref=\"http:\/\/www.neotec.cz\/zund\/s3mod\/\"\n\t\t\t\t\tclass=\"more-button\"\n\t\t\t\t\t\t\t\t\t\t\t\t\t\t>\n\t\t\t\t\tS3 moduly a n\u00e1stroje <i><\/i>\n\t\t\t\t<\/a>\n\t\t\t\t\t<\/div>\n\t\t<\/div><\/div><div id=\"pgc-490-1-3\"  class=\"panel-grid-cell\" ><div id=\"panel-490-1-3-0\" class=\"so-panel widget widget_circleicon-widget panel-first-child panel-last-child\" data-index=\"4\" >\t\t<div class=\"circle-icon-box circle-icon-position-top circle-icon-hide-box circle-icon-size-large \">\n\t\t\t\t\t\t\t<div class=\"circle-icon-wrapper\">\n\t\t\t\t\t\t\t\t\t\t<a href=\"http:\/\/www.neotec.cz\/zund\/s3velikostistolu\/\" class=\"link-icon\" >\t\t\t\t\t<div class=\"circle-icon icon-style-set\" style=\"background-image: url(http:\/\/www.neotec.cz\/zund\/wp-content\/uploads\/2016\/02\/ic-S3size-1.png);background-color: #eeeeee\">\n\t\t\t\t\t\t\t\t\t\t\t<\/div>\n\t\t\t\t\t<\/a>\t\t\t\t<\/div>\n\t\t\t\n\t\t\t\t\t\t\t<a href=\"http:\/\/www.neotec.cz\/zund\/s3velikostistolu\/\" class=\"link-title\" >\n\t\t\t\t\t\t\t\t\t\t\t\t\t<\/a>\n\t\t\t\n\t\t\t\t\t\t\t\t\t\t<a\n\t\t\t\t\thref=\"http:\/\/www.neotec.cz\/zund\/s3velikostistolu\/\"\n\t\t\t\t\tclass=\"more-button\"\n\t\t\t\t\t\t\t\t\t\t\t\t\t\t>\n\t\t\t\t\tS3 velikosti stol\u016f <i><\/i>\n\t\t\t\t<\/a>\n\t\t\t\t\t<\/div>\n\t\t<\/div><\/div><div id=\"pgc-490-1-4\"  class=\"panel-grid-cell\" ><div id=\"panel-490-1-4-0\" class=\"so-panel widget widget_circleicon-widget panel-first-child panel-last-child\" data-index=\"5\" >\t\t<div class=\"circle-icon-box circle-icon-position-top circle-icon-hide-box circle-icon-size-large \">\n\t\t\t\t\t\t\t<div class=\"circle-icon-wrapper\">\n\t\t\t\t\t\t\t\t\t\t<a href=\"http:\/\/www.neotec.cz\/zund\/s3-videa\/\" class=\"link-icon\" >\t\t\t\t\t<div class=\"circle-icon icon-style-set\" style=\"background-image: url(http:\/\/www.neotec.cz\/zund\/wp-content\/uploads\/2016\/02\/ic_s3video.png);background-color: #eeeeee\">\n\t\t\t\t\t\t\t\t\t\t\t<\/div>\n\t\t\t\t\t<\/a>\t\t\t\t<\/div>\n\t\t\t\n\t\t\t\t\t\t\t<a href=\"http:\/\/www.neotec.cz\/zund\/s3-videa\/\" class=\"link-title\" >\n\t\t\t\t\t\t\t\t\t\t\t\t\t<\/a>\n\t\t\t\n\t\t\t\t\t\t\t\t\t\t<a\n\t\t\t\t\thref=\"http:\/\/www.neotec.cz\/zund\/s3-videa\/\"\n\t\t\t\t\tclass=\"more-button\"\n\t\t\t\t\t\t\t\t\t\t\t\t\t\t>\n\t\t\t\t\tS3 videa <i><\/i>\n\t\t\t\t<\/a>\n\t\t\t\t\t<\/div>\n\t\t<\/div><\/div><div id=\"pgc-490-1-5\"  class=\"panel-grid-cell\" ><div id=\"panel-490-1-5-0\" class=\"so-panel widget widget_circleicon-widget panel-first-child panel-last-child\" data-index=\"6\" >\t\t<div class=\"circle-icon-box circle-icon-position-top circle-icon-hide-box circle-icon-size-large \">\n\t\t\t\t\t\t\t<div class=\"circle-icon-wrapper\">\n\t\t\t\t\t\t\t\t\t\t<a href=\"http:\/\/www.neotec.cz\/zund\/g3msm\/\" class=\"link-icon\" >\t\t\t\t\t<div class=\"circle-icon icon-style-set\" style=\"background-image: url(http:\/\/www.neotec.cz\/zund\/wp-content\/uploads\/2018\/04\/ic-s3msm.png);background-color: #eeeeee\">\n\t\t\t\t\t\t\t\t\t\t\t<\/div>\n\t\t\t\t\t<\/a>\t\t\t\t<\/div>\n\t\t\t\n\t\t\t\t\t\t\t<a href=\"http:\/\/www.neotec.cz\/zund\/g3msm\/\" class=\"link-title\" >\n\t\t\t\t\t\t\t\t\t\t\t\t\t<\/a>\n\t\t\t\n\t\t\t\t\t\t\t\t\t\t<a\n\t\t\t\t\thref=\"http:\/\/www.neotec.cz\/zund\/g3msm\/\"\n\t\t\t\t\tclass=\"more-button\"\n\t\t\t\t\t\t\t\t\t\t\t\t\t\t>\n\t\t\t\t\tManipulace <i><\/i>\n\t\t\t\t<\/a>\n\t\t\t\t\t<\/div>\n\t\t<\/div><\/div><\/div><div id=\"pg-490-2\"  class=\"panel-grid panel-no-style\" ><div id=\"pgc-490-2-0\"  class=\"panel-grid-cell\" ><div id=\"panel-490-2-0-0\" class=\"so-panel widget widget_sow-editor panel-first-child panel-last-child\" data-index=\"7\" ><div\n\t\t\t\n\t\t\tclass=\"so-widget-sow-editor so-widget-sow-editor-base\"\n\t\t\t\n\t\t><h3 class=\"widget-title\">KCM-S - kiss-cutov\u00fd (na\u0159ez\u00e1vac\u00ed) modul<\/h3>\n<div class=\"siteorigin-widget-tinymce textwidget\">\n\t<\/div>\n<\/div><\/div><\/div><\/div><div id=\"pg-490-3\"  class=\"panel-grid panel-no-style\" ><div id=\"pgc-490-3-0\"  class=\"panel-grid-cell\" ><div id=\"panel-490-3-0-0\" class=\"so-panel widget widget_sow-image panel-first-child panel-last-child\" data-index=\"8\" ><div\n\t\t\t\n\t\t\tclass=\"so-widget-sow-image so-widget-sow-image-default-8b5b6f678277-490\"\n\t\t\t\n\t\t>\n\n<div class=\"sow-image-container\">\n\t\t<img loading=\"lazy\" decoding=\"async\" src=\"https:\/\/www.neotec.cz\/zund\/wp-content\/uploads\/2016\/02\/kcm-s.png\" width=\"351\" height=\"462\" srcset=\"https:\/\/www.neotec.cz\/zund\/wp-content\/uploads\/2016\/02\/kcm-s.png 351w, https:\/\/www.neotec.cz\/zund\/wp-content\/uploads\/2016\/02\/kcm-s-228x300.png 228w\" sizes=\"auto, (max-width: 351px) 100vw, 351px\" title=\"KCM-S kiss-cutov\u00fd modul\" alt=\"kiss-cutov\u00fd modul\" \t\tclass=\"so-widget-image\"\/>\n\t<\/div>\n\n<\/div><\/div><\/div><div id=\"pgc-490-3-1\"  class=\"panel-grid-cell\" ><div id=\"panel-490-3-1-0\" class=\"so-panel widget widget_sow-editor panel-first-child panel-last-child\" data-index=\"9\" ><div\n\t\t\t\n\t\t\tclass=\"so-widget-sow-editor so-widget-sow-editor-base\"\n\t\t\t\n\t\t>\n<div class=\"siteorigin-widget-tinymce textwidget\">\n\t<div>\n<p>Mezi hlavn\u00ed charakteristiky kiss-cut modulu pat\u0159\u00ed n\u00edzk\u00e1 hmotnost a minim\u00e1ln\u00ed zdvih n\u00e1stroje. Ty zaru\u010duj\u00ed maxim\u00e1ln\u00ed rychlost zpracov\u00e1n\u00ed. Modul vynik\u00e1 snadn\u00fdm pou\u017eit\u00edm, rychlou v\u00fdm\u011bnou n\u00e1stroj\u016f a vysokou p\u0159esnost\u00ed. K dispozici jsou op\u011bt dva re\u017eimy zpracov\u00e1n\u00ed. V tlakov\u00e9m re\u017eimu, modul p\u016fsob\u00ed na \u0159ezan\u00fdm materi\u00e1l konstantn\u00edm, u\u017eivatelsky definovan\u00fdm tlak (mezi 30 a\u017e 1600 g). V\u00fdsledkem je \u010dist\u00fd a p\u0159esn\u00fd \u0159ez vrchn\u00ed vrstvy tlakov\u011b citliv\u00fdch materi\u00e1l\u016f bez po\u0161kozen\u00ed dal\u0161\u00edch vrstev. V re\u017eimu polohy, pak n\u00e1stroj \u0159e\u017ee materi\u00e1l do p\u0159esn\u011b nastaven\u00e9 hloubky. Kiss-cut module umo\u017e\u0148uje pou\u017eit\u00ed univerz\u00e1ln\u00edho \u0159ezac\u00edho n\u00e1stroje, \u0159ezac\u00edho n\u00e1stroje s v\u00fd\u0161kov\u011b nastaviteln\u00fdm kluz\u00e1kem a vykreslovac\u00edho n\u00e1stroje.<\/p>\n<p><strong>Hlavn\u00ed p\u0159ednosti<\/strong><\/p>\n<\/div>\n<div>\n<div>\n<ul>\n<li>Na\u0159ez\u00e1v\u00e1n\u00ed (kiss-cutting) a \u0159ez\u00e1n\u00ed (through-cutting) v\u0161ech tlakov\u011b citliv\u00fdch f\u00f3li\u00ed (nap\u0159. samolepky)<\/li>\n<li>\u010cist\u00e9 a p\u0159esn\u00e9 \u0159ezy bez po\u0161kozen\u00ed nosn\u00e9ho podkladu<\/li>\n<\/ul>\n<\/div>\n<\/div>\n<\/div>\n<\/div><\/div><\/div><\/div><\/div>","protected":false},"excerpt":{"rendered":"<p>\u0158ezac\u00ed plotr S3 &#8211;\u00a0moduly a n\u00e1stroje<\/p>\n","protected":false},"author":1,"featured_media":0,"parent":0,"menu_order":0,"comment_status":"closed","ping_status":"closed","template":"templates\/template-full-notitle.php","meta":{"footnotes":""},"class_list":["post-490","page","type-page","status-publish","hentry","post"],"_links":{"self":[{"href":"https:\/\/www.neotec.cz\/zund\/wp-json\/wp\/v2\/pages\/490","targetHints":{"allow":["GET"]}}],"collection":[{"href":"https:\/\/www.neotec.cz\/zund\/wp-json\/wp\/v2\/pages"}],"about":[{"href":"https:\/\/www.neotec.cz\/zund\/wp-json\/wp\/v2\/types\/page"}],"author":[{"embeddable":true,"href":"https:\/\/www.neotec.cz\/zund\/wp-json\/wp\/v2\/users\/1"}],"replies":[{"embeddable":true,"href":"https:\/\/www.neotec.cz\/zund\/wp-json\/wp\/v2\/comments?post=490"}],"version-history":[{"count":13,"href":"https:\/\/www.neotec.cz\/zund\/wp-json\/wp\/v2\/pages\/490\/revisions"}],"predecessor-version":[{"id":2153,"href":"https:\/\/www.neotec.cz\/zund\/wp-json\/wp\/v2\/pages\/490\/revisions\/2153"}],"wp:attachment":[{"href":"https:\/\/www.neotec.cz\/zund\/wp-json\/wp\/v2\/media?parent=490"}],"curies":[{"name":"wp","href":"https:\/\/api.w.org\/{rel}","templated":true}]}}