{"id":520,"date":"2016-02-16T15:43:42","date_gmt":"2016-02-16T14:43:42","guid":{"rendered":"http:\/\/www.neotec.cz\/zundnew\/?page_id=520"},"modified":"2021-05-12T11:48:54","modified_gmt":"2021-05-12T10:48:54","slug":"l3seznam","status":"publish","type":"page","link":"https:\/\/www.neotec.cz\/zund\/l3seznam\/","title":{"rendered":"L3"},"content":{"rendered":"<div id=\"pl-520\"  class=\"panel-layout\" ><div id=\"pg-520-0\"  class=\"panel-grid panel-no-style\" ><div id=\"pgc-520-0-0\"  class=\"panel-grid-cell\" ><div id=\"panel-520-0-0-0\" class=\"so-panel widget widget_sow-editor panel-first-child panel-last-child\" data-index=\"0\" ><div\n\t\t\t\n\t\t\tclass=\"so-widget-sow-editor so-widget-sow-editor-base\"\n\t\t\t\n\t\t>\n<div class=\"siteorigin-widget-tinymce textwidget\">\n\t<h1><strong>\u0158ezac\u00ed plotr\u00a0L3 - chytr\u00e9 a efektivn\u00ed \u0159e\u0161en\u00ed pro zpracov\u00e1n\u00ed k\u016f\u017ee<\/strong><\/h1>\n<\/div>\n<\/div><\/div><\/div><\/div><div id=\"pg-520-1\"  class=\"panel-grid panel-no-style\" ><div id=\"pgc-520-1-0\"  class=\"panel-grid-cell\" ><div id=\"panel-520-1-0-0\" class=\"so-panel widget widget_circleicon-widget panel-first-child panel-last-child\" data-index=\"1\" ><div class=\"panel-widget-style panel-widget-style-for-520-1-0-0\" >\t\t<div class=\"circle-icon-box circle-icon-position-top circle-icon-hide-box circle-icon-size-large \">\n\t\t\t\t\t\t\t<div class=\"circle-icon-wrapper\">\n\t\t\t\t\t\t\t\t\t\t<div class=\"circle-icon icon-style-set\" style=\"background-image: url(http:\/\/www.neotec.cz\/zund\/wp-content\/uploads\/2016\/02\/ic-l3.png);background-color: #888888\">\n\t\t\t\t\t\t\t\t\t\t\t<\/div>\n\t\t\t\t\t\t\t\t\t<\/div>\n\t\t\t\n\t\t\t\t\t\t\t\t\t\n\t\t\t\t\t\t\t\t\t\t<a\n\t\t\t\t\thref=\"http:\/\/www.neotec.cz\/zund\/l3seznam\/\"\n\t\t\t\t\tclass=\"more-button\"\n\t\t\t\t\t\t\t\t\t\t\t\t\t\t>\n\t\t\t\t\tL3 sezn\u00e1men\u00ed <i><\/i>\n\t\t\t\t<\/a>\n\t\t\t\t\t<\/div>\n\t\t<\/div><\/div><\/div><div id=\"pgc-520-1-1\"  class=\"panel-grid-cell\" ><div id=\"panel-520-1-1-0\" class=\"so-panel widget widget_circleicon-widget panel-first-child panel-last-child\" data-index=\"2\" >\t\t<div class=\"circle-icon-box circle-icon-position-top circle-icon-hide-box circle-icon-size-large \">\n\t\t\t\t\t\t\t<div class=\"circle-icon-wrapper\">\n\t\t\t\t\t\t\t\t\t\t<a href=\"http:\/\/www.neotec.cz\/zund\/l3det\/\" class=\"link-icon\" >\t\t\t\t\t<div class=\"circle-icon icon-style-set\" style=\"background-image: url(http:\/\/www.neotec.cz\/zund\/wp-content\/uploads\/2016\/02\/ic-l3det.png);background-color: #eeeeee\">\n\t\t\t\t\t\t\t\t\t\t\t<\/div>\n\t\t\t\t\t<\/a>\t\t\t\t<\/div>\n\t\t\t\n\t\t\t\t\t\t\t<a href=\"http:\/\/www.neotec.cz\/zund\/l3det\/\" class=\"link-title\" >\n\t\t\t\t\t\t\t\t\t\t\t\t\t<\/a>\n\t\t\t\n\t\t\t\t\t\t\t\t\t\t<a\n\t\t\t\t\thref=\"http:\/\/www.neotec.cz\/zund\/l3det\/\"\n\t\t\t\t\tclass=\"more-button\"\n\t\t\t\t\t\t\t\t\t\t\t\t\t\t>\n\t\t\t\t\tL3 detailn\u011b <i><\/i>\n\t\t\t\t<\/a>\n\t\t\t\t\t<\/div>\n\t\t<\/div><\/div><div id=\"pgc-520-1-2\"  class=\"panel-grid-cell\" ><div id=\"panel-520-1-2-0\" class=\"so-panel widget widget_circleicon-widget panel-first-child panel-last-child\" data-index=\"3\" >\t\t<div class=\"circle-icon-box circle-icon-position-top circle-icon-hide-box circle-icon-size-large \">\n\t\t\t\t\t\t\t<div class=\"circle-icon-wrapper\">\n\t\t\t\t\t\t\t\t\t\t<a href=\"http:\/\/www.neotec.cz\/zund\/l3mod\/\" class=\"link-icon\" >\t\t\t\t\t<div class=\"circle-icon icon-style-set\" style=\"background-image: url(http:\/\/www.neotec.cz\/zund\/wp-content\/uploads\/2016\/02\/ic-modtool.png);background-color: #eeeeee\">\n\t\t\t\t\t\t\t\t\t\t\t<\/div>\n\t\t\t\t\t<\/a>\t\t\t\t<\/div>\n\t\t\t\n\t\t\t\t\t\t\t<a href=\"http:\/\/www.neotec.cz\/zund\/l3mod\/\" class=\"link-title\" >\n\t\t\t\t\t\t\t\t\t\t\t\t\t<\/a>\n\t\t\t\n\t\t\t\t\t\t\t\t\t\t<a\n\t\t\t\t\thref=\"http:\/\/www.neotec.cz\/zund\/l3mod\/\"\n\t\t\t\t\tclass=\"more-button\"\n\t\t\t\t\t\t\t\t\t\t\t\t\t\t>\n\t\t\t\t\tL3 moduly a n\u00e1stroje <i><\/i>\n\t\t\t\t<\/a>\n\t\t\t\t\t<\/div>\n\t\t<\/div><\/div><div id=\"pgc-520-1-3\"  class=\"panel-grid-cell\" ><div id=\"panel-520-1-3-0\" class=\"so-panel widget widget_circleicon-widget panel-first-child panel-last-child\" data-index=\"4\" >\t\t<div class=\"circle-icon-box circle-icon-position-top circle-icon-hide-box circle-icon-size-large \">\n\t\t\t\t\t\t\t<div class=\"circle-icon-wrapper\">\n\t\t\t\t\t\t\t\t\t\t<a href=\"http:\/\/www.neotec.cz\/zund\/l3velikostistolu\/\" class=\"link-icon\" >\t\t\t\t\t<div class=\"circle-icon icon-style-set\" style=\"background-image: url(http:\/\/www.neotec.cz\/zund\/wp-content\/uploads\/2016\/02\/ic-l3size.png);background-color: #eeeeee\">\n\t\t\t\t\t\t\t\t\t\t\t<\/div>\n\t\t\t\t\t<\/a>\t\t\t\t<\/div>\n\t\t\t\n\t\t\t\t\t\t\t<a href=\"http:\/\/www.neotec.cz\/zund\/l3velikostistolu\/\" class=\"link-title\" >\n\t\t\t\t\t\t\t\t\t\t\t\t\t<\/a>\n\t\t\t\n\t\t\t\t\t\t\t\t\t\t<a\n\t\t\t\t\thref=\"http:\/\/www.neotec.cz\/zund\/l3velikostistolu\/\"\n\t\t\t\t\tclass=\"more-button\"\n\t\t\t\t\t\t\t\t\t\t\t\t\t\t>\n\t\t\t\t\tL3 velikosti stol\u016f <i><\/i>\n\t\t\t\t<\/a>\n\t\t\t\t\t<\/div>\n\t\t<\/div><\/div><div id=\"pgc-520-1-4\"  class=\"panel-grid-cell\" ><div id=\"panel-520-1-4-0\" class=\"so-panel widget widget_circleicon-widget panel-first-child panel-last-child\" data-index=\"5\" >\t\t<div class=\"circle-icon-box circle-icon-position-top circle-icon-hide-box circle-icon-size-large \">\n\t\t\t\t\t\t\t<div class=\"circle-icon-wrapper\">\n\t\t\t\t\t\t\t\t\t\t<a href=\"http:\/\/www.neotec.cz\/zund\/l3-videa\/\" class=\"link-icon\" >\t\t\t\t\t<div class=\"circle-icon icon-style-set\" style=\"background-image: url(http:\/\/www.neotec.cz\/zund\/wp-content\/uploads\/2016\/02\/ic_l3video.png);background-color: #eeeeee\">\n\t\t\t\t\t\t\t\t\t\t\t<\/div>\n\t\t\t\t\t<\/a>\t\t\t\t<\/div>\n\t\t\t\n\t\t\t\t\t\t\t<a href=\"http:\/\/www.neotec.cz\/zund\/l3-videa\/\" class=\"link-title\" >\n\t\t\t\t\t\t\t\t\t\t\t\t\t<\/a>\n\t\t\t\n\t\t\t\t\t\t\t\t\t\t<a\n\t\t\t\t\thref=\"http:\/\/www.neotec.cz\/zund\/l3-videa\/\"\n\t\t\t\t\tclass=\"more-button\"\n\t\t\t\t\t\t\t\t\t\t\t\t\t\t>\n\t\t\t\t\tL3 videa <i><\/i>\n\t\t\t\t<\/a>\n\t\t\t\t\t<\/div>\n\t\t<\/div><\/div><\/div><div id=\"pg-520-2\"  class=\"panel-grid panel-no-style\" ><div id=\"pgc-520-2-0\"  class=\"panel-grid-cell\" ><div id=\"panel-520-2-0-0\" class=\"so-panel widget widget_sow-editor panel-first-child panel-last-child\" data-index=\"6\" ><div\n\t\t\t\n\t\t\tclass=\"so-widget-sow-editor so-widget-sow-editor-base\"\n\t\t\t\n\t\t><h3 class=\"widget-title\">Sezn\u00e1men\u00ed s \u0159adou L3<\/h3>\n<div class=\"siteorigin-widget-tinymce textwidget\">\n\t<\/div>\n<\/div><\/div><\/div><\/div><div id=\"pg-520-3\"  class=\"panel-grid panel-no-style\" ><div id=\"pgc-520-3-0\"  class=\"panel-grid-cell\" ><div id=\"panel-520-3-0-0\" class=\"so-panel widget widget_sow-editor panel-first-child panel-last-child\" data-index=\"7\" ><div\n\t\t\t\n\t\t\tclass=\"so-widget-sow-editor so-widget-sow-editor-base\"\n\t\t\t\n\t\t><h3 class=\"widget-title\">Pro lep\u0161\u00ed v\u00fdkon a kvalitu<\/h3>\n<div class=\"siteorigin-widget-tinymce textwidget\">\n\t<p>Povy\u0161te produktivitu v\u00fdroby obuvi na vy\u0161\u0161\u00ed \u00farove\u0148. Zpracov\u00e1n\u00ed k\u016f\u017e\u00ed, podr\u00e1\u017eek, vlo\u017eek a \u0161ablon s v\u011bt\u0161\u00ed p\u0159esnost\u00ed a efektivitou nebylo nikdy jednodu\u0161\u00ed. S pou\u017eit\u00edm oscila\u010dn\u00edch n\u00e1stroj\u016f je \u0159ez v\u017edy p\u0159esn\u00fd a perfektn\u00ed. \u0158ezac\u00ed katry Z\u00fcnd umo\u017e\u0148uj\u00ed zpracov\u00e1vat k\u016f\u017ee a jin\u00e9 materi\u00e1ly rychlost\u00ed a\u017e 1 m\/s. S \u0159ezac\u00edmi syst\u00e9my se va\u0161e v\u00fdroba stane rychlou, p\u0159esnou a efektivn\u00ed jako nikdy p\u0159edt\u00edm.<\/p>\n<\/div>\n<\/div><\/div><\/div><div id=\"pgc-520-3-1\"  class=\"panel-grid-cell\" ><div id=\"panel-520-3-1-0\" class=\"so-panel widget widget_sow-editor panel-first-child panel-last-child\" data-index=\"8\" ><div\n\t\t\t\n\t\t\tclass=\"so-widget-sow-editor so-widget-sow-editor-base\"\n\t\t\t\n\t\t><h3 class=\"widget-title\">Pro vy\u0161\u0161\u00ed efektivitu<\/h3>\n<div class=\"siteorigin-widget-tinymce textwidget\">\n\t<p>Pohodln\u00e9 ko\u017een\u00e9 seda\u010dky, \u00fatuln\u00e1 k\u0159esla, oblo\u017een\u00ed interi\u00e9r\u016f, pota\u017een\u00e9 volanty sportovn\u00edch a luxusn\u00edch aut \u2013 to je jen zlomek toho, kde se daj\u00ed katry Z\u00fcnd pou\u017e\u00edt. Mnoho zn\u00e1m\u00fdch firem, kter\u00e9 zpracov\u00e1vaj\u00ed k\u016f\u017ei, dali svou d\u016fv\u011bru \u0159ezac\u00edm syst\u00e9m\u016fm Z\u00fcnd. N\u00edzk\u00e9 provozn\u00ed n\u00e1klady a jednoduch\u00e1 integrace do st\u00e1vaj\u00edc\u00edho v\u00fdrobn\u00edho provozu d\u00e1le p\u0159isp\u00edvaj\u00ed k mimo\u0159\u00e1dn\u011b rychl\u00e9 n\u00e1vratnosti investic.<\/p>\n<\/div>\n<\/div><\/div><\/div><\/div><div id=\"pg-520-4\"  class=\"panel-grid panel-no-style\" ><div id=\"pgc-520-4-0\"  class=\"panel-grid-cell\" ><div id=\"panel-520-4-0-0\" class=\"so-panel widget widget_sow-editor panel-first-child panel-last-child\" data-index=\"9\" ><div\n\t\t\t\n\t\t\tclass=\"so-widget-sow-editor so-widget-sow-editor-base\"\n\t\t\t\n\t\t>\n<div class=\"siteorigin-widget-tinymce textwidget\">\n\t<p>\u00a0<\/p>\n<p><img loading=\"lazy\" decoding=\"async\" class=\"alignnone wp-image-524 size-full\" src=\"http:\/\/www.neotec.cz\/zund\/wp-content\/uploads\/2016\/02\/l3-sez.png\" alt=\"L3\" width=\"1140\" height=\"600\" srcset=\"https:\/\/www.neotec.cz\/zund\/wp-content\/uploads\/2016\/02\/l3-sez.png 1140w, https:\/\/www.neotec.cz\/zund\/wp-content\/uploads\/2016\/02\/l3-sez-300x158.png 300w, https:\/\/www.neotec.cz\/zund\/wp-content\/uploads\/2016\/02\/l3-sez-768x404.png 768w, https:\/\/www.neotec.cz\/zund\/wp-content\/uploads\/2016\/02\/l3-sez-1024x539.png 1024w, https:\/\/www.neotec.cz\/zund\/wp-content\/uploads\/2016\/02\/l3-sez-720x380.png 720w\" sizes=\"auto, (max-width: 1140px) 100vw, 1140px\" \/><\/p>\n<\/div>\n<\/div><\/div><\/div><\/div><div id=\"pg-520-5\"  class=\"panel-grid panel-no-style\" ><div id=\"pgc-520-5-0\"  class=\"panel-grid-cell\" ><div id=\"panel-520-5-0-0\" class=\"so-panel widget widget_sow-editor panel-first-child panel-last-child\" data-index=\"10\" ><div\n\t\t\t\n\t\t\tclass=\"so-widget-sow-editor so-widget-sow-editor-base\"\n\t\t\t\n\t\t><h3 class=\"widget-title\">Nep\u0159etr\u017eit\u00fd 24\/7 provoz<\/h3>\n<div class=\"siteorigin-widget-tinymce textwidget\">\n\t<p>Katry L3 jsou p\u0159izp\u016fsobeny na nep\u0159etr\u017eitou v\u00fdrobu. Operace \u0159ez\u00e1n\u00ed \/ zpracov\u00e1n\u00ed a nakl\u00e1d\u00e1n\u00ed \/ vykl\u00e1d\u00e1n\u00ed materi\u00e1lu se daj\u00ed d\u011blat sou\u010dasn\u011b. Zelen\u00e1 LED dioda indikuje, kter\u00e1 oblast je p\u0159\u00edstupn\u00e1 pro bezpe\u010dn\u00e9 zalo\u017een\u00ed \/ odebr\u00e1n\u00ed materi\u00e1lu, zat\u00edmco v\u00fdroba pokra\u010duje na druh\u00e9 stran\u011b.<\/p>\n<\/div>\n<\/div><\/div><\/div><div id=\"pgc-520-5-1\"  class=\"panel-grid-cell\" ><div id=\"panel-520-5-1-0\" class=\"so-panel widget widget_sow-editor panel-first-child panel-last-child\" data-index=\"11\" ><div\n\t\t\t\n\t\t\tclass=\"so-widget-sow-editor so-widget-sow-editor-base\"\n\t\t\t\n\t\t><h3 class=\"widget-title\">Katr podle va\u0161ich p\u0159edstav<\/h3>\n<div class=\"siteorigin-widget-tinymce textwidget\">\n\t<p>\u0158ezac\u00ed katry Z\u00fcnd se pou\u017e\u00edvaj\u00ed k v\u00fdrob\u011b prototyp\u016f, ale i pro s\u00e9riovou v\u00fdrobu. P\u0159izp\u016fsobte si sv\u016fj \u0159ezac\u00ed syst\u00e9m tak, aby vyhovoval va\u0161im specifick\u00fdm pot\u0159eb\u00e1m a rozpo\u010dtu. Utra\u0165te jen tolik, kolik je pot\u0159eba k z\u00edsk\u00e1n\u00ed funkc\u00ed, kter\u00e9 chcete.<\/p>\n<\/div>\n<\/div><\/div><\/div><\/div><div id=\"pg-520-6\"  class=\"panel-grid panel-no-style\" ><div id=\"pgc-520-6-0\"  class=\"panel-grid-cell\" ><div id=\"panel-520-6-0-0\" class=\"so-panel widget widget_sow-editor panel-first-child panel-last-child\" data-index=\"12\" ><div\n\t\t\t\n\t\t\tclass=\"so-widget-sow-editor so-widget-sow-editor-base\"\n\t\t\t\n\t\t><h3 class=\"widget-title\">Ke sta\u017een\u00ed<\/h3>\n<div class=\"siteorigin-widget-tinymce textwidget\">\n\t<p><a href=\"http:\/\/www.neotec.cz\/zund\/wp-content\/uploads\/2016\/02\/L3TechnicalOverview_CZ.pdf\" target=\"_blank\" rel=\"\">L3 Sezn\u00e1men\u00ed (CZ)<\/a><a href=\"http:\/\/www.neotec.cz\/zund\/wp-content\/uploads\/2016\/02\/L3TechnicalOverview_CZ.pdf\" target=\"_blank\"><img loading=\"lazy\" decoding=\"async\" class=\"alignleft wp-image-1108 size-full\" src=\"http:\/\/www.neotec.cz\/zund\/wp-content\/uploads\/2016\/02\/picPDF.png\" alt=\"picPDF\" width=\"32\" height=\"32\" \/><\/a><\/p>\n<\/div>\n<\/div><\/div><\/div><\/div><\/div>","protected":false},"excerpt":{"rendered":"<p>\u0158ezac\u00ed plotr\u00a0L3 &#8211; chytr\u00e9 a efektivn\u00ed \u0159e\u0161en\u00ed pro zpracov\u00e1n\u00ed k\u016f\u017ee<\/p>\n","protected":false},"author":1,"featured_media":0,"parent":0,"menu_order":0,"comment_status":"closed","ping_status":"closed","template":"templates\/template-full-notitle.php","meta":{"footnotes":""},"class_list":["post-520","page","type-page","status-publish","hentry","post"],"_links":{"self":[{"href":"https:\/\/www.neotec.cz\/zund\/wp-json\/wp\/v2\/pages\/520","targetHints":{"allow":["GET"]}}],"collection":[{"href":"https:\/\/www.neotec.cz\/zund\/wp-json\/wp\/v2\/pages"}],"about":[{"href":"https:\/\/www.neotec.cz\/zund\/wp-json\/wp\/v2\/types\/page"}],"author":[{"embeddable":true,"href":"https:\/\/www.neotec.cz\/zund\/wp-json\/wp\/v2\/users\/1"}],"replies":[{"embeddable":true,"href":"https:\/\/www.neotec.cz\/zund\/wp-json\/wp\/v2\/comments?post=520"}],"version-history":[{"count":18,"href":"https:\/\/www.neotec.cz\/zund\/wp-json\/wp\/v2\/pages\/520\/revisions"}],"predecessor-version":[{"id":2098,"href":"https:\/\/www.neotec.cz\/zund\/wp-json\/wp\/v2\/pages\/520\/revisions\/2098"}],"wp:attachment":[{"href":"https:\/\/www.neotec.cz\/zund\/wp-json\/wp\/v2\/media?parent=520"}],"curies":[{"name":"wp","href":"https:\/\/api.w.org\/{rel}","templated":true}]}}