{"id":534,"date":"2016-02-22T09:57:13","date_gmt":"2016-02-22T08:57:13","guid":{"rendered":"http:\/\/www.neotec.cz\/zundnew\/?page_id=534"},"modified":"2021-05-12T12:32:09","modified_gmt":"2021-05-12T11:32:09","slug":"l3det","status":"publish","type":"page","link":"https:\/\/www.neotec.cz\/zund\/l3det\/","title":{"rendered":"L3 &#8211; detaily"},"content":{"rendered":"<div id=\"pl-534\"  class=\"panel-layout\" ><div id=\"pg-534-0\"  class=\"panel-grid panel-no-style\" ><div id=\"pgc-534-0-0\"  class=\"panel-grid-cell\" ><div id=\"panel-534-0-0-0\" class=\"so-panel widget widget_sow-editor panel-first-child panel-last-child\" data-index=\"0\" ><div\n\t\t\t\n\t\t\tclass=\"so-widget-sow-editor so-widget-sow-editor-base\"\n\t\t\t\n\t\t>\n<div class=\"siteorigin-widget-tinymce textwidget\">\n\t<h1><strong>\u0158ezac\u00ed plotr L3 - efektivn\u00ed a produktivn\u00ed<\/strong><\/h1>\n<\/div>\n<\/div><\/div><\/div><\/div><div id=\"pg-534-1\"  class=\"panel-grid panel-no-style\" ><div id=\"pgc-534-1-0\"  class=\"panel-grid-cell\" ><div id=\"panel-534-1-0-0\" class=\"so-panel widget widget_circleicon-widget panel-first-child panel-last-child\" data-index=\"1\" ><div class=\"panel-widget-style panel-widget-style-for-534-1-0-0\" >\t\t<div class=\"circle-icon-box circle-icon-position-top circle-icon-hide-box circle-icon-size-large \">\n\t\t\t\t\t\t\t<div class=\"circle-icon-wrapper\">\n\t\t\t\t\t\t\t\t\t\t<a href=\"http:\/\/www.neotec.cz\/zund\/l3seznam\/\" class=\"link-icon\" >\t\t\t\t\t<div class=\"circle-icon icon-style-set\" style=\"background-image: url(http:\/\/www.neotec.cz\/zund\/wp-content\/uploads\/2016\/02\/ic-l3.png);background-color: #eeeeee\">\n\t\t\t\t\t\t\t\t\t\t\t<\/div>\n\t\t\t\t\t<\/a>\t\t\t\t<\/div>\n\t\t\t\n\t\t\t\t\t\t\t<a href=\"http:\/\/www.neotec.cz\/zund\/l3seznam\/\" class=\"link-title\" >\n\t\t\t\t\t\t\t\t\t\t\t\t\t<\/a>\n\t\t\t\n\t\t\t\t\t\t\t\t\t\t<a\n\t\t\t\t\thref=\"http:\/\/www.neotec.cz\/zund\/l3seznam\/\"\n\t\t\t\t\tclass=\"more-button\"\n\t\t\t\t\t\t\t\t\t\t\t\t\t\t>\n\t\t\t\t\tL3 sezn\u00e1men\u00ed <i><\/i>\n\t\t\t\t<\/a>\n\t\t\t\t\t<\/div>\n\t\t<\/div><\/div><\/div><div id=\"pgc-534-1-1\"  class=\"panel-grid-cell\" ><div id=\"panel-534-1-1-0\" class=\"so-panel widget widget_circleicon-widget panel-first-child panel-last-child\" data-index=\"2\" >\t\t<div class=\"circle-icon-box circle-icon-position-top circle-icon-hide-box circle-icon-size-large \">\n\t\t\t\t\t\t\t<div class=\"circle-icon-wrapper\">\n\t\t\t\t\t\t\t\t\t\t<div class=\"circle-icon icon-style-set\" style=\"background-image: url(http:\/\/www.neotec.cz\/zund\/wp-content\/uploads\/2016\/02\/ic-l3det.png);background-color: #888888\">\n\t\t\t\t\t\t\t\t\t\t\t<\/div>\n\t\t\t\t\t\t\t\t\t<\/div>\n\t\t\t\n\t\t\t\t\t\t\t\t\t\n\t\t\t\t\t\t\t\t\t\t<a\n\t\t\t\t\thref=\"http:\/\/www.neotec.cz\/zund\/l3det\/\"\n\t\t\t\t\tclass=\"more-button\"\n\t\t\t\t\t\t\t\t\t\t\t\t\t\t>\n\t\t\t\t\tL3 detailn\u011b <i><\/i>\n\t\t\t\t<\/a>\n\t\t\t\t\t<\/div>\n\t\t<\/div><\/div><div id=\"pgc-534-1-2\"  class=\"panel-grid-cell\" ><div id=\"panel-534-1-2-0\" class=\"so-panel widget widget_circleicon-widget panel-first-child panel-last-child\" data-index=\"3\" >\t\t<div class=\"circle-icon-box circle-icon-position-top circle-icon-hide-box circle-icon-size-large \">\n\t\t\t\t\t\t\t<div class=\"circle-icon-wrapper\">\n\t\t\t\t\t\t\t\t\t\t<a href=\"http:\/\/www.neotec.cz\/zund\/l3mod\/\" class=\"link-icon\" >\t\t\t\t\t<div class=\"circle-icon icon-style-set\" style=\"background-image: url(http:\/\/www.neotec.cz\/zund\/wp-content\/uploads\/2016\/02\/ic-modtool.png);background-color: #eeeeee\">\n\t\t\t\t\t\t\t\t\t\t\t<\/div>\n\t\t\t\t\t<\/a>\t\t\t\t<\/div>\n\t\t\t\n\t\t\t\t\t\t\t<a href=\"http:\/\/www.neotec.cz\/zund\/l3mod\/\" class=\"link-title\" >\n\t\t\t\t\t\t\t\t\t\t\t\t\t<\/a>\n\t\t\t\n\t\t\t\t\t\t\t\t\t\t<a\n\t\t\t\t\thref=\"http:\/\/www.neotec.cz\/zund\/l3mod\/\"\n\t\t\t\t\tclass=\"more-button\"\n\t\t\t\t\t\t\t\t\t\t\t\t\t\t>\n\t\t\t\t\tL3 moduly a n\u00e1stroje <i><\/i>\n\t\t\t\t<\/a>\n\t\t\t\t\t<\/div>\n\t\t<\/div><\/div><div id=\"pgc-534-1-3\"  class=\"panel-grid-cell\" ><div id=\"panel-534-1-3-0\" class=\"so-panel widget widget_circleicon-widget panel-first-child panel-last-child\" data-index=\"4\" >\t\t<div class=\"circle-icon-box circle-icon-position-top circle-icon-hide-box circle-icon-size-large \">\n\t\t\t\t\t\t\t<div class=\"circle-icon-wrapper\">\n\t\t\t\t\t\t\t\t\t\t<a href=\"http:\/\/www.neotec.cz\/zund\/l3velikostistolu\/\" class=\"link-icon\" >\t\t\t\t\t<div class=\"circle-icon icon-style-set\" style=\"background-image: url(http:\/\/www.neotec.cz\/zund\/wp-content\/uploads\/2016\/02\/ic-l3size.png);background-color: #eeeeee\">\n\t\t\t\t\t\t\t\t\t\t\t<\/div>\n\t\t\t\t\t<\/a>\t\t\t\t<\/div>\n\t\t\t\n\t\t\t\t\t\t\t<a href=\"http:\/\/www.neotec.cz\/zund\/l3velikostistolu\/\" class=\"link-title\" >\n\t\t\t\t\t\t\t\t\t\t\t\t\t<\/a>\n\t\t\t\n\t\t\t\t\t\t\t\t\t\t<a\n\t\t\t\t\thref=\"http:\/\/www.neotec.cz\/zund\/l3velikostistolu\/\"\n\t\t\t\t\tclass=\"more-button\"\n\t\t\t\t\t\t\t\t\t\t\t\t\t\t>\n\t\t\t\t\tL3 velikosti stol\u016f <i><\/i>\n\t\t\t\t<\/a>\n\t\t\t\t\t<\/div>\n\t\t<\/div><\/div><div id=\"pgc-534-1-4\"  class=\"panel-grid-cell\" ><div id=\"panel-534-1-4-0\" class=\"so-panel widget widget_circleicon-widget panel-first-child panel-last-child\" data-index=\"5\" >\t\t<div class=\"circle-icon-box circle-icon-position-top circle-icon-hide-box circle-icon-size-large \">\n\t\t\t\t\t\t\t<div class=\"circle-icon-wrapper\">\n\t\t\t\t\t\t\t\t\t\t<a href=\"http:\/\/www.neotec.cz\/zund\/l3-videa\/\" class=\"link-icon\" >\t\t\t\t\t<div class=\"circle-icon icon-style-set\" style=\"background-image: url(http:\/\/www.neotec.cz\/zund\/wp-content\/uploads\/2016\/02\/ic_l3video.png);background-color: #eeeeee\">\n\t\t\t\t\t\t\t\t\t\t\t<\/div>\n\t\t\t\t\t<\/a>\t\t\t\t<\/div>\n\t\t\t\n\t\t\t\t\t\t\t<a href=\"http:\/\/www.neotec.cz\/zund\/l3-videa\/\" class=\"link-title\" >\n\t\t\t\t\t\t\t\t\t\t\t\t\t<\/a>\n\t\t\t\n\t\t\t\t\t\t\t\t\t\t<a\n\t\t\t\t\thref=\"http:\/\/www.neotec.cz\/zund\/l3-videa\/\"\n\t\t\t\t\tclass=\"more-button\"\n\t\t\t\t\t\t\t\t\t\t\t\t\t\t>\n\t\t\t\t\tL3 videa <i><\/i>\n\t\t\t\t<\/a>\n\t\t\t\t\t<\/div>\n\t\t<\/div><\/div><\/div><div id=\"pg-534-2\"  class=\"panel-grid panel-no-style\" ><div id=\"pgc-534-2-0\"  class=\"panel-grid-cell\" ><div id=\"panel-534-2-0-0\" class=\"so-panel widget widget_sow-editor panel-first-child panel-last-child\" data-index=\"6\" ><div\n\t\t\t\n\t\t\tclass=\"so-widget-sow-editor so-widget-sow-editor-base\"\n\t\t\t\n\t\t>\n<div class=\"siteorigin-widget-tinymce textwidget\">\n\t<\/div>\n<\/div><\/div><\/div><\/div><div id=\"pg-534-3\"  class=\"panel-grid panel-no-style\" ><div id=\"pgc-534-3-0\"  class=\"panel-grid-cell\" ><div id=\"panel-534-3-0-0\" class=\"so-panel widget widget_sow-image panel-first-child panel-last-child\" data-index=\"7\" ><div\n\t\t\t\n\t\t\tclass=\"so-widget-sow-image so-widget-sow-image-default-8b5b6f678277-534\"\n\t\t\t\n\t\t>\n\n<div class=\"sow-image-container\">\n\t\t<img loading=\"lazy\" decoding=\"async\" src=\"https:\/\/www.neotec.cz\/zund\/wp-content\/uploads\/2016\/02\/l3_projektion1.png\" width=\"588\" height=\"392\" srcset=\"https:\/\/www.neotec.cz\/zund\/wp-content\/uploads\/2016\/02\/l3_projektion1.png 588w, https:\/\/www.neotec.cz\/zund\/wp-content\/uploads\/2016\/02\/l3_projektion1-300x200.png 300w, https:\/\/www.neotec.cz\/zund\/wp-content\/uploads\/2016\/02\/l3_projektion1-272x182.png 272w\" sizes=\"auto, (max-width: 588px) 100vw, 588px\" alt=\"modularita n\u00e1stroj\u016f\" \t\tclass=\"so-widget-image\"\/>\n\t<\/div>\n\n<\/div><\/div><\/div><div id=\"pgc-534-3-1\"  class=\"panel-grid-cell\" ><div id=\"panel-534-3-1-0\" class=\"so-panel widget widget_sow-editor panel-first-child panel-last-child\" data-index=\"8\" ><div\n\t\t\t\n\t\t\tclass=\"so-widget-sow-editor so-widget-sow-editor-base\"\n\t\t\t\n\t\t><h3 class=\"widget-title\">Projekce<\/h3>\n<div class=\"siteorigin-widget-tinymce textwidget\">\n\t<p>Syst\u00e9m vizu\u00e1ln\u00ed projekce, pom\u00e1h\u00e1 obsluze k zakl\u00e1d\u00e1n\u00ed materi\u00e1lu, um\u00edst\u011bn\u00ed jednotliv\u00fdch \u0159ezan\u00fdch d\u00edl\u016f na k\u016f\u017ei a n\u00e1sledn\u00e9 odeb\u00edr\u00e1n\u00ed a t\u0159\u00edd\u011bn\u00ed vy\u0159ezan\u00fdch \u010d\u00e1st\u00ed.<\/p>\n<\/div>\n<\/div><\/div><\/div><\/div><div id=\"pg-534-4\"  class=\"panel-grid panel-no-style\" ><div id=\"pgc-534-4-0\"  class=\"panel-grid-cell\" ><div id=\"panel-534-4-0-0\" class=\"so-panel widget widget_sow-image panel-first-child panel-last-child\" data-index=\"9\" ><div\n\t\t\t\n\t\t\tclass=\"so-widget-sow-image so-widget-sow-image-default-8b5b6f678277-534\"\n\t\t\t\n\t\t>\n\n<div class=\"sow-image-container\">\n\t\t<img loading=\"lazy\" decoding=\"async\" src=\"https:\/\/www.neotec.cz\/zund\/wp-content\/uploads\/2016\/02\/l3_holddown2.png\" width=\"588\" height=\"392\" srcset=\"https:\/\/www.neotec.cz\/zund\/wp-content\/uploads\/2016\/02\/l3_holddown2.png 588w, https:\/\/www.neotec.cz\/zund\/wp-content\/uploads\/2016\/02\/l3_holddown2-300x200.png 300w, https:\/\/www.neotec.cz\/zund\/wp-content\/uploads\/2016\/02\/l3_holddown2-272x182.png 272w\" sizes=\"auto, (max-width: 588px) 100vw, 588px\" alt=\"fixace materi\u00e1lu L3\" \t\tclass=\"so-widget-image\"\/>\n\t<\/div>\n\n<\/div><\/div><\/div><div id=\"pgc-534-4-1\"  class=\"panel-grid-cell\" ><div id=\"panel-534-4-1-0\" class=\"so-panel widget widget_sow-editor panel-first-child panel-last-child\" data-index=\"10\" ><div\n\t\t\t\n\t\t\tclass=\"so-widget-sow-editor so-widget-sow-editor-base\"\n\t\t\t\n\t\t><h3 class=\"widget-title\">Fixace materi\u00e1lu a \u0159ezn\u00e1 plocha<\/h3>\n<div class=\"siteorigin-widget-tinymce textwidget\">\n\t<p>Pracovn\u00ed hlin\u00edkov\u00e1 deska katru L3 je rozd\u011blena na samostatn\u011b ovl\u00e1dan\u00e9 vakuov\u00e9 z\u00f3ny. Fixaci materi\u00e1lu zaji\u0161\u0165uje energeticky \u00fasporn\u00fd vakuov\u00fd gener\u00e1tor, kter\u00fd vytv\u00e1\u0159\u00ed optim\u00e1ln\u00ed p\u0159idr\u017een\u00ed materi\u00e1lu.<\/p>\n<\/div>\n<\/div><\/div><\/div><\/div><div id=\"pg-534-5\"  class=\"panel-grid panel-no-style\" ><div id=\"pgc-534-5-0\"  class=\"panel-grid-cell\" ><div id=\"panel-534-5-0-0\" class=\"so-panel widget widget_sow-image panel-first-child panel-last-child\" data-index=\"11\" ><div\n\t\t\t\n\t\t\tclass=\"so-widget-sow-image so-widget-sow-image-default-8b5b6f678277-534\"\n\t\t\t\n\t\t>\n\n<div class=\"sow-image-container\">\n\t\t<img loading=\"lazy\" decoding=\"async\" src=\"https:\/\/www.neotec.cz\/zund\/wp-content\/uploads\/2016\/02\/L3_modules3.png\" width=\"588\" height=\"392\" srcset=\"https:\/\/www.neotec.cz\/zund\/wp-content\/uploads\/2016\/02\/L3_modules3.png 588w, https:\/\/www.neotec.cz\/zund\/wp-content\/uploads\/2016\/02\/L3_modules3-300x200.png 300w, https:\/\/www.neotec.cz\/zund\/wp-content\/uploads\/2016\/02\/L3_modules3-272x182.png 272w\" sizes=\"auto, (max-width: 588px) 100vw, 588px\" alt=\"\" \t\tclass=\"so-widget-image\"\/>\n\t<\/div>\n\n<\/div><\/div><\/div><div id=\"pgc-534-5-1\"  class=\"panel-grid-cell\" ><div id=\"panel-534-5-1-0\" class=\"so-panel widget widget_sow-editor panel-first-child panel-last-child\" data-index=\"12\" ><div\n\t\t\t\n\t\t\tclass=\"so-widget-sow-editor so-widget-sow-editor-base\"\n\t\t\t\n\t\t><h3 class=\"widget-title\">Flexibiln\u00ed syst\u00e9m n\u00e1stroj\u016f<\/h3>\n<div class=\"siteorigin-widget-tinymce textwidget\">\n\t<p>Nadefinujte si funkce Va\u0161eho katru L3 tak, jak pot\u0159ebujete a kombinujte a\u017e sedm n\u00e1stroj\u016f pro r\u016fzn\u00e9 \u00fakony.<\/p>\n<\/div>\n<\/div><\/div><\/div><\/div><div id=\"pg-534-6\"  class=\"panel-grid panel-no-style\" ><div id=\"pgc-534-6-0\"  class=\"panel-grid-cell\" ><div id=\"panel-534-6-0-0\" class=\"so-panel widget widget_sow-image panel-first-child panel-last-child\" data-index=\"13\" ><div\n\t\t\t\n\t\t\tclass=\"so-widget-sow-image so-widget-sow-image-default-8b5b6f678277-534\"\n\t\t\t\n\t\t>\n\n<div class=\"sow-image-container\">\n\t\t<img loading=\"lazy\" decoding=\"async\" src=\"https:\/\/www.neotec.cz\/zund\/wp-content\/uploads\/2016\/02\/l3_workflow4.png\" width=\"588\" height=\"392\" srcset=\"https:\/\/www.neotec.cz\/zund\/wp-content\/uploads\/2016\/02\/l3_workflow4.png 588w, https:\/\/www.neotec.cz\/zund\/wp-content\/uploads\/2016\/02\/l3_workflow4-300x200.png 300w, https:\/\/www.neotec.cz\/zund\/wp-content\/uploads\/2016\/02\/l3_workflow4-272x182.png 272w\" sizes=\"auto, (max-width: 588px) 100vw, 588px\" title=\"L3\" alt=\"\" \t\tclass=\"so-widget-image\"\/>\n\t<\/div>\n\n<\/div><\/div><\/div><div id=\"pgc-534-6-1\"  class=\"panel-grid-cell\" ><div id=\"panel-534-6-1-0\" class=\"so-panel widget widget_sow-editor panel-first-child panel-last-child\" data-index=\"14\" ><div\n\t\t\t\n\t\t\tclass=\"so-widget-sow-editor so-widget-sow-editor-base\"\n\t\t\t\n\t\t><h3 class=\"widget-title\">P\u0159izp\u016fsobiteln\u00fd aktu\u00e1ln\u00edm v\u00fdrobn\u00edm proces\u016fm<\/h3>\n<div class=\"siteorigin-widget-tinymce textwidget\">\n\t<p>Nakl\u00e1d\u00e1n\u00ed a vykl\u00e1d\u00e1n\u00ed \u00a0materi\u00e1lu lze na \u0159ezac\u00edm katru L3 prov\u00e1d\u011bt sou\u010dasn\u011b. Zelen\u00e9 LED sv\u011btlo signalizuje, kter\u00e1 \u010d\u00e1st pracovn\u00ed desky je v dan\u00e9m okam\u017eiku p\u0159\u00edstupn\u00e1.<\/p>\n<\/div>\n<\/div><\/div><\/div><\/div><div id=\"pg-534-7\"  class=\"panel-grid panel-no-style\" ><div id=\"pgc-534-7-0\"  class=\"panel-grid-cell\" ><div id=\"panel-534-7-0-0\" class=\"so-panel widget widget_sow-image panel-first-child panel-last-child\" data-index=\"15\" ><div\n\t\t\t\n\t\t\tclass=\"so-widget-sow-image so-widget-sow-image-default-8b5b6f678277-534\"\n\t\t\t\n\t\t>\n\n<div class=\"sow-image-container\">\n\t\t<img loading=\"lazy\" decoding=\"async\" src=\"https:\/\/www.neotec.cz\/zund\/wp-content\/uploads\/2016\/02\/L3_ITI5.png\" width=\"588\" height=\"392\" srcset=\"https:\/\/www.neotec.cz\/zund\/wp-content\/uploads\/2016\/02\/L3_ITI5.png 588w, https:\/\/www.neotec.cz\/zund\/wp-content\/uploads\/2016\/02\/L3_ITI5-300x200.png 300w, https:\/\/www.neotec.cz\/zund\/wp-content\/uploads\/2016\/02\/L3_ITI5-272x182.png 272w\" sizes=\"auto, (max-width: 588px) 100vw, 588px\" alt=\"L3 ITI\" \t\tclass=\"so-widget-image\"\/>\n\t<\/div>\n\n<\/div><\/div><\/div><div id=\"pgc-534-7-1\"  class=\"panel-grid-cell\" ><div id=\"panel-534-7-1-0\" class=\"so-panel widget widget_sow-editor panel-first-child panel-last-child\" data-index=\"16\" ><div\n\t\t\t\n\t\t\tclass=\"so-widget-sow-editor so-widget-sow-editor-base\"\n\t\t\t\n\t\t><h3 class=\"widget-title\">Integrovan\u00e1 automatick\u00e1 inicializace n\u00e1stroje<\/h3>\n<div class=\"siteorigin-widget-tinymce textwidget\">\n\t<p>Automatick\u00fd proces inicializace se pou\u017e\u00edv\u00e1 pro nastaven\u00ed n\u00e1stroje. N\u016f\u017e n\u00e1stroje je se\u0159\u00edzen do spr\u00e1vn\u00e9 hloubky rychle, p\u0159esn\u011b a efektivn\u011b.<\/p>\n<\/div>\n<\/div><\/div><\/div><\/div><div id=\"pg-534-8\"  class=\"panel-grid panel-no-style\" ><div id=\"pgc-534-8-0\"  class=\"panel-grid-cell\" ><div id=\"panel-534-8-0-0\" class=\"so-panel widget widget_sow-image panel-first-child panel-last-child\" data-index=\"17\" ><div\n\t\t\t\n\t\t\tclass=\"so-widget-sow-image so-widget-sow-image-default-8b5b6f678277-534\"\n\t\t\t\n\t\t>\n\n<div class=\"sow-image-container\">\n\t\t<img loading=\"lazy\" decoding=\"async\" src=\"https:\/\/www.neotec.cz\/zund\/wp-content\/uploads\/2016\/02\/l3_ergo6.png\" width=\"588\" height=\"392\" srcset=\"https:\/\/www.neotec.cz\/zund\/wp-content\/uploads\/2016\/02\/l3_ergo6.png 588w, https:\/\/www.neotec.cz\/zund\/wp-content\/uploads\/2016\/02\/l3_ergo6-300x200.png 300w, https:\/\/www.neotec.cz\/zund\/wp-content\/uploads\/2016\/02\/l3_ergo6-272x182.png 272w\" sizes=\"auto, (max-width: 588px) 100vw, 588px\" alt=\"\" \t\tclass=\"so-widget-image\"\/>\n\t<\/div>\n\n<\/div><\/div><\/div><div id=\"pgc-534-8-1\"  class=\"panel-grid-cell\" ><div id=\"panel-534-8-1-0\" class=\"so-panel widget widget_sow-editor panel-first-child panel-last-child\" data-index=\"18\" ><div\n\t\t\t\n\t\t\tclass=\"so-widget-sow-editor so-widget-sow-editor-base\"\n\t\t\t\n\t\t><h3 class=\"widget-title\">Ergonomie<\/h3>\n<div class=\"siteorigin-widget-tinymce textwidget\">\n\t<p>\u0160ikmo ulo\u017een\u00e1 pracovn\u00ed plocha usnad\u0148uje nakl\u00e1d\u00e1n\u00ed a vykl\u00e1d\u00e1n\u00ed materi\u00e1lu. Pro optim\u00e1ln\u00ed p\u0159\u00edstupnost lze ovl\u00e1dac\u00ed panel posunout podle pot\u0159eby.<\/p>\n<\/div>\n<\/div><\/div><\/div><\/div><div id=\"pg-534-9\"  class=\"panel-grid panel-no-style\" ><div id=\"pgc-534-9-0\"  class=\"panel-grid-cell\" ><div id=\"panel-534-9-0-0\" class=\"so-panel widget widget_sow-image panel-first-child panel-last-child\" data-index=\"19\" ><div\n\t\t\t\n\t\t\tclass=\"so-widget-sow-image so-widget-sow-image-default-8b5b6f678277-534\"\n\t\t\t\n\t\t>\n\n<div class=\"sow-image-container\">\n\t\t<img loading=\"lazy\" decoding=\"async\" src=\"https:\/\/www.neotec.cz\/zund\/wp-content\/uploads\/2016\/02\/l3-motor7.png\" width=\"588\" height=\"392\" srcset=\"https:\/\/www.neotec.cz\/zund\/wp-content\/uploads\/2016\/02\/l3-motor7.png 588w, https:\/\/www.neotec.cz\/zund\/wp-content\/uploads\/2016\/02\/l3-motor7-300x200.png 300w, https:\/\/www.neotec.cz\/zund\/wp-content\/uploads\/2016\/02\/l3-motor7-272x182.png 272w\" sizes=\"auto, (max-width: 588px) 100vw, 588px\" alt=\"L3 motor\" \t\tclass=\"so-widget-image\"\/>\n\t<\/div>\n\n<\/div><\/div><\/div><div id=\"pgc-534-9-1\"  class=\"panel-grid-cell\" ><div id=\"panel-534-9-1-0\" class=\"so-panel widget widget_sow-editor panel-first-child panel-last-child\" data-index=\"20\" ><div\n\t\t\t\n\t\t\tclass=\"so-widget-sow-editor so-widget-sow-editor-base\"\n\t\t\t\n\t\t><h3 class=\"widget-title\">Rychlost<\/h3>\n<div class=\"siteorigin-widget-tinymce textwidget\">\n\t<p>Vysok\u00e1 produktivita \u0159ezac\u00edch plotr\u016f L3 vych\u00e1z\u00ed z pou\u017eit\u00ed inteligentn\u00edch \u0159\u00edd\u00edc\u00edch mechanism\u016f, kvalitn\u00edch a robustn\u00edch syst\u00e9mov\u00fdch komponent\u016f.<\/p>\n<\/div>\n<\/div><\/div><\/div><\/div><div id=\"pg-534-10\"  class=\"panel-grid panel-no-style\" ><div id=\"pgc-534-10-0\"  class=\"panel-grid-cell\" ><div id=\"panel-534-10-0-0\" class=\"so-panel widget widget_sow-editor panel-first-child panel-last-child\" data-index=\"21\" ><div\n\t\t\t\n\t\t\tclass=\"so-widget-sow-editor so-widget-sow-editor-base\"\n\t\t\t\n\t\t><h3 class=\"widget-title\">Ke sta\u017een\u00ed<\/h3>\n<div class=\"siteorigin-widget-tinymce textwidget\">\n\t<p><a href=\"http:\/\/www.neotec.cz\/zund\/wp-content\/uploads\/2016\/02\/L3TechnicalOverview_CZ.pdf\" target=\"_blank\" rel=\"\">L3 Sezn\u00e1men\u00ed (CZ)<\/a><a href=\"http:\/\/www.neotec.cz\/zund\/wp-content\/uploads\/2016\/02\/L3TechnicalOverview_CZ.pdf\" target=\"_blank\"><img loading=\"lazy\" decoding=\"async\" class=\"alignleft wp-image-1108 size-full\" src=\"http:\/\/www.neotec.cz\/zund\/wp-content\/uploads\/2016\/02\/picPDF.png\" alt=\"picPDF\" width=\"32\" height=\"32\" \/><\/a><\/p>\n<p>&nbsp;<\/p>\n<p><a href=\"http:\/\/www.neotec.cz\/zund\/wp-content\/uploads\/2016\/02\/L3TechnicalData_CZ.pdf\" target=\"_blank\" rel=\"\">L3 Technick\u00fd list (CZ)<\/a><a href=\"http:\/\/www.neotec.cz\/zund\/wp-content\/uploads\/2016\/02\/L3TechnicalData_CZ.pdf\" target=\"_blank\"><img loading=\"lazy\" decoding=\"async\" class=\"alignleft wp-image-1108 size-full\" src=\"http:\/\/www.neotec.cz\/zund\/wp-content\/uploads\/2016\/02\/picPDF.png\" alt=\"picPDF\" width=\"32\" height=\"32\" \/><\/a><\/p>\n<\/div>\n<\/div><\/div><\/div><\/div><\/div>","protected":false},"excerpt":{"rendered":"<p>\u0158ezac\u00ed plotr L3 &#8211; efektivn\u00ed a produktivn\u00ed<\/p>\n","protected":false},"author":2,"featured_media":0,"parent":0,"menu_order":0,"comment_status":"closed","ping_status":"closed","template":"templates\/template-full-notitle.php","meta":{"footnotes":""},"class_list":["post-534","page","type-page","status-publish","hentry","post"],"_links":{"self":[{"href":"https:\/\/www.neotec.cz\/zund\/wp-json\/wp\/v2\/pages\/534","targetHints":{"allow":["GET"]}}],"collection":[{"href":"https:\/\/www.neotec.cz\/zund\/wp-json\/wp\/v2\/pages"}],"about":[{"href":"https:\/\/www.neotec.cz\/zund\/wp-json\/wp\/v2\/types\/page"}],"author":[{"embeddable":true,"href":"https:\/\/www.neotec.cz\/zund\/wp-json\/wp\/v2\/users\/2"}],"replies":[{"embeddable":true,"href":"https:\/\/www.neotec.cz\/zund\/wp-json\/wp\/v2\/comments?post=534"}],"version-history":[{"count":20,"href":"https:\/\/www.neotec.cz\/zund\/wp-json\/wp\/v2\/pages\/534\/revisions"}],"predecessor-version":[{"id":2139,"href":"https:\/\/www.neotec.cz\/zund\/wp-json\/wp\/v2\/pages\/534\/revisions\/2139"}],"wp:attachment":[{"href":"https:\/\/www.neotec.cz\/zund\/wp-json\/wp\/v2\/media?parent=534"}],"curies":[{"name":"wp","href":"https:\/\/api.w.org\/{rel}","templated":true}]}}