{"id":575,"date":"2016-02-22T14:49:33","date_gmt":"2016-02-22T13:49:33","guid":{"rendered":"http:\/\/www.neotec.cz\/zundnew\/?page_id=575"},"modified":"2021-05-12T09:20:01","modified_gmt":"2021-05-12T08:20:01","slug":"l3um","status":"publish","type":"page","link":"https:\/\/www.neotec.cz\/zund\/l3um\/","title":{"rendered":"L3 &#8211; Univerz\u00e1ln\u00ed modul"},"content":{"rendered":"<div id=\"pl-575\"  class=\"panel-layout\" ><div id=\"pg-575-0\"  class=\"panel-grid panel-no-style\" ><div id=\"pgc-575-0-0\"  class=\"panel-grid-cell\" ><div id=\"panel-575-0-0-0\" class=\"so-panel widget widget_sow-editor panel-first-child panel-last-child\" data-index=\"0\" ><div\n\t\t\t\n\t\t\tclass=\"so-widget-sow-editor so-widget-sow-editor-base\"\n\t\t\t\n\t\t>\n<div class=\"siteorigin-widget-tinymce textwidget\">\n\t<h1><strong>\u0158ezac\u00ed plotr L3 -\u00a0moduly a n\u00e1stroje<\/strong><\/h1>\n<\/div>\n<\/div><\/div><\/div><\/div><div id=\"pg-575-1\"  class=\"panel-grid panel-no-style\" ><div id=\"pgc-575-1-0\"  class=\"panel-grid-cell\" ><div id=\"panel-575-1-0-0\" class=\"so-panel widget widget_circleicon-widget panel-first-child panel-last-child\" data-index=\"1\" ><div class=\"panel-widget-style panel-widget-style-for-575-1-0-0\" >\t\t<div class=\"circle-icon-box circle-icon-position-top circle-icon-hide-box circle-icon-size-large \">\n\t\t\t\t\t\t\t<div class=\"circle-icon-wrapper\">\n\t\t\t\t\t\t\t\t\t\t<a href=\"http:\/\/www.neotec.cz\/zund\/l3seznam\/\" class=\"link-icon\" >\t\t\t\t\t<div class=\"circle-icon icon-style-set\" style=\"background-image: url(http:\/\/www.neotec.cz\/zund\/wp-content\/uploads\/2016\/02\/ic-l3.png);background-color: #eeeeee\">\n\t\t\t\t\t\t\t\t\t\t\t<\/div>\n\t\t\t\t\t<\/a>\t\t\t\t<\/div>\n\t\t\t\n\t\t\t\t\t\t\t<a href=\"http:\/\/www.neotec.cz\/zund\/l3seznam\/\" class=\"link-title\" >\n\t\t\t\t\t\t\t\t\t\t\t\t\t<\/a>\n\t\t\t\n\t\t\t\t\t\t\t\t\t\t<a\n\t\t\t\t\thref=\"http:\/\/www.neotec.cz\/zund\/l3seznam\/\"\n\t\t\t\t\tclass=\"more-button\"\n\t\t\t\t\t\t\t\t\t\t\t\t\t\t>\n\t\t\t\t\tL3 sezn\u00e1men\u00ed <i><\/i>\n\t\t\t\t<\/a>\n\t\t\t\t\t<\/div>\n\t\t<\/div><\/div><\/div><div id=\"pgc-575-1-1\"  class=\"panel-grid-cell\" ><div id=\"panel-575-1-1-0\" class=\"so-panel widget widget_circleicon-widget panel-first-child panel-last-child\" data-index=\"2\" >\t\t<div class=\"circle-icon-box circle-icon-position-top circle-icon-hide-box circle-icon-size-large \">\n\t\t\t\t\t\t\t<div class=\"circle-icon-wrapper\">\n\t\t\t\t\t\t\t\t\t\t<a href=\"http:\/\/www.neotec.cz\/zund\/L3det\/\" class=\"link-icon\" >\t\t\t\t\t<div class=\"circle-icon icon-style-set\" style=\"background-image: url(http:\/\/www.neotec.cz\/zund\/wp-content\/uploads\/2016\/02\/ic-l3det.png);background-color: #eeeeee\">\n\t\t\t\t\t\t\t\t\t\t\t<\/div>\n\t\t\t\t\t<\/a>\t\t\t\t<\/div>\n\t\t\t\n\t\t\t\t\t\t\t<a href=\"http:\/\/www.neotec.cz\/zund\/L3det\/\" class=\"link-title\" >\n\t\t\t\t\t\t\t\t\t\t\t\t\t<\/a>\n\t\t\t\n\t\t\t\t\t\t\t\t\t\t<a\n\t\t\t\t\thref=\"http:\/\/www.neotec.cz\/zund\/L3det\/\"\n\t\t\t\t\tclass=\"more-button\"\n\t\t\t\t\t\t\t\t\t\t\t\t\t\t>\n\t\t\t\t\tL3 detailn\u011b <i><\/i>\n\t\t\t\t<\/a>\n\t\t\t\t\t<\/div>\n\t\t<\/div><\/div><div id=\"pgc-575-1-2\"  class=\"panel-grid-cell\" ><div id=\"panel-575-1-2-0\" class=\"so-panel widget widget_circleicon-widget panel-first-child panel-last-child\" data-index=\"3\" >\t\t<div class=\"circle-icon-box circle-icon-position-top circle-icon-hide-box circle-icon-size-large \">\n\t\t\t\t\t\t\t<div class=\"circle-icon-wrapper\">\n\t\t\t\t\t\t\t\t\t\t<div class=\"circle-icon icon-style-set\" style=\"background-image: url(http:\/\/www.neotec.cz\/zund\/wp-content\/uploads\/2016\/02\/ic-modtool.png);background-color: #888888\">\n\t\t\t\t\t\t\t\t\t\t\t<\/div>\n\t\t\t\t\t\t\t\t\t<\/div>\n\t\t\t\n\t\t\t\t\t\t\t\t\t\n\t\t\t\t\t\t\t\t\t\t<a\n\t\t\t\t\thref=\"http:\/\/www.neotec.cz\/zund\/l3mod\/\"\n\t\t\t\t\tclass=\"more-button\"\n\t\t\t\t\t\t\t\t\t\t\t\t\t\t>\n\t\t\t\t\tL3 moduly a n\u00e1stroje <i><\/i>\n\t\t\t\t<\/a>\n\t\t\t\t\t<\/div>\n\t\t<\/div><\/div><div id=\"pgc-575-1-3\"  class=\"panel-grid-cell\" ><div id=\"panel-575-1-3-0\" class=\"so-panel widget widget_circleicon-widget panel-first-child panel-last-child\" data-index=\"4\" >\t\t<div class=\"circle-icon-box circle-icon-position-top circle-icon-hide-box circle-icon-size-large \">\n\t\t\t\t\t\t\t<div class=\"circle-icon-wrapper\">\n\t\t\t\t\t\t\t\t\t\t<a href=\"http:\/\/www.neotec.cz\/zund\/l3velikostistolu\/\" class=\"link-icon\" >\t\t\t\t\t<div class=\"circle-icon icon-style-set\" style=\"background-image: url(http:\/\/www.neotec.cz\/zund\/wp-content\/uploads\/2016\/02\/ic-l3size.png);background-color: #eeeeee\">\n\t\t\t\t\t\t\t\t\t\t\t<\/div>\n\t\t\t\t\t<\/a>\t\t\t\t<\/div>\n\t\t\t\n\t\t\t\t\t\t\t<a href=\"http:\/\/www.neotec.cz\/zund\/l3velikostistolu\/\" class=\"link-title\" >\n\t\t\t\t\t\t\t\t\t\t\t\t\t<\/a>\n\t\t\t\n\t\t\t\t\t\t\t\t\t\t<a\n\t\t\t\t\thref=\"http:\/\/www.neotec.cz\/zund\/l3velikostistolu\/\"\n\t\t\t\t\tclass=\"more-button\"\n\t\t\t\t\t\t\t\t\t\t\t\t\t\t>\n\t\t\t\t\tL3 velikosti stol\u016f <i><\/i>\n\t\t\t\t<\/a>\n\t\t\t\t\t<\/div>\n\t\t<\/div><\/div><div id=\"pgc-575-1-4\"  class=\"panel-grid-cell\" ><div id=\"panel-575-1-4-0\" class=\"so-panel widget widget_circleicon-widget panel-first-child panel-last-child\" data-index=\"5\" >\t\t<div class=\"circle-icon-box circle-icon-position-top circle-icon-hide-box circle-icon-size-large \">\n\t\t\t\t\t\t\t<div class=\"circle-icon-wrapper\">\n\t\t\t\t\t\t\t\t\t\t<a href=\"http:\/\/www.neotec.cz\/zund\/l3-videa\/\" class=\"link-icon\" >\t\t\t\t\t<div class=\"circle-icon icon-style-set\" style=\"background-image: url(http:\/\/www.neotec.cz\/zund\/wp-content\/uploads\/2016\/02\/ic_l3video.png);background-color: #eeeeee\">\n\t\t\t\t\t\t\t\t\t\t\t<\/div>\n\t\t\t\t\t<\/a>\t\t\t\t<\/div>\n\t\t\t\n\t\t\t\t\t\t\t<a href=\"http:\/\/www.neotec.cz\/zund\/l3-videa\/\" class=\"link-title\" >\n\t\t\t\t\t\t\t\t\t\t\t\t\t<\/a>\n\t\t\t\n\t\t\t\t\t\t\t\t\t\t<a\n\t\t\t\t\thref=\"http:\/\/www.neotec.cz\/zund\/l3-videa\/\"\n\t\t\t\t\tclass=\"more-button\"\n\t\t\t\t\t\t\t\t\t\t\t\t\t\t>\n\t\t\t\t\tL3 videa <i><\/i>\n\t\t\t\t<\/a>\n\t\t\t\t\t<\/div>\n\t\t<\/div><\/div><\/div><div id=\"pg-575-2\"  class=\"panel-grid panel-no-style\" ><div id=\"pgc-575-2-0\"  class=\"panel-grid-cell\" ><div id=\"panel-575-2-0-0\" class=\"so-panel widget widget_sow-editor panel-first-child panel-last-child\" data-index=\"6\" ><div\n\t\t\t\n\t\t\tclass=\"so-widget-sow-editor so-widget-sow-editor-base\"\n\t\t\t\n\t\t><h3 class=\"widget-title\">UM-S - univerz\u00e1ln\u00ed modul L3<\/h3>\n<div class=\"siteorigin-widget-tinymce textwidget\">\n\t<\/div>\n<\/div><\/div><\/div><\/div><div id=\"pg-575-3\"  class=\"panel-grid panel-no-style\" ><div id=\"pgc-575-3-0\"  class=\"panel-grid-cell\" ><div id=\"panel-575-3-0-0\" class=\"so-panel widget widget_sow-image panel-first-child panel-last-child\" data-index=\"7\" ><div\n\t\t\t\n\t\t\tclass=\"so-widget-sow-image so-widget-sow-image-default-8b5b6f678277-575\"\n\t\t\t\n\t\t>\n\n<div class=\"sow-image-container\">\n\t\t<img loading=\"lazy\" decoding=\"async\" src=\"https:\/\/www.neotec.cz\/zund\/wp-content\/uploads\/2016\/02\/um.png\" width=\"351\" height=\"462\" srcset=\"https:\/\/www.neotec.cz\/zund\/wp-content\/uploads\/2016\/02\/um.png 351w, https:\/\/www.neotec.cz\/zund\/wp-content\/uploads\/2016\/02\/um-228x300.png 228w\" sizes=\"auto, (max-width: 351px) 100vw, 351px\" title=\"UM - Univerz\u00e1ln\u00ed modul\" alt=\"Univerz\u00e1ln\u00ed modul\" \t\tclass=\"so-widget-image\"\/>\n\t<\/div>\n\n<\/div><\/div><\/div><div id=\"pgc-575-3-1\"  class=\"panel-grid-cell\" ><div id=\"panel-575-3-1-0\" class=\"so-panel widget widget_sow-editor panel-first-child panel-last-child\" data-index=\"8\" ><div\n\t\t\t\n\t\t\tclass=\"so-widget-sow-editor so-widget-sow-editor-base\"\n\t\t\t\n\t\t>\n<div class=\"siteorigin-widget-tinymce textwidget\">\n\t<div>\n<p>Z\u00e1kladem je univerz\u00e1ln\u00ed n\u00e1strojov\u00fd modul, do kter\u00e9ho lze upnout \u0161irokou paletu n\u00e1stroj\u016f pro mnoho r\u016fzn\u00fdch funkc\u00ed. Vysok\u00e1 rychlost, stabilita a osv\u011bd\u010den\u00e1 technika charakterizuj\u00ed univerz\u00e1ln\u00ed modul pro \u0159adu plotr\u016f L3. Univerz\u00e1ln\u00ed modul umo\u017e\u0148uje snadn\u00e9 a efektivn\u00ed p\u0159izp\u016fsoben\u00ed \u0159ezac\u00edho syst\u00e9mu Z\u00fcnd Va\u0161im aktu\u00e1ln\u00ed po\u017eadavk\u016fm.\u00a0 P\u0159echod od jedn\u00e9 aplikace do druh\u00e9 se d\u011bje v n\u011bkolika jednoduch\u00fdch kroc\u00edch.<\/p>\n<p>Bajonetov\u00fd z\u00e1mek umo\u017e\u0148uje rychlou v\u00fdm\u011bnu n\u00e1stroje. Modul umo\u017e\u0148uje pracovat ve 2 re\u017eimech, bu\u010f v re\u017eimu absolutn\u00ed polohy nebo v tlakov\u00e9m re\u017eimu.<\/p>\n<p><strong>Hlavn\u00ed p\u0159ednosti<\/strong><\/p>\n<\/div>\n<div>\n<div>\n<ul>\n<li>Rychl\u00e1 v\u00fdm\u011bna n\u00e1stroj\u016f<\/li>\n<li>Rozpozn\u00e1n\u00ed n\u00e1stroje<\/li>\n<li>Dva pracovn\u00ed re\u017eimy osy Z: re\u017eim tlaku, re\u017eim pozice<\/li>\n<\/ul>\n<\/div>\n<div>\n<p><strong>Varianty modulu<\/strong><\/p>\n<ul>\n<li><strong>UM-S<\/strong><br \/>Vysokorychlostn\u00ed osa Z<\/li>\n<\/ul>\n<\/div>\n<\/div>\n<\/div>\n<\/div><\/div><\/div><\/div><div id=\"pg-575-4\"  class=\"panel-grid panel-no-style\" ><div id=\"pgc-575-4-0\"  class=\"panel-grid-cell\" ><div id=\"panel-575-4-0-0\" class=\"so-panel widget widget_sow-editor panel-first-child panel-last-child\" data-index=\"9\" ><div\n\t\t\t\n\t\t\tclass=\"so-widget-sow-editor so-widget-sow-editor-base\"\n\t\t\t\n\t\t><h3 class=\"widget-title\">N\u00e1stroje pro univerz\u00e1ln\u00ed modul:<\/h3>\n<div class=\"siteorigin-widget-tinymce textwidget\">\n\t<\/div>\n<\/div><\/div><\/div><\/div><div id=\"pg-575-5\"  class=\"panel-grid panel-no-style\" ><div id=\"pgc-575-5-0\"  class=\"panel-grid-cell\" ><div id=\"panel-575-5-0-0\" class=\"so-panel widget widget_sow-editor panel-first-child panel-last-child\" data-index=\"10\" ><div\n\t\t\t\n\t\t\tclass=\"so-widget-sow-editor so-widget-sow-editor-base\"\n\t\t\t\n\t\t>\n<div class=\"siteorigin-widget-tinymce textwidget\">\n\t<h5 style=\"text-align: center;\"><strong>Univerz\u00e1ln\u00ed \u0159ezac\u00ed n\u00e1stroj (UCT)<\/strong><\/h5>\n<p><a href=\"https:\/\/www.neotec.cz\/zund\/wp-content\/uploads\/2016\/03\/UniversalCuttingTool_UCT_CZ.pdf\"><img loading=\"lazy\" decoding=\"async\" class=\"aligncenter wp-image-327 size-full\" src=\"https:\/\/www.neotec.cz\/zund\/wp-content\/uploads\/2016\/02\/uct_1.png\" alt=\"UCT\" width=\"250\" height=\"290\" \/><\/a><\/p>\n<p style=\"text-align: center;\">Ta\u017een\u00fd n\u016f\u017e vhodn\u00fd k \u0159ez\u00e1n\u00ed \u0161irok\u00e9ho spektra materi\u00e1l\u016f s tlou\u0161\u0165kou 3-5 mm.<\/p>\n<\/div>\n<\/div><\/div><\/div><div id=\"pgc-575-5-1\"  class=\"panel-grid-cell\" ><div id=\"panel-575-5-1-0\" class=\"so-panel widget widget_sow-editor panel-first-child panel-last-child\" data-index=\"11\" ><div\n\t\t\t\n\t\t\tclass=\"so-widget-sow-editor so-widget-sow-editor-base\"\n\t\t\t\n\t\t>\n<div class=\"siteorigin-widget-tinymce textwidget\">\n\t<h5 style=\"text-align: center;\"><strong>Elektrick\u00fd oscila\u010dn\u00ed n\u00e1stroj (EOT)<\/strong><\/h5>\n<p><a href=\"https:\/\/www.neotec.cz\/zund\/wp-content\/uploads\/2016\/03\/ElectricOscillatingTool_EOT_CZ.pdf\"><img loading=\"lazy\" decoding=\"async\" class=\"aligncenter wp-image-319 size-full\" src=\"https:\/\/www.neotec.cz\/zund\/wp-content\/uploads\/2016\/02\/eot.png\" alt=\"EOT-3\" width=\"250\" height=\"290\" \/><\/a><\/p>\n<p style=\"text-align: center;\">N\u00e1stroj je vhodn\u00fd pro \u0159ez\u00e1n\u00ed m\u011bkk\u00fdch a st\u0159edn\u011b tvrd\u00fdch materi\u00e1l\u016f a\u017e do tlou\u0161\u0165ky 28 mm (p\u011bnov\u00e9 materi\u00e1ly, vlnit\u00e1 lepenka, k\u016f\u017ee, plst,...). K dispozici jsou dv\u011b verze se zdvihem 0,5 mm (do tlou\u0161tky 3 mm) nebo 1 mm.<\/p>\n<\/div>\n<\/div><\/div><\/div><div id=\"pgc-575-5-2\"  class=\"panel-grid-cell\" ><div id=\"panel-575-5-2-0\" class=\"so-panel widget widget_sow-editor panel-first-child panel-last-child\" data-index=\"12\" ><div\n\t\t\t\n\t\t\tclass=\"so-widget-sow-editor so-widget-sow-editor-base\"\n\t\t\t\n\t\t>\n<div class=\"siteorigin-widget-tinymce textwidget\">\n\t<h5 style=\"text-align: center;\"><strong>Elektrick\u00fd oscila\u010dn\u00ed n\u00e1stroj (EOT-250)<\/strong><\/h5>\n<div id=\"attachment_320\" style=\"width: 260px\" class=\"wp-caption aligncenter\"><a href=\"https:\/\/www.neotec.cz\/zund\/wp-content\/uploads\/2016\/03\/ElectricOscillatingTool_EOT-250_CZ.pdf\"><img aria-describedby=\"caption-attachment-320\" loading=\"lazy\" decoding=\"async\" class=\"wp-image-320 size-full\" src=\"https:\/\/www.neotec.cz\/zund\/wp-content\/uploads\/2016\/02\/eot-250-1.png\" alt=\"EOT-250\" width=\"250\" height=\"290\" \/><\/a><p id=\"caption-attachment-320\" class=\"wp-caption-text\"><b>EOT-250<\/b><\/p><\/div>\n<p style=\"text-align: center;\">V\u00fdkonn\u00fd oscila\u010dn\u00ed n\u00e1stroj je vhodn\u00fd pro \u0159ez\u00e1n\u00ed sandvi\u010dov\u00fdch desek\/vo\u0161tinov\u00fdch materi\u00e1l\u016f, siln\u00fdch karton\u016f a tvrd\u00e9 k\u016f\u017ee. Zdvih no\u017ee 2,5 mm.<\/p>\n<\/div>\n<\/div><\/div><\/div><div id=\"pgc-575-5-3\"  class=\"panel-grid-cell\" ><div id=\"panel-575-5-3-0\" class=\"so-panel widget widget_sow-editor panel-first-child panel-last-child\" data-index=\"13\" ><div\n\t\t\t\n\t\t\tclass=\"so-widget-sow-editor so-widget-sow-editor-base\"\n\t\t\t\n\t\t>\n<div class=\"siteorigin-widget-tinymce textwidget\">\n\t<h5 style=\"text-align: center;\"><strong>Pneumatick\u00fd oscila\u010dn\u00ed n\u00e1stroj (POT)<\/strong><\/h5>\n<p><a href=\"https:\/\/www.neotec.cz\/zund\/wp-content\/uploads\/2016\/03\/PneumaticOscillatingTool_POT_CZ.pdf\"><img loading=\"lazy\" decoding=\"async\" class=\"aligncenter wp-image-322 size-full\" src=\"https:\/\/www.neotec.cz\/zund\/wp-content\/uploads\/2016\/02\/pot.png\" alt=\"POT40va\" width=\"250\" height=\"290\" \/><\/a><\/p>\n<p style=\"text-align: center;\">Vzduchem hnan\u00fd oscila\u010dn\u00ed n\u00e1stroj vhodn\u00fd pro \u0159ez\u00e1n\u00ed hutn\u00fdch a tvrd\u0161\u00edch materi\u00e1l\u016f (sendvi\u010dov\u00e9 desky, p\u011bnov\u00e9 materi\u00e1ly, vlnit\u00e9 lepenky, guma, ...).\u00a0 Zdvih 8 mm umo\u017e\u0148uje \u0159ez\u00e1n\u00ed materi\u00e1l\u016f a do tlou\u0161\u0165ky 50 mm.<\/p>\n<\/div>\n<\/div><\/div><\/div><\/div><div id=\"pg-575-6\"  class=\"panel-grid panel-no-style\" ><div id=\"pgc-575-6-0\"  class=\"panel-grid-cell\" ><div id=\"panel-575-6-0-0\" class=\"so-panel widget widget_sow-editor panel-first-child panel-last-child\" data-index=\"14\" ><div\n\t\t\t\n\t\t\tclass=\"so-widget-sow-editor so-widget-sow-editor-base\"\n\t\t\t\n\t\t>\n<div class=\"siteorigin-widget-tinymce textwidget\">\n\t<h5 style=\"text-align: center;\"><strong>\u0158ezac\u00ed n\u00e1stroj s rotuj\u00edc\u00edm kole\u010dkem (DRT)<\/strong><\/h5>\n<p><a href=\"https:\/\/www.neotec.cz\/zund\/wp-content\/uploads\/2016\/03\/DrivenRotaryTool_DRT_CZ.pdf\"><img loading=\"lazy\" decoding=\"async\" class=\"aligncenter wp-image-318 size-full\" src=\"https:\/\/www.neotec.cz\/zund\/wp-content\/uploads\/2016\/02\/drt.png\" alt=\"DRT\" width=\"250\" height=\"290\" \/><\/a><\/p>\n<p style=\"text-align: center;\">N\u00e1stroj vhodn\u00fd p\u0159edev\u0161\u00edm pro textiln\u00ed materi\u00e1ly s elektricky poh\u00e1n\u011bn\u00fdm rotuj\u00edc\u00edm \u0159ezac\u00edm kole\u010dkem.<\/p>\n<\/div>\n<\/div><\/div><\/div><div id=\"pgc-575-6-1\"  class=\"panel-grid-cell\" ><div id=\"panel-575-6-1-0\" class=\"so-panel widget widget_sow-editor panel-first-child panel-last-child\" data-index=\"15\" ><div\n\t\t\t\n\t\t\tclass=\"so-widget-sow-editor so-widget-sow-editor-base\"\n\t\t\t\n\t\t>\n<div class=\"siteorigin-widget-tinymce textwidget\">\n\t<h5 style=\"text-align: center;\"><strong>Univerz\u00e1ln\u00ed kresl\u00edc\u00ed n\u00e1stroj (UDT)<\/strong><\/h5>\n<p><a href=\"https:\/\/www.neotec.cz\/zund\/wp-content\/uploads\/2016\/03\/UniversalDrawingTool_UDT_CZ.pdf\"><img loading=\"lazy\" decoding=\"async\" class=\"aligncenter wp-image-328 size-full\" src=\"https:\/\/www.neotec.cz\/zund\/wp-content\/uploads\/2016\/02\/udt.png\" alt=\"UDT\" width=\"250\" height=\"290\" \/><\/a><\/p>\n<p style=\"text-align: center;\">N\u00e1stroj vhodn\u00fd pro jednoduch\u00e9 popisy a vykreslov\u00e1n\u00ed.<\/p>\n<\/div>\n<\/div><\/div><\/div><div id=\"pgc-575-6-2\"  class=\"panel-grid-cell panel-grid-cell-mobile-last\" ><div id=\"panel-575-6-2-0\" class=\"so-panel widget widget_sow-editor panel-first-child panel-last-child\" data-index=\"16\" ><div\n\t\t\t\n\t\t\tclass=\"so-widget-sow-editor so-widget-sow-editor-base\"\n\t\t\t\n\t\t>\n<div class=\"siteorigin-widget-tinymce textwidget\">\n\t<h5 style=\"text-align: center;\"><strong>Univerz\u00e1ln\u00ed fr\u00e9zovac\u00ed n\u00e1stroj (URT)<\/strong><\/h5>\n<p><img loading=\"lazy\" decoding=\"async\" class=\"aligncenter wp-image-329 size-full\" src=\"https:\/\/www.neotec.cz\/zund\/wp-content\/uploads\/2016\/02\/urt.png\" alt=\"URT\" width=\"250\" height=\"290\" \/><\/p>\n<p style=\"text-align: center;\">300 W fr\u00e9zka pracuj\u00edc\u00ed a\u017e s 80000 ot\/min. V kombinaci s origin\u00e1ln\u00edmi 3 mm fr\u00e9zami Z\u00fcnd umo\u017e\u0148uje obr\u00e1b\u011bt \u0161irok\u00e9 spektrum materi\u00e1l\u016f.<\/p>\n<\/div>\n<\/div><\/div><\/div><div id=\"pgc-575-6-3\"  class=\"panel-grid-cell panel-grid-cell-empty\" ><\/div><\/div><div id=\"pg-575-7\"  class=\"panel-grid panel-no-style\" ><div id=\"pgc-575-7-0\"  class=\"panel-grid-cell\" ><div id=\"panel-575-7-0-0\" class=\"so-panel widget widget_sow-editor panel-first-child panel-last-child\" data-index=\"17\" ><div\n\t\t\t\n\t\t\tclass=\"so-widget-sow-editor so-widget-sow-editor-base\"\n\t\t\t\n\t\t><h3 class=\"widget-title\">Ke sta\u017een\u00ed<\/h3>\n<div class=\"siteorigin-widget-tinymce textwidget\">\n\t<p><a href=\"http:\/\/www.neotec.cz\/zund\/wp-content\/uploads\/2016\/02\/Modules_Tools_CZ.pdf\" target=\"_blank\" rel=\"\">Moduly, n\u00e1stroje a jejich pou\u017eit\u00ed (CZ)<\/a><a href=\"http:\/\/www.neotec.cz\/zund\/wp-content\/uploads\/2016\/02\/Modules_Tools_CZ.pdf\" target=\"_blank\"><img loading=\"lazy\" decoding=\"async\" class=\"alignleft wp-image-1108 size-full\" src=\"http:\/\/www.neotec.cz\/zund\/wp-content\/uploads\/2016\/02\/picPDF.png\" alt=\"picPDF\" width=\"32\" height=\"32\" \/><\/a><br \/>\n&nbsp;<\/p>\n<p><a href=\"http:\/\/www.neotec.cz\/zund\/wp-content\/uploads\/2016\/03\/UniversalCuttingTool_UCT_CZ.pdf\" target=\"_blank\" rel=\"\">Univerz\u00e1ln\u00ed \u0159ezac\u00ed n\u00e1stroj UCT (CZ)<\/a><a href=\"http:\/\/www.neotec.cz\/zund\/wp-content\/uploads\/2016\/03\/UniversalCuttingTool_UCT_CZ.pdf\" target=\"_blank\"><img loading=\"lazy\" decoding=\"async\" class=\"alignleft wp-image-1108 size-full\" src=\"http:\/\/www.neotec.cz\/zund\/wp-content\/uploads\/2016\/02\/picPDF.png\" alt=\"picPDF\" width=\"32\" height=\"32\" \/><\/a><br \/>\n&nbsp;<\/p>\n<p><a href=\"http:\/\/www.neotec.cz\/zund\/wp-content\/uploads\/2016\/03\/ElectricOscillatingTool_EOT_CZ.pdf\" target=\"_blank\" rel=\"\">Elektrick\u00fd oscila\u010dn\u00ed n\u00e1stroj EOT (CZ)<\/a><a href=\"http:\/\/www.neotec.cz\/zund\/wp-content\/uploads\/2016\/03\/ElectricOscilatingTool_EOT_CZ.pdf\" target=\"_blank\"><img loading=\"lazy\" decoding=\"async\" class=\"alignleft wp-image-1108 size-full\" src=\"http:\/\/www.neotec.cz\/zund\/wp-content\/uploads\/2016\/02\/picPDF.png\" alt=\"picPDF\" width=\"32\" height=\"32\" \/><\/a><br \/>\n&nbsp;<\/p>\n<p><a href=\"http:\/\/www.neotec.cz\/zund\/wp-content\/uploads\/2016\/03\/ElectricOscillatingTool_EOT-250_CZ.pdf\" target=\"_blank\" rel=\"\">Elektrick\u00fd oscila\u010dn\u00ed n\u00e1stroj EOT-250 (CZ)<\/a><a href=\"http:\/\/www.neotec.cz\/zund\/wp-content\/uploads\/2016\/03\/ElectricOscilatingTool_EOT-250_CZ.pdf\" target=\"_blank\"><img loading=\"lazy\" decoding=\"async\" class=\"alignleft wp-image-1108 size-full\" src=\"http:\/\/www.neotec.cz\/zund\/wp-content\/uploads\/2016\/02\/picPDF.png\" alt=\"picPDF\" width=\"32\" height=\"32\" \/><\/a><br \/>\n&nbsp;<\/p>\n<p><a href=\"http:\/\/www.neotec.cz\/zund\/wp-content\/uploads\/2016\/03\/PneumaticOscillatingTool_POT_CZ.pdf\" target=\"_blank\" rel=\"\">Pneumaticky oscila\u010dn\u00ed n\u00e1stroj POT (CZ)<\/a><a href=\"http:\/\/www.neotec.cz\/zund\/wp-content\/uploads\/2016\/03\/PneumaticOscilatingTool_POT_CZ.pdf\" target=\"_blank\"><img loading=\"lazy\" decoding=\"async\" class=\"alignleft wp-image-1108 size-full\" src=\"http:\/\/www.neotec.cz\/zund\/wp-content\/uploads\/2016\/02\/picPDF.png\" alt=\"picPDF\" width=\"32\" height=\"32\" \/><\/a><br \/>\n&nbsp;<\/p>\n<p><a href=\"http:\/\/www.neotec.cz\/zund\/wp-content\/uploads\/2016\/03\/DrivenRotaryTool_DRT_CZ.pdf\" target=\"_blank\" rel=\"\">N\u00e1stroj s rotuj\u00edc\u00edm kole\u010dkem DRT (CZ)<\/a><a href=\"http:\/\/www.neotec.cz\/zund\/wp-content\/uploads\/2016\/03\/DrivenRotaryTool_DRT_CZ.pdf\" target=\"_blank\"><img loading=\"lazy\" decoding=\"async\" class=\"alignleft wp-image-1108 size-full\" src=\"http:\/\/www.neotec.cz\/zund\/wp-content\/uploads\/2016\/02\/picPDF.png\" alt=\"picPDF\" width=\"32\" height=\"32\" \/><\/a><br \/>\n&nbsp;<\/p>\n<p><a href=\"http:\/\/www.neotec.cz\/zund\/wp-content\/uploads\/2016\/03\/UniversalDrawingTool_UDT_CZ.pdf\" target=\"_blank\" rel=\"\">Univerz\u00e1ln\u00ed kresl\u00edc\u00ed n\u00e1stroj UDT (CZ)<\/a><a href=\"http:\/\/www.neotec.cz\/zund\/wp-content\/uploads\/2016\/03\/UniversalDrawingTool_UDT_CZ.pdf\" target=\"_blank\"><img loading=\"lazy\" decoding=\"async\" class=\"alignleft wp-image-1108 size-full\" src=\"http:\/\/www.neotec.cz\/zund\/wp-content\/uploads\/2016\/02\/picPDF.png\" alt=\"picPDF\" width=\"32\" height=\"32\" \/><\/a><br \/>\n&nbsp;<\/p>\n<\/div>\n<\/div><\/div><\/div><\/div><\/div>","protected":false},"excerpt":{"rendered":"<p>\u0158ezac\u00ed plotr L3 &#8211;\u00a0moduly a n\u00e1stroje<\/p>\n","protected":false},"author":1,"featured_media":0,"parent":0,"menu_order":0,"comment_status":"closed","ping_status":"closed","template":"templates\/template-full-notitle.php","meta":{"footnotes":""},"class_list":["post-575","page","type-page","status-publish","hentry","post"],"_links":{"self":[{"href":"https:\/\/www.neotec.cz\/zund\/wp-json\/wp\/v2\/pages\/575","targetHints":{"allow":["GET"]}}],"collection":[{"href":"https:\/\/www.neotec.cz\/zund\/wp-json\/wp\/v2\/pages"}],"about":[{"href":"https:\/\/www.neotec.cz\/zund\/wp-json\/wp\/v2\/types\/page"}],"author":[{"embeddable":true,"href":"https:\/\/www.neotec.cz\/zund\/wp-json\/wp\/v2\/users\/1"}],"replies":[{"embeddable":true,"href":"https:\/\/www.neotec.cz\/zund\/wp-json\/wp\/v2\/comments?post=575"}],"version-history":[{"count":11,"href":"https:\/\/www.neotec.cz\/zund\/wp-json\/wp\/v2\/pages\/575\/revisions"}],"predecessor-version":[{"id":2096,"href":"https:\/\/www.neotec.cz\/zund\/wp-json\/wp\/v2\/pages\/575\/revisions\/2096"}],"wp:attachment":[{"href":"https:\/\/www.neotec.cz\/zund\/wp-json\/wp\/v2\/media?parent=575"}],"curies":[{"name":"wp","href":"https:\/\/api.w.org\/{rel}","templated":true}]}}