{"id":590,"date":"2016-02-22T15:18:28","date_gmt":"2016-02-22T14:18:28","guid":{"rendered":"http:\/\/www.neotec.cz\/zundnew\/?page_id=590"},"modified":"2021-05-12T09:28:08","modified_gmt":"2021-05-12T08:28:08","slug":"d3seznam","status":"publish","type":"page","link":"https:\/\/www.neotec.cz\/zund\/d3seznam\/","title":{"rendered":"D3"},"content":{"rendered":"<div id=\"pl-590\"  class=\"panel-layout\" ><div id=\"pg-590-0\"  class=\"panel-grid panel-no-style\" ><div id=\"pgc-590-0-0\"  class=\"panel-grid-cell\" ><div id=\"panel-590-0-0-0\" class=\"so-panel widget widget_sow-editor panel-first-child panel-last-child\" data-index=\"0\" ><div\n\t\t\t\n\t\t\tclass=\"so-widget-sow-editor so-widget-sow-editor-base\"\n\t\t\t\n\t\t>\n<div class=\"siteorigin-widget-tinymce textwidget\">\n\t<h1><strong>\u0158ezac\u00ed plotr D3 - v\u00fdkon dvou katr\u016f za cenu jednoho<\/strong><\/h1>\n<\/div>\n<\/div><\/div><\/div><\/div><div id=\"pg-590-1\"  class=\"panel-grid panel-no-style\" ><div id=\"pgc-590-1-0\"  class=\"panel-grid-cell\" ><div id=\"panel-590-1-0-0\" class=\"so-panel widget widget_circleicon-widget panel-first-child panel-last-child\" data-index=\"1\" ><div class=\"panel-widget-style panel-widget-style-for-590-1-0-0\" >\t\t<div class=\"circle-icon-box circle-icon-position-top circle-icon-hide-box circle-icon-size-large \">\n\t\t\t\t\t\t\t<div class=\"circle-icon-wrapper\">\n\t\t\t\t\t\t\t\t\t\t<div class=\"circle-icon icon-style-set\" style=\"background-image: url(http:\/\/www.neotec.cz\/zund\/wp-content\/uploads\/2016\/02\/ic-d3.png);background-color: #888888\">\n\t\t\t\t\t\t\t\t\t\t\t<\/div>\n\t\t\t\t\t\t\t\t\t<\/div>\n\t\t\t\n\t\t\t\t\t\t\t\t\t\n\t\t\t\t\t\t\t\t\t\t<a\n\t\t\t\t\thref=\"http:\/\/www.neotec.cz\/zund\/d3seznam\/\"\n\t\t\t\t\tclass=\"more-button\"\n\t\t\t\t\t\t\t\t\t\t\t\t\t\t>\n\t\t\t\t\tD3 sezn\u00e1men\u00ed <i><\/i>\n\t\t\t\t<\/a>\n\t\t\t\t\t<\/div>\n\t\t<\/div><\/div><\/div><div id=\"pgc-590-1-1\"  class=\"panel-grid-cell\" ><div id=\"panel-590-1-1-0\" class=\"so-panel widget widget_circleicon-widget panel-first-child panel-last-child\" data-index=\"2\" >\t\t<div class=\"circle-icon-box circle-icon-position-top circle-icon-hide-box circle-icon-size-large \">\n\t\t\t\t\t\t\t<div class=\"circle-icon-wrapper\">\n\t\t\t\t\t\t\t\t\t\t<a href=\"http:\/\/www.neotec.cz\/zund\/d3det\/\" class=\"link-icon\" >\t\t\t\t\t<div class=\"circle-icon icon-style-set\" style=\"background-image: url(http:\/\/www.neotec.cz\/zund\/wp-content\/uploads\/2016\/02\/ic-d3det.png);background-color: #eeeeee\">\n\t\t\t\t\t\t\t\t\t\t\t<\/div>\n\t\t\t\t\t<\/a>\t\t\t\t<\/div>\n\t\t\t\n\t\t\t\t\t\t\t<a href=\"http:\/\/www.neotec.cz\/zund\/d3det\/\" class=\"link-title\" >\n\t\t\t\t\t\t\t\t\t\t\t\t\t<\/a>\n\t\t\t\n\t\t\t\t\t\t\t\t\t\t<a\n\t\t\t\t\thref=\"http:\/\/www.neotec.cz\/zund\/d3det\/\"\n\t\t\t\t\tclass=\"more-button\"\n\t\t\t\t\t\t\t\t\t\t\t\t\t\t>\n\t\t\t\t\tD3 detailn\u011b <i><\/i>\n\t\t\t\t<\/a>\n\t\t\t\t\t<\/div>\n\t\t<\/div><\/div><div id=\"pgc-590-1-2\"  class=\"panel-grid-cell\" ><div id=\"panel-590-1-2-0\" class=\"so-panel widget widget_circleicon-widget panel-first-child panel-last-child\" data-index=\"3\" >\t\t<div class=\"circle-icon-box circle-icon-position-top circle-icon-hide-box circle-icon-size-large \">\n\t\t\t\t\t\t\t<div class=\"circle-icon-wrapper\">\n\t\t\t\t\t\t\t\t\t\t<a href=\"http:\/\/www.neotec.cz\/zund\/d3mod\/\" class=\"link-icon\" >\t\t\t\t\t<div class=\"circle-icon icon-style-set\" style=\"background-image: url(http:\/\/www.neotec.cz\/zund\/wp-content\/uploads\/2016\/02\/ic-modtool.png);background-color: #eeeeee\">\n\t\t\t\t\t\t\t\t\t\t\t<\/div>\n\t\t\t\t\t<\/a>\t\t\t\t<\/div>\n\t\t\t\n\t\t\t\t\t\t\t<a href=\"http:\/\/www.neotec.cz\/zund\/d3mod\/\" class=\"link-title\" >\n\t\t\t\t\t\t\t\t\t\t\t\t\t<\/a>\n\t\t\t\n\t\t\t\t\t\t\t\t\t\t<a\n\t\t\t\t\thref=\"http:\/\/www.neotec.cz\/zund\/d3mod\/\"\n\t\t\t\t\tclass=\"more-button\"\n\t\t\t\t\t\t\t\t\t\t\t\t\t\t>\n\t\t\t\t\tD3 moduly a n\u00e1stroje <i><\/i>\n\t\t\t\t<\/a>\n\t\t\t\t\t<\/div>\n\t\t<\/div><\/div><div id=\"pgc-590-1-3\"  class=\"panel-grid-cell\" ><div id=\"panel-590-1-3-0\" class=\"so-panel widget widget_circleicon-widget panel-first-child panel-last-child\" data-index=\"4\" >\t\t<div class=\"circle-icon-box circle-icon-position-top circle-icon-hide-box circle-icon-size-large \">\n\t\t\t\t\t\t\t<div class=\"circle-icon-wrapper\">\n\t\t\t\t\t\t\t\t\t\t<a href=\"http:\/\/www.neotec.cz\/zund\/d3velikostistolu\/\" class=\"link-icon\" >\t\t\t\t\t<div class=\"circle-icon icon-style-set\" style=\"background-image: url(http:\/\/www.neotec.cz\/zund\/wp-content\/uploads\/2016\/02\/ic-d3size.png);background-color: #eeeeee\">\n\t\t\t\t\t\t\t\t\t\t\t<\/div>\n\t\t\t\t\t<\/a>\t\t\t\t<\/div>\n\t\t\t\n\t\t\t\t\t\t\t<a href=\"http:\/\/www.neotec.cz\/zund\/d3velikostistolu\/\" class=\"link-title\" >\n\t\t\t\t\t\t\t\t\t\t\t\t\t<\/a>\n\t\t\t\n\t\t\t\t\t\t\t\t\t\t<a\n\t\t\t\t\thref=\"http:\/\/www.neotec.cz\/zund\/d3velikostistolu\/\"\n\t\t\t\t\tclass=\"more-button\"\n\t\t\t\t\t\t\t\t\t\t\t\t\t\t>\n\t\t\t\t\tD3 velikosti stol\u016f <i><\/i>\n\t\t\t\t<\/a>\n\t\t\t\t\t<\/div>\n\t\t<\/div><\/div><div id=\"pgc-590-1-4\"  class=\"panel-grid-cell\" ><div id=\"panel-590-1-4-0\" class=\"so-panel widget widget_circleicon-widget panel-first-child panel-last-child\" data-index=\"5\" >\t\t<div class=\"circle-icon-box circle-icon-position-top circle-icon-hide-box circle-icon-size-large \">\n\t\t\t\t\t\t\t<div class=\"circle-icon-wrapper\">\n\t\t\t\t\t\t\t\t\t\t<a href=\"http:\/\/www.neotec.cz\/zund\/d3-videa\/\" class=\"link-icon\" >\t\t\t\t\t<div class=\"circle-icon icon-style-set\" style=\"background-image: url(http:\/\/www.neotec.cz\/zund\/wp-content\/uploads\/2016\/02\/ic_d3video.png);background-color: #eeeeee\">\n\t\t\t\t\t\t\t\t\t\t\t<\/div>\n\t\t\t\t\t<\/a>\t\t\t\t<\/div>\n\t\t\t\n\t\t\t\t\t\t\t<a href=\"http:\/\/www.neotec.cz\/zund\/d3-videa\/\" class=\"link-title\" >\n\t\t\t\t\t\t\t\t\t\t\t\t\t<\/a>\n\t\t\t\n\t\t\t\t\t\t\t\t\t\t<a\n\t\t\t\t\thref=\"http:\/\/www.neotec.cz\/zund\/d3-videa\/\"\n\t\t\t\t\tclass=\"more-button\"\n\t\t\t\t\t\t\t\t\t\t\t\t\t\t>\n\t\t\t\t\tD3 videa <i><\/i>\n\t\t\t\t<\/a>\n\t\t\t\t\t<\/div>\n\t\t<\/div><\/div><div id=\"pgc-590-1-5\"  class=\"panel-grid-cell\" ><div id=\"panel-590-1-5-0\" class=\"so-panel widget widget_circleicon-widget panel-first-child panel-last-child\" data-index=\"6\" >\t\t<div class=\"circle-icon-box circle-icon-position-top circle-icon-hide-box circle-icon-size-large \">\n\t\t\t\t\t\t\t<div class=\"circle-icon-wrapper\">\n\t\t\t\t\t\t\t\t\t\t<a href=\"http:\/\/www.neotec.cz\/zund\/g3msm\/\" class=\"link-icon\" >\t\t\t\t\t<div class=\"circle-icon icon-style-set\" style=\"background-image: url(http:\/\/www.neotec.cz\/zund\/wp-content\/uploads\/2018\/04\/ic-g3msm.png);background-color: #eeeeee\">\n\t\t\t\t\t\t\t\t\t\t\t<\/div>\n\t\t\t\t\t<\/a>\t\t\t\t<\/div>\n\t\t\t\n\t\t\t\t\t\t\t<a href=\"http:\/\/www.neotec.cz\/zund\/g3msm\/\" class=\"link-title\" >\n\t\t\t\t\t\t\t\t\t\t\t\t\t<\/a>\n\t\t\t\n\t\t\t\t\t\t\t\t\t\t<a\n\t\t\t\t\thref=\"http:\/\/www.neotec.cz\/zund\/g3msm\/\"\n\t\t\t\t\tclass=\"more-button\"\n\t\t\t\t\t\t\t\t\t\t\t\t\t\t>\n\t\t\t\t\tManipulace <i><\/i>\n\t\t\t\t<\/a>\n\t\t\t\t\t<\/div>\n\t\t<\/div><\/div><\/div><div id=\"pg-590-2\"  class=\"panel-grid panel-no-style\" ><div id=\"pgc-590-2-0\"  class=\"panel-grid-cell\" ><div id=\"panel-590-2-0-0\" class=\"so-panel widget widget_sow-editor panel-first-child panel-last-child\" data-index=\"7\" ><div\n\t\t\t\n\t\t\tclass=\"so-widget-sow-editor so-widget-sow-editor-base\"\n\t\t\t\n\t\t><h3 class=\"widget-title\">Sezn\u00e1men\u00ed s \u0159adou D3<\/h3>\n<div class=\"siteorigin-widget-tinymce textwidget\">\n\t<\/div>\n<\/div><\/div><\/div><\/div><div id=\"pg-590-3\"  class=\"panel-grid panel-no-style\" ><div id=\"pgc-590-3-0\"  class=\"panel-grid-cell\" ><div id=\"panel-590-3-0-0\" class=\"so-panel widget widget_sow-editor panel-first-child panel-last-child\" data-index=\"8\" ><div\n\t\t\t\n\t\t\tclass=\"so-widget-sow-editor so-widget-sow-editor-base\"\n\t\t\t\n\t\t><h3 class=\"widget-title\">Modul\u00e1rnost<\/h3>\n<div class=\"siteorigin-widget-tinymce textwidget\">\n\t<p>Modularita n\u00e1stroj\u016f a syst\u00e9mu manipulace s materi\u00e1lem u \u0159ezac\u00edch plotr\u016f Z\u00fcnd velmi zjednodu\u0161uje sestavit \u0159ezac\u00ed plotr D3 p\u0159esn\u011b podle va\u0161ich p\u0159edstav. Na z\u00e1klad\u011b definice va\u0161ich v\u00fdrobn\u00edch po\u017eadavk\u016f vybereme pot\u0159ebn\u00e9 modul\u00e1rn\u00ed \u010d\u00e1sti plotru \u00a0a z\u00edsk\u00e1me tak ide\u00e1ln\u00ed konfiguraci p\u0159esn\u011b pro V\u00e1s. St\u00e1le v\u0161ak z\u016fst\u00e1v\u00e1 mo\u017enost plotr kdykoliv roz\u0161\u00ed\u0159it \u010di upravit podle m\u011bn\u00edc\u00edch se v\u00fdrobn\u00edch po\u017eadavk\u016f.<\/p>\n<\/div>\n<\/div><\/div><\/div><div id=\"pgc-590-3-1\"  class=\"panel-grid-cell\" ><div id=\"panel-590-3-1-0\" class=\"so-panel widget widget_sow-editor panel-first-child panel-last-child\" data-index=\"9\" ><div\n\t\t\t\n\t\t\tclass=\"so-widget-sow-editor so-widget-sow-editor-base\"\n\t\t\t\n\t\t><h3 class=\"widget-title\">Dva mosty pro maxim\u00e1ln\u00ed produktivitu<\/h3>\n<div class=\"siteorigin-widget-tinymce textwidget\">\n\t<p>V z\u00e1vislosti na zpracov\u00e1van\u00e9 \u00faloze m\u016f\u017ee b\u00fdt produktivita zv\u00fd\u0161ena a\u017e na dvojn\u00e1sobek v porovn\u00e1n\u00ed s \u0159ezac\u00edm plotrem\u00a0\u0159ady D3. Inteligentn\u00ed \u0159\u00edzen\u00ed stroje ovl\u00e1d\u00e1 dva na sob\u011b nez\u00e1visl\u00e9 mosty s optimalizac\u00ed na nejvy\u0161\u0161\u00ed mo\u017enou produktivitu.<\/p>\n<\/div>\n<\/div><\/div><\/div><\/div><div id=\"pg-590-4\"  class=\"panel-grid panel-no-style\" ><div id=\"pgc-590-4-0\"  class=\"panel-grid-cell\" ><div id=\"panel-590-4-0-0\" class=\"so-panel widget widget_sow-editor panel-first-child panel-last-child\" data-index=\"10\" ><div\n\t\t\t\n\t\t\tclass=\"so-widget-sow-editor so-widget-sow-editor-base\"\n\t\t\t\n\t\t>\n<div class=\"siteorigin-widget-tinymce textwidget\">\n\t<p><img loading=\"lazy\" decoding=\"async\" class=\"aligncenter wp-image-1380 size-full\" src=\"http:\/\/www.neotec.cz\/zund\/wp-content\/uploads\/2016\/06\/D3over.png\" alt=\"D3over\" width=\"1008\" height=\"630\" srcset=\"https:\/\/www.neotec.cz\/zund\/wp-content\/uploads\/2016\/06\/D3over.png 1008w, https:\/\/www.neotec.cz\/zund\/wp-content\/uploads\/2016\/06\/D3over-300x188.png 300w, https:\/\/www.neotec.cz\/zund\/wp-content\/uploads\/2016\/06\/D3over-768x480.png 768w, https:\/\/www.neotec.cz\/zund\/wp-content\/uploads\/2016\/06\/D3over-436x272.png 436w\" sizes=\"auto, (max-width: 1008px) 100vw, 1008px\" \/><\/p>\n<p>\u00a0<\/p>\n<\/div>\n<\/div><\/div><\/div><\/div><div id=\"pg-590-5\"  class=\"panel-grid panel-no-style\" ><div id=\"pgc-590-5-0\"  class=\"panel-grid-cell\" ><div id=\"panel-590-5-0-0\" class=\"so-panel widget widget_sow-editor panel-first-child panel-last-child\" data-index=\"11\" ><div\n\t\t\t\n\t\t\tclass=\"so-widget-sow-editor so-widget-sow-editor-base\"\n\t\t\t\n\t\t><h3 class=\"widget-title\">Spolehlivost - pr\u016fmyslov\u00e9 nasazen\u00ed<\/h3>\n<div class=\"siteorigin-widget-tinymce textwidget\">\n\t<p class=\"item-title\">D\u00edky jedine\u010dn\u00e9 konstrukci a pou\u017eit\u00fdm technologi\u00edm jsou \u0159ezac\u00ed plotry D3 ur\u010deny pro nep\u0159etr\u017eitou v\u00fdrobu 24\/7. Celosv\u011btov\u00e1 servisn\u00ed s\u00ed\u0165 zaji\u0161\u0165uje dostupnost n\u00e1hradn\u00edch d\u00edl\u016f kdykoliv a kdekoliv.<\/p>\n<\/div>\n<\/div><\/div><\/div><div id=\"pgc-590-5-1\"  class=\"panel-grid-cell\" ><div id=\"panel-590-5-1-0\" class=\"so-panel widget widget_sow-editor panel-first-child panel-last-child\" data-index=\"12\" ><div\n\t\t\t\n\t\t\tclass=\"so-widget-sow-editor so-widget-sow-editor-base\"\n\t\t\t\n\t\t><h3 class=\"widget-title\">Ergonomie a manipulace<\/h3>\n<div class=\"siteorigin-widget-tinymce textwidget\">\n\t<p>Katr D3 m\u016f\u017ee b\u00fdt individu\u00e1ln\u011b vybaven prodlou\u017een\u00edm na ka\u017ed\u00e9 stran\u011b pracovn\u00edho stolu a s mo\u017enost\u00ed roz\u0161\u00ed\u0159en\u00ed o funkce pro manipulaci s materi\u00e1lem. To v\u00fdrazn\u011b zvy\u0161uje produktivitu katru na maximum a sni\u017euje manu\u00e1ln\u00ed manipulaci s materi\u00e1lem. Ergonomick\u00fd design katru zjednodu\u0161uje pr\u00e1ci oper\u00e1tora a zvy\u0161uje efektivitu v\u00fdroby je\u0161t\u011b v\u00edce.<\/p>\n<\/div>\n<\/div><\/div><\/div><\/div><div id=\"pg-590-6\"  class=\"panel-grid panel-no-style\" ><div id=\"pgc-590-6-0\"  class=\"panel-grid-cell\" ><div id=\"panel-590-6-0-0\" class=\"so-panel widget widget_sow-editor panel-first-child panel-last-child\" data-index=\"13\" ><div\n\t\t\t\n\t\t\tclass=\"so-widget-sow-editor so-widget-sow-editor-base\"\n\t\t\t\n\t\t><h3 class=\"widget-title\">Ke sta\u017een\u00ed<\/h3>\n<div class=\"siteorigin-widget-tinymce textwidget\">\n\t<p><a href=\"http:\/\/www.neotec.cz\/zund\/wp-content\/uploads\/2016\/02\/D3TechnicalOverview_CZ.pdf\" target=\"_blank\" rel=\"\">D3 Sezn\u00e1men\u00ed (CZ)<\/a><a href=\"http:\/\/www.neotec.cz\/zund\/wp-content\/uploads\/2016\/02\/D3TechnicalOverview_CZ.pdf\" target=\"_blank\"><img loading=\"lazy\" decoding=\"async\" class=\"alignleft wp-image-1108 size-full\" src=\"http:\/\/www.neotec.cz\/zund\/wp-content\/uploads\/2016\/02\/picPDF.png\" alt=\"picPDF\" width=\"32\" height=\"32\" \/><\/a><\/p>\n<\/div>\n<\/div><\/div><\/div><\/div><\/div>","protected":false},"excerpt":{"rendered":"<p>\u0158ezac\u00ed plotr D3 &#8211; v\u00fdkon dvou katr\u016f za cenu jednoho<\/p>\n","protected":false},"author":1,"featured_media":0,"parent":0,"menu_order":0,"comment_status":"closed","ping_status":"closed","template":"templates\/template-full-notitle.php","meta":{"footnotes":""},"class_list":["post-590","page","type-page","status-publish","hentry","post"],"_links":{"self":[{"href":"https:\/\/www.neotec.cz\/zund\/wp-json\/wp\/v2\/pages\/590","targetHints":{"allow":["GET"]}}],"collection":[{"href":"https:\/\/www.neotec.cz\/zund\/wp-json\/wp\/v2\/pages"}],"about":[{"href":"https:\/\/www.neotec.cz\/zund\/wp-json\/wp\/v2\/types\/page"}],"author":[{"embeddable":true,"href":"https:\/\/www.neotec.cz\/zund\/wp-json\/wp\/v2\/users\/1"}],"replies":[{"embeddable":true,"href":"https:\/\/www.neotec.cz\/zund\/wp-json\/wp\/v2\/comments?post=590"}],"version-history":[{"count":27,"href":"https:\/\/www.neotec.cz\/zund\/wp-json\/wp\/v2\/pages\/590\/revisions"}],"predecessor-version":[{"id":594,"href":"https:\/\/www.neotec.cz\/zund\/wp-json\/wp\/v2\/pages\/590\/revisions\/594"}],"wp:attachment":[{"href":"https:\/\/www.neotec.cz\/zund\/wp-json\/wp\/v2\/media?parent=590"}],"curies":[{"name":"wp","href":"https:\/\/api.w.org\/{rel}","templated":true}]}}