{"id":608,"date":"2016-02-22T16:26:20","date_gmt":"2016-02-22T15:26:20","guid":{"rendered":"http:\/\/www.neotec.cz\/zundnew\/?page_id=608"},"modified":"2021-05-12T11:51:47","modified_gmt":"2021-05-12T10:51:47","slug":"d3det","status":"publish","type":"page","link":"https:\/\/www.neotec.cz\/zund\/d3det\/","title":{"rendered":"D3 &#8211; detaily"},"content":{"rendered":"<div id=\"pl-608\"  class=\"panel-layout\" ><div id=\"pg-608-0\"  class=\"panel-grid panel-no-style\" ><div id=\"pgc-608-0-0\"  class=\"panel-grid-cell\" ><div id=\"panel-608-0-0-0\" class=\"so-panel widget widget_sow-editor panel-first-child panel-last-child\" data-index=\"0\" ><div\n\t\t\t\n\t\t\tclass=\"so-widget-sow-editor so-widget-sow-editor-base\"\n\t\t\t\n\t\t>\n<div class=\"siteorigin-widget-tinymce textwidget\">\n\t<h1><strong>\u0158ezac\u00ed plotr D3 -\u00a0dokonal\u00fd v ka\u017ed\u00e9m detailu<\/strong><\/h1>\n<\/div>\n<\/div><\/div><\/div><\/div><div id=\"pg-608-1\"  class=\"panel-grid panel-no-style\" ><div id=\"pgc-608-1-0\"  class=\"panel-grid-cell\" ><div id=\"panel-608-1-0-0\" class=\"so-panel widget widget_circleicon-widget panel-first-child panel-last-child\" data-index=\"1\" ><div class=\"panel-widget-style panel-widget-style-for-608-1-0-0\" >\t\t<div class=\"circle-icon-box circle-icon-position-top circle-icon-hide-box circle-icon-size-large \">\n\t\t\t\t\t\t\t<div class=\"circle-icon-wrapper\">\n\t\t\t\t\t\t\t\t\t\t<a href=\"http:\/\/www.neotec.cz\/zund\/d3seznam\/\" class=\"link-icon\" >\t\t\t\t\t<div class=\"circle-icon icon-style-set\" style=\"background-image: url(http:\/\/www.neotec.cz\/zund\/wp-content\/uploads\/2016\/02\/ic-d3.png);background-color: #eeeeee\">\n\t\t\t\t\t\t\t\t\t\t\t<\/div>\n\t\t\t\t\t<\/a>\t\t\t\t<\/div>\n\t\t\t\n\t\t\t\t\t\t\t<a href=\"http:\/\/www.neotec.cz\/zund\/d3seznam\/\" class=\"link-title\" >\n\t\t\t\t\t\t\t\t\t\t\t\t\t<\/a>\n\t\t\t\n\t\t\t\t\t\t\t\t\t\t<a\n\t\t\t\t\thref=\"http:\/\/www.neotec.cz\/zund\/d3seznam\/\"\n\t\t\t\t\tclass=\"more-button\"\n\t\t\t\t\t\t\t\t\t\t\t\t\t\t>\n\t\t\t\t\tD3 sezn\u00e1men\u00ed <i><\/i>\n\t\t\t\t<\/a>\n\t\t\t\t\t<\/div>\n\t\t<\/div><\/div><\/div><div id=\"pgc-608-1-1\"  class=\"panel-grid-cell\" ><div id=\"panel-608-1-1-0\" class=\"so-panel widget widget_circleicon-widget panel-first-child panel-last-child\" data-index=\"2\" >\t\t<div class=\"circle-icon-box circle-icon-position-top circle-icon-hide-box circle-icon-size-large \">\n\t\t\t\t\t\t\t<div class=\"circle-icon-wrapper\">\n\t\t\t\t\t\t\t\t\t\t<div class=\"circle-icon icon-style-set\" style=\"background-image: url(http:\/\/www.neotec.cz\/zund\/wp-content\/uploads\/2016\/02\/ic-d3det.png);background-color: #888888\">\n\t\t\t\t\t\t\t\t\t\t\t<\/div>\n\t\t\t\t\t\t\t\t\t<\/div>\n\t\t\t\n\t\t\t\t\t\t\t\t\t\n\t\t\t\t\t\t\t\t\t\t<a\n\t\t\t\t\thref=\"http:\/\/www.neotec.cz\/zund\/d3det\/\"\n\t\t\t\t\tclass=\"more-button\"\n\t\t\t\t\t\t\t\t\t\t\t\t\t\t>\n\t\t\t\t\tD3 detailn\u011b <i><\/i>\n\t\t\t\t<\/a>\n\t\t\t\t\t<\/div>\n\t\t<\/div><\/div><div id=\"pgc-608-1-2\"  class=\"panel-grid-cell\" ><div id=\"panel-608-1-2-0\" class=\"so-panel widget widget_circleicon-widget panel-first-child panel-last-child\" data-index=\"3\" >\t\t<div class=\"circle-icon-box circle-icon-position-top circle-icon-hide-box circle-icon-size-large \">\n\t\t\t\t\t\t\t<div class=\"circle-icon-wrapper\">\n\t\t\t\t\t\t\t\t\t\t<a href=\"http:\/\/www.neotec.cz\/zund\/d3mod\/\" class=\"link-icon\" >\t\t\t\t\t<div class=\"circle-icon icon-style-set\" style=\"background-image: url(http:\/\/www.neotec.cz\/zund\/wp-content\/uploads\/2016\/02\/ic-modtool.png);background-color: #eeeeee\">\n\t\t\t\t\t\t\t\t\t\t\t<\/div>\n\t\t\t\t\t<\/a>\t\t\t\t<\/div>\n\t\t\t\n\t\t\t\t\t\t\t<a href=\"http:\/\/www.neotec.cz\/zund\/d3mod\/\" class=\"link-title\" >\n\t\t\t\t\t\t\t\t\t\t\t\t\t<\/a>\n\t\t\t\n\t\t\t\t\t\t\t\t\t\t<a\n\t\t\t\t\thref=\"http:\/\/www.neotec.cz\/zund\/d3mod\/\"\n\t\t\t\t\tclass=\"more-button\"\n\t\t\t\t\t\t\t\t\t\t\t\t\t\t>\n\t\t\t\t\tD3 moduly a n\u00e1stroje <i><\/i>\n\t\t\t\t<\/a>\n\t\t\t\t\t<\/div>\n\t\t<\/div><\/div><div id=\"pgc-608-1-3\"  class=\"panel-grid-cell\" ><div id=\"panel-608-1-3-0\" class=\"so-panel widget widget_circleicon-widget panel-first-child panel-last-child\" data-index=\"4\" >\t\t<div class=\"circle-icon-box circle-icon-position-top circle-icon-hide-box circle-icon-size-large \">\n\t\t\t\t\t\t\t<div class=\"circle-icon-wrapper\">\n\t\t\t\t\t\t\t\t\t\t<a href=\"http:\/\/www.neotec.cz\/zund\/d3velikostistolu\/\" class=\"link-icon\" >\t\t\t\t\t<div class=\"circle-icon icon-style-set\" style=\"background-image: url(http:\/\/www.neotec.cz\/zund\/wp-content\/uploads\/2016\/02\/ic-d3size.png);background-color: #eeeeee\">\n\t\t\t\t\t\t\t\t\t\t\t<\/div>\n\t\t\t\t\t<\/a>\t\t\t\t<\/div>\n\t\t\t\n\t\t\t\t\t\t\t<a href=\"http:\/\/www.neotec.cz\/zund\/d3velikostistolu\/\" class=\"link-title\" >\n\t\t\t\t\t\t\t\t\t\t\t\t\t<\/a>\n\t\t\t\n\t\t\t\t\t\t\t\t\t\t<a\n\t\t\t\t\thref=\"http:\/\/www.neotec.cz\/zund\/d3velikostistolu\/\"\n\t\t\t\t\tclass=\"more-button\"\n\t\t\t\t\t\t\t\t\t\t\t\t\t\t>\n\t\t\t\t\tD3 velikosti stol\u016f <i><\/i>\n\t\t\t\t<\/a>\n\t\t\t\t\t<\/div>\n\t\t<\/div><\/div><div id=\"pgc-608-1-4\"  class=\"panel-grid-cell\" ><div id=\"panel-608-1-4-0\" class=\"so-panel widget widget_circleicon-widget panel-first-child panel-last-child\" data-index=\"5\" >\t\t<div class=\"circle-icon-box circle-icon-position-top circle-icon-hide-box circle-icon-size-large \">\n\t\t\t\t\t\t\t<div class=\"circle-icon-wrapper\">\n\t\t\t\t\t\t\t\t\t\t<a href=\"http:\/\/www.neotec.cz\/zund\/d3-videa\/\" class=\"link-icon\" >\t\t\t\t\t<div class=\"circle-icon icon-style-set\" style=\"background-image: url(http:\/\/www.neotec.cz\/zund\/wp-content\/uploads\/2016\/02\/ic_d3video.png);background-color: #eeeeee\">\n\t\t\t\t\t\t\t\t\t\t\t<\/div>\n\t\t\t\t\t<\/a>\t\t\t\t<\/div>\n\t\t\t\n\t\t\t\t\t\t\t<a href=\"http:\/\/www.neotec.cz\/zund\/d3-videa\/\" class=\"link-title\" >\n\t\t\t\t\t\t\t\t\t\t\t\t\t<\/a>\n\t\t\t\n\t\t\t\t\t\t\t\t\t\t<a\n\t\t\t\t\thref=\"http:\/\/www.neotec.cz\/zund\/d3-videa\/\"\n\t\t\t\t\tclass=\"more-button\"\n\t\t\t\t\t\t\t\t\t\t\t\t\t\t>\n\t\t\t\t\tD3 videa <i><\/i>\n\t\t\t\t<\/a>\n\t\t\t\t\t<\/div>\n\t\t<\/div><\/div><div id=\"pgc-608-1-5\"  class=\"panel-grid-cell\" ><div id=\"panel-608-1-5-0\" class=\"so-panel widget widget_circleicon-widget panel-first-child panel-last-child\" data-index=\"6\" >\t\t<div class=\"circle-icon-box circle-icon-position-top circle-icon-hide-box circle-icon-size-large \">\n\t\t\t\t\t\t\t<div class=\"circle-icon-wrapper\">\n\t\t\t\t\t\t\t\t\t\t<a href=\"http:\/\/www.neotec.cz\/zund\/g3msm\/\" class=\"link-icon\" >\t\t\t\t\t<div class=\"circle-icon icon-style-set\" style=\"background-image: url(http:\/\/www.neotec.cz\/zund\/wp-content\/uploads\/2018\/04\/ic-g3msm.png);background-color: #eeeeee\">\n\t\t\t\t\t\t\t\t\t\t\t<\/div>\n\t\t\t\t\t<\/a>\t\t\t\t<\/div>\n\t\t\t\n\t\t\t\t\t\t\t<a href=\"http:\/\/www.neotec.cz\/zund\/g3msm\/\" class=\"link-title\" >\n\t\t\t\t\t\t\t\t\t\t\t\t\t<\/a>\n\t\t\t\n\t\t\t\t\t\t\t\t\t\t<a\n\t\t\t\t\thref=\"http:\/\/www.neotec.cz\/zund\/g3msm\/\"\n\t\t\t\t\tclass=\"more-button\"\n\t\t\t\t\t\t\t\t\t\t\t\t\t\t>\n\t\t\t\t\tManipulace <i><\/i>\n\t\t\t\t<\/a>\n\t\t\t\t\t<\/div>\n\t\t<\/div><\/div><\/div><div id=\"pg-608-2\"  class=\"panel-grid panel-no-style\" ><div id=\"pgc-608-2-0\"  class=\"panel-grid-cell\" ><div id=\"panel-608-2-0-0\" class=\"so-panel widget widget_sow-editor panel-first-child panel-last-child\" data-index=\"7\" ><div\n\t\t\t\n\t\t\tclass=\"so-widget-sow-editor so-widget-sow-editor-base\"\n\t\t\t\n\t\t>\n<div class=\"siteorigin-widget-tinymce textwidget\">\n\t<\/div>\n<\/div><\/div><\/div><\/div><div id=\"pg-608-3\"  class=\"panel-grid panel-no-style\" ><div id=\"pgc-608-3-0\"  class=\"panel-grid-cell\" ><div id=\"panel-608-3-0-0\" class=\"so-panel widget widget_sow-image panel-first-child panel-last-child\" data-index=\"8\" ><div\n\t\t\t\n\t\t\tclass=\"so-widget-sow-image so-widget-sow-image-default-8b5b6f678277-608\"\n\t\t\t\n\t\t>\n\n<div class=\"sow-image-container\">\n\t\t<img loading=\"lazy\" decoding=\"async\" src=\"https:\/\/www.neotec.cz\/zund\/wp-content\/uploads\/2016\/02\/d3det1.png\" width=\"252\" height=\"389\" srcset=\"https:\/\/www.neotec.cz\/zund\/wp-content\/uploads\/2016\/02\/d3det1.png 252w, https:\/\/www.neotec.cz\/zund\/wp-content\/uploads\/2016\/02\/d3det1-194x300.png 194w\" sizes=\"auto, (max-width: 252px) 100vw, 252px\" alt=\"modularita n\u00e1stroj\u016f\" \t\tclass=\"so-widget-image\"\/>\n\t<\/div>\n\n<\/div><\/div><\/div><div id=\"pgc-608-3-1\"  class=\"panel-grid-cell\" ><div id=\"panel-608-3-1-0\" class=\"so-panel widget widget_sow-editor panel-first-child panel-last-child\" data-index=\"9\" ><div\n\t\t\t\n\t\t\tclass=\"so-widget-sow-editor so-widget-sow-editor-base\"\n\t\t\t\n\t\t><h3 class=\"widget-title\">Modul\u00e1rn\u00ed syst\u00e9m n\u00e1stroj\u016f<\/h3>\n<div class=\"siteorigin-widget-tinymce textwidget\">\n\t<p>Vyberte si z \u0159ady n\u00e1stroj\u016f Z\u00fcnd a vytvo\u0159te tak perfektn\u00ed konfiguraci katru D3 p\u0159esn\u011b podle Va\u0161ich pot\u0159eb.<\/p>\n<\/div>\n<\/div><\/div><\/div><\/div><div id=\"pg-608-4\"  class=\"panel-grid panel-no-style\" ><div id=\"pgc-608-4-0\"  class=\"panel-grid-cell\" ><div id=\"panel-608-4-0-0\" class=\"so-panel widget widget_sow-image panel-first-child panel-last-child\" data-index=\"10\" ><div\n\t\t\t\n\t\t\tclass=\"so-widget-sow-image so-widget-sow-image-default-8b5b6f678277-608\"\n\t\t\t\n\t\t>\n\n<div class=\"sow-image-container\">\n\t\t<img loading=\"lazy\" decoding=\"async\" src=\"https:\/\/www.neotec.cz\/zund\/wp-content\/uploads\/2016\/02\/D3det3-1.png\" width=\"588\" height=\"489\" srcset=\"https:\/\/www.neotec.cz\/zund\/wp-content\/uploads\/2016\/02\/D3det3-1.png 588w, https:\/\/www.neotec.cz\/zund\/wp-content\/uploads\/2016\/02\/D3det3-1-300x249.png 300w\" sizes=\"auto, (max-width: 588px) 100vw, 588px\" title=\"D3det3\" alt=\"\" \t\tclass=\"so-widget-image\"\/>\n\t<\/div>\n\n<\/div><\/div><\/div><div id=\"pgc-608-4-1\"  class=\"panel-grid-cell\" ><div id=\"panel-608-4-1-0\" class=\"so-panel widget widget_sow-editor panel-first-child panel-last-child\" data-index=\"11\" ><div\n\t\t\t\n\t\t\tclass=\"so-widget-sow-editor so-widget-sow-editor-base\"\n\t\t\t\n\t\t><h3 class=\"widget-title\">Dva mosty pro maxim\u00e1ln\u00ed produktivitu<\/h3>\n<div class=\"siteorigin-widget-tinymce textwidget\">\n\t<p class=\"widget-title\">V z\u00e1vislosti na zpracov\u00e1van\u00e9 \u00faloze m\u016f\u017ee b\u00fdt produktivita zv\u00fd\u0161ena a\u017e na dvojn\u00e1sobek v porovn\u00e1n\u00ed s \u0159ezac\u00edm plotrem\u00a0\u0159ady D3. Inteligentn\u00ed \u0159\u00edzen\u00ed stroje ovl\u00e1d\u00e1 dva na sob\u011b nez\u00e1visl\u00e9 mosty s optimalizac\u00ed na nejvy\u0161\u0161\u00ed mo\u017enou produktivitu.<\/p>\n<\/div>\n<\/div><\/div><\/div><\/div><div id=\"pg-608-5\"  class=\"panel-grid panel-no-style\" ><div id=\"pgc-608-5-0\"  class=\"panel-grid-cell\" ><div id=\"panel-608-5-0-0\" class=\"so-panel widget widget_sow-image panel-first-child panel-last-child\" data-index=\"12\" ><div\n\t\t\t\n\t\t\tclass=\"so-widget-sow-image so-widget-sow-image-default-8b5b6f678277-608\"\n\t\t\t\n\t\t>\n\n<div class=\"sow-image-container\">\n\t\t<img loading=\"lazy\" decoding=\"async\" src=\"https:\/\/www.neotec.cz\/zund\/wp-content\/uploads\/2016\/02\/G3-det2.png\" width=\"588\" height=\"386\" srcset=\"https:\/\/www.neotec.cz\/zund\/wp-content\/uploads\/2016\/02\/G3-det2.png 588w, https:\/\/www.neotec.cz\/zund\/wp-content\/uploads\/2016\/02\/G3-det2-300x197.png 300w\" sizes=\"auto, (max-width: 588px) 100vw, 588px\" alt=\"efektivn\u00ed management n\u00e1stroj\u016f\" \t\tclass=\"so-widget-image\"\/>\n\t<\/div>\n\n<\/div><\/div><\/div><div id=\"pgc-608-5-1\"  class=\"panel-grid-cell\" ><div id=\"panel-608-5-1-0\" class=\"so-panel widget widget_sow-editor panel-first-child panel-last-child\" data-index=\"13\" ><div\n\t\t\t\n\t\t\tclass=\"so-widget-sow-editor so-widget-sow-editor-base\"\n\t\t\t\n\t\t><h3 class=\"widget-title\">Efektivn\u00ed v\u00fdm\u011bna n\u00e1stroj\u016f<\/h3>\n<div class=\"siteorigin-widget-tinymce textwidget\">\n\t<p>Modul\u00e1rn\u00ed konstrukce \u0159ezac\u00edch syst\u00e9m\u016f Z\u00fcnd umo\u017e\u0148uje nastavit a m\u011bnit n\u00e1stroje rychle, jen v n\u011bkolika kroc\u00edch. Flexibiln\u00ed konfigurace D3 umo\u017e\u0148uje pru\u017en\u011b reagovat na zm\u011bny ve v\u00fdrob\u011b a tak v\u00e1m \u0161et\u0159it pen\u00edze i \u010das.<\/p>\n<\/div>\n<\/div><\/div><\/div><\/div><div id=\"pg-608-6\"  class=\"panel-grid panel-no-style\" ><div id=\"pgc-608-6-0\"  class=\"panel-grid-cell\" ><div id=\"panel-608-6-0-0\" class=\"so-panel widget widget_sow-image panel-first-child panel-last-child\" data-index=\"14\" ><div\n\t\t\t\n\t\t\tclass=\"so-widget-sow-image so-widget-sow-image-default-8b5b6f678277-608\"\n\t\t\t\n\t\t>\n\n<div class=\"sow-image-container\">\n\t\t<img loading=\"lazy\" decoding=\"async\" src=\"https:\/\/www.neotec.cz\/zund\/wp-content\/uploads\/2016\/02\/S3-motor.png\" width=\"588\" height=\"440\" srcset=\"https:\/\/www.neotec.cz\/zund\/wp-content\/uploads\/2016\/02\/S3-motor.png 588w, https:\/\/www.neotec.cz\/zund\/wp-content\/uploads\/2016\/02\/S3-motor-300x224.png 300w\" sizes=\"auto, (max-width: 588px) 100vw, 588px\" title=\"D3-motor\" alt=\"D3 p\u0159\u00edm\u00fd motor\" \t\tclass=\"so-widget-image\"\/>\n\t<\/div>\n\n<\/div><\/div><\/div><div id=\"pgc-608-6-1\"  class=\"panel-grid-cell\" ><div id=\"panel-608-6-1-0\" class=\"so-panel widget widget_sow-editor panel-first-child panel-last-child\" data-index=\"15\" ><div\n\t\t\t\n\t\t\tclass=\"so-widget-sow-editor so-widget-sow-editor-base\"\n\t\t\t\n\t\t><h3 class=\"widget-title\">V\u00fdkon a robustnost<\/h3>\n<div class=\"siteorigin-widget-tinymce textwidget\">\n\t<p>Vysok\u00e1 produktivita \u0159ezac\u00edch plotr\u016f D3 vych\u00e1z\u00ed z pou\u017eit\u00ed inteligentn\u00edch \u0159\u00edd\u00edc\u00edch mechanism\u016f, kvalitn\u00edch a robusn\u00edch syst\u00e9mov\u00fdch komponent\u016f. Dokonal\u00e1 koordinace cel\u00e9ho syst\u00e9mu m\u00e1 za n\u00e1sledek optimalizaci v\u00fdroby a skv\u011bl\u00fd v\u00fdsledek zpracovan\u00e9ho materi\u00e1lu.<\/p>\n<\/div>\n<\/div><\/div><\/div><\/div><div id=\"pg-608-7\"  class=\"panel-grid panel-no-style\" ><div id=\"pgc-608-7-0\"  class=\"panel-grid-cell\" ><div id=\"panel-608-7-0-0\" class=\"so-panel widget widget_sow-image panel-first-child panel-last-child\" data-index=\"16\" ><div\n\t\t\t\n\t\t\tclass=\"so-widget-sow-image so-widget-sow-image-default-8b5b6f678277-608\"\n\t\t\t\n\t\t>\n\n<div class=\"sow-image-container\">\n\t\t<img loading=\"lazy\" decoding=\"async\" src=\"https:\/\/www.neotec.cz\/zund\/wp-content\/uploads\/2016\/02\/G3-det4.png\" width=\"588\" height=\"392\" srcset=\"https:\/\/www.neotec.cz\/zund\/wp-content\/uploads\/2016\/02\/G3-det4.png 588w, https:\/\/www.neotec.cz\/zund\/wp-content\/uploads\/2016\/02\/G3-det4-300x200.png 300w, https:\/\/www.neotec.cz\/zund\/wp-content\/uploads\/2016\/02\/G3-det4-272x182.png 272w\" sizes=\"auto, (max-width: 588px) 100vw, 588px\" alt=\"ITI\" \t\tclass=\"so-widget-image\"\/>\n\t<\/div>\n\n<\/div><\/div><\/div><div id=\"pgc-608-7-1\"  class=\"panel-grid-cell\" ><div id=\"panel-608-7-1-0\" class=\"so-panel widget widget_sow-editor panel-first-child panel-last-child\" data-index=\"17\" ><div\n\t\t\t\n\t\t\tclass=\"so-widget-sow-editor so-widget-sow-editor-base\"\n\t\t\t\n\t\t><h3 class=\"widget-title\">ITI - automatick\u00e1 inicializace n\u00e1stroje<\/h3>\n<div class=\"siteorigin-widget-tinymce textwidget\">\n\t<p>Pln\u011b automatick\u00e1 inicializace no\u017e\u016f, fr\u00e9zovac\u00edch bit\u016f a rylovac\u00edch kole\u010dek \u0161et\u0159\u00ed \u010das a zaru\u010duje p\u0159esn\u00e9 nastaven\u00ed \u0159ezn\u00e9 hloubky bez manu\u00e1ln\u00edho z\u00e1sahu.<\/p>\n\t\t\t\t\t<a class=\"youtube\" href=\"https:\/\/www.youtube.com\/embed\/jiyz6_8lHZ0?rel=0&#038;autoplay=1&#038;muted=1&#038;wmode=transparent\">\n\t\t\t\t\t\t<img loading=\"lazy\" decoding=\"async\" src=\"https:\/\/img.youtube.com\/vi\/jiyz6_8lHZ0\/0.jpg\" width=\"135\" height=\"180\" \/>\n\t\t\t\t\t<\/a>\n\t\t\t\n<\/div>\n<\/div><\/div><\/div><\/div><div id=\"pg-608-8\"  class=\"panel-grid panel-no-style\" ><div id=\"pgc-608-8-0\"  class=\"panel-grid-cell\" ><div id=\"panel-608-8-0-0\" class=\"so-panel widget widget_sow-image panel-first-child panel-last-child\" data-index=\"18\" ><div\n\t\t\t\n\t\t\tclass=\"so-widget-sow-image so-widget-sow-image-default-8b5b6f678277-608\"\n\t\t\t\n\t\t>\n\n<div class=\"sow-image-container\">\n\t\t<img loading=\"lazy\" decoding=\"async\" src=\"https:\/\/www.neotec.cz\/zund\/wp-content\/uploads\/2016\/02\/d3detpres-1.png\" width=\"588\" height=\"368\" srcset=\"https:\/\/www.neotec.cz\/zund\/wp-content\/uploads\/2016\/02\/d3detpres-1.png 588w, https:\/\/www.neotec.cz\/zund\/wp-content\/uploads\/2016\/02\/d3detpres-1-300x188.png 300w, https:\/\/www.neotec.cz\/zund\/wp-content\/uploads\/2016\/02\/d3detpres-1-436x272.png 436w\" sizes=\"auto, (max-width: 588px) 100vw, 588px\" title=\"d3detpres\" alt=\"\" \t\tclass=\"so-widget-image\"\/>\n\t<\/div>\n\n<\/div><\/div><\/div><div id=\"pgc-608-8-1\"  class=\"panel-grid-cell\" ><div id=\"panel-608-8-1-0\" class=\"so-panel widget widget_sow-editor panel-first-child panel-last-child\" data-index=\"19\" ><div\n\t\t\t\n\t\t\tclass=\"so-widget-sow-editor so-widget-sow-editor-base\"\n\t\t\t\n\t\t><h3 class=\"widget-title\">P\u0159esnost v ka\u017ed\u00e9m detailu<\/h3>\n<div class=\"siteorigin-widget-tinymce textwidget\">\n\t<p>\u0158ezac\u00ed plotry Z\u00fcnd jsou zn\u00e1m\u00e9 d\u00edky vysok\u00e9 p\u0159esnosti zpracov\u00e1n\u00ed. V\u0161echny komponenty - od pohon\u016f a\u017e po \u00a0\u010depel no\u017ee - jsou ji\u017e od n\u00e1vrhu perfektn\u011b slad\u011bny. T\u00edm V\u00e1m zajist\u00ed efektivn\u00ed v\u00fdrobu a perfektn\u00ed v\u00fdsledek.<\/p>\n<\/div>\n<\/div><\/div><\/div><\/div><div id=\"pg-608-9\"  class=\"panel-grid panel-no-style\" ><div id=\"pgc-608-9-0\"  class=\"panel-grid-cell\" ><div id=\"panel-608-9-0-0\" class=\"so-panel widget widget_sow-image panel-first-child panel-last-child\" data-index=\"20\" ><div\n\t\t\t\n\t\t\tclass=\"so-widget-sow-image so-widget-sow-image-default-8b5b6f678277-608\"\n\t\t\t\n\t\t>\n\n<div class=\"sow-image-container\">\n\t\t<img loading=\"lazy\" decoding=\"async\" src=\"https:\/\/www.neotec.cz\/zund\/wp-content\/uploads\/2016\/02\/G3-det5.png\" width=\"588\" height=\"392\" srcset=\"https:\/\/www.neotec.cz\/zund\/wp-content\/uploads\/2016\/02\/G3-det5.png 588w, https:\/\/www.neotec.cz\/zund\/wp-content\/uploads\/2016\/02\/G3-det5-300x200.png 300w, https:\/\/www.neotec.cz\/zund\/wp-content\/uploads\/2016\/02\/G3-det5-272x182.png 272w\" sizes=\"auto, (max-width: 588px) 100vw, 588px\" alt=\"hold-down\" \t\tclass=\"so-widget-image\"\/>\n\t<\/div>\n\n<\/div><\/div><\/div><div id=\"pgc-608-9-1\"  class=\"panel-grid-cell\" ><div id=\"panel-608-9-1-0\" class=\"so-panel widget widget_sow-editor panel-first-child panel-last-child\" data-index=\"21\" ><div\n\t\t\t\n\t\t\tclass=\"so-widget-sow-editor so-widget-sow-editor-base\"\n\t\t\t\n\t\t><h3 class=\"widget-title\">Efektivn\u00ed fixace materi\u00e1lu<\/h3>\n<div class=\"siteorigin-widget-tinymce textwidget\">\n\t<p>Materi\u00e1l je p\u0159idr\u017eov\u00e1n za pomoci vakua. Plocha vakua je rozd\u011blena do odd\u011blen\u00fdch z\u00f3n nastaviteln\u00e9 po cel\u00e9 \u0161\u00ed\u0159ce stroje. Vakuov\u00e9 gener\u00e1tory jsou energeticky \u00fasporn\u00e9 a zaru\u010duj\u00ed spolehlivou fixaci materi\u00e1lu b\u011bhem zpracov\u00e1n\u00ed.<\/p>\n<\/div>\n<\/div><\/div><\/div><\/div><div id=\"pg-608-10\"  class=\"panel-grid panel-no-style\" ><div id=\"pgc-608-10-0\"  class=\"panel-grid-cell\" ><div id=\"panel-608-10-0-0\" class=\"so-panel widget widget_sow-image panel-first-child panel-last-child\" data-index=\"22\" ><div\n\t\t\t\n\t\t\tclass=\"so-widget-sow-image so-widget-sow-image-default-8b5b6f678277-608\"\n\t\t\t\n\t\t>\n\n<div class=\"sow-image-container\">\n\t\t<img loading=\"lazy\" decoding=\"async\" src=\"https:\/\/www.neotec.cz\/zund\/wp-content\/uploads\/2016\/02\/d3det2-1.png\" width=\"588\" height=\"453\" srcset=\"https:\/\/www.neotec.cz\/zund\/wp-content\/uploads\/2016\/02\/d3det2-1.png 588w, https:\/\/www.neotec.cz\/zund\/wp-content\/uploads\/2016\/02\/d3det2-1-300x231.png 300w\" sizes=\"auto, (max-width: 588px) 100vw, 588px\" title=\"d3det2\" alt=\"\" \t\tclass=\"so-widget-image\"\/>\n\t<\/div>\n\n<\/div><\/div><\/div><div id=\"pgc-608-10-1\"  class=\"panel-grid-cell\" ><div id=\"panel-608-10-1-0\" class=\"so-panel widget widget_sow-editor panel-first-child panel-last-child\" data-index=\"23\" ><div\n\t\t\t\n\t\t\tclass=\"so-widget-sow-editor so-widget-sow-editor-base\"\n\t\t\t\n\t\t><h3 class=\"widget-title\">Ergonomie a posuv materi\u00e1lu<\/h3>\n<div class=\"siteorigin-widget-tinymce textwidget\">\n\t<p>Katr D3 m\u016f\u017ee b\u00fdt individu\u00e1ln\u011b vybaven prodlou\u017een\u00edm na ka\u017ed\u00e9 stran\u011b pracovn\u00edho stolu a s mo\u017enost\u00ed roz\u0161\u00ed\u0159en\u00ed o funkce pro manipulaci s materi\u00e1lem. To v\u00fdrazn\u011b zvy\u0161uje produktivitu katru na maximum a sni\u017euje manu\u00e1ln\u00ed manipulaci s materi\u00e1lem. Ergonomick\u00fd design katru zjednodu\u0161uje pr\u00e1ci oper\u00e1tora a zvy\u0161uje efektivitu v\u00fdroby je\u0161t\u011b v\u00edce.<\/p>\n<\/div>\n<\/div><\/div><\/div><\/div><div id=\"pg-608-11\"  class=\"panel-grid panel-no-style\" ><div id=\"pgc-608-11-0\"  class=\"panel-grid-cell\" ><div id=\"panel-608-11-0-0\" class=\"so-panel widget widget_sow-editor panel-first-child panel-last-child\" data-index=\"24\" ><div\n\t\t\t\n\t\t\tclass=\"so-widget-sow-editor so-widget-sow-editor-base\"\n\t\t\t\n\t\t><h3 class=\"widget-title\">Ke sta\u017een\u00ed<\/h3>\n<div class=\"siteorigin-widget-tinymce textwidget\">\n\t<p><a href=\"http:\/\/www.neotec.cz\/zund\/wp-content\/uploads\/2016\/02\/D3TechnicalOverview_CZ.pdf\" target=\"_blank\" rel=\"\">D3 Sezn\u00e1men\u00ed (CZ)<\/a><a href=\"http:\/\/www.neotec.cz\/zund\/wp-content\/uploads\/2016\/02\/D3TechnicalOverview_CZ.pdf\" target=\"_blank\"><img loading=\"lazy\" decoding=\"async\" class=\"alignleft wp-image-1108 size-full\" src=\"http:\/\/www.neotec.cz\/zund\/wp-content\/uploads\/2016\/02\/picPDF.png\" alt=\"picPDF\" width=\"32\" height=\"32\" \/><\/a><\/p>\n<p>&nbsp;<\/p>\n<p><a href=\"http:\/\/www.neotec.cz\/zund\/wp-content\/uploads\/2016\/06\/D3TechnicalData_CZ.pdf\" target=\"_blank\" rel=\"\">D3 Technick\u00fd list (CZ)<\/a><a href=\"http:\/\/www.neotec.cz\/zund\/wp-content\/uploads\/2016\/06\/D3TechnicalData_CZ.pdf\" target=\"_blank\"><img loading=\"lazy\" decoding=\"async\" class=\"alignleft wp-image-1108 size-full\" src=\"http:\/\/www.neotec.cz\/zund\/wp-content\/uploads\/2016\/02\/picPDF.png\" alt=\"picPDF\" width=\"32\" height=\"32\" \/><\/a><\/p>\n<\/div>\n<\/div><\/div><\/div><\/div><\/div>","protected":false},"excerpt":{"rendered":"<p>\u0158ezac\u00ed plotr D3 &#8211;\u00a0dokonal\u00fd v ka\u017ed\u00e9m detailu<\/p>\n","protected":false},"author":1,"featured_media":0,"parent":0,"menu_order":0,"comment_status":"closed","ping_status":"closed","template":"templates\/template-full-notitle.php","meta":{"footnotes":""},"class_list":["post-608","page","type-page","status-publish","hentry","post"],"_links":{"self":[{"href":"https:\/\/www.neotec.cz\/zund\/wp-json\/wp\/v2\/pages\/608","targetHints":{"allow":["GET"]}}],"collection":[{"href":"https:\/\/www.neotec.cz\/zund\/wp-json\/wp\/v2\/pages"}],"about":[{"href":"https:\/\/www.neotec.cz\/zund\/wp-json\/wp\/v2\/types\/page"}],"author":[{"embeddable":true,"href":"https:\/\/www.neotec.cz\/zund\/wp-json\/wp\/v2\/users\/1"}],"replies":[{"embeddable":true,"href":"https:\/\/www.neotec.cz\/zund\/wp-json\/wp\/v2\/comments?post=608"}],"version-history":[{"count":29,"href":"https:\/\/www.neotec.cz\/zund\/wp-json\/wp\/v2\/pages\/608\/revisions"}],"predecessor-version":[{"id":2102,"href":"https:\/\/www.neotec.cz\/zund\/wp-json\/wp\/v2\/pages\/608\/revisions\/2102"}],"wp:attachment":[{"href":"https:\/\/www.neotec.cz\/zund\/wp-json\/wp\/v2\/media?parent=608"}],"curies":[{"name":"wp","href":"https:\/\/api.w.org\/{rel}","templated":true}]}}