{"id":739,"date":"2016-02-24T11:20:19","date_gmt":"2016-02-24T10:20:19","guid":{"rendered":"http:\/\/www.neotec.cz\/zundnew\/?page_id=739"},"modified":"2024-02-26T14:39:40","modified_gmt":"2024-02-26T13:39:40","slug":"altsw","status":"publish","type":"page","link":"https:\/\/www.neotec.cz\/zund\/altsw\/","title":{"rendered":"Dal\u0161\u00ed programy"},"content":{"rendered":"<div id=\"pl-739\"  class=\"panel-layout\" ><div id=\"pg-739-0\"  class=\"panel-grid panel-no-style\" ><div id=\"pgc-739-0-0\"  class=\"panel-grid-cell\" ><div id=\"panel-739-0-0-0\" class=\"so-panel widget widget_sow-editor panel-first-child panel-last-child\" data-index=\"0\" ><div\n\t\t\t\n\t\t\tclass=\"so-widget-sow-editor so-widget-sow-editor-base\"\n\t\t\t\n\t\t>\n<div class=\"siteorigin-widget-tinymce textwidget\">\n\t<h2><strong>Dal\u0161\u00ed programy<\/strong><\/h2>\n<\/div>\n<\/div><\/div><\/div><\/div><div id=\"pg-739-1\"  class=\"panel-grid panel-no-style\" ><div id=\"pgc-739-1-0\"  class=\"panel-grid-cell\" ><div id=\"panel-739-1-0-0\" class=\"so-panel widget widget_circleicon-widget panel-first-child panel-last-child\" data-index=\"1\" >\t\t<div class=\"circle-icon-box circle-icon-position-top circle-icon-hide-box circle-icon-size-large \">\n\t\t\t\t\t\t\t<div class=\"circle-icon-wrapper\">\n\t\t\t\t\t\t\t\t\t\t<a href=\"http:\/\/www.neotec.cz\/zund\/software\/\" class=\"link-icon\" >\t\t\t\t\t<div class=\"circle-icon icon-style-set\" style=\"background-image: url(http:\/\/www.neotec.cz\/zund\/wp-content\/uploads\/2016\/02\/ic-zcc.png);background-color: #eeeeee\">\n\t\t\t\t\t\t\t\t\t\t\t<\/div>\n\t\t\t\t\t<\/a>\t\t\t\t<\/div>\n\t\t\t\n\t\t\t\t\t\t\t<a href=\"http:\/\/www.neotec.cz\/zund\/software\/\" class=\"link-title\" >\n\t\t\t\t\t\t\t\t\t\t\t\t\t<\/a>\n\t\t\t\n\t\t\t\t\t\t\t\t\t\t<a\n\t\t\t\t\thref=\"http:\/\/www.neotec.cz\/zund\/software\/\"\n\t\t\t\t\tclass=\"more-button\"\n\t\t\t\t\t\t\t\t\t\t\t\t\t\t>\n\t\t\t\t\tZCC Sezn\u00e1men\u00ed <i><\/i>\n\t\t\t\t<\/a>\n\t\t\t\t\t<\/div>\n\t\t<\/div><\/div><div id=\"pgc-739-1-1\"  class=\"panel-grid-cell\" ><div id=\"panel-739-1-1-0\" class=\"so-panel widget widget_circleicon-widget panel-first-child panel-last-child\" data-index=\"2\" >\t\t<div class=\"circle-icon-box circle-icon-position-top circle-icon-hide-box circle-icon-size-large \">\n\t\t\t\t\t\t\t<div class=\"circle-icon-wrapper\">\n\t\t\t\t\t\t\t\t\t\t<a href=\"http:\/\/www.neotec.cz\/zund\/zccdet\/\" class=\"link-icon\" >\t\t\t\t\t<div class=\"circle-icon icon-style-set\" style=\"background-image: url(http:\/\/www.neotec.cz\/zund\/wp-content\/uploads\/2016\/02\/ic-zccdet.png);background-color: #eeeeee\">\n\t\t\t\t\t\t\t\t\t\t\t<\/div>\n\t\t\t\t\t<\/a>\t\t\t\t<\/div>\n\t\t\t\n\t\t\t\t\t\t\t<a href=\"http:\/\/www.neotec.cz\/zund\/zccdet\/\" class=\"link-title\" >\n\t\t\t\t\t\t\t\t\t\t\t\t\t<\/a>\n\t\t\t\n\t\t\t\t\t\t\t\t\t\t<a\n\t\t\t\t\thref=\"http:\/\/www.neotec.cz\/zund\/zccdet\/\"\n\t\t\t\t\tclass=\"more-button\"\n\t\t\t\t\t\t\t\t\t\t\t\t\t\t>\n\t\t\t\t\tZCC Edice <i><\/i>\n\t\t\t\t<\/a>\n\t\t\t\t\t<\/div>\n\t\t<\/div><\/div><div id=\"pgc-739-1-2\"  class=\"panel-grid-cell\" ><div id=\"panel-739-1-2-0\" class=\"so-panel widget widget_circleicon-widget panel-first-child panel-last-child\" data-index=\"3\" >\t\t<div class=\"circle-icon-box circle-icon-position-top circle-icon-hide-box circle-icon-size-large \">\n\t\t\t\t\t\t\t<div class=\"circle-icon-wrapper\">\n\t\t\t\t\t\t\t\t\t\t<a href=\"http:\/\/www.neotec.cz\/zund\/zccvidea\" class=\"link-icon\" >\t\t\t\t\t<div class=\"circle-icon icon-style-set\" style=\"background-image: url(http:\/\/www.neotec.cz\/zund\/wp-content\/uploads\/2016\/02\/ic_zccvideo.png);background-color: #eeeeee\">\n\t\t\t\t\t\t\t\t\t\t\t<\/div>\n\t\t\t\t\t<\/a>\t\t\t\t<\/div>\n\t\t\t\n\t\t\t\t\t\t\t<a href=\"http:\/\/www.neotec.cz\/zund\/zccvidea\" class=\"link-title\" >\n\t\t\t\t\t\t\t\t\t\t\t\t\t<\/a>\n\t\t\t\n\t\t\t\t\t\t\t\t\t\t<a\n\t\t\t\t\thref=\"http:\/\/www.neotec.cz\/zund\/zccvidea\"\n\t\t\t\t\tclass=\"more-button\"\n\t\t\t\t\t\t\t\t\t\t\t\t\t\t>\n\t\t\t\t\tZCC Videa <i><\/i>\n\t\t\t\t<\/a>\n\t\t\t\t\t<\/div>\n\t\t<\/div><\/div><div id=\"pgc-739-1-3\"  class=\"panel-grid-cell\" ><div id=\"panel-739-1-3-0\" class=\"so-panel widget widget_circleicon-widget panel-first-child panel-last-child\" data-index=\"4\" >\t\t<div class=\"circle-icon-box circle-icon-position-top circle-icon-hide-box circle-icon-size-large \">\n\t\t\t\t\t\t\t<div class=\"circle-icon-wrapper\">\n\t\t\t\t\t\t\t\t\t\t<a href=\"http:\/\/www.neotec.cz\/zund\/zcczc\" class=\"link-icon\" >\t\t\t\t\t<div class=\"circle-icon icon-style-set\" style=\"background-image: url(https:\/\/www.neotec.cz\/zund\/wp-content\/uploads\/2022\/03\/ic-zccZC.png);background-color: #eeeeee\">\n\t\t\t\t\t\t\t\t\t\t\t<\/div>\n\t\t\t\t\t<\/a>\t\t\t\t<\/div>\n\t\t\t\n\t\t\t\t\t\t\t<a href=\"http:\/\/www.neotec.cz\/zund\/zcczc\" class=\"link-title\" >\n\t\t\t\t\t\t\t\t\t\t\t\t\t<\/a>\n\t\t\t\n\t\t\t\t\t\t\t\t\t\t<a\n\t\t\t\t\thref=\"http:\/\/www.neotec.cz\/zund\/zcczc\"\n\t\t\t\t\tclass=\"more-button\"\n\t\t\t\t\t\t\t\t\t\t\t\t\t\t>\n\t\t\t\t\tZ\u00fcnd Connect <i><\/i>\n\t\t\t\t<\/a>\n\t\t\t\t\t<\/div>\n\t\t<\/div><\/div><div id=\"pgc-739-1-4\"  class=\"panel-grid-cell\" ><div id=\"panel-739-1-4-0\" class=\"so-panel widget widget_circleicon-widget panel-first-child panel-last-child\" data-index=\"5\" >\t\t<div class=\"circle-icon-box circle-icon-position-top circle-icon-hide-box circle-icon-size-large \">\n\t\t\t\t\t\t\t<div class=\"circle-icon-wrapper\">\n\t\t\t\t\t\t\t\t\t\t<a href=\"http:\/\/www.neotec.cz\/zund\/zpc\" class=\"link-icon\" >\t\t\t\t\t<div class=\"circle-icon icon-style-set\" style=\"background-image: url(https:\/\/www.neotec.cz\/zund\/wp-content\/uploads\/2022\/03\/zpc-1.png);background-color: #eeeeee\">\n\t\t\t\t\t\t\t\t\t\t\t<\/div>\n\t\t\t\t\t<\/a>\t\t\t\t<\/div>\n\t\t\t\n\t\t\t\t\t\t\t<a href=\"http:\/\/www.neotec.cz\/zund\/zpc\" class=\"link-title\" >\n\t\t\t\t\t\t\t\t\t\t\t\t\t<\/a>\n\t\t\t\n\t\t\t\t\t\t\t\t\t\t<a\n\t\t\t\t\thref=\"http:\/\/www.neotec.cz\/zund\/zpc\"\n\t\t\t\t\tclass=\"more-button\"\n\t\t\t\t\t\t\t\t\t\t\t\t\t\t>\n\t\t\t\t\tZPC <i><\/i>\n\t\t\t\t<\/a>\n\t\t\t\t\t<\/div>\n\t\t<\/div><\/div><div id=\"pgc-739-1-5\"  class=\"panel-grid-cell\" ><div id=\"panel-739-1-5-0\" class=\"so-panel widget widget_circleicon-widget panel-first-child panel-last-child\" data-index=\"6\" >\t\t<div class=\"circle-icon-box circle-icon-position-top circle-icon-hide-box circle-icon-size-large \">\n\t\t\t\t\t\t\t<div class=\"circle-icon-wrapper\">\n\t\t\t\t\t\t\t\t\t\t<div class=\"circle-icon icon-style-set\" style=\"background-image: url(http:\/\/www.neotec.cz\/zund\/wp-content\/uploads\/2016\/02\/ic-altsw-1.png);background-color: #888888\">\n\t\t\t\t\t\t\t\t\t\t\t<\/div>\n\t\t\t\t\t\t\t\t\t<\/div>\n\t\t\t\n\t\t\t\t\t\t\t\t\t\n\t\t\t\t\t\t\t\t\t\t<a\n\t\t\t\t\thref=\"http:\/\/www.neotec.cz\/zund\/altsw\"\n\t\t\t\t\tclass=\"more-button\"\n\t\t\t\t\t\t\t\t\t\t\t\t\t\t>\n\t\t\t\t\tDal\u0161\u00ed software <i><\/i>\n\t\t\t\t<\/a>\n\t\t\t\t\t<\/div>\n\t\t<\/div><\/div><\/div><div id=\"pg-739-2\"  class=\"panel-grid panel-no-style\" ><div id=\"pgc-739-2-0\"  class=\"panel-grid-cell\" ><div id=\"panel-739-2-0-0\" class=\"so-panel widget widget_sow-editor panel-first-child panel-last-child\" data-index=\"7\" ><div\n\t\t\t\n\t\t\tclass=\"so-widget-sow-editor so-widget-sow-editor-base\"\n\t\t\t\n\t\t>\n<div class=\"siteorigin-widget-tinymce textwidget\">\n\t<p>Nab\u00eddku dal\u0161\u00edch program\u016f, bu\u010f spolupracuj\u00edc\u00edch se ZCC nebo zcela samostan\u00fdch, kter\u00e9 si \u0159e\u0161\u00ed i vlastn\u00ed ovl\u00e1d\u00e1n\u00ed plotru, V\u00e1m r\u00e1di poskytneme na vy\u017e\u00e1d\u00e1n\u00ed.<\/p>\n<p>M\u016f\u017eete n\u00e1s kontaktovat\u00a0<a href=\"http:\/\/www.neotec.cz\/zund\/kontakty\/\">zde<\/a>.<\/p>\n<p>Z nab\u00edzen\u00fdch program\u016f vyb\u00edr\u00e1me:<\/p>\n<\/div>\n<\/div><\/div><\/div><\/div><div id=\"pg-739-3\"  class=\"panel-grid panel-no-style\" ><div id=\"pgc-739-3-0\"  class=\"panel-grid-cell\" ><div id=\"panel-739-3-0-0\" class=\"so-panel widget widget_sow-image panel-first-child panel-last-child\" data-index=\"8\" ><div\n\t\t\t\n\t\t\tclass=\"so-widget-sow-image so-widget-sow-image-default-8b5b6f678277-739\"\n\t\t\t\n\t\t>\n\n<div class=\"sow-image-container\">\n\t\t<img loading=\"lazy\" decoding=\"async\" src=\"https:\/\/www.neotec.cz\/zund\/wp-content\/uploads\/2016\/02\/zdc.png\" width=\"122\" height=\"150\" srcset=\"https:\/\/www.neotec.cz\/zund\/wp-content\/uploads\/2016\/02\/zdc.png 380w, https:\/\/www.neotec.cz\/zund\/wp-content\/uploads\/2016\/02\/zdc-244x300.png 244w\" sizes=\"auto, (max-width: 122px) 100vw, 122px\" alt=\"zdc\" \t\tclass=\"so-widget-image\"\/>\n\t<\/div>\n\n<\/div><\/div><\/div><div id=\"pgc-739-3-1\"  class=\"panel-grid-cell\" ><div id=\"panel-739-3-1-0\" class=\"so-panel widget widget_sow-editor panel-first-child panel-last-child\" data-index=\"9\" ><div\n\t\t\t\n\t\t\tclass=\"so-widget-sow-editor so-widget-sow-editor-base\"\n\t\t\t\n\t\t><h3 class=\"widget-title\">ZDC - Z\u00fcnd Design Center<\/h3>\n<div class=\"siteorigin-widget-tinymce textwidget\">\n\t<p>ZDC je plugin do programu Adobe\u00ae Illustrator\u00ae pro vytv\u00e1\u0159en\u00ed t\u0159\u00edrozm\u011brn\u00fdch \u00a0konstrukc\u00ed obal\u016f a reklamn\u00edch stojan\u016f vyr\u00e1b\u011bn\u00fdch z kartonu, vlnit\u00e9 lepenky a sandwichov\u00fdch materi\u00e1l\u016f.<\/p>\n<p>J\u00e1drem ZDC je komplexn\u00ed knihovna konstrukc\u00ed, z kter\u00e9 si u\u017eivatel vybere typ konstrukce a po zad\u00e1n\u00ed parametr\u016f (rozm\u011br\u016f, tlou\u0161\u0165ky materi\u00e1lu, ...) vznikne ji\u017e po\u017eadovan\u00e1 konstrukce. Do t\u00e9 si n\u00e1sledn\u011b m\u016f\u017ee p\u0159idat dal\u0161\u00ed designov\u00e9 prvky, um\u00edst\u00edt \u00a0ti\u0161t\u011bnou grafiku, apod.\u00a0<\/p>\n<\/div>\n<\/div><\/div><\/div><\/div><div id=\"pg-739-4\"  class=\"panel-grid panel-no-style\" ><div id=\"pgc-739-4-0\"  class=\"panel-grid-cell\" ><div id=\"panel-739-4-0-0\" class=\"so-panel widget widget_sow-image panel-first-child panel-last-child\" data-index=\"10\" ><div\n\t\t\t\n\t\t\tclass=\"so-widget-sow-image so-widget-sow-image-default-8b5b6f678277-739\"\n\t\t\t\n\t\t>\n\n<div class=\"sow-image-container\">\n\t\t<img loading=\"lazy\" decoding=\"async\" src=\"https:\/\/www.neotec.cz\/zund\/wp-content\/uploads\/2016\/02\/GTK.png\" width=\"107\" height=\"150\" srcset=\"https:\/\/www.neotec.cz\/zund\/wp-content\/uploads\/2016\/02\/GTK.png 250w, https:\/\/www.neotec.cz\/zund\/wp-content\/uploads\/2016\/02\/GTK-214x300.png 214w\" sizes=\"auto, (max-width: 107px) 100vw, 107px\" alt=\"GTK\" \t\tclass=\"so-widget-image\"\/>\n\t<\/div>\n\n<\/div><\/div><\/div><div id=\"pgc-739-4-1\"  class=\"panel-grid-cell\" ><div id=\"panel-739-4-1-0\" class=\"so-panel widget widget_sow-editor panel-first-child panel-last-child\" data-index=\"11\" ><div\n\t\t\t\n\t\t\tclass=\"so-widget-sow-editor so-widget-sow-editor-base\"\n\t\t\t\n\t\t><h3 class=\"widget-title\">GTK Cut<\/h3>\n<div class=\"siteorigin-widget-tinymce textwidget\">\n\t<p>GTK Cut je konstruk\u010dn\u00ed program typu CAD, kter\u00fd mimo jin\u00e9 obsahuje i modul pro vlastn\u00ed zpracov\u00e1n\u00ed na plotru. V jeho p\u0159\u00edpad\u011b tedy nen\u00ed nutn\u00e9 m\u00edt sou\u010dasn\u011b i program ZCC. \u00a0Tento program je k dispozici v r\u016fzn\u00fdch verz\u00edch a s r\u016fzn\u00fdmi p\u0159\u00eddavn\u00fdmi moduly. Takto je mo\u017eno vybrat pouze ty funkce, kter\u00e9 jsou pro va\u0161i v\u00fdrobu skute\u010dn\u011b nutn\u00e9 a t\u00edm doc\u00edlit dobr\u00e9ho pom\u011bru funkce\/cena. Pokud b\u011bhem roz\u0161\u00ed\u0159en\u00ed Va\u0161\u00ed v\u00fdroby zjist\u00edte, \u017ee v\u00e1m n\u011bkter\u00e1 funkce chyb\u00ed, lze ji jednotliv\u011b dokoupit.\u00a0<\/p>\n<\/div>\n<\/div><\/div><\/div><\/div><div id=\"pg-739-5\"  class=\"panel-grid panel-no-style\" ><div id=\"pgc-739-5-0\"  class=\"panel-grid-cell\" ><div id=\"panel-739-5-0-0\" class=\"so-panel widget widget_sow-editor panel-first-child panel-last-child\" data-index=\"12\" ><div\n\t\t\t\n\t\t\tclass=\"so-widget-sow-editor so-widget-sow-editor-base\"\n\t\t\t\n\t\t><h3 class=\"widget-title\">Programy pro p\u0159\u00edpravu p\u0159edti\u0161t\u011bn\u00fdch \u00faloh<\/h3>\n<div class=\"siteorigin-widget-tinymce textwidget\">\n\t<p>Tyto programy slou\u017e\u00ed pro jednoduchou p\u0159\u00edpravu tiskov\u00fdch a \u0159ezn\u00fdch dat. \u00a0N\u00e1stroje jsou propojiteln\u00e9 se softwarem ZCC z n\u011bho\u017e pot\u00e9 vyu\u017e\u00edvaj\u00ed i materi\u00e1lovou datab\u00e1zi. Umo\u017e\u0148uj\u00ed naimportovat grafick\u00e1 data z mnoha r\u016fzn\u00fdch vektorov\u00fdch i bitmapov\u00fdch form\u00e1t\u016f. Vybrat p\u0159\u00edp. vytvo\u0159it \u010di upravit o\u0159ezovou linii, upravit m\u011b\u0159\u00edtko, vybrat pro dal\u0161\u00ed zpracov\u00e1n\u00ed pouze \u010d\u00e1st p\u016fvodn\u00ed grafiky,... U v\u011bt\u0161\u00edch objekt\u016f provedou rozd\u011blen\u00ed na panely dle form\u00e1tu zpracov\u00e1van\u00e9ho materi\u00e1lu. V p\u0159\u00edpad\u011b men\u0161\u00edch objekt\u016f z optimalizuj\u00ed jejich rozm\u00edst\u011bn\u00ed na zvolen\u00fd arch materi\u00e1lu. Vlo\u017een\u00edm registra\u010dn\u00edch zna\u010dek a \u010d\u00e1rov\u00fdch k\u00f3d\u016f zaji\u0161\u0165uj\u00ed dokonal\u00e9 prov\u00e1z\u00e1n\u00ed tisku s f\u00e1z\u00ed \u0159ez\u00e1n\u00ed. V\u00fdstupem jsou p\u0159ipraven\u00e1 data pro tiskov\u00fd syst\u00e9m a \u0159ezac\u00ed data odeslan\u00e1 ke zpracov\u00e1n\u00ed do fronty \u00faloh na \u0159ezac\u00edm plotru.<\/p>\n<p><img loading=\"lazy\" decoding=\"async\" class=\"alignnone wp-image-756 size-full\" src=\"http:\/\/www.neotec.cz\/zund\/wp-content\/uploads\/2016\/02\/prepareit.png\" alt=\"prepare-it\" width=\"1095\" height=\"240\" srcset=\"https:\/\/www.neotec.cz\/zund\/wp-content\/uploads\/2016\/02\/prepareit.png 1095w, https:\/\/www.neotec.cz\/zund\/wp-content\/uploads\/2016\/02\/prepareit-300x66.png 300w, https:\/\/www.neotec.cz\/zund\/wp-content\/uploads\/2016\/02\/prepareit-768x168.png 768w, https:\/\/www.neotec.cz\/zund\/wp-content\/uploads\/2016\/02\/prepareit-1024x224.png 1024w\" sizes=\"auto, (max-width: 1095px) 100vw, 1095px\" \/><\/p>\n<p>Mezi z\u00e1stupce t\u011bchto program\u016f pat\u0159\u00ed:<\/p>\n<p><img loading=\"lazy\" decoding=\"async\" class=\"size-full wp-image-758 alignleft\" src=\"http:\/\/www.neotec.cz\/zund\/wp-content\/uploads\/2016\/02\/prepareitlo.png\" alt=\"prepareit\" width=\"292\" height=\"112\" \/>\u00a0 \u00a0 \u00a0 \u00a0 \u00a0 \u00a0 \u00a0 \u00a0 \u00a0 \u00a0 \u00a0<img loading=\"lazy\" decoding=\"async\" class=\"wp-image-759 alignnone\" src=\"https:\/\/www.neotec.cz\/zund\/wp-content\/uploads\/2022\/03\/primecenter.png\" alt=\"prep center\" width=\"136\" height=\"115\" \/><\/p>\n<\/div>\n<\/div><\/div><\/div><\/div><\/div>","protected":false},"excerpt":{"rendered":"<p>Dal\u0161\u00ed programy<\/p>\n","protected":false},"author":1,"featured_media":0,"parent":0,"menu_order":0,"comment_status":"closed","ping_status":"closed","template":"templates\/template-full-notitle.php","meta":{"footnotes":""},"class_list":["post-739","page","type-page","status-publish","hentry","post"],"_links":{"self":[{"href":"https:\/\/www.neotec.cz\/zund\/wp-json\/wp\/v2\/pages\/739","targetHints":{"allow":["GET"]}}],"collection":[{"href":"https:\/\/www.neotec.cz\/zund\/wp-json\/wp\/v2\/pages"}],"about":[{"href":"https:\/\/www.neotec.cz\/zund\/wp-json\/wp\/v2\/types\/page"}],"author":[{"embeddable":true,"href":"https:\/\/www.neotec.cz\/zund\/wp-json\/wp\/v2\/users\/1"}],"replies":[{"embeddable":true,"href":"https:\/\/www.neotec.cz\/zund\/wp-json\/wp\/v2\/comments?post=739"}],"version-history":[{"count":29,"href":"https:\/\/www.neotec.cz\/zund\/wp-json\/wp\/v2\/pages\/739\/revisions"}],"predecessor-version":[{"id":2777,"href":"https:\/\/www.neotec.cz\/zund\/wp-json\/wp\/v2\/pages\/739\/revisions\/2777"}],"wp:attachment":[{"href":"https:\/\/www.neotec.cz\/zund\/wp-json\/wp\/v2\/media?parent=739"}],"curies":[{"name":"wp","href":"https:\/\/api.w.org\/{rel}","templated":true}]}}