{"id":793,"date":"2016-02-24T16:21:26","date_gmt":"2016-02-24T15:21:26","guid":{"rendered":"http:\/\/www.neotec.cz\/zundnew\/?page_id=793"},"modified":"2016-02-25T08:02:28","modified_gmt":"2016-02-25T07:02:28","slug":"kuze-3","status":"publish","type":"page","link":"https:\/\/www.neotec.cz\/zund\/kuze-3\/","title":{"rendered":"AppK\u016f\u017ee"},"content":{"rendered":"<div id=\"pl-793\"  class=\"panel-layout\" ><div id=\"pg-793-0\"  class=\"panel-grid panel-no-style\" ><div id=\"pgc-793-0-0\"  class=\"panel-grid-cell\" ><div id=\"panel-793-0-0-0\" class=\"so-panel widget widget_sow-editor panel-first-child panel-last-child\" data-index=\"0\" ><div\n\t\t\t\n\t\t\tclass=\"so-widget-sow-editor so-widget-sow-editor-base\"\n\t\t\t\n\t\t>\n<div class=\"siteorigin-widget-tinymce textwidget\">\n\t<h1><strong>Aplikace dle materi\u00e1lu - K\u016f\u017ee<\/strong><\/h1>\n<\/div>\n<\/div><\/div><\/div><\/div><div id=\"pg-793-1\"  class=\"panel-grid panel-no-style\" ><div id=\"pgc-793-1-0\"  class=\"panel-grid-cell\" ><div id=\"panel-793-1-0-0\" class=\"so-panel widget widget_sow-image panel-first-child panel-last-child\" data-index=\"1\" ><div\n\t\t\t\n\t\t\tclass=\"so-widget-sow-image so-widget-sow-image-default-8b5b6f678277-793\"\n\t\t\t\n\t\t>\n\n<div class=\"sow-image-container\">\n\t\t<img loading=\"lazy\" decoding=\"async\" src=\"https:\/\/www.neotec.cz\/zund\/wp-content\/uploads\/2016\/02\/kuze1.png\" width=\"351\" height=\"351\" srcset=\"https:\/\/www.neotec.cz\/zund\/wp-content\/uploads\/2016\/02\/kuze1.png 351w, https:\/\/www.neotec.cz\/zund\/wp-content\/uploads\/2016\/02\/kuze1-150x150.png 150w, https:\/\/www.neotec.cz\/zund\/wp-content\/uploads\/2016\/02\/kuze1-300x300.png 300w\" sizes=\"auto, (max-width: 351px) 100vw, 351px\" alt=\"K\u016f\u017ee\" \t\tclass=\"so-widget-image\"\/>\n\t<\/div>\n\n<\/div><\/div><\/div><div id=\"pgc-793-1-1\"  class=\"panel-grid-cell\" ><div id=\"panel-793-1-1-0\" class=\"so-panel widget widget_sow-editor panel-first-child panel-last-child\" data-index=\"2\" ><div\n\t\t\t\n\t\t\tclass=\"so-widget-sow-editor so-widget-sow-editor-base\"\n\t\t\t\n\t\t><h3 class=\"widget-title\">Materi\u00e1ly<\/h3>\n<div class=\"siteorigin-widget-tinymce textwidget\">\n\t<ul>\n<li>svr\u0161kov\u00e9 materi\u00e1ly<\/li>\n<li>p\u0159\u00edrodn\u00ed k\u016f\u017ee<\/li>\n<li>syntetick\u00e9 k\u016f\u017ee<\/li>\n<li>sedadlov\u00e9 k\u016f\u017ee<\/li>\n<li>obuvnick\u00e9 k\u016f\u017ee<\/li>\n<li>pode\u0161vov\u00e9 k\u016f\u017ee<\/li>\n<\/ul>\n<\/div>\n<\/div><\/div><\/div><div id=\"pgc-793-1-2\"  class=\"panel-grid-cell\" ><div id=\"panel-793-1-2-0\" class=\"so-panel widget widget_sow-editor panel-first-child panel-last-child\" data-index=\"3\" ><div\n\t\t\t\n\t\t\tclass=\"so-widget-sow-editor so-widget-sow-editor-base\"\n\t\t\t\n\t\t><h3 class=\"widget-title\">N\u00e1strojov\u00e9 moduly<\/h3>\n<div class=\"siteorigin-widget-tinymce textwidget\">\n\t<ul>\n<li>Univerz\u00e1ln\u00ed modul<br \/>(UM-ZS, UM-S)<\/li>\n<li>Vysek\u00e1vac\u00ed modul<br \/>(PUM,PMM-S)<\/li>\n<li>Vykreslovac\u00ed modul<br \/>(MAM)<\/li>\n<\/ul>\n<\/div>\n<\/div><\/div><\/div><div id=\"pgc-793-1-3\"  class=\"panel-grid-cell\" ><div id=\"panel-793-1-3-0\" class=\"so-panel widget widget_sow-editor panel-first-child panel-last-child\" data-index=\"4\" ><div\n\t\t\t\n\t\t\tclass=\"so-widget-sow-editor so-widget-sow-editor-base\"\n\t\t\t\n\t\t><h3 class=\"widget-title\">N\u00e1stroje pro UM<\/h3>\n<div class=\"siteorigin-widget-tinymce textwidget\">\n\t<ul>\n<li>Elektrick\u00fd oscila\u010dn\u00ed n\u00e1stroj <br \/>(EOT-3, EOT-250)<\/li>\n<li>Popisovac\u00ed n\u00e1stroj<br \/>(UDT)<\/li>\n<\/ul>\n<\/div>\n<\/div><\/div><\/div><\/div><div id=\"pg-793-2\"  class=\"panel-grid panel-no-style\" ><div id=\"pgc-793-2-0\"  class=\"panel-grid-cell\" ><div id=\"panel-793-2-0-0\" class=\"so-panel widget widget_sow-editor panel-first-child panel-last-child\" data-index=\"5\" ><div\n\t\t\t\n\t\t\tclass=\"so-widget-sow-editor so-widget-sow-editor-base\"\n\t\t\t\n\t\t><h3 class=\"widget-title\">Aplikace<\/h3>\n<div class=\"siteorigin-widget-tinymce textwidget\">\n\t\n\t\t<style type=\"text\/css\">\n\t\t\t#gallery-1 {\n\t\t\t\tmargin: auto;\n\t\t\t}\n\t\t\t#gallery-1 .gallery-item {\n\t\t\t\tfloat: left;\n\t\t\t\tmargin-top: 10px;\n\t\t\t\ttext-align: center;\n\t\t\t\twidth: 20%;\n\t\t\t}\n\t\t\t#gallery-1 img {\n\t\t\t\tborder: 2px solid #cfcfcf;\n\t\t\t}\n\t\t\t#gallery-1 .gallery-caption {\n\t\t\t\tmargin-left: 0;\n\t\t\t}\n\t\t\t\/* see gallery_shortcode() in wp-includes\/media.php *\/\n\t\t<\/style>\n\t\t<div id='gallery-1' class='gallery galleryid-793 gallery-columns-5 gallery-size-thumbnail'><dl class='gallery-item'>\n\t\t\t<dt class='gallery-icon landscape'>\n\t\t\t\t<img loading=\"lazy\" decoding=\"async\" width=\"150\" height=\"150\" src=\"https:\/\/www.neotec.cz\/zund\/wp-content\/uploads\/2016\/02\/kuze9-150x150.png\" class=\"attachment-thumbnail size-thumbnail\" alt=\"\" aria-describedby=\"gallery-1-813\" srcset=\"https:\/\/www.neotec.cz\/zund\/wp-content\/uploads\/2016\/02\/kuze9-150x150.png 150w, https:\/\/www.neotec.cz\/zund\/wp-content\/uploads\/2016\/02\/kuze9.png 192w\" sizes=\"auto, (max-width: 150px) 100vw, 150px\" \/>\n\t\t\t<\/dt>\n\t\t\t\t<dd class='wp-caption-text gallery-caption' id='gallery-1-813'>\n\t\t\t\t\u010caloun\u011bn\u00ed sedadel\n\t\t\t\t<\/dd><\/dl><dl class='gallery-item'>\n\t\t\t<dt class='gallery-icon landscape'>\n\t\t\t\t<img loading=\"lazy\" decoding=\"async\" width=\"150\" height=\"150\" src=\"https:\/\/www.neotec.cz\/zund\/wp-content\/uploads\/2016\/02\/kuze7-150x150.png\" class=\"attachment-thumbnail size-thumbnail\" alt=\"\" aria-describedby=\"gallery-1-811\" srcset=\"https:\/\/www.neotec.cz\/zund\/wp-content\/uploads\/2016\/02\/kuze7-150x150.png 150w, https:\/\/www.neotec.cz\/zund\/wp-content\/uploads\/2016\/02\/kuze7.png 192w\" sizes=\"auto, (max-width: 150px) 100vw, 150px\" \/>\n\t\t\t<\/dt>\n\t\t\t\t<dd class='wp-caption-text gallery-caption' id='gallery-1-811'>\n\t\t\t\tPen\u011b\u017eenky\n\t\t\t\t<\/dd><\/dl><dl class='gallery-item'>\n\t\t\t<dt class='gallery-icon landscape'>\n\t\t\t\t<img loading=\"lazy\" decoding=\"async\" width=\"150\" height=\"150\" src=\"https:\/\/www.neotec.cz\/zund\/wp-content\/uploads\/2016\/02\/kuze8-150x150.png\" class=\"attachment-thumbnail size-thumbnail\" alt=\"\" aria-describedby=\"gallery-1-812\" srcset=\"https:\/\/www.neotec.cz\/zund\/wp-content\/uploads\/2016\/02\/kuze8-150x150.png 150w, https:\/\/www.neotec.cz\/zund\/wp-content\/uploads\/2016\/02\/kuze8.png 192w\" sizes=\"auto, (max-width: 150px) 100vw, 150px\" \/>\n\t\t\t<\/dt>\n\t\t\t\t<dd class='wp-caption-text gallery-caption' id='gallery-1-812'>\n\t\t\t\tRukavice\n\t\t\t\t<\/dd><\/dl><dl class='gallery-item'>\n\t\t\t<dt class='gallery-icon landscape'>\n\t\t\t\t<img loading=\"lazy\" decoding=\"async\" width=\"150\" height=\"150\" src=\"https:\/\/www.neotec.cz\/zund\/wp-content\/uploads\/2016\/02\/kuze6-150x150.png\" class=\"attachment-thumbnail size-thumbnail\" alt=\"\" aria-describedby=\"gallery-1-810\" srcset=\"https:\/\/www.neotec.cz\/zund\/wp-content\/uploads\/2016\/02\/kuze6-150x150.png 150w, https:\/\/www.neotec.cz\/zund\/wp-content\/uploads\/2016\/02\/kuze6.png 192w\" sizes=\"auto, (max-width: 150px) 100vw, 150px\" \/>\n\t\t\t<\/dt>\n\t\t\t\t<dd class='wp-caption-text gallery-caption' id='gallery-1-810'>\n\t\t\t\tObuv\n\t\t\t\t<\/dd><\/dl><dl class='gallery-item'>\n\t\t\t<dt class='gallery-icon landscape'>\n\t\t\t\t<img loading=\"lazy\" decoding=\"async\" width=\"150\" height=\"150\" src=\"https:\/\/www.neotec.cz\/zund\/wp-content\/uploads\/2016\/02\/kuze5-150x150.png\" class=\"attachment-thumbnail size-thumbnail\" alt=\"\" aria-describedby=\"gallery-1-809\" srcset=\"https:\/\/www.neotec.cz\/zund\/wp-content\/uploads\/2016\/02\/kuze5-150x150.png 150w, https:\/\/www.neotec.cz\/zund\/wp-content\/uploads\/2016\/02\/kuze5.png 192w\" sizes=\"auto, (max-width: 150px) 100vw, 150px\" \/>\n\t\t\t<\/dt>\n\t\t\t\t<dd class='wp-caption-text gallery-caption' id='gallery-1-809'>\n\t\t\t\t\u010caloun\u011bn\u00ed interi\u00e9ru\n\t\t\t\t<\/dd><\/dl><br style=\"clear: both\" \/><dl class='gallery-item'>\n\t\t\t<dt class='gallery-icon landscape'>\n\t\t\t\t<img loading=\"lazy\" decoding=\"async\" width=\"150\" height=\"150\" src=\"https:\/\/www.neotec.cz\/zund\/wp-content\/uploads\/2016\/02\/kuze4-150x150.png\" class=\"attachment-thumbnail size-thumbnail\" alt=\"\" aria-describedby=\"gallery-1-808\" srcset=\"https:\/\/www.neotec.cz\/zund\/wp-content\/uploads\/2016\/02\/kuze4-150x150.png 150w, https:\/\/www.neotec.cz\/zund\/wp-content\/uploads\/2016\/02\/kuze4.png 192w\" sizes=\"auto, (max-width: 150px) 100vw, 150px\" \/>\n\t\t\t<\/dt>\n\t\t\t\t<dd class='wp-caption-text gallery-caption' id='gallery-1-808'>\n\t\t\t\tKabelky\n\t\t\t\t<\/dd><\/dl><dl class='gallery-item'>\n\t\t\t<dt class='gallery-icon landscape'>\n\t\t\t\t<img loading=\"lazy\" decoding=\"async\" width=\"150\" height=\"150\" src=\"https:\/\/www.neotec.cz\/zund\/wp-content\/uploads\/2016\/02\/kuze3-150x150.png\" class=\"attachment-thumbnail size-thumbnail\" alt=\"\" aria-describedby=\"gallery-1-807\" srcset=\"https:\/\/www.neotec.cz\/zund\/wp-content\/uploads\/2016\/02\/kuze3-150x150.png 150w, https:\/\/www.neotec.cz\/zund\/wp-content\/uploads\/2016\/02\/kuze3.png 192w\" sizes=\"auto, (max-width: 150px) 100vw, 150px\" \/>\n\t\t\t<\/dt>\n\t\t\t\t<dd class='wp-caption-text gallery-caption' id='gallery-1-807'>\n\t\t\t\tSvr\u0161ky obuvy\n\t\t\t\t<\/dd><\/dl><dl class='gallery-item'>\n\t\t\t<dt class='gallery-icon landscape'>\n\t\t\t\t<img loading=\"lazy\" decoding=\"async\" width=\"150\" height=\"150\" src=\"https:\/\/www.neotec.cz\/zund\/wp-content\/uploads\/2016\/02\/kuze2-150x150.png\" class=\"attachment-thumbnail size-thumbnail\" alt=\"\" aria-describedby=\"gallery-1-806\" srcset=\"https:\/\/www.neotec.cz\/zund\/wp-content\/uploads\/2016\/02\/kuze2-150x150.png 150w, https:\/\/www.neotec.cz\/zund\/wp-content\/uploads\/2016\/02\/kuze2.png 192w\" sizes=\"auto, (max-width: 150px) 100vw, 150px\" \/>\n\t\t\t<\/dt>\n\t\t\t\t<dd class='wp-caption-text gallery-caption' id='gallery-1-806'>\n\t\t\t\tAktovky\n\t\t\t\t<\/dd><\/dl><dl class='gallery-item'>\n\t\t\t<dt class='gallery-icon landscape'>\n\t\t\t\t<img loading=\"lazy\" decoding=\"async\" width=\"150\" height=\"150\" src=\"https:\/\/www.neotec.cz\/zund\/wp-content\/uploads\/2016\/02\/kuze10-150x150.png\" class=\"attachment-thumbnail size-thumbnail\" alt=\"\" aria-describedby=\"gallery-1-805\" srcset=\"https:\/\/www.neotec.cz\/zund\/wp-content\/uploads\/2016\/02\/kuze10-150x150.png 150w, https:\/\/www.neotec.cz\/zund\/wp-content\/uploads\/2016\/02\/kuze10.png 192w\" sizes=\"auto, (max-width: 150px) 100vw, 150px\" \/>\n\t\t\t<\/dt>\n\t\t\t\t<dd class='wp-caption-text gallery-caption' id='gallery-1-805'>\n\t\t\t\tPodr\u00e1\u017eky\n\t\t\t\t<\/dd><\/dl>\n\t\t\t<br style='clear: both' \/>\n\t\t<\/div>\n\n<\/div>\n<\/div><\/div><\/div><\/div><\/div>","protected":false},"excerpt":{"rendered":"<p>Aplikace dle materi\u00e1lu &#8211; K\u016f\u017ee svr\u0161kov\u00e9 materi\u00e1lyp\u0159\u00edrodn\u00ed k\u016f\u017eesyntetick\u00e9 k\u016f\u017eesedadlov\u00e9 k\u016f\u017eeobuvnick\u00e9 k\u016f\u017eepode\u0161vov\u00e9 k\u016f\u017ee Univerz\u00e1ln\u00ed modul(UM-ZS, UM-S) Vysek\u00e1vac\u00ed modul(PUM,PMM-S) Vykreslovac\u00ed modul(MAM) Elektrick\u00fd oscila\u010dn\u00ed n\u00e1stroj (EOT-3, EOT-250) Popisovac\u00ed n\u00e1stroj(UDT)<\/p>\n","protected":false},"author":1,"featured_media":0,"parent":0,"menu_order":0,"comment_status":"closed","ping_status":"closed","template":"templates\/template-full-notitle.php","meta":{"footnotes":""},"class_list":["post-793","page","type-page","status-publish","hentry","post"],"_links":{"self":[{"href":"https:\/\/www.neotec.cz\/zund\/wp-json\/wp\/v2\/pages\/793","targetHints":{"allow":["GET"]}}],"collection":[{"href":"https:\/\/www.neotec.cz\/zund\/wp-json\/wp\/v2\/pages"}],"about":[{"href":"https:\/\/www.neotec.cz\/zund\/wp-json\/wp\/v2\/types\/page"}],"author":[{"embeddable":true,"href":"https:\/\/www.neotec.cz\/zund\/wp-json\/wp\/v2\/users\/1"}],"replies":[{"embeddable":true,"href":"https:\/\/www.neotec.cz\/zund\/wp-json\/wp\/v2\/comments?post=793"}],"version-history":[{"count":25,"href":"https:\/\/www.neotec.cz\/zund\/wp-json\/wp\/v2\/pages\/793\/revisions"}],"predecessor-version":[{"id":899,"href":"https:\/\/www.neotec.cz\/zund\/wp-json\/wp\/v2\/pages\/793\/revisions\/899"}],"wp:attachment":[{"href":"https:\/\/www.neotec.cz\/zund\/wp-json\/wp\/v2\/media?parent=793"}],"curies":[{"name":"wp","href":"https:\/\/api.w.org\/{rel}","templated":true}]}}