{"id":900,"date":"2016-02-25T08:16:17","date_gmt":"2016-02-25T07:16:17","guid":{"rendered":"http:\/\/www.neotec.cz\/zundnew\/?page_id=900"},"modified":"2016-02-25T08:25:58","modified_gmt":"2016-02-25T07:25:58","slug":"apphlinik","status":"publish","type":"page","link":"https:\/\/www.neotec.cz\/zund\/apphlinik\/","title":{"rendered":"AppHlin\u00edk"},"content":{"rendered":"<div id=\"pl-900\"  class=\"panel-layout\" ><div id=\"pg-900-0\"  class=\"panel-grid panel-no-style\" ><div id=\"pgc-900-0-0\"  class=\"panel-grid-cell\" ><div id=\"panel-900-0-0-0\" class=\"so-panel widget widget_sow-editor panel-first-child panel-last-child\" data-index=\"0\" ><div\n\t\t\t\n\t\t\tclass=\"so-widget-sow-editor so-widget-sow-editor-base\"\n\t\t\t\n\t\t>\n<div class=\"siteorigin-widget-tinymce textwidget\">\n\t<h1><strong>Aplikace dle materi\u00e1lu - Hlin\u00edk<\/strong><\/h1>\n<\/div>\n<\/div><\/div><\/div><\/div><div id=\"pg-900-1\"  class=\"panel-grid panel-no-style\" ><div id=\"pgc-900-1-0\"  class=\"panel-grid-cell\" ><div id=\"panel-900-1-0-0\" class=\"so-panel widget widget_sow-image panel-first-child panel-last-child\" data-index=\"1\" ><div\n\t\t\t\n\t\t\tclass=\"so-widget-sow-image so-widget-sow-image-default-8b5b6f678277-900\"\n\t\t\t\n\t\t>\n\n<div class=\"sow-image-container\">\n\t\t<img loading=\"lazy\" decoding=\"async\" src=\"https:\/\/www.neotec.cz\/zund\/wp-content\/uploads\/2016\/02\/hlinik-1.png\" width=\"351\" height=\"351\" srcset=\"https:\/\/www.neotec.cz\/zund\/wp-content\/uploads\/2016\/02\/hlinik-1.png 351w, https:\/\/www.neotec.cz\/zund\/wp-content\/uploads\/2016\/02\/hlinik-1-150x150.png 150w, https:\/\/www.neotec.cz\/zund\/wp-content\/uploads\/2016\/02\/hlinik-1-300x300.png 300w\" sizes=\"auto, (max-width: 351px) 100vw, 351px\" title=\"hlinik\" alt=\"Hlin\u00edk\" \t\tclass=\"so-widget-image\"\/>\n\t<\/div>\n\n<\/div><\/div><\/div><div id=\"pgc-900-1-1\"  class=\"panel-grid-cell\" ><div id=\"panel-900-1-1-0\" class=\"so-panel widget widget_sow-editor panel-first-child panel-last-child\" data-index=\"2\" ><div\n\t\t\t\n\t\t\tclass=\"so-widget-sow-editor so-widget-sow-editor-base\"\n\t\t\t\n\t\t><h3 class=\"widget-title\">Materi\u00e1ly<\/h3>\n<div class=\"siteorigin-widget-tinymce textwidget\">\n\t<ul>\n<li>hlin\u00edk<\/li>\n<\/ul>\n<\/div>\n<\/div><\/div><\/div><div id=\"pgc-900-1-2\"  class=\"panel-grid-cell\" ><div id=\"panel-900-1-2-0\" class=\"so-panel widget widget_sow-editor panel-first-child panel-last-child\" data-index=\"3\" ><div\n\t\t\t\n\t\t\tclass=\"so-widget-sow-editor so-widget-sow-editor-base\"\n\t\t\t\n\t\t><h3 class=\"widget-title\">N\u00e1strojov\u00e9 moduly<\/h3>\n<div class=\"siteorigin-widget-tinymce textwidget\">\n\t<ul>\n<li>Univerz\u00e1ln\u00ed modul<br \/>(UM-ZS, UM-S)<\/li>\n<li>Fr\u00e9zovac\u00ed modul<br \/>(RM-A, RM-S)<\/li>\n<li>Vykreslovac\u00ed modul<br \/>(MAM)<\/li>\n<\/ul>\n<\/div>\n<\/div><\/div><\/div><div id=\"pgc-900-1-3\"  class=\"panel-grid-cell\" ><div id=\"panel-900-1-3-0\" class=\"so-panel widget widget_sow-editor panel-first-child panel-last-child\" data-index=\"4\" ><div\n\t\t\t\n\t\t\tclass=\"so-widget-sow-editor so-widget-sow-editor-base\"\n\t\t\t\n\t\t><h3 class=\"widget-title\">N\u00e1stroje pro UM<\/h3>\n<div class=\"siteorigin-widget-tinymce textwidget\">\n\t<ul>\n<li>Univerz\u00e1ln\u00ed fr\u00e9zovac\u00ed n\u00e1stroj<br \/>(URT)<\/li>\n<li>Popisovac\u00ed n\u00e1stroj<br \/>(UDT)<\/li>\n<\/ul>\n<\/div>\n<\/div><\/div><\/div><\/div><div id=\"pg-900-2\"  class=\"panel-grid panel-no-style\" ><div id=\"pgc-900-2-0\"  class=\"panel-grid-cell\" ><div id=\"panel-900-2-0-0\" class=\"so-panel widget widget_sow-editor panel-first-child panel-last-child\" data-index=\"5\" ><div\n\t\t\t\n\t\t\tclass=\"so-widget-sow-editor so-widget-sow-editor-base\"\n\t\t\t\n\t\t><h3 class=\"widget-title\">Aplikace<\/h3>\n<div class=\"siteorigin-widget-tinymce textwidget\">\n\t\n\t\t<style type=\"text\/css\">\n\t\t\t#gallery-1 {\n\t\t\t\tmargin: auto;\n\t\t\t}\n\t\t\t#gallery-1 .gallery-item {\n\t\t\t\tfloat: left;\n\t\t\t\tmargin-top: 10px;\n\t\t\t\ttext-align: center;\n\t\t\t\twidth: 33%;\n\t\t\t}\n\t\t\t#gallery-1 img {\n\t\t\t\tborder: 2px solid #cfcfcf;\n\t\t\t}\n\t\t\t#gallery-1 .gallery-caption {\n\t\t\t\tmargin-left: 0;\n\t\t\t}\n\t\t\t\/* see gallery_shortcode() in wp-includes\/media.php *\/\n\t\t<\/style>\n\t\t<div id='gallery-1' class='gallery galleryid-900 gallery-columns-3 gallery-size-thumbnail'><dl class='gallery-item'>\n\t\t\t<dt class='gallery-icon landscape'>\n\t\t\t\t<img loading=\"lazy\" decoding=\"async\" width=\"150\" height=\"150\" src=\"https:\/\/www.neotec.cz\/zund\/wp-content\/uploads\/2016\/02\/al2-150x150.png\" class=\"attachment-thumbnail size-thumbnail\" alt=\"\" aria-describedby=\"gallery-1-904\" srcset=\"https:\/\/www.neotec.cz\/zund\/wp-content\/uploads\/2016\/02\/al2-150x150.png 150w, https:\/\/www.neotec.cz\/zund\/wp-content\/uploads\/2016\/02\/al2.png 192w\" sizes=\"auto, (max-width: 150px) 100vw, 150px\" \/>\n\t\t\t<\/dt>\n\t\t\t\t<dd class='wp-caption-text gallery-caption' id='gallery-1-904'>\n\t\t\t\tGrav\u00edrov\u00e1n\u00ed\n\t\t\t\t<\/dd><\/dl><dl class='gallery-item'>\n\t\t\t<dt class='gallery-icon landscape'>\n\t\t\t\t<img loading=\"lazy\" decoding=\"async\" width=\"150\" height=\"150\" src=\"https:\/\/www.neotec.cz\/zund\/wp-content\/uploads\/2016\/02\/al1-150x150.png\" class=\"attachment-thumbnail size-thumbnail\" alt=\"\" aria-describedby=\"gallery-1-903\" srcset=\"https:\/\/www.neotec.cz\/zund\/wp-content\/uploads\/2016\/02\/al1-150x150.png 150w, https:\/\/www.neotec.cz\/zund\/wp-content\/uploads\/2016\/02\/al1.png 192w\" sizes=\"auto, (max-width: 150px) 100vw, 150px\" \/>\n\t\t\t<\/dt>\n\t\t\t\t<dd class='wp-caption-text gallery-caption' id='gallery-1-903'>\n\t\t\t\tZ\u00e1v\u011bsn\u00e9 n\u00e1pisy\n\t\t\t\t<\/dd><\/dl><dl class='gallery-item'>\n\t\t\t<dt class='gallery-icon landscape'>\n\t\t\t\t<img loading=\"lazy\" decoding=\"async\" width=\"150\" height=\"150\" src=\"https:\/\/www.neotec.cz\/zund\/wp-content\/uploads\/2016\/02\/al3-150x150.png\" class=\"attachment-thumbnail size-thumbnail\" alt=\"\" aria-describedby=\"gallery-1-902\" srcset=\"https:\/\/www.neotec.cz\/zund\/wp-content\/uploads\/2016\/02\/al3-150x150.png 150w, https:\/\/www.neotec.cz\/zund\/wp-content\/uploads\/2016\/02\/al3.png 192w\" sizes=\"auto, (max-width: 150px) 100vw, 150px\" \/>\n\t\t\t<\/dt>\n\t\t\t\t<dd class='wp-caption-text gallery-caption' id='gallery-1-902'>\n\t\t\t\tPanely z Dibondu\n\t\t\t\t<\/dd><\/dl><br style=\"clear: both\" \/>\n\t\t<\/div>\n\n<\/div>\n<\/div><\/div><\/div><\/div><\/div>","protected":false},"excerpt":{"rendered":"<p>Aplikace dle materi\u00e1lu &#8211; Hlin\u00edk hlin\u00edk Univerz\u00e1ln\u00ed modul(UM-ZS, UM-S) Fr\u00e9zovac\u00ed modul(RM-A, RM-S) Vykreslovac\u00ed modul(MAM) Univerz\u00e1ln\u00ed fr\u00e9zovac\u00ed n\u00e1stroj(URT) Popisovac\u00ed n\u00e1stroj(UDT)<\/p>\n","protected":false},"author":1,"featured_media":0,"parent":0,"menu_order":0,"comment_status":"closed","ping_status":"closed","template":"templates\/template-full-notitle.php","meta":{"footnotes":""},"class_list":["post-900","page","type-page","status-publish","hentry","post"],"_links":{"self":[{"href":"https:\/\/www.neotec.cz\/zund\/wp-json\/wp\/v2\/pages\/900","targetHints":{"allow":["GET"]}}],"collection":[{"href":"https:\/\/www.neotec.cz\/zund\/wp-json\/wp\/v2\/pages"}],"about":[{"href":"https:\/\/www.neotec.cz\/zund\/wp-json\/wp\/v2\/types\/page"}],"author":[{"embeddable":true,"href":"https:\/\/www.neotec.cz\/zund\/wp-json\/wp\/v2\/users\/1"}],"replies":[{"embeddable":true,"href":"https:\/\/www.neotec.cz\/zund\/wp-json\/wp\/v2\/comments?post=900"}],"version-history":[{"count":4,"href":"https:\/\/www.neotec.cz\/zund\/wp-json\/wp\/v2\/pages\/900\/revisions"}],"predecessor-version":[{"id":911,"href":"https:\/\/www.neotec.cz\/zund\/wp-json\/wp\/v2\/pages\/900\/revisions\/911"}],"wp:attachment":[{"href":"https:\/\/www.neotec.cz\/zund\/wp-json\/wp\/v2\/media?parent=900"}],"curies":[{"name":"wp","href":"https:\/\/api.w.org\/{rel}","templated":true}]}}