{"id":917,"date":"2016-02-25T08:39:48","date_gmt":"2016-02-25T07:39:48","guid":{"rendered":"http:\/\/www.neotec.cz\/zundnew\/?page_id=917"},"modified":"2016-02-25T09:13:31","modified_gmt":"2016-02-25T08:13:31","slug":"appkarton","status":"publish","type":"page","link":"https:\/\/www.neotec.cz\/zund\/appkarton\/","title":{"rendered":"AppKarton"},"content":{"rendered":"<div id=\"pl-917\"  class=\"panel-layout\" ><div id=\"pg-917-0\"  class=\"panel-grid panel-no-style\" ><div id=\"pgc-917-0-0\"  class=\"panel-grid-cell\" ><div id=\"panel-917-0-0-0\" class=\"so-panel widget widget_sow-editor panel-first-child panel-last-child\" data-index=\"0\" ><div\n\t\t\t\n\t\t\tclass=\"so-widget-sow-editor so-widget-sow-editor-base\"\n\t\t\t\n\t\t>\n<div class=\"siteorigin-widget-tinymce textwidget\">\n\t<h1><strong>Aplikace dle materi\u00e1lu - Karton<\/strong><\/h1>\n<\/div>\n<\/div><\/div><\/div><\/div><div id=\"pg-917-1\"  class=\"panel-grid panel-no-style\" ><div id=\"pgc-917-1-0\"  class=\"panel-grid-cell\" ><div id=\"panel-917-1-0-0\" class=\"so-panel widget widget_sow-image panel-first-child panel-last-child\" data-index=\"1\" ><div\n\t\t\t\n\t\t\tclass=\"so-widget-sow-image so-widget-sow-image-default-8b5b6f678277-917\"\n\t\t\t\n\t\t>\n\n<div class=\"sow-image-container\">\n\t\t<img loading=\"lazy\" decoding=\"async\" src=\"https:\/\/www.neotec.cz\/zund\/wp-content\/uploads\/2016\/02\/karton-300x300.png\" width=\"300\" height=\"300\" srcset=\"https:\/\/www.neotec.cz\/zund\/wp-content\/uploads\/2016\/02\/karton-300x300.png 300w, https:\/\/www.neotec.cz\/zund\/wp-content\/uploads\/2016\/02\/karton-150x150.png 150w, https:\/\/www.neotec.cz\/zund\/wp-content\/uploads\/2016\/02\/karton.png 351w\" sizes=\"auto, (max-width: 300px) 100vw, 300px\" alt=\"Karton\" \t\tclass=\"so-widget-image\"\/>\n\t<\/div>\n\n<\/div><\/div><\/div><div id=\"pgc-917-1-1\"  class=\"panel-grid-cell\" ><div id=\"panel-917-1-1-0\" class=\"so-panel widget widget_sow-editor panel-first-child panel-last-child\" data-index=\"2\" ><div\n\t\t\t\n\t\t\tclass=\"so-widget-sow-editor so-widget-sow-editor-base\"\n\t\t\t\n\t\t><h3 class=\"widget-title\">Materi\u00e1ly<\/h3>\n<div class=\"siteorigin-widget-tinymce textwidget\">\n\t<ul>\n<li>karton a vlastnostmi podobn\u00e9 materi\u00e1ly<\/li>\n<\/ul>\n<\/div>\n<\/div><\/div><\/div><div id=\"pgc-917-1-2\"  class=\"panel-grid-cell\" ><div id=\"panel-917-1-2-0\" class=\"so-panel widget widget_sow-editor panel-first-child panel-last-child\" data-index=\"3\" ><div\n\t\t\t\n\t\t\tclass=\"so-widget-sow-editor so-widget-sow-editor-base\"\n\t\t\t\n\t\t><h3 class=\"widget-title\">N\u00e1strojov\u00e9 moduly<\/h3>\n<div class=\"siteorigin-widget-tinymce textwidget\">\n\t<ul>\n<li>Univerz\u00e1ln\u00ed modul (UM)<\/li>\n<li>Vykreslovac\u00ed modul (MAM)<\/li>\n<\/ul>\n<\/div>\n<\/div><\/div><\/div><\/div><div id=\"pg-917-2\"  class=\"panel-grid panel-no-style\" ><div id=\"pgc-917-2-0\"  class=\"panel-grid-cell panel-grid-cell-empty\" ><\/div><div id=\"pgc-917-2-1\"  class=\"panel-grid-cell\" ><div id=\"panel-917-2-1-0\" class=\"so-panel widget widget_sow-editor panel-first-child panel-last-child\" data-index=\"4\" ><div\n\t\t\t\n\t\t\tclass=\"so-widget-sow-editor so-widget-sow-editor-base\"\n\t\t\t\n\t\t><h3 class=\"widget-title\">N\u00e1stroje pro UM<\/h3>\n<div class=\"siteorigin-widget-tinymce textwidget\">\n\t<ul>\n<li>Univerz\u00e1ln\u00ed ta\u017een\u00fd n\u016f\u017e (UCT)<\/li>\n<li>Na\u0159ez\u00e1vac\u00ed\/\u0159ezac\u00ed\u00a0n\u00e1stroj (SCT)<\/li>\n<li>Passpartovac\u00ed n\u00e1stroj (PPT)<\/li>\n<li>N\u00e1stroj pro \u0159ez\u00e1n\u00ed pod \u00fahlem (VCT)<\/li>\n<li>Elektrick\u00fd oscila\u010dn\u00ed n\u00e1stroj (EOT-3, EOT-250)<\/li>\n<li>Pneumatick\u00fd oscila\u010dn\u00ed n\u00e1stroj (POT)<\/li>\n<li>Rylovac\u00ed (bigovac\u00ed) n\u00e1stroj (CTT2)<\/li>\n<li>Popisovac\u00ed n\u00e1stroj (UDT)<\/li>\n<\/ul>\n<\/div>\n<\/div><\/div><\/div><\/div><div id=\"pg-917-3\"  class=\"panel-grid panel-no-style\" ><div id=\"pgc-917-3-0\"  class=\"panel-grid-cell\" ><div id=\"panel-917-3-0-0\" class=\"so-panel widget widget_sow-editor panel-first-child panel-last-child\" data-index=\"5\" ><div\n\t\t\t\n\t\t\tclass=\"so-widget-sow-editor so-widget-sow-editor-base\"\n\t\t\t\n\t\t><h3 class=\"widget-title\">Aplikace<\/h3>\n<div class=\"siteorigin-widget-tinymce textwidget\">\n\t\n\t\t<style type=\"text\/css\">\n\t\t\t#gallery-1 {\n\t\t\t\tmargin: auto;\n\t\t\t}\n\t\t\t#gallery-1 .gallery-item {\n\t\t\t\tfloat: left;\n\t\t\t\tmargin-top: 10px;\n\t\t\t\ttext-align: center;\n\t\t\t\twidth: 25%;\n\t\t\t}\n\t\t\t#gallery-1 img {\n\t\t\t\tborder: 2px solid #cfcfcf;\n\t\t\t}\n\t\t\t#gallery-1 .gallery-caption {\n\t\t\t\tmargin-left: 0;\n\t\t\t}\n\t\t\t\/* see gallery_shortcode() in wp-includes\/media.php *\/\n\t\t<\/style>\n\t\t<div id='gallery-1' class='gallery galleryid-917 gallery-columns-4 gallery-size-thumbnail'><dl class='gallery-item'>\n\t\t\t<dt class='gallery-icon landscape'>\n\t\t\t\t<img loading=\"lazy\" decoding=\"async\" width=\"150\" height=\"150\" src=\"https:\/\/www.neotec.cz\/zund\/wp-content\/uploads\/2016\/02\/karton1-150x150.png\" class=\"attachment-thumbnail size-thumbnail\" alt=\"\" aria-describedby=\"gallery-1-924\" srcset=\"https:\/\/www.neotec.cz\/zund\/wp-content\/uploads\/2016\/02\/karton1-150x150.png 150w, https:\/\/www.neotec.cz\/zund\/wp-content\/uploads\/2016\/02\/karton1.png 192w\" sizes=\"auto, (max-width: 150px) 100vw, 150px\" \/>\n\t\t\t<\/dt>\n\t\t\t\t<dd class='wp-caption-text gallery-caption' id='gallery-1-924'>\n\t\t\t\t3D panely\n\t\t\t\t<\/dd><\/dl><dl class='gallery-item'>\n\t\t\t<dt class='gallery-icon landscape'>\n\t\t\t\t<img loading=\"lazy\" decoding=\"async\" width=\"150\" height=\"150\" src=\"https:\/\/www.neotec.cz\/zund\/wp-content\/uploads\/2016\/02\/karton2-150x150.png\" class=\"attachment-thumbnail size-thumbnail\" alt=\"\" aria-describedby=\"gallery-1-925\" srcset=\"https:\/\/www.neotec.cz\/zund\/wp-content\/uploads\/2016\/02\/karton2-150x150.png 150w, https:\/\/www.neotec.cz\/zund\/wp-content\/uploads\/2016\/02\/karton2.png 192w\" sizes=\"auto, (max-width: 150px) 100vw, 150px\" \/>\n\t\t\t<\/dt>\n\t\t\t\t<dd class='wp-caption-text gallery-caption' id='gallery-1-925'>\n\t\t\t\tKrabi\u010dky\n\t\t\t\t<\/dd><\/dl><dl class='gallery-item'>\n\t\t\t<dt class='gallery-icon landscape'>\n\t\t\t\t<img loading=\"lazy\" decoding=\"async\" width=\"150\" height=\"150\" src=\"https:\/\/www.neotec.cz\/zund\/wp-content\/uploads\/2016\/02\/karton3-150x150.png\" class=\"attachment-thumbnail size-thumbnail\" alt=\"\" aria-describedby=\"gallery-1-926\" srcset=\"https:\/\/www.neotec.cz\/zund\/wp-content\/uploads\/2016\/02\/karton3-150x150.png 150w, https:\/\/www.neotec.cz\/zund\/wp-content\/uploads\/2016\/02\/karton3.png 192w\" sizes=\"auto, (max-width: 150px) 100vw, 150px\" \/>\n\t\t\t<\/dt>\n\t\t\t\t<dd class='wp-caption-text gallery-caption' id='gallery-1-926'>\n\t\t\t\tObaly\n\t\t\t\t<\/dd><\/dl><dl class='gallery-item'>\n\t\t\t<dt class='gallery-icon landscape'>\n\t\t\t\t<img loading=\"lazy\" decoding=\"async\" width=\"150\" height=\"150\" src=\"https:\/\/www.neotec.cz\/zund\/wp-content\/uploads\/2016\/02\/karton4-150x150.png\" class=\"attachment-thumbnail size-thumbnail\" alt=\"\" aria-describedby=\"gallery-1-927\" srcset=\"https:\/\/www.neotec.cz\/zund\/wp-content\/uploads\/2016\/02\/karton4-150x150.png 150w, https:\/\/www.neotec.cz\/zund\/wp-content\/uploads\/2016\/02\/karton4.png 192w\" sizes=\"auto, (max-width: 150px) 100vw, 150px\" \/>\n\t\t\t<\/dt>\n\t\t\t\t<dd class='wp-caption-text gallery-caption' id='gallery-1-927'>\n\t\t\t\tKartot\u00e9kov\u00e9 syst\u00e9my\n\t\t\t\t<\/dd><\/dl><br style=\"clear: both\" \/><dl class='gallery-item'>\n\t\t\t<dt class='gallery-icon landscape'>\n\t\t\t\t<img loading=\"lazy\" decoding=\"async\" width=\"150\" height=\"150\" src=\"https:\/\/www.neotec.cz\/zund\/wp-content\/uploads\/2016\/02\/karton5-150x150.png\" class=\"attachment-thumbnail size-thumbnail\" alt=\"\" aria-describedby=\"gallery-1-928\" srcset=\"https:\/\/www.neotec.cz\/zund\/wp-content\/uploads\/2016\/02\/karton5-150x150.png 150w, https:\/\/www.neotec.cz\/zund\/wp-content\/uploads\/2016\/02\/karton5.png 192w\" sizes=\"auto, (max-width: 150px) 100vw, 150px\" \/>\n\t\t\t<\/dt>\n\t\t\t\t<dd class='wp-caption-text gallery-caption' id='gallery-1-928'>\n\t\t\t\tDesky na dokumenty\n\t\t\t\t<\/dd><\/dl><dl class='gallery-item'>\n\t\t\t<dt class='gallery-icon landscape'>\n\t\t\t\t<img loading=\"lazy\" decoding=\"async\" width=\"150\" height=\"150\" src=\"https:\/\/www.neotec.cz\/zund\/wp-content\/uploads\/2016\/02\/karton6-150x150.png\" class=\"attachment-thumbnail size-thumbnail\" alt=\"\" aria-describedby=\"gallery-1-929\" srcset=\"https:\/\/www.neotec.cz\/zund\/wp-content\/uploads\/2016\/02\/karton6-150x150.png 150w, https:\/\/www.neotec.cz\/zund\/wp-content\/uploads\/2016\/02\/karton6.png 192w\" sizes=\"auto, (max-width: 150px) 100vw, 150px\" \/>\n\t\t\t<\/dt>\n\t\t\t\t<dd class='wp-caption-text gallery-caption' id='gallery-1-929'>\n\t\t\t\tVzorkov\u00e9 krabice\n\t\t\t\t<\/dd><\/dl><dl class='gallery-item'>\n\t\t\t<dt class='gallery-icon landscape'>\n\t\t\t\t<img loading=\"lazy\" decoding=\"async\" width=\"150\" height=\"150\" src=\"https:\/\/www.neotec.cz\/zund\/wp-content\/uploads\/2016\/02\/karton7-150x150.png\" class=\"attachment-thumbnail size-thumbnail\" alt=\"\" aria-describedby=\"gallery-1-930\" srcset=\"https:\/\/www.neotec.cz\/zund\/wp-content\/uploads\/2016\/02\/karton7-150x150.png 150w, https:\/\/www.neotec.cz\/zund\/wp-content\/uploads\/2016\/02\/karton7.png 192w\" sizes=\"auto, (max-width: 150px) 100vw, 150px\" \/>\n\t\t\t<\/dt>\n\t\t\t\t<dd class='wp-caption-text gallery-caption' id='gallery-1-930'>\n\t\t\t\tStojany na zbo\u017e\u00ed\n\t\t\t\t<\/dd><\/dl>\n\t\t\t<br style='clear: both' \/>\n\t\t<\/div>\n\n<\/div>\n<\/div><\/div><\/div><\/div><\/div>","protected":false},"excerpt":{"rendered":"<p>Aplikace dle materi\u00e1lu &#8211; Karton karton a vlastnostmi podobn\u00e9 materi\u00e1ly Univerz\u00e1ln\u00ed modul (UM) Vykreslovac\u00ed modul (MAM)<\/p>\n","protected":false},"author":1,"featured_media":0,"parent":0,"menu_order":0,"comment_status":"closed","ping_status":"closed","template":"templates\/template-full-notitle.php","meta":{"footnotes":""},"class_list":["post-917","page","type-page","status-publish","hentry","post"],"_links":{"self":[{"href":"https:\/\/www.neotec.cz\/zund\/wp-json\/wp\/v2\/pages\/917","targetHints":{"allow":["GET"]}}],"collection":[{"href":"https:\/\/www.neotec.cz\/zund\/wp-json\/wp\/v2\/pages"}],"about":[{"href":"https:\/\/www.neotec.cz\/zund\/wp-json\/wp\/v2\/types\/page"}],"author":[{"embeddable":true,"href":"https:\/\/www.neotec.cz\/zund\/wp-json\/wp\/v2\/users\/1"}],"replies":[{"embeddable":true,"href":"https:\/\/www.neotec.cz\/zund\/wp-json\/wp\/v2\/comments?post=917"}],"version-history":[{"count":9,"href":"https:\/\/www.neotec.cz\/zund\/wp-json\/wp\/v2\/pages\/917\/revisions"}],"predecessor-version":[{"id":936,"href":"https:\/\/www.neotec.cz\/zund\/wp-json\/wp\/v2\/pages\/917\/revisions\/936"}],"wp:attachment":[{"href":"https:\/\/www.neotec.cz\/zund\/wp-json\/wp\/v2\/media?parent=917"}],"curies":[{"name":"wp","href":"https:\/\/api.w.org\/{rel}","templated":true}]}}