{"id":951,"date":"2016-02-25T09:57:21","date_gmt":"2016-02-25T08:57:21","guid":{"rendered":"http:\/\/www.neotec.cz\/zundnew\/?page_id=951"},"modified":"2019-09-19T14:28:07","modified_gmt":"2019-09-19T13:28:07","slug":"applepenky","status":"publish","type":"page","link":"https:\/\/www.neotec.cz\/zund\/applepenky\/","title":{"rendered":"AppLepenky"},"content":{"rendered":"<div id=\"pl-951\"  class=\"panel-layout\" ><div id=\"pg-951-0\"  class=\"panel-grid panel-no-style\" ><div id=\"pgc-951-0-0\"  class=\"panel-grid-cell\" ><div id=\"panel-951-0-0-0\" class=\"so-panel widget widget_sow-editor panel-first-child panel-last-child\" data-index=\"0\" ><div\n\t\t\t\n\t\t\tclass=\"so-widget-sow-editor so-widget-sow-editor-base\"\n\t\t\t\n\t\t>\n<div class=\"siteorigin-widget-tinymce textwidget\">\n\t<h1><strong>Aplikace dle materi\u00e1lu -\u00a0Vlnit\u00e9 lepenky<\/strong><\/h1>\n<\/div>\n<\/div><\/div><\/div><\/div><div id=\"pg-951-1\"  class=\"panel-grid panel-no-style\" ><div id=\"pgc-951-1-0\"  class=\"panel-grid-cell\" ><div id=\"panel-951-1-0-0\" class=\"so-panel widget widget_sow-image panel-first-child panel-last-child\" data-index=\"1\" ><div\n\t\t\t\n\t\t\tclass=\"so-widget-sow-image so-widget-sow-image-default-8b5b6f678277-951\"\n\t\t\t\n\t\t>\n\n<div class=\"sow-image-container\">\n\t\t<img loading=\"lazy\" decoding=\"async\" src=\"https:\/\/www.neotec.cz\/zund\/wp-content\/uploads\/2016\/02\/lepenka-300x300.png\" width=\"300\" height=\"300\" srcset=\"https:\/\/www.neotec.cz\/zund\/wp-content\/uploads\/2016\/02\/lepenka-300x300.png 300w, https:\/\/www.neotec.cz\/zund\/wp-content\/uploads\/2016\/02\/lepenka-150x150.png 150w, https:\/\/www.neotec.cz\/zund\/wp-content\/uploads\/2016\/02\/lepenka.png 351w\" sizes=\"auto, (max-width: 300px) 100vw, 300px\" alt=\"Karton\" \t\tclass=\"so-widget-image\"\/>\n\t<\/div>\n\n<\/div><\/div><\/div><div id=\"pgc-951-1-1\"  class=\"panel-grid-cell\" ><div id=\"panel-951-1-1-0\" class=\"so-panel widget widget_sow-editor panel-first-child panel-last-child\" data-index=\"2\" ><div\n\t\t\t\n\t\t\tclass=\"so-widget-sow-editor so-widget-sow-editor-base\"\n\t\t\t\n\t\t><h3 class=\"widget-title\">Materi\u00e1ly<\/h3>\n<div class=\"siteorigin-widget-tinymce textwidget\">\n\t<ul>\n<li>vlnit\u00e9 lepenky:<br \/>\n(E,EB,B,C,BC, BCA,...)<\/li>\n<\/ul>\n<\/div>\n<\/div><\/div><\/div><div id=\"pgc-951-1-2\"  class=\"panel-grid-cell\" ><div id=\"panel-951-1-2-0\" class=\"so-panel widget widget_sow-editor panel-first-child panel-last-child\" data-index=\"3\" ><div\n\t\t\t\n\t\t\tclass=\"so-widget-sow-editor so-widget-sow-editor-base\"\n\t\t\t\n\t\t><h3 class=\"widget-title\">N\u00e1strojov\u00e9 moduly<\/h3>\n<div class=\"siteorigin-widget-tinymce textwidget\">\n\t<ul>\n<li>Univerz\u00e1ln\u00ed modul (UM)<\/li>\n<li>Vykreslovac\u00ed modul (MAM)<\/li>\n<\/ul>\n<\/div>\n<\/div><\/div><\/div><\/div><div id=\"pg-951-2\"  class=\"panel-grid panel-no-style\" ><div id=\"pgc-951-2-0\"  class=\"panel-grid-cell panel-grid-cell-empty\" ><\/div><div id=\"pgc-951-2-1\"  class=\"panel-grid-cell\" ><div id=\"panel-951-2-1-0\" class=\"so-panel widget widget_sow-editor panel-first-child panel-last-child\" data-index=\"4\" ><div\n\t\t\t\n\t\t\tclass=\"so-widget-sow-editor so-widget-sow-editor-base\"\n\t\t\t\n\t\t><h3 class=\"widget-title\">N\u00e1stroje pro UM<\/h3>\n<div class=\"siteorigin-widget-tinymce textwidget\">\n\t<ul>\n<li>Univerz\u00e1ln\u00ed ta\u017een\u00fd n\u016f\u017e (UCT)<\/li>\n<li>Na\u0159ez\u00e1vac\u00ed\/\u0159ezac\u00ed\u00a0n\u00e1stroj (SCT)<\/li>\n<li>Elektrick\u00fd oscila\u010dn\u00ed n\u00e1stroj (EOT-250)<\/li>\n<li>Pneumatick\u00fd oscila\u010dn\u00ed n\u00e1stroj (POT)<\/li>\n<li>Rylovac\u00ed (bigovac\u00ed) n\u00e1stroj (CTT1, CTT3)<\/li>\n<li>Popisovac\u00ed n\u00e1stroj (UDT)<\/li>\n<li>Ta\u017een\u00fd perfora\u010dn\u00ed n\u00e1stroj (PTT1)<\/li>\n<li>N\u00e1stroj pro \u0159ez\u00e1n\u00ed vlnit\u00e9 lepenky (PCT)<\/li>\n<\/ul>\n<\/div>\n<\/div><\/div><\/div><\/div><div id=\"pg-951-3\"  class=\"panel-grid panel-no-style\" ><div id=\"pgc-951-3-0\"  class=\"panel-grid-cell\" ><div id=\"panel-951-3-0-0\" class=\"so-panel widget widget_sow-editor panel-first-child panel-last-child\" data-index=\"5\" ><div\n\t\t\t\n\t\t\tclass=\"so-widget-sow-editor so-widget-sow-editor-base\"\n\t\t\t\n\t\t><h3 class=\"widget-title\">Aplikace<\/h3>\n<div class=\"siteorigin-widget-tinymce textwidget\">\n\t\n\t\t<style type=\"text\/css\">\n\t\t\t#gallery-1 {\n\t\t\t\tmargin: auto;\n\t\t\t}\n\t\t\t#gallery-1 .gallery-item {\n\t\t\t\tfloat: left;\n\t\t\t\tmargin-top: 10px;\n\t\t\t\ttext-align: center;\n\t\t\t\twidth: 25%;\n\t\t\t}\n\t\t\t#gallery-1 img {\n\t\t\t\tborder: 2px solid #cfcfcf;\n\t\t\t}\n\t\t\t#gallery-1 .gallery-caption {\n\t\t\t\tmargin-left: 0;\n\t\t\t}\n\t\t\t\/* see gallery_shortcode() in wp-includes\/media.php *\/\n\t\t<\/style>\n\t\t<div id='gallery-1' class='gallery galleryid-951 gallery-columns-4 gallery-size-thumbnail'><dl class='gallery-item'>\n\t\t\t<dt class='gallery-icon landscape'>\n\t\t\t\t<img loading=\"lazy\" decoding=\"async\" width=\"150\" height=\"150\" src=\"https:\/\/www.neotec.cz\/zund\/wp-content\/uploads\/2016\/02\/lep1-150x150.png\" class=\"attachment-thumbnail size-thumbnail\" alt=\"\" aria-describedby=\"gallery-1-958\" srcset=\"https:\/\/www.neotec.cz\/zund\/wp-content\/uploads\/2016\/02\/lep1-150x150.png 150w, https:\/\/www.neotec.cz\/zund\/wp-content\/uploads\/2016\/02\/lep1.png 192w\" sizes=\"auto, (max-width: 150px) 100vw, 150px\" \/>\n\t\t\t<\/dt>\n\t\t\t\t<dd class='wp-caption-text gallery-caption' id='gallery-1-958'>\n\t\t\t\tP\u0159edti\u0161t\u011bn\u00e9 obaly\n\t\t\t\t<\/dd><\/dl><dl class='gallery-item'>\n\t\t\t<dt class='gallery-icon landscape'>\n\t\t\t\t<img loading=\"lazy\" decoding=\"async\" width=\"150\" height=\"150\" src=\"https:\/\/www.neotec.cz\/zund\/wp-content\/uploads\/2016\/02\/lep2-150x150.png\" class=\"attachment-thumbnail size-thumbnail\" alt=\"\" aria-describedby=\"gallery-1-959\" srcset=\"https:\/\/www.neotec.cz\/zund\/wp-content\/uploads\/2016\/02\/lep2-150x150.png 150w, https:\/\/www.neotec.cz\/zund\/wp-content\/uploads\/2016\/02\/lep2.png 192w\" sizes=\"auto, (max-width: 150px) 100vw, 150px\" \/>\n\t\t\t<\/dt>\n\t\t\t\t<dd class='wp-caption-text gallery-caption' id='gallery-1-959'>\n\t\t\t\tKrabice z 3 -vrstv\u00e9 lepenky\n\t\t\t\t<\/dd><\/dl><dl class='gallery-item'>\n\t\t\t<dt class='gallery-icon landscape'>\n\t\t\t\t<img loading=\"lazy\" decoding=\"async\" width=\"150\" height=\"150\" src=\"https:\/\/www.neotec.cz\/zund\/wp-content\/uploads\/2016\/02\/lep3-150x150.png\" class=\"attachment-thumbnail size-thumbnail\" alt=\"\" aria-describedby=\"gallery-1-960\" srcset=\"https:\/\/www.neotec.cz\/zund\/wp-content\/uploads\/2016\/02\/lep3-150x150.png 150w, https:\/\/www.neotec.cz\/zund\/wp-content\/uploads\/2016\/02\/lep3.png 192w\" sizes=\"auto, (max-width: 150px) 100vw, 150px\" \/>\n\t\t\t<\/dt>\n\t\t\t\t<dd class='wp-caption-text gallery-caption' id='gallery-1-960'>\n\t\t\t\tPoutac\u00ed panely\n\t\t\t\t<\/dd><\/dl><dl class='gallery-item'>\n\t\t\t<dt class='gallery-icon landscape'>\n\t\t\t\t<img loading=\"lazy\" decoding=\"async\" width=\"150\" height=\"150\" src=\"https:\/\/www.neotec.cz\/zund\/wp-content\/uploads\/2016\/02\/lep4-150x150.png\" class=\"attachment-thumbnail size-thumbnail\" alt=\"\" aria-describedby=\"gallery-1-961\" srcset=\"https:\/\/www.neotec.cz\/zund\/wp-content\/uploads\/2016\/02\/lep4-150x150.png 150w, https:\/\/www.neotec.cz\/zund\/wp-content\/uploads\/2016\/02\/lep4.png 192w\" sizes=\"auto, (max-width: 150px) 100vw, 150px\" \/>\n\t\t\t<\/dt>\n\t\t\t\t<dd class='wp-caption-text gallery-caption' id='gallery-1-961'>\n\t\t\t\tObaly s p\u011bnovou vyst\u00fdlkou\n\t\t\t\t<\/dd><\/dl><br style=\"clear: both\" \/><dl class='gallery-item'>\n\t\t\t<dt class='gallery-icon landscape'>\n\t\t\t\t<img loading=\"lazy\" decoding=\"async\" width=\"150\" height=\"150\" src=\"https:\/\/www.neotec.cz\/zund\/wp-content\/uploads\/2016\/02\/lep5-150x150.png\" class=\"attachment-thumbnail size-thumbnail\" alt=\"\" aria-describedby=\"gallery-1-962\" srcset=\"https:\/\/www.neotec.cz\/zund\/wp-content\/uploads\/2016\/02\/lep5-150x150.png 150w, https:\/\/www.neotec.cz\/zund\/wp-content\/uploads\/2016\/02\/lep5.png 192w\" sizes=\"auto, (max-width: 150px) 100vw, 150px\" \/>\n\t\t\t<\/dt>\n\t\t\t\t<dd class='wp-caption-text gallery-caption' id='gallery-1-962'>\n\t\t\t\tTvarov\u00e9 vlo\u017eky do obal\u016f\n\t\t\t\t<\/dd><\/dl><dl class='gallery-item'>\n\t\t\t<dt class='gallery-icon landscape'>\n\t\t\t\t<img loading=\"lazy\" decoding=\"async\" width=\"150\" height=\"150\" src=\"https:\/\/www.neotec.cz\/zund\/wp-content\/uploads\/2016\/02\/lep6-150x150.png\" class=\"attachment-thumbnail size-thumbnail\" alt=\"\" aria-describedby=\"gallery-1-963\" srcset=\"https:\/\/www.neotec.cz\/zund\/wp-content\/uploads\/2016\/02\/lep6-150x150.png 150w, https:\/\/www.neotec.cz\/zund\/wp-content\/uploads\/2016\/02\/lep6.png 192w\" sizes=\"auto, (max-width: 150px) 100vw, 150px\" \/>\n\t\t\t<\/dt>\n\t\t\t\t<dd class='wp-caption-text gallery-caption' id='gallery-1-963'>\n\t\t\t\tN\u00e1bytek\n\t\t\t\t<\/dd><\/dl><dl class='gallery-item'>\n\t\t\t<dt class='gallery-icon landscape'>\n\t\t\t\t<img loading=\"lazy\" decoding=\"async\" width=\"150\" height=\"150\" src=\"https:\/\/www.neotec.cz\/zund\/wp-content\/uploads\/2016\/02\/lep7-150x150.png\" class=\"attachment-thumbnail size-thumbnail\" alt=\"\" aria-describedby=\"gallery-1-964\" srcset=\"https:\/\/www.neotec.cz\/zund\/wp-content\/uploads\/2016\/02\/lep7-150x150.png 150w, https:\/\/www.neotec.cz\/zund\/wp-content\/uploads\/2016\/02\/lep7.png 192w\" sizes=\"auto, (max-width: 150px) 100vw, 150px\" \/>\n\t\t\t<\/dt>\n\t\t\t\t<dd class='wp-caption-text gallery-caption' id='gallery-1-964'>\n\t\t\t\tVelk\u00e9 krabice\n\t\t\t\t<\/dd><\/dl>\n\t\t\t<br style='clear: both' \/>\n\t\t<\/div>\n\n<\/div>\n<\/div><\/div><\/div><\/div><\/div>","protected":false},"excerpt":{"rendered":"<p>Aplikace dle materi\u00e1lu &#8211;\u00a0Vlnit\u00e9 lepenky vlnit\u00e9 lepenky: (E,EB,B,C,BC, BCA,&#8230;) Univerz\u00e1ln\u00ed modul (UM) Vykreslovac\u00ed modul (MAM)<\/p>\n","protected":false},"author":1,"featured_media":0,"parent":0,"menu_order":0,"comment_status":"closed","ping_status":"closed","template":"templates\/template-full-notitle.php","meta":{"footnotes":""},"class_list":["post-951","page","type-page","status-publish","hentry","post"],"_links":{"self":[{"href":"https:\/\/www.neotec.cz\/zund\/wp-json\/wp\/v2\/pages\/951","targetHints":{"allow":["GET"]}}],"collection":[{"href":"https:\/\/www.neotec.cz\/zund\/wp-json\/wp\/v2\/pages"}],"about":[{"href":"https:\/\/www.neotec.cz\/zund\/wp-json\/wp\/v2\/types\/page"}],"author":[{"embeddable":true,"href":"https:\/\/www.neotec.cz\/zund\/wp-json\/wp\/v2\/users\/1"}],"replies":[{"embeddable":true,"href":"https:\/\/www.neotec.cz\/zund\/wp-json\/wp\/v2\/comments?post=951"}],"version-history":[{"count":6,"href":"https:\/\/www.neotec.cz\/zund\/wp-json\/wp\/v2\/pages\/951\/revisions"}],"predecessor-version":[{"id":1957,"href":"https:\/\/www.neotec.cz\/zund\/wp-json\/wp\/v2\/pages\/951\/revisions\/1957"}],"wp:attachment":[{"href":"https:\/\/www.neotec.cz\/zund\/wp-json\/wp\/v2\/media?parent=951"}],"curies":[{"name":"wp","href":"https:\/\/api.w.org\/{rel}","templated":true}]}}