{"id":977,"date":"2016-02-25T10:25:48","date_gmt":"2016-02-25T09:25:48","guid":{"rendered":"http:\/\/www.neotec.cz\/zundnew\/?page_id=977"},"modified":"2016-02-25T15:18:05","modified_gmt":"2016-02-25T14:18:05","slug":"appguma","status":"publish","type":"page","link":"https:\/\/www.neotec.cz\/zund\/appguma\/","title":{"rendered":"AppGuma"},"content":{"rendered":"<div id=\"pl-977\"  class=\"panel-layout\" ><div id=\"pg-977-0\"  class=\"panel-grid panel-no-style\" ><div id=\"pgc-977-0-0\"  class=\"panel-grid-cell\" ><div id=\"panel-977-0-0-0\" class=\"so-panel widget widget_sow-editor panel-first-child panel-last-child\" data-index=\"0\" ><div\n\t\t\t\n\t\t\tclass=\"so-widget-sow-editor so-widget-sow-editor-base\"\n\t\t\t\n\t\t>\n<div class=\"siteorigin-widget-tinymce textwidget\">\n\t<h1><strong>Aplikace dle materi\u00e1lu -\u00a0Pry\u017eov\u00e9 materi\u00e1ly<\/strong><\/h1>\n<\/div>\n<\/div><\/div><\/div><\/div><div id=\"pg-977-1\"  class=\"panel-grid panel-no-style\" ><div id=\"pgc-977-1-0\"  class=\"panel-grid-cell\" ><div id=\"panel-977-1-0-0\" class=\"so-panel widget widget_sow-image panel-first-child panel-last-child\" data-index=\"1\" ><div\n\t\t\t\n\t\t\tclass=\"so-widget-sow-image so-widget-sow-image-default-8b5b6f678277-977\"\n\t\t\t\n\t\t>\n\n<div class=\"sow-image-container\">\n\t\t<img loading=\"lazy\" decoding=\"async\" src=\"https:\/\/www.neotec.cz\/zund\/wp-content\/uploads\/2016\/02\/guma.png\" width=\"351\" height=\"351\" srcset=\"https:\/\/www.neotec.cz\/zund\/wp-content\/uploads\/2016\/02\/guma.png 351w, https:\/\/www.neotec.cz\/zund\/wp-content\/uploads\/2016\/02\/guma-150x150.png 150w, https:\/\/www.neotec.cz\/zund\/wp-content\/uploads\/2016\/02\/guma-300x300.png 300w\" sizes=\"auto, (max-width: 351px) 100vw, 351px\" alt=\"guma\" \t\tclass=\"so-widget-image\"\/>\n\t<\/div>\n\n<\/div><\/div><\/div><div id=\"pgc-977-1-1\"  class=\"panel-grid-cell\" ><div id=\"panel-977-1-1-0\" class=\"so-panel widget widget_sow-editor panel-first-child panel-last-child\" data-index=\"2\" ><div\n\t\t\t\n\t\t\tclass=\"so-widget-sow-editor so-widget-sow-editor-base\"\n\t\t\t\n\t\t><h3 class=\"widget-title\">Materi\u00e1ly<\/h3>\n<div class=\"siteorigin-widget-tinymce textwidget\">\n\t<ul>\n<li>silikonov\u00e9 materi\u00e1ly<\/li>\n<li>p\u0159\u00edrodn\u00ed pry\u017ee<\/li>\n<li>tvrd\u00e9 pry\u017ee<\/li>\n<li>latexov\u00e9 f\u00f3lie<\/li>\n<li>por\u00e9zn\u00ed (celov\u00e9) pry\u017ee<\/li>\n<li>gumov\u00e9 p\u011bny<\/li>\n<\/ul>\n<\/div>\n<\/div><\/div><\/div><div id=\"pgc-977-1-2\"  class=\"panel-grid-cell\" ><div id=\"panel-977-1-2-0\" class=\"so-panel widget widget_sow-editor panel-first-child panel-last-child\" data-index=\"3\" ><div\n\t\t\t\n\t\t\tclass=\"so-widget-sow-editor so-widget-sow-editor-base\"\n\t\t\t\n\t\t><h3 class=\"widget-title\">N\u00e1strojov\u00e9 moduly<\/h3>\n<div class=\"siteorigin-widget-tinymce textwidget\">\n\t<ul>\n<li>Univerz\u00e1ln\u00ed modul<br \/>(UM)<\/li>\n<li>Vykreslovac\u00ed modul<br \/>(MAM)<\/li>\n<\/ul>\n<\/div>\n<\/div><\/div><\/div><div id=\"pgc-977-1-3\"  class=\"panel-grid-cell\" ><div id=\"panel-977-1-3-0\" class=\"so-panel widget widget_sow-editor panel-first-child panel-last-child\" data-index=\"4\" ><div\n\t\t\t\n\t\t\tclass=\"so-widget-sow-editor so-widget-sow-editor-base\"\n\t\t\t\n\t\t><h3 class=\"widget-title\">N\u00e1stroje pro UM<\/h3>\n<div class=\"siteorigin-widget-tinymce textwidget\">\n\t<ul>\n<li>Elektrick\u00fd oscila\u010dn\u00ed n\u00e1stroj <br \/>(EOT-250, POT)<\/li>\n<li>Popisovac\u00ed n\u00e1stroj<br \/>(UDT)<\/li>\n<\/ul>\n<\/div>\n<\/div><\/div><\/div><\/div><div id=\"pg-977-2\"  class=\"panel-grid panel-no-style\" ><div id=\"pgc-977-2-0\"  class=\"panel-grid-cell\" ><div id=\"panel-977-2-0-0\" class=\"so-panel widget widget_sow-editor panel-first-child panel-last-child\" data-index=\"5\" ><div\n\t\t\t\n\t\t\tclass=\"so-widget-sow-editor so-widget-sow-editor-base\"\n\t\t\t\n\t\t><h3 class=\"widget-title\">Aplikace<\/h3>\n<div class=\"siteorigin-widget-tinymce textwidget\">\n\t\n\t\t<style type=\"text\/css\">\n\t\t\t#gallery-1 {\n\t\t\t\tmargin: auto;\n\t\t\t}\n\t\t\t#gallery-1 .gallery-item {\n\t\t\t\tfloat: left;\n\t\t\t\tmargin-top: 10px;\n\t\t\t\ttext-align: center;\n\t\t\t\twidth: 25%;\n\t\t\t}\n\t\t\t#gallery-1 img {\n\t\t\t\tborder: 2px solid #cfcfcf;\n\t\t\t}\n\t\t\t#gallery-1 .gallery-caption {\n\t\t\t\tmargin-left: 0;\n\t\t\t}\n\t\t\t\/* see gallery_shortcode() in wp-includes\/media.php *\/\n\t\t<\/style>\n\t\t<div id='gallery-1' class='gallery galleryid-977 gallery-columns-4 gallery-size-thumbnail'><dl class='gallery-item'>\n\t\t\t<dt class='gallery-icon landscape'>\n\t\t\t\t<img loading=\"lazy\" decoding=\"async\" width=\"150\" height=\"150\" src=\"https:\/\/www.neotec.cz\/zund\/wp-content\/uploads\/2016\/02\/gum1-150x150.png\" class=\"attachment-thumbnail size-thumbnail\" alt=\"\" aria-describedby=\"gallery-1-981\" srcset=\"https:\/\/www.neotec.cz\/zund\/wp-content\/uploads\/2016\/02\/gum1-150x150.png 150w, https:\/\/www.neotec.cz\/zund\/wp-content\/uploads\/2016\/02\/gum1.png 192w\" sizes=\"auto, (max-width: 150px) 100vw, 150px\" \/>\n\t\t\t<\/dt>\n\t\t\t\t<dd class='wp-caption-text gallery-caption' id='gallery-1-981'>\n\t\t\t\tPry\u017eov\u00e9 puzzle\n\t\t\t\t<\/dd><\/dl><dl class='gallery-item'>\n\t\t\t<dt class='gallery-icon landscape'>\n\t\t\t\t<img loading=\"lazy\" decoding=\"async\" width=\"150\" height=\"150\" src=\"https:\/\/www.neotec.cz\/zund\/wp-content\/uploads\/2016\/02\/gum2-150x150.png\" class=\"attachment-thumbnail size-thumbnail\" alt=\"\" aria-describedby=\"gallery-1-982\" srcset=\"https:\/\/www.neotec.cz\/zund\/wp-content\/uploads\/2016\/02\/gum2-150x150.png 150w, https:\/\/www.neotec.cz\/zund\/wp-content\/uploads\/2016\/02\/gum2.png 192w\" sizes=\"auto, (max-width: 150px) 100vw, 150px\" \/>\n\t\t\t<\/dt>\n\t\t\t\t<dd class='wp-caption-text gallery-caption' id='gallery-1-982'>\n\t\t\t\tPodr\u00e1\u017eky\n\t\t\t\t<\/dd><\/dl><dl class='gallery-item'>\n\t\t\t<dt class='gallery-icon landscape'>\n\t\t\t\t<img loading=\"lazy\" decoding=\"async\" width=\"150\" height=\"150\" src=\"https:\/\/www.neotec.cz\/zund\/wp-content\/uploads\/2016\/02\/gum3-150x150.png\" class=\"attachment-thumbnail size-thumbnail\" alt=\"\" aria-describedby=\"gallery-1-983\" srcset=\"https:\/\/www.neotec.cz\/zund\/wp-content\/uploads\/2016\/02\/gum3-150x150.png 150w, https:\/\/www.neotec.cz\/zund\/wp-content\/uploads\/2016\/02\/gum3.png 192w\" sizes=\"auto, (max-width: 150px) 100vw, 150px\" \/>\n\t\t\t<\/dt>\n\t\t\t\t<dd class='wp-caption-text gallery-caption' id='gallery-1-983'>\n\t\t\t\t\u010c\u00e1sti v\u00fdsekov\u00fdch n\u00e1stroj\u016f\n\t\t\t\t<\/dd><\/dl><dl class='gallery-item'>\n\t\t\t<dt class='gallery-icon landscape'>\n\t\t\t\t<img loading=\"lazy\" decoding=\"async\" width=\"150\" height=\"150\" src=\"https:\/\/www.neotec.cz\/zund\/wp-content\/uploads\/2016\/02\/gum4-150x150.png\" class=\"attachment-thumbnail size-thumbnail\" alt=\"\" aria-describedby=\"gallery-1-984\" srcset=\"https:\/\/www.neotec.cz\/zund\/wp-content\/uploads\/2016\/02\/gum4-150x150.png 150w, https:\/\/www.neotec.cz\/zund\/wp-content\/uploads\/2016\/02\/gum4.png 192w\" sizes=\"auto, (max-width: 150px) 100vw, 150px\" \/>\n\t\t\t<\/dt>\n\t\t\t\t<dd class='wp-caption-text gallery-caption' id='gallery-1-984'>\n\t\t\t\tTuristick\u00e1 obuv\n\t\t\t\t<\/dd><\/dl><br style=\"clear: both\" \/><dl class='gallery-item'>\n\t\t\t<dt class='gallery-icon landscape'>\n\t\t\t\t<img loading=\"lazy\" decoding=\"async\" width=\"150\" height=\"150\" src=\"https:\/\/www.neotec.cz\/zund\/wp-content\/uploads\/2016\/02\/gum5-150x150.png\" class=\"attachment-thumbnail size-thumbnail\" alt=\"\" aria-describedby=\"gallery-1-989\" srcset=\"https:\/\/www.neotec.cz\/zund\/wp-content\/uploads\/2016\/02\/gum5-150x150.png 150w, https:\/\/www.neotec.cz\/zund\/wp-content\/uploads\/2016\/02\/gum5.png 192w\" sizes=\"auto, (max-width: 150px) 100vw, 150px\" \/>\n\t\t\t<\/dt>\n\t\t\t\t<dd class='wp-caption-text gallery-caption' id='gallery-1-989'>\n\t\t\t\tT\u011bsn\u011bn\u00ed st\u0159ech\n\t\t\t\t<\/dd><\/dl>\n\t\t\t<br style='clear: both' \/>\n\t\t<\/div>\n\n<\/div>\n<\/div><\/div><\/div><\/div><\/div>","protected":false},"excerpt":{"rendered":"<p>Aplikace dle materi\u00e1lu &#8211;\u00a0Pry\u017eov\u00e9 materi\u00e1ly silikonov\u00e9 materi\u00e1lyp\u0159\u00edrodn\u00ed pry\u017eetvrd\u00e9 pry\u017eelatexov\u00e9 f\u00f3liepor\u00e9zn\u00ed (celov\u00e9) pry\u017eegumov\u00e9 p\u011bny Univerz\u00e1ln\u00ed modul(UM) Vykreslovac\u00ed modul(MAM) Elektrick\u00fd oscila\u010dn\u00ed n\u00e1stroj (EOT-250, POT) Popisovac\u00ed n\u00e1stroj(UDT)<\/p>\n","protected":false},"author":1,"featured_media":0,"parent":0,"menu_order":0,"comment_status":"closed","ping_status":"closed","template":"templates\/template-full-notitle.php","meta":{"footnotes":""},"class_list":["post-977","page","type-page","status-publish","hentry","post"],"_links":{"self":[{"href":"https:\/\/www.neotec.cz\/zund\/wp-json\/wp\/v2\/pages\/977","targetHints":{"allow":["GET"]}}],"collection":[{"href":"https:\/\/www.neotec.cz\/zund\/wp-json\/wp\/v2\/pages"}],"about":[{"href":"https:\/\/www.neotec.cz\/zund\/wp-json\/wp\/v2\/types\/page"}],"author":[{"embeddable":true,"href":"https:\/\/www.neotec.cz\/zund\/wp-json\/wp\/v2\/users\/1"}],"replies":[{"embeddable":true,"href":"https:\/\/www.neotec.cz\/zund\/wp-json\/wp\/v2\/comments?post=977"}],"version-history":[{"count":3,"href":"https:\/\/www.neotec.cz\/zund\/wp-json\/wp\/v2\/pages\/977\/revisions"}],"predecessor-version":[{"id":992,"href":"https:\/\/www.neotec.cz\/zund\/wp-json\/wp\/v2\/pages\/977\/revisions\/992"}],"wp:attachment":[{"href":"https:\/\/www.neotec.cz\/zund\/wp-json\/wp\/v2\/media?parent=977"}],"curies":[{"name":"wp","href":"https:\/\/api.w.org\/{rel}","templated":true}]}}